{"id":77000,"date":"2024-04-27T12:56:25","date_gmt":"2024-04-27T10:56:25","guid":{"rendered":"https:\/\/clavreuil-wordpress.logiciel-arteo.fr\/gavarni-illustrateur-le-diable-a-paris-paris-et-les-parisiens-moeurs-et-coutumes-caracteres-et-portraits-des-habitants-de-paris-tableau-complet-de-leur-vie-privee-publique-politique-artist\/"},"modified":"2024-05-31T16:37:34","modified_gmt":"2024-05-31T14:37:34","slug":"gavarni-illustrateur-le-diable-a-paris-paris-et-les-parisiens-moeurs-et-coutumes-caracteres-et-portraits-des-habitants-de-paris-tableau-complet-de-leur-vie-privee-publique-politique-artist","status":"publish","type":"product","link":"https:\/\/www.librairieclavreuil.com\/en\/gavarni-illustrateur-le-diable-a-paris-paris-et-les-parisiens-moeurs-et-coutumes-caracteres-et-portraits-des-habitants-de-paris-tableau-complet-de-leur-vie-privee-publique-politique-artist\/","title":{"rendered":"GAVARNI (illustrateur) Sulpice-Guillaume Chevallier dit Le Diable \u00e0..."},"content":{"rendered":"<p style=\"text-align:justify\"><i>Carteret, III, 203-207 ; Vicaire, III, 241-245 ; Ray, 236.<\/i><\/p>\n<p><span style=\"font-variant:small-caps\">First edition.<\/span><\/p>\n<p style=\"text-align:justify\">A first issue copy (with the exception of the covers, the spine of which is undated and the second cover of which does not include the bookseller&#8217;s catalogue).<\/p>\n<p style=\"text-align:justify\">The plate <i>Le Sculpteur de cimeti\u00e8res<\/i> (volume I, p. 84) is here numbered 2 as indicated by Carteret.<\/p>\n<p style=\"text-align:justify\">This magnificent work, published in 106 issues, was written by many well-known literary figures, including George Sand, Charles Nodier, Honor\u00e9 de Balzac, Alphonse Karr, G\u00e9rard de Nerval, Th\u00e9ophile Gautier and Alfred de Musset, to name but a few.<\/p>\n<p style=\"text-align:justify\">The rich illustrations comprise 212 plates (including the frontispiece; all by Gavarni, except for 4 in volume II by Bertall) and almost 800 engravings in the text.<\/p>\n<p style=\"text-align:justify\">&#8220;The major attraction of <i>Le Diable \u00e0 Paris<\/i> resides in Gavarni&#8221;s plates, which are of even greater interest than the 320 wood engravings of his<i> Oeuvres choisies<\/i>. The engraving is superior for the most part, and they are new conceptions, not versions of his lithographs\u2026 Bertall, on the other hand, outdid himself in the variety and wit with which he commented on instances of diabolical intervention, beginning with his opening conception of the Hellish boredom from which the Devil was escaping. His designs make <i>Le Diable \u00e0 Paris<\/i> the culmination of the Romantic tradition of diablerie, which began with the lithographic albums in 1820\u2019s. It is also the last of the big books of collaborative illustration\u201d (Ray).<\/p>\n<p style=\"text-align:justify\">This copy is enriched with the 4-page prospectus bound at the end of volume I.<\/p>\n<p style=\"text-align:justify\">A very fine copy with very wide margins, complete with its 212 plates.<\/p>\n","protected":false},"excerpt":{"rendered":"<p>2 large 8vo volumes (276 x 188 mm) 1 frontispiece, 2 unn.l., XXXII, 380 pp., 99 engraved plates for the volume I ; 2 unn.l., LXXX, 364 pp., 112 engraved plates for the&nbsp; volume II. Long-grained red morocco, blind and gilt filet framing covers, flat gilt decorated spine, gilt head, original cover and illustrated spine preserved (<i>F. Saulnier)<\/i>.<\/p>\n","protected":false},"featured_media":76975,"comment_status":"open","ping_status":"closed","template":"","meta":{"_acf_changed":false},"product_brand":[],"product_cat":[544],"product_tag":[604,598,1450,1236],"class_list":{"0":"post-77000","1":"product","2":"type-product","3":"status-publish","4":"has-post-thumbnail","6":"product_cat-literature","7":"product_tag-19th-century-illustrations","8":"product_tag-19th-century-literature","9":"product_tag-first-edition","10":"product_tag-illustrations-2","11":"pa_auteur-gavarni-illustrateur-sulpice-guillaume-chevallier-dit-2","12":"pa_type-de-livre-printed-book","14":"first","15":"instock","16":"shipping-taxable","17":"purchasable","18":"product-type-simple"},"acf":{"artist":"Sulpice-Guillaume Chevallier dit GAVARNI (illustrateur)","chapeau":"","adresse_bibliographique":"Paris, imprimerie Lacrampe pour J. Hetzel, 1845-1846","book_type":"Printed book","provenance":"Provenance : Chateau de Rosny \"La Solitude\" (book plate and library label).","afficher_prix":""},"yoast_head":"<!-- This site is optimized with the Yoast SEO plugin v24.7 - https:\/\/yoast.com\/wordpress\/plugins\/seo\/ -->\n<title>GAVARNI (illustrateur) Sulpice-Guillaume Chevallier dit Le Diable \u00e0 Paris - Paris et les Parisiens - Moeurs et coutumes, caract\u00e8res et portraits des habitants de Paris, tableau complet de leur vie priv\u00e9e, publique, politique, artistique, litt\u00e9raire, industrielle, etc.etc. - Libairie Clavreuil<\/title>\n<meta name=\"robots\" content=\"index, follow, max-snippet:-1, max-image-preview:large, max-video-preview:-1\" \/>\n<link rel=\"canonical\" href=\"https:\/\/www.librairieclavreuil.com\/produit\/gavarni-illustrateur-le-diable-a-paris-paris-et-les-parisiens-moeurs-et-coutumes-caracteres-et-portraits-des-habitants-de-paris-tableau-complet-de-leur-vie-privee-publique-politique-artist\/\" \/>\n<meta property=\"og:locale\" content=\"en_US\" \/>\n<meta property=\"og:type\" content=\"article\" \/>\n<meta property=\"og:title\" content=\"GAVARNI (illustrateur) Sulpice-Guillaume Chevallier dit Le Diable \u00e0 Paris - Paris et les Parisiens - Moeurs et coutumes, caract\u00e8res et portraits des habitants de Paris, tableau complet de leur vie priv\u00e9e, publique, politique, artistique, litt\u00e9raire, industrielle, etc.etc. - Libairie Clavreuil\" \/>\n<meta property=\"og:description\" content=\"2 large 8vo volumes (276 x 188 mm) 1 frontispiece, 2 unn.l., XXXII, 380 pp., 99 engraved plates for the volume I ; 2 unn.l., LXXX, 364 pp., 112 engraved plates for the&nbsp; volume II. Long-grained red morocco, blind and gilt filet framing covers, flat gilt decorated spine, gilt head, original cover and illustrated spine preserved (F. Saulnier).\" \/>\n<meta property=\"og:url\" content=\"https:\/\/www.librairieclavreuil.com\/produit\/gavarni-illustrateur-le-diable-a-paris-paris-et-les-parisiens-moeurs-et-coutumes-caracteres-et-portraits-des-habitants-de-paris-tableau-complet-de-leur-vie-privee-publique-politique-artist\/\" \/>\n<meta property=\"og:site_name\" content=\"Libairie Clavreuil\" \/>\n<meta property=\"article:modified_time\" content=\"2024-05-31T14:37:34+00:00\" \/>\n<meta property=\"og:image\" content=\"https:\/\/www.librairieclavreuil.com\/wp-content\/uploads\/2024\/04\/gavarni-illustrateur-le-diable-a-paris-paris-et-les-parisiens-moeurs-et-coutumes-caracteres-et-portraits-des-habitants-de-paris-tableau-complet-de-leu.jpg\" \/>\n\t<meta property=\"og:image:width\" content=\"616\" \/>\n\t<meta property=\"og:image:height\" content=\"862\" \/>\n\t<meta property=\"og:image:type\" content=\"image\/jpeg\" \/>\n<meta name=\"twitter:card\" content=\"summary_large_image\" \/>\n<meta name=\"twitter:label1\" content=\"Est. reading time\" \/>\n\t<meta name=\"twitter:data1\" content=\"1 minute\" \/>\n<script type=\"application\/ld+json\" class=\"yoast-schema-graph\">{\"@context\":\"https:\/\/schema.org\",\"@graph\":[{\"@type\":\"WebPage\",\"@id\":\"https:\/\/www.librairieclavreuil.com\/produit\/gavarni-illustrateur-le-diable-a-paris-paris-et-les-parisiens-moeurs-et-coutumes-caracteres-et-portraits-des-habitants-de-paris-tableau-complet-de-leur-vie-privee-publique-politique-artist\/\",\"url\":\"https:\/\/www.librairieclavreuil.com\/produit\/gavarni-illustrateur-le-diable-a-paris-paris-et-les-parisiens-moeurs-et-coutumes-caracteres-et-portraits-des-habitants-de-paris-tableau-complet-de-leur-vie-privee-publique-politique-artist\/\",\"name\":\"GAVARNI (illustrateur) Sulpice-Guillaume Chevallier dit Le Diable \u00e0 Paris - Paris et les Parisiens - Moeurs et coutumes, caract\u00e8res et portraits des habitants de Paris, tableau complet de leur vie priv\u00e9e, publique, politique, artistique, litt\u00e9raire, industrielle, etc.etc. - Libairie Clavreuil\",\"isPartOf\":{\"@id\":\"https:\/\/www.librairieclavreuil.com\/#website\"},\"primaryImageOfPage\":{\"@id\":\"https:\/\/www.librairieclavreuil.com\/produit\/gavarni-illustrateur-le-diable-a-paris-paris-et-les-parisiens-moeurs-et-coutumes-caracteres-et-portraits-des-habitants-de-paris-tableau-complet-de-leur-vie-privee-publique-politique-artist\/#primaryimage\"},\"image\":{\"@id\":\"https:\/\/www.librairieclavreuil.com\/produit\/gavarni-illustrateur-le-diable-a-paris-paris-et-les-parisiens-moeurs-et-coutumes-caracteres-et-portraits-des-habitants-de-paris-tableau-complet-de-leur-vie-privee-publique-politique-artist\/#primaryimage\"},\"thumbnailUrl\":\"https:\/\/www.librairieclavreuil.com\/wp-content\/uploads\/2024\/04\/gavarni-illustrateur-le-diable-a-paris-paris-et-les-parisiens-moeurs-et-coutumes-caracteres-et-portraits-des-habitants-de-paris-tableau-complet-de-leu.jpg\",\"datePublished\":\"2024-04-27T10:56:25+00:00\",\"dateModified\":\"2024-05-31T14:37:34+00:00\",\"breadcrumb\":{\"@id\":\"https:\/\/www.librairieclavreuil.com\/produit\/gavarni-illustrateur-le-diable-a-paris-paris-et-les-parisiens-moeurs-et-coutumes-caracteres-et-portraits-des-habitants-de-paris-tableau-complet-de-leur-vie-privee-publique-politique-artist\/#breadcrumb\"},\"inLanguage\":\"en-US\",\"potentialAction\":[{\"@type\":\"ReadAction\",\"target\":[\"https:\/\/www.librairieclavreuil.com\/produit\/gavarni-illustrateur-le-diable-a-paris-paris-et-les-parisiens-moeurs-et-coutumes-caracteres-et-portraits-des-habitants-de-paris-tableau-complet-de-leur-vie-privee-publique-politique-artist\/\"]}]},{\"@type\":\"ImageObject\",\"inLanguage\":\"en-US\",\"@id\":\"https:\/\/www.librairieclavreuil.com\/produit\/gavarni-illustrateur-le-diable-a-paris-paris-et-les-parisiens-moeurs-et-coutumes-caracteres-et-portraits-des-habitants-de-paris-tableau-complet-de-leur-vie-privee-publique-politique-artist\/#primaryimage\",\"url\":\"https:\/\/www.librairieclavreuil.com\/wp-content\/uploads\/2024\/04\/gavarni-illustrateur-le-diable-a-paris-paris-et-les-parisiens-moeurs-et-coutumes-caracteres-et-portraits-des-habitants-de-paris-tableau-complet-de-leu.jpg\",\"contentUrl\":\"https:\/\/www.librairieclavreuil.com\/wp-content\/uploads\/2024\/04\/gavarni-illustrateur-le-diable-a-paris-paris-et-les-parisiens-moeurs-et-coutumes-caracteres-et-portraits-des-habitants-de-paris-tableau-complet-de-leu.jpg\",\"width\":616,\"height\":862},{\"@type\":\"BreadcrumbList\",\"@id\":\"https:\/\/www.librairieclavreuil.com\/produit\/gavarni-illustrateur-le-diable-a-paris-paris-et-les-parisiens-moeurs-et-coutumes-caracteres-et-portraits-des-habitants-de-paris-tableau-complet-de-leur-vie-privee-publique-politique-artist\/#breadcrumb\",\"itemListElement\":[{\"@type\":\"ListItem\",\"position\":1,\"name\":\"Accueil\",\"item\":\"https:\/\/www.librairieclavreuil.com\/\"},{\"@type\":\"ListItem\",\"position\":2,\"name\":\"All our books\",\"item\":\"https:\/\/www.librairieclavreuil.com\/en\/all-our-books\/\"},{\"@type\":\"ListItem\",\"position\":3,\"name\":\"GAVARNI (illustrateur) Sulpice-Guillaume Chevallier dit Le Diable \u00e0...\"}]},{\"@type\":\"WebSite\",\"@id\":\"https:\/\/www.librairieclavreuil.com\/#website\",\"url\":\"https:\/\/www.librairieclavreuil.com\/\",\"name\":\"Libairie Clavreuil\",\"description\":\"Livres anciens, manuscrits rares et \u00e9ditions originales \u2013 Librairie Clavreuil\",\"publisher\":{\"@id\":\"https:\/\/www.librairieclavreuil.com\/#organization\"},\"potentialAction\":[{\"@type\":\"SearchAction\",\"target\":{\"@type\":\"EntryPoint\",\"urlTemplate\":\"https:\/\/www.librairieclavreuil.com\/?s={search_term_string}\"},\"query-input\":{\"@type\":\"PropertyValueSpecification\",\"valueRequired\":true,\"valueName\":\"search_term_string\"}}],\"inLanguage\":\"en-US\"},{\"@type\":\"Organization\",\"@id\":\"https:\/\/www.librairieclavreuil.com\/#organization\",\"name\":\"Libairie Clavreuil\",\"url\":\"https:\/\/www.librairieclavreuil.com\/\",\"logo\":{\"@type\":\"ImageObject\",\"inLanguage\":\"en-US\",\"@id\":\"https:\/\/www.librairieclavreuil.com\/#\/schema\/logo\/image\/\",\"url\":\"https:\/\/www.librairieclavreuil.com\/wp-content\/uploads\/2021\/06\/cropped-LOGO_PNG_DATE-_gold-512x512-1.png\",\"contentUrl\":\"https:\/\/www.librairieclavreuil.com\/wp-content\/uploads\/2021\/06\/cropped-LOGO_PNG_DATE-_gold-512x512-1.png\",\"width\":512,\"height\":512,\"caption\":\"Libairie Clavreuil\"},\"image\":{\"@id\":\"https:\/\/www.librairieclavreuil.com\/#\/schema\/logo\/image\/\"},\"sameAs\":[\"https:\/\/www.instagram.com\/librairieclavreuil\/\"]}]}<\/script>\n<!-- \/ Yoast SEO plugin. -->","yoast_head_json":{"title":"GAVARNI (illustrateur) Sulpice-Guillaume Chevallier dit Le Diable \u00e0 Paris - Paris et les Parisiens - Moeurs et coutumes, caract\u00e8res et portraits des habitants de Paris, tableau complet de leur vie priv\u00e9e, publique, politique, artistique, litt\u00e9raire, industrielle, etc.etc. - Libairie Clavreuil","robots":{"index":"index","follow":"follow","max-snippet":"max-snippet:-1","max-image-preview":"max-image-preview:large","max-video-preview":"max-video-preview:-1"},"canonical":"https:\/\/www.librairieclavreuil.com\/produit\/gavarni-illustrateur-le-diable-a-paris-paris-et-les-parisiens-moeurs-et-coutumes-caracteres-et-portraits-des-habitants-de-paris-tableau-complet-de-leur-vie-privee-publique-politique-artist\/","og_locale":"en_US","og_type":"article","og_title":"GAVARNI (illustrateur) Sulpice-Guillaume Chevallier dit Le Diable \u00e0 Paris - Paris et les Parisiens - Moeurs et coutumes, caract\u00e8res et portraits des habitants de Paris, tableau complet de leur vie priv\u00e9e, publique, politique, artistique, litt\u00e9raire, industrielle, etc.etc. - Libairie Clavreuil","og_description":"2 large 8vo volumes (276 x 188 mm) 1 frontispiece, 2 unn.l., XXXII, 380 pp., 99 engraved plates for the volume I ; 2 unn.l., LXXX, 364 pp., 112 engraved plates for the&nbsp; volume II. Long-grained red morocco, blind and gilt filet framing covers, flat gilt decorated spine, gilt head, original cover and illustrated spine preserved (F. Saulnier).","og_url":"https:\/\/www.librairieclavreuil.com\/produit\/gavarni-illustrateur-le-diable-a-paris-paris-et-les-parisiens-moeurs-et-coutumes-caracteres-et-portraits-des-habitants-de-paris-tableau-complet-de-leur-vie-privee-publique-politique-artist\/","og_site_name":"Libairie Clavreuil","article_modified_time":"2024-05-31T14:37:34+00:00","og_image":[{"width":616,"height":862,"url":"https:\/\/www.librairieclavreuil.com\/wp-content\/uploads\/2024\/04\/gavarni-illustrateur-le-diable-a-paris-paris-et-les-parisiens-moeurs-et-coutumes-caracteres-et-portraits-des-habitants-de-paris-tableau-complet-de-leu.jpg","type":"image\/jpeg"}],"twitter_card":"summary_large_image","twitter_misc":{"Est. reading time":"1 minute"},"schema":{"@context":"https:\/\/schema.org","@graph":[{"@type":"WebPage","@id":"https:\/\/www.librairieclavreuil.com\/produit\/gavarni-illustrateur-le-diable-a-paris-paris-et-les-parisiens-moeurs-et-coutumes-caracteres-et-portraits-des-habitants-de-paris-tableau-complet-de-leur-vie-privee-publique-politique-artist\/","url":"https:\/\/www.librairieclavreuil.com\/produit\/gavarni-illustrateur-le-diable-a-paris-paris-et-les-parisiens-moeurs-et-coutumes-caracteres-et-portraits-des-habitants-de-paris-tableau-complet-de-leur-vie-privee-publique-politique-artist\/","name":"GAVARNI (illustrateur) Sulpice-Guillaume Chevallier dit Le Diable \u00e0 Paris - Paris et les Parisiens - Moeurs et coutumes, caract\u00e8res et portraits des habitants de Paris, tableau complet de leur vie priv\u00e9e, publique, politique, artistique, litt\u00e9raire, industrielle, etc.etc. - Libairie Clavreuil","isPartOf":{"@id":"https:\/\/www.librairieclavreuil.com\/#website"},"primaryImageOfPage":{"@id":"https:\/\/www.librairieclavreuil.com\/produit\/gavarni-illustrateur-le-diable-a-paris-paris-et-les-parisiens-moeurs-et-coutumes-caracteres-et-portraits-des-habitants-de-paris-tableau-complet-de-leur-vie-privee-publique-politique-artist\/#primaryimage"},"image":{"@id":"https:\/\/www.librairieclavreuil.com\/produit\/gavarni-illustrateur-le-diable-a-paris-paris-et-les-parisiens-moeurs-et-coutumes-caracteres-et-portraits-des-habitants-de-paris-tableau-complet-de-leur-vie-privee-publique-politique-artist\/#primaryimage"},"thumbnailUrl":"https:\/\/www.librairieclavreuil.com\/wp-content\/uploads\/2024\/04\/gavarni-illustrateur-le-diable-a-paris-paris-et-les-parisiens-moeurs-et-coutumes-caracteres-et-portraits-des-habitants-de-paris-tableau-complet-de-leu.jpg","datePublished":"2024-04-27T10:56:25+00:00","dateModified":"2024-05-31T14:37:34+00:00","breadcrumb":{"@id":"https:\/\/www.librairieclavreuil.com\/produit\/gavarni-illustrateur-le-diable-a-paris-paris-et-les-parisiens-moeurs-et-coutumes-caracteres-et-portraits-des-habitants-de-paris-tableau-complet-de-leur-vie-privee-publique-politique-artist\/#breadcrumb"},"inLanguage":"en-US","potentialAction":[{"@type":"ReadAction","target":["https:\/\/www.librairieclavreuil.com\/produit\/gavarni-illustrateur-le-diable-a-paris-paris-et-les-parisiens-moeurs-et-coutumes-caracteres-et-portraits-des-habitants-de-paris-tableau-complet-de-leur-vie-privee-publique-politique-artist\/"]}]},{"@type":"ImageObject","inLanguage":"en-US","@id":"https:\/\/www.librairieclavreuil.com\/produit\/gavarni-illustrateur-le-diable-a-paris-paris-et-les-parisiens-moeurs-et-coutumes-caracteres-et-portraits-des-habitants-de-paris-tableau-complet-de-leur-vie-privee-publique-politique-artist\/#primaryimage","url":"https:\/\/www.librairieclavreuil.com\/wp-content\/uploads\/2024\/04\/gavarni-illustrateur-le-diable-a-paris-paris-et-les-parisiens-moeurs-et-coutumes-caracteres-et-portraits-des-habitants-de-paris-tableau-complet-de-leu.jpg","contentUrl":"https:\/\/www.librairieclavreuil.com\/wp-content\/uploads\/2024\/04\/gavarni-illustrateur-le-diable-a-paris-paris-et-les-parisiens-moeurs-et-coutumes-caracteres-et-portraits-des-habitants-de-paris-tableau-complet-de-leu.jpg","width":616,"height":862},{"@type":"BreadcrumbList","@id":"https:\/\/www.librairieclavreuil.com\/produit\/gavarni-illustrateur-le-diable-a-paris-paris-et-les-parisiens-moeurs-et-coutumes-caracteres-et-portraits-des-habitants-de-paris-tableau-complet-de-leur-vie-privee-publique-politique-artist\/#breadcrumb","itemListElement":[{"@type":"ListItem","position":1,"name":"Accueil","item":"https:\/\/www.librairieclavreuil.com\/"},{"@type":"ListItem","position":2,"name":"All our books","item":"https:\/\/www.librairieclavreuil.com\/en\/all-our-books\/"},{"@type":"ListItem","position":3,"name":"GAVARNI (illustrateur) Sulpice-Guillaume Chevallier dit Le Diable \u00e0..."}]},{"@type":"WebSite","@id":"https:\/\/www.librairieclavreuil.com\/#website","url":"https:\/\/www.librairieclavreuil.com\/","name":"Libairie Clavreuil","description":"Livres anciens, manuscrits rares et \u00e9ditions originales \u2013 Librairie Clavreuil","publisher":{"@id":"https:\/\/www.librairieclavreuil.com\/#organization"},"potentialAction":[{"@type":"SearchAction","target":{"@type":"EntryPoint","urlTemplate":"https:\/\/www.librairieclavreuil.com\/?s={search_term_string}"},"query-input":{"@type":"PropertyValueSpecification","valueRequired":true,"valueName":"search_term_string"}}],"inLanguage":"en-US"},{"@type":"Organization","@id":"https:\/\/www.librairieclavreuil.com\/#organization","name":"Libairie Clavreuil","url":"https:\/\/www.librairieclavreuil.com\/","logo":{"@type":"ImageObject","inLanguage":"en-US","@id":"https:\/\/www.librairieclavreuil.com\/#\/schema\/logo\/image\/","url":"https:\/\/www.librairieclavreuil.com\/wp-content\/uploads\/2021\/06\/cropped-LOGO_PNG_DATE-_gold-512x512-1.png","contentUrl":"https:\/\/www.librairieclavreuil.com\/wp-content\/uploads\/2021\/06\/cropped-LOGO_PNG_DATE-_gold-512x512-1.png","width":512,"height":512,"caption":"Libairie Clavreuil"},"image":{"@id":"https:\/\/www.librairieclavreuil.com\/#\/schema\/logo\/image\/"},"sameAs":["https:\/\/www.instagram.com\/librairieclavreuil\/"]}]}},"jetpack_sharing_enabled":true,"_links":{"self":[{"href":"https:\/\/www.librairieclavreuil.com\/en\/wp-json\/wp\/v2\/product\/77000","targetHints":{"allow":["GET"]}}],"collection":[{"href":"https:\/\/www.librairieclavreuil.com\/en\/wp-json\/wp\/v2\/product"}],"about":[{"href":"https:\/\/www.librairieclavreuil.com\/en\/wp-json\/wp\/v2\/types\/product"}],"replies":[{"embeddable":true,"href":"https:\/\/www.librairieclavreuil.com\/en\/wp-json\/wp\/v2\/comments?post=77000"}],"wp:featuredmedia":[{"embeddable":true,"href":"https:\/\/www.librairieclavreuil.com\/en\/wp-json\/wp\/v2\/media\/76975"}],"wp:attachment":[{"href":"https:\/\/www.librairieclavreuil.com\/en\/wp-json\/wp\/v2\/media?parent=77000"}],"wp:term":[{"taxonomy":"product_brand","embeddable":true,"href":"https:\/\/www.librairieclavreuil.com\/en\/wp-json\/wp\/v2\/product_brand?post=77000"},{"taxonomy":"product_cat","embeddable":true,"href":"https:\/\/www.librairieclavreuil.com\/en\/wp-json\/wp\/v2\/product_cat?post=77000"},{"taxonomy":"product_tag","embeddable":true,"href":"https:\/\/www.librairieclavreuil.com\/en\/wp-json\/wp\/v2\/product_tag?post=77000"}],"curies":[{"name":"wp","href":"https:\/\/api.w.org\/{rel}","templated":true}]}}