{"id":76893,"date":"2024-04-26T10:29:04","date_gmt":"2024-04-26T08:29:04","guid":{"rendered":"https:\/\/clavreuil-wordpress.logiciel-arteo.fr\/baudeau-abbe-nicolas-avis-au-peuple-sur-son-premier-besoin-ou-petits-traites-economiques\/"},"modified":"2024-07-15T17:40:32","modified_gmt":"2024-07-15T15:40:32","slug":"baudeau-abbe-nicolas-avis-au-peuple-sur-son-premier-besoin-ou-petits-traites-economiques","status":"publish","type":"product","link":"https:\/\/www.librairieclavreuil.com\/en\/baudeau-abbe-nicolas-avis-au-peuple-sur-son-premier-besoin-ou-petits-traites-economiques\/","title":{"rendered":"BAUDEAU abb\u00e9 Nicolas Avis au Peuple sur son..."},"content":{"rendered":"<p style=\"text-align:justify\"><i>Ined, 273; Kress, 6516; Goldsmiths, 10441.<\/i><\/p>\n<p style=\"text-align:justify\"><span style=\"font-variant:small-caps\">First edition.<\/span><\/p>\n<p style=\"text-align:justify\">&#8220;Oeuvre pratique semi-technique puisqu&#8217;il s&#8217;agit de mouture et de boulangerie, ou oeuvre d&#8217;exp\u00e9dient \u00e9crite en vue de rem\u00e9dier d&#8217;urgence \u00e0 la chert\u00e9, afin d&#8217;aider aux vues saines et g\u00e9n\u00e9reuses de l&#8217;administration&#8221; (Ined).<\/p>\n<p style=\"text-align:justify\">In the first part, Abb\u00e9 Baudeau sets out the advantages of free trade in grain; in the second, he presents new techniques for grinding grain economically; in the last, he shows that there must always be a certain proportion between the price of wheat and the price of bread. Born in Amboise in 1730, Abb\u00e9 Baudeau was one of the most ardent supporters of Turgot and physiocratic ideas.<\/p>\n<p style=\"text-align:justify\">Binding skilfully restored.<\/p>\n","protected":false},"excerpt":{"rendered":"<p style=\"text-align:justify\">3 parts in 1 volume, 12mo (165 x 95 mm) of 1 nn.l., 152 + 69 + 201 pp. Marbled calf, spine gilt with raised bands (<i>contemporary binding<\/i>).<\/p>\n","protected":false},"featured_media":76888,"comment_status":"open","ping_status":"closed","template":"","meta":{"_acf_changed":false},"product_brand":[],"product_cat":[536],"product_tag":[1209,1450,1208],"class_list":{"0":"post-76893","1":"product","2":"type-product","3":"status-publish","4":"has-post-thumbnail","6":"product_cat-right-economy","7":"product_tag-economics","8":"product_tag-first-edition","9":"product_tag-political-economy","10":"pa_auteur-baudeau-abbe-nicolas-2","11":"pa_type-de-livre-printed-book","13":"first","14":"outofstock","15":"shipping-taxable","16":"purchasable","17":"product-type-simple"},"acf":{"artist":" abb\u00e9 Nicolas BAUDEAU","chapeau":"","adresse_bibliographique":"Amsterdam et Paris, Hochereau, Desaint, Lacombe, 1768","book_type":"Printed book","provenance":"","afficher_prix":""},"yoast_head":"<!-- This site is optimized with the Yoast SEO plugin v24.7 - https:\/\/yoast.com\/wordpress\/plugins\/seo\/ -->\n<title>BAUDEAU abb\u00e9 Nicolas Avis au Peuple sur son premier besoin, ou petits trait\u00e9s \u00e9conomiques. - Libairie Clavreuil<\/title>\n<meta name=\"robots\" content=\"index, follow, max-snippet:-1, max-image-preview:large, max-video-preview:-1\" \/>\n<link rel=\"canonical\" href=\"https:\/\/www.librairieclavreuil.com\/produit\/baudeau-abbe-nicolas-avis-au-peuple-sur-son-premier-besoin-ou-petits-traites-economiques\/\" \/>\n<meta property=\"og:locale\" content=\"en_US\" \/>\n<meta property=\"og:type\" content=\"article\" \/>\n<meta property=\"og:title\" content=\"BAUDEAU abb\u00e9 Nicolas Avis au Peuple sur son premier besoin, ou petits trait\u00e9s \u00e9conomiques. - Libairie Clavreuil\" \/>\n<meta property=\"og:description\" content=\"3 parts in 1 volume, 12mo (165 x 95 mm) of 1 nn.l., 152 + 69 + 201 pp. Marbled calf, spine gilt with raised bands (contemporary binding).\" \/>\n<meta property=\"og:url\" content=\"https:\/\/www.librairieclavreuil.com\/produit\/baudeau-abbe-nicolas-avis-au-peuple-sur-son-premier-besoin-ou-petits-traites-economiques\/\" \/>\n<meta property=\"og:site_name\" content=\"Libairie Clavreuil\" \/>\n<meta property=\"article:modified_time\" content=\"2024-07-15T15:40:32+00:00\" \/>\n<meta property=\"og:image\" content=\"https:\/\/www.librairieclavreuil.com\/wp-content\/uploads\/2024\/04\/abbe-nicolas-baudeau-avis-au-peuple-sur-son-premier-besoin-ou-petits-traites-economiques-1689-6617b1f66ed4e-scaled.jpg\" \/>\n\t<meta property=\"og:image:width\" content=\"1920\" \/>\n\t<meta property=\"og:image:height\" content=\"2560\" \/>\n\t<meta property=\"og:image:type\" content=\"image\/jpeg\" \/>\n<meta name=\"twitter:card\" content=\"summary_large_image\" \/>\n<meta name=\"twitter:label1\" content=\"Est. reading time\" \/>\n\t<meta name=\"twitter:data1\" content=\"1 minute\" \/>\n<script type=\"application\/ld+json\" class=\"yoast-schema-graph\">{\"@context\":\"https:\/\/schema.org\",\"@graph\":[{\"@type\":\"WebPage\",\"@id\":\"https:\/\/www.librairieclavreuil.com\/produit\/baudeau-abbe-nicolas-avis-au-peuple-sur-son-premier-besoin-ou-petits-traites-economiques\/\",\"url\":\"https:\/\/www.librairieclavreuil.com\/produit\/baudeau-abbe-nicolas-avis-au-peuple-sur-son-premier-besoin-ou-petits-traites-economiques\/\",\"name\":\"BAUDEAU abb\u00e9 Nicolas Avis au Peuple sur son premier besoin, ou petits trait\u00e9s \u00e9conomiques. - Libairie Clavreuil\",\"isPartOf\":{\"@id\":\"https:\/\/www.librairieclavreuil.com\/#website\"},\"primaryImageOfPage\":{\"@id\":\"https:\/\/www.librairieclavreuil.com\/produit\/baudeau-abbe-nicolas-avis-au-peuple-sur-son-premier-besoin-ou-petits-traites-economiques\/#primaryimage\"},\"image\":{\"@id\":\"https:\/\/www.librairieclavreuil.com\/produit\/baudeau-abbe-nicolas-avis-au-peuple-sur-son-premier-besoin-ou-petits-traites-economiques\/#primaryimage\"},\"thumbnailUrl\":\"https:\/\/www.librairieclavreuil.com\/wp-content\/uploads\/2024\/04\/abbe-nicolas-baudeau-avis-au-peuple-sur-son-premier-besoin-ou-petits-traites-economiques-1689-6617b1f66ed4e-scaled.jpg\",\"datePublished\":\"2024-04-26T08:29:04+00:00\",\"dateModified\":\"2024-07-15T15:40:32+00:00\",\"breadcrumb\":{\"@id\":\"https:\/\/www.librairieclavreuil.com\/produit\/baudeau-abbe-nicolas-avis-au-peuple-sur-son-premier-besoin-ou-petits-traites-economiques\/#breadcrumb\"},\"inLanguage\":\"en-US\",\"potentialAction\":[{\"@type\":\"ReadAction\",\"target\":[\"https:\/\/www.librairieclavreuil.com\/produit\/baudeau-abbe-nicolas-avis-au-peuple-sur-son-premier-besoin-ou-petits-traites-economiques\/\"]}]},{\"@type\":\"ImageObject\",\"inLanguage\":\"en-US\",\"@id\":\"https:\/\/www.librairieclavreuil.com\/produit\/baudeau-abbe-nicolas-avis-au-peuple-sur-son-premier-besoin-ou-petits-traites-economiques\/#primaryimage\",\"url\":\"https:\/\/www.librairieclavreuil.com\/wp-content\/uploads\/2024\/04\/abbe-nicolas-baudeau-avis-au-peuple-sur-son-premier-besoin-ou-petits-traites-economiques-1689-6617b1f66ed4e-scaled.jpg\",\"contentUrl\":\"https:\/\/www.librairieclavreuil.com\/wp-content\/uploads\/2024\/04\/abbe-nicolas-baudeau-avis-au-peuple-sur-son-premier-besoin-ou-petits-traites-economiques-1689-6617b1f66ed4e-scaled.jpg\",\"width\":1920,\"height\":2560},{\"@type\":\"BreadcrumbList\",\"@id\":\"https:\/\/www.librairieclavreuil.com\/produit\/baudeau-abbe-nicolas-avis-au-peuple-sur-son-premier-besoin-ou-petits-traites-economiques\/#breadcrumb\",\"itemListElement\":[{\"@type\":\"ListItem\",\"position\":1,\"name\":\"Accueil\",\"item\":\"https:\/\/www.librairieclavreuil.com\/\"},{\"@type\":\"ListItem\",\"position\":2,\"name\":\"All our books\",\"item\":\"https:\/\/www.librairieclavreuil.com\/en\/all-our-books\/\"},{\"@type\":\"ListItem\",\"position\":3,\"name\":\"BAUDEAU abb\u00e9 Nicolas Avis au Peuple sur son...\"}]},{\"@type\":\"WebSite\",\"@id\":\"https:\/\/www.librairieclavreuil.com\/#website\",\"url\":\"https:\/\/www.librairieclavreuil.com\/\",\"name\":\"Libairie Clavreuil\",\"description\":\"Livres anciens, manuscrits rares et \u00e9ditions originales \u2013 Librairie Clavreuil\",\"publisher\":{\"@id\":\"https:\/\/www.librairieclavreuil.com\/#organization\"},\"potentialAction\":[{\"@type\":\"SearchAction\",\"target\":{\"@type\":\"EntryPoint\",\"urlTemplate\":\"https:\/\/www.librairieclavreuil.com\/?s={search_term_string}\"},\"query-input\":{\"@type\":\"PropertyValueSpecification\",\"valueRequired\":true,\"valueName\":\"search_term_string\"}}],\"inLanguage\":\"en-US\"},{\"@type\":\"Organization\",\"@id\":\"https:\/\/www.librairieclavreuil.com\/#organization\",\"name\":\"Libairie Clavreuil\",\"url\":\"https:\/\/www.librairieclavreuil.com\/\",\"logo\":{\"@type\":\"ImageObject\",\"inLanguage\":\"en-US\",\"@id\":\"https:\/\/www.librairieclavreuil.com\/#\/schema\/logo\/image\/\",\"url\":\"https:\/\/www.librairieclavreuil.com\/wp-content\/uploads\/2021\/06\/cropped-LOGO_PNG_DATE-_gold-512x512-1.png\",\"contentUrl\":\"https:\/\/www.librairieclavreuil.com\/wp-content\/uploads\/2021\/06\/cropped-LOGO_PNG_DATE-_gold-512x512-1.png\",\"width\":512,\"height\":512,\"caption\":\"Libairie Clavreuil\"},\"image\":{\"@id\":\"https:\/\/www.librairieclavreuil.com\/#\/schema\/logo\/image\/\"},\"sameAs\":[\"https:\/\/www.instagram.com\/librairieclavreuil\/\"]}]}<\/script>\n<!-- \/ Yoast SEO plugin. -->","yoast_head_json":{"title":"BAUDEAU abb\u00e9 Nicolas Avis au Peuple sur son premier besoin, ou petits trait\u00e9s \u00e9conomiques. - Libairie Clavreuil","robots":{"index":"index","follow":"follow","max-snippet":"max-snippet:-1","max-image-preview":"max-image-preview:large","max-video-preview":"max-video-preview:-1"},"canonical":"https:\/\/www.librairieclavreuil.com\/produit\/baudeau-abbe-nicolas-avis-au-peuple-sur-son-premier-besoin-ou-petits-traites-economiques\/","og_locale":"en_US","og_type":"article","og_title":"BAUDEAU abb\u00e9 Nicolas Avis au Peuple sur son premier besoin, ou petits trait\u00e9s \u00e9conomiques. - Libairie Clavreuil","og_description":"3 parts in 1 volume, 12mo (165 x 95 mm) of 1 nn.l., 152 + 69 + 201 pp. Marbled calf, spine gilt with raised bands (contemporary binding).","og_url":"https:\/\/www.librairieclavreuil.com\/produit\/baudeau-abbe-nicolas-avis-au-peuple-sur-son-premier-besoin-ou-petits-traites-economiques\/","og_site_name":"Libairie Clavreuil","article_modified_time":"2024-07-15T15:40:32+00:00","og_image":[{"width":1920,"height":2560,"url":"https:\/\/www.librairieclavreuil.com\/wp-content\/uploads\/2024\/04\/abbe-nicolas-baudeau-avis-au-peuple-sur-son-premier-besoin-ou-petits-traites-economiques-1689-6617b1f66ed4e-scaled.jpg","type":"image\/jpeg"}],"twitter_card":"summary_large_image","twitter_misc":{"Est. reading time":"1 minute"},"schema":{"@context":"https:\/\/schema.org","@graph":[{"@type":"WebPage","@id":"https:\/\/www.librairieclavreuil.com\/produit\/baudeau-abbe-nicolas-avis-au-peuple-sur-son-premier-besoin-ou-petits-traites-economiques\/","url":"https:\/\/www.librairieclavreuil.com\/produit\/baudeau-abbe-nicolas-avis-au-peuple-sur-son-premier-besoin-ou-petits-traites-economiques\/","name":"BAUDEAU abb\u00e9 Nicolas Avis au Peuple sur son premier besoin, ou petits trait\u00e9s \u00e9conomiques. - Libairie Clavreuil","isPartOf":{"@id":"https:\/\/www.librairieclavreuil.com\/#website"},"primaryImageOfPage":{"@id":"https:\/\/www.librairieclavreuil.com\/produit\/baudeau-abbe-nicolas-avis-au-peuple-sur-son-premier-besoin-ou-petits-traites-economiques\/#primaryimage"},"image":{"@id":"https:\/\/www.librairieclavreuil.com\/produit\/baudeau-abbe-nicolas-avis-au-peuple-sur-son-premier-besoin-ou-petits-traites-economiques\/#primaryimage"},"thumbnailUrl":"https:\/\/www.librairieclavreuil.com\/wp-content\/uploads\/2024\/04\/abbe-nicolas-baudeau-avis-au-peuple-sur-son-premier-besoin-ou-petits-traites-economiques-1689-6617b1f66ed4e-scaled.jpg","datePublished":"2024-04-26T08:29:04+00:00","dateModified":"2024-07-15T15:40:32+00:00","breadcrumb":{"@id":"https:\/\/www.librairieclavreuil.com\/produit\/baudeau-abbe-nicolas-avis-au-peuple-sur-son-premier-besoin-ou-petits-traites-economiques\/#breadcrumb"},"inLanguage":"en-US","potentialAction":[{"@type":"ReadAction","target":["https:\/\/www.librairieclavreuil.com\/produit\/baudeau-abbe-nicolas-avis-au-peuple-sur-son-premier-besoin-ou-petits-traites-economiques\/"]}]},{"@type":"ImageObject","inLanguage":"en-US","@id":"https:\/\/www.librairieclavreuil.com\/produit\/baudeau-abbe-nicolas-avis-au-peuple-sur-son-premier-besoin-ou-petits-traites-economiques\/#primaryimage","url":"https:\/\/www.librairieclavreuil.com\/wp-content\/uploads\/2024\/04\/abbe-nicolas-baudeau-avis-au-peuple-sur-son-premier-besoin-ou-petits-traites-economiques-1689-6617b1f66ed4e-scaled.jpg","contentUrl":"https:\/\/www.librairieclavreuil.com\/wp-content\/uploads\/2024\/04\/abbe-nicolas-baudeau-avis-au-peuple-sur-son-premier-besoin-ou-petits-traites-economiques-1689-6617b1f66ed4e-scaled.jpg","width":1920,"height":2560},{"@type":"BreadcrumbList","@id":"https:\/\/www.librairieclavreuil.com\/produit\/baudeau-abbe-nicolas-avis-au-peuple-sur-son-premier-besoin-ou-petits-traites-economiques\/#breadcrumb","itemListElement":[{"@type":"ListItem","position":1,"name":"Accueil","item":"https:\/\/www.librairieclavreuil.com\/"},{"@type":"ListItem","position":2,"name":"All our books","item":"https:\/\/www.librairieclavreuil.com\/en\/all-our-books\/"},{"@type":"ListItem","position":3,"name":"BAUDEAU abb\u00e9 Nicolas Avis au Peuple sur son..."}]},{"@type":"WebSite","@id":"https:\/\/www.librairieclavreuil.com\/#website","url":"https:\/\/www.librairieclavreuil.com\/","name":"Libairie Clavreuil","description":"Livres anciens, manuscrits rares et \u00e9ditions originales \u2013 Librairie Clavreuil","publisher":{"@id":"https:\/\/www.librairieclavreuil.com\/#organization"},"potentialAction":[{"@type":"SearchAction","target":{"@type":"EntryPoint","urlTemplate":"https:\/\/www.librairieclavreuil.com\/?s={search_term_string}"},"query-input":{"@type":"PropertyValueSpecification","valueRequired":true,"valueName":"search_term_string"}}],"inLanguage":"en-US"},{"@type":"Organization","@id":"https:\/\/www.librairieclavreuil.com\/#organization","name":"Libairie Clavreuil","url":"https:\/\/www.librairieclavreuil.com\/","logo":{"@type":"ImageObject","inLanguage":"en-US","@id":"https:\/\/www.librairieclavreuil.com\/#\/schema\/logo\/image\/","url":"https:\/\/www.librairieclavreuil.com\/wp-content\/uploads\/2021\/06\/cropped-LOGO_PNG_DATE-_gold-512x512-1.png","contentUrl":"https:\/\/www.librairieclavreuil.com\/wp-content\/uploads\/2021\/06\/cropped-LOGO_PNG_DATE-_gold-512x512-1.png","width":512,"height":512,"caption":"Libairie Clavreuil"},"image":{"@id":"https:\/\/www.librairieclavreuil.com\/#\/schema\/logo\/image\/"},"sameAs":["https:\/\/www.instagram.com\/librairieclavreuil\/"]}]}},"jetpack_sharing_enabled":true,"_links":{"self":[{"href":"https:\/\/www.librairieclavreuil.com\/en\/wp-json\/wp\/v2\/product\/76893","targetHints":{"allow":["GET"]}}],"collection":[{"href":"https:\/\/www.librairieclavreuil.com\/en\/wp-json\/wp\/v2\/product"}],"about":[{"href":"https:\/\/www.librairieclavreuil.com\/en\/wp-json\/wp\/v2\/types\/product"}],"replies":[{"embeddable":true,"href":"https:\/\/www.librairieclavreuil.com\/en\/wp-json\/wp\/v2\/comments?post=76893"}],"wp:featuredmedia":[{"embeddable":true,"href":"https:\/\/www.librairieclavreuil.com\/en\/wp-json\/wp\/v2\/media\/76888"}],"wp:attachment":[{"href":"https:\/\/www.librairieclavreuil.com\/en\/wp-json\/wp\/v2\/media?parent=76893"}],"wp:term":[{"taxonomy":"product_brand","embeddable":true,"href":"https:\/\/www.librairieclavreuil.com\/en\/wp-json\/wp\/v2\/product_brand?post=76893"},{"taxonomy":"product_cat","embeddable":true,"href":"https:\/\/www.librairieclavreuil.com\/en\/wp-json\/wp\/v2\/product_cat?post=76893"},{"taxonomy":"product_tag","embeddable":true,"href":"https:\/\/www.librairieclavreuil.com\/en\/wp-json\/wp\/v2\/product_tag?post=76893"}],"curies":[{"name":"wp","href":"https:\/\/api.w.org\/{rel}","templated":true}]}}