{"id":76879,"date":"2024-04-26T10:11:44","date_gmt":"2024-04-26T08:11:44","guid":{"rendered":"https:\/\/clavreuil-wordpress.logiciel-arteo.fr\/mirabeau-victor-riqueti-theorie-de-limpot\/"},"modified":"2024-07-15T13:08:02","modified_gmt":"2024-07-15T11:08:02","slug":"mirabeau-victor-riqueti-theorie-de-limpot","status":"publish","type":"product","link":"https:\/\/www.librairieclavreuil.com\/en\/mirabeau-victor-riqueti-theorie-de-limpot\/","title":{"rendered":"MIRABEAU Victor Riqueti Th\u00e9orie de l&#8217;imp\u00f4t."},"content":{"rendered":"<p style=\"text-align:justify\"><i>Einaudi, 3946 ; Kress, 5883 ; Goldsmiths, 9602 ; INED, 3209.<\/i><\/p>\n<p style=\"text-align:justify\"><span style=\"font-variant:small-caps\">Rare first edition.<\/span><\/p>\n<p style=\"text-align:justify\">This treatise outlining a plan for tax reform in the kingdom of France is one of the most important economic and financial works of the Ancien R\u00e9gime. Written in collaboration with Quesnay, Th\u00e9orie de l&#8217;imp\u00f4t helped to establish the ideas of the physiocratic movement, of which it is one of the most illustrious flagships.<\/p>\n<p style=\"text-align:justify\">&#8220;Ce fut la premi\u00e8re \u0153uvre vraiment personnelle de Mirabeau depuis sa conversion [\u00e0 la physiocratie]. Le succ\u00e8s en fut tr\u00e8s vif. Mirabeau d\u00e9veloppe les principes de la nouvelle \u00e9cole avec un franc-parler qui lui attira de nombreux suffrages et le fit emprisonner. Il s&#8217;\u00e9l\u00e8ve notamment contre les fermiers-g\u00e9n\u00e9raux, fait une critique s\u00e9v\u00e8re du r\u00e9gime fiscal alors en vigueur, et \u00e9nonce trois conditions n\u00e9cessaires \u00e0 une juste imposition&#8221; (INED).<\/p>\n<p style=\"text-align:justify\">An excellent copy; tear repaired in the first endpaper, small and skilful restorations to the binding.<\/p>\n<p style=\"text-align:justify\">Stamps of the Soci\u00e9t\u00e9 des sciences de M\u00e2con (cancelled).<\/p>\n","protected":false},"excerpt":{"rendered":"<p style=\"text-align:justify\">4to (237 x 182 mm) of VIII, 336 pp. Contemporary marbled sheep, spine with raised bands, compartments gilt with fleurons, tobacco morocco title page, roulette on the edges, red edges.<\/p>\n","protected":false},"featured_media":76874,"comment_status":"open","ping_status":"closed","template":"","meta":{"_acf_changed":false},"product_brand":[],"product_cat":[536],"product_tag":[560,1450],"class_list":{"0":"post-76879","1":"product","2":"type-product","3":"status-publish","4":"has-post-thumbnail","6":"product_cat-right-economy","7":"product_tag-trade","8":"product_tag-first-edition","9":"pa_auteur-mirabeau-victor-riqueti-2","10":"pa_type-de-livre-printed-book","12":"first","13":"instock","14":"shipping-taxable","15":"purchasable","16":"product-type-simple"},"acf":{"artist":" Victor Riqueti MIRABEAU","chapeau":"","adresse_bibliographique":"Paris, sans nom, 1760","book_type":"Printed book","provenance":"","afficher_prix":""},"yoast_head":"<!-- This site is optimized with the Yoast SEO plugin v24.7 - https:\/\/yoast.com\/wordpress\/plugins\/seo\/ -->\n<title>MIRABEAU Victor Riqueti Th\u00e9orie de l&#039;imp\u00f4t. - Libairie Clavreuil<\/title>\n<meta name=\"robots\" content=\"index, follow, max-snippet:-1, max-image-preview:large, max-video-preview:-1\" \/>\n<link rel=\"canonical\" href=\"https:\/\/www.librairieclavreuil.com\/en\/mirabeau-victor-riqueti-theorie-de-limpot\/\" \/>\n<meta property=\"og:locale\" content=\"en_US\" \/>\n<meta property=\"og:type\" content=\"article\" \/>\n<meta property=\"og:title\" content=\"MIRABEAU Victor Riqueti Th\u00e9orie de l&#039;imp\u00f4t. - Libairie Clavreuil\" \/>\n<meta property=\"og:description\" content=\"4to (237 x 182 mm) of VIII, 336 pp. Contemporary marbled sheep, spine with raised bands, compartments gilt with fleurons, tobacco morocco title page, roulette on the edges, red edges.\" \/>\n<meta property=\"og:url\" content=\"https:\/\/www.librairieclavreuil.com\/en\/mirabeau-victor-riqueti-theorie-de-limpot\/\" \/>\n<meta property=\"og:site_name\" content=\"Libairie Clavreuil\" \/>\n<meta property=\"article:modified_time\" content=\"2024-07-15T11:08:02+00:00\" \/>\n<meta property=\"og:image\" content=\"https:\/\/www.librairieclavreuil.com\/wp-content\/uploads\/2024\/04\/victor-riqueti-mirabeau-theorie-de-l-impot-4278-6616babeb40ab-scaled.jpg\" \/>\n\t<meta property=\"og:image:width\" content=\"1920\" \/>\n\t<meta property=\"og:image:height\" content=\"2560\" \/>\n\t<meta property=\"og:image:type\" content=\"image\/jpeg\" \/>\n<meta name=\"twitter:card\" content=\"summary_large_image\" \/>\n<meta name=\"twitter:label1\" content=\"Est. reading time\" \/>\n\t<meta name=\"twitter:data1\" content=\"1 minute\" \/>\n<script type=\"application\/ld+json\" class=\"yoast-schema-graph\">{\"@context\":\"https:\/\/schema.org\",\"@graph\":[{\"@type\":\"WebPage\",\"@id\":\"https:\/\/www.librairieclavreuil.com\/en\/mirabeau-victor-riqueti-theorie-de-limpot\/\",\"url\":\"https:\/\/www.librairieclavreuil.com\/en\/mirabeau-victor-riqueti-theorie-de-limpot\/\",\"name\":\"MIRABEAU Victor Riqueti Th\u00e9orie de l'imp\u00f4t. - Libairie Clavreuil\",\"isPartOf\":{\"@id\":\"https:\/\/www.librairieclavreuil.com\/#website\"},\"primaryImageOfPage\":{\"@id\":\"https:\/\/www.librairieclavreuil.com\/en\/mirabeau-victor-riqueti-theorie-de-limpot\/#primaryimage\"},\"image\":{\"@id\":\"https:\/\/www.librairieclavreuil.com\/en\/mirabeau-victor-riqueti-theorie-de-limpot\/#primaryimage\"},\"thumbnailUrl\":\"https:\/\/www.librairieclavreuil.com\/wp-content\/uploads\/2024\/04\/victor-riqueti-mirabeau-theorie-de-l-impot-4278-6616babeb40ab-scaled.jpg\",\"datePublished\":\"2024-04-26T08:11:44+00:00\",\"dateModified\":\"2024-07-15T11:08:02+00:00\",\"breadcrumb\":{\"@id\":\"https:\/\/www.librairieclavreuil.com\/en\/mirabeau-victor-riqueti-theorie-de-limpot\/#breadcrumb\"},\"inLanguage\":\"en-US\",\"potentialAction\":[{\"@type\":\"ReadAction\",\"target\":[\"https:\/\/www.librairieclavreuil.com\/en\/mirabeau-victor-riqueti-theorie-de-limpot\/\"]}]},{\"@type\":\"ImageObject\",\"inLanguage\":\"en-US\",\"@id\":\"https:\/\/www.librairieclavreuil.com\/en\/mirabeau-victor-riqueti-theorie-de-limpot\/#primaryimage\",\"url\":\"https:\/\/www.librairieclavreuil.com\/wp-content\/uploads\/2024\/04\/victor-riqueti-mirabeau-theorie-de-l-impot-4278-6616babeb40ab-scaled.jpg\",\"contentUrl\":\"https:\/\/www.librairieclavreuil.com\/wp-content\/uploads\/2024\/04\/victor-riqueti-mirabeau-theorie-de-l-impot-4278-6616babeb40ab-scaled.jpg\",\"width\":1920,\"height\":2560},{\"@type\":\"BreadcrumbList\",\"@id\":\"https:\/\/www.librairieclavreuil.com\/en\/mirabeau-victor-riqueti-theorie-de-limpot\/#breadcrumb\",\"itemListElement\":[{\"@type\":\"ListItem\",\"position\":1,\"name\":\"Accueil\",\"item\":\"https:\/\/www.librairieclavreuil.com\/\"},{\"@type\":\"ListItem\",\"position\":2,\"name\":\"All our books\",\"item\":\"https:\/\/www.librairieclavreuil.com\/en\/all-our-books\/\"},{\"@type\":\"ListItem\",\"position\":3,\"name\":\"MIRABEAU Victor Riqueti Th\u00e9orie de l&#8217;imp\u00f4t.\"}]},{\"@type\":\"WebSite\",\"@id\":\"https:\/\/www.librairieclavreuil.com\/#website\",\"url\":\"https:\/\/www.librairieclavreuil.com\/\",\"name\":\"Libairie Clavreuil\",\"description\":\"Livres anciens, manuscrits rares et \u00e9ditions originales \u2013 Librairie Clavreuil\",\"publisher\":{\"@id\":\"https:\/\/www.librairieclavreuil.com\/#organization\"},\"potentialAction\":[{\"@type\":\"SearchAction\",\"target\":{\"@type\":\"EntryPoint\",\"urlTemplate\":\"https:\/\/www.librairieclavreuil.com\/?s={search_term_string}\"},\"query-input\":{\"@type\":\"PropertyValueSpecification\",\"valueRequired\":true,\"valueName\":\"search_term_string\"}}],\"inLanguage\":\"en-US\"},{\"@type\":\"Organization\",\"@id\":\"https:\/\/www.librairieclavreuil.com\/#organization\",\"name\":\"Libairie Clavreuil\",\"url\":\"https:\/\/www.librairieclavreuil.com\/\",\"logo\":{\"@type\":\"ImageObject\",\"inLanguage\":\"en-US\",\"@id\":\"https:\/\/www.librairieclavreuil.com\/#\/schema\/logo\/image\/\",\"url\":\"https:\/\/www.librairieclavreuil.com\/wp-content\/uploads\/2021\/06\/cropped-LOGO_PNG_DATE-_gold-512x512-1.png\",\"contentUrl\":\"https:\/\/www.librairieclavreuil.com\/wp-content\/uploads\/2021\/06\/cropped-LOGO_PNG_DATE-_gold-512x512-1.png\",\"width\":512,\"height\":512,\"caption\":\"Libairie Clavreuil\"},\"image\":{\"@id\":\"https:\/\/www.librairieclavreuil.com\/#\/schema\/logo\/image\/\"},\"sameAs\":[\"https:\/\/www.instagram.com\/librairieclavreuil\/\"]}]}<\/script>\n<!-- \/ Yoast SEO plugin. -->","yoast_head_json":{"title":"MIRABEAU Victor Riqueti Th\u00e9orie de l'imp\u00f4t. - Libairie Clavreuil","robots":{"index":"index","follow":"follow","max-snippet":"max-snippet:-1","max-image-preview":"max-image-preview:large","max-video-preview":"max-video-preview:-1"},"canonical":"https:\/\/www.librairieclavreuil.com\/en\/mirabeau-victor-riqueti-theorie-de-limpot\/","og_locale":"en_US","og_type":"article","og_title":"MIRABEAU Victor Riqueti Th\u00e9orie de l'imp\u00f4t. - Libairie Clavreuil","og_description":"4to (237 x 182 mm) of VIII, 336 pp. Contemporary marbled sheep, spine with raised bands, compartments gilt with fleurons, tobacco morocco title page, roulette on the edges, red edges.","og_url":"https:\/\/www.librairieclavreuil.com\/en\/mirabeau-victor-riqueti-theorie-de-limpot\/","og_site_name":"Libairie Clavreuil","article_modified_time":"2024-07-15T11:08:02+00:00","og_image":[{"width":1920,"height":2560,"url":"https:\/\/www.librairieclavreuil.com\/wp-content\/uploads\/2024\/04\/victor-riqueti-mirabeau-theorie-de-l-impot-4278-6616babeb40ab-scaled.jpg","type":"image\/jpeg"}],"twitter_card":"summary_large_image","twitter_misc":{"Est. reading time":"1 minute"},"schema":{"@context":"https:\/\/schema.org","@graph":[{"@type":"WebPage","@id":"https:\/\/www.librairieclavreuil.com\/en\/mirabeau-victor-riqueti-theorie-de-limpot\/","url":"https:\/\/www.librairieclavreuil.com\/en\/mirabeau-victor-riqueti-theorie-de-limpot\/","name":"MIRABEAU Victor Riqueti Th\u00e9orie de l'imp\u00f4t. - Libairie Clavreuil","isPartOf":{"@id":"https:\/\/www.librairieclavreuil.com\/#website"},"primaryImageOfPage":{"@id":"https:\/\/www.librairieclavreuil.com\/en\/mirabeau-victor-riqueti-theorie-de-limpot\/#primaryimage"},"image":{"@id":"https:\/\/www.librairieclavreuil.com\/en\/mirabeau-victor-riqueti-theorie-de-limpot\/#primaryimage"},"thumbnailUrl":"https:\/\/www.librairieclavreuil.com\/wp-content\/uploads\/2024\/04\/victor-riqueti-mirabeau-theorie-de-l-impot-4278-6616babeb40ab-scaled.jpg","datePublished":"2024-04-26T08:11:44+00:00","dateModified":"2024-07-15T11:08:02+00:00","breadcrumb":{"@id":"https:\/\/www.librairieclavreuil.com\/en\/mirabeau-victor-riqueti-theorie-de-limpot\/#breadcrumb"},"inLanguage":"en-US","potentialAction":[{"@type":"ReadAction","target":["https:\/\/www.librairieclavreuil.com\/en\/mirabeau-victor-riqueti-theorie-de-limpot\/"]}]},{"@type":"ImageObject","inLanguage":"en-US","@id":"https:\/\/www.librairieclavreuil.com\/en\/mirabeau-victor-riqueti-theorie-de-limpot\/#primaryimage","url":"https:\/\/www.librairieclavreuil.com\/wp-content\/uploads\/2024\/04\/victor-riqueti-mirabeau-theorie-de-l-impot-4278-6616babeb40ab-scaled.jpg","contentUrl":"https:\/\/www.librairieclavreuil.com\/wp-content\/uploads\/2024\/04\/victor-riqueti-mirabeau-theorie-de-l-impot-4278-6616babeb40ab-scaled.jpg","width":1920,"height":2560},{"@type":"BreadcrumbList","@id":"https:\/\/www.librairieclavreuil.com\/en\/mirabeau-victor-riqueti-theorie-de-limpot\/#breadcrumb","itemListElement":[{"@type":"ListItem","position":1,"name":"Accueil","item":"https:\/\/www.librairieclavreuil.com\/"},{"@type":"ListItem","position":2,"name":"All our books","item":"https:\/\/www.librairieclavreuil.com\/en\/all-our-books\/"},{"@type":"ListItem","position":3,"name":"MIRABEAU Victor Riqueti Th\u00e9orie de l&#8217;imp\u00f4t."}]},{"@type":"WebSite","@id":"https:\/\/www.librairieclavreuil.com\/#website","url":"https:\/\/www.librairieclavreuil.com\/","name":"Libairie Clavreuil","description":"Livres anciens, manuscrits rares et \u00e9ditions originales \u2013 Librairie Clavreuil","publisher":{"@id":"https:\/\/www.librairieclavreuil.com\/#organization"},"potentialAction":[{"@type":"SearchAction","target":{"@type":"EntryPoint","urlTemplate":"https:\/\/www.librairieclavreuil.com\/?s={search_term_string}"},"query-input":{"@type":"PropertyValueSpecification","valueRequired":true,"valueName":"search_term_string"}}],"inLanguage":"en-US"},{"@type":"Organization","@id":"https:\/\/www.librairieclavreuil.com\/#organization","name":"Libairie Clavreuil","url":"https:\/\/www.librairieclavreuil.com\/","logo":{"@type":"ImageObject","inLanguage":"en-US","@id":"https:\/\/www.librairieclavreuil.com\/#\/schema\/logo\/image\/","url":"https:\/\/www.librairieclavreuil.com\/wp-content\/uploads\/2021\/06\/cropped-LOGO_PNG_DATE-_gold-512x512-1.png","contentUrl":"https:\/\/www.librairieclavreuil.com\/wp-content\/uploads\/2021\/06\/cropped-LOGO_PNG_DATE-_gold-512x512-1.png","width":512,"height":512,"caption":"Libairie Clavreuil"},"image":{"@id":"https:\/\/www.librairieclavreuil.com\/#\/schema\/logo\/image\/"},"sameAs":["https:\/\/www.instagram.com\/librairieclavreuil\/"]}]}},"jetpack_sharing_enabled":true,"_links":{"self":[{"href":"https:\/\/www.librairieclavreuil.com\/en\/wp-json\/wp\/v2\/product\/76879","targetHints":{"allow":["GET"]}}],"collection":[{"href":"https:\/\/www.librairieclavreuil.com\/en\/wp-json\/wp\/v2\/product"}],"about":[{"href":"https:\/\/www.librairieclavreuil.com\/en\/wp-json\/wp\/v2\/types\/product"}],"replies":[{"embeddable":true,"href":"https:\/\/www.librairieclavreuil.com\/en\/wp-json\/wp\/v2\/comments?post=76879"}],"wp:featuredmedia":[{"embeddable":true,"href":"https:\/\/www.librairieclavreuil.com\/en\/wp-json\/wp\/v2\/media\/76874"}],"wp:attachment":[{"href":"https:\/\/www.librairieclavreuil.com\/en\/wp-json\/wp\/v2\/media?parent=76879"}],"wp:term":[{"taxonomy":"product_brand","embeddable":true,"href":"https:\/\/www.librairieclavreuil.com\/en\/wp-json\/wp\/v2\/product_brand?post=76879"},{"taxonomy":"product_cat","embeddable":true,"href":"https:\/\/www.librairieclavreuil.com\/en\/wp-json\/wp\/v2\/product_cat?post=76879"},{"taxonomy":"product_tag","embeddable":true,"href":"https:\/\/www.librairieclavreuil.com\/en\/wp-json\/wp\/v2\/product_tag?post=76879"}],"curies":[{"name":"wp","href":"https:\/\/api.w.org\/{rel}","templated":true}]}}