{"id":76859,"date":"2024-04-26T10:09:39","date_gmt":"2024-04-26T08:09:39","guid":{"rendered":"https:\/\/clavreuil-wordpress.logiciel-arteo.fr\/lavoisier-antoine-laurent-de-resultats-extraits-dun-ouvrage-intitule-de-la-richesse-territoriale-du-royaume-de-france-ouvrage-dont-la-redaction-nest-point-encore-achevee\/"},"modified":"2024-07-15T17:43:08","modified_gmt":"2024-07-15T15:43:08","slug":"lavoisier-antoine-laurent-de-resultats-extraits-dun-ouvrage-intitule-de-la-richesse-territoriale-du-royaume-de-france-ouvrage-dont-la-redaction-nest-point-encore-achevee","status":"publish","type":"product","link":"https:\/\/www.librairieclavreuil.com\/en\/lavoisier-antoine-laurent-de-resultats-extraits-dun-ouvrage-intitule-de-la-richesse-territoriale-du-royaume-de-france-ouvrage-dont-la-redaction-nest-point-encore-achevee\/","title":{"rendered":"LAVOISIER Antoine-Laurent de R\u00e9sultats extraits d&#8217;un ouvrage intitul\u00e9..."},"content":{"rendered":"<p style=\"text-align:justify\"><i>Duveen &amp; Klickstein, 264; INED, 2690; Einaudi, 3272; not in Kress, Goldsmith, or Gustave Gimon collection; cf. J.C. Perrot, Une histoire intellectuelle de l&#8217;\u00e9conomie politique, Paris, 1992, pp. 377-423.<\/i><\/p>\n<p style=\"text-align:justify\"><span style=\"font-variant:small-caps\">First edition, very rare.<\/span><\/p>\n<p style=\"text-align:justify\">One of the founding works on of national statistics with a strong influence of the Physiocratic ideas. The book includes substantial work by Lavoisier&#8217;s close friend Dupont de Nemours..<\/p>\n<p style=\"text-align:justify\">&#8220;Dans le but de pr\u00e9parer l&#8217;\u00e9tablissement de l&#8217;imp\u00f4t direct, [Dupont de Nemours] dressa du revenu agricole un tableau que son coll\u00e8gue et ami Lavoisier corrigea quelque temps apr\u00e8s pour en tirer son ouvrage, malheureusement inachev\u00e9, de la Richesse territoriale de la France. Les donn\u00e9es fournies par Du Pont \u00e9taient loin d&#8217;\u00eatre exactes&#8230; sa tentative n&#8217;est que curieuse; mais elle prouve que les id\u00e9es physiocratiques \u00e9taient toujours en faveur puisqu&#8217;elles pouvaient \u00eatre expos\u00e9es sans contestations dans un comit\u00e9 officiel compos\u00e9 de savants illustres&#8221; (Schelle, Du Pont de Nemours, p. 227ff.).<\/p>\n<p style=\"text-align:justify\">In this book, the original manuscript is lost today, Lavoisier builds based on the evaluation of national revenue and demographic sources budgetary previsions as well previsions for production and consumption. It has been a model for any further statistics during the 19th century.<\/p>\n<p style=\"text-align:justify\">Fine copy.<\/p>\n","protected":false},"excerpt":{"rendered":"<p style=\"text-align:justify\">8vo (212 x 140 mm) 1 nn.l., 48 pp. Stitched as issued, in a modern box.<\/p>\n","protected":false},"featured_media":76856,"comment_status":"open","ping_status":"closed","template":"","meta":{"_acf_changed":false},"product_brand":[],"product_cat":[550],"product_tag":[1450,1211],"class_list":{"0":"post-76859","1":"product","2":"type-product","3":"status-publish","4":"has-post-thumbnail","6":"product_cat-science","7":"product_tag-first-edition","8":"product_tag-statistics","9":"pa_auteur-lavoisier-antoine-laurent-de-2","11":"first","12":"instock","13":"shipping-taxable","14":"purchasable","15":"product-type-simple"},"acf":{"artist":" Antoine-Laurent de LAVOISIER","chapeau":"Physiocracy and early statistics during the French Revolution","adresse_bibliographique":"Paris, Imp. Royale, 1791","book_type":"","provenance":"","afficher_prix":""},"yoast_head":"<!-- This site is optimized with the Yoast SEO plugin v24.7 - https:\/\/yoast.com\/wordpress\/plugins\/seo\/ -->\n<title>LAVOISIER Antoine-Laurent de R\u00e9sultats extraits d&#039;un ouvrage intitul\u00e9 : De la Richesse territoriale du Royaume de France ; Ouvrage dont la r\u00e9daction n&#039;est point encore achev\u00e9e. - Libairie Clavreuil<\/title>\n<meta name=\"robots\" content=\"index, follow, max-snippet:-1, max-image-preview:large, max-video-preview:-1\" \/>\n<link rel=\"canonical\" href=\"https:\/\/www.librairieclavreuil.com\/en\/lavoisier-antoine-laurent-de-resultats-extraits-dun-ouvrage-intitule-de-la-richesse-territoriale-du-royaume-de-france-ouvrage-dont-la-redaction-nest-point-encore-achevee\/\" \/>\n<meta property=\"og:locale\" content=\"en_US\" \/>\n<meta property=\"og:type\" content=\"article\" \/>\n<meta property=\"og:title\" content=\"LAVOISIER Antoine-Laurent de R\u00e9sultats extraits d&#039;un ouvrage intitul\u00e9 : De la Richesse territoriale du Royaume de France ; Ouvrage dont la r\u00e9daction n&#039;est point encore achev\u00e9e. - Libairie Clavreuil\" \/>\n<meta property=\"og:description\" content=\"8vo (212 x 140 mm) 1 nn.l., 48 pp. Stitched as issued, in a modern box.\" \/>\n<meta property=\"og:url\" content=\"https:\/\/www.librairieclavreuil.com\/en\/lavoisier-antoine-laurent-de-resultats-extraits-dun-ouvrage-intitule-de-la-richesse-territoriale-du-royaume-de-france-ouvrage-dont-la-redaction-nest-point-encore-achevee\/\" \/>\n<meta property=\"og:site_name\" content=\"Libairie Clavreuil\" \/>\n<meta property=\"article:modified_time\" content=\"2024-07-15T15:43:08+00:00\" \/>\n<meta property=\"og:image\" content=\"https:\/\/www.librairieclavreuil.com\/wp-content\/uploads\/2024\/04\/antoine-laurent-de-lavoisier-resultats-extraits-d-un-ouvrage-intitule-de-la-richesse-territoriale-du-royaume-de-france-ouvrage-dont-la-redaction-n-est-scaled.jpg\" \/>\n\t<meta property=\"og:image:width\" content=\"1920\" \/>\n\t<meta property=\"og:image:height\" content=\"2560\" \/>\n\t<meta property=\"og:image:type\" content=\"image\/jpeg\" \/>\n<meta name=\"twitter:card\" content=\"summary_large_image\" \/>\n<meta name=\"twitter:label1\" content=\"Est. reading time\" \/>\n\t<meta name=\"twitter:data1\" content=\"1 minute\" \/>\n<script type=\"application\/ld+json\" class=\"yoast-schema-graph\">{\"@context\":\"https:\/\/schema.org\",\"@graph\":[{\"@type\":\"WebPage\",\"@id\":\"https:\/\/www.librairieclavreuil.com\/en\/lavoisier-antoine-laurent-de-resultats-extraits-dun-ouvrage-intitule-de-la-richesse-territoriale-du-royaume-de-france-ouvrage-dont-la-redaction-nest-point-encore-achevee\/\",\"url\":\"https:\/\/www.librairieclavreuil.com\/en\/lavoisier-antoine-laurent-de-resultats-extraits-dun-ouvrage-intitule-de-la-richesse-territoriale-du-royaume-de-france-ouvrage-dont-la-redaction-nest-point-encore-achevee\/\",\"name\":\"LAVOISIER Antoine-Laurent de R\u00e9sultats extraits d'un ouvrage intitul\u00e9 : De la Richesse territoriale du Royaume de France ; Ouvrage dont la r\u00e9daction n'est point encore achev\u00e9e. - Libairie Clavreuil\",\"isPartOf\":{\"@id\":\"https:\/\/www.librairieclavreuil.com\/#website\"},\"primaryImageOfPage\":{\"@id\":\"https:\/\/www.librairieclavreuil.com\/en\/lavoisier-antoine-laurent-de-resultats-extraits-dun-ouvrage-intitule-de-la-richesse-territoriale-du-royaume-de-france-ouvrage-dont-la-redaction-nest-point-encore-achevee\/#primaryimage\"},\"image\":{\"@id\":\"https:\/\/www.librairieclavreuil.com\/en\/lavoisier-antoine-laurent-de-resultats-extraits-dun-ouvrage-intitule-de-la-richesse-territoriale-du-royaume-de-france-ouvrage-dont-la-redaction-nest-point-encore-achevee\/#primaryimage\"},\"thumbnailUrl\":\"https:\/\/www.librairieclavreuil.com\/wp-content\/uploads\/2024\/04\/antoine-laurent-de-lavoisier-resultats-extraits-d-un-ouvrage-intitule-de-la-richesse-territoriale-du-royaume-de-france-ouvrage-dont-la-redaction-n-est-scaled.jpg\",\"datePublished\":\"2024-04-26T08:09:39+00:00\",\"dateModified\":\"2024-07-15T15:43:08+00:00\",\"breadcrumb\":{\"@id\":\"https:\/\/www.librairieclavreuil.com\/en\/lavoisier-antoine-laurent-de-resultats-extraits-dun-ouvrage-intitule-de-la-richesse-territoriale-du-royaume-de-france-ouvrage-dont-la-redaction-nest-point-encore-achevee\/#breadcrumb\"},\"inLanguage\":\"en-US\",\"potentialAction\":[{\"@type\":\"ReadAction\",\"target\":[\"https:\/\/www.librairieclavreuil.com\/en\/lavoisier-antoine-laurent-de-resultats-extraits-dun-ouvrage-intitule-de-la-richesse-territoriale-du-royaume-de-france-ouvrage-dont-la-redaction-nest-point-encore-achevee\/\"]}]},{\"@type\":\"ImageObject\",\"inLanguage\":\"en-US\",\"@id\":\"https:\/\/www.librairieclavreuil.com\/en\/lavoisier-antoine-laurent-de-resultats-extraits-dun-ouvrage-intitule-de-la-richesse-territoriale-du-royaume-de-france-ouvrage-dont-la-redaction-nest-point-encore-achevee\/#primaryimage\",\"url\":\"https:\/\/www.librairieclavreuil.com\/wp-content\/uploads\/2024\/04\/antoine-laurent-de-lavoisier-resultats-extraits-d-un-ouvrage-intitule-de-la-richesse-territoriale-du-royaume-de-france-ouvrage-dont-la-redaction-n-est-scaled.jpg\",\"contentUrl\":\"https:\/\/www.librairieclavreuil.com\/wp-content\/uploads\/2024\/04\/antoine-laurent-de-lavoisier-resultats-extraits-d-un-ouvrage-intitule-de-la-richesse-territoriale-du-royaume-de-france-ouvrage-dont-la-redaction-n-est-scaled.jpg\",\"width\":1920,\"height\":2560},{\"@type\":\"BreadcrumbList\",\"@id\":\"https:\/\/www.librairieclavreuil.com\/en\/lavoisier-antoine-laurent-de-resultats-extraits-dun-ouvrage-intitule-de-la-richesse-territoriale-du-royaume-de-france-ouvrage-dont-la-redaction-nest-point-encore-achevee\/#breadcrumb\",\"itemListElement\":[{\"@type\":\"ListItem\",\"position\":1,\"name\":\"Accueil\",\"item\":\"https:\/\/www.librairieclavreuil.com\/\"},{\"@type\":\"ListItem\",\"position\":2,\"name\":\"All our books\",\"item\":\"https:\/\/www.librairieclavreuil.com\/en\/all-our-books\/\"},{\"@type\":\"ListItem\",\"position\":3,\"name\":\"LAVOISIER Antoine-Laurent de R\u00e9sultats extraits d&#8217;un ouvrage intitul\u00e9 : De la Richesse territoriale du Royaume de France ; Ouvrage dont la r\u00e9daction n&#8217;est point encore achev\u00e9e.\"}]},{\"@type\":\"WebSite\",\"@id\":\"https:\/\/www.librairieclavreuil.com\/#website\",\"url\":\"https:\/\/www.librairieclavreuil.com\/\",\"name\":\"Libairie Clavreuil\",\"description\":\"Livres anciens, manuscrits rares et \u00e9ditions originales \u2013 Librairie Clavreuil\",\"publisher\":{\"@id\":\"https:\/\/www.librairieclavreuil.com\/#organization\"},\"potentialAction\":[{\"@type\":\"SearchAction\",\"target\":{\"@type\":\"EntryPoint\",\"urlTemplate\":\"https:\/\/www.librairieclavreuil.com\/?s={search_term_string}\"},\"query-input\":{\"@type\":\"PropertyValueSpecification\",\"valueRequired\":true,\"valueName\":\"search_term_string\"}}],\"inLanguage\":\"en-US\"},{\"@type\":\"Organization\",\"@id\":\"https:\/\/www.librairieclavreuil.com\/#organization\",\"name\":\"Libairie Clavreuil\",\"url\":\"https:\/\/www.librairieclavreuil.com\/\",\"logo\":{\"@type\":\"ImageObject\",\"inLanguage\":\"en-US\",\"@id\":\"https:\/\/www.librairieclavreuil.com\/#\/schema\/logo\/image\/\",\"url\":\"https:\/\/www.librairieclavreuil.com\/wp-content\/uploads\/2021\/06\/cropped-LOGO_PNG_DATE-_gold-512x512-1.png\",\"contentUrl\":\"https:\/\/www.librairieclavreuil.com\/wp-content\/uploads\/2021\/06\/cropped-LOGO_PNG_DATE-_gold-512x512-1.png\",\"width\":512,\"height\":512,\"caption\":\"Libairie Clavreuil\"},\"image\":{\"@id\":\"https:\/\/www.librairieclavreuil.com\/#\/schema\/logo\/image\/\"},\"sameAs\":[\"https:\/\/www.instagram.com\/librairieclavreuil\/\"]}]}<\/script>\n<!-- \/ Yoast SEO plugin. -->","yoast_head_json":{"title":"LAVOISIER Antoine-Laurent de R\u00e9sultats extraits d'un ouvrage intitul\u00e9 : De la Richesse territoriale du Royaume de France ; Ouvrage dont la r\u00e9daction n'est point encore achev\u00e9e. - Libairie Clavreuil","robots":{"index":"index","follow":"follow","max-snippet":"max-snippet:-1","max-image-preview":"max-image-preview:large","max-video-preview":"max-video-preview:-1"},"canonical":"https:\/\/www.librairieclavreuil.com\/en\/lavoisier-antoine-laurent-de-resultats-extraits-dun-ouvrage-intitule-de-la-richesse-territoriale-du-royaume-de-france-ouvrage-dont-la-redaction-nest-point-encore-achevee\/","og_locale":"en_US","og_type":"article","og_title":"LAVOISIER Antoine-Laurent de R\u00e9sultats extraits d'un ouvrage intitul\u00e9 : De la Richesse territoriale du Royaume de France ; Ouvrage dont la r\u00e9daction n'est point encore achev\u00e9e. - Libairie Clavreuil","og_description":"8vo (212 x 140 mm) 1 nn.l., 48 pp. Stitched as issued, in a modern box.","og_url":"https:\/\/www.librairieclavreuil.com\/en\/lavoisier-antoine-laurent-de-resultats-extraits-dun-ouvrage-intitule-de-la-richesse-territoriale-du-royaume-de-france-ouvrage-dont-la-redaction-nest-point-encore-achevee\/","og_site_name":"Libairie Clavreuil","article_modified_time":"2024-07-15T15:43:08+00:00","og_image":[{"width":1920,"height":2560,"url":"https:\/\/www.librairieclavreuil.com\/wp-content\/uploads\/2024\/04\/antoine-laurent-de-lavoisier-resultats-extraits-d-un-ouvrage-intitule-de-la-richesse-territoriale-du-royaume-de-france-ouvrage-dont-la-redaction-n-est-scaled.jpg","type":"image\/jpeg"}],"twitter_card":"summary_large_image","twitter_misc":{"Est. reading time":"1 minute"},"schema":{"@context":"https:\/\/schema.org","@graph":[{"@type":"WebPage","@id":"https:\/\/www.librairieclavreuil.com\/en\/lavoisier-antoine-laurent-de-resultats-extraits-dun-ouvrage-intitule-de-la-richesse-territoriale-du-royaume-de-france-ouvrage-dont-la-redaction-nest-point-encore-achevee\/","url":"https:\/\/www.librairieclavreuil.com\/en\/lavoisier-antoine-laurent-de-resultats-extraits-dun-ouvrage-intitule-de-la-richesse-territoriale-du-royaume-de-france-ouvrage-dont-la-redaction-nest-point-encore-achevee\/","name":"LAVOISIER Antoine-Laurent de R\u00e9sultats extraits d'un ouvrage intitul\u00e9 : De la Richesse territoriale du Royaume de France ; Ouvrage dont la r\u00e9daction n'est point encore achev\u00e9e. - Libairie Clavreuil","isPartOf":{"@id":"https:\/\/www.librairieclavreuil.com\/#website"},"primaryImageOfPage":{"@id":"https:\/\/www.librairieclavreuil.com\/en\/lavoisier-antoine-laurent-de-resultats-extraits-dun-ouvrage-intitule-de-la-richesse-territoriale-du-royaume-de-france-ouvrage-dont-la-redaction-nest-point-encore-achevee\/#primaryimage"},"image":{"@id":"https:\/\/www.librairieclavreuil.com\/en\/lavoisier-antoine-laurent-de-resultats-extraits-dun-ouvrage-intitule-de-la-richesse-territoriale-du-royaume-de-france-ouvrage-dont-la-redaction-nest-point-encore-achevee\/#primaryimage"},"thumbnailUrl":"https:\/\/www.librairieclavreuil.com\/wp-content\/uploads\/2024\/04\/antoine-laurent-de-lavoisier-resultats-extraits-d-un-ouvrage-intitule-de-la-richesse-territoriale-du-royaume-de-france-ouvrage-dont-la-redaction-n-est-scaled.jpg","datePublished":"2024-04-26T08:09:39+00:00","dateModified":"2024-07-15T15:43:08+00:00","breadcrumb":{"@id":"https:\/\/www.librairieclavreuil.com\/en\/lavoisier-antoine-laurent-de-resultats-extraits-dun-ouvrage-intitule-de-la-richesse-territoriale-du-royaume-de-france-ouvrage-dont-la-redaction-nest-point-encore-achevee\/#breadcrumb"},"inLanguage":"en-US","potentialAction":[{"@type":"ReadAction","target":["https:\/\/www.librairieclavreuil.com\/en\/lavoisier-antoine-laurent-de-resultats-extraits-dun-ouvrage-intitule-de-la-richesse-territoriale-du-royaume-de-france-ouvrage-dont-la-redaction-nest-point-encore-achevee\/"]}]},{"@type":"ImageObject","inLanguage":"en-US","@id":"https:\/\/www.librairieclavreuil.com\/en\/lavoisier-antoine-laurent-de-resultats-extraits-dun-ouvrage-intitule-de-la-richesse-territoriale-du-royaume-de-france-ouvrage-dont-la-redaction-nest-point-encore-achevee\/#primaryimage","url":"https:\/\/www.librairieclavreuil.com\/wp-content\/uploads\/2024\/04\/antoine-laurent-de-lavoisier-resultats-extraits-d-un-ouvrage-intitule-de-la-richesse-territoriale-du-royaume-de-france-ouvrage-dont-la-redaction-n-est-scaled.jpg","contentUrl":"https:\/\/www.librairieclavreuil.com\/wp-content\/uploads\/2024\/04\/antoine-laurent-de-lavoisier-resultats-extraits-d-un-ouvrage-intitule-de-la-richesse-territoriale-du-royaume-de-france-ouvrage-dont-la-redaction-n-est-scaled.jpg","width":1920,"height":2560},{"@type":"BreadcrumbList","@id":"https:\/\/www.librairieclavreuil.com\/en\/lavoisier-antoine-laurent-de-resultats-extraits-dun-ouvrage-intitule-de-la-richesse-territoriale-du-royaume-de-france-ouvrage-dont-la-redaction-nest-point-encore-achevee\/#breadcrumb","itemListElement":[{"@type":"ListItem","position":1,"name":"Accueil","item":"https:\/\/www.librairieclavreuil.com\/"},{"@type":"ListItem","position":2,"name":"All our books","item":"https:\/\/www.librairieclavreuil.com\/en\/all-our-books\/"},{"@type":"ListItem","position":3,"name":"LAVOISIER Antoine-Laurent de R\u00e9sultats extraits d&#8217;un ouvrage intitul\u00e9 : De la Richesse territoriale du Royaume de France ; Ouvrage dont la r\u00e9daction n&#8217;est point encore achev\u00e9e."}]},{"@type":"WebSite","@id":"https:\/\/www.librairieclavreuil.com\/#website","url":"https:\/\/www.librairieclavreuil.com\/","name":"Libairie Clavreuil","description":"Livres anciens, manuscrits rares et \u00e9ditions originales \u2013 Librairie Clavreuil","publisher":{"@id":"https:\/\/www.librairieclavreuil.com\/#organization"},"potentialAction":[{"@type":"SearchAction","target":{"@type":"EntryPoint","urlTemplate":"https:\/\/www.librairieclavreuil.com\/?s={search_term_string}"},"query-input":{"@type":"PropertyValueSpecification","valueRequired":true,"valueName":"search_term_string"}}],"inLanguage":"en-US"},{"@type":"Organization","@id":"https:\/\/www.librairieclavreuil.com\/#organization","name":"Libairie Clavreuil","url":"https:\/\/www.librairieclavreuil.com\/","logo":{"@type":"ImageObject","inLanguage":"en-US","@id":"https:\/\/www.librairieclavreuil.com\/#\/schema\/logo\/image\/","url":"https:\/\/www.librairieclavreuil.com\/wp-content\/uploads\/2021\/06\/cropped-LOGO_PNG_DATE-_gold-512x512-1.png","contentUrl":"https:\/\/www.librairieclavreuil.com\/wp-content\/uploads\/2021\/06\/cropped-LOGO_PNG_DATE-_gold-512x512-1.png","width":512,"height":512,"caption":"Libairie Clavreuil"},"image":{"@id":"https:\/\/www.librairieclavreuil.com\/#\/schema\/logo\/image\/"},"sameAs":["https:\/\/www.instagram.com\/librairieclavreuil\/"]}]}},"jetpack_sharing_enabled":true,"_links":{"self":[{"href":"https:\/\/www.librairieclavreuil.com\/en\/wp-json\/wp\/v2\/product\/76859","targetHints":{"allow":["GET"]}}],"collection":[{"href":"https:\/\/www.librairieclavreuil.com\/en\/wp-json\/wp\/v2\/product"}],"about":[{"href":"https:\/\/www.librairieclavreuil.com\/en\/wp-json\/wp\/v2\/types\/product"}],"replies":[{"embeddable":true,"href":"https:\/\/www.librairieclavreuil.com\/en\/wp-json\/wp\/v2\/comments?post=76859"}],"wp:featuredmedia":[{"embeddable":true,"href":"https:\/\/www.librairieclavreuil.com\/en\/wp-json\/wp\/v2\/media\/76856"}],"wp:attachment":[{"href":"https:\/\/www.librairieclavreuil.com\/en\/wp-json\/wp\/v2\/media?parent=76859"}],"wp:term":[{"taxonomy":"product_brand","embeddable":true,"href":"https:\/\/www.librairieclavreuil.com\/en\/wp-json\/wp\/v2\/product_brand?post=76859"},{"taxonomy":"product_cat","embeddable":true,"href":"https:\/\/www.librairieclavreuil.com\/en\/wp-json\/wp\/v2\/product_cat?post=76859"},{"taxonomy":"product_tag","embeddable":true,"href":"https:\/\/www.librairieclavreuil.com\/en\/wp-json\/wp\/v2\/product_tag?post=76859"}],"curies":[{"name":"wp","href":"https:\/\/api.w.org\/{rel}","templated":true}]}}