{"id":76855,"date":"2024-04-26T10:08:54","date_gmt":"2024-04-26T08:08:54","guid":{"rendered":"https:\/\/clavreuil-wordpress.logiciel-arteo.fr\/tifaut-de-la-noue-jerome-reflexions-philosophiques-sur-limpot-ou-lon-discute-les-principes-des-economistes-ou-lon-indique-un-plan-de-perception-patriotique-accompagnees-de-notes\/"},"modified":"2024-07-15T17:42:51","modified_gmt":"2024-07-15T15:42:51","slug":"tifaut-de-la-noue-jerome-reflexions-philosophiques-sur-limpot-ou-lon-discute-les-principes-des-economistes-ou-lon-indique-un-plan-de-perception-patriotique-accompagnees-de-notes","status":"publish","type":"product","link":"https:\/\/www.librairieclavreuil.com\/en\/tifaut-de-la-noue-jerome-reflexions-philosophiques-sur-limpot-ou-lon-discute-les-principes-des-economistes-ou-lon-indique-un-plan-de-perception-patriotique-accompagnees-de-notes\/","title":{"rendered":"TIFAUT DE LA NOUE J\u00e9r\u00f4me R\u00e9flexions philosophiques sur..."},"content":{"rendered":"<p style=\"text-align:justify\"><i>INED, 4326.<\/i><\/p>\n<p style=\"text-align:justify\"><span style=\"font-variant:small-caps\">First edition.<\/span><\/p>\n<p style=\"text-align:justify\">The author criticises Des Glanni\u00e8res&#8217; taxation plan and proposes a collection plan based on the standard of living and social status of individuals.<\/p>\n<p style=\"text-align:justify\">This copy shows signs of wear to the headpieces and spines; a bullet fired into the lower cover of the binding has left an impact mark and caused a 2 cm split in the last 35 leaves.<\/p>\n<p style=\"text-align:justify\">The table of contents was mistakenly bound after page 192.<\/p>\n","protected":false},"excerpt":{"rendered":"<p style=\"text-align:justify\">8vo (175 x 116 mm) 1 engraved forntispiece., XX, 361 pp., 1 plate engraved by the author. Contemporary sheep, spine gilt with raised bands.<\/p>\n","protected":false},"featured_media":76848,"comment_status":"open","ping_status":"closed","template":"","meta":{"_acf_changed":false},"product_brand":[],"product_cat":[536],"product_tag":[1209,1450,1208],"class_list":{"0":"post-76855","1":"product","2":"type-product","3":"status-publish","4":"has-post-thumbnail","6":"product_cat-right-economy","7":"product_tag-economics","8":"product_tag-first-edition","9":"product_tag-political-economy","10":"pa_auteur-tifaut-de-la-noue-jerome-2","11":"pa_type-de-livre-printed-book","13":"first","14":"instock","15":"shipping-taxable","16":"purchasable","17":"product-type-simple"},"acf":{"artist":" J\u00e9r\u00f4me TIFAUT DE LA NOUE","chapeau":"","adresse_bibliographique":"Londres et Paris, Barrois et Didot, 1775","book_type":"Printed book","provenance":"","afficher_prix":""},"yoast_head":"<!-- This site is optimized with the Yoast SEO plugin v24.7 - https:\/\/yoast.com\/wordpress\/plugins\/seo\/ -->\n<title>TIFAUT DE LA NOUE J\u00e9r\u00f4me R\u00e9flexions philosophiques sur l&#039;imp\u00f4t, O\u00f9 l&#039;on discute les Principes des Economistes, &amp; o\u00f9 l&#039;on indique un plan de perception patriotique; accompagn\u00e9es de notes. - Libairie Clavreuil<\/title>\n<meta name=\"robots\" content=\"index, follow, max-snippet:-1, max-image-preview:large, max-video-preview:-1\" \/>\n<link rel=\"canonical\" href=\"https:\/\/www.librairieclavreuil.com\/produit\/tifaut-de-la-noue-jerome-reflexions-philosophiques-sur-limpot-ou-lon-discute-les-principes-des-economistes-ou-lon-indique-un-plan-de-perception-patriotique-accompagnees-de-notes\/\" \/>\n<meta property=\"og:locale\" content=\"en_US\" \/>\n<meta property=\"og:type\" content=\"article\" \/>\n<meta property=\"og:title\" content=\"TIFAUT DE LA NOUE J\u00e9r\u00f4me R\u00e9flexions philosophiques sur l&#039;imp\u00f4t, O\u00f9 l&#039;on discute les Principes des Economistes, &amp; o\u00f9 l&#039;on indique un plan de perception patriotique; accompagn\u00e9es de notes. - Libairie Clavreuil\" \/>\n<meta property=\"og:description\" content=\"8vo (175 x 116 mm) 1 engraved forntispiece., XX, 361 pp., 1 plate engraved by the author. Contemporary sheep, spine gilt with raised bands.\" \/>\n<meta property=\"og:url\" content=\"https:\/\/www.librairieclavreuil.com\/produit\/tifaut-de-la-noue-jerome-reflexions-philosophiques-sur-limpot-ou-lon-discute-les-principes-des-economistes-ou-lon-indique-un-plan-de-perception-patriotique-accompagnees-de-notes\/\" \/>\n<meta property=\"og:site_name\" content=\"Libairie Clavreuil\" \/>\n<meta property=\"article:modified_time\" content=\"2024-07-15T15:42:51+00:00\" \/>\n<meta property=\"og:image\" content=\"https:\/\/www.librairieclavreuil.com\/wp-content\/uploads\/2024\/04\/jerome-tifaut-de-la-noue-reflexions-philosophiques-sur-l-impot-ou-l-on-discute-les-principes-des-economistes-ou-l-on-indique-un-plan-de-perception-pat-scaled.jpg\" \/>\n\t<meta property=\"og:image:width\" content=\"1920\" \/>\n\t<meta property=\"og:image:height\" content=\"2560\" \/>\n\t<meta property=\"og:image:type\" content=\"image\/jpeg\" \/>\n<meta name=\"twitter:card\" content=\"summary_large_image\" \/>\n<script type=\"application\/ld+json\" class=\"yoast-schema-graph\">{\"@context\":\"https:\/\/schema.org\",\"@graph\":[{\"@type\":\"WebPage\",\"@id\":\"https:\/\/www.librairieclavreuil.com\/produit\/tifaut-de-la-noue-jerome-reflexions-philosophiques-sur-limpot-ou-lon-discute-les-principes-des-economistes-ou-lon-indique-un-plan-de-perception-patriotique-accompagnees-de-notes\/\",\"url\":\"https:\/\/www.librairieclavreuil.com\/produit\/tifaut-de-la-noue-jerome-reflexions-philosophiques-sur-limpot-ou-lon-discute-les-principes-des-economistes-ou-lon-indique-un-plan-de-perception-patriotique-accompagnees-de-notes\/\",\"name\":\"TIFAUT DE LA NOUE J\u00e9r\u00f4me R\u00e9flexions philosophiques sur l'imp\u00f4t, O\u00f9 l'on discute les Principes des Economistes, &amp; o\u00f9 l'on indique un plan de perception patriotique; accompagn\u00e9es de notes. - Libairie Clavreuil\",\"isPartOf\":{\"@id\":\"https:\/\/www.librairieclavreuil.com\/#website\"},\"primaryImageOfPage\":{\"@id\":\"https:\/\/www.librairieclavreuil.com\/produit\/tifaut-de-la-noue-jerome-reflexions-philosophiques-sur-limpot-ou-lon-discute-les-principes-des-economistes-ou-lon-indique-un-plan-de-perception-patriotique-accompagnees-de-notes\/#primaryimage\"},\"image\":{\"@id\":\"https:\/\/www.librairieclavreuil.com\/produit\/tifaut-de-la-noue-jerome-reflexions-philosophiques-sur-limpot-ou-lon-discute-les-principes-des-economistes-ou-lon-indique-un-plan-de-perception-patriotique-accompagnees-de-notes\/#primaryimage\"},\"thumbnailUrl\":\"https:\/\/www.librairieclavreuil.com\/wp-content\/uploads\/2024\/04\/jerome-tifaut-de-la-noue-reflexions-philosophiques-sur-l-impot-ou-l-on-discute-les-principes-des-economistes-ou-l-on-indique-un-plan-de-perception-pat-scaled.jpg\",\"datePublished\":\"2024-04-26T08:08:54+00:00\",\"dateModified\":\"2024-07-15T15:42:51+00:00\",\"breadcrumb\":{\"@id\":\"https:\/\/www.librairieclavreuil.com\/produit\/tifaut-de-la-noue-jerome-reflexions-philosophiques-sur-limpot-ou-lon-discute-les-principes-des-economistes-ou-lon-indique-un-plan-de-perception-patriotique-accompagnees-de-notes\/#breadcrumb\"},\"inLanguage\":\"en-US\",\"potentialAction\":[{\"@type\":\"ReadAction\",\"target\":[\"https:\/\/www.librairieclavreuil.com\/produit\/tifaut-de-la-noue-jerome-reflexions-philosophiques-sur-limpot-ou-lon-discute-les-principes-des-economistes-ou-lon-indique-un-plan-de-perception-patriotique-accompagnees-de-notes\/\"]}]},{\"@type\":\"ImageObject\",\"inLanguage\":\"en-US\",\"@id\":\"https:\/\/www.librairieclavreuil.com\/produit\/tifaut-de-la-noue-jerome-reflexions-philosophiques-sur-limpot-ou-lon-discute-les-principes-des-economistes-ou-lon-indique-un-plan-de-perception-patriotique-accompagnees-de-notes\/#primaryimage\",\"url\":\"https:\/\/www.librairieclavreuil.com\/wp-content\/uploads\/2024\/04\/jerome-tifaut-de-la-noue-reflexions-philosophiques-sur-l-impot-ou-l-on-discute-les-principes-des-economistes-ou-l-on-indique-un-plan-de-perception-pat-scaled.jpg\",\"contentUrl\":\"https:\/\/www.librairieclavreuil.com\/wp-content\/uploads\/2024\/04\/jerome-tifaut-de-la-noue-reflexions-philosophiques-sur-l-impot-ou-l-on-discute-les-principes-des-economistes-ou-l-on-indique-un-plan-de-perception-pat-scaled.jpg\",\"width\":1920,\"height\":2560},{\"@type\":\"BreadcrumbList\",\"@id\":\"https:\/\/www.librairieclavreuil.com\/produit\/tifaut-de-la-noue-jerome-reflexions-philosophiques-sur-limpot-ou-lon-discute-les-principes-des-economistes-ou-lon-indique-un-plan-de-perception-patriotique-accompagnees-de-notes\/#breadcrumb\",\"itemListElement\":[{\"@type\":\"ListItem\",\"position\":1,\"name\":\"Accueil\",\"item\":\"https:\/\/www.librairieclavreuil.com\/\"},{\"@type\":\"ListItem\",\"position\":2,\"name\":\"All our books\",\"item\":\"https:\/\/www.librairieclavreuil.com\/en\/all-our-books\/\"},{\"@type\":\"ListItem\",\"position\":3,\"name\":\"TIFAUT DE LA NOUE J\u00e9r\u00f4me R\u00e9flexions philosophiques sur...\"}]},{\"@type\":\"WebSite\",\"@id\":\"https:\/\/www.librairieclavreuil.com\/#website\",\"url\":\"https:\/\/www.librairieclavreuil.com\/\",\"name\":\"Libairie Clavreuil\",\"description\":\"Livres anciens, manuscrits rares et \u00e9ditions originales \u2013 Librairie Clavreuil\",\"publisher\":{\"@id\":\"https:\/\/www.librairieclavreuil.com\/#organization\"},\"potentialAction\":[{\"@type\":\"SearchAction\",\"target\":{\"@type\":\"EntryPoint\",\"urlTemplate\":\"https:\/\/www.librairieclavreuil.com\/?s={search_term_string}\"},\"query-input\":{\"@type\":\"PropertyValueSpecification\",\"valueRequired\":true,\"valueName\":\"search_term_string\"}}],\"inLanguage\":\"en-US\"},{\"@type\":\"Organization\",\"@id\":\"https:\/\/www.librairieclavreuil.com\/#organization\",\"name\":\"Libairie Clavreuil\",\"url\":\"https:\/\/www.librairieclavreuil.com\/\",\"logo\":{\"@type\":\"ImageObject\",\"inLanguage\":\"en-US\",\"@id\":\"https:\/\/www.librairieclavreuil.com\/#\/schema\/logo\/image\/\",\"url\":\"https:\/\/www.librairieclavreuil.com\/wp-content\/uploads\/2021\/06\/cropped-LOGO_PNG_DATE-_gold-512x512-1.png\",\"contentUrl\":\"https:\/\/www.librairieclavreuil.com\/wp-content\/uploads\/2021\/06\/cropped-LOGO_PNG_DATE-_gold-512x512-1.png\",\"width\":512,\"height\":512,\"caption\":\"Libairie Clavreuil\"},\"image\":{\"@id\":\"https:\/\/www.librairieclavreuil.com\/#\/schema\/logo\/image\/\"},\"sameAs\":[\"https:\/\/www.instagram.com\/librairieclavreuil\/\"]}]}<\/script>\n<!-- \/ Yoast SEO plugin. -->","yoast_head_json":{"title":"TIFAUT DE LA NOUE J\u00e9r\u00f4me R\u00e9flexions philosophiques sur l'imp\u00f4t, O\u00f9 l'on discute les Principes des Economistes, &amp; o\u00f9 l'on indique un plan de perception patriotique; accompagn\u00e9es de notes. - Libairie Clavreuil","robots":{"index":"index","follow":"follow","max-snippet":"max-snippet:-1","max-image-preview":"max-image-preview:large","max-video-preview":"max-video-preview:-1"},"canonical":"https:\/\/www.librairieclavreuil.com\/produit\/tifaut-de-la-noue-jerome-reflexions-philosophiques-sur-limpot-ou-lon-discute-les-principes-des-economistes-ou-lon-indique-un-plan-de-perception-patriotique-accompagnees-de-notes\/","og_locale":"en_US","og_type":"article","og_title":"TIFAUT DE LA NOUE J\u00e9r\u00f4me R\u00e9flexions philosophiques sur l'imp\u00f4t, O\u00f9 l'on discute les Principes des Economistes, &amp; o\u00f9 l'on indique un plan de perception patriotique; accompagn\u00e9es de notes. - Libairie Clavreuil","og_description":"8vo (175 x 116 mm) 1 engraved forntispiece., XX, 361 pp., 1 plate engraved by the author. Contemporary sheep, spine gilt with raised bands.","og_url":"https:\/\/www.librairieclavreuil.com\/produit\/tifaut-de-la-noue-jerome-reflexions-philosophiques-sur-limpot-ou-lon-discute-les-principes-des-economistes-ou-lon-indique-un-plan-de-perception-patriotique-accompagnees-de-notes\/","og_site_name":"Libairie Clavreuil","article_modified_time":"2024-07-15T15:42:51+00:00","og_image":[{"width":1920,"height":2560,"url":"https:\/\/www.librairieclavreuil.com\/wp-content\/uploads\/2024\/04\/jerome-tifaut-de-la-noue-reflexions-philosophiques-sur-l-impot-ou-l-on-discute-les-principes-des-economistes-ou-l-on-indique-un-plan-de-perception-pat-scaled.jpg","type":"image\/jpeg"}],"twitter_card":"summary_large_image","schema":{"@context":"https:\/\/schema.org","@graph":[{"@type":"WebPage","@id":"https:\/\/www.librairieclavreuil.com\/produit\/tifaut-de-la-noue-jerome-reflexions-philosophiques-sur-limpot-ou-lon-discute-les-principes-des-economistes-ou-lon-indique-un-plan-de-perception-patriotique-accompagnees-de-notes\/","url":"https:\/\/www.librairieclavreuil.com\/produit\/tifaut-de-la-noue-jerome-reflexions-philosophiques-sur-limpot-ou-lon-discute-les-principes-des-economistes-ou-lon-indique-un-plan-de-perception-patriotique-accompagnees-de-notes\/","name":"TIFAUT DE LA NOUE J\u00e9r\u00f4me R\u00e9flexions philosophiques sur l'imp\u00f4t, O\u00f9 l'on discute les Principes des Economistes, &amp; o\u00f9 l'on indique un plan de perception patriotique; accompagn\u00e9es de notes. - Libairie Clavreuil","isPartOf":{"@id":"https:\/\/www.librairieclavreuil.com\/#website"},"primaryImageOfPage":{"@id":"https:\/\/www.librairieclavreuil.com\/produit\/tifaut-de-la-noue-jerome-reflexions-philosophiques-sur-limpot-ou-lon-discute-les-principes-des-economistes-ou-lon-indique-un-plan-de-perception-patriotique-accompagnees-de-notes\/#primaryimage"},"image":{"@id":"https:\/\/www.librairieclavreuil.com\/produit\/tifaut-de-la-noue-jerome-reflexions-philosophiques-sur-limpot-ou-lon-discute-les-principes-des-economistes-ou-lon-indique-un-plan-de-perception-patriotique-accompagnees-de-notes\/#primaryimage"},"thumbnailUrl":"https:\/\/www.librairieclavreuil.com\/wp-content\/uploads\/2024\/04\/jerome-tifaut-de-la-noue-reflexions-philosophiques-sur-l-impot-ou-l-on-discute-les-principes-des-economistes-ou-l-on-indique-un-plan-de-perception-pat-scaled.jpg","datePublished":"2024-04-26T08:08:54+00:00","dateModified":"2024-07-15T15:42:51+00:00","breadcrumb":{"@id":"https:\/\/www.librairieclavreuil.com\/produit\/tifaut-de-la-noue-jerome-reflexions-philosophiques-sur-limpot-ou-lon-discute-les-principes-des-economistes-ou-lon-indique-un-plan-de-perception-patriotique-accompagnees-de-notes\/#breadcrumb"},"inLanguage":"en-US","potentialAction":[{"@type":"ReadAction","target":["https:\/\/www.librairieclavreuil.com\/produit\/tifaut-de-la-noue-jerome-reflexions-philosophiques-sur-limpot-ou-lon-discute-les-principes-des-economistes-ou-lon-indique-un-plan-de-perception-patriotique-accompagnees-de-notes\/"]}]},{"@type":"ImageObject","inLanguage":"en-US","@id":"https:\/\/www.librairieclavreuil.com\/produit\/tifaut-de-la-noue-jerome-reflexions-philosophiques-sur-limpot-ou-lon-discute-les-principes-des-economistes-ou-lon-indique-un-plan-de-perception-patriotique-accompagnees-de-notes\/#primaryimage","url":"https:\/\/www.librairieclavreuil.com\/wp-content\/uploads\/2024\/04\/jerome-tifaut-de-la-noue-reflexions-philosophiques-sur-l-impot-ou-l-on-discute-les-principes-des-economistes-ou-l-on-indique-un-plan-de-perception-pat-scaled.jpg","contentUrl":"https:\/\/www.librairieclavreuil.com\/wp-content\/uploads\/2024\/04\/jerome-tifaut-de-la-noue-reflexions-philosophiques-sur-l-impot-ou-l-on-discute-les-principes-des-economistes-ou-l-on-indique-un-plan-de-perception-pat-scaled.jpg","width":1920,"height":2560},{"@type":"BreadcrumbList","@id":"https:\/\/www.librairieclavreuil.com\/produit\/tifaut-de-la-noue-jerome-reflexions-philosophiques-sur-limpot-ou-lon-discute-les-principes-des-economistes-ou-lon-indique-un-plan-de-perception-patriotique-accompagnees-de-notes\/#breadcrumb","itemListElement":[{"@type":"ListItem","position":1,"name":"Accueil","item":"https:\/\/www.librairieclavreuil.com\/"},{"@type":"ListItem","position":2,"name":"All our books","item":"https:\/\/www.librairieclavreuil.com\/en\/all-our-books\/"},{"@type":"ListItem","position":3,"name":"TIFAUT DE LA NOUE J\u00e9r\u00f4me R\u00e9flexions philosophiques sur..."}]},{"@type":"WebSite","@id":"https:\/\/www.librairieclavreuil.com\/#website","url":"https:\/\/www.librairieclavreuil.com\/","name":"Libairie Clavreuil","description":"Livres anciens, manuscrits rares et \u00e9ditions originales \u2013 Librairie Clavreuil","publisher":{"@id":"https:\/\/www.librairieclavreuil.com\/#organization"},"potentialAction":[{"@type":"SearchAction","target":{"@type":"EntryPoint","urlTemplate":"https:\/\/www.librairieclavreuil.com\/?s={search_term_string}"},"query-input":{"@type":"PropertyValueSpecification","valueRequired":true,"valueName":"search_term_string"}}],"inLanguage":"en-US"},{"@type":"Organization","@id":"https:\/\/www.librairieclavreuil.com\/#organization","name":"Libairie Clavreuil","url":"https:\/\/www.librairieclavreuil.com\/","logo":{"@type":"ImageObject","inLanguage":"en-US","@id":"https:\/\/www.librairieclavreuil.com\/#\/schema\/logo\/image\/","url":"https:\/\/www.librairieclavreuil.com\/wp-content\/uploads\/2021\/06\/cropped-LOGO_PNG_DATE-_gold-512x512-1.png","contentUrl":"https:\/\/www.librairieclavreuil.com\/wp-content\/uploads\/2021\/06\/cropped-LOGO_PNG_DATE-_gold-512x512-1.png","width":512,"height":512,"caption":"Libairie Clavreuil"},"image":{"@id":"https:\/\/www.librairieclavreuil.com\/#\/schema\/logo\/image\/"},"sameAs":["https:\/\/www.instagram.com\/librairieclavreuil\/"]}]}},"jetpack_sharing_enabled":true,"_links":{"self":[{"href":"https:\/\/www.librairieclavreuil.com\/en\/wp-json\/wp\/v2\/product\/76855","targetHints":{"allow":["GET"]}}],"collection":[{"href":"https:\/\/www.librairieclavreuil.com\/en\/wp-json\/wp\/v2\/product"}],"about":[{"href":"https:\/\/www.librairieclavreuil.com\/en\/wp-json\/wp\/v2\/types\/product"}],"replies":[{"embeddable":true,"href":"https:\/\/www.librairieclavreuil.com\/en\/wp-json\/wp\/v2\/comments?post=76855"}],"wp:featuredmedia":[{"embeddable":true,"href":"https:\/\/www.librairieclavreuil.com\/en\/wp-json\/wp\/v2\/media\/76848"}],"wp:attachment":[{"href":"https:\/\/www.librairieclavreuil.com\/en\/wp-json\/wp\/v2\/media?parent=76855"}],"wp:term":[{"taxonomy":"product_brand","embeddable":true,"href":"https:\/\/www.librairieclavreuil.com\/en\/wp-json\/wp\/v2\/product_brand?post=76855"},{"taxonomy":"product_cat","embeddable":true,"href":"https:\/\/www.librairieclavreuil.com\/en\/wp-json\/wp\/v2\/product_cat?post=76855"},{"taxonomy":"product_tag","embeddable":true,"href":"https:\/\/www.librairieclavreuil.com\/en\/wp-json\/wp\/v2\/product_tag?post=76855"}],"curies":[{"name":"wp","href":"https:\/\/api.w.org\/{rel}","templated":true}]}}