{"id":76847,"date":"2024-04-26T10:08:16","date_gmt":"2024-04-26T08:08:16","guid":{"rendered":"https:\/\/clavreuil-wordpress.logiciel-arteo.fr\/messance-recherches-sur-la-population-des-generalites-dauvergne-de-lyon-de-rouen-et-de-quelques-provinces-et-villes-du-royaume-avec-des-reflexions-sur-la-valeur-du-bled-tant-en-france-quen-an\/"},"modified":"2025-06-03T12:42:11","modified_gmt":"2025-06-03T10:42:11","slug":"messance-recherches-sur-la-population-des-generalites-dauvergne-de-lyon-de-rouen-et-de-quelques-provinces-et-villes-du-royaume-avec-des-reflexions-sur-la-valeur-du-bled-tant-en-france-quen-an","status":"publish","type":"product","link":"https:\/\/www.librairieclavreuil.com\/en\/messance-recherches-sur-la-population-des-generalites-dauvergne-de-lyon-de-rouen-et-de-quelques-provinces-et-villes-du-royaume-avec-des-reflexions-sur-la-valeur-du-bled-tant-en-france-quen-an\/","title":{"rendered":"MESSANCE Recherches sur la population des g\u00e9n\u00e9ralit\u00e9s d&#8217;Auvergne,..."},"content":{"rendered":"<p style=\"text-align:justify\"><i>Einaudi 3852; Goldsmiths&#8217; 10185 ; Kress 6364 (&#8220;also attributed to abb\u00e9 Joseph Audra and to M. de La Michaudi\u00e8re&#8221;) ; INED 3152.<\/i><\/p>\n<p style=\"text-align:justify\"><span style=\"font-variant:small-caps\">First edition.<\/span><\/p>\n<p style=\"text-align:justify\">According to Kress this work should be, albeit the name indicated on the title page, attributed to either l&#8217;abb\u00e9 Audra or La Michaudi\u00e8re.<\/p>\n<p style=\"text-align:justify\">This highly important essay precedes Malthus&#8217; seminal work <i>On Population<\/i> (London 1798) by three decades. Messance combines detailed information on many important French cities such as Lyon, Rouen, Paris, Toulon, Marseille, Aix, Clermont-Ferrand, Avignon, Le Havre; the demographic situation of Geneva is also mentioned.<\/p>\n<p style=\"text-align:justify\">Fine copy, complete with the last leaf of the bookseller&#8217;s catalogue. Attractive contemporary French binding, with the spine beautifully decorated with a special tool depicting a sheaf of wheat.<\/p>\n","protected":false},"excerpt":{"rendered":"<p style=\"text-align:justify\">4to (257 x 197 mm), 4 nn.ll., 330 pp., 3 nn.ll. Contemporary speckled calf, triple gilt fillet on covers, spine gilt with five raised bands decorated with a special tool, red speckled edges.<\/p>\n","protected":false},"featured_media":82535,"comment_status":"open","ping_status":"closed","template":"","meta":{"_acf_changed":false},"product_brand":[],"product_cat":[536],"product_tag":[1209,1450],"class_list":{"0":"post-76847","1":"product","2":"type-product","3":"status-publish","4":"has-post-thumbnail","6":"product_cat-right-economy","7":"product_tag-economics","8":"product_tag-first-edition","9":"pa_auteur-messance-2","10":"pa_type-de-livre-printed-book","12":"first","13":"instock","14":"shipping-taxable","15":"purchasable","16":"product-type-simple"},"acf":{"artist":"MESSANCE","chapeau":"","adresse_bibliographique":"Paris, Durand, 1766","book_type":"Printed book","provenance":"Provenance : Charles de Croze (autograph note on front flyleaf '\u00e0 Charles de Croze et \u00e0 ses amis').","afficher_prix":""},"yoast_head":"<!-- This site is optimized with the Yoast SEO plugin v24.7 - https:\/\/yoast.com\/wordpress\/plugins\/seo\/ -->\n<title>MESSANCE  Recherches sur la population des g\u00e9n\u00e9ralit\u00e9s d&#039;Auvergne, de Lyon, de Rouen, et de quelques provinces et villes du royaume, avec des r\u00e9flexions sur la valeur du bled tant en France qu&#039;en Angleterre, depuis 1674 jusqu&#039;en 1764. - Libairie Clavreuil<\/title>\n<meta name=\"robots\" content=\"index, follow, max-snippet:-1, max-image-preview:large, max-video-preview:-1\" \/>\n<link rel=\"canonical\" href=\"https:\/\/www.librairieclavreuil.com\/en\/messance-recherches-sur-la-population-des-generalites-dauvergne-de-lyon-de-rouen-et-de-quelques-provinces-et-villes-du-royaume-avec-des-reflexions-sur-la-valeur-du-bled-tant-en-france-quen-an\/\" \/>\n<meta property=\"og:locale\" content=\"en_US\" \/>\n<meta property=\"og:type\" content=\"article\" \/>\n<meta property=\"og:title\" content=\"MESSANCE  Recherches sur la population des g\u00e9n\u00e9ralit\u00e9s d&#039;Auvergne, de Lyon, de Rouen, et de quelques provinces et villes du royaume, avec des r\u00e9flexions sur la valeur du bled tant en France qu&#039;en Angleterre, depuis 1674 jusqu&#039;en 1764. - Libairie Clavreuil\" \/>\n<meta property=\"og:description\" content=\"4to (257 x 197 mm), 4 nn.ll., 330 pp., 3 nn.ll. Contemporary speckled calf, triple gilt fillet on covers, spine gilt with five raised bands decorated with a special tool, red speckled edges.\" \/>\n<meta property=\"og:url\" content=\"https:\/\/www.librairieclavreuil.com\/en\/messance-recherches-sur-la-population-des-generalites-dauvergne-de-lyon-de-rouen-et-de-quelques-provinces-et-villes-du-royaume-avec-des-reflexions-sur-la-valeur-du-bled-tant-en-france-quen-an\/\" \/>\n<meta property=\"og:site_name\" content=\"Libairie Clavreuil\" \/>\n<meta property=\"article:modified_time\" content=\"2025-06-03T10:42:11+00:00\" \/>\n<meta property=\"og:image\" content=\"https:\/\/www.librairieclavreuil.com\/wp-content\/uploads\/2025\/01\/messance-recherches-sur-la-population-des-generalites-d-auvergne-de-lyon-de-rouen-et-de-quelques-provinces-et-villes-du-royaume-avec-des-ref-678fd99954af2.jpg\" \/>\n\t<meta property=\"og:image:width\" content=\"622\" \/>\n\t<meta property=\"og:image:height\" content=\"800\" \/>\n\t<meta property=\"og:image:type\" content=\"image\/jpeg\" \/>\n<meta name=\"twitter:card\" content=\"summary_large_image\" \/>\n<meta name=\"twitter:label1\" content=\"Est. reading time\" \/>\n\t<meta name=\"twitter:data1\" content=\"1 minute\" \/>\n<script type=\"application\/ld+json\" class=\"yoast-schema-graph\">{\"@context\":\"https:\/\/schema.org\",\"@graph\":[{\"@type\":\"WebPage\",\"@id\":\"https:\/\/www.librairieclavreuil.com\/en\/messance-recherches-sur-la-population-des-generalites-dauvergne-de-lyon-de-rouen-et-de-quelques-provinces-et-villes-du-royaume-avec-des-reflexions-sur-la-valeur-du-bled-tant-en-france-quen-an\/\",\"url\":\"https:\/\/www.librairieclavreuil.com\/en\/messance-recherches-sur-la-population-des-generalites-dauvergne-de-lyon-de-rouen-et-de-quelques-provinces-et-villes-du-royaume-avec-des-reflexions-sur-la-valeur-du-bled-tant-en-france-quen-an\/\",\"name\":\"MESSANCE Recherches sur la population des g\u00e9n\u00e9ralit\u00e9s d'Auvergne, de Lyon, de Rouen, et de quelques provinces et villes du royaume, avec des r\u00e9flexions sur la valeur du bled tant en France qu'en Angleterre, depuis 1674 jusqu'en 1764. - Libairie Clavreuil\",\"isPartOf\":{\"@id\":\"https:\/\/www.librairieclavreuil.com\/#website\"},\"primaryImageOfPage\":{\"@id\":\"https:\/\/www.librairieclavreuil.com\/en\/messance-recherches-sur-la-population-des-generalites-dauvergne-de-lyon-de-rouen-et-de-quelques-provinces-et-villes-du-royaume-avec-des-reflexions-sur-la-valeur-du-bled-tant-en-france-quen-an\/#primaryimage\"},\"image\":{\"@id\":\"https:\/\/www.librairieclavreuil.com\/en\/messance-recherches-sur-la-population-des-generalites-dauvergne-de-lyon-de-rouen-et-de-quelques-provinces-et-villes-du-royaume-avec-des-reflexions-sur-la-valeur-du-bled-tant-en-france-quen-an\/#primaryimage\"},\"thumbnailUrl\":\"https:\/\/www.librairieclavreuil.com\/wp-content\/uploads\/2025\/01\/messance-recherches-sur-la-population-des-generalites-d-auvergne-de-lyon-de-rouen-et-de-quelques-provinces-et-villes-du-royaume-avec-des-ref-678fd99954af2.jpg\",\"datePublished\":\"2024-04-26T08:08:16+00:00\",\"dateModified\":\"2025-06-03T10:42:11+00:00\",\"breadcrumb\":{\"@id\":\"https:\/\/www.librairieclavreuil.com\/en\/messance-recherches-sur-la-population-des-generalites-dauvergne-de-lyon-de-rouen-et-de-quelques-provinces-et-villes-du-royaume-avec-des-reflexions-sur-la-valeur-du-bled-tant-en-france-quen-an\/#breadcrumb\"},\"inLanguage\":\"en-US\",\"potentialAction\":[{\"@type\":\"ReadAction\",\"target\":[\"https:\/\/www.librairieclavreuil.com\/en\/messance-recherches-sur-la-population-des-generalites-dauvergne-de-lyon-de-rouen-et-de-quelques-provinces-et-villes-du-royaume-avec-des-reflexions-sur-la-valeur-du-bled-tant-en-france-quen-an\/\"]}]},{\"@type\":\"ImageObject\",\"inLanguage\":\"en-US\",\"@id\":\"https:\/\/www.librairieclavreuil.com\/en\/messance-recherches-sur-la-population-des-generalites-dauvergne-de-lyon-de-rouen-et-de-quelques-provinces-et-villes-du-royaume-avec-des-reflexions-sur-la-valeur-du-bled-tant-en-france-quen-an\/#primaryimage\",\"url\":\"https:\/\/www.librairieclavreuil.com\/wp-content\/uploads\/2025\/01\/messance-recherches-sur-la-population-des-generalites-d-auvergne-de-lyon-de-rouen-et-de-quelques-provinces-et-villes-du-royaume-avec-des-ref-678fd99954af2.jpg\",\"contentUrl\":\"https:\/\/www.librairieclavreuil.com\/wp-content\/uploads\/2025\/01\/messance-recherches-sur-la-population-des-generalites-d-auvergne-de-lyon-de-rouen-et-de-quelques-provinces-et-villes-du-royaume-avec-des-ref-678fd99954af2.jpg\",\"width\":622,\"height\":800},{\"@type\":\"BreadcrumbList\",\"@id\":\"https:\/\/www.librairieclavreuil.com\/en\/messance-recherches-sur-la-population-des-generalites-dauvergne-de-lyon-de-rouen-et-de-quelques-provinces-et-villes-du-royaume-avec-des-reflexions-sur-la-valeur-du-bled-tant-en-france-quen-an\/#breadcrumb\",\"itemListElement\":[{\"@type\":\"ListItem\",\"position\":1,\"name\":\"Accueil\",\"item\":\"https:\/\/www.librairieclavreuil.com\/\"},{\"@type\":\"ListItem\",\"position\":2,\"name\":\"All our books\",\"item\":\"https:\/\/www.librairieclavreuil.com\/en\/all-our-books\/\"},{\"@type\":\"ListItem\",\"position\":3,\"name\":\"MESSANCE Recherches sur la population des g\u00e9n\u00e9ralit\u00e9s d&rsquo;Auvergne,...\"}]},{\"@type\":\"WebSite\",\"@id\":\"https:\/\/www.librairieclavreuil.com\/#website\",\"url\":\"https:\/\/www.librairieclavreuil.com\/\",\"name\":\"Libairie Clavreuil\",\"description\":\"Livres anciens, manuscrits rares et \u00e9ditions originales \u2013 Librairie Clavreuil\",\"publisher\":{\"@id\":\"https:\/\/www.librairieclavreuil.com\/#organization\"},\"potentialAction\":[{\"@type\":\"SearchAction\",\"target\":{\"@type\":\"EntryPoint\",\"urlTemplate\":\"https:\/\/www.librairieclavreuil.com\/?s={search_term_string}\"},\"query-input\":{\"@type\":\"PropertyValueSpecification\",\"valueRequired\":true,\"valueName\":\"search_term_string\"}}],\"inLanguage\":\"en-US\"},{\"@type\":\"Organization\",\"@id\":\"https:\/\/www.librairieclavreuil.com\/#organization\",\"name\":\"Libairie Clavreuil\",\"url\":\"https:\/\/www.librairieclavreuil.com\/\",\"logo\":{\"@type\":\"ImageObject\",\"inLanguage\":\"en-US\",\"@id\":\"https:\/\/www.librairieclavreuil.com\/#\/schema\/logo\/image\/\",\"url\":\"https:\/\/www.librairieclavreuil.com\/wp-content\/uploads\/2021\/06\/cropped-LOGO_PNG_DATE-_gold-512x512-1.png\",\"contentUrl\":\"https:\/\/www.librairieclavreuil.com\/wp-content\/uploads\/2021\/06\/cropped-LOGO_PNG_DATE-_gold-512x512-1.png\",\"width\":512,\"height\":512,\"caption\":\"Libairie Clavreuil\"},\"image\":{\"@id\":\"https:\/\/www.librairieclavreuil.com\/#\/schema\/logo\/image\/\"},\"sameAs\":[\"https:\/\/www.instagram.com\/librairieclavreuil\/\"]}]}<\/script>\n<!-- \/ Yoast SEO plugin. -->","yoast_head_json":{"title":"MESSANCE  Recherches sur la population des g\u00e9n\u00e9ralit\u00e9s d'Auvergne, de Lyon, de Rouen, et de quelques provinces et villes du royaume, avec des r\u00e9flexions sur la valeur du bled tant en France qu'en Angleterre, depuis 1674 jusqu'en 1764. - Libairie Clavreuil","robots":{"index":"index","follow":"follow","max-snippet":"max-snippet:-1","max-image-preview":"max-image-preview:large","max-video-preview":"max-video-preview:-1"},"canonical":"https:\/\/www.librairieclavreuil.com\/en\/messance-recherches-sur-la-population-des-generalites-dauvergne-de-lyon-de-rouen-et-de-quelques-provinces-et-villes-du-royaume-avec-des-reflexions-sur-la-valeur-du-bled-tant-en-france-quen-an\/","og_locale":"en_US","og_type":"article","og_title":"MESSANCE  Recherches sur la population des g\u00e9n\u00e9ralit\u00e9s d'Auvergne, de Lyon, de Rouen, et de quelques provinces et villes du royaume, avec des r\u00e9flexions sur la valeur du bled tant en France qu'en Angleterre, depuis 1674 jusqu'en 1764. - Libairie Clavreuil","og_description":"4to (257 x 197 mm), 4 nn.ll., 330 pp., 3 nn.ll. Contemporary speckled calf, triple gilt fillet on covers, spine gilt with five raised bands decorated with a special tool, red speckled edges.","og_url":"https:\/\/www.librairieclavreuil.com\/en\/messance-recherches-sur-la-population-des-generalites-dauvergne-de-lyon-de-rouen-et-de-quelques-provinces-et-villes-du-royaume-avec-des-reflexions-sur-la-valeur-du-bled-tant-en-france-quen-an\/","og_site_name":"Libairie Clavreuil","article_modified_time":"2025-06-03T10:42:11+00:00","og_image":[{"width":622,"height":800,"url":"https:\/\/www.librairieclavreuil.com\/wp-content\/uploads\/2025\/01\/messance-recherches-sur-la-population-des-generalites-d-auvergne-de-lyon-de-rouen-et-de-quelques-provinces-et-villes-du-royaume-avec-des-ref-678fd99954af2.jpg","type":"image\/jpeg"}],"twitter_card":"summary_large_image","twitter_misc":{"Est. reading time":"1 minute"},"schema":{"@context":"https:\/\/schema.org","@graph":[{"@type":"WebPage","@id":"https:\/\/www.librairieclavreuil.com\/en\/messance-recherches-sur-la-population-des-generalites-dauvergne-de-lyon-de-rouen-et-de-quelques-provinces-et-villes-du-royaume-avec-des-reflexions-sur-la-valeur-du-bled-tant-en-france-quen-an\/","url":"https:\/\/www.librairieclavreuil.com\/en\/messance-recherches-sur-la-population-des-generalites-dauvergne-de-lyon-de-rouen-et-de-quelques-provinces-et-villes-du-royaume-avec-des-reflexions-sur-la-valeur-du-bled-tant-en-france-quen-an\/","name":"MESSANCE Recherches sur la population des g\u00e9n\u00e9ralit\u00e9s d'Auvergne, de Lyon, de Rouen, et de quelques provinces et villes du royaume, avec des r\u00e9flexions sur la valeur du bled tant en France qu'en Angleterre, depuis 1674 jusqu'en 1764. - Libairie Clavreuil","isPartOf":{"@id":"https:\/\/www.librairieclavreuil.com\/#website"},"primaryImageOfPage":{"@id":"https:\/\/www.librairieclavreuil.com\/en\/messance-recherches-sur-la-population-des-generalites-dauvergne-de-lyon-de-rouen-et-de-quelques-provinces-et-villes-du-royaume-avec-des-reflexions-sur-la-valeur-du-bled-tant-en-france-quen-an\/#primaryimage"},"image":{"@id":"https:\/\/www.librairieclavreuil.com\/en\/messance-recherches-sur-la-population-des-generalites-dauvergne-de-lyon-de-rouen-et-de-quelques-provinces-et-villes-du-royaume-avec-des-reflexions-sur-la-valeur-du-bled-tant-en-france-quen-an\/#primaryimage"},"thumbnailUrl":"https:\/\/www.librairieclavreuil.com\/wp-content\/uploads\/2025\/01\/messance-recherches-sur-la-population-des-generalites-d-auvergne-de-lyon-de-rouen-et-de-quelques-provinces-et-villes-du-royaume-avec-des-ref-678fd99954af2.jpg","datePublished":"2024-04-26T08:08:16+00:00","dateModified":"2025-06-03T10:42:11+00:00","breadcrumb":{"@id":"https:\/\/www.librairieclavreuil.com\/en\/messance-recherches-sur-la-population-des-generalites-dauvergne-de-lyon-de-rouen-et-de-quelques-provinces-et-villes-du-royaume-avec-des-reflexions-sur-la-valeur-du-bled-tant-en-france-quen-an\/#breadcrumb"},"inLanguage":"en-US","potentialAction":[{"@type":"ReadAction","target":["https:\/\/www.librairieclavreuil.com\/en\/messance-recherches-sur-la-population-des-generalites-dauvergne-de-lyon-de-rouen-et-de-quelques-provinces-et-villes-du-royaume-avec-des-reflexions-sur-la-valeur-du-bled-tant-en-france-quen-an\/"]}]},{"@type":"ImageObject","inLanguage":"en-US","@id":"https:\/\/www.librairieclavreuil.com\/en\/messance-recherches-sur-la-population-des-generalites-dauvergne-de-lyon-de-rouen-et-de-quelques-provinces-et-villes-du-royaume-avec-des-reflexions-sur-la-valeur-du-bled-tant-en-france-quen-an\/#primaryimage","url":"https:\/\/www.librairieclavreuil.com\/wp-content\/uploads\/2025\/01\/messance-recherches-sur-la-population-des-generalites-d-auvergne-de-lyon-de-rouen-et-de-quelques-provinces-et-villes-du-royaume-avec-des-ref-678fd99954af2.jpg","contentUrl":"https:\/\/www.librairieclavreuil.com\/wp-content\/uploads\/2025\/01\/messance-recherches-sur-la-population-des-generalites-d-auvergne-de-lyon-de-rouen-et-de-quelques-provinces-et-villes-du-royaume-avec-des-ref-678fd99954af2.jpg","width":622,"height":800},{"@type":"BreadcrumbList","@id":"https:\/\/www.librairieclavreuil.com\/en\/messance-recherches-sur-la-population-des-generalites-dauvergne-de-lyon-de-rouen-et-de-quelques-provinces-et-villes-du-royaume-avec-des-reflexions-sur-la-valeur-du-bled-tant-en-france-quen-an\/#breadcrumb","itemListElement":[{"@type":"ListItem","position":1,"name":"Accueil","item":"https:\/\/www.librairieclavreuil.com\/"},{"@type":"ListItem","position":2,"name":"All our books","item":"https:\/\/www.librairieclavreuil.com\/en\/all-our-books\/"},{"@type":"ListItem","position":3,"name":"MESSANCE Recherches sur la population des g\u00e9n\u00e9ralit\u00e9s d&rsquo;Auvergne,..."}]},{"@type":"WebSite","@id":"https:\/\/www.librairieclavreuil.com\/#website","url":"https:\/\/www.librairieclavreuil.com\/","name":"Libairie Clavreuil","description":"Livres anciens, manuscrits rares et \u00e9ditions originales \u2013 Librairie Clavreuil","publisher":{"@id":"https:\/\/www.librairieclavreuil.com\/#organization"},"potentialAction":[{"@type":"SearchAction","target":{"@type":"EntryPoint","urlTemplate":"https:\/\/www.librairieclavreuil.com\/?s={search_term_string}"},"query-input":{"@type":"PropertyValueSpecification","valueRequired":true,"valueName":"search_term_string"}}],"inLanguage":"en-US"},{"@type":"Organization","@id":"https:\/\/www.librairieclavreuil.com\/#organization","name":"Libairie Clavreuil","url":"https:\/\/www.librairieclavreuil.com\/","logo":{"@type":"ImageObject","inLanguage":"en-US","@id":"https:\/\/www.librairieclavreuil.com\/#\/schema\/logo\/image\/","url":"https:\/\/www.librairieclavreuil.com\/wp-content\/uploads\/2021\/06\/cropped-LOGO_PNG_DATE-_gold-512x512-1.png","contentUrl":"https:\/\/www.librairieclavreuil.com\/wp-content\/uploads\/2021\/06\/cropped-LOGO_PNG_DATE-_gold-512x512-1.png","width":512,"height":512,"caption":"Libairie Clavreuil"},"image":{"@id":"https:\/\/www.librairieclavreuil.com\/#\/schema\/logo\/image\/"},"sameAs":["https:\/\/www.instagram.com\/librairieclavreuil\/"]}]}},"jetpack_sharing_enabled":true,"_links":{"self":[{"href":"https:\/\/www.librairieclavreuil.com\/en\/wp-json\/wp\/v2\/product\/76847","targetHints":{"allow":["GET"]}}],"collection":[{"href":"https:\/\/www.librairieclavreuil.com\/en\/wp-json\/wp\/v2\/product"}],"about":[{"href":"https:\/\/www.librairieclavreuil.com\/en\/wp-json\/wp\/v2\/types\/product"}],"replies":[{"embeddable":true,"href":"https:\/\/www.librairieclavreuil.com\/en\/wp-json\/wp\/v2\/comments?post=76847"}],"wp:featuredmedia":[{"embeddable":true,"href":"https:\/\/www.librairieclavreuil.com\/en\/wp-json\/wp\/v2\/media\/82535"}],"wp:attachment":[{"href":"https:\/\/www.librairieclavreuil.com\/en\/wp-json\/wp\/v2\/media?parent=76847"}],"wp:term":[{"taxonomy":"product_brand","embeddable":true,"href":"https:\/\/www.librairieclavreuil.com\/en\/wp-json\/wp\/v2\/product_brand?post=76847"},{"taxonomy":"product_cat","embeddable":true,"href":"https:\/\/www.librairieclavreuil.com\/en\/wp-json\/wp\/v2\/product_cat?post=76847"},{"taxonomy":"product_tag","embeddable":true,"href":"https:\/\/www.librairieclavreuil.com\/en\/wp-json\/wp\/v2\/product_tag?post=76847"}],"curies":[{"name":"wp","href":"https:\/\/api.w.org\/{rel}","templated":true}]}}