{"id":76833,"date":"2024-04-26T10:06:40","date_gmt":"2024-04-26T08:06:40","guid":{"rendered":"https:\/\/clavreuil-wordpress.logiciel-arteo.fr\/moheau-jean-baptiste-recherches-et-considerations-sur-la-population-de-la-france\/"},"modified":"2024-07-15T17:42:17","modified_gmt":"2024-07-15T15:42:17","slug":"moheau-jean-baptiste-recherches-et-considerations-sur-la-population-de-la-france","status":"publish","type":"product","link":"https:\/\/www.librairieclavreuil.com\/en\/moheau-jean-baptiste-recherches-et-considerations-sur-la-population-de-la-france\/","title":{"rendered":"MOHEAU Jean-Baptiste Recherches et consid\u00e9rations sur la population..."},"content":{"rendered":"<p style=\"text-align:justify\"><i>INED, 3221; Einaudi, 3956 (la seconde partie seule); Kress, B135; Goldsmiths, 11690.<\/i><\/p>\n<p style=\"text-align:justify\">First edition.<\/p>\n<p style=\"text-align:justify\">It is sometimes attributed to Auget de Montyon, for whom Moheau worked as a secretary. Moheau (1745-1794), a French demographer, is considered one of the founders of demography. In his important work &#8211; which predates Thomas Malthus&#8217;s An Essay on the Principle of Population (1798) by almost twenty years &#8211; he was the first to discuss the mortality differential between different social strata.<\/p>\n<p style=\"text-align:justify\">&#8220;L\u2018originalit\u00e9 des Recherches et Consid\u00e9rations, r\u00e9side dans le fait que, pour la premi\u00e8re fois en France, la d\u00e9mographie, cessant d\u2019\u00eatre l\u2019annexe d\u2019une philosophie politique ou d\u2019un syst\u00e8me \u00e9conomique, devient un champ scientifique autonome. La Premi\u00e8re Partie est le fruit d\u2019un important travail statistique. Moheau a rassembl\u00e9 et soumis \u00e0 une nouvelle analyse une grande quantit\u00e9 de donn\u00e9es sur l\u2019\u00e9tat et le mouvement de la population fran\u00e7aise qui avaient \u00e9t\u00e9 \u00e9labor\u00e9es par ses pr\u00e9d\u00e9cesseurs (Deparcieux, Messance, d\u2019Expilly, Buffon, etc.). Il y a ajout\u00e9 des donn\u00e9es r\u00e9unies par ses propres soins. A l\u2019aide de calculs tr\u00e8s simples (proportions, moyennes), il cherche des r\u00e9gularit\u00e9s, sinon des lois&#8221; (INED online).<\/p>\n<p style=\"text-align:justify\">A fine copy in its contemporary binding (one part missing in the white margin of a leaf, torn out during printing).<\/p>\n","protected":false},"excerpt":{"rendered":"<p style=\"text-align:justify\">2 parts in 1 volume 8vo (198 x 125 mm) XV pp., 280 pp., 1 folding table printed on page 279 for volume I; 157 pp, 2 nn.l. (approbation and errata) for volume II. Contepoorary speckled calf, flat spine gilt, red edges.<\/p>\n","protected":false},"featured_media":76828,"comment_status":"open","ping_status":"closed","template":"","meta":{"_acf_changed":false},"product_brand":[],"product_cat":[550],"product_tag":[1450,1211],"class_list":{"0":"post-76833","1":"product","2":"type-product","3":"status-publish","4":"has-post-thumbnail","6":"product_cat-science","7":"product_tag-first-edition","8":"product_tag-statistics","9":"pa_auteur-moheau-jean-baptiste-2","10":"pa_type-de-livre-printed-book","12":"first","13":"instock","14":"shipping-taxable","15":"purchasable","16":"product-type-simple"},"acf":{"artist":" Jean-Baptiste MOHEAU","chapeau":"Thomas Malthus' precursor","adresse_bibliographique":"Paris, Moutard, 1778","book_type":"Printed book","provenance":"","afficher_prix":""},"yoast_head":"<!-- This site is optimized with the Yoast SEO plugin v24.7 - https:\/\/yoast.com\/wordpress\/plugins\/seo\/ -->\n<title>MOHEAU Jean-Baptiste Recherches et consid\u00e9rations sur la population de la France. - Libairie Clavreuil<\/title>\n<meta name=\"robots\" content=\"index, follow, max-snippet:-1, max-image-preview:large, max-video-preview:-1\" \/>\n<link rel=\"canonical\" href=\"https:\/\/www.librairieclavreuil.com\/produit\/moheau-jean-baptiste-recherches-et-considerations-sur-la-population-de-la-france\/\" \/>\n<meta property=\"og:locale\" content=\"en_US\" \/>\n<meta property=\"og:type\" content=\"article\" \/>\n<meta property=\"og:title\" content=\"MOHEAU Jean-Baptiste Recherches et consid\u00e9rations sur la population de la France. - Libairie Clavreuil\" \/>\n<meta property=\"og:description\" content=\"2 parts in 1 volume 8vo (198 x 125 mm) XV pp., 280 pp., 1 folding table printed on page 279 for volume I; 157 pp, 2 nn.l. (approbation and errata) for volume II. Contepoorary speckled calf, flat spine gilt, red edges.\" \/>\n<meta property=\"og:url\" content=\"https:\/\/www.librairieclavreuil.com\/produit\/moheau-jean-baptiste-recherches-et-considerations-sur-la-population-de-la-france\/\" \/>\n<meta property=\"og:site_name\" content=\"Libairie Clavreuil\" \/>\n<meta property=\"article:modified_time\" content=\"2024-07-15T15:42:17+00:00\" \/>\n<meta property=\"og:image\" content=\"https:\/\/www.librairieclavreuil.com\/wp-content\/uploads\/2024\/04\/jean-baptiste-moheau-recherches-et-considerations-sur-la-population-de-la-france-5574-6616adec9e04e-scaled.jpg\" \/>\n\t<meta property=\"og:image:width\" content=\"1751\" \/>\n\t<meta property=\"og:image:height\" content=\"2560\" \/>\n\t<meta property=\"og:image:type\" content=\"image\/jpeg\" \/>\n<meta name=\"twitter:card\" content=\"summary_large_image\" \/>\n<meta name=\"twitter:label1\" content=\"Est. reading time\" \/>\n\t<meta name=\"twitter:data1\" content=\"1 minute\" \/>\n<script type=\"application\/ld+json\" class=\"yoast-schema-graph\">{\"@context\":\"https:\/\/schema.org\",\"@graph\":[{\"@type\":\"WebPage\",\"@id\":\"https:\/\/www.librairieclavreuil.com\/produit\/moheau-jean-baptiste-recherches-et-considerations-sur-la-population-de-la-france\/\",\"url\":\"https:\/\/www.librairieclavreuil.com\/produit\/moheau-jean-baptiste-recherches-et-considerations-sur-la-population-de-la-france\/\",\"name\":\"MOHEAU Jean-Baptiste Recherches et consid\u00e9rations sur la population de la France. - Libairie Clavreuil\",\"isPartOf\":{\"@id\":\"https:\/\/www.librairieclavreuil.com\/#website\"},\"primaryImageOfPage\":{\"@id\":\"https:\/\/www.librairieclavreuil.com\/produit\/moheau-jean-baptiste-recherches-et-considerations-sur-la-population-de-la-france\/#primaryimage\"},\"image\":{\"@id\":\"https:\/\/www.librairieclavreuil.com\/produit\/moheau-jean-baptiste-recherches-et-considerations-sur-la-population-de-la-france\/#primaryimage\"},\"thumbnailUrl\":\"https:\/\/www.librairieclavreuil.com\/wp-content\/uploads\/2024\/04\/jean-baptiste-moheau-recherches-et-considerations-sur-la-population-de-la-france-5574-6616adec9e04e-scaled.jpg\",\"datePublished\":\"2024-04-26T08:06:40+00:00\",\"dateModified\":\"2024-07-15T15:42:17+00:00\",\"breadcrumb\":{\"@id\":\"https:\/\/www.librairieclavreuil.com\/produit\/moheau-jean-baptiste-recherches-et-considerations-sur-la-population-de-la-france\/#breadcrumb\"},\"inLanguage\":\"en-US\",\"potentialAction\":[{\"@type\":\"ReadAction\",\"target\":[\"https:\/\/www.librairieclavreuil.com\/produit\/moheau-jean-baptiste-recherches-et-considerations-sur-la-population-de-la-france\/\"]}]},{\"@type\":\"ImageObject\",\"inLanguage\":\"en-US\",\"@id\":\"https:\/\/www.librairieclavreuil.com\/produit\/moheau-jean-baptiste-recherches-et-considerations-sur-la-population-de-la-france\/#primaryimage\",\"url\":\"https:\/\/www.librairieclavreuil.com\/wp-content\/uploads\/2024\/04\/jean-baptiste-moheau-recherches-et-considerations-sur-la-population-de-la-france-5574-6616adec9e04e-scaled.jpg\",\"contentUrl\":\"https:\/\/www.librairieclavreuil.com\/wp-content\/uploads\/2024\/04\/jean-baptiste-moheau-recherches-et-considerations-sur-la-population-de-la-france-5574-6616adec9e04e-scaled.jpg\",\"width\":1751,\"height\":2560},{\"@type\":\"BreadcrumbList\",\"@id\":\"https:\/\/www.librairieclavreuil.com\/produit\/moheau-jean-baptiste-recherches-et-considerations-sur-la-population-de-la-france\/#breadcrumb\",\"itemListElement\":[{\"@type\":\"ListItem\",\"position\":1,\"name\":\"Accueil\",\"item\":\"https:\/\/www.librairieclavreuil.com\/\"},{\"@type\":\"ListItem\",\"position\":2,\"name\":\"All our books\",\"item\":\"https:\/\/www.librairieclavreuil.com\/en\/all-our-books\/\"},{\"@type\":\"ListItem\",\"position\":3,\"name\":\"MOHEAU Jean-Baptiste Recherches et consid\u00e9rations sur la population...\"}]},{\"@type\":\"WebSite\",\"@id\":\"https:\/\/www.librairieclavreuil.com\/#website\",\"url\":\"https:\/\/www.librairieclavreuil.com\/\",\"name\":\"Libairie Clavreuil\",\"description\":\"Livres anciens, manuscrits rares et \u00e9ditions originales \u2013 Librairie Clavreuil\",\"publisher\":{\"@id\":\"https:\/\/www.librairieclavreuil.com\/#organization\"},\"potentialAction\":[{\"@type\":\"SearchAction\",\"target\":{\"@type\":\"EntryPoint\",\"urlTemplate\":\"https:\/\/www.librairieclavreuil.com\/?s={search_term_string}\"},\"query-input\":{\"@type\":\"PropertyValueSpecification\",\"valueRequired\":true,\"valueName\":\"search_term_string\"}}],\"inLanguage\":\"en-US\"},{\"@type\":\"Organization\",\"@id\":\"https:\/\/www.librairieclavreuil.com\/#organization\",\"name\":\"Libairie Clavreuil\",\"url\":\"https:\/\/www.librairieclavreuil.com\/\",\"logo\":{\"@type\":\"ImageObject\",\"inLanguage\":\"en-US\",\"@id\":\"https:\/\/www.librairieclavreuil.com\/#\/schema\/logo\/image\/\",\"url\":\"https:\/\/www.librairieclavreuil.com\/wp-content\/uploads\/2021\/06\/cropped-LOGO_PNG_DATE-_gold-512x512-1.png\",\"contentUrl\":\"https:\/\/www.librairieclavreuil.com\/wp-content\/uploads\/2021\/06\/cropped-LOGO_PNG_DATE-_gold-512x512-1.png\",\"width\":512,\"height\":512,\"caption\":\"Libairie Clavreuil\"},\"image\":{\"@id\":\"https:\/\/www.librairieclavreuil.com\/#\/schema\/logo\/image\/\"},\"sameAs\":[\"https:\/\/www.instagram.com\/librairieclavreuil\/\"]}]}<\/script>\n<!-- \/ Yoast SEO plugin. -->","yoast_head_json":{"title":"MOHEAU Jean-Baptiste Recherches et consid\u00e9rations sur la population de la France. - Libairie Clavreuil","robots":{"index":"index","follow":"follow","max-snippet":"max-snippet:-1","max-image-preview":"max-image-preview:large","max-video-preview":"max-video-preview:-1"},"canonical":"https:\/\/www.librairieclavreuil.com\/produit\/moheau-jean-baptiste-recherches-et-considerations-sur-la-population-de-la-france\/","og_locale":"en_US","og_type":"article","og_title":"MOHEAU Jean-Baptiste Recherches et consid\u00e9rations sur la population de la France. - Libairie Clavreuil","og_description":"2 parts in 1 volume 8vo (198 x 125 mm) XV pp., 280 pp., 1 folding table printed on page 279 for volume I; 157 pp, 2 nn.l. (approbation and errata) for volume II. Contepoorary speckled calf, flat spine gilt, red edges.","og_url":"https:\/\/www.librairieclavreuil.com\/produit\/moheau-jean-baptiste-recherches-et-considerations-sur-la-population-de-la-france\/","og_site_name":"Libairie Clavreuil","article_modified_time":"2024-07-15T15:42:17+00:00","og_image":[{"width":1751,"height":2560,"url":"https:\/\/www.librairieclavreuil.com\/wp-content\/uploads\/2024\/04\/jean-baptiste-moheau-recherches-et-considerations-sur-la-population-de-la-france-5574-6616adec9e04e-scaled.jpg","type":"image\/jpeg"}],"twitter_card":"summary_large_image","twitter_misc":{"Est. reading time":"1 minute"},"schema":{"@context":"https:\/\/schema.org","@graph":[{"@type":"WebPage","@id":"https:\/\/www.librairieclavreuil.com\/produit\/moheau-jean-baptiste-recherches-et-considerations-sur-la-population-de-la-france\/","url":"https:\/\/www.librairieclavreuil.com\/produit\/moheau-jean-baptiste-recherches-et-considerations-sur-la-population-de-la-france\/","name":"MOHEAU Jean-Baptiste Recherches et consid\u00e9rations sur la population de la France. - Libairie Clavreuil","isPartOf":{"@id":"https:\/\/www.librairieclavreuil.com\/#website"},"primaryImageOfPage":{"@id":"https:\/\/www.librairieclavreuil.com\/produit\/moheau-jean-baptiste-recherches-et-considerations-sur-la-population-de-la-france\/#primaryimage"},"image":{"@id":"https:\/\/www.librairieclavreuil.com\/produit\/moheau-jean-baptiste-recherches-et-considerations-sur-la-population-de-la-france\/#primaryimage"},"thumbnailUrl":"https:\/\/www.librairieclavreuil.com\/wp-content\/uploads\/2024\/04\/jean-baptiste-moheau-recherches-et-considerations-sur-la-population-de-la-france-5574-6616adec9e04e-scaled.jpg","datePublished":"2024-04-26T08:06:40+00:00","dateModified":"2024-07-15T15:42:17+00:00","breadcrumb":{"@id":"https:\/\/www.librairieclavreuil.com\/produit\/moheau-jean-baptiste-recherches-et-considerations-sur-la-population-de-la-france\/#breadcrumb"},"inLanguage":"en-US","potentialAction":[{"@type":"ReadAction","target":["https:\/\/www.librairieclavreuil.com\/produit\/moheau-jean-baptiste-recherches-et-considerations-sur-la-population-de-la-france\/"]}]},{"@type":"ImageObject","inLanguage":"en-US","@id":"https:\/\/www.librairieclavreuil.com\/produit\/moheau-jean-baptiste-recherches-et-considerations-sur-la-population-de-la-france\/#primaryimage","url":"https:\/\/www.librairieclavreuil.com\/wp-content\/uploads\/2024\/04\/jean-baptiste-moheau-recherches-et-considerations-sur-la-population-de-la-france-5574-6616adec9e04e-scaled.jpg","contentUrl":"https:\/\/www.librairieclavreuil.com\/wp-content\/uploads\/2024\/04\/jean-baptiste-moheau-recherches-et-considerations-sur-la-population-de-la-france-5574-6616adec9e04e-scaled.jpg","width":1751,"height":2560},{"@type":"BreadcrumbList","@id":"https:\/\/www.librairieclavreuil.com\/produit\/moheau-jean-baptiste-recherches-et-considerations-sur-la-population-de-la-france\/#breadcrumb","itemListElement":[{"@type":"ListItem","position":1,"name":"Accueil","item":"https:\/\/www.librairieclavreuil.com\/"},{"@type":"ListItem","position":2,"name":"All our books","item":"https:\/\/www.librairieclavreuil.com\/en\/all-our-books\/"},{"@type":"ListItem","position":3,"name":"MOHEAU Jean-Baptiste Recherches et consid\u00e9rations sur la population..."}]},{"@type":"WebSite","@id":"https:\/\/www.librairieclavreuil.com\/#website","url":"https:\/\/www.librairieclavreuil.com\/","name":"Libairie Clavreuil","description":"Livres anciens, manuscrits rares et \u00e9ditions originales \u2013 Librairie Clavreuil","publisher":{"@id":"https:\/\/www.librairieclavreuil.com\/#organization"},"potentialAction":[{"@type":"SearchAction","target":{"@type":"EntryPoint","urlTemplate":"https:\/\/www.librairieclavreuil.com\/?s={search_term_string}"},"query-input":{"@type":"PropertyValueSpecification","valueRequired":true,"valueName":"search_term_string"}}],"inLanguage":"en-US"},{"@type":"Organization","@id":"https:\/\/www.librairieclavreuil.com\/#organization","name":"Libairie Clavreuil","url":"https:\/\/www.librairieclavreuil.com\/","logo":{"@type":"ImageObject","inLanguage":"en-US","@id":"https:\/\/www.librairieclavreuil.com\/#\/schema\/logo\/image\/","url":"https:\/\/www.librairieclavreuil.com\/wp-content\/uploads\/2021\/06\/cropped-LOGO_PNG_DATE-_gold-512x512-1.png","contentUrl":"https:\/\/www.librairieclavreuil.com\/wp-content\/uploads\/2021\/06\/cropped-LOGO_PNG_DATE-_gold-512x512-1.png","width":512,"height":512,"caption":"Libairie Clavreuil"},"image":{"@id":"https:\/\/www.librairieclavreuil.com\/#\/schema\/logo\/image\/"},"sameAs":["https:\/\/www.instagram.com\/librairieclavreuil\/"]}]}},"jetpack_sharing_enabled":true,"_links":{"self":[{"href":"https:\/\/www.librairieclavreuil.com\/en\/wp-json\/wp\/v2\/product\/76833","targetHints":{"allow":["GET"]}}],"collection":[{"href":"https:\/\/www.librairieclavreuil.com\/en\/wp-json\/wp\/v2\/product"}],"about":[{"href":"https:\/\/www.librairieclavreuil.com\/en\/wp-json\/wp\/v2\/types\/product"}],"replies":[{"embeddable":true,"href":"https:\/\/www.librairieclavreuil.com\/en\/wp-json\/wp\/v2\/comments?post=76833"}],"wp:featuredmedia":[{"embeddable":true,"href":"https:\/\/www.librairieclavreuil.com\/en\/wp-json\/wp\/v2\/media\/76828"}],"wp:attachment":[{"href":"https:\/\/www.librairieclavreuil.com\/en\/wp-json\/wp\/v2\/media?parent=76833"}],"wp:term":[{"taxonomy":"product_brand","embeddable":true,"href":"https:\/\/www.librairieclavreuil.com\/en\/wp-json\/wp\/v2\/product_brand?post=76833"},{"taxonomy":"product_cat","embeddable":true,"href":"https:\/\/www.librairieclavreuil.com\/en\/wp-json\/wp\/v2\/product_cat?post=76833"},{"taxonomy":"product_tag","embeddable":true,"href":"https:\/\/www.librairieclavreuil.com\/en\/wp-json\/wp\/v2\/product_tag?post=76833"}],"curies":[{"name":"wp","href":"https:\/\/api.w.org\/{rel}","templated":true}]}}