{"id":76827,"date":"2024-04-26T10:05:56","date_gmt":"2024-04-26T08:05:56","guid":{"rendered":"https:\/\/clavreuil-wordpress.logiciel-arteo.fr\/leroux-pierre-projet-de-constitution-democratique-et-sociale-fondee-sur-la-loi-meme-de-la-vie-et-donnant-par-une-organisation-veritable-de-letat-la-possibilite-de-detruire-a-jamais-la-monarchie\/"},"modified":"2024-07-15T17:42:03","modified_gmt":"2024-07-15T15:42:03","slug":"leroux-pierre-projet-de-constitution-democratique-et-sociale-fondee-sur-la-loi-meme-de-la-vie-et-donnant-par-une-organisation-veritable-de-letat-la-possibilite-de-detruire-a-jamais-la-monarchie","status":"publish","type":"product","link":"https:\/\/www.librairieclavreuil.com\/en\/leroux-pierre-projet-de-constitution-democratique-et-sociale-fondee-sur-la-loi-meme-de-la-vie-et-donnant-par-une-organisation-veritable-de-letat-la-possibilite-de-detruire-a-jamais-la-monarchie\/","title":{"rendered":"LEROUX Pierre Projet de constitution d\u00e9mocratique et sociale,..."},"content":{"rendered":"<p><span style=\"font-variant:small-caps\">Rare first edition.&nbsp;<\/span><\/p>\n<p>Leader of the movement against the July monarchy, it was in his capacity as representative of the Seine to the Constituent Assembly that Pierre Leroux presented this project:&#8221;Il y aura demain cinquante-six ans que la R\u00e9publique a \u00e9t\u00e9 proclam\u00e9e : pourquoi n&#8217;est-elle pas encore fond\u00e9e ?&#8221;.<\/p>\n<p>A good copy.<\/p>\n","protected":false},"excerpt":{"rendered":"<p style=\"text-align:justify\">8vo (215 x 132 mm) of 2 nn.l. and 175 pp. Contemporary half-black shagreen, spine gilt.<\/p>\n","protected":false},"featured_media":76822,"comment_status":"open","ping_status":"closed","template":"","meta":{"_acf_changed":false},"product_brand":[],"product_cat":[536],"product_tag":[1450,1213,1208,1215],"class_list":{"0":"post-76827","1":"product","2":"type-product","3":"status-publish","4":"has-post-thumbnail","6":"product_cat-right-economy","7":"product_tag-first-edition","8":"product_tag-history","9":"product_tag-political-economy","10":"product_tag-regionalism","11":"pa_auteur-leroux-pierre-2","12":"pa_type-de-livre-printed-book","14":"first","15":"instock","16":"shipping-taxable","17":"purchasable","18":"product-type-simple"},"acf":{"artist":"Pierre LEROUX","chapeau":"","adresse_bibliographique":"Paris, Gustave Sandr\u00e9, 1848","book_type":"Printed book","provenance":"","afficher_prix":""},"yoast_head":"<!-- This site is optimized with the Yoast SEO plugin v24.7 - https:\/\/yoast.com\/wordpress\/plugins\/seo\/ -->\n<title>LEROUX Pierre Projet de constitution d\u00e9mocratique et sociale, fond\u00e9e sur la loi m\u00eame de la vie et donnant, par une organisation v\u00e9ritable de l&#039;\u00e9tat, la possibilit\u00e9 de d\u00e9truire \u00e0 jamais la Monarchie, l&#039;Aristocratie, l&#039;Anarchie, et le moyen infaillible d&#039;organiser le travail national sans blesser la libert\u00e9, pr\u00e9sent\u00e9 \u00e0 l&#039;Assembl\u00e9e Nationale. - Libairie Clavreuil<\/title>\n<meta name=\"robots\" content=\"index, follow, max-snippet:-1, max-image-preview:large, max-video-preview:-1\" \/>\n<link rel=\"canonical\" href=\"https:\/\/www.librairieclavreuil.com\/en\/leroux-pierre-projet-de-constitution-democratique-et-sociale-fondee-sur-la-loi-meme-de-la-vie-et-donnant-par-une-organisation-veritable-de-letat-la-possibilite-de-detruire-a-jamais-la-monarchie\/\" \/>\n<meta property=\"og:locale\" content=\"en_US\" \/>\n<meta property=\"og:type\" content=\"article\" \/>\n<meta property=\"og:title\" content=\"LEROUX Pierre Projet de constitution d\u00e9mocratique et sociale, fond\u00e9e sur la loi m\u00eame de la vie et donnant, par une organisation v\u00e9ritable de l&#039;\u00e9tat, la possibilit\u00e9 de d\u00e9truire \u00e0 jamais la Monarchie, l&#039;Aristocratie, l&#039;Anarchie, et le moyen infaillible d&#039;organiser le travail national sans blesser la libert\u00e9, pr\u00e9sent\u00e9 \u00e0 l&#039;Assembl\u00e9e Nationale. - Libairie Clavreuil\" \/>\n<meta property=\"og:description\" content=\"8vo (215 x 132 mm) of 2 nn.l. and 175 pp. Contemporary half-black shagreen, spine gilt.\" \/>\n<meta property=\"og:url\" content=\"https:\/\/www.librairieclavreuil.com\/en\/leroux-pierre-projet-de-constitution-democratique-et-sociale-fondee-sur-la-loi-meme-de-la-vie-et-donnant-par-une-organisation-veritable-de-letat-la-possibilite-de-detruire-a-jamais-la-monarchie\/\" \/>\n<meta property=\"og:site_name\" content=\"Libairie Clavreuil\" \/>\n<meta property=\"article:modified_time\" content=\"2024-07-15T15:42:03+00:00\" \/>\n<meta property=\"og:image\" content=\"https:\/\/www.librairieclavreuil.com\/wp-content\/uploads\/2024\/04\/leroux-projet-de-constitution-democratique-et-sociale-fondee-sur-la-loi-meme-de-la-vie-et-donnant-par-une-organisation-veritable-de-l-etat-la-possibil-scaled.jpg\" \/>\n\t<meta property=\"og:image:width\" content=\"1920\" \/>\n\t<meta property=\"og:image:height\" content=\"2560\" \/>\n\t<meta property=\"og:image:type\" content=\"image\/jpeg\" \/>\n<meta name=\"twitter:card\" content=\"summary_large_image\" \/>\n<script type=\"application\/ld+json\" class=\"yoast-schema-graph\">{\"@context\":\"https:\/\/schema.org\",\"@graph\":[{\"@type\":\"WebPage\",\"@id\":\"https:\/\/www.librairieclavreuil.com\/en\/leroux-pierre-projet-de-constitution-democratique-et-sociale-fondee-sur-la-loi-meme-de-la-vie-et-donnant-par-une-organisation-veritable-de-letat-la-possibilite-de-detruire-a-jamais-la-monarchie\/\",\"url\":\"https:\/\/www.librairieclavreuil.com\/en\/leroux-pierre-projet-de-constitution-democratique-et-sociale-fondee-sur-la-loi-meme-de-la-vie-et-donnant-par-une-organisation-veritable-de-letat-la-possibilite-de-detruire-a-jamais-la-monarchie\/\",\"name\":\"LEROUX Pierre Projet de constitution d\u00e9mocratique et sociale, fond\u00e9e sur la loi m\u00eame de la vie et donnant, par une organisation v\u00e9ritable de l'\u00e9tat, la possibilit\u00e9 de d\u00e9truire \u00e0 jamais la Monarchie, l'Aristocratie, l'Anarchie, et le moyen infaillible d'organiser le travail national sans blesser la libert\u00e9, pr\u00e9sent\u00e9 \u00e0 l'Assembl\u00e9e Nationale. - Libairie Clavreuil\",\"isPartOf\":{\"@id\":\"https:\/\/www.librairieclavreuil.com\/#website\"},\"primaryImageOfPage\":{\"@id\":\"https:\/\/www.librairieclavreuil.com\/en\/leroux-pierre-projet-de-constitution-democratique-et-sociale-fondee-sur-la-loi-meme-de-la-vie-et-donnant-par-une-organisation-veritable-de-letat-la-possibilite-de-detruire-a-jamais-la-monarchie\/#primaryimage\"},\"image\":{\"@id\":\"https:\/\/www.librairieclavreuil.com\/en\/leroux-pierre-projet-de-constitution-democratique-et-sociale-fondee-sur-la-loi-meme-de-la-vie-et-donnant-par-une-organisation-veritable-de-letat-la-possibilite-de-detruire-a-jamais-la-monarchie\/#primaryimage\"},\"thumbnailUrl\":\"https:\/\/www.librairieclavreuil.com\/wp-content\/uploads\/2024\/04\/leroux-projet-de-constitution-democratique-et-sociale-fondee-sur-la-loi-meme-de-la-vie-et-donnant-par-une-organisation-veritable-de-l-etat-la-possibil-scaled.jpg\",\"datePublished\":\"2024-04-26T08:05:56+00:00\",\"dateModified\":\"2024-07-15T15:42:03+00:00\",\"breadcrumb\":{\"@id\":\"https:\/\/www.librairieclavreuil.com\/en\/leroux-pierre-projet-de-constitution-democratique-et-sociale-fondee-sur-la-loi-meme-de-la-vie-et-donnant-par-une-organisation-veritable-de-letat-la-possibilite-de-detruire-a-jamais-la-monarchie\/#breadcrumb\"},\"inLanguage\":\"en-US\",\"potentialAction\":[{\"@type\":\"ReadAction\",\"target\":[\"https:\/\/www.librairieclavreuil.com\/en\/leroux-pierre-projet-de-constitution-democratique-et-sociale-fondee-sur-la-loi-meme-de-la-vie-et-donnant-par-une-organisation-veritable-de-letat-la-possibilite-de-detruire-a-jamais-la-monarchie\/\"]}]},{\"@type\":\"ImageObject\",\"inLanguage\":\"en-US\",\"@id\":\"https:\/\/www.librairieclavreuil.com\/en\/leroux-pierre-projet-de-constitution-democratique-et-sociale-fondee-sur-la-loi-meme-de-la-vie-et-donnant-par-une-organisation-veritable-de-letat-la-possibilite-de-detruire-a-jamais-la-monarchie\/#primaryimage\",\"url\":\"https:\/\/www.librairieclavreuil.com\/wp-content\/uploads\/2024\/04\/leroux-projet-de-constitution-democratique-et-sociale-fondee-sur-la-loi-meme-de-la-vie-et-donnant-par-une-organisation-veritable-de-l-etat-la-possibil-scaled.jpg\",\"contentUrl\":\"https:\/\/www.librairieclavreuil.com\/wp-content\/uploads\/2024\/04\/leroux-projet-de-constitution-democratique-et-sociale-fondee-sur-la-loi-meme-de-la-vie-et-donnant-par-une-organisation-veritable-de-l-etat-la-possibil-scaled.jpg\",\"width\":1920,\"height\":2560},{\"@type\":\"BreadcrumbList\",\"@id\":\"https:\/\/www.librairieclavreuil.com\/en\/leroux-pierre-projet-de-constitution-democratique-et-sociale-fondee-sur-la-loi-meme-de-la-vie-et-donnant-par-une-organisation-veritable-de-letat-la-possibilite-de-detruire-a-jamais-la-monarchie\/#breadcrumb\",\"itemListElement\":[{\"@type\":\"ListItem\",\"position\":1,\"name\":\"Accueil\",\"item\":\"https:\/\/www.librairieclavreuil.com\/\"},{\"@type\":\"ListItem\",\"position\":2,\"name\":\"All our books\",\"item\":\"https:\/\/www.librairieclavreuil.com\/en\/all-our-books\/\"},{\"@type\":\"ListItem\",\"position\":3,\"name\":\"LEROUX Pierre Projet de constitution d\u00e9mocratique et sociale, fond\u00e9e sur la loi m\u00eame de la vie et donnant, par une organisation v\u00e9ritable de l&#8217;\u00e9tat, la possibilit\u00e9 de d\u00e9truire \u00e0 jamais la Monarchie, l&#8217;Aristocratie, l&#8217;Anarchie, et le moyen infaillible d&#8217;organiser le travail national sans blesser la libert\u00e9, pr\u00e9sent\u00e9 \u00e0 l&#8217;Assembl\u00e9e Nationale.\"}]},{\"@type\":\"WebSite\",\"@id\":\"https:\/\/www.librairieclavreuil.com\/#website\",\"url\":\"https:\/\/www.librairieclavreuil.com\/\",\"name\":\"Libairie Clavreuil\",\"description\":\"Livres anciens, manuscrits rares et \u00e9ditions originales \u2013 Librairie Clavreuil\",\"publisher\":{\"@id\":\"https:\/\/www.librairieclavreuil.com\/#organization\"},\"potentialAction\":[{\"@type\":\"SearchAction\",\"target\":{\"@type\":\"EntryPoint\",\"urlTemplate\":\"https:\/\/www.librairieclavreuil.com\/?s={search_term_string}\"},\"query-input\":{\"@type\":\"PropertyValueSpecification\",\"valueRequired\":true,\"valueName\":\"search_term_string\"}}],\"inLanguage\":\"en-US\"},{\"@type\":\"Organization\",\"@id\":\"https:\/\/www.librairieclavreuil.com\/#organization\",\"name\":\"Libairie Clavreuil\",\"url\":\"https:\/\/www.librairieclavreuil.com\/\",\"logo\":{\"@type\":\"ImageObject\",\"inLanguage\":\"en-US\",\"@id\":\"https:\/\/www.librairieclavreuil.com\/#\/schema\/logo\/image\/\",\"url\":\"https:\/\/www.librairieclavreuil.com\/wp-content\/uploads\/2021\/06\/cropped-LOGO_PNG_DATE-_gold-512x512-1.png\",\"contentUrl\":\"https:\/\/www.librairieclavreuil.com\/wp-content\/uploads\/2021\/06\/cropped-LOGO_PNG_DATE-_gold-512x512-1.png\",\"width\":512,\"height\":512,\"caption\":\"Libairie Clavreuil\"},\"image\":{\"@id\":\"https:\/\/www.librairieclavreuil.com\/#\/schema\/logo\/image\/\"},\"sameAs\":[\"https:\/\/www.instagram.com\/librairieclavreuil\/\"]}]}<\/script>\n<!-- \/ Yoast SEO plugin. -->","yoast_head_json":{"title":"LEROUX Pierre Projet de constitution d\u00e9mocratique et sociale, fond\u00e9e sur la loi m\u00eame de la vie et donnant, par une organisation v\u00e9ritable de l'\u00e9tat, la possibilit\u00e9 de d\u00e9truire \u00e0 jamais la Monarchie, l'Aristocratie, l'Anarchie, et le moyen infaillible d'organiser le travail national sans blesser la libert\u00e9, pr\u00e9sent\u00e9 \u00e0 l'Assembl\u00e9e Nationale. - Libairie Clavreuil","robots":{"index":"index","follow":"follow","max-snippet":"max-snippet:-1","max-image-preview":"max-image-preview:large","max-video-preview":"max-video-preview:-1"},"canonical":"https:\/\/www.librairieclavreuil.com\/en\/leroux-pierre-projet-de-constitution-democratique-et-sociale-fondee-sur-la-loi-meme-de-la-vie-et-donnant-par-une-organisation-veritable-de-letat-la-possibilite-de-detruire-a-jamais-la-monarchie\/","og_locale":"en_US","og_type":"article","og_title":"LEROUX Pierre Projet de constitution d\u00e9mocratique et sociale, fond\u00e9e sur la loi m\u00eame de la vie et donnant, par une organisation v\u00e9ritable de l'\u00e9tat, la possibilit\u00e9 de d\u00e9truire \u00e0 jamais la Monarchie, l'Aristocratie, l'Anarchie, et le moyen infaillible d'organiser le travail national sans blesser la libert\u00e9, pr\u00e9sent\u00e9 \u00e0 l'Assembl\u00e9e Nationale. - Libairie Clavreuil","og_description":"8vo (215 x 132 mm) of 2 nn.l. and 175 pp. Contemporary half-black shagreen, spine gilt.","og_url":"https:\/\/www.librairieclavreuil.com\/en\/leroux-pierre-projet-de-constitution-democratique-et-sociale-fondee-sur-la-loi-meme-de-la-vie-et-donnant-par-une-organisation-veritable-de-letat-la-possibilite-de-detruire-a-jamais-la-monarchie\/","og_site_name":"Libairie Clavreuil","article_modified_time":"2024-07-15T15:42:03+00:00","og_image":[{"width":1920,"height":2560,"url":"https:\/\/www.librairieclavreuil.com\/wp-content\/uploads\/2024\/04\/leroux-projet-de-constitution-democratique-et-sociale-fondee-sur-la-loi-meme-de-la-vie-et-donnant-par-une-organisation-veritable-de-l-etat-la-possibil-scaled.jpg","type":"image\/jpeg"}],"twitter_card":"summary_large_image","schema":{"@context":"https:\/\/schema.org","@graph":[{"@type":"WebPage","@id":"https:\/\/www.librairieclavreuil.com\/en\/leroux-pierre-projet-de-constitution-democratique-et-sociale-fondee-sur-la-loi-meme-de-la-vie-et-donnant-par-une-organisation-veritable-de-letat-la-possibilite-de-detruire-a-jamais-la-monarchie\/","url":"https:\/\/www.librairieclavreuil.com\/en\/leroux-pierre-projet-de-constitution-democratique-et-sociale-fondee-sur-la-loi-meme-de-la-vie-et-donnant-par-une-organisation-veritable-de-letat-la-possibilite-de-detruire-a-jamais-la-monarchie\/","name":"LEROUX Pierre Projet de constitution d\u00e9mocratique et sociale, fond\u00e9e sur la loi m\u00eame de la vie et donnant, par une organisation v\u00e9ritable de l'\u00e9tat, la possibilit\u00e9 de d\u00e9truire \u00e0 jamais la Monarchie, l'Aristocratie, l'Anarchie, et le moyen infaillible d'organiser le travail national sans blesser la libert\u00e9, pr\u00e9sent\u00e9 \u00e0 l'Assembl\u00e9e Nationale. - Libairie Clavreuil","isPartOf":{"@id":"https:\/\/www.librairieclavreuil.com\/#website"},"primaryImageOfPage":{"@id":"https:\/\/www.librairieclavreuil.com\/en\/leroux-pierre-projet-de-constitution-democratique-et-sociale-fondee-sur-la-loi-meme-de-la-vie-et-donnant-par-une-organisation-veritable-de-letat-la-possibilite-de-detruire-a-jamais-la-monarchie\/#primaryimage"},"image":{"@id":"https:\/\/www.librairieclavreuil.com\/en\/leroux-pierre-projet-de-constitution-democratique-et-sociale-fondee-sur-la-loi-meme-de-la-vie-et-donnant-par-une-organisation-veritable-de-letat-la-possibilite-de-detruire-a-jamais-la-monarchie\/#primaryimage"},"thumbnailUrl":"https:\/\/www.librairieclavreuil.com\/wp-content\/uploads\/2024\/04\/leroux-projet-de-constitution-democratique-et-sociale-fondee-sur-la-loi-meme-de-la-vie-et-donnant-par-une-organisation-veritable-de-l-etat-la-possibil-scaled.jpg","datePublished":"2024-04-26T08:05:56+00:00","dateModified":"2024-07-15T15:42:03+00:00","breadcrumb":{"@id":"https:\/\/www.librairieclavreuil.com\/en\/leroux-pierre-projet-de-constitution-democratique-et-sociale-fondee-sur-la-loi-meme-de-la-vie-et-donnant-par-une-organisation-veritable-de-letat-la-possibilite-de-detruire-a-jamais-la-monarchie\/#breadcrumb"},"inLanguage":"en-US","potentialAction":[{"@type":"ReadAction","target":["https:\/\/www.librairieclavreuil.com\/en\/leroux-pierre-projet-de-constitution-democratique-et-sociale-fondee-sur-la-loi-meme-de-la-vie-et-donnant-par-une-organisation-veritable-de-letat-la-possibilite-de-detruire-a-jamais-la-monarchie\/"]}]},{"@type":"ImageObject","inLanguage":"en-US","@id":"https:\/\/www.librairieclavreuil.com\/en\/leroux-pierre-projet-de-constitution-democratique-et-sociale-fondee-sur-la-loi-meme-de-la-vie-et-donnant-par-une-organisation-veritable-de-letat-la-possibilite-de-detruire-a-jamais-la-monarchie\/#primaryimage","url":"https:\/\/www.librairieclavreuil.com\/wp-content\/uploads\/2024\/04\/leroux-projet-de-constitution-democratique-et-sociale-fondee-sur-la-loi-meme-de-la-vie-et-donnant-par-une-organisation-veritable-de-l-etat-la-possibil-scaled.jpg","contentUrl":"https:\/\/www.librairieclavreuil.com\/wp-content\/uploads\/2024\/04\/leroux-projet-de-constitution-democratique-et-sociale-fondee-sur-la-loi-meme-de-la-vie-et-donnant-par-une-organisation-veritable-de-l-etat-la-possibil-scaled.jpg","width":1920,"height":2560},{"@type":"BreadcrumbList","@id":"https:\/\/www.librairieclavreuil.com\/en\/leroux-pierre-projet-de-constitution-democratique-et-sociale-fondee-sur-la-loi-meme-de-la-vie-et-donnant-par-une-organisation-veritable-de-letat-la-possibilite-de-detruire-a-jamais-la-monarchie\/#breadcrumb","itemListElement":[{"@type":"ListItem","position":1,"name":"Accueil","item":"https:\/\/www.librairieclavreuil.com\/"},{"@type":"ListItem","position":2,"name":"All our books","item":"https:\/\/www.librairieclavreuil.com\/en\/all-our-books\/"},{"@type":"ListItem","position":3,"name":"LEROUX Pierre Projet de constitution d\u00e9mocratique et sociale, fond\u00e9e sur la loi m\u00eame de la vie et donnant, par une organisation v\u00e9ritable de l&#8217;\u00e9tat, la possibilit\u00e9 de d\u00e9truire \u00e0 jamais la Monarchie, l&#8217;Aristocratie, l&#8217;Anarchie, et le moyen infaillible d&#8217;organiser le travail national sans blesser la libert\u00e9, pr\u00e9sent\u00e9 \u00e0 l&#8217;Assembl\u00e9e Nationale."}]},{"@type":"WebSite","@id":"https:\/\/www.librairieclavreuil.com\/#website","url":"https:\/\/www.librairieclavreuil.com\/","name":"Libairie Clavreuil","description":"Livres anciens, manuscrits rares et \u00e9ditions originales \u2013 Librairie Clavreuil","publisher":{"@id":"https:\/\/www.librairieclavreuil.com\/#organization"},"potentialAction":[{"@type":"SearchAction","target":{"@type":"EntryPoint","urlTemplate":"https:\/\/www.librairieclavreuil.com\/?s={search_term_string}"},"query-input":{"@type":"PropertyValueSpecification","valueRequired":true,"valueName":"search_term_string"}}],"inLanguage":"en-US"},{"@type":"Organization","@id":"https:\/\/www.librairieclavreuil.com\/#organization","name":"Libairie Clavreuil","url":"https:\/\/www.librairieclavreuil.com\/","logo":{"@type":"ImageObject","inLanguage":"en-US","@id":"https:\/\/www.librairieclavreuil.com\/#\/schema\/logo\/image\/","url":"https:\/\/www.librairieclavreuil.com\/wp-content\/uploads\/2021\/06\/cropped-LOGO_PNG_DATE-_gold-512x512-1.png","contentUrl":"https:\/\/www.librairieclavreuil.com\/wp-content\/uploads\/2021\/06\/cropped-LOGO_PNG_DATE-_gold-512x512-1.png","width":512,"height":512,"caption":"Libairie Clavreuil"},"image":{"@id":"https:\/\/www.librairieclavreuil.com\/#\/schema\/logo\/image\/"},"sameAs":["https:\/\/www.instagram.com\/librairieclavreuil\/"]}]}},"jetpack_sharing_enabled":true,"_links":{"self":[{"href":"https:\/\/www.librairieclavreuil.com\/en\/wp-json\/wp\/v2\/product\/76827","targetHints":{"allow":["GET"]}}],"collection":[{"href":"https:\/\/www.librairieclavreuil.com\/en\/wp-json\/wp\/v2\/product"}],"about":[{"href":"https:\/\/www.librairieclavreuil.com\/en\/wp-json\/wp\/v2\/types\/product"}],"replies":[{"embeddable":true,"href":"https:\/\/www.librairieclavreuil.com\/en\/wp-json\/wp\/v2\/comments?post=76827"}],"wp:featuredmedia":[{"embeddable":true,"href":"https:\/\/www.librairieclavreuil.com\/en\/wp-json\/wp\/v2\/media\/76822"}],"wp:attachment":[{"href":"https:\/\/www.librairieclavreuil.com\/en\/wp-json\/wp\/v2\/media?parent=76827"}],"wp:term":[{"taxonomy":"product_brand","embeddable":true,"href":"https:\/\/www.librairieclavreuil.com\/en\/wp-json\/wp\/v2\/product_brand?post=76827"},{"taxonomy":"product_cat","embeddable":true,"href":"https:\/\/www.librairieclavreuil.com\/en\/wp-json\/wp\/v2\/product_cat?post=76827"},{"taxonomy":"product_tag","embeddable":true,"href":"https:\/\/www.librairieclavreuil.com\/en\/wp-json\/wp\/v2\/product_tag?post=76827"}],"curies":[{"name":"wp","href":"https:\/\/api.w.org\/{rel}","templated":true}]}}