{"id":76614,"date":"2024-04-25T19:03:18","date_gmt":"2024-04-25T17:03:18","guid":{"rendered":"https:\/\/clavreuil-wordpress.logiciel-arteo.fr\/jourdain-traite-general-des-chasses-a-courre-et-a-tir\/"},"modified":"2024-10-11T12:48:17","modified_gmt":"2024-10-11T10:48:17","slug":"jourdain-traite-general-des-chasses-a-courre-et-a-tir","status":"publish","type":"product","link":"https:\/\/www.librairieclavreuil.com\/en\/jourdain-traite-general-des-chasses-a-courre-et-a-tir\/","title":{"rendered":"JOURDAIN Fran\u00e7ois Xavier F\u00e9lix Trait\u00e9 g\u00e9n\u00e9ral des chasses..."},"content":{"rendered":"<p style=\"text-align:justify\"><i>Thi\u00e9baud, 522; Schwerdt, I, 273; Souhart, 690.<\/i><\/p>\n<p style=\"text-align:justify\"><span style=\"font-variant:small-caps\">First edition,<\/span> richly illustrated with 36 engraved plates of which 20 depict technical details (traps, collars, trotters, etc.) and 16 hunting scenes by Susemihl.<\/p>\n<p style=\"text-align:justify\">&#8220;Ces derni\u00e8res planches en font un des livres de chasse les plus agr\u00e9ablement illustr\u00e9s de cette \u00e9poque&#8221; (Thi\u00e9baud).<\/p>\n<p style=\"text-align:justify\">Schwerdt indicates that a portion of the book was published in 1823 under the title &#8220;Art de multiplier le gibier et de d\u00e9truire les animaux nuisibles&#8221;.<\/p>\n<p style=\"text-align:justify\">Fine copy, well preserved, bound with the decorative illustrated wrappers.<\/p>\n","protected":false},"excerpt":{"rendered":"<p style=\"text-align:justify\">2 volumes, 8vo (203 x 129 mm) 2 nn.ll., XIII, 311 pp., 1 nn.l. (errata), 12 pp. of muscial scores for horns for volume I; 2 nn.ll., 323 pp., 1 nn.l. (errata), 24 pp. of booksellers catalogue for volume II. Contemporary green morocco backed boards, spine gilt with raised bands, original printed and illustrated wrappers preserved.<\/p>\n","protected":false},"featured_media":76601,"comment_status":"open","ping_status":"closed","template":"","meta":{"_acf_changed":false},"product_brand":[],"product_cat":[534],"product_tag":[1450,566],"class_list":{"0":"post-76614","1":"product","2":"type-product","3":"status-publish","4":"has-post-thumbnail","6":"product_cat-hunting","7":"product_tag-first-edition","8":"product_tag-hunting","9":"pa_auteur-jourdain-francois-xavier-felix-2","10":"pa_type-de-livre-printed-book","12":"first","13":"instock","14":"shipping-taxable","15":"purchasable","16":"product-type-simple"},"acf":{"artist":"Fran\u00e7ois Xavier F\u00e9lix JOURDAIN","chapeau":"Un des livres de chasse le plus agr\u00e9ablement illustr\u00e9s (Thi\u00e9baud)","adresse_bibliographique":"Paris, Audot, 1822","book_type":"Printed book","provenance":"","afficher_prix":""},"yoast_head":"<!-- This site is optimized with the Yoast SEO plugin v24.7 - https:\/\/yoast.com\/wordpress\/plugins\/seo\/ -->\n<title>JOURDAIN Fran\u00e7ois Xavier F\u00e9lix Trait\u00e9 g\u00e9n\u00e9ral des chasses \u00e0 courre et \u00e0 tir. - Libairie Clavreuil<\/title>\n<meta name=\"robots\" content=\"index, follow, max-snippet:-1, max-image-preview:large, max-video-preview:-1\" \/>\n<link rel=\"canonical\" href=\"https:\/\/www.librairieclavreuil.com\/en\/jourdain-traite-general-des-chasses-a-courre-et-a-tir\/\" \/>\n<meta property=\"og:locale\" content=\"en_US\" \/>\n<meta property=\"og:type\" content=\"article\" \/>\n<meta property=\"og:title\" content=\"JOURDAIN Fran\u00e7ois Xavier F\u00e9lix Trait\u00e9 g\u00e9n\u00e9ral des chasses \u00e0 courre et \u00e0 tir. - Libairie Clavreuil\" \/>\n<meta property=\"og:description\" content=\"2 volumes, 8vo (203 x 129 mm) 2 nn.ll., XIII, 311 pp., 1 nn.l. (errata), 12 pp. of muscial scores for horns for volume I; 2 nn.ll., 323 pp., 1 nn.l. (errata), 24 pp. of booksellers catalogue for volume II. Contemporary green morocco backed boards, spine gilt with raised bands, original printed and illustrated wrappers preserved.\" \/>\n<meta property=\"og:url\" content=\"https:\/\/www.librairieclavreuil.com\/en\/jourdain-traite-general-des-chasses-a-courre-et-a-tir\/\" \/>\n<meta property=\"og:site_name\" content=\"Libairie Clavreuil\" \/>\n<meta property=\"article:modified_time\" content=\"2024-10-11T10:48:17+00:00\" \/>\n<meta property=\"og:image\" content=\"https:\/\/www.librairieclavreuil.com\/wp-content\/uploads\/2024\/04\/jourdain-traite-general-des-chasses-a-courre-et-a-tir-2618-661156640e5c8-scaled.jpg\" \/>\n\t<meta property=\"og:image:width\" content=\"1648\" \/>\n\t<meta property=\"og:image:height\" content=\"2560\" \/>\n\t<meta property=\"og:image:type\" content=\"image\/jpeg\" \/>\n<meta name=\"twitter:card\" content=\"summary_large_image\" \/>\n<script type=\"application\/ld+json\" class=\"yoast-schema-graph\">{\"@context\":\"https:\/\/schema.org\",\"@graph\":[{\"@type\":\"WebPage\",\"@id\":\"https:\/\/www.librairieclavreuil.com\/en\/jourdain-traite-general-des-chasses-a-courre-et-a-tir\/\",\"url\":\"https:\/\/www.librairieclavreuil.com\/en\/jourdain-traite-general-des-chasses-a-courre-et-a-tir\/\",\"name\":\"JOURDAIN Fran\u00e7ois Xavier F\u00e9lix Trait\u00e9 g\u00e9n\u00e9ral des chasses \u00e0 courre et \u00e0 tir. - Libairie Clavreuil\",\"isPartOf\":{\"@id\":\"https:\/\/www.librairieclavreuil.com\/#website\"},\"primaryImageOfPage\":{\"@id\":\"https:\/\/www.librairieclavreuil.com\/en\/jourdain-traite-general-des-chasses-a-courre-et-a-tir\/#primaryimage\"},\"image\":{\"@id\":\"https:\/\/www.librairieclavreuil.com\/en\/jourdain-traite-general-des-chasses-a-courre-et-a-tir\/#primaryimage\"},\"thumbnailUrl\":\"https:\/\/www.librairieclavreuil.com\/wp-content\/uploads\/2024\/04\/jourdain-traite-general-des-chasses-a-courre-et-a-tir-2618-661156640e5c8-scaled.jpg\",\"datePublished\":\"2024-04-25T17:03:18+00:00\",\"dateModified\":\"2024-10-11T10:48:17+00:00\",\"breadcrumb\":{\"@id\":\"https:\/\/www.librairieclavreuil.com\/en\/jourdain-traite-general-des-chasses-a-courre-et-a-tir\/#breadcrumb\"},\"inLanguage\":\"en-US\",\"potentialAction\":[{\"@type\":\"ReadAction\",\"target\":[\"https:\/\/www.librairieclavreuil.com\/en\/jourdain-traite-general-des-chasses-a-courre-et-a-tir\/\"]}]},{\"@type\":\"ImageObject\",\"inLanguage\":\"en-US\",\"@id\":\"https:\/\/www.librairieclavreuil.com\/en\/jourdain-traite-general-des-chasses-a-courre-et-a-tir\/#primaryimage\",\"url\":\"https:\/\/www.librairieclavreuil.com\/wp-content\/uploads\/2024\/04\/jourdain-traite-general-des-chasses-a-courre-et-a-tir-2618-661156640e5c8-scaled.jpg\",\"contentUrl\":\"https:\/\/www.librairieclavreuil.com\/wp-content\/uploads\/2024\/04\/jourdain-traite-general-des-chasses-a-courre-et-a-tir-2618-661156640e5c8-scaled.jpg\",\"width\":1648,\"height\":2560},{\"@type\":\"BreadcrumbList\",\"@id\":\"https:\/\/www.librairieclavreuil.com\/en\/jourdain-traite-general-des-chasses-a-courre-et-a-tir\/#breadcrumb\",\"itemListElement\":[{\"@type\":\"ListItem\",\"position\":1,\"name\":\"Accueil\",\"item\":\"https:\/\/www.librairieclavreuil.com\/\"},{\"@type\":\"ListItem\",\"position\":2,\"name\":\"All our books\",\"item\":\"https:\/\/www.librairieclavreuil.com\/en\/all-our-books\/\"},{\"@type\":\"ListItem\",\"position\":3,\"name\":\"JOURDAIN Fran\u00e7ois Xavier F\u00e9lix Trait\u00e9 g\u00e9n\u00e9ral des chasses \u00e0 courre et \u00e0 tir.\"}]},{\"@type\":\"WebSite\",\"@id\":\"https:\/\/www.librairieclavreuil.com\/#website\",\"url\":\"https:\/\/www.librairieclavreuil.com\/\",\"name\":\"Libairie Clavreuil\",\"description\":\"Livres anciens, manuscrits rares et \u00e9ditions originales \u2013 Librairie Clavreuil\",\"publisher\":{\"@id\":\"https:\/\/www.librairieclavreuil.com\/#organization\"},\"potentialAction\":[{\"@type\":\"SearchAction\",\"target\":{\"@type\":\"EntryPoint\",\"urlTemplate\":\"https:\/\/www.librairieclavreuil.com\/?s={search_term_string}\"},\"query-input\":{\"@type\":\"PropertyValueSpecification\",\"valueRequired\":true,\"valueName\":\"search_term_string\"}}],\"inLanguage\":\"en-US\"},{\"@type\":\"Organization\",\"@id\":\"https:\/\/www.librairieclavreuil.com\/#organization\",\"name\":\"Libairie Clavreuil\",\"url\":\"https:\/\/www.librairieclavreuil.com\/\",\"logo\":{\"@type\":\"ImageObject\",\"inLanguage\":\"en-US\",\"@id\":\"https:\/\/www.librairieclavreuil.com\/#\/schema\/logo\/image\/\",\"url\":\"https:\/\/www.librairieclavreuil.com\/wp-content\/uploads\/2021\/06\/cropped-LOGO_PNG_DATE-_gold-512x512-1.png\",\"contentUrl\":\"https:\/\/www.librairieclavreuil.com\/wp-content\/uploads\/2021\/06\/cropped-LOGO_PNG_DATE-_gold-512x512-1.png\",\"width\":512,\"height\":512,\"caption\":\"Libairie Clavreuil\"},\"image\":{\"@id\":\"https:\/\/www.librairieclavreuil.com\/#\/schema\/logo\/image\/\"},\"sameAs\":[\"https:\/\/www.instagram.com\/librairieclavreuil\/\"]}]}<\/script>\n<!-- \/ Yoast SEO plugin. -->","yoast_head_json":{"title":"JOURDAIN Fran\u00e7ois Xavier F\u00e9lix Trait\u00e9 g\u00e9n\u00e9ral des chasses \u00e0 courre et \u00e0 tir. - Libairie Clavreuil","robots":{"index":"index","follow":"follow","max-snippet":"max-snippet:-1","max-image-preview":"max-image-preview:large","max-video-preview":"max-video-preview:-1"},"canonical":"https:\/\/www.librairieclavreuil.com\/en\/jourdain-traite-general-des-chasses-a-courre-et-a-tir\/","og_locale":"en_US","og_type":"article","og_title":"JOURDAIN Fran\u00e7ois Xavier F\u00e9lix Trait\u00e9 g\u00e9n\u00e9ral des chasses \u00e0 courre et \u00e0 tir. - Libairie Clavreuil","og_description":"2 volumes, 8vo (203 x 129 mm) 2 nn.ll., XIII, 311 pp., 1 nn.l. (errata), 12 pp. of muscial scores for horns for volume I; 2 nn.ll., 323 pp., 1 nn.l. (errata), 24 pp. of booksellers catalogue for volume II. Contemporary green morocco backed boards, spine gilt with raised bands, original printed and illustrated wrappers preserved.","og_url":"https:\/\/www.librairieclavreuil.com\/en\/jourdain-traite-general-des-chasses-a-courre-et-a-tir\/","og_site_name":"Libairie Clavreuil","article_modified_time":"2024-10-11T10:48:17+00:00","og_image":[{"width":1648,"height":2560,"url":"https:\/\/www.librairieclavreuil.com\/wp-content\/uploads\/2024\/04\/jourdain-traite-general-des-chasses-a-courre-et-a-tir-2618-661156640e5c8-scaled.jpg","type":"image\/jpeg"}],"twitter_card":"summary_large_image","schema":{"@context":"https:\/\/schema.org","@graph":[{"@type":"WebPage","@id":"https:\/\/www.librairieclavreuil.com\/en\/jourdain-traite-general-des-chasses-a-courre-et-a-tir\/","url":"https:\/\/www.librairieclavreuil.com\/en\/jourdain-traite-general-des-chasses-a-courre-et-a-tir\/","name":"JOURDAIN Fran\u00e7ois Xavier F\u00e9lix Trait\u00e9 g\u00e9n\u00e9ral des chasses \u00e0 courre et \u00e0 tir. - Libairie Clavreuil","isPartOf":{"@id":"https:\/\/www.librairieclavreuil.com\/#website"},"primaryImageOfPage":{"@id":"https:\/\/www.librairieclavreuil.com\/en\/jourdain-traite-general-des-chasses-a-courre-et-a-tir\/#primaryimage"},"image":{"@id":"https:\/\/www.librairieclavreuil.com\/en\/jourdain-traite-general-des-chasses-a-courre-et-a-tir\/#primaryimage"},"thumbnailUrl":"https:\/\/www.librairieclavreuil.com\/wp-content\/uploads\/2024\/04\/jourdain-traite-general-des-chasses-a-courre-et-a-tir-2618-661156640e5c8-scaled.jpg","datePublished":"2024-04-25T17:03:18+00:00","dateModified":"2024-10-11T10:48:17+00:00","breadcrumb":{"@id":"https:\/\/www.librairieclavreuil.com\/en\/jourdain-traite-general-des-chasses-a-courre-et-a-tir\/#breadcrumb"},"inLanguage":"en-US","potentialAction":[{"@type":"ReadAction","target":["https:\/\/www.librairieclavreuil.com\/en\/jourdain-traite-general-des-chasses-a-courre-et-a-tir\/"]}]},{"@type":"ImageObject","inLanguage":"en-US","@id":"https:\/\/www.librairieclavreuil.com\/en\/jourdain-traite-general-des-chasses-a-courre-et-a-tir\/#primaryimage","url":"https:\/\/www.librairieclavreuil.com\/wp-content\/uploads\/2024\/04\/jourdain-traite-general-des-chasses-a-courre-et-a-tir-2618-661156640e5c8-scaled.jpg","contentUrl":"https:\/\/www.librairieclavreuil.com\/wp-content\/uploads\/2024\/04\/jourdain-traite-general-des-chasses-a-courre-et-a-tir-2618-661156640e5c8-scaled.jpg","width":1648,"height":2560},{"@type":"BreadcrumbList","@id":"https:\/\/www.librairieclavreuil.com\/en\/jourdain-traite-general-des-chasses-a-courre-et-a-tir\/#breadcrumb","itemListElement":[{"@type":"ListItem","position":1,"name":"Accueil","item":"https:\/\/www.librairieclavreuil.com\/"},{"@type":"ListItem","position":2,"name":"All our books","item":"https:\/\/www.librairieclavreuil.com\/en\/all-our-books\/"},{"@type":"ListItem","position":3,"name":"JOURDAIN Fran\u00e7ois Xavier F\u00e9lix Trait\u00e9 g\u00e9n\u00e9ral des chasses \u00e0 courre et \u00e0 tir."}]},{"@type":"WebSite","@id":"https:\/\/www.librairieclavreuil.com\/#website","url":"https:\/\/www.librairieclavreuil.com\/","name":"Libairie Clavreuil","description":"Livres anciens, manuscrits rares et \u00e9ditions originales \u2013 Librairie Clavreuil","publisher":{"@id":"https:\/\/www.librairieclavreuil.com\/#organization"},"potentialAction":[{"@type":"SearchAction","target":{"@type":"EntryPoint","urlTemplate":"https:\/\/www.librairieclavreuil.com\/?s={search_term_string}"},"query-input":{"@type":"PropertyValueSpecification","valueRequired":true,"valueName":"search_term_string"}}],"inLanguage":"en-US"},{"@type":"Organization","@id":"https:\/\/www.librairieclavreuil.com\/#organization","name":"Libairie Clavreuil","url":"https:\/\/www.librairieclavreuil.com\/","logo":{"@type":"ImageObject","inLanguage":"en-US","@id":"https:\/\/www.librairieclavreuil.com\/#\/schema\/logo\/image\/","url":"https:\/\/www.librairieclavreuil.com\/wp-content\/uploads\/2021\/06\/cropped-LOGO_PNG_DATE-_gold-512x512-1.png","contentUrl":"https:\/\/www.librairieclavreuil.com\/wp-content\/uploads\/2021\/06\/cropped-LOGO_PNG_DATE-_gold-512x512-1.png","width":512,"height":512,"caption":"Libairie Clavreuil"},"image":{"@id":"https:\/\/www.librairieclavreuil.com\/#\/schema\/logo\/image\/"},"sameAs":["https:\/\/www.instagram.com\/librairieclavreuil\/"]}]}},"jetpack_sharing_enabled":true,"_links":{"self":[{"href":"https:\/\/www.librairieclavreuil.com\/en\/wp-json\/wp\/v2\/product\/76614","targetHints":{"allow":["GET"]}}],"collection":[{"href":"https:\/\/www.librairieclavreuil.com\/en\/wp-json\/wp\/v2\/product"}],"about":[{"href":"https:\/\/www.librairieclavreuil.com\/en\/wp-json\/wp\/v2\/types\/product"}],"replies":[{"embeddable":true,"href":"https:\/\/www.librairieclavreuil.com\/en\/wp-json\/wp\/v2\/comments?post=76614"}],"wp:featuredmedia":[{"embeddable":true,"href":"https:\/\/www.librairieclavreuil.com\/en\/wp-json\/wp\/v2\/media\/76601"}],"wp:attachment":[{"href":"https:\/\/www.librairieclavreuil.com\/en\/wp-json\/wp\/v2\/media?parent=76614"}],"wp:term":[{"taxonomy":"product_brand","embeddable":true,"href":"https:\/\/www.librairieclavreuil.com\/en\/wp-json\/wp\/v2\/product_brand?post=76614"},{"taxonomy":"product_cat","embeddable":true,"href":"https:\/\/www.librairieclavreuil.com\/en\/wp-json\/wp\/v2\/product_cat?post=76614"},{"taxonomy":"product_tag","embeddable":true,"href":"https:\/\/www.librairieclavreuil.com\/en\/wp-json\/wp\/v2\/product_tag?post=76614"}],"curies":[{"name":"wp","href":"https:\/\/api.w.org\/{rel}","templated":true}]}}