{"id":76592,"date":"2024-04-25T19:01:10","date_gmt":"2024-04-25T17:01:10","guid":{"rendered":"https:\/\/clavreuil-wordpress.logiciel-arteo.fr\/goury-de-champgrand-traite-de-venerie-et-de-chasse-scavoir-du-cerf-du-daim-du-chevreuil-du-lievre-du-sanglier-du-loup-traite-de-chasse-scavoir-au-fusil-pieges-et-filets-c\/"},"modified":"2024-07-08T13:13:53","modified_gmt":"2024-07-08T11:13:53","slug":"goury-de-champgrand-traite-de-venerie-et-de-chasse-scavoir-du-cerf-du-daim-du-chevreuil-du-lievre-du-sanglier-du-loup-traite-de-chasse-scavoir-au-fusil-pieges-et-filets-c","status":"publish","type":"product","link":"https:\/\/www.librairieclavreuil.com\/en\/goury-de-champgrand-traite-de-venerie-et-de-chasse-scavoir-du-cerf-du-daim-du-chevreuil-du-lievre-du-sanglier-du-loup-traite-de-chasse-scavoir-au-fusil-pieges-et-filets-c\/","title":{"rendered":"GOURY de CHAMPGRAND Trait\u00e9 de v\u00e9nerie et de..."},"content":{"rendered":"<p><i>Thi\u00e9baud, 469 ; Schwerdt, 214.<\/i><\/p>\n<p><span style=\"font-variant:small-caps\">First edition.<\/span><\/p>\n<p>Part one deals with dog hunting, part two on shooting, trapping, and catching with the help of nets. The book concludes with an important article on falconry and a dictionary of sporting terms. The fine plates are engraved by Louis Halbou.<\/p>\n<p>&#8220;C\u2019est \u00e0 peu pr\u00e8s le seul ouvrage cyn\u00e9g\u00e9tique illustr\u00e9 qui ait \u00e9t\u00e9 publi\u00e9 en France au XVIIIe si\u00e8cle, il est assez recherch\u00e9 pour cette raison&#8221; (Thi\u00e9baud).<\/p>\n<p>Good copy in its first binding.<\/p>\n<p>Provenance : Castellanye Deandigneyo (bookplate).<\/p>\n","protected":false},"excerpt":{"rendered":"<p>2 parts in one volume, 4to (249 x 197 mm) XII, 98 pp., 2 nn.ll. for part I; pp. 99 &#8211; 208, 1 nn.l. (privilege), 39 engraved and numbered plates for part II. Contemporary marbled calf, spine gilt with raised bands.<\/p>\n","protected":false},"featured_media":76571,"comment_status":"open","ping_status":"closed","template":"","meta":{"_acf_changed":false},"product_brand":[],"product_cat":[534],"product_tag":[1450,566],"class_list":{"0":"post-76592","1":"product","2":"type-product","3":"status-publish","4":"has-post-thumbnail","6":"product_cat-hunting","7":"product_tag-first-edition","8":"product_tag-hunting","9":"pa_auteur-goury-de-champgrand-2","10":"pa_type-de-livre-printed-book","12":"first","13":"instock","14":"shipping-taxable","15":"purchasable","16":"product-type-simple"},"acf":{"artist":" GOURY de CHAMPGRAND","chapeau":"","adresse_bibliographique":"Paris, Claude-Jean-Baptiste H\u00e9rissant, 1769","book_type":"Printed book","provenance":"","afficher_prix":""},"yoast_head":"<!-- This site is optimized with the Yoast SEO plugin v24.7 - https:\/\/yoast.com\/wordpress\/plugins\/seo\/ -->\n<title>GOURY de CHAMPGRAND  Trait\u00e9 de v\u00e9nerie et de chasse. S\u00e7avoir: Du cerf. Du daim. Du chevreuil. Du li\u00e8vre. Du sanglier. Du loup[\u2026]. Trait\u00e9 de chasse. S\u00e7avoir: Au fusil. Pi\u00e8ges et filets, &amp;c. De la pip\u00e9e. Essais de fauconnerie[\u2026]. De l\u2019autourserie... - Libairie Clavreuil<\/title>\n<meta name=\"robots\" content=\"index, follow, max-snippet:-1, max-image-preview:large, max-video-preview:-1\" \/>\n<link rel=\"canonical\" href=\"https:\/\/www.librairieclavreuil.com\/produit\/goury-de-champgrand-traite-de-venerie-et-de-chasse-scavoir-du-cerf-du-daim-du-chevreuil-du-lievre-du-sanglier-du-loup-traite-de-chasse-scavoir-au-fusil-pieges-et-filets-c\/\" \/>\n<meta property=\"og:locale\" content=\"en_US\" \/>\n<meta property=\"og:type\" content=\"article\" \/>\n<meta property=\"og:title\" content=\"GOURY de CHAMPGRAND  Trait\u00e9 de v\u00e9nerie et de chasse. S\u00e7avoir: Du cerf. Du daim. Du chevreuil. Du li\u00e8vre. Du sanglier. Du loup[\u2026]. Trait\u00e9 de chasse. S\u00e7avoir: Au fusil. Pi\u00e8ges et filets, &amp;c. De la pip\u00e9e. Essais de fauconnerie[\u2026]. De l\u2019autourserie... - Libairie Clavreuil\" \/>\n<meta property=\"og:description\" content=\"2 parts in one volume, 4to (249 x 197 mm) XII, 98 pp., 2 nn.ll. for part I; pp. 99 - 208, 1 nn.l. (privilege), 39 engraved and numbered plates for part II. Contemporary marbled calf, spine gilt with raised bands.\" \/>\n<meta property=\"og:url\" content=\"https:\/\/www.librairieclavreuil.com\/produit\/goury-de-champgrand-traite-de-venerie-et-de-chasse-scavoir-du-cerf-du-daim-du-chevreuil-du-lievre-du-sanglier-du-loup-traite-de-chasse-scavoir-au-fusil-pieges-et-filets-c\/\" \/>\n<meta property=\"og:site_name\" content=\"Libairie Clavreuil\" \/>\n<meta property=\"article:modified_time\" content=\"2024-07-08T11:13:53+00:00\" \/>\n<meta property=\"og:image\" content=\"https:\/\/www.librairieclavreuil.com\/wp-content\/uploads\/2024\/04\/goury-de-champgrand-traite-de-venerie-et-de-chasse-scavoir-du-cerf-du-daim-du-chevreuil-du-lievre-du-sanglier-du-loup-traite-de-chasse-scavoir-au-fusi-scaled.jpg\" \/>\n\t<meta property=\"og:image:width\" content=\"1920\" \/>\n\t<meta property=\"og:image:height\" content=\"2560\" \/>\n\t<meta property=\"og:image:type\" content=\"image\/jpeg\" \/>\n<meta name=\"twitter:card\" content=\"summary_large_image\" \/>\n<script type=\"application\/ld+json\" class=\"yoast-schema-graph\">{\"@context\":\"https:\/\/schema.org\",\"@graph\":[{\"@type\":\"WebPage\",\"@id\":\"https:\/\/www.librairieclavreuil.com\/produit\/goury-de-champgrand-traite-de-venerie-et-de-chasse-scavoir-du-cerf-du-daim-du-chevreuil-du-lievre-du-sanglier-du-loup-traite-de-chasse-scavoir-au-fusil-pieges-et-filets-c\/\",\"url\":\"https:\/\/www.librairieclavreuil.com\/produit\/goury-de-champgrand-traite-de-venerie-et-de-chasse-scavoir-du-cerf-du-daim-du-chevreuil-du-lievre-du-sanglier-du-loup-traite-de-chasse-scavoir-au-fusil-pieges-et-filets-c\/\",\"name\":\"GOURY de CHAMPGRAND Trait\u00e9 de v\u00e9nerie et de chasse. S\u00e7avoir: Du cerf. Du daim. Du chevreuil. Du li\u00e8vre. Du sanglier. Du loup[\u2026]. Trait\u00e9 de chasse. S\u00e7avoir: Au fusil. Pi\u00e8ges et filets, &amp;c. De la pip\u00e9e. Essais de fauconnerie[\u2026]. De l\u2019autourserie... - Libairie Clavreuil\",\"isPartOf\":{\"@id\":\"https:\/\/www.librairieclavreuil.com\/#website\"},\"primaryImageOfPage\":{\"@id\":\"https:\/\/www.librairieclavreuil.com\/produit\/goury-de-champgrand-traite-de-venerie-et-de-chasse-scavoir-du-cerf-du-daim-du-chevreuil-du-lievre-du-sanglier-du-loup-traite-de-chasse-scavoir-au-fusil-pieges-et-filets-c\/#primaryimage\"},\"image\":{\"@id\":\"https:\/\/www.librairieclavreuil.com\/produit\/goury-de-champgrand-traite-de-venerie-et-de-chasse-scavoir-du-cerf-du-daim-du-chevreuil-du-lievre-du-sanglier-du-loup-traite-de-chasse-scavoir-au-fusil-pieges-et-filets-c\/#primaryimage\"},\"thumbnailUrl\":\"https:\/\/www.librairieclavreuil.com\/wp-content\/uploads\/2024\/04\/goury-de-champgrand-traite-de-venerie-et-de-chasse-scavoir-du-cerf-du-daim-du-chevreuil-du-lievre-du-sanglier-du-loup-traite-de-chasse-scavoir-au-fusi-scaled.jpg\",\"datePublished\":\"2024-04-25T17:01:10+00:00\",\"dateModified\":\"2024-07-08T11:13:53+00:00\",\"breadcrumb\":{\"@id\":\"https:\/\/www.librairieclavreuil.com\/produit\/goury-de-champgrand-traite-de-venerie-et-de-chasse-scavoir-du-cerf-du-daim-du-chevreuil-du-lievre-du-sanglier-du-loup-traite-de-chasse-scavoir-au-fusil-pieges-et-filets-c\/#breadcrumb\"},\"inLanguage\":\"en-US\",\"potentialAction\":[{\"@type\":\"ReadAction\",\"target\":[\"https:\/\/www.librairieclavreuil.com\/produit\/goury-de-champgrand-traite-de-venerie-et-de-chasse-scavoir-du-cerf-du-daim-du-chevreuil-du-lievre-du-sanglier-du-loup-traite-de-chasse-scavoir-au-fusil-pieges-et-filets-c\/\"]}]},{\"@type\":\"ImageObject\",\"inLanguage\":\"en-US\",\"@id\":\"https:\/\/www.librairieclavreuil.com\/produit\/goury-de-champgrand-traite-de-venerie-et-de-chasse-scavoir-du-cerf-du-daim-du-chevreuil-du-lievre-du-sanglier-du-loup-traite-de-chasse-scavoir-au-fusil-pieges-et-filets-c\/#primaryimage\",\"url\":\"https:\/\/www.librairieclavreuil.com\/wp-content\/uploads\/2024\/04\/goury-de-champgrand-traite-de-venerie-et-de-chasse-scavoir-du-cerf-du-daim-du-chevreuil-du-lievre-du-sanglier-du-loup-traite-de-chasse-scavoir-au-fusi-scaled.jpg\",\"contentUrl\":\"https:\/\/www.librairieclavreuil.com\/wp-content\/uploads\/2024\/04\/goury-de-champgrand-traite-de-venerie-et-de-chasse-scavoir-du-cerf-du-daim-du-chevreuil-du-lievre-du-sanglier-du-loup-traite-de-chasse-scavoir-au-fusi-scaled.jpg\",\"width\":1920,\"height\":2560},{\"@type\":\"BreadcrumbList\",\"@id\":\"https:\/\/www.librairieclavreuil.com\/produit\/goury-de-champgrand-traite-de-venerie-et-de-chasse-scavoir-du-cerf-du-daim-du-chevreuil-du-lievre-du-sanglier-du-loup-traite-de-chasse-scavoir-au-fusil-pieges-et-filets-c\/#breadcrumb\",\"itemListElement\":[{\"@type\":\"ListItem\",\"position\":1,\"name\":\"Accueil\",\"item\":\"https:\/\/www.librairieclavreuil.com\/\"},{\"@type\":\"ListItem\",\"position\":2,\"name\":\"All our books\",\"item\":\"https:\/\/www.librairieclavreuil.com\/en\/all-our-books\/\"},{\"@type\":\"ListItem\",\"position\":3,\"name\":\"GOURY de CHAMPGRAND Trait\u00e9 de v\u00e9nerie et de...\"}]},{\"@type\":\"WebSite\",\"@id\":\"https:\/\/www.librairieclavreuil.com\/#website\",\"url\":\"https:\/\/www.librairieclavreuil.com\/\",\"name\":\"Libairie Clavreuil\",\"description\":\"Livres anciens, manuscrits rares et \u00e9ditions originales \u2013 Librairie Clavreuil\",\"publisher\":{\"@id\":\"https:\/\/www.librairieclavreuil.com\/#organization\"},\"potentialAction\":[{\"@type\":\"SearchAction\",\"target\":{\"@type\":\"EntryPoint\",\"urlTemplate\":\"https:\/\/www.librairieclavreuil.com\/?s={search_term_string}\"},\"query-input\":{\"@type\":\"PropertyValueSpecification\",\"valueRequired\":true,\"valueName\":\"search_term_string\"}}],\"inLanguage\":\"en-US\"},{\"@type\":\"Organization\",\"@id\":\"https:\/\/www.librairieclavreuil.com\/#organization\",\"name\":\"Libairie Clavreuil\",\"url\":\"https:\/\/www.librairieclavreuil.com\/\",\"logo\":{\"@type\":\"ImageObject\",\"inLanguage\":\"en-US\",\"@id\":\"https:\/\/www.librairieclavreuil.com\/#\/schema\/logo\/image\/\",\"url\":\"https:\/\/www.librairieclavreuil.com\/wp-content\/uploads\/2021\/06\/cropped-LOGO_PNG_DATE-_gold-512x512-1.png\",\"contentUrl\":\"https:\/\/www.librairieclavreuil.com\/wp-content\/uploads\/2021\/06\/cropped-LOGO_PNG_DATE-_gold-512x512-1.png\",\"width\":512,\"height\":512,\"caption\":\"Libairie Clavreuil\"},\"image\":{\"@id\":\"https:\/\/www.librairieclavreuil.com\/#\/schema\/logo\/image\/\"},\"sameAs\":[\"https:\/\/www.instagram.com\/librairieclavreuil\/\"]}]}<\/script>\n<!-- \/ Yoast SEO plugin. -->","yoast_head_json":{"title":"GOURY de CHAMPGRAND  Trait\u00e9 de v\u00e9nerie et de chasse. S\u00e7avoir: Du cerf. Du daim. Du chevreuil. Du li\u00e8vre. Du sanglier. Du loup[\u2026]. Trait\u00e9 de chasse. S\u00e7avoir: Au fusil. Pi\u00e8ges et filets, &amp;c. De la pip\u00e9e. Essais de fauconnerie[\u2026]. De l\u2019autourserie... - Libairie Clavreuil","robots":{"index":"index","follow":"follow","max-snippet":"max-snippet:-1","max-image-preview":"max-image-preview:large","max-video-preview":"max-video-preview:-1"},"canonical":"https:\/\/www.librairieclavreuil.com\/produit\/goury-de-champgrand-traite-de-venerie-et-de-chasse-scavoir-du-cerf-du-daim-du-chevreuil-du-lievre-du-sanglier-du-loup-traite-de-chasse-scavoir-au-fusil-pieges-et-filets-c\/","og_locale":"en_US","og_type":"article","og_title":"GOURY de CHAMPGRAND  Trait\u00e9 de v\u00e9nerie et de chasse. S\u00e7avoir: Du cerf. Du daim. Du chevreuil. Du li\u00e8vre. Du sanglier. Du loup[\u2026]. Trait\u00e9 de chasse. S\u00e7avoir: Au fusil. Pi\u00e8ges et filets, &amp;c. De la pip\u00e9e. Essais de fauconnerie[\u2026]. De l\u2019autourserie... - Libairie Clavreuil","og_description":"2 parts in one volume, 4to (249 x 197 mm) XII, 98 pp., 2 nn.ll. for part I; pp. 99 - 208, 1 nn.l. (privilege), 39 engraved and numbered plates for part II. Contemporary marbled calf, spine gilt with raised bands.","og_url":"https:\/\/www.librairieclavreuil.com\/produit\/goury-de-champgrand-traite-de-venerie-et-de-chasse-scavoir-du-cerf-du-daim-du-chevreuil-du-lievre-du-sanglier-du-loup-traite-de-chasse-scavoir-au-fusil-pieges-et-filets-c\/","og_site_name":"Libairie Clavreuil","article_modified_time":"2024-07-08T11:13:53+00:00","og_image":[{"width":1920,"height":2560,"url":"https:\/\/www.librairieclavreuil.com\/wp-content\/uploads\/2024\/04\/goury-de-champgrand-traite-de-venerie-et-de-chasse-scavoir-du-cerf-du-daim-du-chevreuil-du-lievre-du-sanglier-du-loup-traite-de-chasse-scavoir-au-fusi-scaled.jpg","type":"image\/jpeg"}],"twitter_card":"summary_large_image","schema":{"@context":"https:\/\/schema.org","@graph":[{"@type":"WebPage","@id":"https:\/\/www.librairieclavreuil.com\/produit\/goury-de-champgrand-traite-de-venerie-et-de-chasse-scavoir-du-cerf-du-daim-du-chevreuil-du-lievre-du-sanglier-du-loup-traite-de-chasse-scavoir-au-fusil-pieges-et-filets-c\/","url":"https:\/\/www.librairieclavreuil.com\/produit\/goury-de-champgrand-traite-de-venerie-et-de-chasse-scavoir-du-cerf-du-daim-du-chevreuil-du-lievre-du-sanglier-du-loup-traite-de-chasse-scavoir-au-fusil-pieges-et-filets-c\/","name":"GOURY de CHAMPGRAND Trait\u00e9 de v\u00e9nerie et de chasse. S\u00e7avoir: Du cerf. Du daim. Du chevreuil. Du li\u00e8vre. Du sanglier. Du loup[\u2026]. Trait\u00e9 de chasse. S\u00e7avoir: Au fusil. Pi\u00e8ges et filets, &amp;c. De la pip\u00e9e. Essais de fauconnerie[\u2026]. De l\u2019autourserie... - Libairie Clavreuil","isPartOf":{"@id":"https:\/\/www.librairieclavreuil.com\/#website"},"primaryImageOfPage":{"@id":"https:\/\/www.librairieclavreuil.com\/produit\/goury-de-champgrand-traite-de-venerie-et-de-chasse-scavoir-du-cerf-du-daim-du-chevreuil-du-lievre-du-sanglier-du-loup-traite-de-chasse-scavoir-au-fusil-pieges-et-filets-c\/#primaryimage"},"image":{"@id":"https:\/\/www.librairieclavreuil.com\/produit\/goury-de-champgrand-traite-de-venerie-et-de-chasse-scavoir-du-cerf-du-daim-du-chevreuil-du-lievre-du-sanglier-du-loup-traite-de-chasse-scavoir-au-fusil-pieges-et-filets-c\/#primaryimage"},"thumbnailUrl":"https:\/\/www.librairieclavreuil.com\/wp-content\/uploads\/2024\/04\/goury-de-champgrand-traite-de-venerie-et-de-chasse-scavoir-du-cerf-du-daim-du-chevreuil-du-lievre-du-sanglier-du-loup-traite-de-chasse-scavoir-au-fusi-scaled.jpg","datePublished":"2024-04-25T17:01:10+00:00","dateModified":"2024-07-08T11:13:53+00:00","breadcrumb":{"@id":"https:\/\/www.librairieclavreuil.com\/produit\/goury-de-champgrand-traite-de-venerie-et-de-chasse-scavoir-du-cerf-du-daim-du-chevreuil-du-lievre-du-sanglier-du-loup-traite-de-chasse-scavoir-au-fusil-pieges-et-filets-c\/#breadcrumb"},"inLanguage":"en-US","potentialAction":[{"@type":"ReadAction","target":["https:\/\/www.librairieclavreuil.com\/produit\/goury-de-champgrand-traite-de-venerie-et-de-chasse-scavoir-du-cerf-du-daim-du-chevreuil-du-lievre-du-sanglier-du-loup-traite-de-chasse-scavoir-au-fusil-pieges-et-filets-c\/"]}]},{"@type":"ImageObject","inLanguage":"en-US","@id":"https:\/\/www.librairieclavreuil.com\/produit\/goury-de-champgrand-traite-de-venerie-et-de-chasse-scavoir-du-cerf-du-daim-du-chevreuil-du-lievre-du-sanglier-du-loup-traite-de-chasse-scavoir-au-fusil-pieges-et-filets-c\/#primaryimage","url":"https:\/\/www.librairieclavreuil.com\/wp-content\/uploads\/2024\/04\/goury-de-champgrand-traite-de-venerie-et-de-chasse-scavoir-du-cerf-du-daim-du-chevreuil-du-lievre-du-sanglier-du-loup-traite-de-chasse-scavoir-au-fusi-scaled.jpg","contentUrl":"https:\/\/www.librairieclavreuil.com\/wp-content\/uploads\/2024\/04\/goury-de-champgrand-traite-de-venerie-et-de-chasse-scavoir-du-cerf-du-daim-du-chevreuil-du-lievre-du-sanglier-du-loup-traite-de-chasse-scavoir-au-fusi-scaled.jpg","width":1920,"height":2560},{"@type":"BreadcrumbList","@id":"https:\/\/www.librairieclavreuil.com\/produit\/goury-de-champgrand-traite-de-venerie-et-de-chasse-scavoir-du-cerf-du-daim-du-chevreuil-du-lievre-du-sanglier-du-loup-traite-de-chasse-scavoir-au-fusil-pieges-et-filets-c\/#breadcrumb","itemListElement":[{"@type":"ListItem","position":1,"name":"Accueil","item":"https:\/\/www.librairieclavreuil.com\/"},{"@type":"ListItem","position":2,"name":"All our books","item":"https:\/\/www.librairieclavreuil.com\/en\/all-our-books\/"},{"@type":"ListItem","position":3,"name":"GOURY de CHAMPGRAND Trait\u00e9 de v\u00e9nerie et de..."}]},{"@type":"WebSite","@id":"https:\/\/www.librairieclavreuil.com\/#website","url":"https:\/\/www.librairieclavreuil.com\/","name":"Libairie Clavreuil","description":"Livres anciens, manuscrits rares et \u00e9ditions originales \u2013 Librairie Clavreuil","publisher":{"@id":"https:\/\/www.librairieclavreuil.com\/#organization"},"potentialAction":[{"@type":"SearchAction","target":{"@type":"EntryPoint","urlTemplate":"https:\/\/www.librairieclavreuil.com\/?s={search_term_string}"},"query-input":{"@type":"PropertyValueSpecification","valueRequired":true,"valueName":"search_term_string"}}],"inLanguage":"en-US"},{"@type":"Organization","@id":"https:\/\/www.librairieclavreuil.com\/#organization","name":"Libairie Clavreuil","url":"https:\/\/www.librairieclavreuil.com\/","logo":{"@type":"ImageObject","inLanguage":"en-US","@id":"https:\/\/www.librairieclavreuil.com\/#\/schema\/logo\/image\/","url":"https:\/\/www.librairieclavreuil.com\/wp-content\/uploads\/2021\/06\/cropped-LOGO_PNG_DATE-_gold-512x512-1.png","contentUrl":"https:\/\/www.librairieclavreuil.com\/wp-content\/uploads\/2021\/06\/cropped-LOGO_PNG_DATE-_gold-512x512-1.png","width":512,"height":512,"caption":"Libairie Clavreuil"},"image":{"@id":"https:\/\/www.librairieclavreuil.com\/#\/schema\/logo\/image\/"},"sameAs":["https:\/\/www.instagram.com\/librairieclavreuil\/"]}]}},"jetpack_sharing_enabled":true,"_links":{"self":[{"href":"https:\/\/www.librairieclavreuil.com\/en\/wp-json\/wp\/v2\/product\/76592","targetHints":{"allow":["GET"]}}],"collection":[{"href":"https:\/\/www.librairieclavreuil.com\/en\/wp-json\/wp\/v2\/product"}],"about":[{"href":"https:\/\/www.librairieclavreuil.com\/en\/wp-json\/wp\/v2\/types\/product"}],"replies":[{"embeddable":true,"href":"https:\/\/www.librairieclavreuil.com\/en\/wp-json\/wp\/v2\/comments?post=76592"}],"wp:featuredmedia":[{"embeddable":true,"href":"https:\/\/www.librairieclavreuil.com\/en\/wp-json\/wp\/v2\/media\/76571"}],"wp:attachment":[{"href":"https:\/\/www.librairieclavreuil.com\/en\/wp-json\/wp\/v2\/media?parent=76592"}],"wp:term":[{"taxonomy":"product_brand","embeddable":true,"href":"https:\/\/www.librairieclavreuil.com\/en\/wp-json\/wp\/v2\/product_brand?post=76592"},{"taxonomy":"product_cat","embeddable":true,"href":"https:\/\/www.librairieclavreuil.com\/en\/wp-json\/wp\/v2\/product_cat?post=76592"},{"taxonomy":"product_tag","embeddable":true,"href":"https:\/\/www.librairieclavreuil.com\/en\/wp-json\/wp\/v2\/product_tag?post=76592"}],"curies":[{"name":"wp","href":"https:\/\/api.w.org\/{rel}","templated":true}]}}