{"id":76570,"date":"2024-04-25T19:00:19","date_gmt":"2024-04-25T17:00:19","guid":{"rendered":"https:\/\/clavreuil-wordpress.logiciel-arteo.fr\/cussac-j-theorie-generale-de-toutes-les-chasses-au-fusil-a-courre-et-a-tir-pour-le-gibier-a-poil-et-a-plume-et-des-grandes-chasses-royales-contenant-un-traite-sur-les-proprietes-du-fusil-de-chass\/"},"modified":"2024-07-08T13:13:37","modified_gmt":"2024-07-08T11:13:37","slug":"cussac-j-theorie-generale-de-toutes-les-chasses-au-fusil-a-courre-et-a-tir-pour-le-gibier-a-poil-et-a-plume-et-des-grandes-chasses-royales-contenant-un-traite-sur-les-proprietes-du-fusil-de-chass","status":"publish","type":"product","link":"https:\/\/www.librairieclavreuil.com\/en\/cussac-j-theorie-generale-de-toutes-les-chasses-au-fusil-a-courre-et-a-tir-pour-le-gibier-a-poil-et-a-plume-et-des-grandes-chasses-royales-contenant-un-traite-sur-les-proprietes-du-fusil-de-chass\/","title":{"rendered":"CUSSAC J Th\u00e9orie g\u00e9n\u00e9rale de toutes les chasses..."},"content":{"rendered":"<p><i>Thiebaud, 241-242 ; Schwerdt, I, 129 (under Cuisin).<\/i><\/p>\n<p>First edition of this work attributed to J.P.R. Cussac of which 66 pages contain a highly interesting dictionary of hunting terms (Vocabulaire des termes de v\u00e9nerie, de fauconnerie et de toute esp\u00e8ce de chasse).<\/p>\n<p>Good, complete copy.<\/p>\n","protected":false},"excerpt":{"rendered":"<p>12mo (170 x 102 mm) engraved frontispiece, 2 nn.ll., XII, 488 pp. (misnumbered 484), 28 pp. of musical scores, 4 engraved folding plates. Contemporary boards, flat spine.<\/p>\n","protected":false},"featured_media":76561,"comment_status":"open","ping_status":"closed","template":"","meta":{"_acf_changed":false},"product_brand":[],"product_cat":[534],"product_tag":[1450,566],"class_list":{"0":"post-76570","1":"product","2":"type-product","3":"status-publish","4":"has-post-thumbnail","6":"product_cat-hunting","7":"product_tag-first-edition","8":"product_tag-hunting","9":"pa_auteur-cussac-j-2","10":"pa_type-de-livre-printed-book","12":"first","13":"outofstock","14":"shipping-taxable","15":"purchasable","16":"product-type-simple"},"acf":{"artist":" J CUSSAC","chapeau":"","adresse_bibliographique":"Paris, Corbet ain\u00e9, 1823","book_type":"Printed book","provenance":"","afficher_prix":""},"yoast_head":"<!-- This site is optimized with the Yoast SEO plugin v24.7 - https:\/\/yoast.com\/wordpress\/plugins\/seo\/ -->\n<title>CUSSAC J Th\u00e9orie g\u00e9n\u00e9rale de toutes les chasses au fusil, \u00e0 courre et \u00e0 tir, pour le gibier \u00e0 poil et \u00e0 plume, et des grandes chasses royales, contenant un Trait\u00e9 sur les propri\u00e9t\u00e9s du fusil de chasse, soit moderne soit \u00e0 piston; un Vocabulaire des termes de v\u00e9nerie, de fauconnerie et de chasse; la mani\u00e8re de dresser les chiens et de les gu\u00e9rir de leurs maladies... - Libairie Clavreuil<\/title>\n<meta name=\"robots\" content=\"index, follow, max-snippet:-1, max-image-preview:large, max-video-preview:-1\" \/>\n<link rel=\"canonical\" href=\"https:\/\/www.librairieclavreuil.com\/en\/cussac-j-theorie-generale-de-toutes-les-chasses-au-fusil-a-courre-et-a-tir-pour-le-gibier-a-poil-et-a-plume-et-des-grandes-chasses-royales-contenant-un-traite-sur-les-proprietes-du-fusil-de-chass\/\" \/>\n<meta property=\"og:locale\" content=\"en_US\" \/>\n<meta property=\"og:type\" content=\"article\" \/>\n<meta property=\"og:title\" content=\"CUSSAC J Th\u00e9orie g\u00e9n\u00e9rale de toutes les chasses au fusil, \u00e0 courre et \u00e0 tir, pour le gibier \u00e0 poil et \u00e0 plume, et des grandes chasses royales, contenant un Trait\u00e9 sur les propri\u00e9t\u00e9s du fusil de chasse, soit moderne soit \u00e0 piston; un Vocabulaire des termes de v\u00e9nerie, de fauconnerie et de chasse; la mani\u00e8re de dresser les chiens et de les gu\u00e9rir de leurs maladies... - Libairie Clavreuil\" \/>\n<meta property=\"og:description\" content=\"12mo (170 x 102 mm) engraved frontispiece, 2 nn.ll., XII, 488 pp. (misnumbered 484), 28 pp. of musical scores, 4 engraved folding plates. Contemporary boards, flat spine.\" \/>\n<meta property=\"og:url\" content=\"https:\/\/www.librairieclavreuil.com\/en\/cussac-j-theorie-generale-de-toutes-les-chasses-au-fusil-a-courre-et-a-tir-pour-le-gibier-a-poil-et-a-plume-et-des-grandes-chasses-royales-contenant-un-traite-sur-les-proprietes-du-fusil-de-chass\/\" \/>\n<meta property=\"og:site_name\" content=\"Libairie Clavreuil\" \/>\n<meta property=\"article:modified_time\" content=\"2024-07-08T11:13:37+00:00\" \/>\n<meta property=\"og:image\" content=\"https:\/\/www.librairieclavreuil.com\/wp-content\/uploads\/2024\/04\/j-cussac-theorie-generale-de-toutes-les-chasses-au-fusil-a-courre-et-a-tir-pour-le-gibier-a-poil-et-a-plume-et-des-grandes-chasses-royales-contenant-u-scaled.jpg\" \/>\n\t<meta property=\"og:image:width\" content=\"2560\" \/>\n\t<meta property=\"og:image:height\" content=\"1556\" \/>\n\t<meta property=\"og:image:type\" content=\"image\/jpeg\" \/>\n<meta name=\"twitter:card\" content=\"summary_large_image\" \/>\n<script type=\"application\/ld+json\" class=\"yoast-schema-graph\">{\"@context\":\"https:\/\/schema.org\",\"@graph\":[{\"@type\":\"WebPage\",\"@id\":\"https:\/\/www.librairieclavreuil.com\/en\/cussac-j-theorie-generale-de-toutes-les-chasses-au-fusil-a-courre-et-a-tir-pour-le-gibier-a-poil-et-a-plume-et-des-grandes-chasses-royales-contenant-un-traite-sur-les-proprietes-du-fusil-de-chass\/\",\"url\":\"https:\/\/www.librairieclavreuil.com\/en\/cussac-j-theorie-generale-de-toutes-les-chasses-au-fusil-a-courre-et-a-tir-pour-le-gibier-a-poil-et-a-plume-et-des-grandes-chasses-royales-contenant-un-traite-sur-les-proprietes-du-fusil-de-chass\/\",\"name\":\"CUSSAC J Th\u00e9orie g\u00e9n\u00e9rale de toutes les chasses au fusil, \u00e0 courre et \u00e0 tir, pour le gibier \u00e0 poil et \u00e0 plume, et des grandes chasses royales, contenant un Trait\u00e9 sur les propri\u00e9t\u00e9s du fusil de chasse, soit moderne soit \u00e0 piston; un Vocabulaire des termes de v\u00e9nerie, de fauconnerie et de chasse; la mani\u00e8re de dresser les chiens et de les gu\u00e9rir de leurs maladies... - Libairie Clavreuil\",\"isPartOf\":{\"@id\":\"https:\/\/www.librairieclavreuil.com\/#website\"},\"primaryImageOfPage\":{\"@id\":\"https:\/\/www.librairieclavreuil.com\/en\/cussac-j-theorie-generale-de-toutes-les-chasses-au-fusil-a-courre-et-a-tir-pour-le-gibier-a-poil-et-a-plume-et-des-grandes-chasses-royales-contenant-un-traite-sur-les-proprietes-du-fusil-de-chass\/#primaryimage\"},\"image\":{\"@id\":\"https:\/\/www.librairieclavreuil.com\/en\/cussac-j-theorie-generale-de-toutes-les-chasses-au-fusil-a-courre-et-a-tir-pour-le-gibier-a-poil-et-a-plume-et-des-grandes-chasses-royales-contenant-un-traite-sur-les-proprietes-du-fusil-de-chass\/#primaryimage\"},\"thumbnailUrl\":\"https:\/\/www.librairieclavreuil.com\/wp-content\/uploads\/2024\/04\/j-cussac-theorie-generale-de-toutes-les-chasses-au-fusil-a-courre-et-a-tir-pour-le-gibier-a-poil-et-a-plume-et-des-grandes-chasses-royales-contenant-u-scaled.jpg\",\"datePublished\":\"2024-04-25T17:00:19+00:00\",\"dateModified\":\"2024-07-08T11:13:37+00:00\",\"breadcrumb\":{\"@id\":\"https:\/\/www.librairieclavreuil.com\/en\/cussac-j-theorie-generale-de-toutes-les-chasses-au-fusil-a-courre-et-a-tir-pour-le-gibier-a-poil-et-a-plume-et-des-grandes-chasses-royales-contenant-un-traite-sur-les-proprietes-du-fusil-de-chass\/#breadcrumb\"},\"inLanguage\":\"en-US\",\"potentialAction\":[{\"@type\":\"ReadAction\",\"target\":[\"https:\/\/www.librairieclavreuil.com\/en\/cussac-j-theorie-generale-de-toutes-les-chasses-au-fusil-a-courre-et-a-tir-pour-le-gibier-a-poil-et-a-plume-et-des-grandes-chasses-royales-contenant-un-traite-sur-les-proprietes-du-fusil-de-chass\/\"]}]},{\"@type\":\"ImageObject\",\"inLanguage\":\"en-US\",\"@id\":\"https:\/\/www.librairieclavreuil.com\/en\/cussac-j-theorie-generale-de-toutes-les-chasses-au-fusil-a-courre-et-a-tir-pour-le-gibier-a-poil-et-a-plume-et-des-grandes-chasses-royales-contenant-un-traite-sur-les-proprietes-du-fusil-de-chass\/#primaryimage\",\"url\":\"https:\/\/www.librairieclavreuil.com\/wp-content\/uploads\/2024\/04\/j-cussac-theorie-generale-de-toutes-les-chasses-au-fusil-a-courre-et-a-tir-pour-le-gibier-a-poil-et-a-plume-et-des-grandes-chasses-royales-contenant-u-scaled.jpg\",\"contentUrl\":\"https:\/\/www.librairieclavreuil.com\/wp-content\/uploads\/2024\/04\/j-cussac-theorie-generale-de-toutes-les-chasses-au-fusil-a-courre-et-a-tir-pour-le-gibier-a-poil-et-a-plume-et-des-grandes-chasses-royales-contenant-u-scaled.jpg\",\"width\":2560,\"height\":1556},{\"@type\":\"BreadcrumbList\",\"@id\":\"https:\/\/www.librairieclavreuil.com\/en\/cussac-j-theorie-generale-de-toutes-les-chasses-au-fusil-a-courre-et-a-tir-pour-le-gibier-a-poil-et-a-plume-et-des-grandes-chasses-royales-contenant-un-traite-sur-les-proprietes-du-fusil-de-chass\/#breadcrumb\",\"itemListElement\":[{\"@type\":\"ListItem\",\"position\":1,\"name\":\"Accueil\",\"item\":\"https:\/\/www.librairieclavreuil.com\/\"},{\"@type\":\"ListItem\",\"position\":2,\"name\":\"All our books\",\"item\":\"https:\/\/www.librairieclavreuil.com\/en\/all-our-books\/\"},{\"@type\":\"ListItem\",\"position\":3,\"name\":\"CUSSAC J Th\u00e9orie g\u00e9n\u00e9rale de toutes les chasses au fusil, \u00e0 courre et \u00e0 tir, pour le gibier \u00e0 poil et \u00e0 plume, et des grandes chasses royales, contenant un Trait\u00e9 sur les propri\u00e9t\u00e9s du fusil de chasse, soit moderne soit \u00e0 piston; un Vocabulaire des termes de v\u00e9nerie, de fauconnerie et de chasse; la mani\u00e8re de dresser les chiens et de les gu\u00e9rir de leurs maladies&#8230;\"}]},{\"@type\":\"WebSite\",\"@id\":\"https:\/\/www.librairieclavreuil.com\/#website\",\"url\":\"https:\/\/www.librairieclavreuil.com\/\",\"name\":\"Libairie Clavreuil\",\"description\":\"Livres anciens, manuscrits rares et \u00e9ditions originales \u2013 Librairie Clavreuil\",\"publisher\":{\"@id\":\"https:\/\/www.librairieclavreuil.com\/#organization\"},\"potentialAction\":[{\"@type\":\"SearchAction\",\"target\":{\"@type\":\"EntryPoint\",\"urlTemplate\":\"https:\/\/www.librairieclavreuil.com\/?s={search_term_string}\"},\"query-input\":{\"@type\":\"PropertyValueSpecification\",\"valueRequired\":true,\"valueName\":\"search_term_string\"}}],\"inLanguage\":\"en-US\"},{\"@type\":\"Organization\",\"@id\":\"https:\/\/www.librairieclavreuil.com\/#organization\",\"name\":\"Libairie Clavreuil\",\"url\":\"https:\/\/www.librairieclavreuil.com\/\",\"logo\":{\"@type\":\"ImageObject\",\"inLanguage\":\"en-US\",\"@id\":\"https:\/\/www.librairieclavreuil.com\/#\/schema\/logo\/image\/\",\"url\":\"https:\/\/www.librairieclavreuil.com\/wp-content\/uploads\/2021\/06\/cropped-LOGO_PNG_DATE-_gold-512x512-1.png\",\"contentUrl\":\"https:\/\/www.librairieclavreuil.com\/wp-content\/uploads\/2021\/06\/cropped-LOGO_PNG_DATE-_gold-512x512-1.png\",\"width\":512,\"height\":512,\"caption\":\"Libairie Clavreuil\"},\"image\":{\"@id\":\"https:\/\/www.librairieclavreuil.com\/#\/schema\/logo\/image\/\"},\"sameAs\":[\"https:\/\/www.instagram.com\/librairieclavreuil\/\"]}]}<\/script>\n<!-- \/ Yoast SEO plugin. -->","yoast_head_json":{"title":"CUSSAC J Th\u00e9orie g\u00e9n\u00e9rale de toutes les chasses au fusil, \u00e0 courre et \u00e0 tir, pour le gibier \u00e0 poil et \u00e0 plume, et des grandes chasses royales, contenant un Trait\u00e9 sur les propri\u00e9t\u00e9s du fusil de chasse, soit moderne soit \u00e0 piston; un Vocabulaire des termes de v\u00e9nerie, de fauconnerie et de chasse; la mani\u00e8re de dresser les chiens et de les gu\u00e9rir de leurs maladies... - Libairie Clavreuil","robots":{"index":"index","follow":"follow","max-snippet":"max-snippet:-1","max-image-preview":"max-image-preview:large","max-video-preview":"max-video-preview:-1"},"canonical":"https:\/\/www.librairieclavreuil.com\/en\/cussac-j-theorie-generale-de-toutes-les-chasses-au-fusil-a-courre-et-a-tir-pour-le-gibier-a-poil-et-a-plume-et-des-grandes-chasses-royales-contenant-un-traite-sur-les-proprietes-du-fusil-de-chass\/","og_locale":"en_US","og_type":"article","og_title":"CUSSAC J Th\u00e9orie g\u00e9n\u00e9rale de toutes les chasses au fusil, \u00e0 courre et \u00e0 tir, pour le gibier \u00e0 poil et \u00e0 plume, et des grandes chasses royales, contenant un Trait\u00e9 sur les propri\u00e9t\u00e9s du fusil de chasse, soit moderne soit \u00e0 piston; un Vocabulaire des termes de v\u00e9nerie, de fauconnerie et de chasse; la mani\u00e8re de dresser les chiens et de les gu\u00e9rir de leurs maladies... - Libairie Clavreuil","og_description":"12mo (170 x 102 mm) engraved frontispiece, 2 nn.ll., XII, 488 pp. (misnumbered 484), 28 pp. of musical scores, 4 engraved folding plates. Contemporary boards, flat spine.","og_url":"https:\/\/www.librairieclavreuil.com\/en\/cussac-j-theorie-generale-de-toutes-les-chasses-au-fusil-a-courre-et-a-tir-pour-le-gibier-a-poil-et-a-plume-et-des-grandes-chasses-royales-contenant-un-traite-sur-les-proprietes-du-fusil-de-chass\/","og_site_name":"Libairie Clavreuil","article_modified_time":"2024-07-08T11:13:37+00:00","og_image":[{"width":2560,"height":1556,"url":"https:\/\/www.librairieclavreuil.com\/wp-content\/uploads\/2024\/04\/j-cussac-theorie-generale-de-toutes-les-chasses-au-fusil-a-courre-et-a-tir-pour-le-gibier-a-poil-et-a-plume-et-des-grandes-chasses-royales-contenant-u-scaled.jpg","type":"image\/jpeg"}],"twitter_card":"summary_large_image","schema":{"@context":"https:\/\/schema.org","@graph":[{"@type":"WebPage","@id":"https:\/\/www.librairieclavreuil.com\/en\/cussac-j-theorie-generale-de-toutes-les-chasses-au-fusil-a-courre-et-a-tir-pour-le-gibier-a-poil-et-a-plume-et-des-grandes-chasses-royales-contenant-un-traite-sur-les-proprietes-du-fusil-de-chass\/","url":"https:\/\/www.librairieclavreuil.com\/en\/cussac-j-theorie-generale-de-toutes-les-chasses-au-fusil-a-courre-et-a-tir-pour-le-gibier-a-poil-et-a-plume-et-des-grandes-chasses-royales-contenant-un-traite-sur-les-proprietes-du-fusil-de-chass\/","name":"CUSSAC J Th\u00e9orie g\u00e9n\u00e9rale de toutes les chasses au fusil, \u00e0 courre et \u00e0 tir, pour le gibier \u00e0 poil et \u00e0 plume, et des grandes chasses royales, contenant un Trait\u00e9 sur les propri\u00e9t\u00e9s du fusil de chasse, soit moderne soit \u00e0 piston; un Vocabulaire des termes de v\u00e9nerie, de fauconnerie et de chasse; la mani\u00e8re de dresser les chiens et de les gu\u00e9rir de leurs maladies... - Libairie Clavreuil","isPartOf":{"@id":"https:\/\/www.librairieclavreuil.com\/#website"},"primaryImageOfPage":{"@id":"https:\/\/www.librairieclavreuil.com\/en\/cussac-j-theorie-generale-de-toutes-les-chasses-au-fusil-a-courre-et-a-tir-pour-le-gibier-a-poil-et-a-plume-et-des-grandes-chasses-royales-contenant-un-traite-sur-les-proprietes-du-fusil-de-chass\/#primaryimage"},"image":{"@id":"https:\/\/www.librairieclavreuil.com\/en\/cussac-j-theorie-generale-de-toutes-les-chasses-au-fusil-a-courre-et-a-tir-pour-le-gibier-a-poil-et-a-plume-et-des-grandes-chasses-royales-contenant-un-traite-sur-les-proprietes-du-fusil-de-chass\/#primaryimage"},"thumbnailUrl":"https:\/\/www.librairieclavreuil.com\/wp-content\/uploads\/2024\/04\/j-cussac-theorie-generale-de-toutes-les-chasses-au-fusil-a-courre-et-a-tir-pour-le-gibier-a-poil-et-a-plume-et-des-grandes-chasses-royales-contenant-u-scaled.jpg","datePublished":"2024-04-25T17:00:19+00:00","dateModified":"2024-07-08T11:13:37+00:00","breadcrumb":{"@id":"https:\/\/www.librairieclavreuil.com\/en\/cussac-j-theorie-generale-de-toutes-les-chasses-au-fusil-a-courre-et-a-tir-pour-le-gibier-a-poil-et-a-plume-et-des-grandes-chasses-royales-contenant-un-traite-sur-les-proprietes-du-fusil-de-chass\/#breadcrumb"},"inLanguage":"en-US","potentialAction":[{"@type":"ReadAction","target":["https:\/\/www.librairieclavreuil.com\/en\/cussac-j-theorie-generale-de-toutes-les-chasses-au-fusil-a-courre-et-a-tir-pour-le-gibier-a-poil-et-a-plume-et-des-grandes-chasses-royales-contenant-un-traite-sur-les-proprietes-du-fusil-de-chass\/"]}]},{"@type":"ImageObject","inLanguage":"en-US","@id":"https:\/\/www.librairieclavreuil.com\/en\/cussac-j-theorie-generale-de-toutes-les-chasses-au-fusil-a-courre-et-a-tir-pour-le-gibier-a-poil-et-a-plume-et-des-grandes-chasses-royales-contenant-un-traite-sur-les-proprietes-du-fusil-de-chass\/#primaryimage","url":"https:\/\/www.librairieclavreuil.com\/wp-content\/uploads\/2024\/04\/j-cussac-theorie-generale-de-toutes-les-chasses-au-fusil-a-courre-et-a-tir-pour-le-gibier-a-poil-et-a-plume-et-des-grandes-chasses-royales-contenant-u-scaled.jpg","contentUrl":"https:\/\/www.librairieclavreuil.com\/wp-content\/uploads\/2024\/04\/j-cussac-theorie-generale-de-toutes-les-chasses-au-fusil-a-courre-et-a-tir-pour-le-gibier-a-poil-et-a-plume-et-des-grandes-chasses-royales-contenant-u-scaled.jpg","width":2560,"height":1556},{"@type":"BreadcrumbList","@id":"https:\/\/www.librairieclavreuil.com\/en\/cussac-j-theorie-generale-de-toutes-les-chasses-au-fusil-a-courre-et-a-tir-pour-le-gibier-a-poil-et-a-plume-et-des-grandes-chasses-royales-contenant-un-traite-sur-les-proprietes-du-fusil-de-chass\/#breadcrumb","itemListElement":[{"@type":"ListItem","position":1,"name":"Accueil","item":"https:\/\/www.librairieclavreuil.com\/"},{"@type":"ListItem","position":2,"name":"All our books","item":"https:\/\/www.librairieclavreuil.com\/en\/all-our-books\/"},{"@type":"ListItem","position":3,"name":"CUSSAC J Th\u00e9orie g\u00e9n\u00e9rale de toutes les chasses au fusil, \u00e0 courre et \u00e0 tir, pour le gibier \u00e0 poil et \u00e0 plume, et des grandes chasses royales, contenant un Trait\u00e9 sur les propri\u00e9t\u00e9s du fusil de chasse, soit moderne soit \u00e0 piston; un Vocabulaire des termes de v\u00e9nerie, de fauconnerie et de chasse; la mani\u00e8re de dresser les chiens et de les gu\u00e9rir de leurs maladies&#8230;"}]},{"@type":"WebSite","@id":"https:\/\/www.librairieclavreuil.com\/#website","url":"https:\/\/www.librairieclavreuil.com\/","name":"Libairie Clavreuil","description":"Livres anciens, manuscrits rares et \u00e9ditions originales \u2013 Librairie Clavreuil","publisher":{"@id":"https:\/\/www.librairieclavreuil.com\/#organization"},"potentialAction":[{"@type":"SearchAction","target":{"@type":"EntryPoint","urlTemplate":"https:\/\/www.librairieclavreuil.com\/?s={search_term_string}"},"query-input":{"@type":"PropertyValueSpecification","valueRequired":true,"valueName":"search_term_string"}}],"inLanguage":"en-US"},{"@type":"Organization","@id":"https:\/\/www.librairieclavreuil.com\/#organization","name":"Libairie Clavreuil","url":"https:\/\/www.librairieclavreuil.com\/","logo":{"@type":"ImageObject","inLanguage":"en-US","@id":"https:\/\/www.librairieclavreuil.com\/#\/schema\/logo\/image\/","url":"https:\/\/www.librairieclavreuil.com\/wp-content\/uploads\/2021\/06\/cropped-LOGO_PNG_DATE-_gold-512x512-1.png","contentUrl":"https:\/\/www.librairieclavreuil.com\/wp-content\/uploads\/2021\/06\/cropped-LOGO_PNG_DATE-_gold-512x512-1.png","width":512,"height":512,"caption":"Libairie Clavreuil"},"image":{"@id":"https:\/\/www.librairieclavreuil.com\/#\/schema\/logo\/image\/"},"sameAs":["https:\/\/www.instagram.com\/librairieclavreuil\/"]}]}},"jetpack_sharing_enabled":true,"_links":{"self":[{"href":"https:\/\/www.librairieclavreuil.com\/en\/wp-json\/wp\/v2\/product\/76570","targetHints":{"allow":["GET"]}}],"collection":[{"href":"https:\/\/www.librairieclavreuil.com\/en\/wp-json\/wp\/v2\/product"}],"about":[{"href":"https:\/\/www.librairieclavreuil.com\/en\/wp-json\/wp\/v2\/types\/product"}],"replies":[{"embeddable":true,"href":"https:\/\/www.librairieclavreuil.com\/en\/wp-json\/wp\/v2\/comments?post=76570"}],"wp:featuredmedia":[{"embeddable":true,"href":"https:\/\/www.librairieclavreuil.com\/en\/wp-json\/wp\/v2\/media\/76561"}],"wp:attachment":[{"href":"https:\/\/www.librairieclavreuil.com\/en\/wp-json\/wp\/v2\/media?parent=76570"}],"wp:term":[{"taxonomy":"product_brand","embeddable":true,"href":"https:\/\/www.librairieclavreuil.com\/en\/wp-json\/wp\/v2\/product_brand?post=76570"},{"taxonomy":"product_cat","embeddable":true,"href":"https:\/\/www.librairieclavreuil.com\/en\/wp-json\/wp\/v2\/product_cat?post=76570"},{"taxonomy":"product_tag","embeddable":true,"href":"https:\/\/www.librairieclavreuil.com\/en\/wp-json\/wp\/v2\/product_tag?post=76570"}],"curies":[{"name":"wp","href":"https:\/\/api.w.org\/{rel}","templated":true}]}}