{"id":76552,"date":"2024-04-25T18:58:54","date_gmt":"2024-04-25T16:58:54","guid":{"rendered":"https:\/\/clavreuil-wordpress.logiciel-arteo.fr\/selincourt-jean-de-sacquespee-le-parfait-chasseur-pour-linstruction-des-personnes-de-qualite-ou-autres-qui-aiment-la-chasse-pour-se-rendre-capable-de-cet-exercice-apprendre-aux-veneurs-picqueur\/"},"modified":"2024-07-08T13:12:44","modified_gmt":"2024-07-08T11:12:44","slug":"selincourt-jean-de-sacquespee-le-parfait-chasseur-pour-linstruction-des-personnes-de-qualite-ou-autres-qui-aiment-la-chasse-pour-se-rendre-capable-de-cet-exercice-apprendre-aux-veneurs-picqueur","status":"publish","type":"product","link":"https:\/\/www.librairieclavreuil.com\/en\/selincourt-jean-de-sacquespee-le-parfait-chasseur-pour-linstruction-des-personnes-de-qualite-ou-autres-qui-aiment-la-chasse-pour-se-rendre-capable-de-cet-exercice-apprendre-aux-veneurs-picqueur\/","title":{"rendered":"SELINCOURT Jean de Sacquesp\u00e9e Le Parfait chasseur, pour..."},"content":{"rendered":"<p style=\"text-align:justify\"><i>Thi\u00e9baud, 836; Souhart, 433; Schwerdt, I, 163. Not in Sabin.<\/i><\/p>\n<p style=\"text-align:justify\"><span style=\"font-variant:small-caps\">First edition, particularly interesting for its chapter on falconry.<\/span><\/p>\n<p style=\"text-align:justify\">Other than exotic hunting parties, hunting in America is also mentioned (p. 315).<\/p>\n<p style=\"text-align:justify\">&#8220;Ouvrage tr\u00e8s estim\u00e9 et fort rare, qui n&#8217;a jamais \u00e9t\u00e9 r\u00e9imprim\u00e9&#8221; (Thi\u00e9baud).<\/p>\n<p style=\"text-align:justify\">&#8220;Harting says it gives good advice on the choice of hawks for the country in which they are to be flown. The most interesting part of the book would seem to be the table which appears after the preface and which gives a list of the various forms of hunting as practised in the different countries of Europe at this date&#8221; (Schwerdt).<\/p>\n<p style=\"text-align:justify\">Some marginal notes and manuscript bookplate by &#8220;Lavirott\u00e9 chevalier de St Louis&#8221;.<\/p>\n<p style=\"text-align:justify\">Binding slightly worn and with old restorations.<\/p>\n","protected":false},"excerpt":{"rendered":"<p style=\"text-align:justify\">12mo (156 x 88 mm) 14 nn.ll., 390 pp., 1 un.l. Contemporary marbled calf, spine gilt with raised bands.<\/p>\n","protected":false},"featured_media":76547,"comment_status":"open","ping_status":"closed","template":"","meta":{"_acf_changed":false},"product_brand":[],"product_cat":[534],"product_tag":[1450,566],"class_list":{"0":"post-76552","1":"product","2":"type-product","3":"status-publish","4":"has-post-thumbnail","6":"product_cat-hunting","7":"product_tag-first-edition","8":"product_tag-hunting","9":"pa_auteur-selincourt-jean-de-sacquespee-2","10":"pa_type-de-livre-printed-book","12":"first","13":"instock","14":"shipping-taxable","15":"purchasable","16":"product-type-simple"},"acf":{"artist":" Jean de Sacquesp\u00e9e SELINCOURT","chapeau":"","adresse_bibliographique":"Paris, Gabriel Quinet, 1683","book_type":"Printed book","provenance":"","afficher_prix":""},"yoast_head":"<!-- This site is optimized with the Yoast SEO plugin v24.7 - https:\/\/yoast.com\/wordpress\/plugins\/seo\/ -->\n<title>SELINCOURT Jean de Sacquesp\u00e9e Le Parfait chasseur, pour l&#039;instruction des personnes de qualit\u00e9 ou autres qui aiment la Chasse, pour se rendre capable de cet exercice, apprendre aux Veneurs, Picqueurs, Fauconniers, &amp; Valets de chiens \u00e0 servir dans les grands Equipages... - Libairie Clavreuil<\/title>\n<meta name=\"robots\" content=\"index, follow, max-snippet:-1, max-image-preview:large, max-video-preview:-1\" \/>\n<link rel=\"canonical\" href=\"https:\/\/www.librairieclavreuil.com\/en\/selincourt-jean-de-sacquespee-le-parfait-chasseur-pour-linstruction-des-personnes-de-qualite-ou-autres-qui-aiment-la-chasse-pour-se-rendre-capable-de-cet-exercice-apprendre-aux-veneurs-picqueur\/\" \/>\n<meta property=\"og:locale\" content=\"en_US\" \/>\n<meta property=\"og:type\" content=\"article\" \/>\n<meta property=\"og:title\" content=\"SELINCOURT Jean de Sacquesp\u00e9e Le Parfait chasseur, pour l&#039;instruction des personnes de qualit\u00e9 ou autres qui aiment la Chasse, pour se rendre capable de cet exercice, apprendre aux Veneurs, Picqueurs, Fauconniers, &amp; Valets de chiens \u00e0 servir dans les grands Equipages... - Libairie Clavreuil\" \/>\n<meta property=\"og:description\" content=\"12mo (156 x 88 mm) 14 nn.ll., 390 pp., 1 un.l. Contemporary marbled calf, spine gilt with raised bands.\" \/>\n<meta property=\"og:url\" content=\"https:\/\/www.librairieclavreuil.com\/en\/selincourt-jean-de-sacquespee-le-parfait-chasseur-pour-linstruction-des-personnes-de-qualite-ou-autres-qui-aiment-la-chasse-pour-se-rendre-capable-de-cet-exercice-apprendre-aux-veneurs-picqueur\/\" \/>\n<meta property=\"og:site_name\" content=\"Libairie Clavreuil\" \/>\n<meta property=\"article:modified_time\" content=\"2024-07-08T11:12:44+00:00\" \/>\n<meta property=\"og:image\" content=\"https:\/\/www.librairieclavreuil.com\/wp-content\/uploads\/2024\/04\/jean-de-sacquespee-selincourt-le-parfait-chasseur-pour-l-instruction-des-personnes-de-qualite-ou-autres-qui-aiment-la-chasse-pour-se-rendre-capable-de-scaled.jpg\" \/>\n\t<meta property=\"og:image:width\" content=\"1920\" \/>\n\t<meta property=\"og:image:height\" content=\"2560\" \/>\n\t<meta property=\"og:image:type\" content=\"image\/jpeg\" \/>\n<meta name=\"twitter:card\" content=\"summary_large_image\" \/>\n<meta name=\"twitter:label1\" content=\"Est. reading time\" \/>\n\t<meta name=\"twitter:data1\" content=\"1 minute\" \/>\n<script type=\"application\/ld+json\" class=\"yoast-schema-graph\">{\"@context\":\"https:\/\/schema.org\",\"@graph\":[{\"@type\":\"WebPage\",\"@id\":\"https:\/\/www.librairieclavreuil.com\/en\/selincourt-jean-de-sacquespee-le-parfait-chasseur-pour-linstruction-des-personnes-de-qualite-ou-autres-qui-aiment-la-chasse-pour-se-rendre-capable-de-cet-exercice-apprendre-aux-veneurs-picqueur\/\",\"url\":\"https:\/\/www.librairieclavreuil.com\/en\/selincourt-jean-de-sacquespee-le-parfait-chasseur-pour-linstruction-des-personnes-de-qualite-ou-autres-qui-aiment-la-chasse-pour-se-rendre-capable-de-cet-exercice-apprendre-aux-veneurs-picqueur\/\",\"name\":\"SELINCOURT Jean de Sacquesp\u00e9e Le Parfait chasseur, pour l'instruction des personnes de qualit\u00e9 ou autres qui aiment la Chasse, pour se rendre capable de cet exercice, apprendre aux Veneurs, Picqueurs, Fauconniers, &amp; Valets de chiens \u00e0 servir dans les grands Equipages... - Libairie Clavreuil\",\"isPartOf\":{\"@id\":\"https:\/\/www.librairieclavreuil.com\/#website\"},\"primaryImageOfPage\":{\"@id\":\"https:\/\/www.librairieclavreuil.com\/en\/selincourt-jean-de-sacquespee-le-parfait-chasseur-pour-linstruction-des-personnes-de-qualite-ou-autres-qui-aiment-la-chasse-pour-se-rendre-capable-de-cet-exercice-apprendre-aux-veneurs-picqueur\/#primaryimage\"},\"image\":{\"@id\":\"https:\/\/www.librairieclavreuil.com\/en\/selincourt-jean-de-sacquespee-le-parfait-chasseur-pour-linstruction-des-personnes-de-qualite-ou-autres-qui-aiment-la-chasse-pour-se-rendre-capable-de-cet-exercice-apprendre-aux-veneurs-picqueur\/#primaryimage\"},\"thumbnailUrl\":\"https:\/\/www.librairieclavreuil.com\/wp-content\/uploads\/2024\/04\/jean-de-sacquespee-selincourt-le-parfait-chasseur-pour-l-instruction-des-personnes-de-qualite-ou-autres-qui-aiment-la-chasse-pour-se-rendre-capable-de-scaled.jpg\",\"datePublished\":\"2024-04-25T16:58:54+00:00\",\"dateModified\":\"2024-07-08T11:12:44+00:00\",\"breadcrumb\":{\"@id\":\"https:\/\/www.librairieclavreuil.com\/en\/selincourt-jean-de-sacquespee-le-parfait-chasseur-pour-linstruction-des-personnes-de-qualite-ou-autres-qui-aiment-la-chasse-pour-se-rendre-capable-de-cet-exercice-apprendre-aux-veneurs-picqueur\/#breadcrumb\"},\"inLanguage\":\"en-US\",\"potentialAction\":[{\"@type\":\"ReadAction\",\"target\":[\"https:\/\/www.librairieclavreuil.com\/en\/selincourt-jean-de-sacquespee-le-parfait-chasseur-pour-linstruction-des-personnes-de-qualite-ou-autres-qui-aiment-la-chasse-pour-se-rendre-capable-de-cet-exercice-apprendre-aux-veneurs-picqueur\/\"]}]},{\"@type\":\"ImageObject\",\"inLanguage\":\"en-US\",\"@id\":\"https:\/\/www.librairieclavreuil.com\/en\/selincourt-jean-de-sacquespee-le-parfait-chasseur-pour-linstruction-des-personnes-de-qualite-ou-autres-qui-aiment-la-chasse-pour-se-rendre-capable-de-cet-exercice-apprendre-aux-veneurs-picqueur\/#primaryimage\",\"url\":\"https:\/\/www.librairieclavreuil.com\/wp-content\/uploads\/2024\/04\/jean-de-sacquespee-selincourt-le-parfait-chasseur-pour-l-instruction-des-personnes-de-qualite-ou-autres-qui-aiment-la-chasse-pour-se-rendre-capable-de-scaled.jpg\",\"contentUrl\":\"https:\/\/www.librairieclavreuil.com\/wp-content\/uploads\/2024\/04\/jean-de-sacquespee-selincourt-le-parfait-chasseur-pour-l-instruction-des-personnes-de-qualite-ou-autres-qui-aiment-la-chasse-pour-se-rendre-capable-de-scaled.jpg\",\"width\":1920,\"height\":2560},{\"@type\":\"BreadcrumbList\",\"@id\":\"https:\/\/www.librairieclavreuil.com\/en\/selincourt-jean-de-sacquespee-le-parfait-chasseur-pour-linstruction-des-personnes-de-qualite-ou-autres-qui-aiment-la-chasse-pour-se-rendre-capable-de-cet-exercice-apprendre-aux-veneurs-picqueur\/#breadcrumb\",\"itemListElement\":[{\"@type\":\"ListItem\",\"position\":1,\"name\":\"Accueil\",\"item\":\"https:\/\/www.librairieclavreuil.com\/\"},{\"@type\":\"ListItem\",\"position\":2,\"name\":\"All our books\",\"item\":\"https:\/\/www.librairieclavreuil.com\/en\/all-our-books\/\"},{\"@type\":\"ListItem\",\"position\":3,\"name\":\"SELINCOURT Jean de Sacquesp\u00e9e Le Parfait chasseur, pour l&#8217;instruction des personnes de qualit\u00e9 ou autres qui aiment la Chasse, pour se rendre capable de cet exercice, apprendre aux Veneurs, Picqueurs, Fauconniers, &amp; Valets de chiens \u00e0 servir dans les grands Equipages&#8230;\"}]},{\"@type\":\"WebSite\",\"@id\":\"https:\/\/www.librairieclavreuil.com\/#website\",\"url\":\"https:\/\/www.librairieclavreuil.com\/\",\"name\":\"Libairie Clavreuil\",\"description\":\"Livres anciens, manuscrits rares et \u00e9ditions originales \u2013 Librairie Clavreuil\",\"publisher\":{\"@id\":\"https:\/\/www.librairieclavreuil.com\/#organization\"},\"potentialAction\":[{\"@type\":\"SearchAction\",\"target\":{\"@type\":\"EntryPoint\",\"urlTemplate\":\"https:\/\/www.librairieclavreuil.com\/?s={search_term_string}\"},\"query-input\":{\"@type\":\"PropertyValueSpecification\",\"valueRequired\":true,\"valueName\":\"search_term_string\"}}],\"inLanguage\":\"en-US\"},{\"@type\":\"Organization\",\"@id\":\"https:\/\/www.librairieclavreuil.com\/#organization\",\"name\":\"Libairie Clavreuil\",\"url\":\"https:\/\/www.librairieclavreuil.com\/\",\"logo\":{\"@type\":\"ImageObject\",\"inLanguage\":\"en-US\",\"@id\":\"https:\/\/www.librairieclavreuil.com\/#\/schema\/logo\/image\/\",\"url\":\"https:\/\/www.librairieclavreuil.com\/wp-content\/uploads\/2021\/06\/cropped-LOGO_PNG_DATE-_gold-512x512-1.png\",\"contentUrl\":\"https:\/\/www.librairieclavreuil.com\/wp-content\/uploads\/2021\/06\/cropped-LOGO_PNG_DATE-_gold-512x512-1.png\",\"width\":512,\"height\":512,\"caption\":\"Libairie Clavreuil\"},\"image\":{\"@id\":\"https:\/\/www.librairieclavreuil.com\/#\/schema\/logo\/image\/\"},\"sameAs\":[\"https:\/\/www.instagram.com\/librairieclavreuil\/\"]}]}<\/script>\n<!-- \/ Yoast SEO plugin. -->","yoast_head_json":{"title":"SELINCOURT Jean de Sacquesp\u00e9e Le Parfait chasseur, pour l'instruction des personnes de qualit\u00e9 ou autres qui aiment la Chasse, pour se rendre capable de cet exercice, apprendre aux Veneurs, Picqueurs, Fauconniers, &amp; Valets de chiens \u00e0 servir dans les grands Equipages... - Libairie Clavreuil","robots":{"index":"index","follow":"follow","max-snippet":"max-snippet:-1","max-image-preview":"max-image-preview:large","max-video-preview":"max-video-preview:-1"},"canonical":"https:\/\/www.librairieclavreuil.com\/en\/selincourt-jean-de-sacquespee-le-parfait-chasseur-pour-linstruction-des-personnes-de-qualite-ou-autres-qui-aiment-la-chasse-pour-se-rendre-capable-de-cet-exercice-apprendre-aux-veneurs-picqueur\/","og_locale":"en_US","og_type":"article","og_title":"SELINCOURT Jean de Sacquesp\u00e9e Le Parfait chasseur, pour l'instruction des personnes de qualit\u00e9 ou autres qui aiment la Chasse, pour se rendre capable de cet exercice, apprendre aux Veneurs, Picqueurs, Fauconniers, &amp; Valets de chiens \u00e0 servir dans les grands Equipages... - Libairie Clavreuil","og_description":"12mo (156 x 88 mm) 14 nn.ll., 390 pp., 1 un.l. Contemporary marbled calf, spine gilt with raised bands.","og_url":"https:\/\/www.librairieclavreuil.com\/en\/selincourt-jean-de-sacquespee-le-parfait-chasseur-pour-linstruction-des-personnes-de-qualite-ou-autres-qui-aiment-la-chasse-pour-se-rendre-capable-de-cet-exercice-apprendre-aux-veneurs-picqueur\/","og_site_name":"Libairie Clavreuil","article_modified_time":"2024-07-08T11:12:44+00:00","og_image":[{"width":1920,"height":2560,"url":"https:\/\/www.librairieclavreuil.com\/wp-content\/uploads\/2024\/04\/jean-de-sacquespee-selincourt-le-parfait-chasseur-pour-l-instruction-des-personnes-de-qualite-ou-autres-qui-aiment-la-chasse-pour-se-rendre-capable-de-scaled.jpg","type":"image\/jpeg"}],"twitter_card":"summary_large_image","twitter_misc":{"Est. reading time":"1 minute"},"schema":{"@context":"https:\/\/schema.org","@graph":[{"@type":"WebPage","@id":"https:\/\/www.librairieclavreuil.com\/en\/selincourt-jean-de-sacquespee-le-parfait-chasseur-pour-linstruction-des-personnes-de-qualite-ou-autres-qui-aiment-la-chasse-pour-se-rendre-capable-de-cet-exercice-apprendre-aux-veneurs-picqueur\/","url":"https:\/\/www.librairieclavreuil.com\/en\/selincourt-jean-de-sacquespee-le-parfait-chasseur-pour-linstruction-des-personnes-de-qualite-ou-autres-qui-aiment-la-chasse-pour-se-rendre-capable-de-cet-exercice-apprendre-aux-veneurs-picqueur\/","name":"SELINCOURT Jean de Sacquesp\u00e9e Le Parfait chasseur, pour l'instruction des personnes de qualit\u00e9 ou autres qui aiment la Chasse, pour se rendre capable de cet exercice, apprendre aux Veneurs, Picqueurs, Fauconniers, &amp; Valets de chiens \u00e0 servir dans les grands Equipages... - Libairie Clavreuil","isPartOf":{"@id":"https:\/\/www.librairieclavreuil.com\/#website"},"primaryImageOfPage":{"@id":"https:\/\/www.librairieclavreuil.com\/en\/selincourt-jean-de-sacquespee-le-parfait-chasseur-pour-linstruction-des-personnes-de-qualite-ou-autres-qui-aiment-la-chasse-pour-se-rendre-capable-de-cet-exercice-apprendre-aux-veneurs-picqueur\/#primaryimage"},"image":{"@id":"https:\/\/www.librairieclavreuil.com\/en\/selincourt-jean-de-sacquespee-le-parfait-chasseur-pour-linstruction-des-personnes-de-qualite-ou-autres-qui-aiment-la-chasse-pour-se-rendre-capable-de-cet-exercice-apprendre-aux-veneurs-picqueur\/#primaryimage"},"thumbnailUrl":"https:\/\/www.librairieclavreuil.com\/wp-content\/uploads\/2024\/04\/jean-de-sacquespee-selincourt-le-parfait-chasseur-pour-l-instruction-des-personnes-de-qualite-ou-autres-qui-aiment-la-chasse-pour-se-rendre-capable-de-scaled.jpg","datePublished":"2024-04-25T16:58:54+00:00","dateModified":"2024-07-08T11:12:44+00:00","breadcrumb":{"@id":"https:\/\/www.librairieclavreuil.com\/en\/selincourt-jean-de-sacquespee-le-parfait-chasseur-pour-linstruction-des-personnes-de-qualite-ou-autres-qui-aiment-la-chasse-pour-se-rendre-capable-de-cet-exercice-apprendre-aux-veneurs-picqueur\/#breadcrumb"},"inLanguage":"en-US","potentialAction":[{"@type":"ReadAction","target":["https:\/\/www.librairieclavreuil.com\/en\/selincourt-jean-de-sacquespee-le-parfait-chasseur-pour-linstruction-des-personnes-de-qualite-ou-autres-qui-aiment-la-chasse-pour-se-rendre-capable-de-cet-exercice-apprendre-aux-veneurs-picqueur\/"]}]},{"@type":"ImageObject","inLanguage":"en-US","@id":"https:\/\/www.librairieclavreuil.com\/en\/selincourt-jean-de-sacquespee-le-parfait-chasseur-pour-linstruction-des-personnes-de-qualite-ou-autres-qui-aiment-la-chasse-pour-se-rendre-capable-de-cet-exercice-apprendre-aux-veneurs-picqueur\/#primaryimage","url":"https:\/\/www.librairieclavreuil.com\/wp-content\/uploads\/2024\/04\/jean-de-sacquespee-selincourt-le-parfait-chasseur-pour-l-instruction-des-personnes-de-qualite-ou-autres-qui-aiment-la-chasse-pour-se-rendre-capable-de-scaled.jpg","contentUrl":"https:\/\/www.librairieclavreuil.com\/wp-content\/uploads\/2024\/04\/jean-de-sacquespee-selincourt-le-parfait-chasseur-pour-l-instruction-des-personnes-de-qualite-ou-autres-qui-aiment-la-chasse-pour-se-rendre-capable-de-scaled.jpg","width":1920,"height":2560},{"@type":"BreadcrumbList","@id":"https:\/\/www.librairieclavreuil.com\/en\/selincourt-jean-de-sacquespee-le-parfait-chasseur-pour-linstruction-des-personnes-de-qualite-ou-autres-qui-aiment-la-chasse-pour-se-rendre-capable-de-cet-exercice-apprendre-aux-veneurs-picqueur\/#breadcrumb","itemListElement":[{"@type":"ListItem","position":1,"name":"Accueil","item":"https:\/\/www.librairieclavreuil.com\/"},{"@type":"ListItem","position":2,"name":"All our books","item":"https:\/\/www.librairieclavreuil.com\/en\/all-our-books\/"},{"@type":"ListItem","position":3,"name":"SELINCOURT Jean de Sacquesp\u00e9e Le Parfait chasseur, pour l&#8217;instruction des personnes de qualit\u00e9 ou autres qui aiment la Chasse, pour se rendre capable de cet exercice, apprendre aux Veneurs, Picqueurs, Fauconniers, &amp; Valets de chiens \u00e0 servir dans les grands Equipages&#8230;"}]},{"@type":"WebSite","@id":"https:\/\/www.librairieclavreuil.com\/#website","url":"https:\/\/www.librairieclavreuil.com\/","name":"Libairie Clavreuil","description":"Livres anciens, manuscrits rares et \u00e9ditions originales \u2013 Librairie Clavreuil","publisher":{"@id":"https:\/\/www.librairieclavreuil.com\/#organization"},"potentialAction":[{"@type":"SearchAction","target":{"@type":"EntryPoint","urlTemplate":"https:\/\/www.librairieclavreuil.com\/?s={search_term_string}"},"query-input":{"@type":"PropertyValueSpecification","valueRequired":true,"valueName":"search_term_string"}}],"inLanguage":"en-US"},{"@type":"Organization","@id":"https:\/\/www.librairieclavreuil.com\/#organization","name":"Libairie Clavreuil","url":"https:\/\/www.librairieclavreuil.com\/","logo":{"@type":"ImageObject","inLanguage":"en-US","@id":"https:\/\/www.librairieclavreuil.com\/#\/schema\/logo\/image\/","url":"https:\/\/www.librairieclavreuil.com\/wp-content\/uploads\/2021\/06\/cropped-LOGO_PNG_DATE-_gold-512x512-1.png","contentUrl":"https:\/\/www.librairieclavreuil.com\/wp-content\/uploads\/2021\/06\/cropped-LOGO_PNG_DATE-_gold-512x512-1.png","width":512,"height":512,"caption":"Libairie Clavreuil"},"image":{"@id":"https:\/\/www.librairieclavreuil.com\/#\/schema\/logo\/image\/"},"sameAs":["https:\/\/www.instagram.com\/librairieclavreuil\/"]}]}},"jetpack_sharing_enabled":true,"_links":{"self":[{"href":"https:\/\/www.librairieclavreuil.com\/en\/wp-json\/wp\/v2\/product\/76552","targetHints":{"allow":["GET"]}}],"collection":[{"href":"https:\/\/www.librairieclavreuil.com\/en\/wp-json\/wp\/v2\/product"}],"about":[{"href":"https:\/\/www.librairieclavreuil.com\/en\/wp-json\/wp\/v2\/types\/product"}],"replies":[{"embeddable":true,"href":"https:\/\/www.librairieclavreuil.com\/en\/wp-json\/wp\/v2\/comments?post=76552"}],"wp:featuredmedia":[{"embeddable":true,"href":"https:\/\/www.librairieclavreuil.com\/en\/wp-json\/wp\/v2\/media\/76547"}],"wp:attachment":[{"href":"https:\/\/www.librairieclavreuil.com\/en\/wp-json\/wp\/v2\/media?parent=76552"}],"wp:term":[{"taxonomy":"product_brand","embeddable":true,"href":"https:\/\/www.librairieclavreuil.com\/en\/wp-json\/wp\/v2\/product_brand?post=76552"},{"taxonomy":"product_cat","embeddable":true,"href":"https:\/\/www.librairieclavreuil.com\/en\/wp-json\/wp\/v2\/product_cat?post=76552"},{"taxonomy":"product_tag","embeddable":true,"href":"https:\/\/www.librairieclavreuil.com\/en\/wp-json\/wp\/v2\/product_tag?post=76552"}],"curies":[{"name":"wp","href":"https:\/\/api.w.org\/{rel}","templated":true}]}}