{"id":76522,"date":"2024-04-25T18:55:36","date_gmt":"2024-04-25T16:55:36","guid":{"rendered":"https:\/\/clavreuil-wordpress.logiciel-arteo.fr\/le-verrier-de-la-conterie-jean-baptiste-jacques-ecole-de-la-chasse-aux-chiens-courants-precede-dune-bibliotheque-historique-critique-des-thereuticographes\/"},"modified":"2024-07-08T13:11:38","modified_gmt":"2024-07-08T11:11:38","slug":"le-verrier-de-la-conterie-jean-baptiste-jacques-ecole-de-la-chasse-aux-chiens-courants-precede-dune-bibliotheque-historique-critique-des-thereuticographes","status":"publish","type":"product","link":"https:\/\/www.librairieclavreuil.com\/en\/le-verrier-de-la-conterie-jean-baptiste-jacques-ecole-de-la-chasse-aux-chiens-courants-precede-dune-bibliotheque-historique-critique-des-thereuticographes\/","title":{"rendered":"LE VERRIER DE LA CONTERIE Jean Baptiste Jacques..."},"content":{"rendered":"<p style=\"text-align:justify\"><i>Thi\u00e9baud, 589 ; Schwerdt, I, 313; Souhart, 298-299 (&#8220;ouvrage classique par excellence&#8221;).<\/i><\/p>\n<p style=\"text-align:justify\"><span style=\"font-variant:small-caps\">First edition.<\/span><\/p>\n<p style=\"text-align:justify\">It includes the important description of<i> Biblioth\u00e8que historique des auteurs qui ont trait\u00e9 de la chasse<\/i> is written by the brothers Lallemant, the printers and editors of this book. Of the 16 plates &#8211; all are wood cuts &#8211; 13 are folding. They depict various animals (including deer, boards, wolfs, etc.), their foot prints and droppings. This copy is extra illustrated with one plate, inserted at page 79 depicting a deer.<\/p>\n<p style=\"text-align:justify\">&#8220;This instructive book ranks with the classics on hunting and is especially valuable on account of the &#8216;Biblioth\u00e8que historique et critique&#8230;&#8217; to which frequent reference is made in these notes&#8221; (Schwerdt).<\/p>\n<p style=\"text-align:justify\">Good copy, the respective title-pages are bound in reverse order.<\/p>\n<p style=\"text-align:justify\">Provenance: P.P. Cannac (copper engraved book-plate) &#8212; Biblioth\u00e8que d&#8217;Hauteville (label).<\/p>\n","protected":false},"excerpt":{"rendered":"<p style=\"text-align:justify\">One volume, bound in two, 8vo (192 x 116 mm) CCXXVI pp., 1 nn.l. (approbation) for volume I; 1 nn.l., VIII, 396pp., 14 engraved pages with musical scores, 16 woodcut plates, for volume II. Contemporary mottled sheep, spine gilt with raised bands, red edges.<\/p>\n","protected":false},"featured_media":76511,"comment_status":"open","ping_status":"closed","template":"","meta":{"_acf_changed":false},"product_brand":[],"product_cat":[534],"product_tag":[1450,566],"class_list":{"0":"post-76522","1":"product","2":"type-product","3":"status-publish","4":"has-post-thumbnail","6":"product_cat-hunting","7":"product_tag-first-edition","8":"product_tag-hunting","9":"pa_auteur-le-verrier-de-la-conterie-jean-baptiste-jacques-2","10":"pa_type-de-livre-printed-book","12":"first","13":"instock","14":"shipping-taxable","15":"purchasable","16":"product-type-simple"},"acf":{"artist":" Jean Baptiste Jacques LE VERRIER DE LA CONTERIE","chapeau":"The great classic on the subject","adresse_bibliographique":"Rouen, Lallemant, 1763","book_type":"Printed book","provenance":"","afficher_prix":""},"yoast_head":"<!-- This site is optimized with the Yoast SEO plugin v24.7 - https:\/\/yoast.com\/wordpress\/plugins\/seo\/ -->\n<title>LE VERRIER DE LA CONTERIE Jean Baptiste Jacques Ecole de la Chasse aux chiens courants. Pr\u00e9c\u00e9d\u00e9 d&#039;une biblioth\u00e8que historique &amp; critique des th\u00e9reuticographes. - Libairie Clavreuil<\/title>\n<meta name=\"robots\" content=\"index, follow, max-snippet:-1, max-image-preview:large, max-video-preview:-1\" \/>\n<link rel=\"canonical\" href=\"https:\/\/www.librairieclavreuil.com\/en\/le-verrier-de-la-conterie-jean-baptiste-jacques-ecole-de-la-chasse-aux-chiens-courants-precede-dune-bibliotheque-historique-critique-des-thereuticographes\/\" \/>\n<meta property=\"og:locale\" content=\"en_US\" \/>\n<meta property=\"og:type\" content=\"article\" \/>\n<meta property=\"og:title\" content=\"LE VERRIER DE LA CONTERIE Jean Baptiste Jacques Ecole de la Chasse aux chiens courants. Pr\u00e9c\u00e9d\u00e9 d&#039;une biblioth\u00e8que historique &amp; critique des th\u00e9reuticographes. - Libairie Clavreuil\" \/>\n<meta property=\"og:description\" content=\"One volume, bound in two, 8vo (192 x 116 mm) CCXXVI pp., 1 nn.l. (approbation) for volume I; 1 nn.l., VIII, 396pp., 14 engraved pages with musical scores, 16 woodcut plates, for volume II. Contemporary mottled sheep, spine gilt with raised bands, red edges.\" \/>\n<meta property=\"og:url\" content=\"https:\/\/www.librairieclavreuil.com\/en\/le-verrier-de-la-conterie-jean-baptiste-jacques-ecole-de-la-chasse-aux-chiens-courants-precede-dune-bibliotheque-historique-critique-des-thereuticographes\/\" \/>\n<meta property=\"og:site_name\" content=\"Libairie Clavreuil\" \/>\n<meta property=\"article:modified_time\" content=\"2024-07-08T11:11:38+00:00\" \/>\n<meta property=\"og:image\" content=\"https:\/\/www.librairieclavreuil.com\/wp-content\/uploads\/2024\/04\/jean-baptiste-jacques-le-verrier-de-la-conterie-ecole-de-la-chasse-aux-chiens-courants-precede-d-une-bibliotheque-historique-critique-des-thereuticogr-scaled.jpg\" \/>\n\t<meta property=\"og:image:width\" content=\"1920\" \/>\n\t<meta property=\"og:image:height\" content=\"2560\" \/>\n\t<meta property=\"og:image:type\" content=\"image\/jpeg\" \/>\n<meta name=\"twitter:card\" content=\"summary_large_image\" \/>\n<meta name=\"twitter:label1\" content=\"Est. reading time\" \/>\n\t<meta name=\"twitter:data1\" content=\"1 minute\" \/>\n<script type=\"application\/ld+json\" class=\"yoast-schema-graph\">{\"@context\":\"https:\/\/schema.org\",\"@graph\":[{\"@type\":\"WebPage\",\"@id\":\"https:\/\/www.librairieclavreuil.com\/en\/le-verrier-de-la-conterie-jean-baptiste-jacques-ecole-de-la-chasse-aux-chiens-courants-precede-dune-bibliotheque-historique-critique-des-thereuticographes\/\",\"url\":\"https:\/\/www.librairieclavreuil.com\/en\/le-verrier-de-la-conterie-jean-baptiste-jacques-ecole-de-la-chasse-aux-chiens-courants-precede-dune-bibliotheque-historique-critique-des-thereuticographes\/\",\"name\":\"LE VERRIER DE LA CONTERIE Jean Baptiste Jacques Ecole de la Chasse aux chiens courants. Pr\u00e9c\u00e9d\u00e9 d'une biblioth\u00e8que historique &amp; critique des th\u00e9reuticographes. - Libairie Clavreuil\",\"isPartOf\":{\"@id\":\"https:\/\/www.librairieclavreuil.com\/#website\"},\"primaryImageOfPage\":{\"@id\":\"https:\/\/www.librairieclavreuil.com\/en\/le-verrier-de-la-conterie-jean-baptiste-jacques-ecole-de-la-chasse-aux-chiens-courants-precede-dune-bibliotheque-historique-critique-des-thereuticographes\/#primaryimage\"},\"image\":{\"@id\":\"https:\/\/www.librairieclavreuil.com\/en\/le-verrier-de-la-conterie-jean-baptiste-jacques-ecole-de-la-chasse-aux-chiens-courants-precede-dune-bibliotheque-historique-critique-des-thereuticographes\/#primaryimage\"},\"thumbnailUrl\":\"https:\/\/www.librairieclavreuil.com\/wp-content\/uploads\/2024\/04\/jean-baptiste-jacques-le-verrier-de-la-conterie-ecole-de-la-chasse-aux-chiens-courants-precede-d-une-bibliotheque-historique-critique-des-thereuticogr-scaled.jpg\",\"datePublished\":\"2024-04-25T16:55:36+00:00\",\"dateModified\":\"2024-07-08T11:11:38+00:00\",\"breadcrumb\":{\"@id\":\"https:\/\/www.librairieclavreuil.com\/en\/le-verrier-de-la-conterie-jean-baptiste-jacques-ecole-de-la-chasse-aux-chiens-courants-precede-dune-bibliotheque-historique-critique-des-thereuticographes\/#breadcrumb\"},\"inLanguage\":\"en-US\",\"potentialAction\":[{\"@type\":\"ReadAction\",\"target\":[\"https:\/\/www.librairieclavreuil.com\/en\/le-verrier-de-la-conterie-jean-baptiste-jacques-ecole-de-la-chasse-aux-chiens-courants-precede-dune-bibliotheque-historique-critique-des-thereuticographes\/\"]}]},{\"@type\":\"ImageObject\",\"inLanguage\":\"en-US\",\"@id\":\"https:\/\/www.librairieclavreuil.com\/en\/le-verrier-de-la-conterie-jean-baptiste-jacques-ecole-de-la-chasse-aux-chiens-courants-precede-dune-bibliotheque-historique-critique-des-thereuticographes\/#primaryimage\",\"url\":\"https:\/\/www.librairieclavreuil.com\/wp-content\/uploads\/2024\/04\/jean-baptiste-jacques-le-verrier-de-la-conterie-ecole-de-la-chasse-aux-chiens-courants-precede-d-une-bibliotheque-historique-critique-des-thereuticogr-scaled.jpg\",\"contentUrl\":\"https:\/\/www.librairieclavreuil.com\/wp-content\/uploads\/2024\/04\/jean-baptiste-jacques-le-verrier-de-la-conterie-ecole-de-la-chasse-aux-chiens-courants-precede-d-une-bibliotheque-historique-critique-des-thereuticogr-scaled.jpg\",\"width\":1920,\"height\":2560},{\"@type\":\"BreadcrumbList\",\"@id\":\"https:\/\/www.librairieclavreuil.com\/en\/le-verrier-de-la-conterie-jean-baptiste-jacques-ecole-de-la-chasse-aux-chiens-courants-precede-dune-bibliotheque-historique-critique-des-thereuticographes\/#breadcrumb\",\"itemListElement\":[{\"@type\":\"ListItem\",\"position\":1,\"name\":\"Accueil\",\"item\":\"https:\/\/www.librairieclavreuil.com\/\"},{\"@type\":\"ListItem\",\"position\":2,\"name\":\"All our books\",\"item\":\"https:\/\/www.librairieclavreuil.com\/en\/all-our-books\/\"},{\"@type\":\"ListItem\",\"position\":3,\"name\":\"LE VERRIER DE LA CONTERIE Jean Baptiste Jacques Ecole de la Chasse aux chiens courants. Pr\u00e9c\u00e9d\u00e9 d&#8217;une biblioth\u00e8que historique &amp; critique des th\u00e9reuticographes.\"}]},{\"@type\":\"WebSite\",\"@id\":\"https:\/\/www.librairieclavreuil.com\/#website\",\"url\":\"https:\/\/www.librairieclavreuil.com\/\",\"name\":\"Libairie Clavreuil\",\"description\":\"Livres anciens, manuscrits rares et \u00e9ditions originales \u2013 Librairie Clavreuil\",\"publisher\":{\"@id\":\"https:\/\/www.librairieclavreuil.com\/#organization\"},\"potentialAction\":[{\"@type\":\"SearchAction\",\"target\":{\"@type\":\"EntryPoint\",\"urlTemplate\":\"https:\/\/www.librairieclavreuil.com\/?s={search_term_string}\"},\"query-input\":{\"@type\":\"PropertyValueSpecification\",\"valueRequired\":true,\"valueName\":\"search_term_string\"}}],\"inLanguage\":\"en-US\"},{\"@type\":\"Organization\",\"@id\":\"https:\/\/www.librairieclavreuil.com\/#organization\",\"name\":\"Libairie Clavreuil\",\"url\":\"https:\/\/www.librairieclavreuil.com\/\",\"logo\":{\"@type\":\"ImageObject\",\"inLanguage\":\"en-US\",\"@id\":\"https:\/\/www.librairieclavreuil.com\/#\/schema\/logo\/image\/\",\"url\":\"https:\/\/www.librairieclavreuil.com\/wp-content\/uploads\/2021\/06\/cropped-LOGO_PNG_DATE-_gold-512x512-1.png\",\"contentUrl\":\"https:\/\/www.librairieclavreuil.com\/wp-content\/uploads\/2021\/06\/cropped-LOGO_PNG_DATE-_gold-512x512-1.png\",\"width\":512,\"height\":512,\"caption\":\"Libairie Clavreuil\"},\"image\":{\"@id\":\"https:\/\/www.librairieclavreuil.com\/#\/schema\/logo\/image\/\"},\"sameAs\":[\"https:\/\/www.instagram.com\/librairieclavreuil\/\"]}]}<\/script>\n<!-- \/ Yoast SEO plugin. -->","yoast_head_json":{"title":"LE VERRIER DE LA CONTERIE Jean Baptiste Jacques Ecole de la Chasse aux chiens courants. Pr\u00e9c\u00e9d\u00e9 d'une biblioth\u00e8que historique &amp; critique des th\u00e9reuticographes. - Libairie Clavreuil","robots":{"index":"index","follow":"follow","max-snippet":"max-snippet:-1","max-image-preview":"max-image-preview:large","max-video-preview":"max-video-preview:-1"},"canonical":"https:\/\/www.librairieclavreuil.com\/en\/le-verrier-de-la-conterie-jean-baptiste-jacques-ecole-de-la-chasse-aux-chiens-courants-precede-dune-bibliotheque-historique-critique-des-thereuticographes\/","og_locale":"en_US","og_type":"article","og_title":"LE VERRIER DE LA CONTERIE Jean Baptiste Jacques Ecole de la Chasse aux chiens courants. Pr\u00e9c\u00e9d\u00e9 d'une biblioth\u00e8que historique &amp; critique des th\u00e9reuticographes. - Libairie Clavreuil","og_description":"One volume, bound in two, 8vo (192 x 116 mm) CCXXVI pp., 1 nn.l. (approbation) for volume I; 1 nn.l., VIII, 396pp., 14 engraved pages with musical scores, 16 woodcut plates, for volume II. Contemporary mottled sheep, spine gilt with raised bands, red edges.","og_url":"https:\/\/www.librairieclavreuil.com\/en\/le-verrier-de-la-conterie-jean-baptiste-jacques-ecole-de-la-chasse-aux-chiens-courants-precede-dune-bibliotheque-historique-critique-des-thereuticographes\/","og_site_name":"Libairie Clavreuil","article_modified_time":"2024-07-08T11:11:38+00:00","og_image":[{"width":1920,"height":2560,"url":"https:\/\/www.librairieclavreuil.com\/wp-content\/uploads\/2024\/04\/jean-baptiste-jacques-le-verrier-de-la-conterie-ecole-de-la-chasse-aux-chiens-courants-precede-d-une-bibliotheque-historique-critique-des-thereuticogr-scaled.jpg","type":"image\/jpeg"}],"twitter_card":"summary_large_image","twitter_misc":{"Est. reading time":"1 minute"},"schema":{"@context":"https:\/\/schema.org","@graph":[{"@type":"WebPage","@id":"https:\/\/www.librairieclavreuil.com\/en\/le-verrier-de-la-conterie-jean-baptiste-jacques-ecole-de-la-chasse-aux-chiens-courants-precede-dune-bibliotheque-historique-critique-des-thereuticographes\/","url":"https:\/\/www.librairieclavreuil.com\/en\/le-verrier-de-la-conterie-jean-baptiste-jacques-ecole-de-la-chasse-aux-chiens-courants-precede-dune-bibliotheque-historique-critique-des-thereuticographes\/","name":"LE VERRIER DE LA CONTERIE Jean Baptiste Jacques Ecole de la Chasse aux chiens courants. Pr\u00e9c\u00e9d\u00e9 d'une biblioth\u00e8que historique &amp; critique des th\u00e9reuticographes. - Libairie Clavreuil","isPartOf":{"@id":"https:\/\/www.librairieclavreuil.com\/#website"},"primaryImageOfPage":{"@id":"https:\/\/www.librairieclavreuil.com\/en\/le-verrier-de-la-conterie-jean-baptiste-jacques-ecole-de-la-chasse-aux-chiens-courants-precede-dune-bibliotheque-historique-critique-des-thereuticographes\/#primaryimage"},"image":{"@id":"https:\/\/www.librairieclavreuil.com\/en\/le-verrier-de-la-conterie-jean-baptiste-jacques-ecole-de-la-chasse-aux-chiens-courants-precede-dune-bibliotheque-historique-critique-des-thereuticographes\/#primaryimage"},"thumbnailUrl":"https:\/\/www.librairieclavreuil.com\/wp-content\/uploads\/2024\/04\/jean-baptiste-jacques-le-verrier-de-la-conterie-ecole-de-la-chasse-aux-chiens-courants-precede-d-une-bibliotheque-historique-critique-des-thereuticogr-scaled.jpg","datePublished":"2024-04-25T16:55:36+00:00","dateModified":"2024-07-08T11:11:38+00:00","breadcrumb":{"@id":"https:\/\/www.librairieclavreuil.com\/en\/le-verrier-de-la-conterie-jean-baptiste-jacques-ecole-de-la-chasse-aux-chiens-courants-precede-dune-bibliotheque-historique-critique-des-thereuticographes\/#breadcrumb"},"inLanguage":"en-US","potentialAction":[{"@type":"ReadAction","target":["https:\/\/www.librairieclavreuil.com\/en\/le-verrier-de-la-conterie-jean-baptiste-jacques-ecole-de-la-chasse-aux-chiens-courants-precede-dune-bibliotheque-historique-critique-des-thereuticographes\/"]}]},{"@type":"ImageObject","inLanguage":"en-US","@id":"https:\/\/www.librairieclavreuil.com\/en\/le-verrier-de-la-conterie-jean-baptiste-jacques-ecole-de-la-chasse-aux-chiens-courants-precede-dune-bibliotheque-historique-critique-des-thereuticographes\/#primaryimage","url":"https:\/\/www.librairieclavreuil.com\/wp-content\/uploads\/2024\/04\/jean-baptiste-jacques-le-verrier-de-la-conterie-ecole-de-la-chasse-aux-chiens-courants-precede-d-une-bibliotheque-historique-critique-des-thereuticogr-scaled.jpg","contentUrl":"https:\/\/www.librairieclavreuil.com\/wp-content\/uploads\/2024\/04\/jean-baptiste-jacques-le-verrier-de-la-conterie-ecole-de-la-chasse-aux-chiens-courants-precede-d-une-bibliotheque-historique-critique-des-thereuticogr-scaled.jpg","width":1920,"height":2560},{"@type":"BreadcrumbList","@id":"https:\/\/www.librairieclavreuil.com\/en\/le-verrier-de-la-conterie-jean-baptiste-jacques-ecole-de-la-chasse-aux-chiens-courants-precede-dune-bibliotheque-historique-critique-des-thereuticographes\/#breadcrumb","itemListElement":[{"@type":"ListItem","position":1,"name":"Accueil","item":"https:\/\/www.librairieclavreuil.com\/"},{"@type":"ListItem","position":2,"name":"All our books","item":"https:\/\/www.librairieclavreuil.com\/en\/all-our-books\/"},{"@type":"ListItem","position":3,"name":"LE VERRIER DE LA CONTERIE Jean Baptiste Jacques Ecole de la Chasse aux chiens courants. Pr\u00e9c\u00e9d\u00e9 d&#8217;une biblioth\u00e8que historique &amp; critique des th\u00e9reuticographes."}]},{"@type":"WebSite","@id":"https:\/\/www.librairieclavreuil.com\/#website","url":"https:\/\/www.librairieclavreuil.com\/","name":"Libairie Clavreuil","description":"Livres anciens, manuscrits rares et \u00e9ditions originales \u2013 Librairie Clavreuil","publisher":{"@id":"https:\/\/www.librairieclavreuil.com\/#organization"},"potentialAction":[{"@type":"SearchAction","target":{"@type":"EntryPoint","urlTemplate":"https:\/\/www.librairieclavreuil.com\/?s={search_term_string}"},"query-input":{"@type":"PropertyValueSpecification","valueRequired":true,"valueName":"search_term_string"}}],"inLanguage":"en-US"},{"@type":"Organization","@id":"https:\/\/www.librairieclavreuil.com\/#organization","name":"Libairie Clavreuil","url":"https:\/\/www.librairieclavreuil.com\/","logo":{"@type":"ImageObject","inLanguage":"en-US","@id":"https:\/\/www.librairieclavreuil.com\/#\/schema\/logo\/image\/","url":"https:\/\/www.librairieclavreuil.com\/wp-content\/uploads\/2021\/06\/cropped-LOGO_PNG_DATE-_gold-512x512-1.png","contentUrl":"https:\/\/www.librairieclavreuil.com\/wp-content\/uploads\/2021\/06\/cropped-LOGO_PNG_DATE-_gold-512x512-1.png","width":512,"height":512,"caption":"Libairie Clavreuil"},"image":{"@id":"https:\/\/www.librairieclavreuil.com\/#\/schema\/logo\/image\/"},"sameAs":["https:\/\/www.instagram.com\/librairieclavreuil\/"]}]}},"jetpack_sharing_enabled":true,"_links":{"self":[{"href":"https:\/\/www.librairieclavreuil.com\/en\/wp-json\/wp\/v2\/product\/76522","targetHints":{"allow":["GET"]}}],"collection":[{"href":"https:\/\/www.librairieclavreuil.com\/en\/wp-json\/wp\/v2\/product"}],"about":[{"href":"https:\/\/www.librairieclavreuil.com\/en\/wp-json\/wp\/v2\/types\/product"}],"replies":[{"embeddable":true,"href":"https:\/\/www.librairieclavreuil.com\/en\/wp-json\/wp\/v2\/comments?post=76522"}],"wp:featuredmedia":[{"embeddable":true,"href":"https:\/\/www.librairieclavreuil.com\/en\/wp-json\/wp\/v2\/media\/76511"}],"wp:attachment":[{"href":"https:\/\/www.librairieclavreuil.com\/en\/wp-json\/wp\/v2\/media?parent=76522"}],"wp:term":[{"taxonomy":"product_brand","embeddable":true,"href":"https:\/\/www.librairieclavreuil.com\/en\/wp-json\/wp\/v2\/product_brand?post=76522"},{"taxonomy":"product_cat","embeddable":true,"href":"https:\/\/www.librairieclavreuil.com\/en\/wp-json\/wp\/v2\/product_cat?post=76522"},{"taxonomy":"product_tag","embeddable":true,"href":"https:\/\/www.librairieclavreuil.com\/en\/wp-json\/wp\/v2\/product_tag?post=76522"}],"curies":[{"name":"wp","href":"https:\/\/api.w.org\/{rel}","templated":true}]}}