{"id":76396,"date":"2024-04-25T18:06:47","date_gmt":"2024-04-25T16:06:47","guid":{"rendered":"https:\/\/clavreuil-wordpress.logiciel-arteo.fr\/boissel-de-monville-thomas-charles-gaston-voyage-pittoresque-et-navigation-executee-sur-une-partie-du-rhone-reputee-non-navigable-moyens-de-rendre-ce-trajet-utile-au-commerce\/"},"modified":"2024-07-01T18:07:13","modified_gmt":"2024-07-01T16:07:13","slug":"boissel-de-monville-thomas-charles-gaston-voyage-pittoresque-et-navigation-executee-sur-une-partie-du-rhone-reputee-non-navigable-moyens-de-rendre-ce-trajet-utile-au-commerce","status":"publish","type":"product","link":"https:\/\/www.librairieclavreuil.com\/en\/boissel-de-monville-thomas-charles-gaston-voyage-pittoresque-et-navigation-executee-sur-une-partie-du-rhone-reputee-non-navigable-moyens-de-rendre-ce-trajet-utile-au-commerce\/","title":{"rendered":"BOISSEL DE MONVILLE Thomas-Charles-Gaston Voyage pittoresque et navigation..."},"content":{"rendered":"<p style=\"text-align:justify\"><span style=\"font-variant:small-caps\">First edition, printed by the famous French economist Dupont de Nemours, journalist, politician, diplomat and entrepreneur, father of the physiocrat movement under the Ancien R\u00e9gime.<\/span><\/p>\n<p style=\"text-align:justify\">Thomas-Charles Gaston Boissel de Monville (1764-1832), a peer of France and a member of the Paris parliament in 1785, wrote two works on inland navigation, the first of which was Voyage pittoresque (the next, published in 1817, was devoted to the legislation of river navigation). In it, he studied the navigability of the Rh\u00f4ne from Geneva to Seyssel (Haute-Savoie).<\/p>\n<p style=\"text-align:justify\">&#8220;The Rh\u00f4ne, the fastest river in the world, is nevertheless one of the most commercial&#8221;.<\/p>\n<p style=\"text-align:justify\">To make navigation possible, Boissel de Monville carried out detailed surveys and proposed improvements to the river&#8217;s course. He used a series of beautiful engraved plates to illustrate his points. The author himself travelled down the Rh\u00f4ne from Fort l&#8217;\u00c9cluse to G\u00e9nissiat to prove that the river was definitely navigable. The fold-out map showing part of the course of the Rh\u00f4ne is based on the one given by the famous cartographer Cassini. The following 17 plates, engraved from the author&#8217;s drawings by Picquenot and other artists, illustrate bridges, waterways with shoreline and bank surveys, details of dam construction and picturesque views.<\/p>\n<p style=\"text-align:justify\">&#8220;During the revolution he took the name of Roturier de Boissel, invented a new scythe for sawing wheat and perfected windmills&#8221; (Grand Larousse).<\/p>\n<p style=\"text-align:justify\">A fine, complete copy.<\/p>\n","protected":false},"excerpt":{"rendered":"<p style=\"text-align:justify\">4to (257 x 198 mm) 2 nn.l., 155 pp., 1 map and 17 engraved plates (most of them folding). Contemporary half calf, flat spine gilt, marbled edges.<\/p>\n","protected":false},"featured_media":76377,"comment_status":"open","ping_status":"closed","template":"","meta":{"_acf_changed":false},"product_brand":[],"product_cat":[540],"product_tag":[1450,580,620],"class_list":{"0":"post-76396","1":"product","2":"type-product","3":"status-publish","4":"has-post-thumbnail","6":"product_cat-natural-history","7":"product_tag-first-edition","8":"product_tag-hydraulic","9":"product_tag-travel","10":"pa_auteur-boissel-de-monville-thomas-charles-gaston-2","11":"pa_type-de-livre-printed-book","13":"first","14":"instock","15":"shipping-taxable","16":"purchasable","17":"product-type-simple"},"acf":{"artist":" Thomas-Charles-Gaston BOISSEL DE MONVILLE","chapeau":"Printed by Dupont de Nemours","adresse_bibliographique":"Paris, chez Du Pont, 1795","book_type":"Printed book","provenance":"","afficher_prix":""},"yoast_head":"<!-- This site is optimized with the Yoast SEO plugin v24.7 - https:\/\/yoast.com\/wordpress\/plugins\/seo\/ -->\n<title>BOISSEL DE MONVILLE Thomas-Charles-Gaston Voyage pittoresque et navigation ex\u00e9cut\u00e9e sur une partie du Rh\u00f4ne, r\u00e9put\u00e9e non navigable. Moyens de rendre ce trajet utile au commerce. - Libairie Clavreuil<\/title>\n<meta name=\"robots\" content=\"index, follow, max-snippet:-1, max-image-preview:large, max-video-preview:-1\" \/>\n<link rel=\"canonical\" href=\"https:\/\/www.librairieclavreuil.com\/produit\/boissel-de-monville-thomas-charles-gaston-voyage-pittoresque-et-navigation-executee-sur-une-partie-du-rhone-reputee-non-navigable-moyens-de-rendre-ce-trajet-utile-au-commerce\/\" \/>\n<meta property=\"og:locale\" content=\"en_US\" \/>\n<meta property=\"og:type\" content=\"article\" \/>\n<meta property=\"og:title\" content=\"BOISSEL DE MONVILLE Thomas-Charles-Gaston Voyage pittoresque et navigation ex\u00e9cut\u00e9e sur une partie du Rh\u00f4ne, r\u00e9put\u00e9e non navigable. Moyens de rendre ce trajet utile au commerce. - Libairie Clavreuil\" \/>\n<meta property=\"og:description\" content=\"4to (257 x 198 mm) 2 nn.l., 155 pp., 1 map and 17 engraved plates (most of them folding). Contemporary half calf, flat spine gilt, marbled edges.\" \/>\n<meta property=\"og:url\" content=\"https:\/\/www.librairieclavreuil.com\/produit\/boissel-de-monville-thomas-charles-gaston-voyage-pittoresque-et-navigation-executee-sur-une-partie-du-rhone-reputee-non-navigable-moyens-de-rendre-ce-trajet-utile-au-commerce\/\" \/>\n<meta property=\"og:site_name\" content=\"Libairie Clavreuil\" \/>\n<meta property=\"article:modified_time\" content=\"2024-07-01T16:07:13+00:00\" \/>\n<meta property=\"og:image\" content=\"https:\/\/www.librairieclavreuil.com\/wp-content\/uploads\/2024\/04\/thomas-charles-gaston-boissel-de-monville-voyage-pittoresque-et-navigation-executee-sur-une-partie-du-rhone-reputee-non-navigable-moyens-de-rendre-ce--768x1024.jpg\" \/>\n\t<meta property=\"og:image:width\" content=\"768\" \/>\n\t<meta property=\"og:image:height\" content=\"1024\" \/>\n\t<meta property=\"og:image:type\" content=\"image\/jpeg\" \/>\n<meta name=\"twitter:card\" content=\"summary_large_image\" \/>\n<meta name=\"twitter:label1\" content=\"Est. reading time\" \/>\n\t<meta name=\"twitter:data1\" content=\"1 minute\" \/>\n<script type=\"application\/ld+json\" class=\"yoast-schema-graph\">{\"@context\":\"https:\/\/schema.org\",\"@graph\":[{\"@type\":\"WebPage\",\"@id\":\"https:\/\/www.librairieclavreuil.com\/produit\/boissel-de-monville-thomas-charles-gaston-voyage-pittoresque-et-navigation-executee-sur-une-partie-du-rhone-reputee-non-navigable-moyens-de-rendre-ce-trajet-utile-au-commerce\/\",\"url\":\"https:\/\/www.librairieclavreuil.com\/produit\/boissel-de-monville-thomas-charles-gaston-voyage-pittoresque-et-navigation-executee-sur-une-partie-du-rhone-reputee-non-navigable-moyens-de-rendre-ce-trajet-utile-au-commerce\/\",\"name\":\"BOISSEL DE MONVILLE Thomas-Charles-Gaston Voyage pittoresque et navigation ex\u00e9cut\u00e9e sur une partie du Rh\u00f4ne, r\u00e9put\u00e9e non navigable. Moyens de rendre ce trajet utile au commerce. - Libairie Clavreuil\",\"isPartOf\":{\"@id\":\"https:\/\/www.librairieclavreuil.com\/#website\"},\"primaryImageOfPage\":{\"@id\":\"https:\/\/www.librairieclavreuil.com\/produit\/boissel-de-monville-thomas-charles-gaston-voyage-pittoresque-et-navigation-executee-sur-une-partie-du-rhone-reputee-non-navigable-moyens-de-rendre-ce-trajet-utile-au-commerce\/#primaryimage\"},\"image\":{\"@id\":\"https:\/\/www.librairieclavreuil.com\/produit\/boissel-de-monville-thomas-charles-gaston-voyage-pittoresque-et-navigation-executee-sur-une-partie-du-rhone-reputee-non-navigable-moyens-de-rendre-ce-trajet-utile-au-commerce\/#primaryimage\"},\"thumbnailUrl\":\"https:\/\/www.librairieclavreuil.com\/wp-content\/uploads\/2024\/04\/thomas-charles-gaston-boissel-de-monville-voyage-pittoresque-et-navigation-executee-sur-une-partie-du-rhone-reputee-non-navigable-moyens-de-rendre-ce-.jpg\",\"datePublished\":\"2024-04-25T16:06:47+00:00\",\"dateModified\":\"2024-07-01T16:07:13+00:00\",\"breadcrumb\":{\"@id\":\"https:\/\/www.librairieclavreuil.com\/produit\/boissel-de-monville-thomas-charles-gaston-voyage-pittoresque-et-navigation-executee-sur-une-partie-du-rhone-reputee-non-navigable-moyens-de-rendre-ce-trajet-utile-au-commerce\/#breadcrumb\"},\"inLanguage\":\"en-US\",\"potentialAction\":[{\"@type\":\"ReadAction\",\"target\":[\"https:\/\/www.librairieclavreuil.com\/produit\/boissel-de-monville-thomas-charles-gaston-voyage-pittoresque-et-navigation-executee-sur-une-partie-du-rhone-reputee-non-navigable-moyens-de-rendre-ce-trajet-utile-au-commerce\/\"]}]},{\"@type\":\"ImageObject\",\"inLanguage\":\"en-US\",\"@id\":\"https:\/\/www.librairieclavreuil.com\/produit\/boissel-de-monville-thomas-charles-gaston-voyage-pittoresque-et-navigation-executee-sur-une-partie-du-rhone-reputee-non-navigable-moyens-de-rendre-ce-trajet-utile-au-commerce\/#primaryimage\",\"url\":\"https:\/\/www.librairieclavreuil.com\/wp-content\/uploads\/2024\/04\/thomas-charles-gaston-boissel-de-monville-voyage-pittoresque-et-navigation-executee-sur-une-partie-du-rhone-reputee-non-navigable-moyens-de-rendre-ce-.jpg\",\"contentUrl\":\"https:\/\/www.librairieclavreuil.com\/wp-content\/uploads\/2024\/04\/thomas-charles-gaston-boissel-de-monville-voyage-pittoresque-et-navigation-executee-sur-une-partie-du-rhone-reputee-non-navigable-moyens-de-rendre-ce-.jpg\",\"width\":1894,\"height\":2525},{\"@type\":\"BreadcrumbList\",\"@id\":\"https:\/\/www.librairieclavreuil.com\/produit\/boissel-de-monville-thomas-charles-gaston-voyage-pittoresque-et-navigation-executee-sur-une-partie-du-rhone-reputee-non-navigable-moyens-de-rendre-ce-trajet-utile-au-commerce\/#breadcrumb\",\"itemListElement\":[{\"@type\":\"ListItem\",\"position\":1,\"name\":\"Accueil\",\"item\":\"https:\/\/www.librairieclavreuil.com\/\"},{\"@type\":\"ListItem\",\"position\":2,\"name\":\"All our books\",\"item\":\"https:\/\/www.librairieclavreuil.com\/en\/all-our-books\/\"},{\"@type\":\"ListItem\",\"position\":3,\"name\":\"BOISSEL DE MONVILLE Thomas-Charles-Gaston Voyage pittoresque et navigation...\"}]},{\"@type\":\"WebSite\",\"@id\":\"https:\/\/www.librairieclavreuil.com\/#website\",\"url\":\"https:\/\/www.librairieclavreuil.com\/\",\"name\":\"Libairie Clavreuil\",\"description\":\"Livres anciens, manuscrits rares et \u00e9ditions originales \u2013 Librairie Clavreuil\",\"publisher\":{\"@id\":\"https:\/\/www.librairieclavreuil.com\/#organization\"},\"potentialAction\":[{\"@type\":\"SearchAction\",\"target\":{\"@type\":\"EntryPoint\",\"urlTemplate\":\"https:\/\/www.librairieclavreuil.com\/?s={search_term_string}\"},\"query-input\":{\"@type\":\"PropertyValueSpecification\",\"valueRequired\":true,\"valueName\":\"search_term_string\"}}],\"inLanguage\":\"en-US\"},{\"@type\":\"Organization\",\"@id\":\"https:\/\/www.librairieclavreuil.com\/#organization\",\"name\":\"Libairie Clavreuil\",\"url\":\"https:\/\/www.librairieclavreuil.com\/\",\"logo\":{\"@type\":\"ImageObject\",\"inLanguage\":\"en-US\",\"@id\":\"https:\/\/www.librairieclavreuil.com\/#\/schema\/logo\/image\/\",\"url\":\"https:\/\/www.librairieclavreuil.com\/wp-content\/uploads\/2021\/06\/cropped-LOGO_PNG_DATE-_gold-512x512-1.png\",\"contentUrl\":\"https:\/\/www.librairieclavreuil.com\/wp-content\/uploads\/2021\/06\/cropped-LOGO_PNG_DATE-_gold-512x512-1.png\",\"width\":512,\"height\":512,\"caption\":\"Libairie Clavreuil\"},\"image\":{\"@id\":\"https:\/\/www.librairieclavreuil.com\/#\/schema\/logo\/image\/\"},\"sameAs\":[\"https:\/\/www.instagram.com\/librairieclavreuil\/\"]}]}<\/script>\n<!-- \/ Yoast SEO plugin. -->","yoast_head_json":{"title":"BOISSEL DE MONVILLE Thomas-Charles-Gaston Voyage pittoresque et navigation ex\u00e9cut\u00e9e sur une partie du Rh\u00f4ne, r\u00e9put\u00e9e non navigable. Moyens de rendre ce trajet utile au commerce. - Libairie Clavreuil","robots":{"index":"index","follow":"follow","max-snippet":"max-snippet:-1","max-image-preview":"max-image-preview:large","max-video-preview":"max-video-preview:-1"},"canonical":"https:\/\/www.librairieclavreuil.com\/produit\/boissel-de-monville-thomas-charles-gaston-voyage-pittoresque-et-navigation-executee-sur-une-partie-du-rhone-reputee-non-navigable-moyens-de-rendre-ce-trajet-utile-au-commerce\/","og_locale":"en_US","og_type":"article","og_title":"BOISSEL DE MONVILLE Thomas-Charles-Gaston Voyage pittoresque et navigation ex\u00e9cut\u00e9e sur une partie du Rh\u00f4ne, r\u00e9put\u00e9e non navigable. Moyens de rendre ce trajet utile au commerce. - Libairie Clavreuil","og_description":"4to (257 x 198 mm) 2 nn.l., 155 pp., 1 map and 17 engraved plates (most of them folding). Contemporary half calf, flat spine gilt, marbled edges.","og_url":"https:\/\/www.librairieclavreuil.com\/produit\/boissel-de-monville-thomas-charles-gaston-voyage-pittoresque-et-navigation-executee-sur-une-partie-du-rhone-reputee-non-navigable-moyens-de-rendre-ce-trajet-utile-au-commerce\/","og_site_name":"Libairie Clavreuil","article_modified_time":"2024-07-01T16:07:13+00:00","og_image":[{"width":768,"height":1024,"url":"https:\/\/www.librairieclavreuil.com\/wp-content\/uploads\/2024\/04\/thomas-charles-gaston-boissel-de-monville-voyage-pittoresque-et-navigation-executee-sur-une-partie-du-rhone-reputee-non-navigable-moyens-de-rendre-ce--768x1024.jpg","type":"image\/jpeg"}],"twitter_card":"summary_large_image","twitter_misc":{"Est. reading time":"1 minute"},"schema":{"@context":"https:\/\/schema.org","@graph":[{"@type":"WebPage","@id":"https:\/\/www.librairieclavreuil.com\/produit\/boissel-de-monville-thomas-charles-gaston-voyage-pittoresque-et-navigation-executee-sur-une-partie-du-rhone-reputee-non-navigable-moyens-de-rendre-ce-trajet-utile-au-commerce\/","url":"https:\/\/www.librairieclavreuil.com\/produit\/boissel-de-monville-thomas-charles-gaston-voyage-pittoresque-et-navigation-executee-sur-une-partie-du-rhone-reputee-non-navigable-moyens-de-rendre-ce-trajet-utile-au-commerce\/","name":"BOISSEL DE MONVILLE Thomas-Charles-Gaston Voyage pittoresque et navigation ex\u00e9cut\u00e9e sur une partie du Rh\u00f4ne, r\u00e9put\u00e9e non navigable. Moyens de rendre ce trajet utile au commerce. - Libairie Clavreuil","isPartOf":{"@id":"https:\/\/www.librairieclavreuil.com\/#website"},"primaryImageOfPage":{"@id":"https:\/\/www.librairieclavreuil.com\/produit\/boissel-de-monville-thomas-charles-gaston-voyage-pittoresque-et-navigation-executee-sur-une-partie-du-rhone-reputee-non-navigable-moyens-de-rendre-ce-trajet-utile-au-commerce\/#primaryimage"},"image":{"@id":"https:\/\/www.librairieclavreuil.com\/produit\/boissel-de-monville-thomas-charles-gaston-voyage-pittoresque-et-navigation-executee-sur-une-partie-du-rhone-reputee-non-navigable-moyens-de-rendre-ce-trajet-utile-au-commerce\/#primaryimage"},"thumbnailUrl":"https:\/\/www.librairieclavreuil.com\/wp-content\/uploads\/2024\/04\/thomas-charles-gaston-boissel-de-monville-voyage-pittoresque-et-navigation-executee-sur-une-partie-du-rhone-reputee-non-navigable-moyens-de-rendre-ce-.jpg","datePublished":"2024-04-25T16:06:47+00:00","dateModified":"2024-07-01T16:07:13+00:00","breadcrumb":{"@id":"https:\/\/www.librairieclavreuil.com\/produit\/boissel-de-monville-thomas-charles-gaston-voyage-pittoresque-et-navigation-executee-sur-une-partie-du-rhone-reputee-non-navigable-moyens-de-rendre-ce-trajet-utile-au-commerce\/#breadcrumb"},"inLanguage":"en-US","potentialAction":[{"@type":"ReadAction","target":["https:\/\/www.librairieclavreuil.com\/produit\/boissel-de-monville-thomas-charles-gaston-voyage-pittoresque-et-navigation-executee-sur-une-partie-du-rhone-reputee-non-navigable-moyens-de-rendre-ce-trajet-utile-au-commerce\/"]}]},{"@type":"ImageObject","inLanguage":"en-US","@id":"https:\/\/www.librairieclavreuil.com\/produit\/boissel-de-monville-thomas-charles-gaston-voyage-pittoresque-et-navigation-executee-sur-une-partie-du-rhone-reputee-non-navigable-moyens-de-rendre-ce-trajet-utile-au-commerce\/#primaryimage","url":"https:\/\/www.librairieclavreuil.com\/wp-content\/uploads\/2024\/04\/thomas-charles-gaston-boissel-de-monville-voyage-pittoresque-et-navigation-executee-sur-une-partie-du-rhone-reputee-non-navigable-moyens-de-rendre-ce-.jpg","contentUrl":"https:\/\/www.librairieclavreuil.com\/wp-content\/uploads\/2024\/04\/thomas-charles-gaston-boissel-de-monville-voyage-pittoresque-et-navigation-executee-sur-une-partie-du-rhone-reputee-non-navigable-moyens-de-rendre-ce-.jpg","width":1894,"height":2525},{"@type":"BreadcrumbList","@id":"https:\/\/www.librairieclavreuil.com\/produit\/boissel-de-monville-thomas-charles-gaston-voyage-pittoresque-et-navigation-executee-sur-une-partie-du-rhone-reputee-non-navigable-moyens-de-rendre-ce-trajet-utile-au-commerce\/#breadcrumb","itemListElement":[{"@type":"ListItem","position":1,"name":"Accueil","item":"https:\/\/www.librairieclavreuil.com\/"},{"@type":"ListItem","position":2,"name":"All our books","item":"https:\/\/www.librairieclavreuil.com\/en\/all-our-books\/"},{"@type":"ListItem","position":3,"name":"BOISSEL DE MONVILLE Thomas-Charles-Gaston Voyage pittoresque et navigation..."}]},{"@type":"WebSite","@id":"https:\/\/www.librairieclavreuil.com\/#website","url":"https:\/\/www.librairieclavreuil.com\/","name":"Libairie Clavreuil","description":"Livres anciens, manuscrits rares et \u00e9ditions originales \u2013 Librairie Clavreuil","publisher":{"@id":"https:\/\/www.librairieclavreuil.com\/#organization"},"potentialAction":[{"@type":"SearchAction","target":{"@type":"EntryPoint","urlTemplate":"https:\/\/www.librairieclavreuil.com\/?s={search_term_string}"},"query-input":{"@type":"PropertyValueSpecification","valueRequired":true,"valueName":"search_term_string"}}],"inLanguage":"en-US"},{"@type":"Organization","@id":"https:\/\/www.librairieclavreuil.com\/#organization","name":"Libairie Clavreuil","url":"https:\/\/www.librairieclavreuil.com\/","logo":{"@type":"ImageObject","inLanguage":"en-US","@id":"https:\/\/www.librairieclavreuil.com\/#\/schema\/logo\/image\/","url":"https:\/\/www.librairieclavreuil.com\/wp-content\/uploads\/2021\/06\/cropped-LOGO_PNG_DATE-_gold-512x512-1.png","contentUrl":"https:\/\/www.librairieclavreuil.com\/wp-content\/uploads\/2021\/06\/cropped-LOGO_PNG_DATE-_gold-512x512-1.png","width":512,"height":512,"caption":"Libairie Clavreuil"},"image":{"@id":"https:\/\/www.librairieclavreuil.com\/#\/schema\/logo\/image\/"},"sameAs":["https:\/\/www.instagram.com\/librairieclavreuil\/"]}]}},"jetpack_sharing_enabled":true,"_links":{"self":[{"href":"https:\/\/www.librairieclavreuil.com\/en\/wp-json\/wp\/v2\/product\/76396","targetHints":{"allow":["GET"]}}],"collection":[{"href":"https:\/\/www.librairieclavreuil.com\/en\/wp-json\/wp\/v2\/product"}],"about":[{"href":"https:\/\/www.librairieclavreuil.com\/en\/wp-json\/wp\/v2\/types\/product"}],"replies":[{"embeddable":true,"href":"https:\/\/www.librairieclavreuil.com\/en\/wp-json\/wp\/v2\/comments?post=76396"}],"wp:featuredmedia":[{"embeddable":true,"href":"https:\/\/www.librairieclavreuil.com\/en\/wp-json\/wp\/v2\/media\/76377"}],"wp:attachment":[{"href":"https:\/\/www.librairieclavreuil.com\/en\/wp-json\/wp\/v2\/media?parent=76396"}],"wp:term":[{"taxonomy":"product_brand","embeddable":true,"href":"https:\/\/www.librairieclavreuil.com\/en\/wp-json\/wp\/v2\/product_brand?post=76396"},{"taxonomy":"product_cat","embeddable":true,"href":"https:\/\/www.librairieclavreuil.com\/en\/wp-json\/wp\/v2\/product_cat?post=76396"},{"taxonomy":"product_tag","embeddable":true,"href":"https:\/\/www.librairieclavreuil.com\/en\/wp-json\/wp\/v2\/product_tag?post=76396"}],"curies":[{"name":"wp","href":"https:\/\/api.w.org\/{rel}","templated":true}]}}