{"id":76358,"date":"2024-04-25T18:04:39","date_gmt":"2024-04-25T16:04:39","guid":{"rendered":"https:\/\/clavreuil-wordpress.logiciel-arteo.fr\/serres-olivier-de-le-theatre-dagriculture-et-mesnage-des-champs-dans-lequel-est-represente-tout-ce-qui-est-requis-et-necessaire-pour-bien-dresser-gouverner-enrichir-et-embellir-la-maison-rusti\/"},"modified":"2024-07-02T13:18:09","modified_gmt":"2024-07-02T11:18:09","slug":"serres-olivier-de-le-theatre-dagriculture-et-mesnage-des-champs-dans-lequel-est-represente-tout-ce-qui-est-requis-et-necessaire-pour-bien-dresser-gouverner-enrichir-et-embellir-la-maison-rusti","status":"publish","type":"product","link":"https:\/\/www.librairieclavreuil.com\/en\/serres-olivier-de-le-theatre-dagriculture-et-mesnage-des-champs-dans-lequel-est-represente-tout-ce-qui-est-requis-et-necessaire-pour-bien-dresser-gouverner-enrichir-et-embellir-la-maison-rusti\/","title":{"rendered":"SERRES Olivier de Le Th\u00e9\u00e2tre d&#8217;Agriculture et mesnage..."},"content":{"rendered":"<p style=\"text-align:justify\"><i>Thi\u00e9baud, 843-844; see Schwerdt (for the first edition 1600).<\/i><\/p>\n<p style=\"text-align:justify\">Beautiful edition of this classic, published by the Soci\u00e9t\u00e9 d&#8217;Agriculture du D\u00e9partement de la Seine. It contains additional plates and material by notable scientists of the time including Chaptal, Parmentier, Huzard, etc.<\/p>\n<p style=\"text-align:justify\">&#8220;Cette belle \u00e9dition est consid\u00e9r\u00e9e, \u00e0 juste titre, comme la meilleure de toutes, pour la correction de son texte et ses notes. Parmi les pi\u00e8ces liminaires du tome II se trouve la remarquable &#8216;Notice bibliographique&#8217;&#8230; par J.-B. Huzard&#8221; (Thi\u00e9baud).<\/p>\n<p style=\"text-align:justify\">Volume II (pp. 84-106) contains an important chapter on apiculture.<\/p>\n<p style=\"text-align:justify\">Fine prize binding, with this gilt mention on the front cover : Soci\u00e9t\u00e9 royale d&#8217;agriculture, s\u00e9ance publique du 10 avril 1836, \u00e0 Mr le Cte de Bonneval, \u00e0 Lafont d&#8217;Amb\u00e9rieux (Allier).<\/p>\n<p style=\"text-align:justify\">Some light wear, else fine.<\/p>\n<p style=\"text-align:justify\">&nbsp;<\/p>\n","protected":false},"excerpt":{"rendered":"<p style=\"text-align:justify\">2 volumes, 4to (254 x 199 mm) CXCII, 672 pp., engraved portrait and 1 engraved plate for volume I; XLIV, 948 pp., engraved frontispiece and 16 engraved plates for volume II. Contemporary tree-calf, flat spines gilt.<\/p>\n","protected":false},"featured_media":76343,"comment_status":"open","ping_status":"closed","template":"","meta":{"_acf_changed":false},"product_brand":[],"product_cat":[532],"product_tag":[576,590,584,1323],"class_list":{"0":"post-76358","1":"product","2":"type-product","3":"status-publish","4":"has-post-thumbnail","6":"product_cat-botanical","7":"product_tag-agriculture-2","8":"product_tag-botanical","9":"product_tag-gardens","10":"product_tag-general-botany","11":"pa_auteur-serres-olivier-de-2","12":"pa_type-de-livre-printed-book","14":"first","15":"instock","16":"shipping-taxable","17":"purchasable","18":"product-type-simple"},"acf":{"artist":" Olivier de SERRES","chapeau":"","adresse_bibliographique":"Paris, Madame Huzard, An XII - 1804","book_type":"Printed book","provenance":"","afficher_prix":""},"yoast_head":"<!-- This site is optimized with the Yoast SEO plugin v24.7 - https:\/\/yoast.com\/wordpress\/plugins\/seo\/ -->\n<title>SERRES Olivier de Le Th\u00e9\u00e2tre d&#039;Agriculture et mesnage des champs... dans lequel est repr\u00e9sent\u00e9 tout ce qui est requis et n\u00e9cessaire pour bien dresser, gouverner, enrichir et embellir la maison rustique. - Libairie Clavreuil<\/title>\n<meta name=\"robots\" content=\"index, follow, max-snippet:-1, max-image-preview:large, max-video-preview:-1\" \/>\n<link rel=\"canonical\" href=\"https:\/\/www.librairieclavreuil.com\/produit\/serres-olivier-de-le-theatre-dagriculture-et-mesnage-des-champs-dans-lequel-est-represente-tout-ce-qui-est-requis-et-necessaire-pour-bien-dresser-gouverner-enrichir-et-embellir-la-maison-rusti\/\" \/>\n<meta property=\"og:locale\" content=\"en_US\" \/>\n<meta property=\"og:type\" content=\"article\" \/>\n<meta property=\"og:title\" content=\"SERRES Olivier de Le Th\u00e9\u00e2tre d&#039;Agriculture et mesnage des champs... dans lequel est repr\u00e9sent\u00e9 tout ce qui est requis et n\u00e9cessaire pour bien dresser, gouverner, enrichir et embellir la maison rustique. - Libairie Clavreuil\" \/>\n<meta property=\"og:description\" content=\"2 volumes, 4to (254 x 199 mm) CXCII, 672 pp., engraved portrait and 1 engraved plate for volume I; XLIV, 948 pp., engraved frontispiece and 16 engraved plates for volume II. Contemporary tree-calf, flat spines gilt.\" \/>\n<meta property=\"og:url\" content=\"https:\/\/www.librairieclavreuil.com\/produit\/serres-olivier-de-le-theatre-dagriculture-et-mesnage-des-champs-dans-lequel-est-represente-tout-ce-qui-est-requis-et-necessaire-pour-bien-dresser-gouverner-enrichir-et-embellir-la-maison-rusti\/\" \/>\n<meta property=\"og:site_name\" content=\"Libairie Clavreuil\" \/>\n<meta property=\"article:modified_time\" content=\"2024-07-02T11:18:09+00:00\" \/>\n<meta property=\"og:image\" content=\"https:\/\/www.librairieclavreuil.com\/wp-content\/uploads\/2024\/04\/olivier-de-serres-le-theatre-d-agriculture-et-mesnage-des-champs-dans-lequel-est-represente-tout-ce-qui-est-requis-et-necessaire-pour-bien-dresser-gou-scaled.jpg\" \/>\n\t<meta property=\"og:image:width\" content=\"1920\" \/>\n\t<meta property=\"og:image:height\" content=\"2560\" \/>\n\t<meta property=\"og:image:type\" content=\"image\/jpeg\" \/>\n<meta name=\"twitter:card\" content=\"summary_large_image\" \/>\n<meta name=\"twitter:label1\" content=\"Est. reading time\" \/>\n\t<meta name=\"twitter:data1\" content=\"1 minute\" \/>\n<script type=\"application\/ld+json\" class=\"yoast-schema-graph\">{\"@context\":\"https:\/\/schema.org\",\"@graph\":[{\"@type\":\"WebPage\",\"@id\":\"https:\/\/www.librairieclavreuil.com\/produit\/serres-olivier-de-le-theatre-dagriculture-et-mesnage-des-champs-dans-lequel-est-represente-tout-ce-qui-est-requis-et-necessaire-pour-bien-dresser-gouverner-enrichir-et-embellir-la-maison-rusti\/\",\"url\":\"https:\/\/www.librairieclavreuil.com\/produit\/serres-olivier-de-le-theatre-dagriculture-et-mesnage-des-champs-dans-lequel-est-represente-tout-ce-qui-est-requis-et-necessaire-pour-bien-dresser-gouverner-enrichir-et-embellir-la-maison-rusti\/\",\"name\":\"SERRES Olivier de Le Th\u00e9\u00e2tre d'Agriculture et mesnage des champs... dans lequel est repr\u00e9sent\u00e9 tout ce qui est requis et n\u00e9cessaire pour bien dresser, gouverner, enrichir et embellir la maison rustique. - Libairie Clavreuil\",\"isPartOf\":{\"@id\":\"https:\/\/www.librairieclavreuil.com\/#website\"},\"primaryImageOfPage\":{\"@id\":\"https:\/\/www.librairieclavreuil.com\/produit\/serres-olivier-de-le-theatre-dagriculture-et-mesnage-des-champs-dans-lequel-est-represente-tout-ce-qui-est-requis-et-necessaire-pour-bien-dresser-gouverner-enrichir-et-embellir-la-maison-rusti\/#primaryimage\"},\"image\":{\"@id\":\"https:\/\/www.librairieclavreuil.com\/produit\/serres-olivier-de-le-theatre-dagriculture-et-mesnage-des-champs-dans-lequel-est-represente-tout-ce-qui-est-requis-et-necessaire-pour-bien-dresser-gouverner-enrichir-et-embellir-la-maison-rusti\/#primaryimage\"},\"thumbnailUrl\":\"https:\/\/www.librairieclavreuil.com\/wp-content\/uploads\/2024\/04\/olivier-de-serres-le-theatre-d-agriculture-et-mesnage-des-champs-dans-lequel-est-represente-tout-ce-qui-est-requis-et-necessaire-pour-bien-dresser-gou-scaled.jpg\",\"datePublished\":\"2024-04-25T16:04:39+00:00\",\"dateModified\":\"2024-07-02T11:18:09+00:00\",\"breadcrumb\":{\"@id\":\"https:\/\/www.librairieclavreuil.com\/produit\/serres-olivier-de-le-theatre-dagriculture-et-mesnage-des-champs-dans-lequel-est-represente-tout-ce-qui-est-requis-et-necessaire-pour-bien-dresser-gouverner-enrichir-et-embellir-la-maison-rusti\/#breadcrumb\"},\"inLanguage\":\"en-US\",\"potentialAction\":[{\"@type\":\"ReadAction\",\"target\":[\"https:\/\/www.librairieclavreuil.com\/produit\/serres-olivier-de-le-theatre-dagriculture-et-mesnage-des-champs-dans-lequel-est-represente-tout-ce-qui-est-requis-et-necessaire-pour-bien-dresser-gouverner-enrichir-et-embellir-la-maison-rusti\/\"]}]},{\"@type\":\"ImageObject\",\"inLanguage\":\"en-US\",\"@id\":\"https:\/\/www.librairieclavreuil.com\/produit\/serres-olivier-de-le-theatre-dagriculture-et-mesnage-des-champs-dans-lequel-est-represente-tout-ce-qui-est-requis-et-necessaire-pour-bien-dresser-gouverner-enrichir-et-embellir-la-maison-rusti\/#primaryimage\",\"url\":\"https:\/\/www.librairieclavreuil.com\/wp-content\/uploads\/2024\/04\/olivier-de-serres-le-theatre-d-agriculture-et-mesnage-des-champs-dans-lequel-est-represente-tout-ce-qui-est-requis-et-necessaire-pour-bien-dresser-gou-scaled.jpg\",\"contentUrl\":\"https:\/\/www.librairieclavreuil.com\/wp-content\/uploads\/2024\/04\/olivier-de-serres-le-theatre-d-agriculture-et-mesnage-des-champs-dans-lequel-est-represente-tout-ce-qui-est-requis-et-necessaire-pour-bien-dresser-gou-scaled.jpg\",\"width\":1920,\"height\":2560},{\"@type\":\"BreadcrumbList\",\"@id\":\"https:\/\/www.librairieclavreuil.com\/produit\/serres-olivier-de-le-theatre-dagriculture-et-mesnage-des-champs-dans-lequel-est-represente-tout-ce-qui-est-requis-et-necessaire-pour-bien-dresser-gouverner-enrichir-et-embellir-la-maison-rusti\/#breadcrumb\",\"itemListElement\":[{\"@type\":\"ListItem\",\"position\":1,\"name\":\"Accueil\",\"item\":\"https:\/\/www.librairieclavreuil.com\/\"},{\"@type\":\"ListItem\",\"position\":2,\"name\":\"All our books\",\"item\":\"https:\/\/www.librairieclavreuil.com\/en\/all-our-books\/\"},{\"@type\":\"ListItem\",\"position\":3,\"name\":\"SERRES Olivier de Le Th\u00e9\u00e2tre d&rsquo;Agriculture et mesnage...\"}]},{\"@type\":\"WebSite\",\"@id\":\"https:\/\/www.librairieclavreuil.com\/#website\",\"url\":\"https:\/\/www.librairieclavreuil.com\/\",\"name\":\"Libairie Clavreuil\",\"description\":\"Livres anciens, manuscrits rares et \u00e9ditions originales \u2013 Librairie Clavreuil\",\"publisher\":{\"@id\":\"https:\/\/www.librairieclavreuil.com\/#organization\"},\"potentialAction\":[{\"@type\":\"SearchAction\",\"target\":{\"@type\":\"EntryPoint\",\"urlTemplate\":\"https:\/\/www.librairieclavreuil.com\/?s={search_term_string}\"},\"query-input\":{\"@type\":\"PropertyValueSpecification\",\"valueRequired\":true,\"valueName\":\"search_term_string\"}}],\"inLanguage\":\"en-US\"},{\"@type\":\"Organization\",\"@id\":\"https:\/\/www.librairieclavreuil.com\/#organization\",\"name\":\"Libairie Clavreuil\",\"url\":\"https:\/\/www.librairieclavreuil.com\/\",\"logo\":{\"@type\":\"ImageObject\",\"inLanguage\":\"en-US\",\"@id\":\"https:\/\/www.librairieclavreuil.com\/#\/schema\/logo\/image\/\",\"url\":\"https:\/\/www.librairieclavreuil.com\/wp-content\/uploads\/2021\/06\/cropped-LOGO_PNG_DATE-_gold-512x512-1.png\",\"contentUrl\":\"https:\/\/www.librairieclavreuil.com\/wp-content\/uploads\/2021\/06\/cropped-LOGO_PNG_DATE-_gold-512x512-1.png\",\"width\":512,\"height\":512,\"caption\":\"Libairie Clavreuil\"},\"image\":{\"@id\":\"https:\/\/www.librairieclavreuil.com\/#\/schema\/logo\/image\/\"},\"sameAs\":[\"https:\/\/www.instagram.com\/librairieclavreuil\/\"]}]}<\/script>\n<!-- \/ Yoast SEO plugin. -->","yoast_head_json":{"title":"SERRES Olivier de Le Th\u00e9\u00e2tre d'Agriculture et mesnage des champs... dans lequel est repr\u00e9sent\u00e9 tout ce qui est requis et n\u00e9cessaire pour bien dresser, gouverner, enrichir et embellir la maison rustique. - Libairie Clavreuil","robots":{"index":"index","follow":"follow","max-snippet":"max-snippet:-1","max-image-preview":"max-image-preview:large","max-video-preview":"max-video-preview:-1"},"canonical":"https:\/\/www.librairieclavreuil.com\/produit\/serres-olivier-de-le-theatre-dagriculture-et-mesnage-des-champs-dans-lequel-est-represente-tout-ce-qui-est-requis-et-necessaire-pour-bien-dresser-gouverner-enrichir-et-embellir-la-maison-rusti\/","og_locale":"en_US","og_type":"article","og_title":"SERRES Olivier de Le Th\u00e9\u00e2tre d'Agriculture et mesnage des champs... dans lequel est repr\u00e9sent\u00e9 tout ce qui est requis et n\u00e9cessaire pour bien dresser, gouverner, enrichir et embellir la maison rustique. - Libairie Clavreuil","og_description":"2 volumes, 4to (254 x 199 mm) CXCII, 672 pp., engraved portrait and 1 engraved plate for volume I; XLIV, 948 pp., engraved frontispiece and 16 engraved plates for volume II. Contemporary tree-calf, flat spines gilt.","og_url":"https:\/\/www.librairieclavreuil.com\/produit\/serres-olivier-de-le-theatre-dagriculture-et-mesnage-des-champs-dans-lequel-est-represente-tout-ce-qui-est-requis-et-necessaire-pour-bien-dresser-gouverner-enrichir-et-embellir-la-maison-rusti\/","og_site_name":"Libairie Clavreuil","article_modified_time":"2024-07-02T11:18:09+00:00","og_image":[{"width":1920,"height":2560,"url":"https:\/\/www.librairieclavreuil.com\/wp-content\/uploads\/2024\/04\/olivier-de-serres-le-theatre-d-agriculture-et-mesnage-des-champs-dans-lequel-est-represente-tout-ce-qui-est-requis-et-necessaire-pour-bien-dresser-gou-scaled.jpg","type":"image\/jpeg"}],"twitter_card":"summary_large_image","twitter_misc":{"Est. reading time":"1 minute"},"schema":{"@context":"https:\/\/schema.org","@graph":[{"@type":"WebPage","@id":"https:\/\/www.librairieclavreuil.com\/produit\/serres-olivier-de-le-theatre-dagriculture-et-mesnage-des-champs-dans-lequel-est-represente-tout-ce-qui-est-requis-et-necessaire-pour-bien-dresser-gouverner-enrichir-et-embellir-la-maison-rusti\/","url":"https:\/\/www.librairieclavreuil.com\/produit\/serres-olivier-de-le-theatre-dagriculture-et-mesnage-des-champs-dans-lequel-est-represente-tout-ce-qui-est-requis-et-necessaire-pour-bien-dresser-gouverner-enrichir-et-embellir-la-maison-rusti\/","name":"SERRES Olivier de Le Th\u00e9\u00e2tre d'Agriculture et mesnage des champs... dans lequel est repr\u00e9sent\u00e9 tout ce qui est requis et n\u00e9cessaire pour bien dresser, gouverner, enrichir et embellir la maison rustique. - Libairie Clavreuil","isPartOf":{"@id":"https:\/\/www.librairieclavreuil.com\/#website"},"primaryImageOfPage":{"@id":"https:\/\/www.librairieclavreuil.com\/produit\/serres-olivier-de-le-theatre-dagriculture-et-mesnage-des-champs-dans-lequel-est-represente-tout-ce-qui-est-requis-et-necessaire-pour-bien-dresser-gouverner-enrichir-et-embellir-la-maison-rusti\/#primaryimage"},"image":{"@id":"https:\/\/www.librairieclavreuil.com\/produit\/serres-olivier-de-le-theatre-dagriculture-et-mesnage-des-champs-dans-lequel-est-represente-tout-ce-qui-est-requis-et-necessaire-pour-bien-dresser-gouverner-enrichir-et-embellir-la-maison-rusti\/#primaryimage"},"thumbnailUrl":"https:\/\/www.librairieclavreuil.com\/wp-content\/uploads\/2024\/04\/olivier-de-serres-le-theatre-d-agriculture-et-mesnage-des-champs-dans-lequel-est-represente-tout-ce-qui-est-requis-et-necessaire-pour-bien-dresser-gou-scaled.jpg","datePublished":"2024-04-25T16:04:39+00:00","dateModified":"2024-07-02T11:18:09+00:00","breadcrumb":{"@id":"https:\/\/www.librairieclavreuil.com\/produit\/serres-olivier-de-le-theatre-dagriculture-et-mesnage-des-champs-dans-lequel-est-represente-tout-ce-qui-est-requis-et-necessaire-pour-bien-dresser-gouverner-enrichir-et-embellir-la-maison-rusti\/#breadcrumb"},"inLanguage":"en-US","potentialAction":[{"@type":"ReadAction","target":["https:\/\/www.librairieclavreuil.com\/produit\/serres-olivier-de-le-theatre-dagriculture-et-mesnage-des-champs-dans-lequel-est-represente-tout-ce-qui-est-requis-et-necessaire-pour-bien-dresser-gouverner-enrichir-et-embellir-la-maison-rusti\/"]}]},{"@type":"ImageObject","inLanguage":"en-US","@id":"https:\/\/www.librairieclavreuil.com\/produit\/serres-olivier-de-le-theatre-dagriculture-et-mesnage-des-champs-dans-lequel-est-represente-tout-ce-qui-est-requis-et-necessaire-pour-bien-dresser-gouverner-enrichir-et-embellir-la-maison-rusti\/#primaryimage","url":"https:\/\/www.librairieclavreuil.com\/wp-content\/uploads\/2024\/04\/olivier-de-serres-le-theatre-d-agriculture-et-mesnage-des-champs-dans-lequel-est-represente-tout-ce-qui-est-requis-et-necessaire-pour-bien-dresser-gou-scaled.jpg","contentUrl":"https:\/\/www.librairieclavreuil.com\/wp-content\/uploads\/2024\/04\/olivier-de-serres-le-theatre-d-agriculture-et-mesnage-des-champs-dans-lequel-est-represente-tout-ce-qui-est-requis-et-necessaire-pour-bien-dresser-gou-scaled.jpg","width":1920,"height":2560},{"@type":"BreadcrumbList","@id":"https:\/\/www.librairieclavreuil.com\/produit\/serres-olivier-de-le-theatre-dagriculture-et-mesnage-des-champs-dans-lequel-est-represente-tout-ce-qui-est-requis-et-necessaire-pour-bien-dresser-gouverner-enrichir-et-embellir-la-maison-rusti\/#breadcrumb","itemListElement":[{"@type":"ListItem","position":1,"name":"Accueil","item":"https:\/\/www.librairieclavreuil.com\/"},{"@type":"ListItem","position":2,"name":"All our books","item":"https:\/\/www.librairieclavreuil.com\/en\/all-our-books\/"},{"@type":"ListItem","position":3,"name":"SERRES Olivier de Le Th\u00e9\u00e2tre d&rsquo;Agriculture et mesnage..."}]},{"@type":"WebSite","@id":"https:\/\/www.librairieclavreuil.com\/#website","url":"https:\/\/www.librairieclavreuil.com\/","name":"Libairie Clavreuil","description":"Livres anciens, manuscrits rares et \u00e9ditions originales \u2013 Librairie Clavreuil","publisher":{"@id":"https:\/\/www.librairieclavreuil.com\/#organization"},"potentialAction":[{"@type":"SearchAction","target":{"@type":"EntryPoint","urlTemplate":"https:\/\/www.librairieclavreuil.com\/?s={search_term_string}"},"query-input":{"@type":"PropertyValueSpecification","valueRequired":true,"valueName":"search_term_string"}}],"inLanguage":"en-US"},{"@type":"Organization","@id":"https:\/\/www.librairieclavreuil.com\/#organization","name":"Libairie Clavreuil","url":"https:\/\/www.librairieclavreuil.com\/","logo":{"@type":"ImageObject","inLanguage":"en-US","@id":"https:\/\/www.librairieclavreuil.com\/#\/schema\/logo\/image\/","url":"https:\/\/www.librairieclavreuil.com\/wp-content\/uploads\/2021\/06\/cropped-LOGO_PNG_DATE-_gold-512x512-1.png","contentUrl":"https:\/\/www.librairieclavreuil.com\/wp-content\/uploads\/2021\/06\/cropped-LOGO_PNG_DATE-_gold-512x512-1.png","width":512,"height":512,"caption":"Libairie Clavreuil"},"image":{"@id":"https:\/\/www.librairieclavreuil.com\/#\/schema\/logo\/image\/"},"sameAs":["https:\/\/www.instagram.com\/librairieclavreuil\/"]}]}},"jetpack_sharing_enabled":true,"_links":{"self":[{"href":"https:\/\/www.librairieclavreuil.com\/en\/wp-json\/wp\/v2\/product\/76358","targetHints":{"allow":["GET"]}}],"collection":[{"href":"https:\/\/www.librairieclavreuil.com\/en\/wp-json\/wp\/v2\/product"}],"about":[{"href":"https:\/\/www.librairieclavreuil.com\/en\/wp-json\/wp\/v2\/types\/product"}],"replies":[{"embeddable":true,"href":"https:\/\/www.librairieclavreuil.com\/en\/wp-json\/wp\/v2\/comments?post=76358"}],"wp:featuredmedia":[{"embeddable":true,"href":"https:\/\/www.librairieclavreuil.com\/en\/wp-json\/wp\/v2\/media\/76343"}],"wp:attachment":[{"href":"https:\/\/www.librairieclavreuil.com\/en\/wp-json\/wp\/v2\/media?parent=76358"}],"wp:term":[{"taxonomy":"product_brand","embeddable":true,"href":"https:\/\/www.librairieclavreuil.com\/en\/wp-json\/wp\/v2\/product_brand?post=76358"},{"taxonomy":"product_cat","embeddable":true,"href":"https:\/\/www.librairieclavreuil.com\/en\/wp-json\/wp\/v2\/product_cat?post=76358"},{"taxonomy":"product_tag","embeddable":true,"href":"https:\/\/www.librairieclavreuil.com\/en\/wp-json\/wp\/v2\/product_tag?post=76358"}],"curies":[{"name":"wp","href":"https:\/\/api.w.org\/{rel}","templated":true}]}}