{"id":76121,"date":"2024-04-24T19:02:49","date_gmt":"2024-04-24T17:02:49","guid":{"rendered":"https:\/\/clavreuil-wordpress.logiciel-arteo.fr\/fortin-de-gramont-francois-les-ruses-innocentes-dans-lesquelles-se-voit-comment-on-prend-les-oyseaux-passagers-les-non-passagers-de-plusieurs-sortes-de-betes-a-quatre-pieds-avec-les-plu\/"},"modified":"2024-05-23T19:18:39","modified_gmt":"2024-05-23T17:18:39","slug":"fortin-de-gramont-francois-les-ruses-innocentes-dans-lesquelles-se-voit-comment-on-prend-les-oyseaux-passagers-les-non-passagers-de-plusieurs-sortes-de-betes-a-quatre-pieds-avec-les-plu","status":"publish","type":"product","link":"https:\/\/www.librairieclavreuil.com\/en\/fortin-de-gramont-francois-les-ruses-innocentes-dans-lesquelles-se-voit-comment-on-prend-les-oyseaux-passagers-les-non-passagers-de-plusieurs-sortes-de-betes-a-quatre-pieds-avec-les-plu\/","title":{"rendered":"FORTIN DE GRAMONT Fran\u00e7ois Les ruses Innocentes dans..."},"content":{"rendered":"<p><em>Thi&eacute;baud, 408-409; Schwerdt, I, 1814 (note); Souhart, 637.<\/em><\/p>\n<p>Second edition of this grand classic of hunting literature, a &quot;prototype du genre&quot; (Thi&eacute;baud).<\/p>\n<p>The illustrations are identical to the one illustrating the first edition published 8 years earlier.<\/p>\n<p>Fine copy of the large paper issue, mentioned only by Thi&eacute;baud. &quot;Ces derniers sont fort rares&quot; (Thi&eacute;baud).<\/p>\n<p>Hinges restored.<\/p>\n","protected":false},"excerpt":{"rendered":"<p>4to (282 x 203 mm) 8 un.ll., 445 pp., 11 pp., 66 woodcut plates included into pagination. Contemporary marbled calf, spine gilt with raised bands.<\/p>\n","protected":false},"featured_media":76102,"comment_status":"open","ping_status":"closed","template":"","meta":{"_acf_changed":false},"product_brand":[],"product_cat":[534],"product_tag":[1230,566,1342],"class_list":{"0":"post-76121","1":"product","2":"type-product","3":"status-publish","4":"has-post-thumbnail","6":"product_cat-hunting","7":"product_tag-fishing","8":"product_tag-hunting","9":"product_tag-ornithology","10":"pa_auteur-fortin-de-gramont-francois-2","11":"pa_type-de-livre-printed-book","13":"first","14":"instock","15":"shipping-taxable","16":"purchasable","17":"product-type-simple"},"acf":{"artist":" Fran\u00e7ois FORTIN DE GRAMONT","chapeau":"Large paper copy","adresse_bibliographique":"Paris, Charles de Sercy, 1688","book_type":"Printed book","provenance":"","afficher_prix":""},"yoast_head":"<!-- This site is optimized with the Yoast SEO plugin v24.7 - https:\/\/yoast.com\/wordpress\/plugins\/seo\/ -->\n<title>FORTIN DE GRAMONT Fran\u00e7ois Les ruses Innocentes dans lesquelles se voit comment on prend les Oyseaux passagers &amp; les non passagers: &amp; de plusieurs sortes de B\u00eates \u00e0 quatre pieds. Avec les plus beaux secrets de la p\u00eache dans les rivi\u00e8res &amp; dans les etangs. Et un Trait\u00e9 tres-utile pour la Chasse... - Libairie Clavreuil<\/title>\n<meta name=\"robots\" content=\"index, follow, max-snippet:-1, max-image-preview:large, max-video-preview:-1\" \/>\n<link rel=\"canonical\" href=\"https:\/\/www.librairieclavreuil.com\/produit\/fortin-de-gramont-francois-les-ruses-innocentes-dans-lesquelles-se-voit-comment-on-prend-les-oyseaux-passagers-les-non-passagers-de-plusieurs-sortes-de-betes-a-quatre-pieds-avec-les-plu\/\" \/>\n<meta property=\"og:locale\" content=\"en_US\" \/>\n<meta property=\"og:type\" content=\"article\" \/>\n<meta property=\"og:title\" content=\"FORTIN DE GRAMONT Fran\u00e7ois Les ruses Innocentes dans lesquelles se voit comment on prend les Oyseaux passagers &amp; les non passagers: &amp; de plusieurs sortes de B\u00eates \u00e0 quatre pieds. Avec les plus beaux secrets de la p\u00eache dans les rivi\u00e8res &amp; dans les etangs. Et un Trait\u00e9 tres-utile pour la Chasse... - Libairie Clavreuil\" \/>\n<meta property=\"og:description\" content=\"4to (282 x 203 mm) 8 un.ll., 445 pp., 11 pp., 66 woodcut plates included into pagination. Contemporary marbled calf, spine gilt with raised bands.\" \/>\n<meta property=\"og:url\" content=\"https:\/\/www.librairieclavreuil.com\/produit\/fortin-de-gramont-francois-les-ruses-innocentes-dans-lesquelles-se-voit-comment-on-prend-les-oyseaux-passagers-les-non-passagers-de-plusieurs-sortes-de-betes-a-quatre-pieds-avec-les-plu\/\" \/>\n<meta property=\"og:site_name\" content=\"Libairie Clavreuil\" \/>\n<meta property=\"article:modified_time\" content=\"2024-05-23T17:18:39+00:00\" \/>\n<meta property=\"og:image\" content=\"https:\/\/www.librairieclavreuil.com\/wp-content\/uploads\/2024\/04\/francois-fortin-de-gramont-les-ruses-innocentes-dans-lesquelles-se-voit-comment-on-prend-les-oyseaux-passagers-les-non-passagers-de-plusieurs-sortes-d-768x1024.jpg\" \/>\n\t<meta property=\"og:image:width\" content=\"768\" \/>\n\t<meta property=\"og:image:height\" content=\"1024\" \/>\n\t<meta property=\"og:image:type\" content=\"image\/jpeg\" \/>\n<meta name=\"twitter:card\" content=\"summary_large_image\" \/>\n<script type=\"application\/ld+json\" class=\"yoast-schema-graph\">{\"@context\":\"https:\/\/schema.org\",\"@graph\":[{\"@type\":\"WebPage\",\"@id\":\"https:\/\/www.librairieclavreuil.com\/produit\/fortin-de-gramont-francois-les-ruses-innocentes-dans-lesquelles-se-voit-comment-on-prend-les-oyseaux-passagers-les-non-passagers-de-plusieurs-sortes-de-betes-a-quatre-pieds-avec-les-plu\/\",\"url\":\"https:\/\/www.librairieclavreuil.com\/produit\/fortin-de-gramont-francois-les-ruses-innocentes-dans-lesquelles-se-voit-comment-on-prend-les-oyseaux-passagers-les-non-passagers-de-plusieurs-sortes-de-betes-a-quatre-pieds-avec-les-plu\/\",\"name\":\"FORTIN DE GRAMONT Fran\u00e7ois Les ruses Innocentes dans lesquelles se voit comment on prend les Oyseaux passagers &amp; les non passagers: &amp; de plusieurs sortes de B\u00eates \u00e0 quatre pieds. Avec les plus beaux secrets de la p\u00eache dans les rivi\u00e8res &amp; dans les etangs. Et un Trait\u00e9 tres-utile pour la Chasse... - Libairie Clavreuil\",\"isPartOf\":{\"@id\":\"https:\/\/www.librairieclavreuil.com\/#website\"},\"primaryImageOfPage\":{\"@id\":\"https:\/\/www.librairieclavreuil.com\/produit\/fortin-de-gramont-francois-les-ruses-innocentes-dans-lesquelles-se-voit-comment-on-prend-les-oyseaux-passagers-les-non-passagers-de-plusieurs-sortes-de-betes-a-quatre-pieds-avec-les-plu\/#primaryimage\"},\"image\":{\"@id\":\"https:\/\/www.librairieclavreuil.com\/produit\/fortin-de-gramont-francois-les-ruses-innocentes-dans-lesquelles-se-voit-comment-on-prend-les-oyseaux-passagers-les-non-passagers-de-plusieurs-sortes-de-betes-a-quatre-pieds-avec-les-plu\/#primaryimage\"},\"thumbnailUrl\":\"https:\/\/www.librairieclavreuil.com\/wp-content\/uploads\/2024\/04\/francois-fortin-de-gramont-les-ruses-innocentes-dans-lesquelles-se-voit-comment-on-prend-les-oyseaux-passagers-les-non-passagers-de-plusieurs-sortes-d.jpg\",\"datePublished\":\"2024-04-24T17:02:49+00:00\",\"dateModified\":\"2024-05-23T17:18:39+00:00\",\"breadcrumb\":{\"@id\":\"https:\/\/www.librairieclavreuil.com\/produit\/fortin-de-gramont-francois-les-ruses-innocentes-dans-lesquelles-se-voit-comment-on-prend-les-oyseaux-passagers-les-non-passagers-de-plusieurs-sortes-de-betes-a-quatre-pieds-avec-les-plu\/#breadcrumb\"},\"inLanguage\":\"en-US\",\"potentialAction\":[{\"@type\":\"ReadAction\",\"target\":[\"https:\/\/www.librairieclavreuil.com\/produit\/fortin-de-gramont-francois-les-ruses-innocentes-dans-lesquelles-se-voit-comment-on-prend-les-oyseaux-passagers-les-non-passagers-de-plusieurs-sortes-de-betes-a-quatre-pieds-avec-les-plu\/\"]}]},{\"@type\":\"ImageObject\",\"inLanguage\":\"en-US\",\"@id\":\"https:\/\/www.librairieclavreuil.com\/produit\/fortin-de-gramont-francois-les-ruses-innocentes-dans-lesquelles-se-voit-comment-on-prend-les-oyseaux-passagers-les-non-passagers-de-plusieurs-sortes-de-betes-a-quatre-pieds-avec-les-plu\/#primaryimage\",\"url\":\"https:\/\/www.librairieclavreuil.com\/wp-content\/uploads\/2024\/04\/francois-fortin-de-gramont-les-ruses-innocentes-dans-lesquelles-se-voit-comment-on-prend-les-oyseaux-passagers-les-non-passagers-de-plusieurs-sortes-d.jpg\",\"contentUrl\":\"https:\/\/www.librairieclavreuil.com\/wp-content\/uploads\/2024\/04\/francois-fortin-de-gramont-les-ruses-innocentes-dans-lesquelles-se-voit-comment-on-prend-les-oyseaux-passagers-les-non-passagers-de-plusieurs-sortes-d.jpg\",\"width\":1895,\"height\":2527},{\"@type\":\"BreadcrumbList\",\"@id\":\"https:\/\/www.librairieclavreuil.com\/produit\/fortin-de-gramont-francois-les-ruses-innocentes-dans-lesquelles-se-voit-comment-on-prend-les-oyseaux-passagers-les-non-passagers-de-plusieurs-sortes-de-betes-a-quatre-pieds-avec-les-plu\/#breadcrumb\",\"itemListElement\":[{\"@type\":\"ListItem\",\"position\":1,\"name\":\"Accueil\",\"item\":\"https:\/\/www.librairieclavreuil.com\/\"},{\"@type\":\"ListItem\",\"position\":2,\"name\":\"All our books\",\"item\":\"https:\/\/www.librairieclavreuil.com\/en\/all-our-books\/\"},{\"@type\":\"ListItem\",\"position\":3,\"name\":\"FORTIN DE GRAMONT Fran\u00e7ois Les ruses Innocentes dans...\"}]},{\"@type\":\"WebSite\",\"@id\":\"https:\/\/www.librairieclavreuil.com\/#website\",\"url\":\"https:\/\/www.librairieclavreuil.com\/\",\"name\":\"Libairie Clavreuil\",\"description\":\"Livres anciens, manuscrits rares et \u00e9ditions originales \u2013 Librairie Clavreuil\",\"publisher\":{\"@id\":\"https:\/\/www.librairieclavreuil.com\/#organization\"},\"potentialAction\":[{\"@type\":\"SearchAction\",\"target\":{\"@type\":\"EntryPoint\",\"urlTemplate\":\"https:\/\/www.librairieclavreuil.com\/?s={search_term_string}\"},\"query-input\":{\"@type\":\"PropertyValueSpecification\",\"valueRequired\":true,\"valueName\":\"search_term_string\"}}],\"inLanguage\":\"en-US\"},{\"@type\":\"Organization\",\"@id\":\"https:\/\/www.librairieclavreuil.com\/#organization\",\"name\":\"Libairie Clavreuil\",\"url\":\"https:\/\/www.librairieclavreuil.com\/\",\"logo\":{\"@type\":\"ImageObject\",\"inLanguage\":\"en-US\",\"@id\":\"https:\/\/www.librairieclavreuil.com\/#\/schema\/logo\/image\/\",\"url\":\"https:\/\/www.librairieclavreuil.com\/wp-content\/uploads\/2021\/06\/cropped-LOGO_PNG_DATE-_gold-512x512-1.png\",\"contentUrl\":\"https:\/\/www.librairieclavreuil.com\/wp-content\/uploads\/2021\/06\/cropped-LOGO_PNG_DATE-_gold-512x512-1.png\",\"width\":512,\"height\":512,\"caption\":\"Libairie Clavreuil\"},\"image\":{\"@id\":\"https:\/\/www.librairieclavreuil.com\/#\/schema\/logo\/image\/\"},\"sameAs\":[\"https:\/\/www.instagram.com\/librairieclavreuil\/\"]}]}<\/script>\n<!-- \/ Yoast SEO plugin. -->","yoast_head_json":{"title":"FORTIN DE GRAMONT Fran\u00e7ois Les ruses Innocentes dans lesquelles se voit comment on prend les Oyseaux passagers &amp; les non passagers: &amp; de plusieurs sortes de B\u00eates \u00e0 quatre pieds. Avec les plus beaux secrets de la p\u00eache dans les rivi\u00e8res &amp; dans les etangs. Et un Trait\u00e9 tres-utile pour la Chasse... - Libairie Clavreuil","robots":{"index":"index","follow":"follow","max-snippet":"max-snippet:-1","max-image-preview":"max-image-preview:large","max-video-preview":"max-video-preview:-1"},"canonical":"https:\/\/www.librairieclavreuil.com\/produit\/fortin-de-gramont-francois-les-ruses-innocentes-dans-lesquelles-se-voit-comment-on-prend-les-oyseaux-passagers-les-non-passagers-de-plusieurs-sortes-de-betes-a-quatre-pieds-avec-les-plu\/","og_locale":"en_US","og_type":"article","og_title":"FORTIN DE GRAMONT Fran\u00e7ois Les ruses Innocentes dans lesquelles se voit comment on prend les Oyseaux passagers &amp; les non passagers: &amp; de plusieurs sortes de B\u00eates \u00e0 quatre pieds. Avec les plus beaux secrets de la p\u00eache dans les rivi\u00e8res &amp; dans les etangs. Et un Trait\u00e9 tres-utile pour la Chasse... - Libairie Clavreuil","og_description":"4to (282 x 203 mm) 8 un.ll., 445 pp., 11 pp., 66 woodcut plates included into pagination. Contemporary marbled calf, spine gilt with raised bands.","og_url":"https:\/\/www.librairieclavreuil.com\/produit\/fortin-de-gramont-francois-les-ruses-innocentes-dans-lesquelles-se-voit-comment-on-prend-les-oyseaux-passagers-les-non-passagers-de-plusieurs-sortes-de-betes-a-quatre-pieds-avec-les-plu\/","og_site_name":"Libairie Clavreuil","article_modified_time":"2024-05-23T17:18:39+00:00","og_image":[{"width":768,"height":1024,"url":"https:\/\/www.librairieclavreuil.com\/wp-content\/uploads\/2024\/04\/francois-fortin-de-gramont-les-ruses-innocentes-dans-lesquelles-se-voit-comment-on-prend-les-oyseaux-passagers-les-non-passagers-de-plusieurs-sortes-d-768x1024.jpg","type":"image\/jpeg"}],"twitter_card":"summary_large_image","schema":{"@context":"https:\/\/schema.org","@graph":[{"@type":"WebPage","@id":"https:\/\/www.librairieclavreuil.com\/produit\/fortin-de-gramont-francois-les-ruses-innocentes-dans-lesquelles-se-voit-comment-on-prend-les-oyseaux-passagers-les-non-passagers-de-plusieurs-sortes-de-betes-a-quatre-pieds-avec-les-plu\/","url":"https:\/\/www.librairieclavreuil.com\/produit\/fortin-de-gramont-francois-les-ruses-innocentes-dans-lesquelles-se-voit-comment-on-prend-les-oyseaux-passagers-les-non-passagers-de-plusieurs-sortes-de-betes-a-quatre-pieds-avec-les-plu\/","name":"FORTIN DE GRAMONT Fran\u00e7ois Les ruses Innocentes dans lesquelles se voit comment on prend les Oyseaux passagers &amp; les non passagers: &amp; de plusieurs sortes de B\u00eates \u00e0 quatre pieds. Avec les plus beaux secrets de la p\u00eache dans les rivi\u00e8res &amp; dans les etangs. Et un Trait\u00e9 tres-utile pour la Chasse... - Libairie Clavreuil","isPartOf":{"@id":"https:\/\/www.librairieclavreuil.com\/#website"},"primaryImageOfPage":{"@id":"https:\/\/www.librairieclavreuil.com\/produit\/fortin-de-gramont-francois-les-ruses-innocentes-dans-lesquelles-se-voit-comment-on-prend-les-oyseaux-passagers-les-non-passagers-de-plusieurs-sortes-de-betes-a-quatre-pieds-avec-les-plu\/#primaryimage"},"image":{"@id":"https:\/\/www.librairieclavreuil.com\/produit\/fortin-de-gramont-francois-les-ruses-innocentes-dans-lesquelles-se-voit-comment-on-prend-les-oyseaux-passagers-les-non-passagers-de-plusieurs-sortes-de-betes-a-quatre-pieds-avec-les-plu\/#primaryimage"},"thumbnailUrl":"https:\/\/www.librairieclavreuil.com\/wp-content\/uploads\/2024\/04\/francois-fortin-de-gramont-les-ruses-innocentes-dans-lesquelles-se-voit-comment-on-prend-les-oyseaux-passagers-les-non-passagers-de-plusieurs-sortes-d.jpg","datePublished":"2024-04-24T17:02:49+00:00","dateModified":"2024-05-23T17:18:39+00:00","breadcrumb":{"@id":"https:\/\/www.librairieclavreuil.com\/produit\/fortin-de-gramont-francois-les-ruses-innocentes-dans-lesquelles-se-voit-comment-on-prend-les-oyseaux-passagers-les-non-passagers-de-plusieurs-sortes-de-betes-a-quatre-pieds-avec-les-plu\/#breadcrumb"},"inLanguage":"en-US","potentialAction":[{"@type":"ReadAction","target":["https:\/\/www.librairieclavreuil.com\/produit\/fortin-de-gramont-francois-les-ruses-innocentes-dans-lesquelles-se-voit-comment-on-prend-les-oyseaux-passagers-les-non-passagers-de-plusieurs-sortes-de-betes-a-quatre-pieds-avec-les-plu\/"]}]},{"@type":"ImageObject","inLanguage":"en-US","@id":"https:\/\/www.librairieclavreuil.com\/produit\/fortin-de-gramont-francois-les-ruses-innocentes-dans-lesquelles-se-voit-comment-on-prend-les-oyseaux-passagers-les-non-passagers-de-plusieurs-sortes-de-betes-a-quatre-pieds-avec-les-plu\/#primaryimage","url":"https:\/\/www.librairieclavreuil.com\/wp-content\/uploads\/2024\/04\/francois-fortin-de-gramont-les-ruses-innocentes-dans-lesquelles-se-voit-comment-on-prend-les-oyseaux-passagers-les-non-passagers-de-plusieurs-sortes-d.jpg","contentUrl":"https:\/\/www.librairieclavreuil.com\/wp-content\/uploads\/2024\/04\/francois-fortin-de-gramont-les-ruses-innocentes-dans-lesquelles-se-voit-comment-on-prend-les-oyseaux-passagers-les-non-passagers-de-plusieurs-sortes-d.jpg","width":1895,"height":2527},{"@type":"BreadcrumbList","@id":"https:\/\/www.librairieclavreuil.com\/produit\/fortin-de-gramont-francois-les-ruses-innocentes-dans-lesquelles-se-voit-comment-on-prend-les-oyseaux-passagers-les-non-passagers-de-plusieurs-sortes-de-betes-a-quatre-pieds-avec-les-plu\/#breadcrumb","itemListElement":[{"@type":"ListItem","position":1,"name":"Accueil","item":"https:\/\/www.librairieclavreuil.com\/"},{"@type":"ListItem","position":2,"name":"All our books","item":"https:\/\/www.librairieclavreuil.com\/en\/all-our-books\/"},{"@type":"ListItem","position":3,"name":"FORTIN DE GRAMONT Fran\u00e7ois Les ruses Innocentes dans..."}]},{"@type":"WebSite","@id":"https:\/\/www.librairieclavreuil.com\/#website","url":"https:\/\/www.librairieclavreuil.com\/","name":"Libairie Clavreuil","description":"Livres anciens, manuscrits rares et \u00e9ditions originales \u2013 Librairie Clavreuil","publisher":{"@id":"https:\/\/www.librairieclavreuil.com\/#organization"},"potentialAction":[{"@type":"SearchAction","target":{"@type":"EntryPoint","urlTemplate":"https:\/\/www.librairieclavreuil.com\/?s={search_term_string}"},"query-input":{"@type":"PropertyValueSpecification","valueRequired":true,"valueName":"search_term_string"}}],"inLanguage":"en-US"},{"@type":"Organization","@id":"https:\/\/www.librairieclavreuil.com\/#organization","name":"Libairie Clavreuil","url":"https:\/\/www.librairieclavreuil.com\/","logo":{"@type":"ImageObject","inLanguage":"en-US","@id":"https:\/\/www.librairieclavreuil.com\/#\/schema\/logo\/image\/","url":"https:\/\/www.librairieclavreuil.com\/wp-content\/uploads\/2021\/06\/cropped-LOGO_PNG_DATE-_gold-512x512-1.png","contentUrl":"https:\/\/www.librairieclavreuil.com\/wp-content\/uploads\/2021\/06\/cropped-LOGO_PNG_DATE-_gold-512x512-1.png","width":512,"height":512,"caption":"Libairie Clavreuil"},"image":{"@id":"https:\/\/www.librairieclavreuil.com\/#\/schema\/logo\/image\/"},"sameAs":["https:\/\/www.instagram.com\/librairieclavreuil\/"]}]}},"jetpack_sharing_enabled":true,"_links":{"self":[{"href":"https:\/\/www.librairieclavreuil.com\/en\/wp-json\/wp\/v2\/product\/76121","targetHints":{"allow":["GET"]}}],"collection":[{"href":"https:\/\/www.librairieclavreuil.com\/en\/wp-json\/wp\/v2\/product"}],"about":[{"href":"https:\/\/www.librairieclavreuil.com\/en\/wp-json\/wp\/v2\/types\/product"}],"replies":[{"embeddable":true,"href":"https:\/\/www.librairieclavreuil.com\/en\/wp-json\/wp\/v2\/comments?post=76121"}],"wp:featuredmedia":[{"embeddable":true,"href":"https:\/\/www.librairieclavreuil.com\/en\/wp-json\/wp\/v2\/media\/76102"}],"wp:attachment":[{"href":"https:\/\/www.librairieclavreuil.com\/en\/wp-json\/wp\/v2\/media?parent=76121"}],"wp:term":[{"taxonomy":"product_brand","embeddable":true,"href":"https:\/\/www.librairieclavreuil.com\/en\/wp-json\/wp\/v2\/product_brand?post=76121"},{"taxonomy":"product_cat","embeddable":true,"href":"https:\/\/www.librairieclavreuil.com\/en\/wp-json\/wp\/v2\/product_cat?post=76121"},{"taxonomy":"product_tag","embeddable":true,"href":"https:\/\/www.librairieclavreuil.com\/en\/wp-json\/wp\/v2\/product_tag?post=76121"}],"curies":[{"name":"wp","href":"https:\/\/api.w.org\/{rel}","templated":true}]}}