{"id":76022,"date":"2024-04-24T18:48:03","date_gmt":"2024-04-24T16:48:03","guid":{"rendered":"https:\/\/clavreuil-wordpress.logiciel-arteo.fr\/ridinger-johann-elias-recueil-de-9-suites-gravees\/"},"modified":"2025-07-04T16:08:11","modified_gmt":"2025-07-04T14:08:11","slug":"ridinger-johann-elias-recueil-de-9-suites-gravees","status":"publish","type":"product","link":"https:\/\/www.librairieclavreuil.com\/en\/ridinger-johann-elias-recueil-de-9-suites-gravees\/","title":{"rendered":"RIDINGER Johann Elias Recueil de 9 suites grav\u00e9es."},"content":{"rendered":"<p style=\"text-align:justify\"><i>Thienemann, Ridinger, 99ff.<\/i><\/p>\n<p style=\"text-align:justify\">A very fine collection of 9 complete suites (with 99 plates) of famous hunting and falconry suites by the great German master of the art of animal engraving, Johann Elias Ridinger (1698-1767). Along with Jean-Baptiste Oudry, he is regarded as one of the finest animal engravers of the 18th century. The collection contains two fine suites engraved in medallions (8 plates), as well as the rare complete suite of <i>B\u00eates f\u00e9roces<\/i> (8 plates) and <i>Accidents de la chasse<\/i> (45 plates plus title).<\/p>\n<p style=\"text-align:justify\">Content :<\/p>\n<p style=\"text-align:justify\"><strong>1.<\/strong> Chasse et fauconnerie. 25 plates. <i>No date.<\/i>&nbsp;Published without title (see Thienemann, 114-138).<\/p>\n<p style=\"text-align:justify\"><strong>2.<\/strong> Chasses de b\u00eates f\u00e9roces. 8 plates : Lion et cheval ; Auroch et tigre ; Ours et Lionne et ses petits ; L\u00e9opard et \u00e2ne ; Lion et hippopotame ; \u00c9l\u00e9phant et rhinoc\u00e9ros ; Lynx (pardelle) et chameau ; Buffle et crocodile. (Thienemann, 716-1723).<\/p>\n<p style=\"text-align:justify\"><strong>3.<\/strong> Canards chass\u00e9s par renards et par chats. <i>1770<\/i>. 2 plates. (Thienemann, 389-390).<\/p>\n<p style=\"text-align:justify\"><strong>4.<\/strong> Les quatre parties du jour du cerf. <i>No date.<\/i> 4 plates. Engraved medallions, with titles in Latin. (Thienemann, 238-241).<\/p>\n<p style=\"text-align:justify\"><strong>5.<\/strong> Les Quatre saisons du chasseur. <i>No date.<\/i> 4 plates. Engraved medallions, with titles in German and Latin. (Thienemann, 109-112).<\/p>\n<p style=\"text-align:justify\"><strong>6.<\/strong> Accidents et \u00e9v\u00e9nemens particuliers \u00e0 la chasse. <i>J.E. Ridinger del. 1752, M.E. Ridinger filio sc.&nbsp;1778.<\/i> Title and 45 engraved and numbered plates (title bound at head of the collection). (Thienemann, 343-388).<\/p>\n<p style=\"text-align:justify\"><strong>7.<\/strong> Traitement du cerf et du li\u00e8vre. <i>No date.<\/i>&nbsp;2 plates. (Thienemann, 99-100).<\/p>\n<p style=\"text-align:justify\"><strong>8.<\/strong> Hiboux et rapaces. <i>1763<\/i>. 4 plates. (Thienemann, 755-758).<\/p>\n<p style=\"text-align:justify\"><strong>9.<\/strong> Ornithologie avec l\u00e9gendes bibliques. <i>1749<\/i>. 4 plates. (Thienemann, 759-762).<\/p>\n<p style=\"text-align:justify\">All engravings with deckled edges and mounted on stubbs. Two or three plates slightly toned. A very fine set of emblematic suites illustrating hunting engraved by Ridinger.<\/p>\n","protected":false},"excerpt":{"rendered":"<p style=\"text-align:justify\">Large folio (515 x 395 mm). Collection of 9 suites containing a total of 99 engraved plates (including a title). 19th century French half red-morocco, flat spine gilt, lettering in French &#8216;Oeuvres de Ridinger&#8217; (<i>some expert restorations to head and foot of spine<\/i>)<\/p>\n","protected":false},"featured_media":76011,"comment_status":"open","ping_status":"closed","template":"","meta":{"_acf_changed":false},"product_brand":[],"product_cat":[534],"product_tag":[566],"class_list":{"0":"post-76022","1":"product","2":"type-product","3":"status-publish","4":"has-post-thumbnail","6":"product_cat-hunting","7":"product_tag-hunting","8":"pa_auteur-ridinger-johann-elias-2","9":"pa_type-de-livre-printed-book","11":"first","12":"instock","13":"shipping-taxable","14":"purchasable","15":"product-type-simple"},"acf":{"artist":" Johann Elias RIDINGER","chapeau":"99 Hunting plates by Ridinger","adresse_bibliographique":"Augsbourg, 1749-1778","book_type":"Printed book","provenance":"","afficher_prix":""},"yoast_head":"<!-- This site is optimized with the Yoast SEO plugin v24.7 - https:\/\/yoast.com\/wordpress\/plugins\/seo\/ -->\n<title>RIDINGER Johann Elias Recueil de 9 suites grav\u00e9es. - Libairie Clavreuil<\/title>\n<meta name=\"robots\" content=\"index, follow, max-snippet:-1, max-image-preview:large, max-video-preview:-1\" \/>\n<link rel=\"canonical\" href=\"https:\/\/www.librairieclavreuil.com\/en\/ridinger-johann-elias-recueil-de-9-suites-gravees\/\" \/>\n<meta property=\"og:locale\" content=\"en_US\" \/>\n<meta property=\"og:type\" content=\"article\" \/>\n<meta property=\"og:title\" content=\"RIDINGER Johann Elias Recueil de 9 suites grav\u00e9es. - Libairie Clavreuil\" \/>\n<meta property=\"og:description\" content=\"Large folio (515 x 395 mm). Collection of 9 suites containing a total of 99 engraved plates (including a title). 19th century French half red-morocco, flat spine gilt, lettering in French &#039;Oeuvres de Ridinger&#039; (some expert restorations to head and foot of spine)\" \/>\n<meta property=\"og:url\" content=\"https:\/\/www.librairieclavreuil.com\/en\/ridinger-johann-elias-recueil-de-9-suites-gravees\/\" \/>\n<meta property=\"og:site_name\" content=\"Libairie Clavreuil\" \/>\n<meta property=\"article:modified_time\" content=\"2025-07-04T14:08:11+00:00\" \/>\n<meta property=\"og:image\" content=\"https:\/\/www.librairieclavreuil.com\/wp-content\/uploads\/2024\/04\/johann-elias-ridinger-recueil-de-9-suites-gravees-8368-65f97ef355417-792x1024.jpg\" \/>\n\t<meta property=\"og:image:width\" content=\"792\" \/>\n\t<meta property=\"og:image:height\" content=\"1024\" \/>\n\t<meta property=\"og:image:type\" content=\"image\/jpeg\" \/>\n<meta name=\"twitter:card\" content=\"summary_large_image\" \/>\n<meta name=\"twitter:label1\" content=\"Est. reading time\" \/>\n\t<meta name=\"twitter:data1\" content=\"1 minute\" \/>\n<script type=\"application\/ld+json\" class=\"yoast-schema-graph\">{\"@context\":\"https:\/\/schema.org\",\"@graph\":[{\"@type\":\"WebPage\",\"@id\":\"https:\/\/www.librairieclavreuil.com\/en\/ridinger-johann-elias-recueil-de-9-suites-gravees\/\",\"url\":\"https:\/\/www.librairieclavreuil.com\/en\/ridinger-johann-elias-recueil-de-9-suites-gravees\/\",\"name\":\"RIDINGER Johann Elias Recueil de 9 suites grav\u00e9es. - Libairie Clavreuil\",\"isPartOf\":{\"@id\":\"https:\/\/www.librairieclavreuil.com\/#website\"},\"primaryImageOfPage\":{\"@id\":\"https:\/\/www.librairieclavreuil.com\/en\/ridinger-johann-elias-recueil-de-9-suites-gravees\/#primaryimage\"},\"image\":{\"@id\":\"https:\/\/www.librairieclavreuil.com\/en\/ridinger-johann-elias-recueil-de-9-suites-gravees\/#primaryimage\"},\"thumbnailUrl\":\"https:\/\/www.librairieclavreuil.com\/wp-content\/uploads\/2024\/04\/johann-elias-ridinger-recueil-de-9-suites-gravees-8368-65f97ef355417.jpg\",\"datePublished\":\"2024-04-24T16:48:03+00:00\",\"dateModified\":\"2025-07-04T14:08:11+00:00\",\"breadcrumb\":{\"@id\":\"https:\/\/www.librairieclavreuil.com\/en\/ridinger-johann-elias-recueil-de-9-suites-gravees\/#breadcrumb\"},\"inLanguage\":\"en-US\",\"potentialAction\":[{\"@type\":\"ReadAction\",\"target\":[\"https:\/\/www.librairieclavreuil.com\/en\/ridinger-johann-elias-recueil-de-9-suites-gravees\/\"]}]},{\"@type\":\"ImageObject\",\"inLanguage\":\"en-US\",\"@id\":\"https:\/\/www.librairieclavreuil.com\/en\/ridinger-johann-elias-recueil-de-9-suites-gravees\/#primaryimage\",\"url\":\"https:\/\/www.librairieclavreuil.com\/wp-content\/uploads\/2024\/04\/johann-elias-ridinger-recueil-de-9-suites-gravees-8368-65f97ef355417.jpg\",\"contentUrl\":\"https:\/\/www.librairieclavreuil.com\/wp-content\/uploads\/2024\/04\/johann-elias-ridinger-recueil-de-9-suites-gravees-8368-65f97ef355417.jpg\",\"width\":1519,\"height\":1964},{\"@type\":\"BreadcrumbList\",\"@id\":\"https:\/\/www.librairieclavreuil.com\/en\/ridinger-johann-elias-recueil-de-9-suites-gravees\/#breadcrumb\",\"itemListElement\":[{\"@type\":\"ListItem\",\"position\":1,\"name\":\"Accueil\",\"item\":\"https:\/\/www.librairieclavreuil.com\/\"},{\"@type\":\"ListItem\",\"position\":2,\"name\":\"All our books\",\"item\":\"https:\/\/www.librairieclavreuil.com\/en\/all-our-books\/\"},{\"@type\":\"ListItem\",\"position\":3,\"name\":\"RIDINGER Johann Elias Recueil de 9 suites grav\u00e9es.\"}]},{\"@type\":\"WebSite\",\"@id\":\"https:\/\/www.librairieclavreuil.com\/#website\",\"url\":\"https:\/\/www.librairieclavreuil.com\/\",\"name\":\"Libairie Clavreuil\",\"description\":\"Livres anciens, manuscrits rares et \u00e9ditions originales \u2013 Librairie Clavreuil\",\"publisher\":{\"@id\":\"https:\/\/www.librairieclavreuil.com\/#organization\"},\"potentialAction\":[{\"@type\":\"SearchAction\",\"target\":{\"@type\":\"EntryPoint\",\"urlTemplate\":\"https:\/\/www.librairieclavreuil.com\/?s={search_term_string}\"},\"query-input\":{\"@type\":\"PropertyValueSpecification\",\"valueRequired\":true,\"valueName\":\"search_term_string\"}}],\"inLanguage\":\"en-US\"},{\"@type\":\"Organization\",\"@id\":\"https:\/\/www.librairieclavreuil.com\/#organization\",\"name\":\"Libairie Clavreuil\",\"url\":\"https:\/\/www.librairieclavreuil.com\/\",\"logo\":{\"@type\":\"ImageObject\",\"inLanguage\":\"en-US\",\"@id\":\"https:\/\/www.librairieclavreuil.com\/#\/schema\/logo\/image\/\",\"url\":\"https:\/\/www.librairieclavreuil.com\/wp-content\/uploads\/2021\/06\/cropped-LOGO_PNG_DATE-_gold-512x512-1.png\",\"contentUrl\":\"https:\/\/www.librairieclavreuil.com\/wp-content\/uploads\/2021\/06\/cropped-LOGO_PNG_DATE-_gold-512x512-1.png\",\"width\":512,\"height\":512,\"caption\":\"Libairie Clavreuil\"},\"image\":{\"@id\":\"https:\/\/www.librairieclavreuil.com\/#\/schema\/logo\/image\/\"},\"sameAs\":[\"https:\/\/www.instagram.com\/librairieclavreuil\/\"]}]}<\/script>\n<!-- \/ Yoast SEO plugin. -->","yoast_head_json":{"title":"RIDINGER Johann Elias Recueil de 9 suites grav\u00e9es. - Libairie Clavreuil","robots":{"index":"index","follow":"follow","max-snippet":"max-snippet:-1","max-image-preview":"max-image-preview:large","max-video-preview":"max-video-preview:-1"},"canonical":"https:\/\/www.librairieclavreuil.com\/en\/ridinger-johann-elias-recueil-de-9-suites-gravees\/","og_locale":"en_US","og_type":"article","og_title":"RIDINGER Johann Elias Recueil de 9 suites grav\u00e9es. - Libairie Clavreuil","og_description":"Large folio (515 x 395 mm). Collection of 9 suites containing a total of 99 engraved plates (including a title). 19th century French half red-morocco, flat spine gilt, lettering in French 'Oeuvres de Ridinger' (some expert restorations to head and foot of spine)","og_url":"https:\/\/www.librairieclavreuil.com\/en\/ridinger-johann-elias-recueil-de-9-suites-gravees\/","og_site_name":"Libairie Clavreuil","article_modified_time":"2025-07-04T14:08:11+00:00","og_image":[{"width":792,"height":1024,"url":"https:\/\/www.librairieclavreuil.com\/wp-content\/uploads\/2024\/04\/johann-elias-ridinger-recueil-de-9-suites-gravees-8368-65f97ef355417-792x1024.jpg","type":"image\/jpeg"}],"twitter_card":"summary_large_image","twitter_misc":{"Est. reading time":"1 minute"},"schema":{"@context":"https:\/\/schema.org","@graph":[{"@type":"WebPage","@id":"https:\/\/www.librairieclavreuil.com\/en\/ridinger-johann-elias-recueil-de-9-suites-gravees\/","url":"https:\/\/www.librairieclavreuil.com\/en\/ridinger-johann-elias-recueil-de-9-suites-gravees\/","name":"RIDINGER Johann Elias Recueil de 9 suites grav\u00e9es. - Libairie Clavreuil","isPartOf":{"@id":"https:\/\/www.librairieclavreuil.com\/#website"},"primaryImageOfPage":{"@id":"https:\/\/www.librairieclavreuil.com\/en\/ridinger-johann-elias-recueil-de-9-suites-gravees\/#primaryimage"},"image":{"@id":"https:\/\/www.librairieclavreuil.com\/en\/ridinger-johann-elias-recueil-de-9-suites-gravees\/#primaryimage"},"thumbnailUrl":"https:\/\/www.librairieclavreuil.com\/wp-content\/uploads\/2024\/04\/johann-elias-ridinger-recueil-de-9-suites-gravees-8368-65f97ef355417.jpg","datePublished":"2024-04-24T16:48:03+00:00","dateModified":"2025-07-04T14:08:11+00:00","breadcrumb":{"@id":"https:\/\/www.librairieclavreuil.com\/en\/ridinger-johann-elias-recueil-de-9-suites-gravees\/#breadcrumb"},"inLanguage":"en-US","potentialAction":[{"@type":"ReadAction","target":["https:\/\/www.librairieclavreuil.com\/en\/ridinger-johann-elias-recueil-de-9-suites-gravees\/"]}]},{"@type":"ImageObject","inLanguage":"en-US","@id":"https:\/\/www.librairieclavreuil.com\/en\/ridinger-johann-elias-recueil-de-9-suites-gravees\/#primaryimage","url":"https:\/\/www.librairieclavreuil.com\/wp-content\/uploads\/2024\/04\/johann-elias-ridinger-recueil-de-9-suites-gravees-8368-65f97ef355417.jpg","contentUrl":"https:\/\/www.librairieclavreuil.com\/wp-content\/uploads\/2024\/04\/johann-elias-ridinger-recueil-de-9-suites-gravees-8368-65f97ef355417.jpg","width":1519,"height":1964},{"@type":"BreadcrumbList","@id":"https:\/\/www.librairieclavreuil.com\/en\/ridinger-johann-elias-recueil-de-9-suites-gravees\/#breadcrumb","itemListElement":[{"@type":"ListItem","position":1,"name":"Accueil","item":"https:\/\/www.librairieclavreuil.com\/"},{"@type":"ListItem","position":2,"name":"All our books","item":"https:\/\/www.librairieclavreuil.com\/en\/all-our-books\/"},{"@type":"ListItem","position":3,"name":"RIDINGER Johann Elias Recueil de 9 suites grav\u00e9es."}]},{"@type":"WebSite","@id":"https:\/\/www.librairieclavreuil.com\/#website","url":"https:\/\/www.librairieclavreuil.com\/","name":"Libairie Clavreuil","description":"Livres anciens, manuscrits rares et \u00e9ditions originales \u2013 Librairie Clavreuil","publisher":{"@id":"https:\/\/www.librairieclavreuil.com\/#organization"},"potentialAction":[{"@type":"SearchAction","target":{"@type":"EntryPoint","urlTemplate":"https:\/\/www.librairieclavreuil.com\/?s={search_term_string}"},"query-input":{"@type":"PropertyValueSpecification","valueRequired":true,"valueName":"search_term_string"}}],"inLanguage":"en-US"},{"@type":"Organization","@id":"https:\/\/www.librairieclavreuil.com\/#organization","name":"Libairie Clavreuil","url":"https:\/\/www.librairieclavreuil.com\/","logo":{"@type":"ImageObject","inLanguage":"en-US","@id":"https:\/\/www.librairieclavreuil.com\/#\/schema\/logo\/image\/","url":"https:\/\/www.librairieclavreuil.com\/wp-content\/uploads\/2021\/06\/cropped-LOGO_PNG_DATE-_gold-512x512-1.png","contentUrl":"https:\/\/www.librairieclavreuil.com\/wp-content\/uploads\/2021\/06\/cropped-LOGO_PNG_DATE-_gold-512x512-1.png","width":512,"height":512,"caption":"Libairie Clavreuil"},"image":{"@id":"https:\/\/www.librairieclavreuil.com\/#\/schema\/logo\/image\/"},"sameAs":["https:\/\/www.instagram.com\/librairieclavreuil\/"]}]}},"jetpack_sharing_enabled":true,"_links":{"self":[{"href":"https:\/\/www.librairieclavreuil.com\/en\/wp-json\/wp\/v2\/product\/76022","targetHints":{"allow":["GET"]}}],"collection":[{"href":"https:\/\/www.librairieclavreuil.com\/en\/wp-json\/wp\/v2\/product"}],"about":[{"href":"https:\/\/www.librairieclavreuil.com\/en\/wp-json\/wp\/v2\/types\/product"}],"replies":[{"embeddable":true,"href":"https:\/\/www.librairieclavreuil.com\/en\/wp-json\/wp\/v2\/comments?post=76022"}],"wp:featuredmedia":[{"embeddable":true,"href":"https:\/\/www.librairieclavreuil.com\/en\/wp-json\/wp\/v2\/media\/76011"}],"wp:attachment":[{"href":"https:\/\/www.librairieclavreuil.com\/en\/wp-json\/wp\/v2\/media?parent=76022"}],"wp:term":[{"taxonomy":"product_brand","embeddable":true,"href":"https:\/\/www.librairieclavreuil.com\/en\/wp-json\/wp\/v2\/product_brand?post=76022"},{"taxonomy":"product_cat","embeddable":true,"href":"https:\/\/www.librairieclavreuil.com\/en\/wp-json\/wp\/v2\/product_cat?post=76022"},{"taxonomy":"product_tag","embeddable":true,"href":"https:\/\/www.librairieclavreuil.com\/en\/wp-json\/wp\/v2\/product_tag?post=76022"}],"curies":[{"name":"wp","href":"https:\/\/api.w.org\/{rel}","templated":true}]}}