{"id":75890,"date":"2024-04-24T18:18:12","date_gmt":"2024-04-24T16:18:12","guid":{"rendered":"https:\/\/clavreuil-wordpress.logiciel-arteo.fr\/la-roque-chevalier-jean-de-voyage-de-larabie-heureuse-par-locean-oriental-et-le-detroit-de-la-mer-rouge-fait-par-les-francois-pour-la-premiere-fois-dans-les-annees-1708-1709-1710\/"},"modified":"2024-07-19T16:22:44","modified_gmt":"2024-07-19T14:22:44","slug":"la-roque-chevalier-jean-de-voyage-de-larabie-heureuse-par-locean-oriental-et-le-detroit-de-la-mer-rouge-fait-par-les-francois-pour-la-premiere-fois-dans-les-annees-1708-1709-1710","status":"publish","type":"product","link":"https:\/\/www.librairieclavreuil.com\/en\/la-roque-chevalier-jean-de-voyage-de-larabie-heureuse-par-locean-oriental-et-le-detroit-de-la-mer-rouge-fait-par-les-francois-pour-la-premiere-fois-dans-les-annees-1708-1709-1710\/","title":{"rendered":"LA ROQUE Chevalier Jean de Voyage de l&#8217;Arabie..."},"content":{"rendered":"<p><i>Gay, 3680 (&#8220;curieux ouvrage&#8221;) ; Atabey, 673;&nbsp; Bitting, 274 (for the Amsterdam edition).<\/i><\/p>\n<p>First edition.<\/p>\n<p><i>Voyage de l\u2019Arabie Heureuse<\/i> is written by the writer ans scientific editor Jean de La Roque based on original manuscripts or log books of the participants of the expedition. His account included details on Jemen, Madagascar, Socotra, Abyssina, including details on the people and scenery. <i>Le Voyage de l\u2019Arabie Heureuse <\/i>contains the account of the first expedition held between 1708 and 1710, together with the &#8220;Voyage de Moka \u00e0 la cour du roi d\u2019Y\u00e9men entre 1711 et 1713&#8221;.<\/p>\n<p>These two books are mainly concerned with exchange of goods and commerce including coffe, but also observations on traders in the Soukh, diplomatic excahnge in Jemen, and more. The detailed memoir on coffee &#8220;Trait\u00e9 historique de l&#8217;origine et du progr\u00e8s du caf\u00e9, tant dans l&#8217;Asie que dans l&#8217;Europe ; de son introduction en France, &amp; de l&#8217;\u00e9tablissement de son usage \u00e0 Paris&#8221;, is also included. The work is illustrated with a large engraved folding map, and three engraved plates depicting the coffee plant and its fruit.<\/p>\n<p><strong>[Together with :]<\/strong><\/p>\n<p><strong>[LA ROQUE, Jean de].<\/strong> Voyage fait par ordre du roy Louis XIV dans la Palestine, vers le grand Emir, chef des princes arabes du d\u00e9sert, connus sous le nom de B\u00e9do\u00fcins, ou arabes sc\u00e9nites&#8230; Avec la description g\u00e9n\u00e9rale de l&#8217;Arabie, faite par le sultan Isma\u00ebl Abulfeda, traduite en fran\u00e7ois. <i>Paris, Andr\u00e9 Cailleau, 1717.<\/i> 12mo de 16 ff.n.ch. (including ), 316 pp., 1 nn.l., XIV &amp; 76 pp., 4 nn.ll. (table).<\/p>\n<p><i>Brunet, III, 850 ; not in R\u00f6hricht.<\/i><\/p>\n<p>First edition.<\/p>\n<p>Illustrated with 3 engraved plates showing a noble Arab, the Emir and his Princess, and a view of &#8220;Camp des arabes sur le mont Carmel du cost\u00e9 de la ville de Caifa&#8221;.<\/p>\n<p>Fine set of two first editions uniformly bound.<\/p>\n<p>Provenance: Claude Gabriel Do\u00fcet de Vichy (book plate).<\/p>\n","protected":false},"excerpt":{"rendered":"<p>12mo (164 x 92 mm) 8 nn.ll. (including title), 403 pp., 6 nn.ll.(table and privil\u00e8ge). Contemporary polished calf, spine gilt with raised bands.<\/p>\n","protected":false},"featured_media":75881,"comment_status":"open","ping_status":"closed","template":"","meta":{"_acf_changed":false},"product_brand":[],"product_cat":[552],"product_tag":[1254,1450,620],"class_list":{"0":"post-75890","1":"product","2":"type-product","3":"status-publish","4":"has-post-thumbnail","6":"product_cat-travel","7":"product_tag-arabic","8":"product_tag-first-edition","9":"product_tag-travel","10":"pa_auteur-la-roque-chevalier-jean-de-2","11":"pa_type-de-livre-printed-book","13":"first","14":"instock","15":"shipping-taxable","16":"purchasable","17":"product-type-simple"},"acf":{"artist":" Chevalier Jean de LA ROQUE","chapeau":"","adresse_bibliographique":"Paris, Cailleau, 1716","book_type":"Printed book","provenance":"","afficher_prix":""},"yoast_head":"<!-- This site is optimized with the Yoast SEO plugin v24.7 - https:\/\/yoast.com\/wordpress\/plugins\/seo\/ -->\n<title>LA ROQUE Chevalier Jean de Voyage de l&#039;Arabie Heureuse, Par l&#039;Ocean Oriental et le D\u00e9troit de la Mer Rouge. Fait par les Fran\u00e7ois pour la premi\u00e8re fois, dans les ann\u00e9es 1708, 1709 &amp; 1710. - Libairie Clavreuil<\/title>\n<meta name=\"robots\" content=\"index, follow, max-snippet:-1, max-image-preview:large, max-video-preview:-1\" \/>\n<link rel=\"canonical\" href=\"https:\/\/www.librairieclavreuil.com\/en\/la-roque-chevalier-jean-de-voyage-de-larabie-heureuse-par-locean-oriental-et-le-detroit-de-la-mer-rouge-fait-par-les-francois-pour-la-premiere-fois-dans-les-annees-1708-1709-1710\/\" \/>\n<meta property=\"og:locale\" content=\"en_US\" \/>\n<meta property=\"og:type\" content=\"article\" \/>\n<meta property=\"og:title\" content=\"LA ROQUE Chevalier Jean de Voyage de l&#039;Arabie Heureuse, Par l&#039;Ocean Oriental et le D\u00e9troit de la Mer Rouge. Fait par les Fran\u00e7ois pour la premi\u00e8re fois, dans les ann\u00e9es 1708, 1709 &amp; 1710. - Libairie Clavreuil\" \/>\n<meta property=\"og:description\" content=\"12mo (164 x 92 mm) 8 nn.ll. (including title), 403 pp., 6 nn.ll.(table and privil\u00e8ge). Contemporary polished calf, spine gilt with raised bands.\" \/>\n<meta property=\"og:url\" content=\"https:\/\/www.librairieclavreuil.com\/en\/la-roque-chevalier-jean-de-voyage-de-larabie-heureuse-par-locean-oriental-et-le-detroit-de-la-mer-rouge-fait-par-les-francois-pour-la-premiere-fois-dans-les-annees-1708-1709-1710\/\" \/>\n<meta property=\"og:site_name\" content=\"Libairie Clavreuil\" \/>\n<meta property=\"article:modified_time\" content=\"2024-07-19T14:22:44+00:00\" \/>\n<meta property=\"og:image\" content=\"https:\/\/www.librairieclavreuil.com\/wp-content\/uploads\/2024\/04\/chevalier-jean-de-la-roque-voyage-de-l-arabie-heureuse-par-l-ocean-oriental-et-le-detroit-de-la-mer-rouge-fait-par-les-francois-pour-la-premiere-fois--768x1024.jpg\" \/>\n\t<meta property=\"og:image:width\" content=\"768\" \/>\n\t<meta property=\"og:image:height\" content=\"1024\" \/>\n\t<meta property=\"og:image:type\" content=\"image\/jpeg\" \/>\n<meta name=\"twitter:card\" content=\"summary_large_image\" \/>\n<meta name=\"twitter:label1\" content=\"Est. reading time\" \/>\n\t<meta name=\"twitter:data1\" content=\"2 minutes\" \/>\n<script type=\"application\/ld+json\" class=\"yoast-schema-graph\">{\"@context\":\"https:\/\/schema.org\",\"@graph\":[{\"@type\":\"WebPage\",\"@id\":\"https:\/\/www.librairieclavreuil.com\/en\/la-roque-chevalier-jean-de-voyage-de-larabie-heureuse-par-locean-oriental-et-le-detroit-de-la-mer-rouge-fait-par-les-francois-pour-la-premiere-fois-dans-les-annees-1708-1709-1710\/\",\"url\":\"https:\/\/www.librairieclavreuil.com\/en\/la-roque-chevalier-jean-de-voyage-de-larabie-heureuse-par-locean-oriental-et-le-detroit-de-la-mer-rouge-fait-par-les-francois-pour-la-premiere-fois-dans-les-annees-1708-1709-1710\/\",\"name\":\"LA ROQUE Chevalier Jean de Voyage de l'Arabie Heureuse, Par l'Ocean Oriental et le D\u00e9troit de la Mer Rouge. Fait par les Fran\u00e7ois pour la premi\u00e8re fois, dans les ann\u00e9es 1708, 1709 &amp; 1710. - Libairie Clavreuil\",\"isPartOf\":{\"@id\":\"https:\/\/www.librairieclavreuil.com\/#website\"},\"primaryImageOfPage\":{\"@id\":\"https:\/\/www.librairieclavreuil.com\/en\/la-roque-chevalier-jean-de-voyage-de-larabie-heureuse-par-locean-oriental-et-le-detroit-de-la-mer-rouge-fait-par-les-francois-pour-la-premiere-fois-dans-les-annees-1708-1709-1710\/#primaryimage\"},\"image\":{\"@id\":\"https:\/\/www.librairieclavreuil.com\/en\/la-roque-chevalier-jean-de-voyage-de-larabie-heureuse-par-locean-oriental-et-le-detroit-de-la-mer-rouge-fait-par-les-francois-pour-la-premiere-fois-dans-les-annees-1708-1709-1710\/#primaryimage\"},\"thumbnailUrl\":\"https:\/\/www.librairieclavreuil.com\/wp-content\/uploads\/2024\/04\/chevalier-jean-de-la-roque-voyage-de-l-arabie-heureuse-par-l-ocean-oriental-et-le-detroit-de-la-mer-rouge-fait-par-les-francois-pour-la-premiere-fois-.jpg\",\"datePublished\":\"2024-04-24T16:18:12+00:00\",\"dateModified\":\"2024-07-19T14:22:44+00:00\",\"breadcrumb\":{\"@id\":\"https:\/\/www.librairieclavreuil.com\/en\/la-roque-chevalier-jean-de-voyage-de-larabie-heureuse-par-locean-oriental-et-le-detroit-de-la-mer-rouge-fait-par-les-francois-pour-la-premiere-fois-dans-les-annees-1708-1709-1710\/#breadcrumb\"},\"inLanguage\":\"en-US\",\"potentialAction\":[{\"@type\":\"ReadAction\",\"target\":[\"https:\/\/www.librairieclavreuil.com\/en\/la-roque-chevalier-jean-de-voyage-de-larabie-heureuse-par-locean-oriental-et-le-detroit-de-la-mer-rouge-fait-par-les-francois-pour-la-premiere-fois-dans-les-annees-1708-1709-1710\/\"]}]},{\"@type\":\"ImageObject\",\"inLanguage\":\"en-US\",\"@id\":\"https:\/\/www.librairieclavreuil.com\/en\/la-roque-chevalier-jean-de-voyage-de-larabie-heureuse-par-locean-oriental-et-le-detroit-de-la-mer-rouge-fait-par-les-francois-pour-la-premiere-fois-dans-les-annees-1708-1709-1710\/#primaryimage\",\"url\":\"https:\/\/www.librairieclavreuil.com\/wp-content\/uploads\/2024\/04\/chevalier-jean-de-la-roque-voyage-de-l-arabie-heureuse-par-l-ocean-oriental-et-le-detroit-de-la-mer-rouge-fait-par-les-francois-pour-la-premiere-fois-.jpg\",\"contentUrl\":\"https:\/\/www.librairieclavreuil.com\/wp-content\/uploads\/2024\/04\/chevalier-jean-de-la-roque-voyage-de-l-arabie-heureuse-par-l-ocean-oriental-et-le-detroit-de-la-mer-rouge-fait-par-les-francois-pour-la-premiere-fois-.jpg\",\"width\":1912,\"height\":2549},{\"@type\":\"BreadcrumbList\",\"@id\":\"https:\/\/www.librairieclavreuil.com\/en\/la-roque-chevalier-jean-de-voyage-de-larabie-heureuse-par-locean-oriental-et-le-detroit-de-la-mer-rouge-fait-par-les-francois-pour-la-premiere-fois-dans-les-annees-1708-1709-1710\/#breadcrumb\",\"itemListElement\":[{\"@type\":\"ListItem\",\"position\":1,\"name\":\"Accueil\",\"item\":\"https:\/\/www.librairieclavreuil.com\/\"},{\"@type\":\"ListItem\",\"position\":2,\"name\":\"All our books\",\"item\":\"https:\/\/www.librairieclavreuil.com\/en\/all-our-books\/\"},{\"@type\":\"ListItem\",\"position\":3,\"name\":\"LA ROQUE Chevalier Jean de Voyage de l&#8217;Arabie Heureuse, Par l&#8217;Ocean Oriental et le D\u00e9troit de la Mer Rouge. Fait par les Fran\u00e7ois pour la premi\u00e8re fois, dans les ann\u00e9es 1708, 1709 &amp; 1710.\"}]},{\"@type\":\"WebSite\",\"@id\":\"https:\/\/www.librairieclavreuil.com\/#website\",\"url\":\"https:\/\/www.librairieclavreuil.com\/\",\"name\":\"Libairie Clavreuil\",\"description\":\"Livres anciens, manuscrits rares et \u00e9ditions originales \u2013 Librairie Clavreuil\",\"publisher\":{\"@id\":\"https:\/\/www.librairieclavreuil.com\/#organization\"},\"potentialAction\":[{\"@type\":\"SearchAction\",\"target\":{\"@type\":\"EntryPoint\",\"urlTemplate\":\"https:\/\/www.librairieclavreuil.com\/?s={search_term_string}\"},\"query-input\":{\"@type\":\"PropertyValueSpecification\",\"valueRequired\":true,\"valueName\":\"search_term_string\"}}],\"inLanguage\":\"en-US\"},{\"@type\":\"Organization\",\"@id\":\"https:\/\/www.librairieclavreuil.com\/#organization\",\"name\":\"Libairie Clavreuil\",\"url\":\"https:\/\/www.librairieclavreuil.com\/\",\"logo\":{\"@type\":\"ImageObject\",\"inLanguage\":\"en-US\",\"@id\":\"https:\/\/www.librairieclavreuil.com\/#\/schema\/logo\/image\/\",\"url\":\"https:\/\/www.librairieclavreuil.com\/wp-content\/uploads\/2021\/06\/cropped-LOGO_PNG_DATE-_gold-512x512-1.png\",\"contentUrl\":\"https:\/\/www.librairieclavreuil.com\/wp-content\/uploads\/2021\/06\/cropped-LOGO_PNG_DATE-_gold-512x512-1.png\",\"width\":512,\"height\":512,\"caption\":\"Libairie Clavreuil\"},\"image\":{\"@id\":\"https:\/\/www.librairieclavreuil.com\/#\/schema\/logo\/image\/\"},\"sameAs\":[\"https:\/\/www.instagram.com\/librairieclavreuil\/\"]}]}<\/script>\n<!-- \/ Yoast SEO plugin. -->","yoast_head_json":{"title":"LA ROQUE Chevalier Jean de Voyage de l'Arabie Heureuse, Par l'Ocean Oriental et le D\u00e9troit de la Mer Rouge. Fait par les Fran\u00e7ois pour la premi\u00e8re fois, dans les ann\u00e9es 1708, 1709 &amp; 1710. - Libairie Clavreuil","robots":{"index":"index","follow":"follow","max-snippet":"max-snippet:-1","max-image-preview":"max-image-preview:large","max-video-preview":"max-video-preview:-1"},"canonical":"https:\/\/www.librairieclavreuil.com\/en\/la-roque-chevalier-jean-de-voyage-de-larabie-heureuse-par-locean-oriental-et-le-detroit-de-la-mer-rouge-fait-par-les-francois-pour-la-premiere-fois-dans-les-annees-1708-1709-1710\/","og_locale":"en_US","og_type":"article","og_title":"LA ROQUE Chevalier Jean de Voyage de l'Arabie Heureuse, Par l'Ocean Oriental et le D\u00e9troit de la Mer Rouge. Fait par les Fran\u00e7ois pour la premi\u00e8re fois, dans les ann\u00e9es 1708, 1709 &amp; 1710. - Libairie Clavreuil","og_description":"12mo (164 x 92 mm) 8 nn.ll. (including title), 403 pp., 6 nn.ll.(table and privil\u00e8ge). Contemporary polished calf, spine gilt with raised bands.","og_url":"https:\/\/www.librairieclavreuil.com\/en\/la-roque-chevalier-jean-de-voyage-de-larabie-heureuse-par-locean-oriental-et-le-detroit-de-la-mer-rouge-fait-par-les-francois-pour-la-premiere-fois-dans-les-annees-1708-1709-1710\/","og_site_name":"Libairie Clavreuil","article_modified_time":"2024-07-19T14:22:44+00:00","og_image":[{"width":768,"height":1024,"url":"https:\/\/www.librairieclavreuil.com\/wp-content\/uploads\/2024\/04\/chevalier-jean-de-la-roque-voyage-de-l-arabie-heureuse-par-l-ocean-oriental-et-le-detroit-de-la-mer-rouge-fait-par-les-francois-pour-la-premiere-fois--768x1024.jpg","type":"image\/jpeg"}],"twitter_card":"summary_large_image","twitter_misc":{"Est. reading time":"2 minutes"},"schema":{"@context":"https:\/\/schema.org","@graph":[{"@type":"WebPage","@id":"https:\/\/www.librairieclavreuil.com\/en\/la-roque-chevalier-jean-de-voyage-de-larabie-heureuse-par-locean-oriental-et-le-detroit-de-la-mer-rouge-fait-par-les-francois-pour-la-premiere-fois-dans-les-annees-1708-1709-1710\/","url":"https:\/\/www.librairieclavreuil.com\/en\/la-roque-chevalier-jean-de-voyage-de-larabie-heureuse-par-locean-oriental-et-le-detroit-de-la-mer-rouge-fait-par-les-francois-pour-la-premiere-fois-dans-les-annees-1708-1709-1710\/","name":"LA ROQUE Chevalier Jean de Voyage de l'Arabie Heureuse, Par l'Ocean Oriental et le D\u00e9troit de la Mer Rouge. Fait par les Fran\u00e7ois pour la premi\u00e8re fois, dans les ann\u00e9es 1708, 1709 &amp; 1710. - Libairie Clavreuil","isPartOf":{"@id":"https:\/\/www.librairieclavreuil.com\/#website"},"primaryImageOfPage":{"@id":"https:\/\/www.librairieclavreuil.com\/en\/la-roque-chevalier-jean-de-voyage-de-larabie-heureuse-par-locean-oriental-et-le-detroit-de-la-mer-rouge-fait-par-les-francois-pour-la-premiere-fois-dans-les-annees-1708-1709-1710\/#primaryimage"},"image":{"@id":"https:\/\/www.librairieclavreuil.com\/en\/la-roque-chevalier-jean-de-voyage-de-larabie-heureuse-par-locean-oriental-et-le-detroit-de-la-mer-rouge-fait-par-les-francois-pour-la-premiere-fois-dans-les-annees-1708-1709-1710\/#primaryimage"},"thumbnailUrl":"https:\/\/www.librairieclavreuil.com\/wp-content\/uploads\/2024\/04\/chevalier-jean-de-la-roque-voyage-de-l-arabie-heureuse-par-l-ocean-oriental-et-le-detroit-de-la-mer-rouge-fait-par-les-francois-pour-la-premiere-fois-.jpg","datePublished":"2024-04-24T16:18:12+00:00","dateModified":"2024-07-19T14:22:44+00:00","breadcrumb":{"@id":"https:\/\/www.librairieclavreuil.com\/en\/la-roque-chevalier-jean-de-voyage-de-larabie-heureuse-par-locean-oriental-et-le-detroit-de-la-mer-rouge-fait-par-les-francois-pour-la-premiere-fois-dans-les-annees-1708-1709-1710\/#breadcrumb"},"inLanguage":"en-US","potentialAction":[{"@type":"ReadAction","target":["https:\/\/www.librairieclavreuil.com\/en\/la-roque-chevalier-jean-de-voyage-de-larabie-heureuse-par-locean-oriental-et-le-detroit-de-la-mer-rouge-fait-par-les-francois-pour-la-premiere-fois-dans-les-annees-1708-1709-1710\/"]}]},{"@type":"ImageObject","inLanguage":"en-US","@id":"https:\/\/www.librairieclavreuil.com\/en\/la-roque-chevalier-jean-de-voyage-de-larabie-heureuse-par-locean-oriental-et-le-detroit-de-la-mer-rouge-fait-par-les-francois-pour-la-premiere-fois-dans-les-annees-1708-1709-1710\/#primaryimage","url":"https:\/\/www.librairieclavreuil.com\/wp-content\/uploads\/2024\/04\/chevalier-jean-de-la-roque-voyage-de-l-arabie-heureuse-par-l-ocean-oriental-et-le-detroit-de-la-mer-rouge-fait-par-les-francois-pour-la-premiere-fois-.jpg","contentUrl":"https:\/\/www.librairieclavreuil.com\/wp-content\/uploads\/2024\/04\/chevalier-jean-de-la-roque-voyage-de-l-arabie-heureuse-par-l-ocean-oriental-et-le-detroit-de-la-mer-rouge-fait-par-les-francois-pour-la-premiere-fois-.jpg","width":1912,"height":2549},{"@type":"BreadcrumbList","@id":"https:\/\/www.librairieclavreuil.com\/en\/la-roque-chevalier-jean-de-voyage-de-larabie-heureuse-par-locean-oriental-et-le-detroit-de-la-mer-rouge-fait-par-les-francois-pour-la-premiere-fois-dans-les-annees-1708-1709-1710\/#breadcrumb","itemListElement":[{"@type":"ListItem","position":1,"name":"Accueil","item":"https:\/\/www.librairieclavreuil.com\/"},{"@type":"ListItem","position":2,"name":"All our books","item":"https:\/\/www.librairieclavreuil.com\/en\/all-our-books\/"},{"@type":"ListItem","position":3,"name":"LA ROQUE Chevalier Jean de Voyage de l&#8217;Arabie Heureuse, Par l&#8217;Ocean Oriental et le D\u00e9troit de la Mer Rouge. Fait par les Fran\u00e7ois pour la premi\u00e8re fois, dans les ann\u00e9es 1708, 1709 &amp; 1710."}]},{"@type":"WebSite","@id":"https:\/\/www.librairieclavreuil.com\/#website","url":"https:\/\/www.librairieclavreuil.com\/","name":"Libairie Clavreuil","description":"Livres anciens, manuscrits rares et \u00e9ditions originales \u2013 Librairie Clavreuil","publisher":{"@id":"https:\/\/www.librairieclavreuil.com\/#organization"},"potentialAction":[{"@type":"SearchAction","target":{"@type":"EntryPoint","urlTemplate":"https:\/\/www.librairieclavreuil.com\/?s={search_term_string}"},"query-input":{"@type":"PropertyValueSpecification","valueRequired":true,"valueName":"search_term_string"}}],"inLanguage":"en-US"},{"@type":"Organization","@id":"https:\/\/www.librairieclavreuil.com\/#organization","name":"Libairie Clavreuil","url":"https:\/\/www.librairieclavreuil.com\/","logo":{"@type":"ImageObject","inLanguage":"en-US","@id":"https:\/\/www.librairieclavreuil.com\/#\/schema\/logo\/image\/","url":"https:\/\/www.librairieclavreuil.com\/wp-content\/uploads\/2021\/06\/cropped-LOGO_PNG_DATE-_gold-512x512-1.png","contentUrl":"https:\/\/www.librairieclavreuil.com\/wp-content\/uploads\/2021\/06\/cropped-LOGO_PNG_DATE-_gold-512x512-1.png","width":512,"height":512,"caption":"Libairie Clavreuil"},"image":{"@id":"https:\/\/www.librairieclavreuil.com\/#\/schema\/logo\/image\/"},"sameAs":["https:\/\/www.instagram.com\/librairieclavreuil\/"]}]}},"jetpack_sharing_enabled":true,"_links":{"self":[{"href":"https:\/\/www.librairieclavreuil.com\/en\/wp-json\/wp\/v2\/product\/75890","targetHints":{"allow":["GET"]}}],"collection":[{"href":"https:\/\/www.librairieclavreuil.com\/en\/wp-json\/wp\/v2\/product"}],"about":[{"href":"https:\/\/www.librairieclavreuil.com\/en\/wp-json\/wp\/v2\/types\/product"}],"replies":[{"embeddable":true,"href":"https:\/\/www.librairieclavreuil.com\/en\/wp-json\/wp\/v2\/comments?post=75890"}],"wp:featuredmedia":[{"embeddable":true,"href":"https:\/\/www.librairieclavreuil.com\/en\/wp-json\/wp\/v2\/media\/75881"}],"wp:attachment":[{"href":"https:\/\/www.librairieclavreuil.com\/en\/wp-json\/wp\/v2\/media?parent=75890"}],"wp:term":[{"taxonomy":"product_brand","embeddable":true,"href":"https:\/\/www.librairieclavreuil.com\/en\/wp-json\/wp\/v2\/product_brand?post=75890"},{"taxonomy":"product_cat","embeddable":true,"href":"https:\/\/www.librairieclavreuil.com\/en\/wp-json\/wp\/v2\/product_cat?post=75890"},{"taxonomy":"product_tag","embeddable":true,"href":"https:\/\/www.librairieclavreuil.com\/en\/wp-json\/wp\/v2\/product_tag?post=75890"}],"curies":[{"name":"wp","href":"https:\/\/api.w.org\/{rel}","templated":true}]}}