{"id":75826,"date":"2024-04-24T18:13:16","date_gmt":"2024-04-24T16:13:16","guid":{"rendered":"https:\/\/clavreuil-wordpress.logiciel-arteo.fr\/sparrman-andre-voyage-au-cap-de-bonne-esperance-et-autour-du-monde-avec-le-capitaine-cook-et-principalement-dans-le-pays-des-hottentots-et-des-caffres-traduit-par-m-le-tourneur\/"},"modified":"2025-06-03T13:16:04","modified_gmt":"2025-06-03T11:16:04","slug":"sparrman-andre-voyage-au-cap-de-bonne-esperance-et-autour-du-monde-avec-le-capitaine-cook-et-principalement-dans-le-pays-des-hottentots-et-des-caffres-traduit-par-m-le-tourneur","status":"publish","type":"product","link":"https:\/\/www.librairieclavreuil.com\/en\/sparrman-andre-voyage-au-cap-de-bonne-esperance-et-autour-du-monde-avec-le-capitaine-cook-et-principalement-dans-le-pays-des-hottentots-et-des-caffres-traduit-par-m-le-tourneur\/","title":{"rendered":"SPARRMAN Andr\u00e9 Voyage au Cap de Bonne-Esp\u00e9rance, et..."},"content":{"rendered":"<p style=\"text-align:justify\"><i>Mendelssohn, IV, 361.<\/i><\/p>\n<p style=\"text-align:justify\"><span style=\"font-variant:small-caps\">First edition of this French translation. Copy of the deluxe issue, reset in the larger quarto format.<\/span><\/p>\n<p style=\"text-align:justify\">&#8220;During the voyage with Cook, Sparrman had earned a little money translating a Swedish medical work into English, sufficient to finance an expedition of his own into the interior of South Africa. Sparrman set out overland from the Cape on 25.7.75 in the company of a South African named Immelman, paralleling the southern coast and visiting the regions of Swellendam, Mossel Bay and the country to the north of Port Elizabeth&#8230; During his travels he made the first study of Bushmen&#8221; (Howgego).<\/p>\n<p style=\"text-align:justify\">Sparmann&#8217;s travel account was highly succesful and translated into various European languages. The French edition contains the most important number of engraved plates and is enlarged with the scientific report of Smeatman on termites (&#8220;<i>Relation sur les termites, adress\u00e9e \u00e0 la Soci\u00e9t\u00e9 royale de Londres, par M. Smeatman, en f\u00e9vrier 1781<\/i>&#8220;) which occupies pages 397-463 of the first volume.<\/p>\n<p style=\"text-align:justify\">Fine and broad margined copy.<\/p>\n","protected":false},"excerpt":{"rendered":"<p style=\"text-align:justify\">2 volumes, 4to (253 x 191 mm) 2 nn.ll., engraved frontispiece, XXIV, 478 pp., 7 engraved plates (including 1 map and 6 plates) for volume I; 2 nn.ll., 462 pp., 9 engraved plates for volume II. Contemporary calf, double gilt filet on covers, spine gilt with raised bands (upper hinge to volume II partly split). &nbsp;&nbsp;<\/p>\n","protected":false},"featured_media":82551,"comment_status":"open","ping_status":"closed","template":"","meta":{"_acf_changed":false},"product_brand":[],"product_cat":[552],"product_tag":[1353,620],"class_list":{"0":"post-75826","1":"product","2":"type-product","3":"status-publish","4":"has-post-thumbnail","6":"product_cat-travel","7":"product_tag-south-africa","8":"product_tag-travel","9":"pa_auteur-sparrman-andre-2","10":"pa_type-de-livre-printed-book","12":"first","13":"instock","14":"shipping-taxable","15":"purchasable","16":"product-type-simple"},"acf":{"artist":" Andr\u00e9 SPARRMAN","chapeau":"The Deluxe quarto issue","adresse_bibliographique":"Paris, Buisson, 1787","book_type":"Printed book","provenance":"","afficher_prix":""},"yoast_head":"<!-- This site is optimized with the Yoast SEO plugin v24.7 - https:\/\/yoast.com\/wordpress\/plugins\/seo\/ -->\n<title>SPARRMAN Andr\u00e9 Voyage au Cap de Bonne-Esp\u00e9rance, et autour du Monde avec le capitaine Cook, et principalement dans le Pays des Hottentots et des Caffres... Traduit par M. Le Tourneur. - Libairie Clavreuil<\/title>\n<meta name=\"robots\" content=\"index, follow, max-snippet:-1, max-image-preview:large, max-video-preview:-1\" \/>\n<link rel=\"canonical\" href=\"https:\/\/www.librairieclavreuil.com\/en\/sparrman-andre-voyage-au-cap-de-bonne-esperance-et-autour-du-monde-avec-le-capitaine-cook-et-principalement-dans-le-pays-des-hottentots-et-des-caffres-traduit-par-m-le-tourneur\/\" \/>\n<meta property=\"og:locale\" content=\"en_US\" \/>\n<meta property=\"og:type\" content=\"article\" \/>\n<meta property=\"og:title\" content=\"SPARRMAN Andr\u00e9 Voyage au Cap de Bonne-Esp\u00e9rance, et autour du Monde avec le capitaine Cook, et principalement dans le Pays des Hottentots et des Caffres... Traduit par M. Le Tourneur. - Libairie Clavreuil\" \/>\n<meta property=\"og:description\" content=\"2 volumes, 4to (253 x 191 mm) 2 nn.ll., engraved frontispiece, XXIV, 478 pp., 7 engraved plates (including 1 map and 6 plates) for volume I; 2 nn.ll., 462 pp., 9 engraved plates for volume II. Contemporary calf, double gilt filet on covers, spine gilt with raised bands (upper hinge to volume II partly split). &nbsp;&nbsp;\" \/>\n<meta property=\"og:url\" content=\"https:\/\/www.librairieclavreuil.com\/en\/sparrman-andre-voyage-au-cap-de-bonne-esperance-et-autour-du-monde-avec-le-capitaine-cook-et-principalement-dans-le-pays-des-hottentots-et-des-caffres-traduit-par-m-le-tourneur\/\" \/>\n<meta property=\"og:site_name\" content=\"Libairie Clavreuil\" \/>\n<meta property=\"article:modified_time\" content=\"2025-06-03T11:16:04+00:00\" \/>\n<meta property=\"og:image\" content=\"https:\/\/www.librairieclavreuil.com\/wp-content\/uploads\/2025\/01\/andre-sparrman-voyage-au-cap-de-bonne-esperance-et-autour-du-monde-avec-le-capitaine-cook-et-principalement-dans-le-pays-des-hottentots-et-d-678fdf68ec531.jpg\" \/>\n\t<meta property=\"og:image:width\" content=\"622\" \/>\n\t<meta property=\"og:image:height\" content=\"800\" \/>\n\t<meta property=\"og:image:type\" content=\"image\/jpeg\" \/>\n<meta name=\"twitter:card\" content=\"summary_large_image\" \/>\n<meta name=\"twitter:label1\" content=\"Est. reading time\" \/>\n\t<meta name=\"twitter:data1\" content=\"1 minute\" \/>\n<script type=\"application\/ld+json\" class=\"yoast-schema-graph\">{\"@context\":\"https:\/\/schema.org\",\"@graph\":[{\"@type\":\"WebPage\",\"@id\":\"https:\/\/www.librairieclavreuil.com\/en\/sparrman-andre-voyage-au-cap-de-bonne-esperance-et-autour-du-monde-avec-le-capitaine-cook-et-principalement-dans-le-pays-des-hottentots-et-des-caffres-traduit-par-m-le-tourneur\/\",\"url\":\"https:\/\/www.librairieclavreuil.com\/en\/sparrman-andre-voyage-au-cap-de-bonne-esperance-et-autour-du-monde-avec-le-capitaine-cook-et-principalement-dans-le-pays-des-hottentots-et-des-caffres-traduit-par-m-le-tourneur\/\",\"name\":\"SPARRMAN Andr\u00e9 Voyage au Cap de Bonne-Esp\u00e9rance, et autour du Monde avec le capitaine Cook, et principalement dans le Pays des Hottentots et des Caffres... Traduit par M. Le Tourneur. - Libairie Clavreuil\",\"isPartOf\":{\"@id\":\"https:\/\/www.librairieclavreuil.com\/#website\"},\"primaryImageOfPage\":{\"@id\":\"https:\/\/www.librairieclavreuil.com\/en\/sparrman-andre-voyage-au-cap-de-bonne-esperance-et-autour-du-monde-avec-le-capitaine-cook-et-principalement-dans-le-pays-des-hottentots-et-des-caffres-traduit-par-m-le-tourneur\/#primaryimage\"},\"image\":{\"@id\":\"https:\/\/www.librairieclavreuil.com\/en\/sparrman-andre-voyage-au-cap-de-bonne-esperance-et-autour-du-monde-avec-le-capitaine-cook-et-principalement-dans-le-pays-des-hottentots-et-des-caffres-traduit-par-m-le-tourneur\/#primaryimage\"},\"thumbnailUrl\":\"https:\/\/www.librairieclavreuil.com\/wp-content\/uploads\/2025\/01\/andre-sparrman-voyage-au-cap-de-bonne-esperance-et-autour-du-monde-avec-le-capitaine-cook-et-principalement-dans-le-pays-des-hottentots-et-d-678fdf68ec531.jpg\",\"datePublished\":\"2024-04-24T16:13:16+00:00\",\"dateModified\":\"2025-06-03T11:16:04+00:00\",\"breadcrumb\":{\"@id\":\"https:\/\/www.librairieclavreuil.com\/en\/sparrman-andre-voyage-au-cap-de-bonne-esperance-et-autour-du-monde-avec-le-capitaine-cook-et-principalement-dans-le-pays-des-hottentots-et-des-caffres-traduit-par-m-le-tourneur\/#breadcrumb\"},\"inLanguage\":\"en-US\",\"potentialAction\":[{\"@type\":\"ReadAction\",\"target\":[\"https:\/\/www.librairieclavreuil.com\/en\/sparrman-andre-voyage-au-cap-de-bonne-esperance-et-autour-du-monde-avec-le-capitaine-cook-et-principalement-dans-le-pays-des-hottentots-et-des-caffres-traduit-par-m-le-tourneur\/\"]}]},{\"@type\":\"ImageObject\",\"inLanguage\":\"en-US\",\"@id\":\"https:\/\/www.librairieclavreuil.com\/en\/sparrman-andre-voyage-au-cap-de-bonne-esperance-et-autour-du-monde-avec-le-capitaine-cook-et-principalement-dans-le-pays-des-hottentots-et-des-caffres-traduit-par-m-le-tourneur\/#primaryimage\",\"url\":\"https:\/\/www.librairieclavreuil.com\/wp-content\/uploads\/2025\/01\/andre-sparrman-voyage-au-cap-de-bonne-esperance-et-autour-du-monde-avec-le-capitaine-cook-et-principalement-dans-le-pays-des-hottentots-et-d-678fdf68ec531.jpg\",\"contentUrl\":\"https:\/\/www.librairieclavreuil.com\/wp-content\/uploads\/2025\/01\/andre-sparrman-voyage-au-cap-de-bonne-esperance-et-autour-du-monde-avec-le-capitaine-cook-et-principalement-dans-le-pays-des-hottentots-et-d-678fdf68ec531.jpg\",\"width\":622,\"height\":800},{\"@type\":\"BreadcrumbList\",\"@id\":\"https:\/\/www.librairieclavreuil.com\/en\/sparrman-andre-voyage-au-cap-de-bonne-esperance-et-autour-du-monde-avec-le-capitaine-cook-et-principalement-dans-le-pays-des-hottentots-et-des-caffres-traduit-par-m-le-tourneur\/#breadcrumb\",\"itemListElement\":[{\"@type\":\"ListItem\",\"position\":1,\"name\":\"Accueil\",\"item\":\"https:\/\/www.librairieclavreuil.com\/\"},{\"@type\":\"ListItem\",\"position\":2,\"name\":\"All our books\",\"item\":\"https:\/\/www.librairieclavreuil.com\/en\/all-our-books\/\"},{\"@type\":\"ListItem\",\"position\":3,\"name\":\"SPARRMAN Andr\u00e9 Voyage au Cap de Bonne-Esp\u00e9rance, et...\"}]},{\"@type\":\"WebSite\",\"@id\":\"https:\/\/www.librairieclavreuil.com\/#website\",\"url\":\"https:\/\/www.librairieclavreuil.com\/\",\"name\":\"Libairie Clavreuil\",\"description\":\"Livres anciens, manuscrits rares et \u00e9ditions originales \u2013 Librairie Clavreuil\",\"publisher\":{\"@id\":\"https:\/\/www.librairieclavreuil.com\/#organization\"},\"potentialAction\":[{\"@type\":\"SearchAction\",\"target\":{\"@type\":\"EntryPoint\",\"urlTemplate\":\"https:\/\/www.librairieclavreuil.com\/?s={search_term_string}\"},\"query-input\":{\"@type\":\"PropertyValueSpecification\",\"valueRequired\":true,\"valueName\":\"search_term_string\"}}],\"inLanguage\":\"en-US\"},{\"@type\":\"Organization\",\"@id\":\"https:\/\/www.librairieclavreuil.com\/#organization\",\"name\":\"Libairie Clavreuil\",\"url\":\"https:\/\/www.librairieclavreuil.com\/\",\"logo\":{\"@type\":\"ImageObject\",\"inLanguage\":\"en-US\",\"@id\":\"https:\/\/www.librairieclavreuil.com\/#\/schema\/logo\/image\/\",\"url\":\"https:\/\/www.librairieclavreuil.com\/wp-content\/uploads\/2021\/06\/cropped-LOGO_PNG_DATE-_gold-512x512-1.png\",\"contentUrl\":\"https:\/\/www.librairieclavreuil.com\/wp-content\/uploads\/2021\/06\/cropped-LOGO_PNG_DATE-_gold-512x512-1.png\",\"width\":512,\"height\":512,\"caption\":\"Libairie Clavreuil\"},\"image\":{\"@id\":\"https:\/\/www.librairieclavreuil.com\/#\/schema\/logo\/image\/\"},\"sameAs\":[\"https:\/\/www.instagram.com\/librairieclavreuil\/\"]}]}<\/script>\n<!-- \/ Yoast SEO plugin. -->","yoast_head_json":{"title":"SPARRMAN Andr\u00e9 Voyage au Cap de Bonne-Esp\u00e9rance, et autour du Monde avec le capitaine Cook, et principalement dans le Pays des Hottentots et des Caffres... Traduit par M. Le Tourneur. - Libairie Clavreuil","robots":{"index":"index","follow":"follow","max-snippet":"max-snippet:-1","max-image-preview":"max-image-preview:large","max-video-preview":"max-video-preview:-1"},"canonical":"https:\/\/www.librairieclavreuil.com\/en\/sparrman-andre-voyage-au-cap-de-bonne-esperance-et-autour-du-monde-avec-le-capitaine-cook-et-principalement-dans-le-pays-des-hottentots-et-des-caffres-traduit-par-m-le-tourneur\/","og_locale":"en_US","og_type":"article","og_title":"SPARRMAN Andr\u00e9 Voyage au Cap de Bonne-Esp\u00e9rance, et autour du Monde avec le capitaine Cook, et principalement dans le Pays des Hottentots et des Caffres... Traduit par M. Le Tourneur. - Libairie Clavreuil","og_description":"2 volumes, 4to (253 x 191 mm) 2 nn.ll., engraved frontispiece, XXIV, 478 pp., 7 engraved plates (including 1 map and 6 plates) for volume I; 2 nn.ll., 462 pp., 9 engraved plates for volume II. Contemporary calf, double gilt filet on covers, spine gilt with raised bands (upper hinge to volume II partly split). &nbsp;&nbsp;","og_url":"https:\/\/www.librairieclavreuil.com\/en\/sparrman-andre-voyage-au-cap-de-bonne-esperance-et-autour-du-monde-avec-le-capitaine-cook-et-principalement-dans-le-pays-des-hottentots-et-des-caffres-traduit-par-m-le-tourneur\/","og_site_name":"Libairie Clavreuil","article_modified_time":"2025-06-03T11:16:04+00:00","og_image":[{"width":622,"height":800,"url":"https:\/\/www.librairieclavreuil.com\/wp-content\/uploads\/2025\/01\/andre-sparrman-voyage-au-cap-de-bonne-esperance-et-autour-du-monde-avec-le-capitaine-cook-et-principalement-dans-le-pays-des-hottentots-et-d-678fdf68ec531.jpg","type":"image\/jpeg"}],"twitter_card":"summary_large_image","twitter_misc":{"Est. reading time":"1 minute"},"schema":{"@context":"https:\/\/schema.org","@graph":[{"@type":"WebPage","@id":"https:\/\/www.librairieclavreuil.com\/en\/sparrman-andre-voyage-au-cap-de-bonne-esperance-et-autour-du-monde-avec-le-capitaine-cook-et-principalement-dans-le-pays-des-hottentots-et-des-caffres-traduit-par-m-le-tourneur\/","url":"https:\/\/www.librairieclavreuil.com\/en\/sparrman-andre-voyage-au-cap-de-bonne-esperance-et-autour-du-monde-avec-le-capitaine-cook-et-principalement-dans-le-pays-des-hottentots-et-des-caffres-traduit-par-m-le-tourneur\/","name":"SPARRMAN Andr\u00e9 Voyage au Cap de Bonne-Esp\u00e9rance, et autour du Monde avec le capitaine Cook, et principalement dans le Pays des Hottentots et des Caffres... Traduit par M. Le Tourneur. - Libairie Clavreuil","isPartOf":{"@id":"https:\/\/www.librairieclavreuil.com\/#website"},"primaryImageOfPage":{"@id":"https:\/\/www.librairieclavreuil.com\/en\/sparrman-andre-voyage-au-cap-de-bonne-esperance-et-autour-du-monde-avec-le-capitaine-cook-et-principalement-dans-le-pays-des-hottentots-et-des-caffres-traduit-par-m-le-tourneur\/#primaryimage"},"image":{"@id":"https:\/\/www.librairieclavreuil.com\/en\/sparrman-andre-voyage-au-cap-de-bonne-esperance-et-autour-du-monde-avec-le-capitaine-cook-et-principalement-dans-le-pays-des-hottentots-et-des-caffres-traduit-par-m-le-tourneur\/#primaryimage"},"thumbnailUrl":"https:\/\/www.librairieclavreuil.com\/wp-content\/uploads\/2025\/01\/andre-sparrman-voyage-au-cap-de-bonne-esperance-et-autour-du-monde-avec-le-capitaine-cook-et-principalement-dans-le-pays-des-hottentots-et-d-678fdf68ec531.jpg","datePublished":"2024-04-24T16:13:16+00:00","dateModified":"2025-06-03T11:16:04+00:00","breadcrumb":{"@id":"https:\/\/www.librairieclavreuil.com\/en\/sparrman-andre-voyage-au-cap-de-bonne-esperance-et-autour-du-monde-avec-le-capitaine-cook-et-principalement-dans-le-pays-des-hottentots-et-des-caffres-traduit-par-m-le-tourneur\/#breadcrumb"},"inLanguage":"en-US","potentialAction":[{"@type":"ReadAction","target":["https:\/\/www.librairieclavreuil.com\/en\/sparrman-andre-voyage-au-cap-de-bonne-esperance-et-autour-du-monde-avec-le-capitaine-cook-et-principalement-dans-le-pays-des-hottentots-et-des-caffres-traduit-par-m-le-tourneur\/"]}]},{"@type":"ImageObject","inLanguage":"en-US","@id":"https:\/\/www.librairieclavreuil.com\/en\/sparrman-andre-voyage-au-cap-de-bonne-esperance-et-autour-du-monde-avec-le-capitaine-cook-et-principalement-dans-le-pays-des-hottentots-et-des-caffres-traduit-par-m-le-tourneur\/#primaryimage","url":"https:\/\/www.librairieclavreuil.com\/wp-content\/uploads\/2025\/01\/andre-sparrman-voyage-au-cap-de-bonne-esperance-et-autour-du-monde-avec-le-capitaine-cook-et-principalement-dans-le-pays-des-hottentots-et-d-678fdf68ec531.jpg","contentUrl":"https:\/\/www.librairieclavreuil.com\/wp-content\/uploads\/2025\/01\/andre-sparrman-voyage-au-cap-de-bonne-esperance-et-autour-du-monde-avec-le-capitaine-cook-et-principalement-dans-le-pays-des-hottentots-et-d-678fdf68ec531.jpg","width":622,"height":800},{"@type":"BreadcrumbList","@id":"https:\/\/www.librairieclavreuil.com\/en\/sparrman-andre-voyage-au-cap-de-bonne-esperance-et-autour-du-monde-avec-le-capitaine-cook-et-principalement-dans-le-pays-des-hottentots-et-des-caffres-traduit-par-m-le-tourneur\/#breadcrumb","itemListElement":[{"@type":"ListItem","position":1,"name":"Accueil","item":"https:\/\/www.librairieclavreuil.com\/"},{"@type":"ListItem","position":2,"name":"All our books","item":"https:\/\/www.librairieclavreuil.com\/en\/all-our-books\/"},{"@type":"ListItem","position":3,"name":"SPARRMAN Andr\u00e9 Voyage au Cap de Bonne-Esp\u00e9rance, et..."}]},{"@type":"WebSite","@id":"https:\/\/www.librairieclavreuil.com\/#website","url":"https:\/\/www.librairieclavreuil.com\/","name":"Libairie Clavreuil","description":"Livres anciens, manuscrits rares et \u00e9ditions originales \u2013 Librairie Clavreuil","publisher":{"@id":"https:\/\/www.librairieclavreuil.com\/#organization"},"potentialAction":[{"@type":"SearchAction","target":{"@type":"EntryPoint","urlTemplate":"https:\/\/www.librairieclavreuil.com\/?s={search_term_string}"},"query-input":{"@type":"PropertyValueSpecification","valueRequired":true,"valueName":"search_term_string"}}],"inLanguage":"en-US"},{"@type":"Organization","@id":"https:\/\/www.librairieclavreuil.com\/#organization","name":"Libairie Clavreuil","url":"https:\/\/www.librairieclavreuil.com\/","logo":{"@type":"ImageObject","inLanguage":"en-US","@id":"https:\/\/www.librairieclavreuil.com\/#\/schema\/logo\/image\/","url":"https:\/\/www.librairieclavreuil.com\/wp-content\/uploads\/2021\/06\/cropped-LOGO_PNG_DATE-_gold-512x512-1.png","contentUrl":"https:\/\/www.librairieclavreuil.com\/wp-content\/uploads\/2021\/06\/cropped-LOGO_PNG_DATE-_gold-512x512-1.png","width":512,"height":512,"caption":"Libairie Clavreuil"},"image":{"@id":"https:\/\/www.librairieclavreuil.com\/#\/schema\/logo\/image\/"},"sameAs":["https:\/\/www.instagram.com\/librairieclavreuil\/"]}]}},"jetpack_sharing_enabled":true,"_links":{"self":[{"href":"https:\/\/www.librairieclavreuil.com\/en\/wp-json\/wp\/v2\/product\/75826","targetHints":{"allow":["GET"]}}],"collection":[{"href":"https:\/\/www.librairieclavreuil.com\/en\/wp-json\/wp\/v2\/product"}],"about":[{"href":"https:\/\/www.librairieclavreuil.com\/en\/wp-json\/wp\/v2\/types\/product"}],"replies":[{"embeddable":true,"href":"https:\/\/www.librairieclavreuil.com\/en\/wp-json\/wp\/v2\/comments?post=75826"}],"wp:featuredmedia":[{"embeddable":true,"href":"https:\/\/www.librairieclavreuil.com\/en\/wp-json\/wp\/v2\/media\/82551"}],"wp:attachment":[{"href":"https:\/\/www.librairieclavreuil.com\/en\/wp-json\/wp\/v2\/media?parent=75826"}],"wp:term":[{"taxonomy":"product_brand","embeddable":true,"href":"https:\/\/www.librairieclavreuil.com\/en\/wp-json\/wp\/v2\/product_brand?post=75826"},{"taxonomy":"product_cat","embeddable":true,"href":"https:\/\/www.librairieclavreuil.com\/en\/wp-json\/wp\/v2\/product_cat?post=75826"},{"taxonomy":"product_tag","embeddable":true,"href":"https:\/\/www.librairieclavreuil.com\/en\/wp-json\/wp\/v2\/product_tag?post=75826"}],"curies":[{"name":"wp","href":"https:\/\/api.w.org\/{rel}","templated":true}]}}