{"id":75798,"date":"2024-04-24T18:11:41","date_gmt":"2024-04-24T16:11:41","guid":{"rendered":"https:\/\/clavreuil-wordpress.logiciel-arteo.fr\/le-maire-les-voyages-du-sieur-le-maire-aux-isles-canaries-cap-verd-senegal-et-gambie-sous-monsieur-dancourt-directeur-general-de-la-compagnie-daffrique\/"},"modified":"2024-07-19T16:20:52","modified_gmt":"2024-07-19T14:20:52","slug":"le-maire-les-voyages-du-sieur-le-maire-aux-isles-canaries-cap-verd-senegal-et-gambie-sous-monsieur-dancourt-directeur-general-de-la-compagnie-daffrique","status":"publish","type":"product","link":"https:\/\/www.librairieclavreuil.com\/en\/le-maire-les-voyages-du-sieur-le-maire-aux-isles-canaries-cap-verd-senegal-et-gambie-sous-monsieur-dancourt-directeur-general-de-la-compagnie-daffrique\/","title":{"rendered":"LE MAIRE Les voyages du sieur Le Maire..."},"content":{"rendered":"<p style=\"text-align:justify\"><i>Gay, 367; Leclerc, 638.<\/i><\/p>\n<p style=\"text-align:justify\"><span style=\"font-variant:small-caps\">First edition.<\/span><\/p>\n<p style=\"text-align:justify\">A lively account, with many details of the local people and products. The author of this account should not be confused with the Dutch navigator Jacques Lemaire (cf. Boucher de la Richarderie, IV, 85).<\/p>\n<p style=\"text-align:justify\">A good copy despite old restorations to the binding and weak hinges.<\/p>\n<p style=\"text-align:justify\">Ex libris Ch\u00e2teau de Rosny.<\/p>\n","protected":false},"excerpt":{"rendered":"<p style=\"text-align:justify\">12mo (158 x 90 mm) 6 nn.ll, 205 pp., 6 plates and maps. Contemporary calf, spine gilt with raised bands.<\/p>\n","protected":false},"featured_media":75793,"comment_status":"open","ping_status":"closed","template":"","meta":{"_acf_changed":false},"product_brand":[],"product_cat":[552],"product_tag":[1352,1450,1354],"class_list":{"0":"post-75798","1":"product","2":"type-product","3":"status-publish","4":"has-post-thumbnail","6":"product_cat-travel","7":"product_tag-africa","8":"product_tag-first-edition","9":"product_tag-sub-saharan-africa","10":"pa_auteur-le-maire-2","11":"pa_type-de-livre-printed-book","13":"first","14":"instock","15":"shipping-taxable","16":"purchasable","17":"product-type-simple"},"acf":{"artist":" LE MAIRE","chapeau":"","adresse_bibliographique":"Paris, Collombat, 1695","book_type":"Printed book","provenance":"","afficher_prix":""},"yoast_head":"<!-- This site is optimized with the Yoast SEO plugin v24.7 - https:\/\/yoast.com\/wordpress\/plugins\/seo\/ -->\n<title>LE MAIRE  Les voyages du sieur Le Maire aux Isles Canaries, Cap-Verd, S\u00e9n\u00e9gal, et Gambie, sous Monsieur Dancourt, Directeur G\u00e9n\u00e9ral de la Compagnie d&#039;Affrique. - Libairie Clavreuil<\/title>\n<meta name=\"robots\" content=\"index, follow, max-snippet:-1, max-image-preview:large, max-video-preview:-1\" \/>\n<link rel=\"canonical\" href=\"https:\/\/www.librairieclavreuil.com\/produit\/le-maire-les-voyages-du-sieur-le-maire-aux-isles-canaries-cap-verd-senegal-et-gambie-sous-monsieur-dancourt-directeur-general-de-la-compagnie-daffrique\/\" \/>\n<meta property=\"og:locale\" content=\"en_US\" \/>\n<meta property=\"og:type\" content=\"article\" \/>\n<meta property=\"og:title\" content=\"LE MAIRE  Les voyages du sieur Le Maire aux Isles Canaries, Cap-Verd, S\u00e9n\u00e9gal, et Gambie, sous Monsieur Dancourt, Directeur G\u00e9n\u00e9ral de la Compagnie d&#039;Affrique. - Libairie Clavreuil\" \/>\n<meta property=\"og:description\" content=\"12mo (158 x 90 mm) 6 nn.ll, 205 pp., 6 plates and maps. Contemporary calf, spine gilt with raised bands.\" \/>\n<meta property=\"og:url\" content=\"https:\/\/www.librairieclavreuil.com\/produit\/le-maire-les-voyages-du-sieur-le-maire-aux-isles-canaries-cap-verd-senegal-et-gambie-sous-monsieur-dancourt-directeur-general-de-la-compagnie-daffrique\/\" \/>\n<meta property=\"og:site_name\" content=\"Libairie Clavreuil\" \/>\n<meta property=\"article:modified_time\" content=\"2024-07-19T14:20:52+00:00\" \/>\n<meta property=\"og:image\" content=\"https:\/\/www.librairieclavreuil.com\/wp-content\/uploads\/2024\/04\/le-maire-les-voyages-du-sieur-le-maire-aux-isles-canaries-cap-verd-senegal-et-gambie-sous-monsieur-dancourt-directeur-general-de-la-compagnie-d-affriq-768x1024.jpg\" \/>\n\t<meta property=\"og:image:width\" content=\"768\" \/>\n\t<meta property=\"og:image:height\" content=\"1024\" \/>\n\t<meta property=\"og:image:type\" content=\"image\/jpeg\" \/>\n<meta name=\"twitter:card\" content=\"summary_large_image\" \/>\n<script type=\"application\/ld+json\" class=\"yoast-schema-graph\">{\"@context\":\"https:\/\/schema.org\",\"@graph\":[{\"@type\":\"WebPage\",\"@id\":\"https:\/\/www.librairieclavreuil.com\/produit\/le-maire-les-voyages-du-sieur-le-maire-aux-isles-canaries-cap-verd-senegal-et-gambie-sous-monsieur-dancourt-directeur-general-de-la-compagnie-daffrique\/\",\"url\":\"https:\/\/www.librairieclavreuil.com\/produit\/le-maire-les-voyages-du-sieur-le-maire-aux-isles-canaries-cap-verd-senegal-et-gambie-sous-monsieur-dancourt-directeur-general-de-la-compagnie-daffrique\/\",\"name\":\"LE MAIRE Les voyages du sieur Le Maire aux Isles Canaries, Cap-Verd, S\u00e9n\u00e9gal, et Gambie, sous Monsieur Dancourt, Directeur G\u00e9n\u00e9ral de la Compagnie d'Affrique. - Libairie Clavreuil\",\"isPartOf\":{\"@id\":\"https:\/\/www.librairieclavreuil.com\/#website\"},\"primaryImageOfPage\":{\"@id\":\"https:\/\/www.librairieclavreuil.com\/produit\/le-maire-les-voyages-du-sieur-le-maire-aux-isles-canaries-cap-verd-senegal-et-gambie-sous-monsieur-dancourt-directeur-general-de-la-compagnie-daffrique\/#primaryimage\"},\"image\":{\"@id\":\"https:\/\/www.librairieclavreuil.com\/produit\/le-maire-les-voyages-du-sieur-le-maire-aux-isles-canaries-cap-verd-senegal-et-gambie-sous-monsieur-dancourt-directeur-general-de-la-compagnie-daffrique\/#primaryimage\"},\"thumbnailUrl\":\"https:\/\/www.librairieclavreuil.com\/wp-content\/uploads\/2024\/04\/le-maire-les-voyages-du-sieur-le-maire-aux-isles-canaries-cap-verd-senegal-et-gambie-sous-monsieur-dancourt-directeur-general-de-la-compagnie-d-affriq.jpg\",\"datePublished\":\"2024-04-24T16:11:41+00:00\",\"dateModified\":\"2024-07-19T14:20:52+00:00\",\"breadcrumb\":{\"@id\":\"https:\/\/www.librairieclavreuil.com\/produit\/le-maire-les-voyages-du-sieur-le-maire-aux-isles-canaries-cap-verd-senegal-et-gambie-sous-monsieur-dancourt-directeur-general-de-la-compagnie-daffrique\/#breadcrumb\"},\"inLanguage\":\"en-US\",\"potentialAction\":[{\"@type\":\"ReadAction\",\"target\":[\"https:\/\/www.librairieclavreuil.com\/produit\/le-maire-les-voyages-du-sieur-le-maire-aux-isles-canaries-cap-verd-senegal-et-gambie-sous-monsieur-dancourt-directeur-general-de-la-compagnie-daffrique\/\"]}]},{\"@type\":\"ImageObject\",\"inLanguage\":\"en-US\",\"@id\":\"https:\/\/www.librairieclavreuil.com\/produit\/le-maire-les-voyages-du-sieur-le-maire-aux-isles-canaries-cap-verd-senegal-et-gambie-sous-monsieur-dancourt-directeur-general-de-la-compagnie-daffrique\/#primaryimage\",\"url\":\"https:\/\/www.librairieclavreuil.com\/wp-content\/uploads\/2024\/04\/le-maire-les-voyages-du-sieur-le-maire-aux-isles-canaries-cap-verd-senegal-et-gambie-sous-monsieur-dancourt-directeur-general-de-la-compagnie-d-affriq.jpg\",\"contentUrl\":\"https:\/\/www.librairieclavreuil.com\/wp-content\/uploads\/2024\/04\/le-maire-les-voyages-du-sieur-le-maire-aux-isles-canaries-cap-verd-senegal-et-gambie-sous-monsieur-dancourt-directeur-general-de-la-compagnie-d-affriq.jpg\",\"width\":1784,\"height\":2379},{\"@type\":\"BreadcrumbList\",\"@id\":\"https:\/\/www.librairieclavreuil.com\/produit\/le-maire-les-voyages-du-sieur-le-maire-aux-isles-canaries-cap-verd-senegal-et-gambie-sous-monsieur-dancourt-directeur-general-de-la-compagnie-daffrique\/#breadcrumb\",\"itemListElement\":[{\"@type\":\"ListItem\",\"position\":1,\"name\":\"Accueil\",\"item\":\"https:\/\/www.librairieclavreuil.com\/\"},{\"@type\":\"ListItem\",\"position\":2,\"name\":\"All our books\",\"item\":\"https:\/\/www.librairieclavreuil.com\/en\/all-our-books\/\"},{\"@type\":\"ListItem\",\"position\":3,\"name\":\"LE MAIRE Les voyages du sieur Le Maire...\"}]},{\"@type\":\"WebSite\",\"@id\":\"https:\/\/www.librairieclavreuil.com\/#website\",\"url\":\"https:\/\/www.librairieclavreuil.com\/\",\"name\":\"Libairie Clavreuil\",\"description\":\"Livres anciens, manuscrits rares et \u00e9ditions originales \u2013 Librairie Clavreuil\",\"publisher\":{\"@id\":\"https:\/\/www.librairieclavreuil.com\/#organization\"},\"potentialAction\":[{\"@type\":\"SearchAction\",\"target\":{\"@type\":\"EntryPoint\",\"urlTemplate\":\"https:\/\/www.librairieclavreuil.com\/?s={search_term_string}\"},\"query-input\":{\"@type\":\"PropertyValueSpecification\",\"valueRequired\":true,\"valueName\":\"search_term_string\"}}],\"inLanguage\":\"en-US\"},{\"@type\":\"Organization\",\"@id\":\"https:\/\/www.librairieclavreuil.com\/#organization\",\"name\":\"Libairie Clavreuil\",\"url\":\"https:\/\/www.librairieclavreuil.com\/\",\"logo\":{\"@type\":\"ImageObject\",\"inLanguage\":\"en-US\",\"@id\":\"https:\/\/www.librairieclavreuil.com\/#\/schema\/logo\/image\/\",\"url\":\"https:\/\/www.librairieclavreuil.com\/wp-content\/uploads\/2021\/06\/cropped-LOGO_PNG_DATE-_gold-512x512-1.png\",\"contentUrl\":\"https:\/\/www.librairieclavreuil.com\/wp-content\/uploads\/2021\/06\/cropped-LOGO_PNG_DATE-_gold-512x512-1.png\",\"width\":512,\"height\":512,\"caption\":\"Libairie Clavreuil\"},\"image\":{\"@id\":\"https:\/\/www.librairieclavreuil.com\/#\/schema\/logo\/image\/\"},\"sameAs\":[\"https:\/\/www.instagram.com\/librairieclavreuil\/\"]}]}<\/script>\n<!-- \/ Yoast SEO plugin. -->","yoast_head_json":{"title":"LE MAIRE  Les voyages du sieur Le Maire aux Isles Canaries, Cap-Verd, S\u00e9n\u00e9gal, et Gambie, sous Monsieur Dancourt, Directeur G\u00e9n\u00e9ral de la Compagnie d'Affrique. - Libairie Clavreuil","robots":{"index":"index","follow":"follow","max-snippet":"max-snippet:-1","max-image-preview":"max-image-preview:large","max-video-preview":"max-video-preview:-1"},"canonical":"https:\/\/www.librairieclavreuil.com\/produit\/le-maire-les-voyages-du-sieur-le-maire-aux-isles-canaries-cap-verd-senegal-et-gambie-sous-monsieur-dancourt-directeur-general-de-la-compagnie-daffrique\/","og_locale":"en_US","og_type":"article","og_title":"LE MAIRE  Les voyages du sieur Le Maire aux Isles Canaries, Cap-Verd, S\u00e9n\u00e9gal, et Gambie, sous Monsieur Dancourt, Directeur G\u00e9n\u00e9ral de la Compagnie d'Affrique. - Libairie Clavreuil","og_description":"12mo (158 x 90 mm) 6 nn.ll, 205 pp., 6 plates and maps. Contemporary calf, spine gilt with raised bands.","og_url":"https:\/\/www.librairieclavreuil.com\/produit\/le-maire-les-voyages-du-sieur-le-maire-aux-isles-canaries-cap-verd-senegal-et-gambie-sous-monsieur-dancourt-directeur-general-de-la-compagnie-daffrique\/","og_site_name":"Libairie Clavreuil","article_modified_time":"2024-07-19T14:20:52+00:00","og_image":[{"width":768,"height":1024,"url":"https:\/\/www.librairieclavreuil.com\/wp-content\/uploads\/2024\/04\/le-maire-les-voyages-du-sieur-le-maire-aux-isles-canaries-cap-verd-senegal-et-gambie-sous-monsieur-dancourt-directeur-general-de-la-compagnie-d-affriq-768x1024.jpg","type":"image\/jpeg"}],"twitter_card":"summary_large_image","schema":{"@context":"https:\/\/schema.org","@graph":[{"@type":"WebPage","@id":"https:\/\/www.librairieclavreuil.com\/produit\/le-maire-les-voyages-du-sieur-le-maire-aux-isles-canaries-cap-verd-senegal-et-gambie-sous-monsieur-dancourt-directeur-general-de-la-compagnie-daffrique\/","url":"https:\/\/www.librairieclavreuil.com\/produit\/le-maire-les-voyages-du-sieur-le-maire-aux-isles-canaries-cap-verd-senegal-et-gambie-sous-monsieur-dancourt-directeur-general-de-la-compagnie-daffrique\/","name":"LE MAIRE Les voyages du sieur Le Maire aux Isles Canaries, Cap-Verd, S\u00e9n\u00e9gal, et Gambie, sous Monsieur Dancourt, Directeur G\u00e9n\u00e9ral de la Compagnie d'Affrique. - Libairie Clavreuil","isPartOf":{"@id":"https:\/\/www.librairieclavreuil.com\/#website"},"primaryImageOfPage":{"@id":"https:\/\/www.librairieclavreuil.com\/produit\/le-maire-les-voyages-du-sieur-le-maire-aux-isles-canaries-cap-verd-senegal-et-gambie-sous-monsieur-dancourt-directeur-general-de-la-compagnie-daffrique\/#primaryimage"},"image":{"@id":"https:\/\/www.librairieclavreuil.com\/produit\/le-maire-les-voyages-du-sieur-le-maire-aux-isles-canaries-cap-verd-senegal-et-gambie-sous-monsieur-dancourt-directeur-general-de-la-compagnie-daffrique\/#primaryimage"},"thumbnailUrl":"https:\/\/www.librairieclavreuil.com\/wp-content\/uploads\/2024\/04\/le-maire-les-voyages-du-sieur-le-maire-aux-isles-canaries-cap-verd-senegal-et-gambie-sous-monsieur-dancourt-directeur-general-de-la-compagnie-d-affriq.jpg","datePublished":"2024-04-24T16:11:41+00:00","dateModified":"2024-07-19T14:20:52+00:00","breadcrumb":{"@id":"https:\/\/www.librairieclavreuil.com\/produit\/le-maire-les-voyages-du-sieur-le-maire-aux-isles-canaries-cap-verd-senegal-et-gambie-sous-monsieur-dancourt-directeur-general-de-la-compagnie-daffrique\/#breadcrumb"},"inLanguage":"en-US","potentialAction":[{"@type":"ReadAction","target":["https:\/\/www.librairieclavreuil.com\/produit\/le-maire-les-voyages-du-sieur-le-maire-aux-isles-canaries-cap-verd-senegal-et-gambie-sous-monsieur-dancourt-directeur-general-de-la-compagnie-daffrique\/"]}]},{"@type":"ImageObject","inLanguage":"en-US","@id":"https:\/\/www.librairieclavreuil.com\/produit\/le-maire-les-voyages-du-sieur-le-maire-aux-isles-canaries-cap-verd-senegal-et-gambie-sous-monsieur-dancourt-directeur-general-de-la-compagnie-daffrique\/#primaryimage","url":"https:\/\/www.librairieclavreuil.com\/wp-content\/uploads\/2024\/04\/le-maire-les-voyages-du-sieur-le-maire-aux-isles-canaries-cap-verd-senegal-et-gambie-sous-monsieur-dancourt-directeur-general-de-la-compagnie-d-affriq.jpg","contentUrl":"https:\/\/www.librairieclavreuil.com\/wp-content\/uploads\/2024\/04\/le-maire-les-voyages-du-sieur-le-maire-aux-isles-canaries-cap-verd-senegal-et-gambie-sous-monsieur-dancourt-directeur-general-de-la-compagnie-d-affriq.jpg","width":1784,"height":2379},{"@type":"BreadcrumbList","@id":"https:\/\/www.librairieclavreuil.com\/produit\/le-maire-les-voyages-du-sieur-le-maire-aux-isles-canaries-cap-verd-senegal-et-gambie-sous-monsieur-dancourt-directeur-general-de-la-compagnie-daffrique\/#breadcrumb","itemListElement":[{"@type":"ListItem","position":1,"name":"Accueil","item":"https:\/\/www.librairieclavreuil.com\/"},{"@type":"ListItem","position":2,"name":"All our books","item":"https:\/\/www.librairieclavreuil.com\/en\/all-our-books\/"},{"@type":"ListItem","position":3,"name":"LE MAIRE Les voyages du sieur Le Maire..."}]},{"@type":"WebSite","@id":"https:\/\/www.librairieclavreuil.com\/#website","url":"https:\/\/www.librairieclavreuil.com\/","name":"Libairie Clavreuil","description":"Livres anciens, manuscrits rares et \u00e9ditions originales \u2013 Librairie Clavreuil","publisher":{"@id":"https:\/\/www.librairieclavreuil.com\/#organization"},"potentialAction":[{"@type":"SearchAction","target":{"@type":"EntryPoint","urlTemplate":"https:\/\/www.librairieclavreuil.com\/?s={search_term_string}"},"query-input":{"@type":"PropertyValueSpecification","valueRequired":true,"valueName":"search_term_string"}}],"inLanguage":"en-US"},{"@type":"Organization","@id":"https:\/\/www.librairieclavreuil.com\/#organization","name":"Libairie Clavreuil","url":"https:\/\/www.librairieclavreuil.com\/","logo":{"@type":"ImageObject","inLanguage":"en-US","@id":"https:\/\/www.librairieclavreuil.com\/#\/schema\/logo\/image\/","url":"https:\/\/www.librairieclavreuil.com\/wp-content\/uploads\/2021\/06\/cropped-LOGO_PNG_DATE-_gold-512x512-1.png","contentUrl":"https:\/\/www.librairieclavreuil.com\/wp-content\/uploads\/2021\/06\/cropped-LOGO_PNG_DATE-_gold-512x512-1.png","width":512,"height":512,"caption":"Libairie Clavreuil"},"image":{"@id":"https:\/\/www.librairieclavreuil.com\/#\/schema\/logo\/image\/"},"sameAs":["https:\/\/www.instagram.com\/librairieclavreuil\/"]}]}},"jetpack_sharing_enabled":true,"_links":{"self":[{"href":"https:\/\/www.librairieclavreuil.com\/en\/wp-json\/wp\/v2\/product\/75798","targetHints":{"allow":["GET"]}}],"collection":[{"href":"https:\/\/www.librairieclavreuil.com\/en\/wp-json\/wp\/v2\/product"}],"about":[{"href":"https:\/\/www.librairieclavreuil.com\/en\/wp-json\/wp\/v2\/types\/product"}],"replies":[{"embeddable":true,"href":"https:\/\/www.librairieclavreuil.com\/en\/wp-json\/wp\/v2\/comments?post=75798"}],"wp:featuredmedia":[{"embeddable":true,"href":"https:\/\/www.librairieclavreuil.com\/en\/wp-json\/wp\/v2\/media\/75793"}],"wp:attachment":[{"href":"https:\/\/www.librairieclavreuil.com\/en\/wp-json\/wp\/v2\/media?parent=75798"}],"wp:term":[{"taxonomy":"product_brand","embeddable":true,"href":"https:\/\/www.librairieclavreuil.com\/en\/wp-json\/wp\/v2\/product_brand?post=75798"},{"taxonomy":"product_cat","embeddable":true,"href":"https:\/\/www.librairieclavreuil.com\/en\/wp-json\/wp\/v2\/product_cat?post=75798"},{"taxonomy":"product_tag","embeddable":true,"href":"https:\/\/www.librairieclavreuil.com\/en\/wp-json\/wp\/v2\/product_tag?post=75798"}],"curies":[{"name":"wp","href":"https:\/\/api.w.org\/{rel}","templated":true}]}}