{"id":75670,"date":"2024-04-24T17:43:15","date_gmt":"2024-04-24T15:43:15","guid":{"rendered":"https:\/\/clavreuil-wordpress.logiciel-arteo.fr\/rennell-james-description-historique-et-geographique-de-lindostan-traduite-de-langlais-par-j-b-boucheseiche-a-laquelle-on-a-joint-des-melanges-dhistoire-et-de-statistique-sur-linde-traduit\/"},"modified":"2024-10-25T10:43:57","modified_gmt":"2024-10-25T08:43:57","slug":"rennell-james-description-historique-et-geographique-de-lindostan-traduite-de-langlais-par-j-b-boucheseiche-a-laquelle-on-a-joint-des-melanges-dhistoire-et-de-statistique-sur-linde-traduit","status":"publish","type":"product","link":"https:\/\/www.librairieclavreuil.com\/en\/rennell-james-description-historique-et-geographique-de-lindostan-traduite-de-langlais-par-j-b-boucheseiche-a-laquelle-on-a-joint-des-melanges-dhistoire-et-de-statistique-sur-linde-traduit\/","title":{"rendered":"RENNELL James Description historique et g\u00e9ographique de l&#8217;Indostan...."},"content":{"rendered":"<p><i>See Lowndes, III, 2071 (for the third English edition, 1793, &#8220;an invaluable work&#8221;).<\/i><\/p>\n<p><span style=\"font-variant:small-caps\">First edition of the French translation by Boucheseiche<\/span> (there also was a pirated edition, published the same year in Leipzig). This translation is enriched with statistical details on India which are not found in the English edition.<\/p>\n<p>&#8220;Les additions&#8230; contiennent de savantes recherches sur l&#8217;origine, les sciences et les arts des Indous, ainsi que des d\u00e9tails curieux sur quelques autres nations peu connues&#8221; (introduction, p. VII). James Rennell (1742-1830), historian, geographer, and oceanographer, created one of the earliest accurate maps of India and particularly of Bengal in his capacity as Surveyor General of that region. He was one of the founders of the prestigious Royal Geographical Society in London and is considered to be the father of the survey of India. The maps of the atlas were revised by Buache, and include Rendell&#8217;s famous general map of India, &#8220;his second great work. the construction of the first approximately correct map of India&#8221; (DNB).<\/p>\n<p>Having joined the navy in 1756, Rennell accompanied the geographer Alexander Dalrymple on his voyage to the Philippines in 1763, joined the East India Company in 1763, and then joined the Bengal engineers in April 1764. During his service, which lasted until 1777, he carried out work as a general surveyor. After his return to London in the same year he devoted his life to geographical studies and published important maps including the famous Atlas of Bengal (1779).<\/p>\n<p>A very good copy, complete with the rare atlas with the famous map of India in four large folding sheets.<\/p>\n","protected":false},"excerpt":{"rendered":"<p style=\"text-align:justify\">3 text volumes 8vo (220 x 137 mm) XXVIII, 302 pp. for volume I; 2 unn.ll., 410 pp. for volume II; 2 nn.ll. 462 pp. for volume III ; and one atlas volume 4to (270 x 222 mm) 39 pp., 11 engraved folding plates. Text bound in contemporary red morocco backed boards, flat spines gilt, atlas bound in style.<\/p>\n","protected":false},"featured_media":75659,"comment_status":"open","ping_status":"closed","template":"","meta":{"_acf_changed":false},"product_brand":[],"product_cat":[552],"product_tag":[1384],"class_list":{"0":"post-75670","1":"product","2":"type-product","3":"status-publish","4":"has-post-thumbnail","6":"product_cat-travel","7":"product_tag-india","8":"pa_auteur-rennell-james-2","9":"pa_type-de-livre-printed-book","11":"first","12":"instock","13":"shipping-taxable","14":"purchasable","15":"product-type-simple"},"acf":{"artist":" James RENNELL","chapeau":"","adresse_bibliographique":"Paris, Poign\u00e9e, 1800","book_type":"Printed book","provenance":"","afficher_prix":""},"yoast_head":"<!-- This site is optimized with the Yoast SEO plugin v24.7 - https:\/\/yoast.com\/wordpress\/plugins\/seo\/ -->\n<title>RENNELL James Description historique et g\u00e9ographique de l&#039;Indostan. Traduite de l&#039;anglais par J.B. Boucheseiche \u00e0 laquelle on a joint des m\u00e9langes d&#039;histoire et de statistique sur l&#039;Inde, traduits par J. Cast\u00e9ra. - Libairie Clavreuil<\/title>\n<meta name=\"robots\" content=\"index, follow, max-snippet:-1, max-image-preview:large, max-video-preview:-1\" \/>\n<link rel=\"canonical\" href=\"https:\/\/www.librairieclavreuil.com\/produit\/rennell-james-description-historique-et-geographique-de-lindostan-traduite-de-langlais-par-j-b-boucheseiche-a-laquelle-on-a-joint-des-melanges-dhistoire-et-de-statistique-sur-linde-traduit\/\" \/>\n<meta property=\"og:locale\" content=\"en_US\" \/>\n<meta property=\"og:type\" content=\"article\" \/>\n<meta property=\"og:title\" content=\"RENNELL James Description historique et g\u00e9ographique de l&#039;Indostan. Traduite de l&#039;anglais par J.B. Boucheseiche \u00e0 laquelle on a joint des m\u00e9langes d&#039;histoire et de statistique sur l&#039;Inde, traduits par J. Cast\u00e9ra. - Libairie Clavreuil\" \/>\n<meta property=\"og:description\" content=\"3 text volumes 8vo (220 x 137 mm) XXVIII, 302 pp. for volume I; 2 unn.ll., 410 pp. for volume II; 2 nn.ll. 462 pp. for volume III ; and one atlas volume 4to (270 x 222 mm) 39 pp., 11 engraved folding plates. Text bound in contemporary red morocco backed boards, flat spines gilt, atlas bound in style.\" \/>\n<meta property=\"og:url\" content=\"https:\/\/www.librairieclavreuil.com\/produit\/rennell-james-description-historique-et-geographique-de-lindostan-traduite-de-langlais-par-j-b-boucheseiche-a-laquelle-on-a-joint-des-melanges-dhistoire-et-de-statistique-sur-linde-traduit\/\" \/>\n<meta property=\"og:site_name\" content=\"Libairie Clavreuil\" \/>\n<meta property=\"article:modified_time\" content=\"2024-10-25T08:43:57+00:00\" \/>\n<meta property=\"og:image\" content=\"https:\/\/www.librairieclavreuil.com\/wp-content\/uploads\/2024\/04\/james-rennell-description-historique-et-geographique-de-l-indostan-traduite-de-l-anglais-par-j-b-boucheseiche-a-laquelle-on-a-joint-des-melanges-d-his-scaled.jpg\" \/>\n\t<meta property=\"og:image:width\" content=\"2560\" \/>\n\t<meta property=\"og:image:height\" content=\"2116\" \/>\n\t<meta property=\"og:image:type\" content=\"image\/jpeg\" \/>\n<meta name=\"twitter:card\" content=\"summary_large_image\" \/>\n<meta name=\"twitter:label1\" content=\"Est. reading time\" \/>\n\t<meta name=\"twitter:data1\" content=\"1 minute\" \/>\n<script type=\"application\/ld+json\" class=\"yoast-schema-graph\">{\"@context\":\"https:\/\/schema.org\",\"@graph\":[{\"@type\":\"WebPage\",\"@id\":\"https:\/\/www.librairieclavreuil.com\/produit\/rennell-james-description-historique-et-geographique-de-lindostan-traduite-de-langlais-par-j-b-boucheseiche-a-laquelle-on-a-joint-des-melanges-dhistoire-et-de-statistique-sur-linde-traduit\/\",\"url\":\"https:\/\/www.librairieclavreuil.com\/produit\/rennell-james-description-historique-et-geographique-de-lindostan-traduite-de-langlais-par-j-b-boucheseiche-a-laquelle-on-a-joint-des-melanges-dhistoire-et-de-statistique-sur-linde-traduit\/\",\"name\":\"RENNELL James Description historique et g\u00e9ographique de l'Indostan. Traduite de l'anglais par J.B. Boucheseiche \u00e0 laquelle on a joint des m\u00e9langes d'histoire et de statistique sur l'Inde, traduits par J. Cast\u00e9ra. - Libairie Clavreuil\",\"isPartOf\":{\"@id\":\"https:\/\/www.librairieclavreuil.com\/#website\"},\"primaryImageOfPage\":{\"@id\":\"https:\/\/www.librairieclavreuil.com\/produit\/rennell-james-description-historique-et-geographique-de-lindostan-traduite-de-langlais-par-j-b-boucheseiche-a-laquelle-on-a-joint-des-melanges-dhistoire-et-de-statistique-sur-linde-traduit\/#primaryimage\"},\"image\":{\"@id\":\"https:\/\/www.librairieclavreuil.com\/produit\/rennell-james-description-historique-et-geographique-de-lindostan-traduite-de-langlais-par-j-b-boucheseiche-a-laquelle-on-a-joint-des-melanges-dhistoire-et-de-statistique-sur-linde-traduit\/#primaryimage\"},\"thumbnailUrl\":\"https:\/\/www.librairieclavreuil.com\/wp-content\/uploads\/2024\/04\/james-rennell-description-historique-et-geographique-de-l-indostan-traduite-de-l-anglais-par-j-b-boucheseiche-a-laquelle-on-a-joint-des-melanges-d-his-scaled.jpg\",\"datePublished\":\"2024-04-24T15:43:15+00:00\",\"dateModified\":\"2024-10-25T08:43:57+00:00\",\"breadcrumb\":{\"@id\":\"https:\/\/www.librairieclavreuil.com\/produit\/rennell-james-description-historique-et-geographique-de-lindostan-traduite-de-langlais-par-j-b-boucheseiche-a-laquelle-on-a-joint-des-melanges-dhistoire-et-de-statistique-sur-linde-traduit\/#breadcrumb\"},\"inLanguage\":\"en-US\",\"potentialAction\":[{\"@type\":\"ReadAction\",\"target\":[\"https:\/\/www.librairieclavreuil.com\/produit\/rennell-james-description-historique-et-geographique-de-lindostan-traduite-de-langlais-par-j-b-boucheseiche-a-laquelle-on-a-joint-des-melanges-dhistoire-et-de-statistique-sur-linde-traduit\/\"]}]},{\"@type\":\"ImageObject\",\"inLanguage\":\"en-US\",\"@id\":\"https:\/\/www.librairieclavreuil.com\/produit\/rennell-james-description-historique-et-geographique-de-lindostan-traduite-de-langlais-par-j-b-boucheseiche-a-laquelle-on-a-joint-des-melanges-dhistoire-et-de-statistique-sur-linde-traduit\/#primaryimage\",\"url\":\"https:\/\/www.librairieclavreuil.com\/wp-content\/uploads\/2024\/04\/james-rennell-description-historique-et-geographique-de-l-indostan-traduite-de-l-anglais-par-j-b-boucheseiche-a-laquelle-on-a-joint-des-melanges-d-his-scaled.jpg\",\"contentUrl\":\"https:\/\/www.librairieclavreuil.com\/wp-content\/uploads\/2024\/04\/james-rennell-description-historique-et-geographique-de-l-indostan-traduite-de-l-anglais-par-j-b-boucheseiche-a-laquelle-on-a-joint-des-melanges-d-his-scaled.jpg\",\"width\":2560,\"height\":2116},{\"@type\":\"BreadcrumbList\",\"@id\":\"https:\/\/www.librairieclavreuil.com\/produit\/rennell-james-description-historique-et-geographique-de-lindostan-traduite-de-langlais-par-j-b-boucheseiche-a-laquelle-on-a-joint-des-melanges-dhistoire-et-de-statistique-sur-linde-traduit\/#breadcrumb\",\"itemListElement\":[{\"@type\":\"ListItem\",\"position\":1,\"name\":\"Accueil\",\"item\":\"https:\/\/www.librairieclavreuil.com\/\"},{\"@type\":\"ListItem\",\"position\":2,\"name\":\"All our books\",\"item\":\"https:\/\/www.librairieclavreuil.com\/en\/all-our-books\/\"},{\"@type\":\"ListItem\",\"position\":3,\"name\":\"RENNELL James Description historique et g\u00e9ographique de l&rsquo;Indostan....\"}]},{\"@type\":\"WebSite\",\"@id\":\"https:\/\/www.librairieclavreuil.com\/#website\",\"url\":\"https:\/\/www.librairieclavreuil.com\/\",\"name\":\"Libairie Clavreuil\",\"description\":\"Livres anciens, manuscrits rares et \u00e9ditions originales \u2013 Librairie Clavreuil\",\"publisher\":{\"@id\":\"https:\/\/www.librairieclavreuil.com\/#organization\"},\"potentialAction\":[{\"@type\":\"SearchAction\",\"target\":{\"@type\":\"EntryPoint\",\"urlTemplate\":\"https:\/\/www.librairieclavreuil.com\/?s={search_term_string}\"},\"query-input\":{\"@type\":\"PropertyValueSpecification\",\"valueRequired\":true,\"valueName\":\"search_term_string\"}}],\"inLanguage\":\"en-US\"},{\"@type\":\"Organization\",\"@id\":\"https:\/\/www.librairieclavreuil.com\/#organization\",\"name\":\"Libairie Clavreuil\",\"url\":\"https:\/\/www.librairieclavreuil.com\/\",\"logo\":{\"@type\":\"ImageObject\",\"inLanguage\":\"en-US\",\"@id\":\"https:\/\/www.librairieclavreuil.com\/#\/schema\/logo\/image\/\",\"url\":\"https:\/\/www.librairieclavreuil.com\/wp-content\/uploads\/2021\/06\/cropped-LOGO_PNG_DATE-_gold-512x512-1.png\",\"contentUrl\":\"https:\/\/www.librairieclavreuil.com\/wp-content\/uploads\/2021\/06\/cropped-LOGO_PNG_DATE-_gold-512x512-1.png\",\"width\":512,\"height\":512,\"caption\":\"Libairie Clavreuil\"},\"image\":{\"@id\":\"https:\/\/www.librairieclavreuil.com\/#\/schema\/logo\/image\/\"},\"sameAs\":[\"https:\/\/www.instagram.com\/librairieclavreuil\/\"]}]}<\/script>\n<!-- \/ Yoast SEO plugin. -->","yoast_head_json":{"title":"RENNELL James Description historique et g\u00e9ographique de l'Indostan. Traduite de l'anglais par J.B. Boucheseiche \u00e0 laquelle on a joint des m\u00e9langes d'histoire et de statistique sur l'Inde, traduits par J. Cast\u00e9ra. - Libairie Clavreuil","robots":{"index":"index","follow":"follow","max-snippet":"max-snippet:-1","max-image-preview":"max-image-preview:large","max-video-preview":"max-video-preview:-1"},"canonical":"https:\/\/www.librairieclavreuil.com\/produit\/rennell-james-description-historique-et-geographique-de-lindostan-traduite-de-langlais-par-j-b-boucheseiche-a-laquelle-on-a-joint-des-melanges-dhistoire-et-de-statistique-sur-linde-traduit\/","og_locale":"en_US","og_type":"article","og_title":"RENNELL James Description historique et g\u00e9ographique de l'Indostan. Traduite de l'anglais par J.B. Boucheseiche \u00e0 laquelle on a joint des m\u00e9langes d'histoire et de statistique sur l'Inde, traduits par J. Cast\u00e9ra. - Libairie Clavreuil","og_description":"3 text volumes 8vo (220 x 137 mm) XXVIII, 302 pp. for volume I; 2 unn.ll., 410 pp. for volume II; 2 nn.ll. 462 pp. for volume III ; and one atlas volume 4to (270 x 222 mm) 39 pp., 11 engraved folding plates. Text bound in contemporary red morocco backed boards, flat spines gilt, atlas bound in style.","og_url":"https:\/\/www.librairieclavreuil.com\/produit\/rennell-james-description-historique-et-geographique-de-lindostan-traduite-de-langlais-par-j-b-boucheseiche-a-laquelle-on-a-joint-des-melanges-dhistoire-et-de-statistique-sur-linde-traduit\/","og_site_name":"Libairie Clavreuil","article_modified_time":"2024-10-25T08:43:57+00:00","og_image":[{"width":2560,"height":2116,"url":"https:\/\/www.librairieclavreuil.com\/wp-content\/uploads\/2024\/04\/james-rennell-description-historique-et-geographique-de-l-indostan-traduite-de-l-anglais-par-j-b-boucheseiche-a-laquelle-on-a-joint-des-melanges-d-his-scaled.jpg","type":"image\/jpeg"}],"twitter_card":"summary_large_image","twitter_misc":{"Est. reading time":"1 minute"},"schema":{"@context":"https:\/\/schema.org","@graph":[{"@type":"WebPage","@id":"https:\/\/www.librairieclavreuil.com\/produit\/rennell-james-description-historique-et-geographique-de-lindostan-traduite-de-langlais-par-j-b-boucheseiche-a-laquelle-on-a-joint-des-melanges-dhistoire-et-de-statistique-sur-linde-traduit\/","url":"https:\/\/www.librairieclavreuil.com\/produit\/rennell-james-description-historique-et-geographique-de-lindostan-traduite-de-langlais-par-j-b-boucheseiche-a-laquelle-on-a-joint-des-melanges-dhistoire-et-de-statistique-sur-linde-traduit\/","name":"RENNELL James Description historique et g\u00e9ographique de l'Indostan. Traduite de l'anglais par J.B. Boucheseiche \u00e0 laquelle on a joint des m\u00e9langes d'histoire et de statistique sur l'Inde, traduits par J. Cast\u00e9ra. - Libairie Clavreuil","isPartOf":{"@id":"https:\/\/www.librairieclavreuil.com\/#website"},"primaryImageOfPage":{"@id":"https:\/\/www.librairieclavreuil.com\/produit\/rennell-james-description-historique-et-geographique-de-lindostan-traduite-de-langlais-par-j-b-boucheseiche-a-laquelle-on-a-joint-des-melanges-dhistoire-et-de-statistique-sur-linde-traduit\/#primaryimage"},"image":{"@id":"https:\/\/www.librairieclavreuil.com\/produit\/rennell-james-description-historique-et-geographique-de-lindostan-traduite-de-langlais-par-j-b-boucheseiche-a-laquelle-on-a-joint-des-melanges-dhistoire-et-de-statistique-sur-linde-traduit\/#primaryimage"},"thumbnailUrl":"https:\/\/www.librairieclavreuil.com\/wp-content\/uploads\/2024\/04\/james-rennell-description-historique-et-geographique-de-l-indostan-traduite-de-l-anglais-par-j-b-boucheseiche-a-laquelle-on-a-joint-des-melanges-d-his-scaled.jpg","datePublished":"2024-04-24T15:43:15+00:00","dateModified":"2024-10-25T08:43:57+00:00","breadcrumb":{"@id":"https:\/\/www.librairieclavreuil.com\/produit\/rennell-james-description-historique-et-geographique-de-lindostan-traduite-de-langlais-par-j-b-boucheseiche-a-laquelle-on-a-joint-des-melanges-dhistoire-et-de-statistique-sur-linde-traduit\/#breadcrumb"},"inLanguage":"en-US","potentialAction":[{"@type":"ReadAction","target":["https:\/\/www.librairieclavreuil.com\/produit\/rennell-james-description-historique-et-geographique-de-lindostan-traduite-de-langlais-par-j-b-boucheseiche-a-laquelle-on-a-joint-des-melanges-dhistoire-et-de-statistique-sur-linde-traduit\/"]}]},{"@type":"ImageObject","inLanguage":"en-US","@id":"https:\/\/www.librairieclavreuil.com\/produit\/rennell-james-description-historique-et-geographique-de-lindostan-traduite-de-langlais-par-j-b-boucheseiche-a-laquelle-on-a-joint-des-melanges-dhistoire-et-de-statistique-sur-linde-traduit\/#primaryimage","url":"https:\/\/www.librairieclavreuil.com\/wp-content\/uploads\/2024\/04\/james-rennell-description-historique-et-geographique-de-l-indostan-traduite-de-l-anglais-par-j-b-boucheseiche-a-laquelle-on-a-joint-des-melanges-d-his-scaled.jpg","contentUrl":"https:\/\/www.librairieclavreuil.com\/wp-content\/uploads\/2024\/04\/james-rennell-description-historique-et-geographique-de-l-indostan-traduite-de-l-anglais-par-j-b-boucheseiche-a-laquelle-on-a-joint-des-melanges-d-his-scaled.jpg","width":2560,"height":2116},{"@type":"BreadcrumbList","@id":"https:\/\/www.librairieclavreuil.com\/produit\/rennell-james-description-historique-et-geographique-de-lindostan-traduite-de-langlais-par-j-b-boucheseiche-a-laquelle-on-a-joint-des-melanges-dhistoire-et-de-statistique-sur-linde-traduit\/#breadcrumb","itemListElement":[{"@type":"ListItem","position":1,"name":"Accueil","item":"https:\/\/www.librairieclavreuil.com\/"},{"@type":"ListItem","position":2,"name":"All our books","item":"https:\/\/www.librairieclavreuil.com\/en\/all-our-books\/"},{"@type":"ListItem","position":3,"name":"RENNELL James Description historique et g\u00e9ographique de l&rsquo;Indostan...."}]},{"@type":"WebSite","@id":"https:\/\/www.librairieclavreuil.com\/#website","url":"https:\/\/www.librairieclavreuil.com\/","name":"Libairie Clavreuil","description":"Livres anciens, manuscrits rares et \u00e9ditions originales \u2013 Librairie Clavreuil","publisher":{"@id":"https:\/\/www.librairieclavreuil.com\/#organization"},"potentialAction":[{"@type":"SearchAction","target":{"@type":"EntryPoint","urlTemplate":"https:\/\/www.librairieclavreuil.com\/?s={search_term_string}"},"query-input":{"@type":"PropertyValueSpecification","valueRequired":true,"valueName":"search_term_string"}}],"inLanguage":"en-US"},{"@type":"Organization","@id":"https:\/\/www.librairieclavreuil.com\/#organization","name":"Libairie Clavreuil","url":"https:\/\/www.librairieclavreuil.com\/","logo":{"@type":"ImageObject","inLanguage":"en-US","@id":"https:\/\/www.librairieclavreuil.com\/#\/schema\/logo\/image\/","url":"https:\/\/www.librairieclavreuil.com\/wp-content\/uploads\/2021\/06\/cropped-LOGO_PNG_DATE-_gold-512x512-1.png","contentUrl":"https:\/\/www.librairieclavreuil.com\/wp-content\/uploads\/2021\/06\/cropped-LOGO_PNG_DATE-_gold-512x512-1.png","width":512,"height":512,"caption":"Libairie Clavreuil"},"image":{"@id":"https:\/\/www.librairieclavreuil.com\/#\/schema\/logo\/image\/"},"sameAs":["https:\/\/www.instagram.com\/librairieclavreuil\/"]}]}},"jetpack_sharing_enabled":true,"_links":{"self":[{"href":"https:\/\/www.librairieclavreuil.com\/en\/wp-json\/wp\/v2\/product\/75670","targetHints":{"allow":["GET"]}}],"collection":[{"href":"https:\/\/www.librairieclavreuil.com\/en\/wp-json\/wp\/v2\/product"}],"about":[{"href":"https:\/\/www.librairieclavreuil.com\/en\/wp-json\/wp\/v2\/types\/product"}],"replies":[{"embeddable":true,"href":"https:\/\/www.librairieclavreuil.com\/en\/wp-json\/wp\/v2\/comments?post=75670"}],"wp:featuredmedia":[{"embeddable":true,"href":"https:\/\/www.librairieclavreuil.com\/en\/wp-json\/wp\/v2\/media\/75659"}],"wp:attachment":[{"href":"https:\/\/www.librairieclavreuil.com\/en\/wp-json\/wp\/v2\/media?parent=75670"}],"wp:term":[{"taxonomy":"product_brand","embeddable":true,"href":"https:\/\/www.librairieclavreuil.com\/en\/wp-json\/wp\/v2\/product_brand?post=75670"},{"taxonomy":"product_cat","embeddable":true,"href":"https:\/\/www.librairieclavreuil.com\/en\/wp-json\/wp\/v2\/product_cat?post=75670"},{"taxonomy":"product_tag","embeddable":true,"href":"https:\/\/www.librairieclavreuil.com\/en\/wp-json\/wp\/v2\/product_tag?post=75670"}],"curies":[{"name":"wp","href":"https:\/\/api.w.org\/{rel}","templated":true}]}}