{"id":75644,"date":"2024-04-24T17:29:03","date_gmt":"2024-04-24T15:29:03","guid":{"rendered":"https:\/\/clavreuil-wordpress.logiciel-arteo.fr\/thevenot-jean-de-relations-de-divers-voyages-curieux-qui-nont-point-este-publiees-et-quon-a-traduit-ou-tire-des-originaux-des-voyageurs-francois-espagnols-allemands-portugais-anglois-holla\/"},"modified":"2024-09-16T10:44:03","modified_gmt":"2024-09-16T08:44:03","slug":"thevenot-jean-de-relations-de-divers-voyages-curieux-qui-nont-point-este-publiees-et-quon-a-traduit-ou-tire-des-originaux-des-voyageurs-francois-espagnols-allemands-portugais-anglois-holla","status":"publish","type":"product","link":"https:\/\/www.librairieclavreuil.com\/en\/thevenot-jean-de-relations-de-divers-voyages-curieux-qui-nont-point-este-publiees-et-quon-a-traduit-ou-tire-des-originaux-des-voyageurs-francois-espagnols-allemands-portugais-anglois-holla\/","title":{"rendered":"THEVENOT Melchis\u00e9dech Relations de divers voyages curieux, qui..."},"content":{"rendered":"<p style=\"text-align:justify\"><i>Bagnall, 5521; Bremer sale, 864; Church, 672 (4 parts only); Davidson Sale, 20; Davidson, &#8216;A Book Collector&#8217;s Notes&#8217;, pp. 28-9; Hocken, pp.2-4; JCB (1675-1700), pp. 335-341; Lach, &#8216;Asia in the Making of Europe&#8217;, III.3.1512-13 &amp; especially 1519-20; Tooley, 23.25 and plate XI; Brunet V, 810-813; Camus (Th\u00e9venot), 279-341; Cordier, Sinica, 1944, &amp; Japonica, 33; Gay, 134; Pardo de Tavera, 2701; Sabin, 95334; JCB (4), 335-341&nbsp; ; Alden, 696\/214. &#8211; See also Palau, Sommervogel, Streit, Medina, Tiele, Navarrete, Retana, etc.<\/i><\/p>\n<p style=\"text-align:justify\">The rare, best and first complete edition of one of the most important of all travel collections, lavishly illustrated, and especially significant for the first appearance of numerous descriptions of the Pacific, the Far East, Australia and the Philippines.<\/p>\n<p style=\"text-align:justify\">This was the first major work on Australia and the Pacific to receive a wide European readership. Sets of the work, containing all five parts, and particularly all of the required maps, are of great rarity. When complete, the geographical scope of the collection is nearly universal, taking in the Americas, China, Japan, Siam, the Philippines, Mongolia, India, Tartary, Egypt, Persia, Arabia, Asia Minor and Russia. Virtually all the component parts are enriched by illustration, the choice of material sometimes unpredictable and quite idiosyncratic: it ranges from detailed charts of coastlines suitable for navigational purposes, and a number of cartographically important maps, to depictions of botanical specimens, exotic cultural practices and writing systems.<\/p>\n<p style=\"text-align:justify\">The range and quirky variety makes this one of the visual feasts of travel literature. Melchis\u00e9dec Th\u00e9venot&#8217;s (1620?-1692) collection includes Pelsaert&#8217;s account of his discovery of Australia, documenting the experiences of the earliest European settlers on the continent and describing the Aboriginal people for the first time. Pelsaert recounts details of the wreck of the Batavia and his subsequent struggle with a mutinous crew. Accompanying the Pelsaert account is the rare and famous map of Abel Tasman&#8217;s discoveries, &#8216;one of the earliest charts devoted entirely to Australia and the first French map of the continent&#8217; (Davidson).<\/p>\n<p style=\"text-align:justify\">The first published result of Tasman&#8217;s great voyages, it was Th\u00e9venot&#8217;s map which gave the world the first clear idea of the shape and location of the new fifth continent. The Tasman map appeared in at least four different states: in this copy it is in its fourth and final state, with corrections, and with the addition of the Tropic of Capricorn, rhumb lines and Tasman track.<\/p>\n<p style=\"text-align:justify\">The volumes are illustrated with 15 folding maps and charts, including large folding maps of Australia, China, the Pacific, with the Philippines and Japan, and the map of Edo, North Japan (which is often lacking), 13 engraved plates of costumes, plants, animals, alphabets etc., 46 full-page woodcut plates of Mexican inscriptions and pictograms etc&#8230;Th\u00e9venot&#8217;s work has one of the most complicated publication histories, since it was published over the course of more than thirty years, and a comparison of copies, even in contemporary bindings like that offered here, inevitably demonstrates some variation in organization and contents.<\/p>\n<p style=\"text-align:justify\">A very full collation of this complete copy has been prepared and is available on request.<\/p>\n","protected":false},"excerpt":{"rendered":"<p style=\"text-align:justify\">5 parts in 2 volumes folio (250 x 317 mm). Contemporary sheep, spine richly gilt, red edges.<\/p>\n","protected":false},"featured_media":75633,"comment_status":"open","ping_status":"closed","template":"","meta":{"_acf_changed":false},"product_brand":[],"product_cat":[552],"product_tag":[1409],"class_list":{"0":"post-75644","1":"product","2":"type-product","3":"status-publish","4":"has-post-thumbnail","6":"product_cat-travel","7":"product_tag-oceania","8":"pa_auteur-thevenot-melchisedech-2","9":"pa_type-de-livre-printed-book","11":"first","12":"instock","13":"shipping-taxable","14":"purchasable","15":"product-type-simple"},"acf":{"artist":"Melchis\u00e9dech THEVENOT","chapeau":"One of the most important of all travel collections","adresse_bibliographique":"Paris, Thomas Moette, 1696","book_type":"Printed book","provenance":"","afficher_prix":""},"yoast_head":"<!-- This site is optimized with the Yoast SEO plugin v24.7 - https:\/\/yoast.com\/wordpress\/plugins\/seo\/ -->\n<title>THEVENOT Melchis\u00e9dech Relations de divers voyages curieux, qui n&#039;ont point est\u00e9 publi\u00e9es, et qu&#039;on a traduit ou tir\u00e9 des Originaux des Voyageurs Fran\u00e7ois, Espagnols, Allemands, Portugais, Anglois, Hollandois, Persans, Arabes &amp; autres Orientaux\u2026 Le tout enrichi de figures, de plantes non d\u00e9crites, d&#039;Animaux inconnus \u00e0 l&#039;Europe, &amp; de Cartes Geographiques, qui n&#039;ont point encore \u00e9t\u00e9 publi\u00e9es. Nouvelle \u00e9dition, augment\u00e9e de plusieurs Relations curieuses. - Libairie Clavreuil<\/title>\n<meta name=\"robots\" content=\"index, follow, max-snippet:-1, max-image-preview:large, max-video-preview:-1\" \/>\n<link rel=\"canonical\" href=\"https:\/\/www.librairieclavreuil.com\/produit\/thevenot-jean-de-relations-de-divers-voyages-curieux-qui-nont-point-este-publiees-et-quon-a-traduit-ou-tire-des-originaux-des-voyageurs-francois-espagnols-allemands-portugais-anglois-holla\/\" \/>\n<meta property=\"og:locale\" content=\"en_US\" \/>\n<meta property=\"og:type\" content=\"article\" \/>\n<meta property=\"og:title\" content=\"THEVENOT Melchis\u00e9dech Relations de divers voyages curieux, qui n&#039;ont point est\u00e9 publi\u00e9es, et qu&#039;on a traduit ou tir\u00e9 des Originaux des Voyageurs Fran\u00e7ois, Espagnols, Allemands, Portugais, Anglois, Hollandois, Persans, Arabes &amp; autres Orientaux\u2026 Le tout enrichi de figures, de plantes non d\u00e9crites, d&#039;Animaux inconnus \u00e0 l&#039;Europe, &amp; de Cartes Geographiques, qui n&#039;ont point encore \u00e9t\u00e9 publi\u00e9es. Nouvelle \u00e9dition, augment\u00e9e de plusieurs Relations curieuses. - Libairie Clavreuil\" \/>\n<meta property=\"og:description\" content=\"5 parts in 2 volumes folio (250 x 317 mm). Contemporary sheep, spine richly gilt, red edges.\" \/>\n<meta property=\"og:url\" content=\"https:\/\/www.librairieclavreuil.com\/produit\/thevenot-jean-de-relations-de-divers-voyages-curieux-qui-nont-point-este-publiees-et-quon-a-traduit-ou-tire-des-originaux-des-voyageurs-francois-espagnols-allemands-portugais-anglois-holla\/\" \/>\n<meta property=\"og:site_name\" content=\"Libairie Clavreuil\" \/>\n<meta property=\"article:modified_time\" content=\"2024-09-16T08:44:03+00:00\" \/>\n<meta property=\"og:image\" content=\"https:\/\/www.librairieclavreuil.com\/wp-content\/uploads\/2024\/04\/jean-de-thevenot-relations-de-divers-voyages-curieux-qui-n-ont-point-este-publiees-et-qu-on-a-traduit-ou-tire-des-originaux-des-voyageurs-francois-esp-scaled.jpg\" \/>\n\t<meta property=\"og:image:width\" content=\"2560\" \/>\n\t<meta property=\"og:image:height\" content=\"2161\" \/>\n\t<meta property=\"og:image:type\" content=\"image\/jpeg\" \/>\n<meta name=\"twitter:card\" content=\"summary_large_image\" \/>\n<meta name=\"twitter:label1\" content=\"Est. reading time\" \/>\n\t<meta name=\"twitter:data1\" content=\"2 minutes\" \/>\n<script type=\"application\/ld+json\" class=\"yoast-schema-graph\">{\"@context\":\"https:\/\/schema.org\",\"@graph\":[{\"@type\":\"WebPage\",\"@id\":\"https:\/\/www.librairieclavreuil.com\/produit\/thevenot-jean-de-relations-de-divers-voyages-curieux-qui-nont-point-este-publiees-et-quon-a-traduit-ou-tire-des-originaux-des-voyageurs-francois-espagnols-allemands-portugais-anglois-holla\/\",\"url\":\"https:\/\/www.librairieclavreuil.com\/produit\/thevenot-jean-de-relations-de-divers-voyages-curieux-qui-nont-point-este-publiees-et-quon-a-traduit-ou-tire-des-originaux-des-voyageurs-francois-espagnols-allemands-portugais-anglois-holla\/\",\"name\":\"THEVENOT Melchis\u00e9dech Relations de divers voyages curieux, qui n'ont point est\u00e9 publi\u00e9es, et qu'on a traduit ou tir\u00e9 des Originaux des Voyageurs Fran\u00e7ois, Espagnols, Allemands, Portugais, Anglois, Hollandois, Persans, Arabes &amp; autres Orientaux\u2026 Le tout enrichi de figures, de plantes non d\u00e9crites, d'Animaux inconnus \u00e0 l'Europe, &amp; de Cartes Geographiques, qui n'ont point encore \u00e9t\u00e9 publi\u00e9es. Nouvelle \u00e9dition, augment\u00e9e de plusieurs Relations curieuses. - Libairie Clavreuil\",\"isPartOf\":{\"@id\":\"https:\/\/www.librairieclavreuil.com\/#website\"},\"primaryImageOfPage\":{\"@id\":\"https:\/\/www.librairieclavreuil.com\/produit\/thevenot-jean-de-relations-de-divers-voyages-curieux-qui-nont-point-este-publiees-et-quon-a-traduit-ou-tire-des-originaux-des-voyageurs-francois-espagnols-allemands-portugais-anglois-holla\/#primaryimage\"},\"image\":{\"@id\":\"https:\/\/www.librairieclavreuil.com\/produit\/thevenot-jean-de-relations-de-divers-voyages-curieux-qui-nont-point-este-publiees-et-quon-a-traduit-ou-tire-des-originaux-des-voyageurs-francois-espagnols-allemands-portugais-anglois-holla\/#primaryimage\"},\"thumbnailUrl\":\"https:\/\/www.librairieclavreuil.com\/wp-content\/uploads\/2024\/04\/jean-de-thevenot-relations-de-divers-voyages-curieux-qui-n-ont-point-este-publiees-et-qu-on-a-traduit-ou-tire-des-originaux-des-voyageurs-francois-esp-scaled.jpg\",\"datePublished\":\"2024-04-24T15:29:03+00:00\",\"dateModified\":\"2024-09-16T08:44:03+00:00\",\"breadcrumb\":{\"@id\":\"https:\/\/www.librairieclavreuil.com\/produit\/thevenot-jean-de-relations-de-divers-voyages-curieux-qui-nont-point-este-publiees-et-quon-a-traduit-ou-tire-des-originaux-des-voyageurs-francois-espagnols-allemands-portugais-anglois-holla\/#breadcrumb\"},\"inLanguage\":\"en-US\",\"potentialAction\":[{\"@type\":\"ReadAction\",\"target\":[\"https:\/\/www.librairieclavreuil.com\/produit\/thevenot-jean-de-relations-de-divers-voyages-curieux-qui-nont-point-este-publiees-et-quon-a-traduit-ou-tire-des-originaux-des-voyageurs-francois-espagnols-allemands-portugais-anglois-holla\/\"]}]},{\"@type\":\"ImageObject\",\"inLanguage\":\"en-US\",\"@id\":\"https:\/\/www.librairieclavreuil.com\/produit\/thevenot-jean-de-relations-de-divers-voyages-curieux-qui-nont-point-este-publiees-et-quon-a-traduit-ou-tire-des-originaux-des-voyageurs-francois-espagnols-allemands-portugais-anglois-holla\/#primaryimage\",\"url\":\"https:\/\/www.librairieclavreuil.com\/wp-content\/uploads\/2024\/04\/jean-de-thevenot-relations-de-divers-voyages-curieux-qui-n-ont-point-este-publiees-et-qu-on-a-traduit-ou-tire-des-originaux-des-voyageurs-francois-esp-scaled.jpg\",\"contentUrl\":\"https:\/\/www.librairieclavreuil.com\/wp-content\/uploads\/2024\/04\/jean-de-thevenot-relations-de-divers-voyages-curieux-qui-n-ont-point-este-publiees-et-qu-on-a-traduit-ou-tire-des-originaux-des-voyageurs-francois-esp-scaled.jpg\",\"width\":2560,\"height\":2161},{\"@type\":\"BreadcrumbList\",\"@id\":\"https:\/\/www.librairieclavreuil.com\/produit\/thevenot-jean-de-relations-de-divers-voyages-curieux-qui-nont-point-este-publiees-et-quon-a-traduit-ou-tire-des-originaux-des-voyageurs-francois-espagnols-allemands-portugais-anglois-holla\/#breadcrumb\",\"itemListElement\":[{\"@type\":\"ListItem\",\"position\":1,\"name\":\"Accueil\",\"item\":\"https:\/\/www.librairieclavreuil.com\/\"},{\"@type\":\"ListItem\",\"position\":2,\"name\":\"All our books\",\"item\":\"https:\/\/www.librairieclavreuil.com\/en\/all-our-books\/\"},{\"@type\":\"ListItem\",\"position\":3,\"name\":\"THEVENOT Melchis\u00e9dech Relations de divers voyages curieux, qui...\"}]},{\"@type\":\"WebSite\",\"@id\":\"https:\/\/www.librairieclavreuil.com\/#website\",\"url\":\"https:\/\/www.librairieclavreuil.com\/\",\"name\":\"Libairie Clavreuil\",\"description\":\"Livres anciens, manuscrits rares et \u00e9ditions originales \u2013 Librairie Clavreuil\",\"publisher\":{\"@id\":\"https:\/\/www.librairieclavreuil.com\/#organization\"},\"potentialAction\":[{\"@type\":\"SearchAction\",\"target\":{\"@type\":\"EntryPoint\",\"urlTemplate\":\"https:\/\/www.librairieclavreuil.com\/?s={search_term_string}\"},\"query-input\":{\"@type\":\"PropertyValueSpecification\",\"valueRequired\":true,\"valueName\":\"search_term_string\"}}],\"inLanguage\":\"en-US\"},{\"@type\":\"Organization\",\"@id\":\"https:\/\/www.librairieclavreuil.com\/#organization\",\"name\":\"Libairie Clavreuil\",\"url\":\"https:\/\/www.librairieclavreuil.com\/\",\"logo\":{\"@type\":\"ImageObject\",\"inLanguage\":\"en-US\",\"@id\":\"https:\/\/www.librairieclavreuil.com\/#\/schema\/logo\/image\/\",\"url\":\"https:\/\/www.librairieclavreuil.com\/wp-content\/uploads\/2021\/06\/cropped-LOGO_PNG_DATE-_gold-512x512-1.png\",\"contentUrl\":\"https:\/\/www.librairieclavreuil.com\/wp-content\/uploads\/2021\/06\/cropped-LOGO_PNG_DATE-_gold-512x512-1.png\",\"width\":512,\"height\":512,\"caption\":\"Libairie Clavreuil\"},\"image\":{\"@id\":\"https:\/\/www.librairieclavreuil.com\/#\/schema\/logo\/image\/\"},\"sameAs\":[\"https:\/\/www.instagram.com\/librairieclavreuil\/\"]}]}<\/script>\n<!-- \/ Yoast SEO plugin. -->","yoast_head_json":{"title":"THEVENOT Melchis\u00e9dech Relations de divers voyages curieux, qui n'ont point est\u00e9 publi\u00e9es, et qu'on a traduit ou tir\u00e9 des Originaux des Voyageurs Fran\u00e7ois, Espagnols, Allemands, Portugais, Anglois, Hollandois, Persans, Arabes &amp; autres Orientaux\u2026 Le tout enrichi de figures, de plantes non d\u00e9crites, d'Animaux inconnus \u00e0 l'Europe, &amp; de Cartes Geographiques, qui n'ont point encore \u00e9t\u00e9 publi\u00e9es. Nouvelle \u00e9dition, augment\u00e9e de plusieurs Relations curieuses. - Libairie Clavreuil","robots":{"index":"index","follow":"follow","max-snippet":"max-snippet:-1","max-image-preview":"max-image-preview:large","max-video-preview":"max-video-preview:-1"},"canonical":"https:\/\/www.librairieclavreuil.com\/produit\/thevenot-jean-de-relations-de-divers-voyages-curieux-qui-nont-point-este-publiees-et-quon-a-traduit-ou-tire-des-originaux-des-voyageurs-francois-espagnols-allemands-portugais-anglois-holla\/","og_locale":"en_US","og_type":"article","og_title":"THEVENOT Melchis\u00e9dech Relations de divers voyages curieux, qui n'ont point est\u00e9 publi\u00e9es, et qu'on a traduit ou tir\u00e9 des Originaux des Voyageurs Fran\u00e7ois, Espagnols, Allemands, Portugais, Anglois, Hollandois, Persans, Arabes &amp; autres Orientaux\u2026 Le tout enrichi de figures, de plantes non d\u00e9crites, d'Animaux inconnus \u00e0 l'Europe, &amp; de Cartes Geographiques, qui n'ont point encore \u00e9t\u00e9 publi\u00e9es. Nouvelle \u00e9dition, augment\u00e9e de plusieurs Relations curieuses. - Libairie Clavreuil","og_description":"5 parts in 2 volumes folio (250 x 317 mm). Contemporary sheep, spine richly gilt, red edges.","og_url":"https:\/\/www.librairieclavreuil.com\/produit\/thevenot-jean-de-relations-de-divers-voyages-curieux-qui-nont-point-este-publiees-et-quon-a-traduit-ou-tire-des-originaux-des-voyageurs-francois-espagnols-allemands-portugais-anglois-holla\/","og_site_name":"Libairie Clavreuil","article_modified_time":"2024-09-16T08:44:03+00:00","og_image":[{"width":2560,"height":2161,"url":"https:\/\/www.librairieclavreuil.com\/wp-content\/uploads\/2024\/04\/jean-de-thevenot-relations-de-divers-voyages-curieux-qui-n-ont-point-este-publiees-et-qu-on-a-traduit-ou-tire-des-originaux-des-voyageurs-francois-esp-scaled.jpg","type":"image\/jpeg"}],"twitter_card":"summary_large_image","twitter_misc":{"Est. reading time":"2 minutes"},"schema":{"@context":"https:\/\/schema.org","@graph":[{"@type":"WebPage","@id":"https:\/\/www.librairieclavreuil.com\/produit\/thevenot-jean-de-relations-de-divers-voyages-curieux-qui-nont-point-este-publiees-et-quon-a-traduit-ou-tire-des-originaux-des-voyageurs-francois-espagnols-allemands-portugais-anglois-holla\/","url":"https:\/\/www.librairieclavreuil.com\/produit\/thevenot-jean-de-relations-de-divers-voyages-curieux-qui-nont-point-este-publiees-et-quon-a-traduit-ou-tire-des-originaux-des-voyageurs-francois-espagnols-allemands-portugais-anglois-holla\/","name":"THEVENOT Melchis\u00e9dech Relations de divers voyages curieux, qui n'ont point est\u00e9 publi\u00e9es, et qu'on a traduit ou tir\u00e9 des Originaux des Voyageurs Fran\u00e7ois, Espagnols, Allemands, Portugais, Anglois, Hollandois, Persans, Arabes &amp; autres Orientaux\u2026 Le tout enrichi de figures, de plantes non d\u00e9crites, d'Animaux inconnus \u00e0 l'Europe, &amp; de Cartes Geographiques, qui n'ont point encore \u00e9t\u00e9 publi\u00e9es. Nouvelle \u00e9dition, augment\u00e9e de plusieurs Relations curieuses. - Libairie Clavreuil","isPartOf":{"@id":"https:\/\/www.librairieclavreuil.com\/#website"},"primaryImageOfPage":{"@id":"https:\/\/www.librairieclavreuil.com\/produit\/thevenot-jean-de-relations-de-divers-voyages-curieux-qui-nont-point-este-publiees-et-quon-a-traduit-ou-tire-des-originaux-des-voyageurs-francois-espagnols-allemands-portugais-anglois-holla\/#primaryimage"},"image":{"@id":"https:\/\/www.librairieclavreuil.com\/produit\/thevenot-jean-de-relations-de-divers-voyages-curieux-qui-nont-point-este-publiees-et-quon-a-traduit-ou-tire-des-originaux-des-voyageurs-francois-espagnols-allemands-portugais-anglois-holla\/#primaryimage"},"thumbnailUrl":"https:\/\/www.librairieclavreuil.com\/wp-content\/uploads\/2024\/04\/jean-de-thevenot-relations-de-divers-voyages-curieux-qui-n-ont-point-este-publiees-et-qu-on-a-traduit-ou-tire-des-originaux-des-voyageurs-francois-esp-scaled.jpg","datePublished":"2024-04-24T15:29:03+00:00","dateModified":"2024-09-16T08:44:03+00:00","breadcrumb":{"@id":"https:\/\/www.librairieclavreuil.com\/produit\/thevenot-jean-de-relations-de-divers-voyages-curieux-qui-nont-point-este-publiees-et-quon-a-traduit-ou-tire-des-originaux-des-voyageurs-francois-espagnols-allemands-portugais-anglois-holla\/#breadcrumb"},"inLanguage":"en-US","potentialAction":[{"@type":"ReadAction","target":["https:\/\/www.librairieclavreuil.com\/produit\/thevenot-jean-de-relations-de-divers-voyages-curieux-qui-nont-point-este-publiees-et-quon-a-traduit-ou-tire-des-originaux-des-voyageurs-francois-espagnols-allemands-portugais-anglois-holla\/"]}]},{"@type":"ImageObject","inLanguage":"en-US","@id":"https:\/\/www.librairieclavreuil.com\/produit\/thevenot-jean-de-relations-de-divers-voyages-curieux-qui-nont-point-este-publiees-et-quon-a-traduit-ou-tire-des-originaux-des-voyageurs-francois-espagnols-allemands-portugais-anglois-holla\/#primaryimage","url":"https:\/\/www.librairieclavreuil.com\/wp-content\/uploads\/2024\/04\/jean-de-thevenot-relations-de-divers-voyages-curieux-qui-n-ont-point-este-publiees-et-qu-on-a-traduit-ou-tire-des-originaux-des-voyageurs-francois-esp-scaled.jpg","contentUrl":"https:\/\/www.librairieclavreuil.com\/wp-content\/uploads\/2024\/04\/jean-de-thevenot-relations-de-divers-voyages-curieux-qui-n-ont-point-este-publiees-et-qu-on-a-traduit-ou-tire-des-originaux-des-voyageurs-francois-esp-scaled.jpg","width":2560,"height":2161},{"@type":"BreadcrumbList","@id":"https:\/\/www.librairieclavreuil.com\/produit\/thevenot-jean-de-relations-de-divers-voyages-curieux-qui-nont-point-este-publiees-et-quon-a-traduit-ou-tire-des-originaux-des-voyageurs-francois-espagnols-allemands-portugais-anglois-holla\/#breadcrumb","itemListElement":[{"@type":"ListItem","position":1,"name":"Accueil","item":"https:\/\/www.librairieclavreuil.com\/"},{"@type":"ListItem","position":2,"name":"All our books","item":"https:\/\/www.librairieclavreuil.com\/en\/all-our-books\/"},{"@type":"ListItem","position":3,"name":"THEVENOT Melchis\u00e9dech Relations de divers voyages curieux, qui..."}]},{"@type":"WebSite","@id":"https:\/\/www.librairieclavreuil.com\/#website","url":"https:\/\/www.librairieclavreuil.com\/","name":"Libairie Clavreuil","description":"Livres anciens, manuscrits rares et \u00e9ditions originales \u2013 Librairie Clavreuil","publisher":{"@id":"https:\/\/www.librairieclavreuil.com\/#organization"},"potentialAction":[{"@type":"SearchAction","target":{"@type":"EntryPoint","urlTemplate":"https:\/\/www.librairieclavreuil.com\/?s={search_term_string}"},"query-input":{"@type":"PropertyValueSpecification","valueRequired":true,"valueName":"search_term_string"}}],"inLanguage":"en-US"},{"@type":"Organization","@id":"https:\/\/www.librairieclavreuil.com\/#organization","name":"Libairie Clavreuil","url":"https:\/\/www.librairieclavreuil.com\/","logo":{"@type":"ImageObject","inLanguage":"en-US","@id":"https:\/\/www.librairieclavreuil.com\/#\/schema\/logo\/image\/","url":"https:\/\/www.librairieclavreuil.com\/wp-content\/uploads\/2021\/06\/cropped-LOGO_PNG_DATE-_gold-512x512-1.png","contentUrl":"https:\/\/www.librairieclavreuil.com\/wp-content\/uploads\/2021\/06\/cropped-LOGO_PNG_DATE-_gold-512x512-1.png","width":512,"height":512,"caption":"Libairie Clavreuil"},"image":{"@id":"https:\/\/www.librairieclavreuil.com\/#\/schema\/logo\/image\/"},"sameAs":["https:\/\/www.instagram.com\/librairieclavreuil\/"]}]}},"jetpack_sharing_enabled":true,"_links":{"self":[{"href":"https:\/\/www.librairieclavreuil.com\/en\/wp-json\/wp\/v2\/product\/75644","targetHints":{"allow":["GET"]}}],"collection":[{"href":"https:\/\/www.librairieclavreuil.com\/en\/wp-json\/wp\/v2\/product"}],"about":[{"href":"https:\/\/www.librairieclavreuil.com\/en\/wp-json\/wp\/v2\/types\/product"}],"replies":[{"embeddable":true,"href":"https:\/\/www.librairieclavreuil.com\/en\/wp-json\/wp\/v2\/comments?post=75644"}],"wp:featuredmedia":[{"embeddable":true,"href":"https:\/\/www.librairieclavreuil.com\/en\/wp-json\/wp\/v2\/media\/75633"}],"wp:attachment":[{"href":"https:\/\/www.librairieclavreuil.com\/en\/wp-json\/wp\/v2\/media?parent=75644"}],"wp:term":[{"taxonomy":"product_brand","embeddable":true,"href":"https:\/\/www.librairieclavreuil.com\/en\/wp-json\/wp\/v2\/product_brand?post=75644"},{"taxonomy":"product_cat","embeddable":true,"href":"https:\/\/www.librairieclavreuil.com\/en\/wp-json\/wp\/v2\/product_cat?post=75644"},{"taxonomy":"product_tag","embeddable":true,"href":"https:\/\/www.librairieclavreuil.com\/en\/wp-json\/wp\/v2\/product_tag?post=75644"}],"curies":[{"name":"wp","href":"https:\/\/api.w.org\/{rel}","templated":true}]}}