{"id":75632,"date":"2024-04-24T17:27:35","date_gmt":"2024-04-24T15:27:35","guid":{"rendered":"https:\/\/clavreuil-wordpress.logiciel-arteo.fr\/charpentier-henri-recueil-des-costumes-de-la-bretagne-des-autres-contrees-de-la-france-ou-la-mise-des-habitants-offre-quelque-singularite-remarquable\/"},"modified":"2025-05-28T17:31:03","modified_gmt":"2025-05-28T15:31:03","slug":"charpentier-henri-recueil-des-costumes-de-la-bretagne-des-autres-contrees-de-la-france-ou-la-mise-des-habitants-offre-quelque-singularite-remarquable","status":"publish","type":"product","link":"https:\/\/www.librairieclavreuil.com\/en\/charpentier-henri-recueil-des-costumes-de-la-bretagne-des-autres-contrees-de-la-france-ou-la-mise-des-habitants-offre-quelque-singularite-remarquable\/","title":{"rendered":"CHARPENTIER Henri Recueil des costumes de la Bretagne..."},"content":{"rendered":"<p style=\"text-align:justify\"><i>Colas, I, 215 (mentions a printed table of contents); Lipperheide, Fe 7 (not mentining a table of contents); Vinet, 2279 (for a later edition dated 1834).<\/i><\/p>\n<p style=\"text-align:justify\"><span style=\"font-variant:small-caps\">First edition.<\/span><\/p>\n<p style=\"text-align:justify\">Very rare complete set of 120 lithographed plates It contains a fine copper engraved title page, illustrated with a decorative vignette in lithography, and 120 lithographed and coloured plates. This suite is of particular interest for the costumes of the region of Brittany, although also other regions are included. The plates show both men and women placed in a decorative setting. Colas indicates that most of the plates are by H. Charpentier, and that they of particular interest for the regional costumes of France (&#8220;la plupart de ces planches sont lithographi\u00e9es par H. Charpentier, elles sont tr\u00e8s int\u00e9ressantes pour les costumes r\u00e9gionaux et paysans de France&#8221;.<\/p>\n<p style=\"text-align:justify\">Pierre Henri Charpentier (1771-1854) started his career as a printer, editor and lithographer in the city of Nantes, supported by his son Henri Desir\u00e9 (1806-1883). Together they created an important number of lithographed albums from 1828 onward, date when the gifted printer received his printing diploma. Soon after he commissioned the painter and illustrator Fran\u00e7ois Hippolyte Delalaisse, called Lalaisse (1810-1884) to prepare a survey on the local costumes of Brittany, subsequently published under the title \u201cRecueil des costumes de la Bretagne &amp; d\u2019autres contr\u00e9es de la France\u201d.<\/p>\n<p style=\"text-align:justify\">The magnificent work, published in instalments, was dedicated to the Duchesse de Berry. Colas mentions a table of contens, not present in this copy, like in others including the one held in the Lohia collection (copy bound in 2 volumes, each one with the upper cover of a printed wrapper serving as title).<\/p>\n<p style=\"text-align:justify\">&#8220;This set of plates is the earliest work devoted to the costume of Bretagne region, as well as being of the highest quality. A contemporary celebration of the huge regional diversity in costume still to be found in the France of the 1820s, with excellent lively work from the Nantes based firm of Charpentier&#8221; (S.P. Lohia Collection).<\/p>\n<p style=\"text-align:justify\">Some occasional stains or foxing, else a fine copy of this rare publication.<\/p>\n","protected":false},"excerpt":{"rendered":"<p style=\"text-align:justify\">In-4 (357 x 267 mm) one engraved title page printed in black and white, 120 original lithographed plates, all in fine contemporary handcoloring, some heightend in gold. Contemporary green half-morocco, flat spine, gilt.<\/p>\n","protected":false},"featured_media":75611,"comment_status":"open","ping_status":"closed","template":"","meta":{"_acf_changed":false},"product_brand":[],"product_cat":[552],"product_tag":[1260,1450,1215],"class_list":{"0":"post-75632","1":"product","2":"type-product","3":"status-publish","4":"has-post-thumbnail","6":"product_cat-travel","7":"product_tag-costumes-2","8":"product_tag-first-edition","9":"product_tag-regionalism","10":"pa_auteur-charpentier-henri-2","11":"pa_type-de-livre-printed-book","13":"first","14":"instock","15":"shipping-taxable","16":"purchasable","17":"product-type-simple"},"acf":{"artist":"Henri CHARPENTIER","chapeau":"Complete with engraved title page and 120 lithographed plates coloured by hand","adresse_bibliographique":"Nantes, Charpentier p\u00e8re, fils, & Cie, 1829-1831","book_type":"Printed book","provenance":"","afficher_prix":""},"yoast_head":"<!-- This site is optimized with the Yoast SEO plugin v24.7 - https:\/\/yoast.com\/wordpress\/plugins\/seo\/ -->\n<title>CHARPENTIER Henri Recueil des costumes de la Bretagne &amp; des autres contr\u00e9es de la France o\u00f9 la mise des habitants offre quelque singularit\u00e9 remarquable. - Libairie Clavreuil<\/title>\n<meta name=\"robots\" content=\"index, follow, max-snippet:-1, max-image-preview:large, max-video-preview:-1\" \/>\n<link rel=\"canonical\" href=\"https:\/\/www.librairieclavreuil.com\/en\/charpentier-henri-recueil-des-costumes-de-la-bretagne-des-autres-contrees-de-la-france-ou-la-mise-des-habitants-offre-quelque-singularite-remarquable\/\" \/>\n<meta property=\"og:locale\" content=\"en_US\" \/>\n<meta property=\"og:type\" content=\"article\" \/>\n<meta property=\"og:title\" content=\"CHARPENTIER Henri Recueil des costumes de la Bretagne &amp; des autres contr\u00e9es de la France o\u00f9 la mise des habitants offre quelque singularit\u00e9 remarquable. - Libairie Clavreuil\" \/>\n<meta property=\"og:description\" content=\"In-4 (357 x 267 mm) one engraved title page printed in black and white, 120 original lithographed plates, all in fine contemporary handcoloring, some heightend in gold. Contemporary green half-morocco, flat spine, gilt.\" \/>\n<meta property=\"og:url\" content=\"https:\/\/www.librairieclavreuil.com\/en\/charpentier-henri-recueil-des-costumes-de-la-bretagne-des-autres-contrees-de-la-france-ou-la-mise-des-habitants-offre-quelque-singularite-remarquable\/\" \/>\n<meta property=\"og:site_name\" content=\"Libairie Clavreuil\" \/>\n<meta property=\"article:modified_time\" content=\"2025-05-28T15:31:03+00:00\" \/>\n<meta property=\"og:image\" content=\"https:\/\/www.librairieclavreuil.com\/wp-content\/uploads\/2024\/04\/dr-rene-charpentier-recueil-des-costumes-de-la-bretagne-des-autres-contrees-de-la-france-ou-la-mise-des-habitants-offre-quelque-singularite-remarquabl-scaled.jpg\" \/>\n\t<meta property=\"og:image:width\" content=\"1778\" \/>\n\t<meta property=\"og:image:height\" content=\"2560\" \/>\n\t<meta property=\"og:image:type\" content=\"image\/jpeg\" \/>\n<meta name=\"twitter:card\" content=\"summary_large_image\" \/>\n<meta name=\"twitter:label1\" content=\"Est. reading time\" \/>\n\t<meta name=\"twitter:data1\" content=\"2 minutes\" \/>\n<script type=\"application\/ld+json\" class=\"yoast-schema-graph\">{\"@context\":\"https:\/\/schema.org\",\"@graph\":[{\"@type\":\"WebPage\",\"@id\":\"https:\/\/www.librairieclavreuil.com\/en\/charpentier-henri-recueil-des-costumes-de-la-bretagne-des-autres-contrees-de-la-france-ou-la-mise-des-habitants-offre-quelque-singularite-remarquable\/\",\"url\":\"https:\/\/www.librairieclavreuil.com\/en\/charpentier-henri-recueil-des-costumes-de-la-bretagne-des-autres-contrees-de-la-france-ou-la-mise-des-habitants-offre-quelque-singularite-remarquable\/\",\"name\":\"CHARPENTIER Henri Recueil des costumes de la Bretagne &amp; des autres contr\u00e9es de la France o\u00f9 la mise des habitants offre quelque singularit\u00e9 remarquable. - Libairie Clavreuil\",\"isPartOf\":{\"@id\":\"https:\/\/www.librairieclavreuil.com\/#website\"},\"primaryImageOfPage\":{\"@id\":\"https:\/\/www.librairieclavreuil.com\/en\/charpentier-henri-recueil-des-costumes-de-la-bretagne-des-autres-contrees-de-la-france-ou-la-mise-des-habitants-offre-quelque-singularite-remarquable\/#primaryimage\"},\"image\":{\"@id\":\"https:\/\/www.librairieclavreuil.com\/en\/charpentier-henri-recueil-des-costumes-de-la-bretagne-des-autres-contrees-de-la-france-ou-la-mise-des-habitants-offre-quelque-singularite-remarquable\/#primaryimage\"},\"thumbnailUrl\":\"https:\/\/www.librairieclavreuil.com\/wp-content\/uploads\/2024\/04\/dr-rene-charpentier-recueil-des-costumes-de-la-bretagne-des-autres-contrees-de-la-france-ou-la-mise-des-habitants-offre-quelque-singularite-remarquabl-scaled.jpg\",\"datePublished\":\"2024-04-24T15:27:35+00:00\",\"dateModified\":\"2025-05-28T15:31:03+00:00\",\"breadcrumb\":{\"@id\":\"https:\/\/www.librairieclavreuil.com\/en\/charpentier-henri-recueil-des-costumes-de-la-bretagne-des-autres-contrees-de-la-france-ou-la-mise-des-habitants-offre-quelque-singularite-remarquable\/#breadcrumb\"},\"inLanguage\":\"en-US\",\"potentialAction\":[{\"@type\":\"ReadAction\",\"target\":[\"https:\/\/www.librairieclavreuil.com\/en\/charpentier-henri-recueil-des-costumes-de-la-bretagne-des-autres-contrees-de-la-france-ou-la-mise-des-habitants-offre-quelque-singularite-remarquable\/\"]}]},{\"@type\":\"ImageObject\",\"inLanguage\":\"en-US\",\"@id\":\"https:\/\/www.librairieclavreuil.com\/en\/charpentier-henri-recueil-des-costumes-de-la-bretagne-des-autres-contrees-de-la-france-ou-la-mise-des-habitants-offre-quelque-singularite-remarquable\/#primaryimage\",\"url\":\"https:\/\/www.librairieclavreuil.com\/wp-content\/uploads\/2024\/04\/dr-rene-charpentier-recueil-des-costumes-de-la-bretagne-des-autres-contrees-de-la-france-ou-la-mise-des-habitants-offre-quelque-singularite-remarquabl-scaled.jpg\",\"contentUrl\":\"https:\/\/www.librairieclavreuil.com\/wp-content\/uploads\/2024\/04\/dr-rene-charpentier-recueil-des-costumes-de-la-bretagne-des-autres-contrees-de-la-france-ou-la-mise-des-habitants-offre-quelque-singularite-remarquabl-scaled.jpg\",\"width\":1778,\"height\":2560},{\"@type\":\"BreadcrumbList\",\"@id\":\"https:\/\/www.librairieclavreuil.com\/en\/charpentier-henri-recueil-des-costumes-de-la-bretagne-des-autres-contrees-de-la-france-ou-la-mise-des-habitants-offre-quelque-singularite-remarquable\/#breadcrumb\",\"itemListElement\":[{\"@type\":\"ListItem\",\"position\":1,\"name\":\"Accueil\",\"item\":\"https:\/\/www.librairieclavreuil.com\/\"},{\"@type\":\"ListItem\",\"position\":2,\"name\":\"All our books\",\"item\":\"https:\/\/www.librairieclavreuil.com\/en\/all-our-books\/\"},{\"@type\":\"ListItem\",\"position\":3,\"name\":\"CHARPENTIER Henri Recueil des costumes de la Bretagne...\"}]},{\"@type\":\"WebSite\",\"@id\":\"https:\/\/www.librairieclavreuil.com\/#website\",\"url\":\"https:\/\/www.librairieclavreuil.com\/\",\"name\":\"Libairie Clavreuil\",\"description\":\"Livres anciens, manuscrits rares et \u00e9ditions originales \u2013 Librairie Clavreuil\",\"publisher\":{\"@id\":\"https:\/\/www.librairieclavreuil.com\/#organization\"},\"potentialAction\":[{\"@type\":\"SearchAction\",\"target\":{\"@type\":\"EntryPoint\",\"urlTemplate\":\"https:\/\/www.librairieclavreuil.com\/?s={search_term_string}\"},\"query-input\":{\"@type\":\"PropertyValueSpecification\",\"valueRequired\":true,\"valueName\":\"search_term_string\"}}],\"inLanguage\":\"en-US\"},{\"@type\":\"Organization\",\"@id\":\"https:\/\/www.librairieclavreuil.com\/#organization\",\"name\":\"Libairie Clavreuil\",\"url\":\"https:\/\/www.librairieclavreuil.com\/\",\"logo\":{\"@type\":\"ImageObject\",\"inLanguage\":\"en-US\",\"@id\":\"https:\/\/www.librairieclavreuil.com\/#\/schema\/logo\/image\/\",\"url\":\"https:\/\/www.librairieclavreuil.com\/wp-content\/uploads\/2021\/06\/cropped-LOGO_PNG_DATE-_gold-512x512-1.png\",\"contentUrl\":\"https:\/\/www.librairieclavreuil.com\/wp-content\/uploads\/2021\/06\/cropped-LOGO_PNG_DATE-_gold-512x512-1.png\",\"width\":512,\"height\":512,\"caption\":\"Libairie Clavreuil\"},\"image\":{\"@id\":\"https:\/\/www.librairieclavreuil.com\/#\/schema\/logo\/image\/\"},\"sameAs\":[\"https:\/\/www.instagram.com\/librairieclavreuil\/\"]}]}<\/script>\n<!-- \/ Yoast SEO plugin. -->","yoast_head_json":{"title":"CHARPENTIER Henri Recueil des costumes de la Bretagne &amp; des autres contr\u00e9es de la France o\u00f9 la mise des habitants offre quelque singularit\u00e9 remarquable. - Libairie Clavreuil","robots":{"index":"index","follow":"follow","max-snippet":"max-snippet:-1","max-image-preview":"max-image-preview:large","max-video-preview":"max-video-preview:-1"},"canonical":"https:\/\/www.librairieclavreuil.com\/en\/charpentier-henri-recueil-des-costumes-de-la-bretagne-des-autres-contrees-de-la-france-ou-la-mise-des-habitants-offre-quelque-singularite-remarquable\/","og_locale":"en_US","og_type":"article","og_title":"CHARPENTIER Henri Recueil des costumes de la Bretagne &amp; des autres contr\u00e9es de la France o\u00f9 la mise des habitants offre quelque singularit\u00e9 remarquable. - Libairie Clavreuil","og_description":"In-4 (357 x 267 mm) one engraved title page printed in black and white, 120 original lithographed plates, all in fine contemporary handcoloring, some heightend in gold. Contemporary green half-morocco, flat spine, gilt.","og_url":"https:\/\/www.librairieclavreuil.com\/en\/charpentier-henri-recueil-des-costumes-de-la-bretagne-des-autres-contrees-de-la-france-ou-la-mise-des-habitants-offre-quelque-singularite-remarquable\/","og_site_name":"Libairie Clavreuil","article_modified_time":"2025-05-28T15:31:03+00:00","og_image":[{"width":1778,"height":2560,"url":"https:\/\/www.librairieclavreuil.com\/wp-content\/uploads\/2024\/04\/dr-rene-charpentier-recueil-des-costumes-de-la-bretagne-des-autres-contrees-de-la-france-ou-la-mise-des-habitants-offre-quelque-singularite-remarquabl-scaled.jpg","type":"image\/jpeg"}],"twitter_card":"summary_large_image","twitter_misc":{"Est. reading time":"2 minutes"},"schema":{"@context":"https:\/\/schema.org","@graph":[{"@type":"WebPage","@id":"https:\/\/www.librairieclavreuil.com\/en\/charpentier-henri-recueil-des-costumes-de-la-bretagne-des-autres-contrees-de-la-france-ou-la-mise-des-habitants-offre-quelque-singularite-remarquable\/","url":"https:\/\/www.librairieclavreuil.com\/en\/charpentier-henri-recueil-des-costumes-de-la-bretagne-des-autres-contrees-de-la-france-ou-la-mise-des-habitants-offre-quelque-singularite-remarquable\/","name":"CHARPENTIER Henri Recueil des costumes de la Bretagne &amp; des autres contr\u00e9es de la France o\u00f9 la mise des habitants offre quelque singularit\u00e9 remarquable. - Libairie Clavreuil","isPartOf":{"@id":"https:\/\/www.librairieclavreuil.com\/#website"},"primaryImageOfPage":{"@id":"https:\/\/www.librairieclavreuil.com\/en\/charpentier-henri-recueil-des-costumes-de-la-bretagne-des-autres-contrees-de-la-france-ou-la-mise-des-habitants-offre-quelque-singularite-remarquable\/#primaryimage"},"image":{"@id":"https:\/\/www.librairieclavreuil.com\/en\/charpentier-henri-recueil-des-costumes-de-la-bretagne-des-autres-contrees-de-la-france-ou-la-mise-des-habitants-offre-quelque-singularite-remarquable\/#primaryimage"},"thumbnailUrl":"https:\/\/www.librairieclavreuil.com\/wp-content\/uploads\/2024\/04\/dr-rene-charpentier-recueil-des-costumes-de-la-bretagne-des-autres-contrees-de-la-france-ou-la-mise-des-habitants-offre-quelque-singularite-remarquabl-scaled.jpg","datePublished":"2024-04-24T15:27:35+00:00","dateModified":"2025-05-28T15:31:03+00:00","breadcrumb":{"@id":"https:\/\/www.librairieclavreuil.com\/en\/charpentier-henri-recueil-des-costumes-de-la-bretagne-des-autres-contrees-de-la-france-ou-la-mise-des-habitants-offre-quelque-singularite-remarquable\/#breadcrumb"},"inLanguage":"en-US","potentialAction":[{"@type":"ReadAction","target":["https:\/\/www.librairieclavreuil.com\/en\/charpentier-henri-recueil-des-costumes-de-la-bretagne-des-autres-contrees-de-la-france-ou-la-mise-des-habitants-offre-quelque-singularite-remarquable\/"]}]},{"@type":"ImageObject","inLanguage":"en-US","@id":"https:\/\/www.librairieclavreuil.com\/en\/charpentier-henri-recueil-des-costumes-de-la-bretagne-des-autres-contrees-de-la-france-ou-la-mise-des-habitants-offre-quelque-singularite-remarquable\/#primaryimage","url":"https:\/\/www.librairieclavreuil.com\/wp-content\/uploads\/2024\/04\/dr-rene-charpentier-recueil-des-costumes-de-la-bretagne-des-autres-contrees-de-la-france-ou-la-mise-des-habitants-offre-quelque-singularite-remarquabl-scaled.jpg","contentUrl":"https:\/\/www.librairieclavreuil.com\/wp-content\/uploads\/2024\/04\/dr-rene-charpentier-recueil-des-costumes-de-la-bretagne-des-autres-contrees-de-la-france-ou-la-mise-des-habitants-offre-quelque-singularite-remarquabl-scaled.jpg","width":1778,"height":2560},{"@type":"BreadcrumbList","@id":"https:\/\/www.librairieclavreuil.com\/en\/charpentier-henri-recueil-des-costumes-de-la-bretagne-des-autres-contrees-de-la-france-ou-la-mise-des-habitants-offre-quelque-singularite-remarquable\/#breadcrumb","itemListElement":[{"@type":"ListItem","position":1,"name":"Accueil","item":"https:\/\/www.librairieclavreuil.com\/"},{"@type":"ListItem","position":2,"name":"All our books","item":"https:\/\/www.librairieclavreuil.com\/en\/all-our-books\/"},{"@type":"ListItem","position":3,"name":"CHARPENTIER Henri Recueil des costumes de la Bretagne..."}]},{"@type":"WebSite","@id":"https:\/\/www.librairieclavreuil.com\/#website","url":"https:\/\/www.librairieclavreuil.com\/","name":"Libairie Clavreuil","description":"Livres anciens, manuscrits rares et \u00e9ditions originales \u2013 Librairie Clavreuil","publisher":{"@id":"https:\/\/www.librairieclavreuil.com\/#organization"},"potentialAction":[{"@type":"SearchAction","target":{"@type":"EntryPoint","urlTemplate":"https:\/\/www.librairieclavreuil.com\/?s={search_term_string}"},"query-input":{"@type":"PropertyValueSpecification","valueRequired":true,"valueName":"search_term_string"}}],"inLanguage":"en-US"},{"@type":"Organization","@id":"https:\/\/www.librairieclavreuil.com\/#organization","name":"Libairie Clavreuil","url":"https:\/\/www.librairieclavreuil.com\/","logo":{"@type":"ImageObject","inLanguage":"en-US","@id":"https:\/\/www.librairieclavreuil.com\/#\/schema\/logo\/image\/","url":"https:\/\/www.librairieclavreuil.com\/wp-content\/uploads\/2021\/06\/cropped-LOGO_PNG_DATE-_gold-512x512-1.png","contentUrl":"https:\/\/www.librairieclavreuil.com\/wp-content\/uploads\/2021\/06\/cropped-LOGO_PNG_DATE-_gold-512x512-1.png","width":512,"height":512,"caption":"Libairie Clavreuil"},"image":{"@id":"https:\/\/www.librairieclavreuil.com\/#\/schema\/logo\/image\/"},"sameAs":["https:\/\/www.instagram.com\/librairieclavreuil\/"]}]}},"jetpack_sharing_enabled":true,"_links":{"self":[{"href":"https:\/\/www.librairieclavreuil.com\/en\/wp-json\/wp\/v2\/product\/75632","targetHints":{"allow":["GET"]}}],"collection":[{"href":"https:\/\/www.librairieclavreuil.com\/en\/wp-json\/wp\/v2\/product"}],"about":[{"href":"https:\/\/www.librairieclavreuil.com\/en\/wp-json\/wp\/v2\/types\/product"}],"replies":[{"embeddable":true,"href":"https:\/\/www.librairieclavreuil.com\/en\/wp-json\/wp\/v2\/comments?post=75632"}],"wp:featuredmedia":[{"embeddable":true,"href":"https:\/\/www.librairieclavreuil.com\/en\/wp-json\/wp\/v2\/media\/75611"}],"wp:attachment":[{"href":"https:\/\/www.librairieclavreuil.com\/en\/wp-json\/wp\/v2\/media?parent=75632"}],"wp:term":[{"taxonomy":"product_brand","embeddable":true,"href":"https:\/\/www.librairieclavreuil.com\/en\/wp-json\/wp\/v2\/product_brand?post=75632"},{"taxonomy":"product_cat","embeddable":true,"href":"https:\/\/www.librairieclavreuil.com\/en\/wp-json\/wp\/v2\/product_cat?post=75632"},{"taxonomy":"product_tag","embeddable":true,"href":"https:\/\/www.librairieclavreuil.com\/en\/wp-json\/wp\/v2\/product_tag?post=75632"}],"curies":[{"name":"wp","href":"https:\/\/api.w.org\/{rel}","templated":true}]}}