{"id":75557,"date":"2024-04-24T17:13:52","date_gmt":"2024-04-24T15:13:52","guid":{"rendered":"https:\/\/clavreuil-wordpress.logiciel-arteo.fr\/chappe-dauteroche-jean-baptiste-voyage-en-californie-pour-lobservation-du-passage-de-venus-sur-le-disque-du-soleil-le-3-juin-1769-contenant-les-observations-de-ce-phenomene-la-description\/"},"modified":"2024-10-31T15:28:29","modified_gmt":"2024-10-31T14:28:29","slug":"chappe-dauteroche-jean-baptiste-voyage-en-californie-pour-lobservation-du-passage-de-venus-sur-le-disque-du-soleil-le-3-juin-1769-contenant-les-observations-de-ce-phenomene-la-description","status":"publish","type":"product","link":"https:\/\/www.librairieclavreuil.com\/en\/chappe-dauteroche-jean-baptiste-voyage-en-californie-pour-lobservation-du-passage-de-venus-sur-le-disque-du-soleil-le-3-juin-1769-contenant-les-observations-de-ce-phenomene-la-description\/","title":{"rendered":"CHAPPE D&#8217;AUTEROCHE Jean-Baptiste Voyage en Californie pour l&#8217;observation..."},"content":{"rendered":"<p style=\"text-align:justify\"><i>Hill, 278 ; Sabin, 12003 ; John Carter Brown, 1818 ; Howes, C-299 ; DSB, III, 198.<\/i><\/p>\n<p style=\"text-align:justify\"><span style=\"font-variant:small-caps\">First edition.<\/span><\/p>\n<p style=\"text-align:justify\">Chappe d&#8217;Auteroche had been an observer of the transit of Venus in Siberia in 1761 and was sent by the French government to observe the 1769 transit from Baja California, at the same time as Cook was heading for Tahiti to observe it.<\/p>\n<p style=\"text-align:justify\">&#8220;Chappe&#8217;s fame rests essentially on his role in the observation of the transits of Venus of 1761 and 1769, but his first important scientific communication was connected with the antecedent though not unrelated transit of Mercury of 1753. Between this event and his election to the Acad\u00e9mie des Sciences as adjoint astronomer in 1759, Chappe undertook surveys in Lorraine that involved latitude determination derived from measurement of the meridian altitudes of selected stars of the sun\u2019s limb, and longitude determination from lunar eclipses and the occultations of stars\u2026. The twin transits of Venus were the capstone of eighteenth-century observational activity, and Chappe shared in these great event, in the former through his participation in a Siberian winter expedition in 1761 and in the latter through his participation in an expedition to southern California to observe the transit of Venus in 1769\u2026 [Chappe] died of an unknown epidemic disease that killed ll but one of the group sent to California\u201d (DSB).<\/p>\n<p style=\"text-align:justify\">&#8220;A great deal of interest was taken in this transit of Venus. The French governement had two expeditions in the field, one under Le Gentil de la Galaisi\u00e8re, intended to operate from the Philippines, and this one, which was accompanied by Spanish scientists, from Baja California. The British governement also sent Captain Cook out to Tahiti for the same purpose&#8221; (Hill). THis highly important publication is illustrated with a large plan of Mexico City, most likely drawn by Jos\u00e9 Antonio Alzate &#8220;who also contributed information about the natural history of the region near Mexico City&#8221; (Hill).<\/p>\n<p style=\"text-align:justify\">The 3 plates are of natural history interst (fish, mineralogy, botany, scientific observations).<\/p>\n<p style=\"text-align:justify\">A full margined and clean copy.<\/p>\n","protected":false},"excerpt":{"rendered":"<p style=\"text-align:justify\">4to (272 x 210 mm) 2 nn.ll., 170 pp., 1 nn.l. (privilege), 1 large engraved folding plan, 1 typographical folding table, 3 engraved plates. Marbled wrappers, modern slipcase (restitched).<\/p>\n","protected":false},"featured_media":75550,"comment_status":"open","ping_status":"closed","template":"","meta":{"_acf_changed":false},"product_brand":[],"product_cat":[552],"product_tag":[1364,1450,1370],"class_list":{"0":"post-75557","1":"product","2":"type-product","3":"status-publish","4":"has-post-thumbnail","6":"product_cat-travel","7":"product_tag-california","8":"product_tag-first-edition","9":"product_tag-united-states-of-america","10":"pa_auteur-chappe-dauteroche-jean-baptiste-2","11":"pa_type-de-livre-printed-book","13":"first","14":"instock","15":"shipping-taxable","16":"purchasable","17":"product-type-simple"},"acf":{"artist":" Jean-Baptiste CHAPPE D'AUTEROCHE","chapeau":"","adresse_bibliographique":"Paris, Charles-Antoine Jombert, 1772","book_type":"Printed book","provenance":"","afficher_prix":""},"yoast_head":"<!-- This site is optimized with the Yoast SEO plugin v24.7 - https:\/\/yoast.com\/wordpress\/plugins\/seo\/ -->\n<title>CHAPPE D&#039;AUTEROCHE Jean-Baptiste Voyage en Californie pour l&#039;observation du passage de V\u00e9nus sur le disque du soleil le 3 juin 1769. Contenant les observations de ce ph\u00e9nom\u00e8ne, &amp; la description historique de la route de l&#039;auteur \u00e0 travers le Mexique. - Libairie Clavreuil<\/title>\n<meta name=\"robots\" content=\"index, follow, max-snippet:-1, max-image-preview:large, max-video-preview:-1\" \/>\n<link rel=\"canonical\" href=\"https:\/\/www.librairieclavreuil.com\/en\/chappe-dauteroche-jean-baptiste-voyage-en-californie-pour-lobservation-du-passage-de-venus-sur-le-disque-du-soleil-le-3-juin-1769-contenant-les-observations-de-ce-phenomene-la-description\/\" \/>\n<meta property=\"og:locale\" content=\"en_US\" \/>\n<meta property=\"og:type\" content=\"article\" \/>\n<meta property=\"og:title\" content=\"CHAPPE D&#039;AUTEROCHE Jean-Baptiste Voyage en Californie pour l&#039;observation du passage de V\u00e9nus sur le disque du soleil le 3 juin 1769. Contenant les observations de ce ph\u00e9nom\u00e8ne, &amp; la description historique de la route de l&#039;auteur \u00e0 travers le Mexique. - Libairie Clavreuil\" \/>\n<meta property=\"og:description\" content=\"4to (272 x 210 mm) 2 nn.ll., 170 pp., 1 nn.l. (privilege), 1 large engraved folding plan, 1 typographical folding table, 3 engraved plates. Marbled wrappers, modern slipcase (restitched).\" \/>\n<meta property=\"og:url\" content=\"https:\/\/www.librairieclavreuil.com\/en\/chappe-dauteroche-jean-baptiste-voyage-en-californie-pour-lobservation-du-passage-de-venus-sur-le-disque-du-soleil-le-3-juin-1769-contenant-les-observations-de-ce-phenomene-la-description\/\" \/>\n<meta property=\"og:site_name\" content=\"Libairie Clavreuil\" \/>\n<meta property=\"article:modified_time\" content=\"2024-10-31T14:28:29+00:00\" \/>\n<meta property=\"og:image\" content=\"https:\/\/www.librairieclavreuil.com\/wp-content\/uploads\/2024\/04\/jean-baptiste-chappe-d-auteroche-voyage-en-californie-pour-l-observation-du-passage-de-venus-sur-le-disque-du-soleil-le-3-juin-1769-contenant-les-obse.jpg\" \/>\n\t<meta property=\"og:image:width\" content=\"1968\" \/>\n\t<meta property=\"og:image:height\" content=\"1474\" \/>\n\t<meta property=\"og:image:type\" content=\"image\/jpeg\" \/>\n<meta name=\"twitter:card\" content=\"summary_large_image\" \/>\n<meta name=\"twitter:label1\" content=\"Est. reading time\" \/>\n\t<meta name=\"twitter:data1\" content=\"2 minutes\" \/>\n<script type=\"application\/ld+json\" class=\"yoast-schema-graph\">{\"@context\":\"https:\/\/schema.org\",\"@graph\":[{\"@type\":\"WebPage\",\"@id\":\"https:\/\/www.librairieclavreuil.com\/en\/chappe-dauteroche-jean-baptiste-voyage-en-californie-pour-lobservation-du-passage-de-venus-sur-le-disque-du-soleil-le-3-juin-1769-contenant-les-observations-de-ce-phenomene-la-description\/\",\"url\":\"https:\/\/www.librairieclavreuil.com\/en\/chappe-dauteroche-jean-baptiste-voyage-en-californie-pour-lobservation-du-passage-de-venus-sur-le-disque-du-soleil-le-3-juin-1769-contenant-les-observations-de-ce-phenomene-la-description\/\",\"name\":\"CHAPPE D'AUTEROCHE Jean-Baptiste Voyage en Californie pour l'observation du passage de V\u00e9nus sur le disque du soleil le 3 juin 1769. Contenant les observations de ce ph\u00e9nom\u00e8ne, &amp; la description historique de la route de l'auteur \u00e0 travers le Mexique. - Libairie Clavreuil\",\"isPartOf\":{\"@id\":\"https:\/\/www.librairieclavreuil.com\/#website\"},\"primaryImageOfPage\":{\"@id\":\"https:\/\/www.librairieclavreuil.com\/en\/chappe-dauteroche-jean-baptiste-voyage-en-californie-pour-lobservation-du-passage-de-venus-sur-le-disque-du-soleil-le-3-juin-1769-contenant-les-observations-de-ce-phenomene-la-description\/#primaryimage\"},\"image\":{\"@id\":\"https:\/\/www.librairieclavreuil.com\/en\/chappe-dauteroche-jean-baptiste-voyage-en-californie-pour-lobservation-du-passage-de-venus-sur-le-disque-du-soleil-le-3-juin-1769-contenant-les-observations-de-ce-phenomene-la-description\/#primaryimage\"},\"thumbnailUrl\":\"https:\/\/www.librairieclavreuil.com\/wp-content\/uploads\/2024\/04\/jean-baptiste-chappe-d-auteroche-voyage-en-californie-pour-l-observation-du-passage-de-venus-sur-le-disque-du-soleil-le-3-juin-1769-contenant-les-obse.jpg\",\"datePublished\":\"2024-04-24T15:13:52+00:00\",\"dateModified\":\"2024-10-31T14:28:29+00:00\",\"breadcrumb\":{\"@id\":\"https:\/\/www.librairieclavreuil.com\/en\/chappe-dauteroche-jean-baptiste-voyage-en-californie-pour-lobservation-du-passage-de-venus-sur-le-disque-du-soleil-le-3-juin-1769-contenant-les-observations-de-ce-phenomene-la-description\/#breadcrumb\"},\"inLanguage\":\"en-US\",\"potentialAction\":[{\"@type\":\"ReadAction\",\"target\":[\"https:\/\/www.librairieclavreuil.com\/en\/chappe-dauteroche-jean-baptiste-voyage-en-californie-pour-lobservation-du-passage-de-venus-sur-le-disque-du-soleil-le-3-juin-1769-contenant-les-observations-de-ce-phenomene-la-description\/\"]}]},{\"@type\":\"ImageObject\",\"inLanguage\":\"en-US\",\"@id\":\"https:\/\/www.librairieclavreuil.com\/en\/chappe-dauteroche-jean-baptiste-voyage-en-californie-pour-lobservation-du-passage-de-venus-sur-le-disque-du-soleil-le-3-juin-1769-contenant-les-observations-de-ce-phenomene-la-description\/#primaryimage\",\"url\":\"https:\/\/www.librairieclavreuil.com\/wp-content\/uploads\/2024\/04\/jean-baptiste-chappe-d-auteroche-voyage-en-californie-pour-l-observation-du-passage-de-venus-sur-le-disque-du-soleil-le-3-juin-1769-contenant-les-obse.jpg\",\"contentUrl\":\"https:\/\/www.librairieclavreuil.com\/wp-content\/uploads\/2024\/04\/jean-baptiste-chappe-d-auteroche-voyage-en-californie-pour-l-observation-du-passage-de-venus-sur-le-disque-du-soleil-le-3-juin-1769-contenant-les-obse.jpg\",\"width\":1968,\"height\":1474},{\"@type\":\"BreadcrumbList\",\"@id\":\"https:\/\/www.librairieclavreuil.com\/en\/chappe-dauteroche-jean-baptiste-voyage-en-californie-pour-lobservation-du-passage-de-venus-sur-le-disque-du-soleil-le-3-juin-1769-contenant-les-observations-de-ce-phenomene-la-description\/#breadcrumb\",\"itemListElement\":[{\"@type\":\"ListItem\",\"position\":1,\"name\":\"Accueil\",\"item\":\"https:\/\/www.librairieclavreuil.com\/\"},{\"@type\":\"ListItem\",\"position\":2,\"name\":\"All our books\",\"item\":\"https:\/\/www.librairieclavreuil.com\/en\/all-our-books\/\"},{\"@type\":\"ListItem\",\"position\":3,\"name\":\"CHAPPE D&#8217;AUTEROCHE Jean-Baptiste Voyage en Californie pour l&#8217;observation du passage de V\u00e9nus sur le disque du soleil le 3 juin 1769. Contenant les observations de ce ph\u00e9nom\u00e8ne, &amp; la description historique de la route de l&#8217;auteur \u00e0 travers le Mexique.\"}]},{\"@type\":\"WebSite\",\"@id\":\"https:\/\/www.librairieclavreuil.com\/#website\",\"url\":\"https:\/\/www.librairieclavreuil.com\/\",\"name\":\"Libairie Clavreuil\",\"description\":\"Livres anciens, manuscrits rares et \u00e9ditions originales \u2013 Librairie Clavreuil\",\"publisher\":{\"@id\":\"https:\/\/www.librairieclavreuil.com\/#organization\"},\"potentialAction\":[{\"@type\":\"SearchAction\",\"target\":{\"@type\":\"EntryPoint\",\"urlTemplate\":\"https:\/\/www.librairieclavreuil.com\/?s={search_term_string}\"},\"query-input\":{\"@type\":\"PropertyValueSpecification\",\"valueRequired\":true,\"valueName\":\"search_term_string\"}}],\"inLanguage\":\"en-US\"},{\"@type\":\"Organization\",\"@id\":\"https:\/\/www.librairieclavreuil.com\/#organization\",\"name\":\"Libairie Clavreuil\",\"url\":\"https:\/\/www.librairieclavreuil.com\/\",\"logo\":{\"@type\":\"ImageObject\",\"inLanguage\":\"en-US\",\"@id\":\"https:\/\/www.librairieclavreuil.com\/#\/schema\/logo\/image\/\",\"url\":\"https:\/\/www.librairieclavreuil.com\/wp-content\/uploads\/2021\/06\/cropped-LOGO_PNG_DATE-_gold-512x512-1.png\",\"contentUrl\":\"https:\/\/www.librairieclavreuil.com\/wp-content\/uploads\/2021\/06\/cropped-LOGO_PNG_DATE-_gold-512x512-1.png\",\"width\":512,\"height\":512,\"caption\":\"Libairie Clavreuil\"},\"image\":{\"@id\":\"https:\/\/www.librairieclavreuil.com\/#\/schema\/logo\/image\/\"},\"sameAs\":[\"https:\/\/www.instagram.com\/librairieclavreuil\/\"]}]}<\/script>\n<!-- \/ Yoast SEO plugin. -->","yoast_head_json":{"title":"CHAPPE D'AUTEROCHE Jean-Baptiste Voyage en Californie pour l'observation du passage de V\u00e9nus sur le disque du soleil le 3 juin 1769. Contenant les observations de ce ph\u00e9nom\u00e8ne, &amp; la description historique de la route de l'auteur \u00e0 travers le Mexique. - Libairie Clavreuil","robots":{"index":"index","follow":"follow","max-snippet":"max-snippet:-1","max-image-preview":"max-image-preview:large","max-video-preview":"max-video-preview:-1"},"canonical":"https:\/\/www.librairieclavreuil.com\/en\/chappe-dauteroche-jean-baptiste-voyage-en-californie-pour-lobservation-du-passage-de-venus-sur-le-disque-du-soleil-le-3-juin-1769-contenant-les-observations-de-ce-phenomene-la-description\/","og_locale":"en_US","og_type":"article","og_title":"CHAPPE D'AUTEROCHE Jean-Baptiste Voyage en Californie pour l'observation du passage de V\u00e9nus sur le disque du soleil le 3 juin 1769. Contenant les observations de ce ph\u00e9nom\u00e8ne, &amp; la description historique de la route de l'auteur \u00e0 travers le Mexique. - Libairie Clavreuil","og_description":"4to (272 x 210 mm) 2 nn.ll., 170 pp., 1 nn.l. (privilege), 1 large engraved folding plan, 1 typographical folding table, 3 engraved plates. Marbled wrappers, modern slipcase (restitched).","og_url":"https:\/\/www.librairieclavreuil.com\/en\/chappe-dauteroche-jean-baptiste-voyage-en-californie-pour-lobservation-du-passage-de-venus-sur-le-disque-du-soleil-le-3-juin-1769-contenant-les-observations-de-ce-phenomene-la-description\/","og_site_name":"Libairie Clavreuil","article_modified_time":"2024-10-31T14:28:29+00:00","og_image":[{"width":1968,"height":1474,"url":"https:\/\/www.librairieclavreuil.com\/wp-content\/uploads\/2024\/04\/jean-baptiste-chappe-d-auteroche-voyage-en-californie-pour-l-observation-du-passage-de-venus-sur-le-disque-du-soleil-le-3-juin-1769-contenant-les-obse.jpg","type":"image\/jpeg"}],"twitter_card":"summary_large_image","twitter_misc":{"Est. reading time":"2 minutes"},"schema":{"@context":"https:\/\/schema.org","@graph":[{"@type":"WebPage","@id":"https:\/\/www.librairieclavreuil.com\/en\/chappe-dauteroche-jean-baptiste-voyage-en-californie-pour-lobservation-du-passage-de-venus-sur-le-disque-du-soleil-le-3-juin-1769-contenant-les-observations-de-ce-phenomene-la-description\/","url":"https:\/\/www.librairieclavreuil.com\/en\/chappe-dauteroche-jean-baptiste-voyage-en-californie-pour-lobservation-du-passage-de-venus-sur-le-disque-du-soleil-le-3-juin-1769-contenant-les-observations-de-ce-phenomene-la-description\/","name":"CHAPPE D'AUTEROCHE Jean-Baptiste Voyage en Californie pour l'observation du passage de V\u00e9nus sur le disque du soleil le 3 juin 1769. Contenant les observations de ce ph\u00e9nom\u00e8ne, &amp; la description historique de la route de l'auteur \u00e0 travers le Mexique. - Libairie Clavreuil","isPartOf":{"@id":"https:\/\/www.librairieclavreuil.com\/#website"},"primaryImageOfPage":{"@id":"https:\/\/www.librairieclavreuil.com\/en\/chappe-dauteroche-jean-baptiste-voyage-en-californie-pour-lobservation-du-passage-de-venus-sur-le-disque-du-soleil-le-3-juin-1769-contenant-les-observations-de-ce-phenomene-la-description\/#primaryimage"},"image":{"@id":"https:\/\/www.librairieclavreuil.com\/en\/chappe-dauteroche-jean-baptiste-voyage-en-californie-pour-lobservation-du-passage-de-venus-sur-le-disque-du-soleil-le-3-juin-1769-contenant-les-observations-de-ce-phenomene-la-description\/#primaryimage"},"thumbnailUrl":"https:\/\/www.librairieclavreuil.com\/wp-content\/uploads\/2024\/04\/jean-baptiste-chappe-d-auteroche-voyage-en-californie-pour-l-observation-du-passage-de-venus-sur-le-disque-du-soleil-le-3-juin-1769-contenant-les-obse.jpg","datePublished":"2024-04-24T15:13:52+00:00","dateModified":"2024-10-31T14:28:29+00:00","breadcrumb":{"@id":"https:\/\/www.librairieclavreuil.com\/en\/chappe-dauteroche-jean-baptiste-voyage-en-californie-pour-lobservation-du-passage-de-venus-sur-le-disque-du-soleil-le-3-juin-1769-contenant-les-observations-de-ce-phenomene-la-description\/#breadcrumb"},"inLanguage":"en-US","potentialAction":[{"@type":"ReadAction","target":["https:\/\/www.librairieclavreuil.com\/en\/chappe-dauteroche-jean-baptiste-voyage-en-californie-pour-lobservation-du-passage-de-venus-sur-le-disque-du-soleil-le-3-juin-1769-contenant-les-observations-de-ce-phenomene-la-description\/"]}]},{"@type":"ImageObject","inLanguage":"en-US","@id":"https:\/\/www.librairieclavreuil.com\/en\/chappe-dauteroche-jean-baptiste-voyage-en-californie-pour-lobservation-du-passage-de-venus-sur-le-disque-du-soleil-le-3-juin-1769-contenant-les-observations-de-ce-phenomene-la-description\/#primaryimage","url":"https:\/\/www.librairieclavreuil.com\/wp-content\/uploads\/2024\/04\/jean-baptiste-chappe-d-auteroche-voyage-en-californie-pour-l-observation-du-passage-de-venus-sur-le-disque-du-soleil-le-3-juin-1769-contenant-les-obse.jpg","contentUrl":"https:\/\/www.librairieclavreuil.com\/wp-content\/uploads\/2024\/04\/jean-baptiste-chappe-d-auteroche-voyage-en-californie-pour-l-observation-du-passage-de-venus-sur-le-disque-du-soleil-le-3-juin-1769-contenant-les-obse.jpg","width":1968,"height":1474},{"@type":"BreadcrumbList","@id":"https:\/\/www.librairieclavreuil.com\/en\/chappe-dauteroche-jean-baptiste-voyage-en-californie-pour-lobservation-du-passage-de-venus-sur-le-disque-du-soleil-le-3-juin-1769-contenant-les-observations-de-ce-phenomene-la-description\/#breadcrumb","itemListElement":[{"@type":"ListItem","position":1,"name":"Accueil","item":"https:\/\/www.librairieclavreuil.com\/"},{"@type":"ListItem","position":2,"name":"All our books","item":"https:\/\/www.librairieclavreuil.com\/en\/all-our-books\/"},{"@type":"ListItem","position":3,"name":"CHAPPE D&#8217;AUTEROCHE Jean-Baptiste Voyage en Californie pour l&#8217;observation du passage de V\u00e9nus sur le disque du soleil le 3 juin 1769. Contenant les observations de ce ph\u00e9nom\u00e8ne, &amp; la description historique de la route de l&#8217;auteur \u00e0 travers le Mexique."}]},{"@type":"WebSite","@id":"https:\/\/www.librairieclavreuil.com\/#website","url":"https:\/\/www.librairieclavreuil.com\/","name":"Libairie Clavreuil","description":"Livres anciens, manuscrits rares et \u00e9ditions originales \u2013 Librairie Clavreuil","publisher":{"@id":"https:\/\/www.librairieclavreuil.com\/#organization"},"potentialAction":[{"@type":"SearchAction","target":{"@type":"EntryPoint","urlTemplate":"https:\/\/www.librairieclavreuil.com\/?s={search_term_string}"},"query-input":{"@type":"PropertyValueSpecification","valueRequired":true,"valueName":"search_term_string"}}],"inLanguage":"en-US"},{"@type":"Organization","@id":"https:\/\/www.librairieclavreuil.com\/#organization","name":"Libairie Clavreuil","url":"https:\/\/www.librairieclavreuil.com\/","logo":{"@type":"ImageObject","inLanguage":"en-US","@id":"https:\/\/www.librairieclavreuil.com\/#\/schema\/logo\/image\/","url":"https:\/\/www.librairieclavreuil.com\/wp-content\/uploads\/2021\/06\/cropped-LOGO_PNG_DATE-_gold-512x512-1.png","contentUrl":"https:\/\/www.librairieclavreuil.com\/wp-content\/uploads\/2021\/06\/cropped-LOGO_PNG_DATE-_gold-512x512-1.png","width":512,"height":512,"caption":"Libairie Clavreuil"},"image":{"@id":"https:\/\/www.librairieclavreuil.com\/#\/schema\/logo\/image\/"},"sameAs":["https:\/\/www.instagram.com\/librairieclavreuil\/"]}]}},"jetpack_sharing_enabled":true,"_links":{"self":[{"href":"https:\/\/www.librairieclavreuil.com\/en\/wp-json\/wp\/v2\/product\/75557","targetHints":{"allow":["GET"]}}],"collection":[{"href":"https:\/\/www.librairieclavreuil.com\/en\/wp-json\/wp\/v2\/product"}],"about":[{"href":"https:\/\/www.librairieclavreuil.com\/en\/wp-json\/wp\/v2\/types\/product"}],"replies":[{"embeddable":true,"href":"https:\/\/www.librairieclavreuil.com\/en\/wp-json\/wp\/v2\/comments?post=75557"}],"wp:featuredmedia":[{"embeddable":true,"href":"https:\/\/www.librairieclavreuil.com\/en\/wp-json\/wp\/v2\/media\/75550"}],"wp:attachment":[{"href":"https:\/\/www.librairieclavreuil.com\/en\/wp-json\/wp\/v2\/media?parent=75557"}],"wp:term":[{"taxonomy":"product_brand","embeddable":true,"href":"https:\/\/www.librairieclavreuil.com\/en\/wp-json\/wp\/v2\/product_brand?post=75557"},{"taxonomy":"product_cat","embeddable":true,"href":"https:\/\/www.librairieclavreuil.com\/en\/wp-json\/wp\/v2\/product_cat?post=75557"},{"taxonomy":"product_tag","embeddable":true,"href":"https:\/\/www.librairieclavreuil.com\/en\/wp-json\/wp\/v2\/product_tag?post=75557"}],"curies":[{"name":"wp","href":"https:\/\/api.w.org\/{rel}","templated":true}]}}