{"id":75519,"date":"2024-04-24T17:09:46","date_gmt":"2024-04-24T15:09:46","guid":{"rendered":"https:\/\/clavreuil-wordpress.logiciel-arteo.fr\/labat-jean-baptiste-nouveau-voyage-aux-isles-de-lamerique-contenant-lhistoire-naturelle-de-ces-pays-lorigine-les-moeurs-la-religion-le-gouvernement-des-habitans-anciens-et-modernes\/"},"modified":"2024-10-21T17:03:48","modified_gmt":"2024-10-21T15:03:48","slug":"labat-jean-baptiste-nouveau-voyage-aux-isles-de-lamerique-contenant-lhistoire-naturelle-de-ces-pays-lorigine-les-moeurs-la-religion-le-gouvernement-des-habitans-anciens-et-modernes","status":"publish","type":"product","link":"https:\/\/www.librairieclavreuil.com\/en\/labat-jean-baptiste-nouveau-voyage-aux-isles-de-lamerique-contenant-lhistoire-naturelle-de-ces-pays-lorigine-les-moeurs-la-religion-le-gouvernement-des-habitans-anciens-et-modernes\/","title":{"rendered":"LABAT Jean-Baptiste Nouveau voyage aux Isles de l&#8217;Am\u00e9rique...."},"content":{"rendered":"<p><i>Alden-Landis, 724\/96 ; Sabin, 38411; Chadenat, 1638 ; Nissen, ZBI, 2330.<\/i><\/p>\n<p style=\"text-align:justify\"><span style=\"font-variant:small-caps\">First and only 4to edition, published 2 years after the first 8vo.<\/span><\/p>\n<p style=\"text-align:justify\">The most attractive one and the only edition in this larger 4to format. It is illustrated with 65 plates (maps, plans natural history, machinery, everyday life). The number of plates varies due to the fact that some plates can be separated and bound at the respective place relating to the text. This copy has 65 plates pulled on 64 sheets (the leaf with plates for pages 476 and 480 for volume II has not been cut up).<\/p>\n<p style=\"text-align:justify\">&#8220;L&#8217;ouvrage du P\u00e8re Labat est certainement le livre le plus int\u00e9ressant qui existe sur les Antilles ; ses notices sur les principales familles \u00e9tablies aux colonies sont parfois piquantes. Environ 65 planches&#8221; (Chadenat).<\/p>\n<p style=\"text-align:justify\">&#8220;A reprint of the first edition, without any alteration except in the form. The collation varies in some copies. The only quarto edition I have seen is dated 1724&#8221; (Sabin).<\/p>\n<p>Some occasional toning, else a very good copy.<\/p>\n","protected":false},"excerpt":{"rendered":"<p style=\"text-align:justify\">2 volumes 4to (246 x 193 mm) 4 nn.ll., VIII, 168, 360 pp., 2 nn.ll., 54 engraved plates for volume I; 4 nn.ll., 520 pp., 10 nn.ll., 11 plates printed on 10 sheets (plates 9 et 10 illustrating pages 476 &amp; 480 pulled on one single sheet) for volume II. Contemporary mottled calf, spine gilt with raised bands (some light wear).<\/p>\n","protected":false},"featured_media":78550,"comment_status":"open","ping_status":"closed","template":"","meta":{"_acf_changed":false},"product_brand":[],"product_cat":[552],"product_tag":[1374,1375,1376,1364,1365,1363,1377,1367,1368,1369,1381,1378,1366,1370,1379,1371],"class_list":{"0":"post-75519","1":"product","2":"type-product","3":"status-publish","4":"has-post-thumbnail","6":"product_cat-travel","7":"product_tag-argentina","8":"product_tag-bolivia","9":"product_tag-brazil","10":"product_tag-california","11":"product_tag-canada-2","12":"product_tag-caribbean","13":"product_tag-chile","14":"product_tag-guyana","15":"product_tag-louisiana","16":"product_tag-mexico","17":"product_tag-paraguay-2","18":"product_tag-peru","19":"product_tag-slavery","20":"product_tag-united-states-of-america","21":"product_tag-venezuela-2","22":"product_tag-virginia","23":"pa_auteur-labat-jean-baptiste-2","24":"pa_type-de-livre-printed-book","26":"first","27":"instock","28":"shipping-taxable","29":"purchasable","30":"product-type-simple"},"acf":{"artist":" Jean-Baptiste LABAT","chapeau":"Labat\u2019s prettiest edition","adresse_bibliographique":"La Haye, P. Husson, T. Johnson, P. Gosse etc., 1724","book_type":"Printed book","provenance":"","afficher_prix":""},"yoast_head":"<!-- This site is optimized with the Yoast SEO plugin v24.7 - https:\/\/yoast.com\/wordpress\/plugins\/seo\/ -->\n<title>LABAT Jean-Baptiste Nouveau voyage aux Isles de l&#039;Am\u00e9rique. Contenant l&#039;histoire naturelle de ces pays, l&#039;origine, les moeurs, la religion &amp; le gouvernement des habitans anciens et modernes... Le Commerce et les manufactures qui y sont \u00e9tablies. - Libairie Clavreuil<\/title>\n<meta name=\"robots\" content=\"index, follow, max-snippet:-1, max-image-preview:large, max-video-preview:-1\" \/>\n<link rel=\"canonical\" href=\"https:\/\/www.librairieclavreuil.com\/en\/labat-jean-baptiste-nouveau-voyage-aux-isles-de-lamerique-contenant-lhistoire-naturelle-de-ces-pays-lorigine-les-moeurs-la-religion-le-gouvernement-des-habitans-anciens-et-modernes\/\" \/>\n<meta property=\"og:locale\" content=\"en_US\" \/>\n<meta property=\"og:type\" content=\"article\" \/>\n<meta property=\"og:title\" content=\"LABAT Jean-Baptiste Nouveau voyage aux Isles de l&#039;Am\u00e9rique. Contenant l&#039;histoire naturelle de ces pays, l&#039;origine, les moeurs, la religion &amp; le gouvernement des habitans anciens et modernes... Le Commerce et les manufactures qui y sont \u00e9tablies. - Libairie Clavreuil\" \/>\n<meta property=\"og:description\" content=\"2 volumes 4to (246 x 193 mm) 4 nn.ll., VIII, 168, 360 pp., 2 nn.ll., 54 engraved plates for volume I; 4 nn.ll., 520 pp., 10 nn.ll., 11 plates printed on 10 sheets (plates 9 et 10 illustrating pages 476 &amp; 480 pulled on one single sheet) for volume II. Contemporary mottled calf, spine gilt with raised bands (some light wear).\" \/>\n<meta property=\"og:url\" content=\"https:\/\/www.librairieclavreuil.com\/en\/labat-jean-baptiste-nouveau-voyage-aux-isles-de-lamerique-contenant-lhistoire-naturelle-de-ces-pays-lorigine-les-moeurs-la-religion-le-gouvernement-des-habitans-anciens-et-modernes\/\" \/>\n<meta property=\"og:site_name\" content=\"Libairie Clavreuil\" \/>\n<meta property=\"article:modified_time\" content=\"2024-10-21T15:03:48+00:00\" \/>\n<meta property=\"og:image\" content=\"https:\/\/www.librairieclavreuil.com\/wp-content\/uploads\/2024\/06\/jean-baptiste-labat-nouveau-voyage-aux-isles-de-l-amerique-contenant-l-histoire-naturelle-de-ces-pays-l-origine-les-moeurs-la-religion-le-go-6675abc5785fd-848x1024.jpg\" \/>\n\t<meta property=\"og:image:width\" content=\"848\" \/>\n\t<meta property=\"og:image:height\" content=\"1024\" \/>\n\t<meta property=\"og:image:type\" content=\"image\/jpeg\" \/>\n<meta name=\"twitter:card\" content=\"summary_large_image\" \/>\n<meta name=\"twitter:label1\" content=\"Est. reading time\" \/>\n\t<meta name=\"twitter:data1\" content=\"1 minute\" \/>\n<script type=\"application\/ld+json\" class=\"yoast-schema-graph\">{\"@context\":\"https:\/\/schema.org\",\"@graph\":[{\"@type\":\"WebPage\",\"@id\":\"https:\/\/www.librairieclavreuil.com\/en\/labat-jean-baptiste-nouveau-voyage-aux-isles-de-lamerique-contenant-lhistoire-naturelle-de-ces-pays-lorigine-les-moeurs-la-religion-le-gouvernement-des-habitans-anciens-et-modernes\/\",\"url\":\"https:\/\/www.librairieclavreuil.com\/en\/labat-jean-baptiste-nouveau-voyage-aux-isles-de-lamerique-contenant-lhistoire-naturelle-de-ces-pays-lorigine-les-moeurs-la-religion-le-gouvernement-des-habitans-anciens-et-modernes\/\",\"name\":\"LABAT Jean-Baptiste Nouveau voyage aux Isles de l'Am\u00e9rique. Contenant l'histoire naturelle de ces pays, l'origine, les moeurs, la religion &amp; le gouvernement des habitans anciens et modernes... Le Commerce et les manufactures qui y sont \u00e9tablies. - Libairie Clavreuil\",\"isPartOf\":{\"@id\":\"https:\/\/www.librairieclavreuil.com\/#website\"},\"primaryImageOfPage\":{\"@id\":\"https:\/\/www.librairieclavreuil.com\/en\/labat-jean-baptiste-nouveau-voyage-aux-isles-de-lamerique-contenant-lhistoire-naturelle-de-ces-pays-lorigine-les-moeurs-la-religion-le-gouvernement-des-habitans-anciens-et-modernes\/#primaryimage\"},\"image\":{\"@id\":\"https:\/\/www.librairieclavreuil.com\/en\/labat-jean-baptiste-nouveau-voyage-aux-isles-de-lamerique-contenant-lhistoire-naturelle-de-ces-pays-lorigine-les-moeurs-la-religion-le-gouvernement-des-habitans-anciens-et-modernes\/#primaryimage\"},\"thumbnailUrl\":\"https:\/\/www.librairieclavreuil.com\/wp-content\/uploads\/2024\/06\/jean-baptiste-labat-nouveau-voyage-aux-isles-de-l-amerique-contenant-l-histoire-naturelle-de-ces-pays-l-origine-les-moeurs-la-religion-le-go-6675abc5785fd.jpg\",\"datePublished\":\"2024-04-24T15:09:46+00:00\",\"dateModified\":\"2024-10-21T15:03:48+00:00\",\"breadcrumb\":{\"@id\":\"https:\/\/www.librairieclavreuil.com\/en\/labat-jean-baptiste-nouveau-voyage-aux-isles-de-lamerique-contenant-lhistoire-naturelle-de-ces-pays-lorigine-les-moeurs-la-religion-le-gouvernement-des-habitans-anciens-et-modernes\/#breadcrumb\"},\"inLanguage\":\"en-US\",\"potentialAction\":[{\"@type\":\"ReadAction\",\"target\":[\"https:\/\/www.librairieclavreuil.com\/en\/labat-jean-baptiste-nouveau-voyage-aux-isles-de-lamerique-contenant-lhistoire-naturelle-de-ces-pays-lorigine-les-moeurs-la-religion-le-gouvernement-des-habitans-anciens-et-modernes\/\"]}]},{\"@type\":\"ImageObject\",\"inLanguage\":\"en-US\",\"@id\":\"https:\/\/www.librairieclavreuil.com\/en\/labat-jean-baptiste-nouveau-voyage-aux-isles-de-lamerique-contenant-lhistoire-naturelle-de-ces-pays-lorigine-les-moeurs-la-religion-le-gouvernement-des-habitans-anciens-et-modernes\/#primaryimage\",\"url\":\"https:\/\/www.librairieclavreuil.com\/wp-content\/uploads\/2024\/06\/jean-baptiste-labat-nouveau-voyage-aux-isles-de-l-amerique-contenant-l-histoire-naturelle-de-ces-pays-l-origine-les-moeurs-la-religion-le-go-6675abc5785fd.jpg\",\"contentUrl\":\"https:\/\/www.librairieclavreuil.com\/wp-content\/uploads\/2024\/06\/jean-baptiste-labat-nouveau-voyage-aux-isles-de-l-amerique-contenant-l-histoire-naturelle-de-ces-pays-l-origine-les-moeurs-la-religion-le-go-6675abc5785fd.jpg\",\"width\":1568,\"height\":1893},{\"@type\":\"BreadcrumbList\",\"@id\":\"https:\/\/www.librairieclavreuil.com\/en\/labat-jean-baptiste-nouveau-voyage-aux-isles-de-lamerique-contenant-lhistoire-naturelle-de-ces-pays-lorigine-les-moeurs-la-religion-le-gouvernement-des-habitans-anciens-et-modernes\/#breadcrumb\",\"itemListElement\":[{\"@type\":\"ListItem\",\"position\":1,\"name\":\"Accueil\",\"item\":\"https:\/\/www.librairieclavreuil.com\/\"},{\"@type\":\"ListItem\",\"position\":2,\"name\":\"All our books\",\"item\":\"https:\/\/www.librairieclavreuil.com\/en\/all-our-books\/\"},{\"@type\":\"ListItem\",\"position\":3,\"name\":\"LABAT Jean-Baptiste Nouveau voyage aux Isles de l&#8217;Am\u00e9rique. Contenant l&#8217;histoire naturelle de ces pays, l&#8217;origine, les moeurs, la religion &amp; le gouvernement des habitans anciens et modernes&#8230; Le Commerce et les manufactures qui y sont \u00e9tablies.\"}]},{\"@type\":\"WebSite\",\"@id\":\"https:\/\/www.librairieclavreuil.com\/#website\",\"url\":\"https:\/\/www.librairieclavreuil.com\/\",\"name\":\"Libairie Clavreuil\",\"description\":\"Livres anciens, manuscrits rares et \u00e9ditions originales \u2013 Librairie Clavreuil\",\"publisher\":{\"@id\":\"https:\/\/www.librairieclavreuil.com\/#organization\"},\"potentialAction\":[{\"@type\":\"SearchAction\",\"target\":{\"@type\":\"EntryPoint\",\"urlTemplate\":\"https:\/\/www.librairieclavreuil.com\/?s={search_term_string}\"},\"query-input\":{\"@type\":\"PropertyValueSpecification\",\"valueRequired\":true,\"valueName\":\"search_term_string\"}}],\"inLanguage\":\"en-US\"},{\"@type\":\"Organization\",\"@id\":\"https:\/\/www.librairieclavreuil.com\/#organization\",\"name\":\"Libairie Clavreuil\",\"url\":\"https:\/\/www.librairieclavreuil.com\/\",\"logo\":{\"@type\":\"ImageObject\",\"inLanguage\":\"en-US\",\"@id\":\"https:\/\/www.librairieclavreuil.com\/#\/schema\/logo\/image\/\",\"url\":\"https:\/\/www.librairieclavreuil.com\/wp-content\/uploads\/2021\/06\/cropped-LOGO_PNG_DATE-_gold-512x512-1.png\",\"contentUrl\":\"https:\/\/www.librairieclavreuil.com\/wp-content\/uploads\/2021\/06\/cropped-LOGO_PNG_DATE-_gold-512x512-1.png\",\"width\":512,\"height\":512,\"caption\":\"Libairie Clavreuil\"},\"image\":{\"@id\":\"https:\/\/www.librairieclavreuil.com\/#\/schema\/logo\/image\/\"},\"sameAs\":[\"https:\/\/www.instagram.com\/librairieclavreuil\/\"]}]}<\/script>\n<!-- \/ Yoast SEO plugin. -->","yoast_head_json":{"title":"LABAT Jean-Baptiste Nouveau voyage aux Isles de l'Am\u00e9rique. Contenant l'histoire naturelle de ces pays, l'origine, les moeurs, la religion &amp; le gouvernement des habitans anciens et modernes... Le Commerce et les manufactures qui y sont \u00e9tablies. - Libairie Clavreuil","robots":{"index":"index","follow":"follow","max-snippet":"max-snippet:-1","max-image-preview":"max-image-preview:large","max-video-preview":"max-video-preview:-1"},"canonical":"https:\/\/www.librairieclavreuil.com\/en\/labat-jean-baptiste-nouveau-voyage-aux-isles-de-lamerique-contenant-lhistoire-naturelle-de-ces-pays-lorigine-les-moeurs-la-religion-le-gouvernement-des-habitans-anciens-et-modernes\/","og_locale":"en_US","og_type":"article","og_title":"LABAT Jean-Baptiste Nouveau voyage aux Isles de l'Am\u00e9rique. Contenant l'histoire naturelle de ces pays, l'origine, les moeurs, la religion &amp; le gouvernement des habitans anciens et modernes... Le Commerce et les manufactures qui y sont \u00e9tablies. - Libairie Clavreuil","og_description":"2 volumes 4to (246 x 193 mm) 4 nn.ll., VIII, 168, 360 pp., 2 nn.ll., 54 engraved plates for volume I; 4 nn.ll., 520 pp., 10 nn.ll., 11 plates printed on 10 sheets (plates 9 et 10 illustrating pages 476 &amp; 480 pulled on one single sheet) for volume II. Contemporary mottled calf, spine gilt with raised bands (some light wear).","og_url":"https:\/\/www.librairieclavreuil.com\/en\/labat-jean-baptiste-nouveau-voyage-aux-isles-de-lamerique-contenant-lhistoire-naturelle-de-ces-pays-lorigine-les-moeurs-la-religion-le-gouvernement-des-habitans-anciens-et-modernes\/","og_site_name":"Libairie Clavreuil","article_modified_time":"2024-10-21T15:03:48+00:00","og_image":[{"width":848,"height":1024,"url":"https:\/\/www.librairieclavreuil.com\/wp-content\/uploads\/2024\/06\/jean-baptiste-labat-nouveau-voyage-aux-isles-de-l-amerique-contenant-l-histoire-naturelle-de-ces-pays-l-origine-les-moeurs-la-religion-le-go-6675abc5785fd-848x1024.jpg","type":"image\/jpeg"}],"twitter_card":"summary_large_image","twitter_misc":{"Est. reading time":"1 minute"},"schema":{"@context":"https:\/\/schema.org","@graph":[{"@type":"WebPage","@id":"https:\/\/www.librairieclavreuil.com\/en\/labat-jean-baptiste-nouveau-voyage-aux-isles-de-lamerique-contenant-lhistoire-naturelle-de-ces-pays-lorigine-les-moeurs-la-religion-le-gouvernement-des-habitans-anciens-et-modernes\/","url":"https:\/\/www.librairieclavreuil.com\/en\/labat-jean-baptiste-nouveau-voyage-aux-isles-de-lamerique-contenant-lhistoire-naturelle-de-ces-pays-lorigine-les-moeurs-la-religion-le-gouvernement-des-habitans-anciens-et-modernes\/","name":"LABAT Jean-Baptiste Nouveau voyage aux Isles de l'Am\u00e9rique. Contenant l'histoire naturelle de ces pays, l'origine, les moeurs, la religion &amp; le gouvernement des habitans anciens et modernes... Le Commerce et les manufactures qui y sont \u00e9tablies. - Libairie Clavreuil","isPartOf":{"@id":"https:\/\/www.librairieclavreuil.com\/#website"},"primaryImageOfPage":{"@id":"https:\/\/www.librairieclavreuil.com\/en\/labat-jean-baptiste-nouveau-voyage-aux-isles-de-lamerique-contenant-lhistoire-naturelle-de-ces-pays-lorigine-les-moeurs-la-religion-le-gouvernement-des-habitans-anciens-et-modernes\/#primaryimage"},"image":{"@id":"https:\/\/www.librairieclavreuil.com\/en\/labat-jean-baptiste-nouveau-voyage-aux-isles-de-lamerique-contenant-lhistoire-naturelle-de-ces-pays-lorigine-les-moeurs-la-religion-le-gouvernement-des-habitans-anciens-et-modernes\/#primaryimage"},"thumbnailUrl":"https:\/\/www.librairieclavreuil.com\/wp-content\/uploads\/2024\/06\/jean-baptiste-labat-nouveau-voyage-aux-isles-de-l-amerique-contenant-l-histoire-naturelle-de-ces-pays-l-origine-les-moeurs-la-religion-le-go-6675abc5785fd.jpg","datePublished":"2024-04-24T15:09:46+00:00","dateModified":"2024-10-21T15:03:48+00:00","breadcrumb":{"@id":"https:\/\/www.librairieclavreuil.com\/en\/labat-jean-baptiste-nouveau-voyage-aux-isles-de-lamerique-contenant-lhistoire-naturelle-de-ces-pays-lorigine-les-moeurs-la-religion-le-gouvernement-des-habitans-anciens-et-modernes\/#breadcrumb"},"inLanguage":"en-US","potentialAction":[{"@type":"ReadAction","target":["https:\/\/www.librairieclavreuil.com\/en\/labat-jean-baptiste-nouveau-voyage-aux-isles-de-lamerique-contenant-lhistoire-naturelle-de-ces-pays-lorigine-les-moeurs-la-religion-le-gouvernement-des-habitans-anciens-et-modernes\/"]}]},{"@type":"ImageObject","inLanguage":"en-US","@id":"https:\/\/www.librairieclavreuil.com\/en\/labat-jean-baptiste-nouveau-voyage-aux-isles-de-lamerique-contenant-lhistoire-naturelle-de-ces-pays-lorigine-les-moeurs-la-religion-le-gouvernement-des-habitans-anciens-et-modernes\/#primaryimage","url":"https:\/\/www.librairieclavreuil.com\/wp-content\/uploads\/2024\/06\/jean-baptiste-labat-nouveau-voyage-aux-isles-de-l-amerique-contenant-l-histoire-naturelle-de-ces-pays-l-origine-les-moeurs-la-religion-le-go-6675abc5785fd.jpg","contentUrl":"https:\/\/www.librairieclavreuil.com\/wp-content\/uploads\/2024\/06\/jean-baptiste-labat-nouveau-voyage-aux-isles-de-l-amerique-contenant-l-histoire-naturelle-de-ces-pays-l-origine-les-moeurs-la-religion-le-go-6675abc5785fd.jpg","width":1568,"height":1893},{"@type":"BreadcrumbList","@id":"https:\/\/www.librairieclavreuil.com\/en\/labat-jean-baptiste-nouveau-voyage-aux-isles-de-lamerique-contenant-lhistoire-naturelle-de-ces-pays-lorigine-les-moeurs-la-religion-le-gouvernement-des-habitans-anciens-et-modernes\/#breadcrumb","itemListElement":[{"@type":"ListItem","position":1,"name":"Accueil","item":"https:\/\/www.librairieclavreuil.com\/"},{"@type":"ListItem","position":2,"name":"All our books","item":"https:\/\/www.librairieclavreuil.com\/en\/all-our-books\/"},{"@type":"ListItem","position":3,"name":"LABAT Jean-Baptiste Nouveau voyage aux Isles de l&#8217;Am\u00e9rique. Contenant l&#8217;histoire naturelle de ces pays, l&#8217;origine, les moeurs, la religion &amp; le gouvernement des habitans anciens et modernes&#8230; Le Commerce et les manufactures qui y sont \u00e9tablies."}]},{"@type":"WebSite","@id":"https:\/\/www.librairieclavreuil.com\/#website","url":"https:\/\/www.librairieclavreuil.com\/","name":"Libairie Clavreuil","description":"Livres anciens, manuscrits rares et \u00e9ditions originales \u2013 Librairie Clavreuil","publisher":{"@id":"https:\/\/www.librairieclavreuil.com\/#organization"},"potentialAction":[{"@type":"SearchAction","target":{"@type":"EntryPoint","urlTemplate":"https:\/\/www.librairieclavreuil.com\/?s={search_term_string}"},"query-input":{"@type":"PropertyValueSpecification","valueRequired":true,"valueName":"search_term_string"}}],"inLanguage":"en-US"},{"@type":"Organization","@id":"https:\/\/www.librairieclavreuil.com\/#organization","name":"Libairie Clavreuil","url":"https:\/\/www.librairieclavreuil.com\/","logo":{"@type":"ImageObject","inLanguage":"en-US","@id":"https:\/\/www.librairieclavreuil.com\/#\/schema\/logo\/image\/","url":"https:\/\/www.librairieclavreuil.com\/wp-content\/uploads\/2021\/06\/cropped-LOGO_PNG_DATE-_gold-512x512-1.png","contentUrl":"https:\/\/www.librairieclavreuil.com\/wp-content\/uploads\/2021\/06\/cropped-LOGO_PNG_DATE-_gold-512x512-1.png","width":512,"height":512,"caption":"Libairie Clavreuil"},"image":{"@id":"https:\/\/www.librairieclavreuil.com\/#\/schema\/logo\/image\/"},"sameAs":["https:\/\/www.instagram.com\/librairieclavreuil\/"]}]}},"jetpack_sharing_enabled":true,"_links":{"self":[{"href":"https:\/\/www.librairieclavreuil.com\/en\/wp-json\/wp\/v2\/product\/75519","targetHints":{"allow":["GET"]}}],"collection":[{"href":"https:\/\/www.librairieclavreuil.com\/en\/wp-json\/wp\/v2\/product"}],"about":[{"href":"https:\/\/www.librairieclavreuil.com\/en\/wp-json\/wp\/v2\/types\/product"}],"replies":[{"embeddable":true,"href":"https:\/\/www.librairieclavreuil.com\/en\/wp-json\/wp\/v2\/comments?post=75519"}],"wp:featuredmedia":[{"embeddable":true,"href":"https:\/\/www.librairieclavreuil.com\/en\/wp-json\/wp\/v2\/media\/78550"}],"wp:attachment":[{"href":"https:\/\/www.librairieclavreuil.com\/en\/wp-json\/wp\/v2\/media?parent=75519"}],"wp:term":[{"taxonomy":"product_brand","embeddable":true,"href":"https:\/\/www.librairieclavreuil.com\/en\/wp-json\/wp\/v2\/product_brand?post=75519"},{"taxonomy":"product_cat","embeddable":true,"href":"https:\/\/www.librairieclavreuil.com\/en\/wp-json\/wp\/v2\/product_cat?post=75519"},{"taxonomy":"product_tag","embeddable":true,"href":"https:\/\/www.librairieclavreuil.com\/en\/wp-json\/wp\/v2\/product_tag?post=75519"}],"curies":[{"name":"wp","href":"https:\/\/api.w.org\/{rel}","templated":true}]}}