{"id":75437,"date":"2024-04-24T16:20:32","date_gmt":"2024-04-24T14:20:32","guid":{"rendered":"https:\/\/clavreuil-wordpress.logiciel-arteo.fr\/charlevoix-pierre-francois-xavier-de-histoire-de-lisle-espagnole-ou-de-s-domingue-ecrites-particulierement-sur-les-memoires-manuscrits-du-p-jean-baptiste-le-pers-jesuite-missionnaire-a-saint-d\/"},"modified":"2024-07-18T17:50:09","modified_gmt":"2024-07-18T15:50:09","slug":"charlevoix-pierre-francois-xavier-de-histoire-de-lisle-espagnole-ou-de-s-domingue-ecrites-particulierement-sur-les-memoires-manuscrits-du-p-jean-baptiste-le-pers-jesuite-missionnaire-a-saint-d","status":"publish","type":"product","link":"https:\/\/www.librairieclavreuil.com\/en\/charlevoix-pierre-francois-xavier-de-histoire-de-lisle-espagnole-ou-de-s-domingue-ecrites-particulierement-sur-les-memoires-manuscrits-du-p-jean-baptiste-le-pers-jesuite-missionnaire-a-saint-d\/","title":{"rendered":"CHARLEVOIX Pierre-Fran\u00e7ois-Xavier de Histoire de l&#8217;Isle espagnole ou..."},"content":{"rendered":"<p style=\"text-align:justify\"><i>Sabin, 12128 ; Palau, 67166 ; Leclerc, 1372 ; see&nbsp;de Backer-Sommervogel, II, 1076 (for the 4to edition).<\/i><\/p>\n<p style=\"text-align:justify\"><span style=\"font-variant:small-caps\">First 12mo edition, published after the original quarto edition from 1731.<\/span><\/p>\n<p style=\"text-align:justify\">It is profusely illustrated with 4 (repeated) engraved frontispieces and 20 plates (including 18 maps and plans).<\/p>\n<p style=\"text-align:justify\">Nice and crisp copy.<\/p>\n<p style=\"text-align:justify\">Book plate of Ch\u00e2teau de Rosny.<\/p>\n","protected":false},"excerpt":{"rendered":"<p style=\"text-align:justify\">4 volumes, 12mo (160 x 198 mm) engraved frontispiece, title, XXIV, 292 pp., for volume I; engraved frontispiece, title, XIV, 390 pp. for volume II; engraved frontispiece, XII pp. (including title), 302 pp. for volume III; engraved frontispiece, title, XII, 429 pp. for volume IV. Contemporary vellum, red morocco spine lables added in the 19th century.<\/p>\n","protected":false},"featured_media":75428,"comment_status":"open","ping_status":"closed","template":"","meta":{"_acf_changed":false},"product_brand":[],"product_cat":[552],"product_tag":[1363],"class_list":{"0":"post-75437","1":"product","2":"type-product","3":"status-publish","4":"has-post-thumbnail","6":"product_cat-travel","7":"product_tag-caribbean","8":"pa_auteur-charlevoix-pierre-francois-xavier-de-2","9":"pa_type-de-livre-printed-book","11":"first","12":"instock","13":"shipping-taxable","14":"purchasable","15":"product-type-simple"},"acf":{"artist":" Pierre-Fran\u00e7ois-Xavier de CHARLEVOIX","chapeau":"","adresse_bibliographique":"Amsterdam, L'Honor\u00e9, 1733","book_type":"Printed book","provenance":"","afficher_prix":""},"yoast_head":"<!-- This site is optimized with the Yoast SEO plugin v24.7 - https:\/\/yoast.com\/wordpress\/plugins\/seo\/ -->\n<title>CHARLEVOIX Pierre-Fran\u00e7ois-Xavier de Histoire de l&#039;Isle espagnole ou de S. Domingue. Ecrites particuli\u00e8rement sur les M\u00e9moires Manuscrits du P. Jean-Baptiste Le Pers, J\u00e9suite, Missionnaire \u00e0 Saint Domingue, &amp; sur les Pi\u00e8ces Originales, qui se conservent au D\u00e9p\u00f4t de la Marine. - Libairie Clavreuil<\/title>\n<meta name=\"robots\" content=\"index, follow, max-snippet:-1, max-image-preview:large, max-video-preview:-1\" \/>\n<link rel=\"canonical\" href=\"https:\/\/www.librairieclavreuil.com\/produit\/charlevoix-pierre-francois-xavier-de-histoire-de-lisle-espagnole-ou-de-s-domingue-ecrites-particulierement-sur-les-memoires-manuscrits-du-p-jean-baptiste-le-pers-jesuite-missionnaire-a-saint-d\/\" \/>\n<meta property=\"og:locale\" content=\"en_US\" \/>\n<meta property=\"og:type\" content=\"article\" \/>\n<meta property=\"og:title\" content=\"CHARLEVOIX Pierre-Fran\u00e7ois-Xavier de Histoire de l&#039;Isle espagnole ou de S. Domingue. Ecrites particuli\u00e8rement sur les M\u00e9moires Manuscrits du P. Jean-Baptiste Le Pers, J\u00e9suite, Missionnaire \u00e0 Saint Domingue, &amp; sur les Pi\u00e8ces Originales, qui se conservent au D\u00e9p\u00f4t de la Marine. - Libairie Clavreuil\" \/>\n<meta property=\"og:description\" content=\"4 volumes, 12mo (160 x 198 mm) engraved frontispiece, title, XXIV, 292 pp., for volume I; engraved frontispiece, title, XIV, 390 pp. for volume II; engraved frontispiece, XII pp. (including title), 302 pp. for volume III; engraved frontispiece, title, XII, 429 pp. for volume IV. Contemporary vellum, red morocco spine lables added in the 19th century.\" \/>\n<meta property=\"og:url\" content=\"https:\/\/www.librairieclavreuil.com\/produit\/charlevoix-pierre-francois-xavier-de-histoire-de-lisle-espagnole-ou-de-s-domingue-ecrites-particulierement-sur-les-memoires-manuscrits-du-p-jean-baptiste-le-pers-jesuite-missionnaire-a-saint-d\/\" \/>\n<meta property=\"og:site_name\" content=\"Libairie Clavreuil\" \/>\n<meta property=\"article:modified_time\" content=\"2024-07-18T15:50:09+00:00\" \/>\n<meta property=\"og:image\" content=\"https:\/\/www.librairieclavreuil.com\/wp-content\/uploads\/2024\/04\/pierre-francois-xavier-de-charlevoix-histoire-de-l-isle-espagnole-ou-de-s-domingue-ecrites-particulierement-sur-les-memoires-manuscrits-du-p-jean-bapt-scaled.jpg\" \/>\n\t<meta property=\"og:image:width\" content=\"2560\" \/>\n\t<meta property=\"og:image:height\" content=\"1996\" \/>\n\t<meta property=\"og:image:type\" content=\"image\/jpeg\" \/>\n<meta name=\"twitter:card\" content=\"summary_large_image\" \/>\n<script type=\"application\/ld+json\" class=\"yoast-schema-graph\">{\"@context\":\"https:\/\/schema.org\",\"@graph\":[{\"@type\":\"WebPage\",\"@id\":\"https:\/\/www.librairieclavreuil.com\/produit\/charlevoix-pierre-francois-xavier-de-histoire-de-lisle-espagnole-ou-de-s-domingue-ecrites-particulierement-sur-les-memoires-manuscrits-du-p-jean-baptiste-le-pers-jesuite-missionnaire-a-saint-d\/\",\"url\":\"https:\/\/www.librairieclavreuil.com\/produit\/charlevoix-pierre-francois-xavier-de-histoire-de-lisle-espagnole-ou-de-s-domingue-ecrites-particulierement-sur-les-memoires-manuscrits-du-p-jean-baptiste-le-pers-jesuite-missionnaire-a-saint-d\/\",\"name\":\"CHARLEVOIX Pierre-Fran\u00e7ois-Xavier de Histoire de l'Isle espagnole ou de S. Domingue. Ecrites particuli\u00e8rement sur les M\u00e9moires Manuscrits du P. Jean-Baptiste Le Pers, J\u00e9suite, Missionnaire \u00e0 Saint Domingue, &amp; sur les Pi\u00e8ces Originales, qui se conservent au D\u00e9p\u00f4t de la Marine. - Libairie Clavreuil\",\"isPartOf\":{\"@id\":\"https:\/\/www.librairieclavreuil.com\/#website\"},\"primaryImageOfPage\":{\"@id\":\"https:\/\/www.librairieclavreuil.com\/produit\/charlevoix-pierre-francois-xavier-de-histoire-de-lisle-espagnole-ou-de-s-domingue-ecrites-particulierement-sur-les-memoires-manuscrits-du-p-jean-baptiste-le-pers-jesuite-missionnaire-a-saint-d\/#primaryimage\"},\"image\":{\"@id\":\"https:\/\/www.librairieclavreuil.com\/produit\/charlevoix-pierre-francois-xavier-de-histoire-de-lisle-espagnole-ou-de-s-domingue-ecrites-particulierement-sur-les-memoires-manuscrits-du-p-jean-baptiste-le-pers-jesuite-missionnaire-a-saint-d\/#primaryimage\"},\"thumbnailUrl\":\"https:\/\/www.librairieclavreuil.com\/wp-content\/uploads\/2024\/04\/pierre-francois-xavier-de-charlevoix-histoire-de-l-isle-espagnole-ou-de-s-domingue-ecrites-particulierement-sur-les-memoires-manuscrits-du-p-jean-bapt-scaled.jpg\",\"datePublished\":\"2024-04-24T14:20:32+00:00\",\"dateModified\":\"2024-07-18T15:50:09+00:00\",\"breadcrumb\":{\"@id\":\"https:\/\/www.librairieclavreuil.com\/produit\/charlevoix-pierre-francois-xavier-de-histoire-de-lisle-espagnole-ou-de-s-domingue-ecrites-particulierement-sur-les-memoires-manuscrits-du-p-jean-baptiste-le-pers-jesuite-missionnaire-a-saint-d\/#breadcrumb\"},\"inLanguage\":\"en-US\",\"potentialAction\":[{\"@type\":\"ReadAction\",\"target\":[\"https:\/\/www.librairieclavreuil.com\/produit\/charlevoix-pierre-francois-xavier-de-histoire-de-lisle-espagnole-ou-de-s-domingue-ecrites-particulierement-sur-les-memoires-manuscrits-du-p-jean-baptiste-le-pers-jesuite-missionnaire-a-saint-d\/\"]}]},{\"@type\":\"ImageObject\",\"inLanguage\":\"en-US\",\"@id\":\"https:\/\/www.librairieclavreuil.com\/produit\/charlevoix-pierre-francois-xavier-de-histoire-de-lisle-espagnole-ou-de-s-domingue-ecrites-particulierement-sur-les-memoires-manuscrits-du-p-jean-baptiste-le-pers-jesuite-missionnaire-a-saint-d\/#primaryimage\",\"url\":\"https:\/\/www.librairieclavreuil.com\/wp-content\/uploads\/2024\/04\/pierre-francois-xavier-de-charlevoix-histoire-de-l-isle-espagnole-ou-de-s-domingue-ecrites-particulierement-sur-les-memoires-manuscrits-du-p-jean-bapt-scaled.jpg\",\"contentUrl\":\"https:\/\/www.librairieclavreuil.com\/wp-content\/uploads\/2024\/04\/pierre-francois-xavier-de-charlevoix-histoire-de-l-isle-espagnole-ou-de-s-domingue-ecrites-particulierement-sur-les-memoires-manuscrits-du-p-jean-bapt-scaled.jpg\",\"width\":2560,\"height\":1996},{\"@type\":\"BreadcrumbList\",\"@id\":\"https:\/\/www.librairieclavreuil.com\/produit\/charlevoix-pierre-francois-xavier-de-histoire-de-lisle-espagnole-ou-de-s-domingue-ecrites-particulierement-sur-les-memoires-manuscrits-du-p-jean-baptiste-le-pers-jesuite-missionnaire-a-saint-d\/#breadcrumb\",\"itemListElement\":[{\"@type\":\"ListItem\",\"position\":1,\"name\":\"Accueil\",\"item\":\"https:\/\/www.librairieclavreuil.com\/\"},{\"@type\":\"ListItem\",\"position\":2,\"name\":\"All our books\",\"item\":\"https:\/\/www.librairieclavreuil.com\/en\/all-our-books\/\"},{\"@type\":\"ListItem\",\"position\":3,\"name\":\"CHARLEVOIX Pierre-Fran\u00e7ois-Xavier de Histoire de l&rsquo;Isle espagnole ou...\"}]},{\"@type\":\"WebSite\",\"@id\":\"https:\/\/www.librairieclavreuil.com\/#website\",\"url\":\"https:\/\/www.librairieclavreuil.com\/\",\"name\":\"Libairie Clavreuil\",\"description\":\"Livres anciens, manuscrits rares et \u00e9ditions originales \u2013 Librairie Clavreuil\",\"publisher\":{\"@id\":\"https:\/\/www.librairieclavreuil.com\/#organization\"},\"potentialAction\":[{\"@type\":\"SearchAction\",\"target\":{\"@type\":\"EntryPoint\",\"urlTemplate\":\"https:\/\/www.librairieclavreuil.com\/?s={search_term_string}\"},\"query-input\":{\"@type\":\"PropertyValueSpecification\",\"valueRequired\":true,\"valueName\":\"search_term_string\"}}],\"inLanguage\":\"en-US\"},{\"@type\":\"Organization\",\"@id\":\"https:\/\/www.librairieclavreuil.com\/#organization\",\"name\":\"Libairie Clavreuil\",\"url\":\"https:\/\/www.librairieclavreuil.com\/\",\"logo\":{\"@type\":\"ImageObject\",\"inLanguage\":\"en-US\",\"@id\":\"https:\/\/www.librairieclavreuil.com\/#\/schema\/logo\/image\/\",\"url\":\"https:\/\/www.librairieclavreuil.com\/wp-content\/uploads\/2021\/06\/cropped-LOGO_PNG_DATE-_gold-512x512-1.png\",\"contentUrl\":\"https:\/\/www.librairieclavreuil.com\/wp-content\/uploads\/2021\/06\/cropped-LOGO_PNG_DATE-_gold-512x512-1.png\",\"width\":512,\"height\":512,\"caption\":\"Libairie Clavreuil\"},\"image\":{\"@id\":\"https:\/\/www.librairieclavreuil.com\/#\/schema\/logo\/image\/\"},\"sameAs\":[\"https:\/\/www.instagram.com\/librairieclavreuil\/\"]}]}<\/script>\n<!-- \/ Yoast SEO plugin. -->","yoast_head_json":{"title":"CHARLEVOIX Pierre-Fran\u00e7ois-Xavier de Histoire de l'Isle espagnole ou de S. Domingue. Ecrites particuli\u00e8rement sur les M\u00e9moires Manuscrits du P. Jean-Baptiste Le Pers, J\u00e9suite, Missionnaire \u00e0 Saint Domingue, &amp; sur les Pi\u00e8ces Originales, qui se conservent au D\u00e9p\u00f4t de la Marine. - Libairie Clavreuil","robots":{"index":"index","follow":"follow","max-snippet":"max-snippet:-1","max-image-preview":"max-image-preview:large","max-video-preview":"max-video-preview:-1"},"canonical":"https:\/\/www.librairieclavreuil.com\/produit\/charlevoix-pierre-francois-xavier-de-histoire-de-lisle-espagnole-ou-de-s-domingue-ecrites-particulierement-sur-les-memoires-manuscrits-du-p-jean-baptiste-le-pers-jesuite-missionnaire-a-saint-d\/","og_locale":"en_US","og_type":"article","og_title":"CHARLEVOIX Pierre-Fran\u00e7ois-Xavier de Histoire de l'Isle espagnole ou de S. Domingue. Ecrites particuli\u00e8rement sur les M\u00e9moires Manuscrits du P. Jean-Baptiste Le Pers, J\u00e9suite, Missionnaire \u00e0 Saint Domingue, &amp; sur les Pi\u00e8ces Originales, qui se conservent au D\u00e9p\u00f4t de la Marine. - Libairie Clavreuil","og_description":"4 volumes, 12mo (160 x 198 mm) engraved frontispiece, title, XXIV, 292 pp., for volume I; engraved frontispiece, title, XIV, 390 pp. for volume II; engraved frontispiece, XII pp. (including title), 302 pp. for volume III; engraved frontispiece, title, XII, 429 pp. for volume IV. Contemporary vellum, red morocco spine lables added in the 19th century.","og_url":"https:\/\/www.librairieclavreuil.com\/produit\/charlevoix-pierre-francois-xavier-de-histoire-de-lisle-espagnole-ou-de-s-domingue-ecrites-particulierement-sur-les-memoires-manuscrits-du-p-jean-baptiste-le-pers-jesuite-missionnaire-a-saint-d\/","og_site_name":"Libairie Clavreuil","article_modified_time":"2024-07-18T15:50:09+00:00","og_image":[{"width":2560,"height":1996,"url":"https:\/\/www.librairieclavreuil.com\/wp-content\/uploads\/2024\/04\/pierre-francois-xavier-de-charlevoix-histoire-de-l-isle-espagnole-ou-de-s-domingue-ecrites-particulierement-sur-les-memoires-manuscrits-du-p-jean-bapt-scaled.jpg","type":"image\/jpeg"}],"twitter_card":"summary_large_image","schema":{"@context":"https:\/\/schema.org","@graph":[{"@type":"WebPage","@id":"https:\/\/www.librairieclavreuil.com\/produit\/charlevoix-pierre-francois-xavier-de-histoire-de-lisle-espagnole-ou-de-s-domingue-ecrites-particulierement-sur-les-memoires-manuscrits-du-p-jean-baptiste-le-pers-jesuite-missionnaire-a-saint-d\/","url":"https:\/\/www.librairieclavreuil.com\/produit\/charlevoix-pierre-francois-xavier-de-histoire-de-lisle-espagnole-ou-de-s-domingue-ecrites-particulierement-sur-les-memoires-manuscrits-du-p-jean-baptiste-le-pers-jesuite-missionnaire-a-saint-d\/","name":"CHARLEVOIX Pierre-Fran\u00e7ois-Xavier de Histoire de l'Isle espagnole ou de S. Domingue. Ecrites particuli\u00e8rement sur les M\u00e9moires Manuscrits du P. Jean-Baptiste Le Pers, J\u00e9suite, Missionnaire \u00e0 Saint Domingue, &amp; sur les Pi\u00e8ces Originales, qui se conservent au D\u00e9p\u00f4t de la Marine. - Libairie Clavreuil","isPartOf":{"@id":"https:\/\/www.librairieclavreuil.com\/#website"},"primaryImageOfPage":{"@id":"https:\/\/www.librairieclavreuil.com\/produit\/charlevoix-pierre-francois-xavier-de-histoire-de-lisle-espagnole-ou-de-s-domingue-ecrites-particulierement-sur-les-memoires-manuscrits-du-p-jean-baptiste-le-pers-jesuite-missionnaire-a-saint-d\/#primaryimage"},"image":{"@id":"https:\/\/www.librairieclavreuil.com\/produit\/charlevoix-pierre-francois-xavier-de-histoire-de-lisle-espagnole-ou-de-s-domingue-ecrites-particulierement-sur-les-memoires-manuscrits-du-p-jean-baptiste-le-pers-jesuite-missionnaire-a-saint-d\/#primaryimage"},"thumbnailUrl":"https:\/\/www.librairieclavreuil.com\/wp-content\/uploads\/2024\/04\/pierre-francois-xavier-de-charlevoix-histoire-de-l-isle-espagnole-ou-de-s-domingue-ecrites-particulierement-sur-les-memoires-manuscrits-du-p-jean-bapt-scaled.jpg","datePublished":"2024-04-24T14:20:32+00:00","dateModified":"2024-07-18T15:50:09+00:00","breadcrumb":{"@id":"https:\/\/www.librairieclavreuil.com\/produit\/charlevoix-pierre-francois-xavier-de-histoire-de-lisle-espagnole-ou-de-s-domingue-ecrites-particulierement-sur-les-memoires-manuscrits-du-p-jean-baptiste-le-pers-jesuite-missionnaire-a-saint-d\/#breadcrumb"},"inLanguage":"en-US","potentialAction":[{"@type":"ReadAction","target":["https:\/\/www.librairieclavreuil.com\/produit\/charlevoix-pierre-francois-xavier-de-histoire-de-lisle-espagnole-ou-de-s-domingue-ecrites-particulierement-sur-les-memoires-manuscrits-du-p-jean-baptiste-le-pers-jesuite-missionnaire-a-saint-d\/"]}]},{"@type":"ImageObject","inLanguage":"en-US","@id":"https:\/\/www.librairieclavreuil.com\/produit\/charlevoix-pierre-francois-xavier-de-histoire-de-lisle-espagnole-ou-de-s-domingue-ecrites-particulierement-sur-les-memoires-manuscrits-du-p-jean-baptiste-le-pers-jesuite-missionnaire-a-saint-d\/#primaryimage","url":"https:\/\/www.librairieclavreuil.com\/wp-content\/uploads\/2024\/04\/pierre-francois-xavier-de-charlevoix-histoire-de-l-isle-espagnole-ou-de-s-domingue-ecrites-particulierement-sur-les-memoires-manuscrits-du-p-jean-bapt-scaled.jpg","contentUrl":"https:\/\/www.librairieclavreuil.com\/wp-content\/uploads\/2024\/04\/pierre-francois-xavier-de-charlevoix-histoire-de-l-isle-espagnole-ou-de-s-domingue-ecrites-particulierement-sur-les-memoires-manuscrits-du-p-jean-bapt-scaled.jpg","width":2560,"height":1996},{"@type":"BreadcrumbList","@id":"https:\/\/www.librairieclavreuil.com\/produit\/charlevoix-pierre-francois-xavier-de-histoire-de-lisle-espagnole-ou-de-s-domingue-ecrites-particulierement-sur-les-memoires-manuscrits-du-p-jean-baptiste-le-pers-jesuite-missionnaire-a-saint-d\/#breadcrumb","itemListElement":[{"@type":"ListItem","position":1,"name":"Accueil","item":"https:\/\/www.librairieclavreuil.com\/"},{"@type":"ListItem","position":2,"name":"All our books","item":"https:\/\/www.librairieclavreuil.com\/en\/all-our-books\/"},{"@type":"ListItem","position":3,"name":"CHARLEVOIX Pierre-Fran\u00e7ois-Xavier de Histoire de l&rsquo;Isle espagnole ou..."}]},{"@type":"WebSite","@id":"https:\/\/www.librairieclavreuil.com\/#website","url":"https:\/\/www.librairieclavreuil.com\/","name":"Libairie Clavreuil","description":"Livres anciens, manuscrits rares et \u00e9ditions originales \u2013 Librairie Clavreuil","publisher":{"@id":"https:\/\/www.librairieclavreuil.com\/#organization"},"potentialAction":[{"@type":"SearchAction","target":{"@type":"EntryPoint","urlTemplate":"https:\/\/www.librairieclavreuil.com\/?s={search_term_string}"},"query-input":{"@type":"PropertyValueSpecification","valueRequired":true,"valueName":"search_term_string"}}],"inLanguage":"en-US"},{"@type":"Organization","@id":"https:\/\/www.librairieclavreuil.com\/#organization","name":"Libairie Clavreuil","url":"https:\/\/www.librairieclavreuil.com\/","logo":{"@type":"ImageObject","inLanguage":"en-US","@id":"https:\/\/www.librairieclavreuil.com\/#\/schema\/logo\/image\/","url":"https:\/\/www.librairieclavreuil.com\/wp-content\/uploads\/2021\/06\/cropped-LOGO_PNG_DATE-_gold-512x512-1.png","contentUrl":"https:\/\/www.librairieclavreuil.com\/wp-content\/uploads\/2021\/06\/cropped-LOGO_PNG_DATE-_gold-512x512-1.png","width":512,"height":512,"caption":"Libairie Clavreuil"},"image":{"@id":"https:\/\/www.librairieclavreuil.com\/#\/schema\/logo\/image\/"},"sameAs":["https:\/\/www.instagram.com\/librairieclavreuil\/"]}]}},"jetpack_sharing_enabled":true,"_links":{"self":[{"href":"https:\/\/www.librairieclavreuil.com\/en\/wp-json\/wp\/v2\/product\/75437","targetHints":{"allow":["GET"]}}],"collection":[{"href":"https:\/\/www.librairieclavreuil.com\/en\/wp-json\/wp\/v2\/product"}],"about":[{"href":"https:\/\/www.librairieclavreuil.com\/en\/wp-json\/wp\/v2\/types\/product"}],"replies":[{"embeddable":true,"href":"https:\/\/www.librairieclavreuil.com\/en\/wp-json\/wp\/v2\/comments?post=75437"}],"wp:featuredmedia":[{"embeddable":true,"href":"https:\/\/www.librairieclavreuil.com\/en\/wp-json\/wp\/v2\/media\/75428"}],"wp:attachment":[{"href":"https:\/\/www.librairieclavreuil.com\/en\/wp-json\/wp\/v2\/media?parent=75437"}],"wp:term":[{"taxonomy":"product_brand","embeddable":true,"href":"https:\/\/www.librairieclavreuil.com\/en\/wp-json\/wp\/v2\/product_brand?post=75437"},{"taxonomy":"product_cat","embeddable":true,"href":"https:\/\/www.librairieclavreuil.com\/en\/wp-json\/wp\/v2\/product_cat?post=75437"},{"taxonomy":"product_tag","embeddable":true,"href":"https:\/\/www.librairieclavreuil.com\/en\/wp-json\/wp\/v2\/product_tag?post=75437"}],"curies":[{"name":"wp","href":"https:\/\/api.w.org\/{rel}","templated":true}]}}