{"id":75373,"date":"2024-04-24T16:00:28","date_gmt":"2024-04-24T14:00:28","guid":{"rendered":"https:\/\/clavreuil-wordpress.logiciel-arteo.fr\/guillain-charles-documents-sur-lhistoire-la-geographie-et-le-commerce-de-lafrique-orientale-premiere-partie-expose-critique-deuxieme-partie-relation-du-voyage-dexploration-a-la-cote-orie\/"},"modified":"2024-07-18T16:19:03","modified_gmt":"2024-07-18T14:19:03","slug":"guillain-charles-documents-sur-lhistoire-la-geographie-et-le-commerce-de-lafrique-orientale-premiere-partie-expose-critique-deuxieme-partie-relation-du-voyage-dexploration-a-la-cote-orie","status":"publish","type":"product","link":"https:\/\/www.librairieclavreuil.com\/en\/guillain-charles-documents-sur-lhistoire-la-geographie-et-le-commerce-de-lafrique-orientale-premiere-partie-expose-critique-deuxieme-partie-relation-du-voyage-dexploration-a-la-cote-orie\/","title":{"rendered":"GUILLAIN Charles Documents sur l&#8217;histoire, la g\u00e9ographie et..."},"content":{"rendered":"<p style=\"text-align:justify\"><i>Gay, 236 &amp; 2715 (erroneous collation for the atlas).<\/i><\/p>\n<p style=\"text-align:justify\"><span style=\"font-variant:small-caps\">First edition.<\/span><\/p>\n<p style=\"text-align:justify\">Captain Charles Guillain (1808-1875) had published a study on the trade of Madagascar and its region in 1845. This work led the Ministry of Foreign Affairs and the Ministry of Trade to entrust him with the command of the Le Duco\u00ebdic for a mission to explore the Indian Ocean coasts of Africa and the Portuguese settlements in India in order to study the commercial possibilities of this region. The voyage to explore the coasts of East Africa and India lasted from 1846 to 1848 and Guillain submitted his report in early 1850. The report of this voyage is a primary source for the study of these regions in the mid-19th century. Guillain was subsequently appointed member of a commission in 1858 to investigate new possibilities of French emigration to the colonies, and governor of New Caledonia in 1861.<\/p>\n<p style=\"text-align:justify\"><span style=\"font-variant:small-caps\">First use of photography in a scientific voyage<\/span><\/p>\n<p style=\"text-align:justify\">In addition to maps plans and view of Mombasa and Zanzibar, the atlas contains eighteen portrait plates of natives lithographed after daguerreotypes, all &#8220;collected in the course of the campaign&#8221;, the others are from drawings by Caragule and Bridet. &#8220;[Guillain] est charg\u00e9 de relever les c\u00f4tes de l&#8217;Afrique orientale du 8e de latitude sud au 12e de latitude nord. Aux escales, Guillain et ses compagnons p\u00e9n\u00e9tr\u00e8rent dans l&#8217;arri\u00e8re-pays pour \u00e9tudier la g\u00e9ogrpahie physique et les populations Swhaili et Somali. Pour la premi\u00e8re fois dans un voyage scientifique, la photographie est utilis\u00e9e pour fixer les paysages et les types humains&#8230; La contribution de Guillain \u00e0 la connaissance g\u00e9ographique, historique, ethnographique, \u00e9conomique de l&#8217;Afrique orientale est d&#8217;autant plus pr\u00e9cieuse que les Fran\u00e7ais ne fr\u00e9quent\u00e8rent gu\u00e8re ces parages&#8221; (Numa Broc, Afrique, p. 169).<\/p>\n<p style=\"text-align:justify\">A very good, complete copy.<\/p>\n","protected":false},"excerpt":{"rendered":"<p style=\"text-align:justify\">3 text volumes, 8vo (231 x 150 mm), and the atlas, folio (540 x 355 mm). Texte : Volume I : XXXI, 628 pp., 1 engraved plan, 1 typographical table. Part II \/ 1 : XXIII, 556 pp. Part II \/ 2 : 2 nn.ll., 527 pp. Atlas volume : 2 nn.ll., 55 engraved and numbered plates (including plate 27bis). Modern half-calf over marbled boards bound in style, spines decorated.<\/p>\n","protected":false},"featured_media":81222,"comment_status":"open","ping_status":"closed","template":"","meta":{"_acf_changed":false},"product_brand":[],"product_cat":[552],"product_tag":[1352,1450,1356,1205],"class_list":{"0":"post-75373","1":"product","2":"type-product","3":"status-publish","4":"has-post-thumbnail","6":"product_cat-travel","7":"product_tag-africa","8":"product_tag-first-edition","9":"product_tag-madagascar-2","10":"product_tag-photography","11":"pa_auteur-guillain-charles-2","12":"pa_type-de-livre-printed-book","14":"first","15":"instock","16":"shipping-taxable","17":"purchasable","18":"product-type-simple"},"acf":{"artist":" Charles GUILLAIN","chapeau":"The First Scientifc Exploration Documented by Photography","adresse_bibliographique":"Paris, Arthus Bertrand, 1856","book_type":"Printed book","provenance":"","afficher_prix":""},"yoast_head":"<!-- This site is optimized with the Yoast SEO plugin v24.7 - https:\/\/yoast.com\/wordpress\/plugins\/seo\/ -->\n<title>GUILLAIN Charles Documents sur l&#039;histoire, la g\u00e9ographie et le commerce de l&#039;Afrique orientale. Premi\u00e8re partie : Expos\u00e9 critique. Deuxi\u00e8me partie : Relation du voyage d&#039;exploration \u00e0 la c\u00f4te orientale d&#039;Afrique, ex\u00e9cut\u00e9e pendant les ann\u00e9es 1846, 1847 et 1848 par le brick Le Ducou\u00ebdic. - Libairie Clavreuil<\/title>\n<meta name=\"robots\" content=\"index, follow, max-snippet:-1, max-image-preview:large, max-video-preview:-1\" \/>\n<link rel=\"canonical\" href=\"https:\/\/www.librairieclavreuil.com\/produit\/guillain-charles-documents-sur-lhistoire-la-geographie-et-le-commerce-de-lafrique-orientale-premiere-partie-expose-critique-deuxieme-partie-relation-du-voyage-dexploration-a-la-cote-orie\/\" \/>\n<meta property=\"og:locale\" content=\"en_US\" \/>\n<meta property=\"og:type\" content=\"article\" \/>\n<meta property=\"og:title\" content=\"GUILLAIN Charles Documents sur l&#039;histoire, la g\u00e9ographie et le commerce de l&#039;Afrique orientale. Premi\u00e8re partie : Expos\u00e9 critique. Deuxi\u00e8me partie : Relation du voyage d&#039;exploration \u00e0 la c\u00f4te orientale d&#039;Afrique, ex\u00e9cut\u00e9e pendant les ann\u00e9es 1846, 1847 et 1848 par le brick Le Ducou\u00ebdic. - Libairie Clavreuil\" \/>\n<meta property=\"og:description\" content=\"3 text volumes, 8vo (231 x 150 mm), and the atlas, folio (540 x 355 mm). Texte : Volume I : XXXI, 628 pp., 1 engraved plan, 1 typographical table. Part II \/ 1 : XXIII, 556 pp. Part II \/ 2 : 2 nn.ll., 527 pp. Atlas volume : 2 nn.ll., 55 engraved and numbered plates (including plate 27bis). Modern half-calf over marbled boards bound in style, spines decorated.\" \/>\n<meta property=\"og:url\" content=\"https:\/\/www.librairieclavreuil.com\/produit\/guillain-charles-documents-sur-lhistoire-la-geographie-et-le-commerce-de-lafrique-orientale-premiere-partie-expose-critique-deuxieme-partie-relation-du-voyage-dexploration-a-la-cote-orie\/\" \/>\n<meta property=\"og:site_name\" content=\"Libairie Clavreuil\" \/>\n<meta property=\"article:modified_time\" content=\"2024-07-18T14:19:03+00:00\" \/>\n<meta property=\"og:image\" content=\"https:\/\/www.librairieclavreuil.com\/wp-content\/uploads\/2024\/07\/charles-guillain-documents-sur-l-histoire-la-geographie-et-le-commerce-de-l-afrique-orientale-premiere-partie-expose-critique-deuxieme-parti-6699160279005.jpg\" \/>\n\t<meta property=\"og:image:width\" content=\"800\" \/>\n\t<meta property=\"og:image:height\" content=\"556\" \/>\n\t<meta property=\"og:image:type\" content=\"image\/jpeg\" \/>\n<meta name=\"twitter:card\" content=\"summary_large_image\" \/>\n<meta name=\"twitter:label1\" content=\"Est. reading time\" \/>\n\t<meta name=\"twitter:data1\" content=\"1 minute\" \/>\n<script type=\"application\/ld+json\" class=\"yoast-schema-graph\">{\"@context\":\"https:\/\/schema.org\",\"@graph\":[{\"@type\":\"WebPage\",\"@id\":\"https:\/\/www.librairieclavreuil.com\/produit\/guillain-charles-documents-sur-lhistoire-la-geographie-et-le-commerce-de-lafrique-orientale-premiere-partie-expose-critique-deuxieme-partie-relation-du-voyage-dexploration-a-la-cote-orie\/\",\"url\":\"https:\/\/www.librairieclavreuil.com\/produit\/guillain-charles-documents-sur-lhistoire-la-geographie-et-le-commerce-de-lafrique-orientale-premiere-partie-expose-critique-deuxieme-partie-relation-du-voyage-dexploration-a-la-cote-orie\/\",\"name\":\"GUILLAIN Charles Documents sur l'histoire, la g\u00e9ographie et le commerce de l'Afrique orientale. Premi\u00e8re partie : Expos\u00e9 critique. Deuxi\u00e8me partie : Relation du voyage d'exploration \u00e0 la c\u00f4te orientale d'Afrique, ex\u00e9cut\u00e9e pendant les ann\u00e9es 1846, 1847 et 1848 par le brick Le Ducou\u00ebdic. - Libairie Clavreuil\",\"isPartOf\":{\"@id\":\"https:\/\/www.librairieclavreuil.com\/#website\"},\"primaryImageOfPage\":{\"@id\":\"https:\/\/www.librairieclavreuil.com\/produit\/guillain-charles-documents-sur-lhistoire-la-geographie-et-le-commerce-de-lafrique-orientale-premiere-partie-expose-critique-deuxieme-partie-relation-du-voyage-dexploration-a-la-cote-orie\/#primaryimage\"},\"image\":{\"@id\":\"https:\/\/www.librairieclavreuil.com\/produit\/guillain-charles-documents-sur-lhistoire-la-geographie-et-le-commerce-de-lafrique-orientale-premiere-partie-expose-critique-deuxieme-partie-relation-du-voyage-dexploration-a-la-cote-orie\/#primaryimage\"},\"thumbnailUrl\":\"https:\/\/www.librairieclavreuil.com\/wp-content\/uploads\/2024\/07\/charles-guillain-documents-sur-l-histoire-la-geographie-et-le-commerce-de-l-afrique-orientale-premiere-partie-expose-critique-deuxieme-parti-6699160279005.jpg\",\"datePublished\":\"2024-04-24T14:00:28+00:00\",\"dateModified\":\"2024-07-18T14:19:03+00:00\",\"breadcrumb\":{\"@id\":\"https:\/\/www.librairieclavreuil.com\/produit\/guillain-charles-documents-sur-lhistoire-la-geographie-et-le-commerce-de-lafrique-orientale-premiere-partie-expose-critique-deuxieme-partie-relation-du-voyage-dexploration-a-la-cote-orie\/#breadcrumb\"},\"inLanguage\":\"en-US\",\"potentialAction\":[{\"@type\":\"ReadAction\",\"target\":[\"https:\/\/www.librairieclavreuil.com\/produit\/guillain-charles-documents-sur-lhistoire-la-geographie-et-le-commerce-de-lafrique-orientale-premiere-partie-expose-critique-deuxieme-partie-relation-du-voyage-dexploration-a-la-cote-orie\/\"]}]},{\"@type\":\"ImageObject\",\"inLanguage\":\"en-US\",\"@id\":\"https:\/\/www.librairieclavreuil.com\/produit\/guillain-charles-documents-sur-lhistoire-la-geographie-et-le-commerce-de-lafrique-orientale-premiere-partie-expose-critique-deuxieme-partie-relation-du-voyage-dexploration-a-la-cote-orie\/#primaryimage\",\"url\":\"https:\/\/www.librairieclavreuil.com\/wp-content\/uploads\/2024\/07\/charles-guillain-documents-sur-l-histoire-la-geographie-et-le-commerce-de-l-afrique-orientale-premiere-partie-expose-critique-deuxieme-parti-6699160279005.jpg\",\"contentUrl\":\"https:\/\/www.librairieclavreuil.com\/wp-content\/uploads\/2024\/07\/charles-guillain-documents-sur-l-histoire-la-geographie-et-le-commerce-de-l-afrique-orientale-premiere-partie-expose-critique-deuxieme-parti-6699160279005.jpg\",\"width\":800,\"height\":556},{\"@type\":\"BreadcrumbList\",\"@id\":\"https:\/\/www.librairieclavreuil.com\/produit\/guillain-charles-documents-sur-lhistoire-la-geographie-et-le-commerce-de-lafrique-orientale-premiere-partie-expose-critique-deuxieme-partie-relation-du-voyage-dexploration-a-la-cote-orie\/#breadcrumb\",\"itemListElement\":[{\"@type\":\"ListItem\",\"position\":1,\"name\":\"Accueil\",\"item\":\"https:\/\/www.librairieclavreuil.com\/\"},{\"@type\":\"ListItem\",\"position\":2,\"name\":\"All our books\",\"item\":\"https:\/\/www.librairieclavreuil.com\/en\/all-our-books\/\"},{\"@type\":\"ListItem\",\"position\":3,\"name\":\"GUILLAIN Charles Documents sur l&rsquo;histoire, la g\u00e9ographie et...\"}]},{\"@type\":\"WebSite\",\"@id\":\"https:\/\/www.librairieclavreuil.com\/#website\",\"url\":\"https:\/\/www.librairieclavreuil.com\/\",\"name\":\"Libairie Clavreuil\",\"description\":\"Livres anciens, manuscrits rares et \u00e9ditions originales \u2013 Librairie Clavreuil\",\"publisher\":{\"@id\":\"https:\/\/www.librairieclavreuil.com\/#organization\"},\"potentialAction\":[{\"@type\":\"SearchAction\",\"target\":{\"@type\":\"EntryPoint\",\"urlTemplate\":\"https:\/\/www.librairieclavreuil.com\/?s={search_term_string}\"},\"query-input\":{\"@type\":\"PropertyValueSpecification\",\"valueRequired\":true,\"valueName\":\"search_term_string\"}}],\"inLanguage\":\"en-US\"},{\"@type\":\"Organization\",\"@id\":\"https:\/\/www.librairieclavreuil.com\/#organization\",\"name\":\"Libairie Clavreuil\",\"url\":\"https:\/\/www.librairieclavreuil.com\/\",\"logo\":{\"@type\":\"ImageObject\",\"inLanguage\":\"en-US\",\"@id\":\"https:\/\/www.librairieclavreuil.com\/#\/schema\/logo\/image\/\",\"url\":\"https:\/\/www.librairieclavreuil.com\/wp-content\/uploads\/2021\/06\/cropped-LOGO_PNG_DATE-_gold-512x512-1.png\",\"contentUrl\":\"https:\/\/www.librairieclavreuil.com\/wp-content\/uploads\/2021\/06\/cropped-LOGO_PNG_DATE-_gold-512x512-1.png\",\"width\":512,\"height\":512,\"caption\":\"Libairie Clavreuil\"},\"image\":{\"@id\":\"https:\/\/www.librairieclavreuil.com\/#\/schema\/logo\/image\/\"},\"sameAs\":[\"https:\/\/www.instagram.com\/librairieclavreuil\/\"]}]}<\/script>\n<!-- \/ Yoast SEO plugin. -->","yoast_head_json":{"title":"GUILLAIN Charles Documents sur l'histoire, la g\u00e9ographie et le commerce de l'Afrique orientale. Premi\u00e8re partie : Expos\u00e9 critique. Deuxi\u00e8me partie : Relation du voyage d'exploration \u00e0 la c\u00f4te orientale d'Afrique, ex\u00e9cut\u00e9e pendant les ann\u00e9es 1846, 1847 et 1848 par le brick Le Ducou\u00ebdic. - Libairie Clavreuil","robots":{"index":"index","follow":"follow","max-snippet":"max-snippet:-1","max-image-preview":"max-image-preview:large","max-video-preview":"max-video-preview:-1"},"canonical":"https:\/\/www.librairieclavreuil.com\/produit\/guillain-charles-documents-sur-lhistoire-la-geographie-et-le-commerce-de-lafrique-orientale-premiere-partie-expose-critique-deuxieme-partie-relation-du-voyage-dexploration-a-la-cote-orie\/","og_locale":"en_US","og_type":"article","og_title":"GUILLAIN Charles Documents sur l'histoire, la g\u00e9ographie et le commerce de l'Afrique orientale. Premi\u00e8re partie : Expos\u00e9 critique. Deuxi\u00e8me partie : Relation du voyage d'exploration \u00e0 la c\u00f4te orientale d'Afrique, ex\u00e9cut\u00e9e pendant les ann\u00e9es 1846, 1847 et 1848 par le brick Le Ducou\u00ebdic. - Libairie Clavreuil","og_description":"3 text volumes, 8vo (231 x 150 mm), and the atlas, folio (540 x 355 mm). Texte : Volume I : XXXI, 628 pp., 1 engraved plan, 1 typographical table. Part II \/ 1 : XXIII, 556 pp. Part II \/ 2 : 2 nn.ll., 527 pp. Atlas volume : 2 nn.ll., 55 engraved and numbered plates (including plate 27bis). Modern half-calf over marbled boards bound in style, spines decorated.","og_url":"https:\/\/www.librairieclavreuil.com\/produit\/guillain-charles-documents-sur-lhistoire-la-geographie-et-le-commerce-de-lafrique-orientale-premiere-partie-expose-critique-deuxieme-partie-relation-du-voyage-dexploration-a-la-cote-orie\/","og_site_name":"Libairie Clavreuil","article_modified_time":"2024-07-18T14:19:03+00:00","og_image":[{"width":800,"height":556,"url":"https:\/\/www.librairieclavreuil.com\/wp-content\/uploads\/2024\/07\/charles-guillain-documents-sur-l-histoire-la-geographie-et-le-commerce-de-l-afrique-orientale-premiere-partie-expose-critique-deuxieme-parti-6699160279005.jpg","type":"image\/jpeg"}],"twitter_card":"summary_large_image","twitter_misc":{"Est. reading time":"1 minute"},"schema":{"@context":"https:\/\/schema.org","@graph":[{"@type":"WebPage","@id":"https:\/\/www.librairieclavreuil.com\/produit\/guillain-charles-documents-sur-lhistoire-la-geographie-et-le-commerce-de-lafrique-orientale-premiere-partie-expose-critique-deuxieme-partie-relation-du-voyage-dexploration-a-la-cote-orie\/","url":"https:\/\/www.librairieclavreuil.com\/produit\/guillain-charles-documents-sur-lhistoire-la-geographie-et-le-commerce-de-lafrique-orientale-premiere-partie-expose-critique-deuxieme-partie-relation-du-voyage-dexploration-a-la-cote-orie\/","name":"GUILLAIN Charles Documents sur l'histoire, la g\u00e9ographie et le commerce de l'Afrique orientale. Premi\u00e8re partie : Expos\u00e9 critique. Deuxi\u00e8me partie : Relation du voyage d'exploration \u00e0 la c\u00f4te orientale d'Afrique, ex\u00e9cut\u00e9e pendant les ann\u00e9es 1846, 1847 et 1848 par le brick Le Ducou\u00ebdic. - Libairie Clavreuil","isPartOf":{"@id":"https:\/\/www.librairieclavreuil.com\/#website"},"primaryImageOfPage":{"@id":"https:\/\/www.librairieclavreuil.com\/produit\/guillain-charles-documents-sur-lhistoire-la-geographie-et-le-commerce-de-lafrique-orientale-premiere-partie-expose-critique-deuxieme-partie-relation-du-voyage-dexploration-a-la-cote-orie\/#primaryimage"},"image":{"@id":"https:\/\/www.librairieclavreuil.com\/produit\/guillain-charles-documents-sur-lhistoire-la-geographie-et-le-commerce-de-lafrique-orientale-premiere-partie-expose-critique-deuxieme-partie-relation-du-voyage-dexploration-a-la-cote-orie\/#primaryimage"},"thumbnailUrl":"https:\/\/www.librairieclavreuil.com\/wp-content\/uploads\/2024\/07\/charles-guillain-documents-sur-l-histoire-la-geographie-et-le-commerce-de-l-afrique-orientale-premiere-partie-expose-critique-deuxieme-parti-6699160279005.jpg","datePublished":"2024-04-24T14:00:28+00:00","dateModified":"2024-07-18T14:19:03+00:00","breadcrumb":{"@id":"https:\/\/www.librairieclavreuil.com\/produit\/guillain-charles-documents-sur-lhistoire-la-geographie-et-le-commerce-de-lafrique-orientale-premiere-partie-expose-critique-deuxieme-partie-relation-du-voyage-dexploration-a-la-cote-orie\/#breadcrumb"},"inLanguage":"en-US","potentialAction":[{"@type":"ReadAction","target":["https:\/\/www.librairieclavreuil.com\/produit\/guillain-charles-documents-sur-lhistoire-la-geographie-et-le-commerce-de-lafrique-orientale-premiere-partie-expose-critique-deuxieme-partie-relation-du-voyage-dexploration-a-la-cote-orie\/"]}]},{"@type":"ImageObject","inLanguage":"en-US","@id":"https:\/\/www.librairieclavreuil.com\/produit\/guillain-charles-documents-sur-lhistoire-la-geographie-et-le-commerce-de-lafrique-orientale-premiere-partie-expose-critique-deuxieme-partie-relation-du-voyage-dexploration-a-la-cote-orie\/#primaryimage","url":"https:\/\/www.librairieclavreuil.com\/wp-content\/uploads\/2024\/07\/charles-guillain-documents-sur-l-histoire-la-geographie-et-le-commerce-de-l-afrique-orientale-premiere-partie-expose-critique-deuxieme-parti-6699160279005.jpg","contentUrl":"https:\/\/www.librairieclavreuil.com\/wp-content\/uploads\/2024\/07\/charles-guillain-documents-sur-l-histoire-la-geographie-et-le-commerce-de-l-afrique-orientale-premiere-partie-expose-critique-deuxieme-parti-6699160279005.jpg","width":800,"height":556},{"@type":"BreadcrumbList","@id":"https:\/\/www.librairieclavreuil.com\/produit\/guillain-charles-documents-sur-lhistoire-la-geographie-et-le-commerce-de-lafrique-orientale-premiere-partie-expose-critique-deuxieme-partie-relation-du-voyage-dexploration-a-la-cote-orie\/#breadcrumb","itemListElement":[{"@type":"ListItem","position":1,"name":"Accueil","item":"https:\/\/www.librairieclavreuil.com\/"},{"@type":"ListItem","position":2,"name":"All our books","item":"https:\/\/www.librairieclavreuil.com\/en\/all-our-books\/"},{"@type":"ListItem","position":3,"name":"GUILLAIN Charles Documents sur l&rsquo;histoire, la g\u00e9ographie et..."}]},{"@type":"WebSite","@id":"https:\/\/www.librairieclavreuil.com\/#website","url":"https:\/\/www.librairieclavreuil.com\/","name":"Libairie Clavreuil","description":"Livres anciens, manuscrits rares et \u00e9ditions originales \u2013 Librairie Clavreuil","publisher":{"@id":"https:\/\/www.librairieclavreuil.com\/#organization"},"potentialAction":[{"@type":"SearchAction","target":{"@type":"EntryPoint","urlTemplate":"https:\/\/www.librairieclavreuil.com\/?s={search_term_string}"},"query-input":{"@type":"PropertyValueSpecification","valueRequired":true,"valueName":"search_term_string"}}],"inLanguage":"en-US"},{"@type":"Organization","@id":"https:\/\/www.librairieclavreuil.com\/#organization","name":"Libairie Clavreuil","url":"https:\/\/www.librairieclavreuil.com\/","logo":{"@type":"ImageObject","inLanguage":"en-US","@id":"https:\/\/www.librairieclavreuil.com\/#\/schema\/logo\/image\/","url":"https:\/\/www.librairieclavreuil.com\/wp-content\/uploads\/2021\/06\/cropped-LOGO_PNG_DATE-_gold-512x512-1.png","contentUrl":"https:\/\/www.librairieclavreuil.com\/wp-content\/uploads\/2021\/06\/cropped-LOGO_PNG_DATE-_gold-512x512-1.png","width":512,"height":512,"caption":"Libairie Clavreuil"},"image":{"@id":"https:\/\/www.librairieclavreuil.com\/#\/schema\/logo\/image\/"},"sameAs":["https:\/\/www.instagram.com\/librairieclavreuil\/"]}]}},"jetpack_sharing_enabled":true,"_links":{"self":[{"href":"https:\/\/www.librairieclavreuil.com\/en\/wp-json\/wp\/v2\/product\/75373","targetHints":{"allow":["GET"]}}],"collection":[{"href":"https:\/\/www.librairieclavreuil.com\/en\/wp-json\/wp\/v2\/product"}],"about":[{"href":"https:\/\/www.librairieclavreuil.com\/en\/wp-json\/wp\/v2\/types\/product"}],"replies":[{"embeddable":true,"href":"https:\/\/www.librairieclavreuil.com\/en\/wp-json\/wp\/v2\/comments?post=75373"}],"wp:featuredmedia":[{"embeddable":true,"href":"https:\/\/www.librairieclavreuil.com\/en\/wp-json\/wp\/v2\/media\/81222"}],"wp:attachment":[{"href":"https:\/\/www.librairieclavreuil.com\/en\/wp-json\/wp\/v2\/media?parent=75373"}],"wp:term":[{"taxonomy":"product_brand","embeddable":true,"href":"https:\/\/www.librairieclavreuil.com\/en\/wp-json\/wp\/v2\/product_brand?post=75373"},{"taxonomy":"product_cat","embeddable":true,"href":"https:\/\/www.librairieclavreuil.com\/en\/wp-json\/wp\/v2\/product_cat?post=75373"},{"taxonomy":"product_tag","embeddable":true,"href":"https:\/\/www.librairieclavreuil.com\/en\/wp-json\/wp\/v2\/product_tag?post=75373"}],"curies":[{"name":"wp","href":"https:\/\/api.w.org\/{rel}","templated":true}]}}