{"id":75309,"date":"2024-04-24T15:31:08","date_gmt":"2024-04-24T13:31:08","guid":{"rendered":"https:\/\/clavreuil-wordpress.logiciel-arteo.fr\/filson-john-histoire-de-kentucke-nouvelle-colonie-a-louest-de-la-virginie-traduit-de-langlais-par-m-parraud\/"},"modified":"2024-07-17T19:02:01","modified_gmt":"2024-07-17T17:02:01","slug":"filson-john-histoire-de-kentucke-nouvelle-colonie-a-louest-de-la-virginie-traduit-de-langlais-par-m-parraud","status":"publish","type":"product","link":"https:\/\/www.librairieclavreuil.com\/en\/filson-john-histoire-de-kentucke-nouvelle-colonie-a-louest-de-la-virginie-traduit-de-langlais-par-m-parraud\/","title":{"rendered":"FILSON John Histoire de Kentucke, nouvelle colonie \u00e0..."},"content":{"rendered":"<p><i>Sabin, 24338 (erroneously mention an aditional plate) ; Leclerc, 876 (exact collation).<\/i><\/p>\n<p><span style=\"font-variant:small-caps\">First edition of the first French translation by Parraud. <\/span>According to the title this book served as a sequel to the <i>Letters from an American Farmer<\/i> by John Crevecoeur.<\/p>\n<p>&#8220;The translator has made some aditions ; but the map is often missing &#8211; being extracted for insertion as a substitute in the Wilmington edition&#8221; (Sabin).<\/p>\n<p>It contains : 1. La d\u00e9couverte , l&#8217;acquisition, l&#8217;\u00e9tablissements la description topogrpahique, l&#8217;histoire naturelle etc. du territoire ; 2. La Relation historique du colonel Bon, un des premiers colons, sur les guerres contre les naturels ; 3. L&#8217;Assembl\u00e9e de Piankashaws au poste Saint-Vincent ; 4. Un expos\u00e9 succinct des nations indiennes qui habitent dans les limites des Treize \u00c9tats Unis, de leurs m\u0153urs &amp; coutumes, &amp; des r\u00e9flexions sur leur origine.<\/p>\n<p>This copy is complete with the rare map &#8220;Carte de Kentucke&#8221;, engraved by Andr\u00e9.<\/p>\n<p>Map slightly toned, else a fine copy.<\/p>\n","protected":false},"excerpt":{"rendered":"<p>8vo (195 x 119 mm) 2 nn.ll., XVI, 234 pp., 1 large engraved folding map. Contemporary mottled calf, covers with the gilt monogramm &#8216;LA&#8217;, flat spine gilt, red edges (expert restorarions to corners and spine).<\/p>\n","protected":false},"featured_media":75302,"comment_status":"open","ping_status":"closed","template":"","meta":{"_acf_changed":false},"product_brand":[],"product_cat":[552],"product_tag":[1223,1370],"class_list":{"0":"post-75309","1":"product","2":"type-product","3":"status-publish","4":"has-post-thumbnail","6":"product_cat-travel","7":"product_tag-map","8":"product_tag-united-states-of-america","9":"pa_auteur-filson-john-2","10":"pa_type-de-livre-printed-book","12":"first","13":"instock","14":"shipping-taxable","15":"purchasable","16":"product-type-simple"},"acf":{"artist":" John FILSON","chapeau":"With the rare map","adresse_bibliographique":"Paris, chez Buisson, 1785","book_type":"Printed book","provenance":"","afficher_prix":""},"yoast_head":"<!-- This site is optimized with the Yoast SEO plugin v24.7 - https:\/\/yoast.com\/wordpress\/plugins\/seo\/ -->\n<title>FILSON John Histoire de Kentucke, nouvelle colonie \u00e0 l&#039;ouest de la Virginie. Traduit de l&#039;anglais par M. Parraud. - Libairie Clavreuil<\/title>\n<meta name=\"robots\" content=\"index, follow, max-snippet:-1, max-image-preview:large, max-video-preview:-1\" \/>\n<link rel=\"canonical\" href=\"https:\/\/www.librairieclavreuil.com\/produit\/filson-john-histoire-de-kentucke-nouvelle-colonie-a-louest-de-la-virginie-traduit-de-langlais-par-m-parraud\/\" \/>\n<meta property=\"og:locale\" content=\"en_US\" \/>\n<meta property=\"og:type\" content=\"article\" \/>\n<meta property=\"og:title\" content=\"FILSON John Histoire de Kentucke, nouvelle colonie \u00e0 l&#039;ouest de la Virginie. Traduit de l&#039;anglais par M. Parraud. - Libairie Clavreuil\" \/>\n<meta property=\"og:description\" content=\"8vo (195 x 119 mm) 2 nn.ll., XVI, 234 pp., 1 large engraved folding map. Contemporary mottled calf, covers with the gilt monogramm &#039;LA&#039;, flat spine gilt, red edges (expert restorarions to corners and spine).\" \/>\n<meta property=\"og:url\" content=\"https:\/\/www.librairieclavreuil.com\/produit\/filson-john-histoire-de-kentucke-nouvelle-colonie-a-louest-de-la-virginie-traduit-de-langlais-par-m-parraud\/\" \/>\n<meta property=\"og:site_name\" content=\"Libairie Clavreuil\" \/>\n<meta property=\"article:modified_time\" content=\"2024-07-17T17:02:01+00:00\" \/>\n<meta property=\"og:image\" content=\"https:\/\/www.librairieclavreuil.com\/wp-content\/uploads\/2024\/04\/john-filson-histoire-de-kentucke-nouvelle-colonie-a-l-ouest-de-la-virginie-traduit-de-l-anglais-par-m-parraud-7489-65f828f24ee0b.jpg\" \/>\n\t<meta property=\"og:image:width\" content=\"2021\" \/>\n\t<meta property=\"og:image:height\" content=\"2164\" \/>\n\t<meta property=\"og:image:type\" content=\"image\/jpeg\" \/>\n<meta name=\"twitter:card\" content=\"summary_large_image\" \/>\n<meta name=\"twitter:label1\" content=\"Est. reading time\" \/>\n\t<meta name=\"twitter:data1\" content=\"1 minute\" \/>\n<script type=\"application\/ld+json\" class=\"yoast-schema-graph\">{\"@context\":\"https:\/\/schema.org\",\"@graph\":[{\"@type\":\"WebPage\",\"@id\":\"https:\/\/www.librairieclavreuil.com\/produit\/filson-john-histoire-de-kentucke-nouvelle-colonie-a-louest-de-la-virginie-traduit-de-langlais-par-m-parraud\/\",\"url\":\"https:\/\/www.librairieclavreuil.com\/produit\/filson-john-histoire-de-kentucke-nouvelle-colonie-a-louest-de-la-virginie-traduit-de-langlais-par-m-parraud\/\",\"name\":\"FILSON John Histoire de Kentucke, nouvelle colonie \u00e0 l'ouest de la Virginie. Traduit de l'anglais par M. Parraud. - Libairie Clavreuil\",\"isPartOf\":{\"@id\":\"https:\/\/www.librairieclavreuil.com\/#website\"},\"primaryImageOfPage\":{\"@id\":\"https:\/\/www.librairieclavreuil.com\/produit\/filson-john-histoire-de-kentucke-nouvelle-colonie-a-louest-de-la-virginie-traduit-de-langlais-par-m-parraud\/#primaryimage\"},\"image\":{\"@id\":\"https:\/\/www.librairieclavreuil.com\/produit\/filson-john-histoire-de-kentucke-nouvelle-colonie-a-louest-de-la-virginie-traduit-de-langlais-par-m-parraud\/#primaryimage\"},\"thumbnailUrl\":\"https:\/\/www.librairieclavreuil.com\/wp-content\/uploads\/2024\/04\/john-filson-histoire-de-kentucke-nouvelle-colonie-a-l-ouest-de-la-virginie-traduit-de-l-anglais-par-m-parraud-7489-65f828f24ee0b.jpg\",\"datePublished\":\"2024-04-24T13:31:08+00:00\",\"dateModified\":\"2024-07-17T17:02:01+00:00\",\"breadcrumb\":{\"@id\":\"https:\/\/www.librairieclavreuil.com\/produit\/filson-john-histoire-de-kentucke-nouvelle-colonie-a-louest-de-la-virginie-traduit-de-langlais-par-m-parraud\/#breadcrumb\"},\"inLanguage\":\"en-US\",\"potentialAction\":[{\"@type\":\"ReadAction\",\"target\":[\"https:\/\/www.librairieclavreuil.com\/produit\/filson-john-histoire-de-kentucke-nouvelle-colonie-a-louest-de-la-virginie-traduit-de-langlais-par-m-parraud\/\"]}]},{\"@type\":\"ImageObject\",\"inLanguage\":\"en-US\",\"@id\":\"https:\/\/www.librairieclavreuil.com\/produit\/filson-john-histoire-de-kentucke-nouvelle-colonie-a-louest-de-la-virginie-traduit-de-langlais-par-m-parraud\/#primaryimage\",\"url\":\"https:\/\/www.librairieclavreuil.com\/wp-content\/uploads\/2024\/04\/john-filson-histoire-de-kentucke-nouvelle-colonie-a-l-ouest-de-la-virginie-traduit-de-l-anglais-par-m-parraud-7489-65f828f24ee0b.jpg\",\"contentUrl\":\"https:\/\/www.librairieclavreuil.com\/wp-content\/uploads\/2024\/04\/john-filson-histoire-de-kentucke-nouvelle-colonie-a-l-ouest-de-la-virginie-traduit-de-l-anglais-par-m-parraud-7489-65f828f24ee0b.jpg\",\"width\":2021,\"height\":2164},{\"@type\":\"BreadcrumbList\",\"@id\":\"https:\/\/www.librairieclavreuil.com\/produit\/filson-john-histoire-de-kentucke-nouvelle-colonie-a-louest-de-la-virginie-traduit-de-langlais-par-m-parraud\/#breadcrumb\",\"itemListElement\":[{\"@type\":\"ListItem\",\"position\":1,\"name\":\"Accueil\",\"item\":\"https:\/\/www.librairieclavreuil.com\/\"},{\"@type\":\"ListItem\",\"position\":2,\"name\":\"All our books\",\"item\":\"https:\/\/www.librairieclavreuil.com\/en\/all-our-books\/\"},{\"@type\":\"ListItem\",\"position\":3,\"name\":\"FILSON John Histoire de Kentucke, nouvelle colonie \u00e0...\"}]},{\"@type\":\"WebSite\",\"@id\":\"https:\/\/www.librairieclavreuil.com\/#website\",\"url\":\"https:\/\/www.librairieclavreuil.com\/\",\"name\":\"Libairie Clavreuil\",\"description\":\"Livres anciens, manuscrits rares et \u00e9ditions originales \u2013 Librairie Clavreuil\",\"publisher\":{\"@id\":\"https:\/\/www.librairieclavreuil.com\/#organization\"},\"potentialAction\":[{\"@type\":\"SearchAction\",\"target\":{\"@type\":\"EntryPoint\",\"urlTemplate\":\"https:\/\/www.librairieclavreuil.com\/?s={search_term_string}\"},\"query-input\":{\"@type\":\"PropertyValueSpecification\",\"valueRequired\":true,\"valueName\":\"search_term_string\"}}],\"inLanguage\":\"en-US\"},{\"@type\":\"Organization\",\"@id\":\"https:\/\/www.librairieclavreuil.com\/#organization\",\"name\":\"Libairie Clavreuil\",\"url\":\"https:\/\/www.librairieclavreuil.com\/\",\"logo\":{\"@type\":\"ImageObject\",\"inLanguage\":\"en-US\",\"@id\":\"https:\/\/www.librairieclavreuil.com\/#\/schema\/logo\/image\/\",\"url\":\"https:\/\/www.librairieclavreuil.com\/wp-content\/uploads\/2021\/06\/cropped-LOGO_PNG_DATE-_gold-512x512-1.png\",\"contentUrl\":\"https:\/\/www.librairieclavreuil.com\/wp-content\/uploads\/2021\/06\/cropped-LOGO_PNG_DATE-_gold-512x512-1.png\",\"width\":512,\"height\":512,\"caption\":\"Libairie Clavreuil\"},\"image\":{\"@id\":\"https:\/\/www.librairieclavreuil.com\/#\/schema\/logo\/image\/\"},\"sameAs\":[\"https:\/\/www.instagram.com\/librairieclavreuil\/\"]}]}<\/script>\n<!-- \/ Yoast SEO plugin. -->","yoast_head_json":{"title":"FILSON John Histoire de Kentucke, nouvelle colonie \u00e0 l'ouest de la Virginie. Traduit de l'anglais par M. Parraud. - Libairie Clavreuil","robots":{"index":"index","follow":"follow","max-snippet":"max-snippet:-1","max-image-preview":"max-image-preview:large","max-video-preview":"max-video-preview:-1"},"canonical":"https:\/\/www.librairieclavreuil.com\/produit\/filson-john-histoire-de-kentucke-nouvelle-colonie-a-louest-de-la-virginie-traduit-de-langlais-par-m-parraud\/","og_locale":"en_US","og_type":"article","og_title":"FILSON John Histoire de Kentucke, nouvelle colonie \u00e0 l'ouest de la Virginie. Traduit de l'anglais par M. Parraud. - Libairie Clavreuil","og_description":"8vo (195 x 119 mm) 2 nn.ll., XVI, 234 pp., 1 large engraved folding map. Contemporary mottled calf, covers with the gilt monogramm 'LA', flat spine gilt, red edges (expert restorarions to corners and spine).","og_url":"https:\/\/www.librairieclavreuil.com\/produit\/filson-john-histoire-de-kentucke-nouvelle-colonie-a-louest-de-la-virginie-traduit-de-langlais-par-m-parraud\/","og_site_name":"Libairie Clavreuil","article_modified_time":"2024-07-17T17:02:01+00:00","og_image":[{"width":2021,"height":2164,"url":"https:\/\/www.librairieclavreuil.com\/wp-content\/uploads\/2024\/04\/john-filson-histoire-de-kentucke-nouvelle-colonie-a-l-ouest-de-la-virginie-traduit-de-l-anglais-par-m-parraud-7489-65f828f24ee0b.jpg","type":"image\/jpeg"}],"twitter_card":"summary_large_image","twitter_misc":{"Est. reading time":"1 minute"},"schema":{"@context":"https:\/\/schema.org","@graph":[{"@type":"WebPage","@id":"https:\/\/www.librairieclavreuil.com\/produit\/filson-john-histoire-de-kentucke-nouvelle-colonie-a-louest-de-la-virginie-traduit-de-langlais-par-m-parraud\/","url":"https:\/\/www.librairieclavreuil.com\/produit\/filson-john-histoire-de-kentucke-nouvelle-colonie-a-louest-de-la-virginie-traduit-de-langlais-par-m-parraud\/","name":"FILSON John Histoire de Kentucke, nouvelle colonie \u00e0 l'ouest de la Virginie. Traduit de l'anglais par M. Parraud. - Libairie Clavreuil","isPartOf":{"@id":"https:\/\/www.librairieclavreuil.com\/#website"},"primaryImageOfPage":{"@id":"https:\/\/www.librairieclavreuil.com\/produit\/filson-john-histoire-de-kentucke-nouvelle-colonie-a-louest-de-la-virginie-traduit-de-langlais-par-m-parraud\/#primaryimage"},"image":{"@id":"https:\/\/www.librairieclavreuil.com\/produit\/filson-john-histoire-de-kentucke-nouvelle-colonie-a-louest-de-la-virginie-traduit-de-langlais-par-m-parraud\/#primaryimage"},"thumbnailUrl":"https:\/\/www.librairieclavreuil.com\/wp-content\/uploads\/2024\/04\/john-filson-histoire-de-kentucke-nouvelle-colonie-a-l-ouest-de-la-virginie-traduit-de-l-anglais-par-m-parraud-7489-65f828f24ee0b.jpg","datePublished":"2024-04-24T13:31:08+00:00","dateModified":"2024-07-17T17:02:01+00:00","breadcrumb":{"@id":"https:\/\/www.librairieclavreuil.com\/produit\/filson-john-histoire-de-kentucke-nouvelle-colonie-a-louest-de-la-virginie-traduit-de-langlais-par-m-parraud\/#breadcrumb"},"inLanguage":"en-US","potentialAction":[{"@type":"ReadAction","target":["https:\/\/www.librairieclavreuil.com\/produit\/filson-john-histoire-de-kentucke-nouvelle-colonie-a-louest-de-la-virginie-traduit-de-langlais-par-m-parraud\/"]}]},{"@type":"ImageObject","inLanguage":"en-US","@id":"https:\/\/www.librairieclavreuil.com\/produit\/filson-john-histoire-de-kentucke-nouvelle-colonie-a-louest-de-la-virginie-traduit-de-langlais-par-m-parraud\/#primaryimage","url":"https:\/\/www.librairieclavreuil.com\/wp-content\/uploads\/2024\/04\/john-filson-histoire-de-kentucke-nouvelle-colonie-a-l-ouest-de-la-virginie-traduit-de-l-anglais-par-m-parraud-7489-65f828f24ee0b.jpg","contentUrl":"https:\/\/www.librairieclavreuil.com\/wp-content\/uploads\/2024\/04\/john-filson-histoire-de-kentucke-nouvelle-colonie-a-l-ouest-de-la-virginie-traduit-de-l-anglais-par-m-parraud-7489-65f828f24ee0b.jpg","width":2021,"height":2164},{"@type":"BreadcrumbList","@id":"https:\/\/www.librairieclavreuil.com\/produit\/filson-john-histoire-de-kentucke-nouvelle-colonie-a-louest-de-la-virginie-traduit-de-langlais-par-m-parraud\/#breadcrumb","itemListElement":[{"@type":"ListItem","position":1,"name":"Accueil","item":"https:\/\/www.librairieclavreuil.com\/"},{"@type":"ListItem","position":2,"name":"All our books","item":"https:\/\/www.librairieclavreuil.com\/en\/all-our-books\/"},{"@type":"ListItem","position":3,"name":"FILSON John Histoire de Kentucke, nouvelle colonie \u00e0..."}]},{"@type":"WebSite","@id":"https:\/\/www.librairieclavreuil.com\/#website","url":"https:\/\/www.librairieclavreuil.com\/","name":"Libairie Clavreuil","description":"Livres anciens, manuscrits rares et \u00e9ditions originales \u2013 Librairie Clavreuil","publisher":{"@id":"https:\/\/www.librairieclavreuil.com\/#organization"},"potentialAction":[{"@type":"SearchAction","target":{"@type":"EntryPoint","urlTemplate":"https:\/\/www.librairieclavreuil.com\/?s={search_term_string}"},"query-input":{"@type":"PropertyValueSpecification","valueRequired":true,"valueName":"search_term_string"}}],"inLanguage":"en-US"},{"@type":"Organization","@id":"https:\/\/www.librairieclavreuil.com\/#organization","name":"Libairie Clavreuil","url":"https:\/\/www.librairieclavreuil.com\/","logo":{"@type":"ImageObject","inLanguage":"en-US","@id":"https:\/\/www.librairieclavreuil.com\/#\/schema\/logo\/image\/","url":"https:\/\/www.librairieclavreuil.com\/wp-content\/uploads\/2021\/06\/cropped-LOGO_PNG_DATE-_gold-512x512-1.png","contentUrl":"https:\/\/www.librairieclavreuil.com\/wp-content\/uploads\/2021\/06\/cropped-LOGO_PNG_DATE-_gold-512x512-1.png","width":512,"height":512,"caption":"Libairie Clavreuil"},"image":{"@id":"https:\/\/www.librairieclavreuil.com\/#\/schema\/logo\/image\/"},"sameAs":["https:\/\/www.instagram.com\/librairieclavreuil\/"]}]}},"jetpack_sharing_enabled":true,"_links":{"self":[{"href":"https:\/\/www.librairieclavreuil.com\/en\/wp-json\/wp\/v2\/product\/75309","targetHints":{"allow":["GET"]}}],"collection":[{"href":"https:\/\/www.librairieclavreuil.com\/en\/wp-json\/wp\/v2\/product"}],"about":[{"href":"https:\/\/www.librairieclavreuil.com\/en\/wp-json\/wp\/v2\/types\/product"}],"replies":[{"embeddable":true,"href":"https:\/\/www.librairieclavreuil.com\/en\/wp-json\/wp\/v2\/comments?post=75309"}],"wp:featuredmedia":[{"embeddable":true,"href":"https:\/\/www.librairieclavreuil.com\/en\/wp-json\/wp\/v2\/media\/75302"}],"wp:attachment":[{"href":"https:\/\/www.librairieclavreuil.com\/en\/wp-json\/wp\/v2\/media?parent=75309"}],"wp:term":[{"taxonomy":"product_brand","embeddable":true,"href":"https:\/\/www.librairieclavreuil.com\/en\/wp-json\/wp\/v2\/product_brand?post=75309"},{"taxonomy":"product_cat","embeddable":true,"href":"https:\/\/www.librairieclavreuil.com\/en\/wp-json\/wp\/v2\/product_cat?post=75309"},{"taxonomy":"product_tag","embeddable":true,"href":"https:\/\/www.librairieclavreuil.com\/en\/wp-json\/wp\/v2\/product_tag?post=75309"}],"curies":[{"name":"wp","href":"https:\/\/api.w.org\/{rel}","templated":true}]}}