{"id":75269,"date":"2024-04-24T14:51:50","date_gmt":"2024-04-24T12:51:50","guid":{"rendered":"https:\/\/clavreuil-wordpress.logiciel-arteo.fr\/biet-antoine-voyage-de-la-france-equinoxiale-en-lisle-de-cayenne-entrepris-par-les-francois-en-lannee-1652-divise-en-trois-livres\/"},"modified":"2024-07-17T18:02:20","modified_gmt":"2024-07-17T16:02:20","slug":"biet-antoine-voyage-de-la-france-equinoxiale-en-lisle-de-cayenne-entrepris-par-les-francois-en-lannee-1652-divise-en-trois-livres","status":"publish","type":"product","link":"https:\/\/www.librairieclavreuil.com\/en\/biet-antoine-voyage-de-la-france-equinoxiale-en-lisle-de-cayenne-entrepris-par-les-francois-en-lannee-1652-divise-en-trois-livres\/","title":{"rendered":"BIET Antoine Voyage de la France \u00e9quinoxiale en..."},"content":{"rendered":"<p style=\"text-align:justify\"><i>Alden-Landis, 664\/15; JCB, III, 106-107; Sabin, 5269; Leclerc, 1516; Maggs, IV, 115; Boucher de La Richarderie, VI, 253.<\/i><\/p>\n<p style=\"text-align:justify\"><span style=\"font-variant:small-caps\">First edition.<\/span><\/p>\n<p style=\"text-align:justify\">Antoine Biet, parish priest of Sainte Genevi\u00e8ve de Senlis, was chaplain to the 500 or 600 colonists and adventurers that Royville took with him to French Guiana. Along with Abb\u00e9 Marivault, a theologian at the Sorbonne, Sieur de Royville was one of the founders of the Compagnie de l&#8217;Am\u00e9rique. It was as captain that he set out to sea under bad auspices: Abb\u00e9 Marivault drowned while boarding at Honfleur. De Royville was killed in a revolt during the crossing and his body was thrown into the sea.<\/p>\n<p style=\"text-align:justify\">&#8220;The colony began to disintegrate even prior to landing at Cayenne. During the crossing from France, Le Roux de Royville was murdered and his body thrown overboard. Unfortunately, that episode was just the beginning of the tensions and conflict that become rife within the colony, as well as between the settlers and the native Galib\u00ed. When it became known that the Compagnie de l\u2019Amerique did not, in fact, have royal backing, the Compagnie went bankrupt and the colony disintegrated. Two lawsuits were filed: one by Royville\u2019s family and the other by Nicolas Papin, one of the investors&#8221; (Taylor &amp; Francis online sur l&#8217;article de Gayle K. Brunelle : The Assassination of the Sieur de Royville and the debacle of the Compagnie de l&#8217;Am\u00e9rique \u00c9quinoxial, 1651-1654).<\/p>\n<p style=\"text-align:justify\">No other report than Biet&#8217;s gives so many details about the natives of this country. He depicts them in all their primitive simplicity. The work is divided into three parts, the first dealing with the establishment of the colony and the journey to Cayenne, the second with the stay of the colonists, and the third &#8220;dealing with the temperament of the country, the fertility of its soil, and the customs and ways of the savages of this region&#8221;. This is followed by a dictionary of their language on pages 399 to 432. Carefully written, it is preceded by useful remarks on the language common to the Galibis and all the inhabitants of the coast. This is the very first known lexicon of the Galibi language.<\/p>\n<p style=\"text-align:justify\">&#8220;This is the narrative of Father Biet, one of the priests who accompanied the Royville expedition for the settlement of Guiana in 1652&#8221; (JCB).<\/p>\n<p style=\"text-align:justify\">&#8220;Aucune relation ne donne autant de lumi\u00e8res que celle de Biet sur les naturels de la Guyane ; il les a d\u00e9peints dans toute leur simplicit\u00e9 primitive. Le vocabulaire de leur langue est fait avec soin, et est pr\u00e9c\u00e9d\u00e9 de remarques utiles sur la langue commune aux Galibis et \u00e0 leurs habitans de la c\u00f4te&#8221; (Boucher).<\/p>\n<p style=\"text-align:justify\">This rare and sought-after volume was reprinted in 1836. Two or three leaves with paperflaw &nbsp;without affecting the reading.<\/p>\n","protected":false},"excerpt":{"rendered":"<p style=\"text-align:justify\">4to (238 x 177 mm) 12 unn.l., 433 pp. Contemporary calf, spine gilt with raised bands, speckled edges (expertly restored).<\/p>\n","protected":false},"featured_media":75264,"comment_status":"open","ping_status":"closed","template":"","meta":{"_acf_changed":false},"product_brand":[],"product_cat":[552],"product_tag":[1450,1367,1373],"class_list":{"0":"post-75269","1":"product","2":"type-product","3":"status-publish","4":"has-post-thumbnail","6":"product_cat-travel","7":"product_tag-first-edition","8":"product_tag-guyana","9":"product_tag-south-america","10":"pa_auteur-biet-antoine-2","11":"pa_type-de-livre-printed-book","13":"first","14":"instock","15":"shipping-taxable","16":"purchasable","17":"product-type-simple"},"acf":{"artist":" Antoine BIET","chapeau":"","adresse_bibliographique":"Paris, Fran\u00e7ois Clouzier, 1664","book_type":"Printed book","provenance":"","afficher_prix":""},"yoast_head":"<!-- This site is optimized with the Yoast SEO plugin v24.7 - https:\/\/yoast.com\/wordpress\/plugins\/seo\/ -->\n<title>BIET Antoine Voyage de la France \u00e9quinoxiale en L&#039;Isle de Cayenne, entrepris par les Fran\u00e7ois en l&#039;ann\u00e9e 1652. Divis\u00e9 en trois livres. - Libairie Clavreuil<\/title>\n<meta name=\"robots\" content=\"index, follow, max-snippet:-1, max-image-preview:large, max-video-preview:-1\" \/>\n<link rel=\"canonical\" href=\"https:\/\/www.librairieclavreuil.com\/produit\/biet-antoine-voyage-de-la-france-equinoxiale-en-lisle-de-cayenne-entrepris-par-les-francois-en-lannee-1652-divise-en-trois-livres\/\" \/>\n<meta property=\"og:locale\" content=\"en_US\" \/>\n<meta property=\"og:type\" content=\"article\" \/>\n<meta property=\"og:title\" content=\"BIET Antoine Voyage de la France \u00e9quinoxiale en L&#039;Isle de Cayenne, entrepris par les Fran\u00e7ois en l&#039;ann\u00e9e 1652. Divis\u00e9 en trois livres. - Libairie Clavreuil\" \/>\n<meta property=\"og:description\" content=\"4to (238 x 177 mm) 12 unn.l., 433 pp. Contemporary calf, spine gilt with raised bands, speckled edges (expertly restored).\" \/>\n<meta property=\"og:url\" content=\"https:\/\/www.librairieclavreuil.com\/produit\/biet-antoine-voyage-de-la-france-equinoxiale-en-lisle-de-cayenne-entrepris-par-les-francois-en-lannee-1652-divise-en-trois-livres\/\" \/>\n<meta property=\"og:site_name\" content=\"Libairie Clavreuil\" \/>\n<meta property=\"article:modified_time\" content=\"2024-07-17T16:02:20+00:00\" \/>\n<meta property=\"og:image\" content=\"https:\/\/www.librairieclavreuil.com\/wp-content\/uploads\/2024\/04\/antoine-biet-voyage-de-la-france-equinoxiale-en-l-isle-de-cayenne-entrepris-par-les-francois-en-l-annee-1652-divise-en-trois-livres-8247-65f9b6f8e6150-scaled.jpg\" \/>\n\t<meta property=\"og:image:width\" content=\"1920\" \/>\n\t<meta property=\"og:image:height\" content=\"2560\" \/>\n\t<meta property=\"og:image:type\" content=\"image\/jpeg\" \/>\n<meta name=\"twitter:card\" content=\"summary_large_image\" \/>\n<meta name=\"twitter:label1\" content=\"Est. reading time\" \/>\n\t<meta name=\"twitter:data1\" content=\"2 minutes\" \/>\n<script type=\"application\/ld+json\" class=\"yoast-schema-graph\">{\"@context\":\"https:\/\/schema.org\",\"@graph\":[{\"@type\":\"WebPage\",\"@id\":\"https:\/\/www.librairieclavreuil.com\/produit\/biet-antoine-voyage-de-la-france-equinoxiale-en-lisle-de-cayenne-entrepris-par-les-francois-en-lannee-1652-divise-en-trois-livres\/\",\"url\":\"https:\/\/www.librairieclavreuil.com\/produit\/biet-antoine-voyage-de-la-france-equinoxiale-en-lisle-de-cayenne-entrepris-par-les-francois-en-lannee-1652-divise-en-trois-livres\/\",\"name\":\"BIET Antoine Voyage de la France \u00e9quinoxiale en L'Isle de Cayenne, entrepris par les Fran\u00e7ois en l'ann\u00e9e 1652. Divis\u00e9 en trois livres. - Libairie Clavreuil\",\"isPartOf\":{\"@id\":\"https:\/\/www.librairieclavreuil.com\/#website\"},\"primaryImageOfPage\":{\"@id\":\"https:\/\/www.librairieclavreuil.com\/produit\/biet-antoine-voyage-de-la-france-equinoxiale-en-lisle-de-cayenne-entrepris-par-les-francois-en-lannee-1652-divise-en-trois-livres\/#primaryimage\"},\"image\":{\"@id\":\"https:\/\/www.librairieclavreuil.com\/produit\/biet-antoine-voyage-de-la-france-equinoxiale-en-lisle-de-cayenne-entrepris-par-les-francois-en-lannee-1652-divise-en-trois-livres\/#primaryimage\"},\"thumbnailUrl\":\"https:\/\/www.librairieclavreuil.com\/wp-content\/uploads\/2024\/04\/antoine-biet-voyage-de-la-france-equinoxiale-en-l-isle-de-cayenne-entrepris-par-les-francois-en-l-annee-1652-divise-en-trois-livres-8247-65f9b6f8e6150-scaled.jpg\",\"datePublished\":\"2024-04-24T12:51:50+00:00\",\"dateModified\":\"2024-07-17T16:02:20+00:00\",\"breadcrumb\":{\"@id\":\"https:\/\/www.librairieclavreuil.com\/produit\/biet-antoine-voyage-de-la-france-equinoxiale-en-lisle-de-cayenne-entrepris-par-les-francois-en-lannee-1652-divise-en-trois-livres\/#breadcrumb\"},\"inLanguage\":\"en-US\",\"potentialAction\":[{\"@type\":\"ReadAction\",\"target\":[\"https:\/\/www.librairieclavreuil.com\/produit\/biet-antoine-voyage-de-la-france-equinoxiale-en-lisle-de-cayenne-entrepris-par-les-francois-en-lannee-1652-divise-en-trois-livres\/\"]}]},{\"@type\":\"ImageObject\",\"inLanguage\":\"en-US\",\"@id\":\"https:\/\/www.librairieclavreuil.com\/produit\/biet-antoine-voyage-de-la-france-equinoxiale-en-lisle-de-cayenne-entrepris-par-les-francois-en-lannee-1652-divise-en-trois-livres\/#primaryimage\",\"url\":\"https:\/\/www.librairieclavreuil.com\/wp-content\/uploads\/2024\/04\/antoine-biet-voyage-de-la-france-equinoxiale-en-l-isle-de-cayenne-entrepris-par-les-francois-en-l-annee-1652-divise-en-trois-livres-8247-65f9b6f8e6150-scaled.jpg\",\"contentUrl\":\"https:\/\/www.librairieclavreuil.com\/wp-content\/uploads\/2024\/04\/antoine-biet-voyage-de-la-france-equinoxiale-en-l-isle-de-cayenne-entrepris-par-les-francois-en-l-annee-1652-divise-en-trois-livres-8247-65f9b6f8e6150-scaled.jpg\",\"width\":1920,\"height\":2560},{\"@type\":\"BreadcrumbList\",\"@id\":\"https:\/\/www.librairieclavreuil.com\/produit\/biet-antoine-voyage-de-la-france-equinoxiale-en-lisle-de-cayenne-entrepris-par-les-francois-en-lannee-1652-divise-en-trois-livres\/#breadcrumb\",\"itemListElement\":[{\"@type\":\"ListItem\",\"position\":1,\"name\":\"Accueil\",\"item\":\"https:\/\/www.librairieclavreuil.com\/\"},{\"@type\":\"ListItem\",\"position\":2,\"name\":\"All our books\",\"item\":\"https:\/\/www.librairieclavreuil.com\/en\/all-our-books\/\"},{\"@type\":\"ListItem\",\"position\":3,\"name\":\"BIET Antoine Voyage de la France \u00e9quinoxiale en...\"}]},{\"@type\":\"WebSite\",\"@id\":\"https:\/\/www.librairieclavreuil.com\/#website\",\"url\":\"https:\/\/www.librairieclavreuil.com\/\",\"name\":\"Libairie Clavreuil\",\"description\":\"Livres anciens, manuscrits rares et \u00e9ditions originales \u2013 Librairie Clavreuil\",\"publisher\":{\"@id\":\"https:\/\/www.librairieclavreuil.com\/#organization\"},\"potentialAction\":[{\"@type\":\"SearchAction\",\"target\":{\"@type\":\"EntryPoint\",\"urlTemplate\":\"https:\/\/www.librairieclavreuil.com\/?s={search_term_string}\"},\"query-input\":{\"@type\":\"PropertyValueSpecification\",\"valueRequired\":true,\"valueName\":\"search_term_string\"}}],\"inLanguage\":\"en-US\"},{\"@type\":\"Organization\",\"@id\":\"https:\/\/www.librairieclavreuil.com\/#organization\",\"name\":\"Libairie Clavreuil\",\"url\":\"https:\/\/www.librairieclavreuil.com\/\",\"logo\":{\"@type\":\"ImageObject\",\"inLanguage\":\"en-US\",\"@id\":\"https:\/\/www.librairieclavreuil.com\/#\/schema\/logo\/image\/\",\"url\":\"https:\/\/www.librairieclavreuil.com\/wp-content\/uploads\/2021\/06\/cropped-LOGO_PNG_DATE-_gold-512x512-1.png\",\"contentUrl\":\"https:\/\/www.librairieclavreuil.com\/wp-content\/uploads\/2021\/06\/cropped-LOGO_PNG_DATE-_gold-512x512-1.png\",\"width\":512,\"height\":512,\"caption\":\"Libairie Clavreuil\"},\"image\":{\"@id\":\"https:\/\/www.librairieclavreuil.com\/#\/schema\/logo\/image\/\"},\"sameAs\":[\"https:\/\/www.instagram.com\/librairieclavreuil\/\"]}]}<\/script>\n<!-- \/ Yoast SEO plugin. -->","yoast_head_json":{"title":"BIET Antoine Voyage de la France \u00e9quinoxiale en L'Isle de Cayenne, entrepris par les Fran\u00e7ois en l'ann\u00e9e 1652. Divis\u00e9 en trois livres. - Libairie Clavreuil","robots":{"index":"index","follow":"follow","max-snippet":"max-snippet:-1","max-image-preview":"max-image-preview:large","max-video-preview":"max-video-preview:-1"},"canonical":"https:\/\/www.librairieclavreuil.com\/produit\/biet-antoine-voyage-de-la-france-equinoxiale-en-lisle-de-cayenne-entrepris-par-les-francois-en-lannee-1652-divise-en-trois-livres\/","og_locale":"en_US","og_type":"article","og_title":"BIET Antoine Voyage de la France \u00e9quinoxiale en L'Isle de Cayenne, entrepris par les Fran\u00e7ois en l'ann\u00e9e 1652. Divis\u00e9 en trois livres. - Libairie Clavreuil","og_description":"4to (238 x 177 mm) 12 unn.l., 433 pp. Contemporary calf, spine gilt with raised bands, speckled edges (expertly restored).","og_url":"https:\/\/www.librairieclavreuil.com\/produit\/biet-antoine-voyage-de-la-france-equinoxiale-en-lisle-de-cayenne-entrepris-par-les-francois-en-lannee-1652-divise-en-trois-livres\/","og_site_name":"Libairie Clavreuil","article_modified_time":"2024-07-17T16:02:20+00:00","og_image":[{"width":1920,"height":2560,"url":"https:\/\/www.librairieclavreuil.com\/wp-content\/uploads\/2024\/04\/antoine-biet-voyage-de-la-france-equinoxiale-en-l-isle-de-cayenne-entrepris-par-les-francois-en-l-annee-1652-divise-en-trois-livres-8247-65f9b6f8e6150-scaled.jpg","type":"image\/jpeg"}],"twitter_card":"summary_large_image","twitter_misc":{"Est. reading time":"2 minutes"},"schema":{"@context":"https:\/\/schema.org","@graph":[{"@type":"WebPage","@id":"https:\/\/www.librairieclavreuil.com\/produit\/biet-antoine-voyage-de-la-france-equinoxiale-en-lisle-de-cayenne-entrepris-par-les-francois-en-lannee-1652-divise-en-trois-livres\/","url":"https:\/\/www.librairieclavreuil.com\/produit\/biet-antoine-voyage-de-la-france-equinoxiale-en-lisle-de-cayenne-entrepris-par-les-francois-en-lannee-1652-divise-en-trois-livres\/","name":"BIET Antoine Voyage de la France \u00e9quinoxiale en L'Isle de Cayenne, entrepris par les Fran\u00e7ois en l'ann\u00e9e 1652. Divis\u00e9 en trois livres. - Libairie Clavreuil","isPartOf":{"@id":"https:\/\/www.librairieclavreuil.com\/#website"},"primaryImageOfPage":{"@id":"https:\/\/www.librairieclavreuil.com\/produit\/biet-antoine-voyage-de-la-france-equinoxiale-en-lisle-de-cayenne-entrepris-par-les-francois-en-lannee-1652-divise-en-trois-livres\/#primaryimage"},"image":{"@id":"https:\/\/www.librairieclavreuil.com\/produit\/biet-antoine-voyage-de-la-france-equinoxiale-en-lisle-de-cayenne-entrepris-par-les-francois-en-lannee-1652-divise-en-trois-livres\/#primaryimage"},"thumbnailUrl":"https:\/\/www.librairieclavreuil.com\/wp-content\/uploads\/2024\/04\/antoine-biet-voyage-de-la-france-equinoxiale-en-l-isle-de-cayenne-entrepris-par-les-francois-en-l-annee-1652-divise-en-trois-livres-8247-65f9b6f8e6150-scaled.jpg","datePublished":"2024-04-24T12:51:50+00:00","dateModified":"2024-07-17T16:02:20+00:00","breadcrumb":{"@id":"https:\/\/www.librairieclavreuil.com\/produit\/biet-antoine-voyage-de-la-france-equinoxiale-en-lisle-de-cayenne-entrepris-par-les-francois-en-lannee-1652-divise-en-trois-livres\/#breadcrumb"},"inLanguage":"en-US","potentialAction":[{"@type":"ReadAction","target":["https:\/\/www.librairieclavreuil.com\/produit\/biet-antoine-voyage-de-la-france-equinoxiale-en-lisle-de-cayenne-entrepris-par-les-francois-en-lannee-1652-divise-en-trois-livres\/"]}]},{"@type":"ImageObject","inLanguage":"en-US","@id":"https:\/\/www.librairieclavreuil.com\/produit\/biet-antoine-voyage-de-la-france-equinoxiale-en-lisle-de-cayenne-entrepris-par-les-francois-en-lannee-1652-divise-en-trois-livres\/#primaryimage","url":"https:\/\/www.librairieclavreuil.com\/wp-content\/uploads\/2024\/04\/antoine-biet-voyage-de-la-france-equinoxiale-en-l-isle-de-cayenne-entrepris-par-les-francois-en-l-annee-1652-divise-en-trois-livres-8247-65f9b6f8e6150-scaled.jpg","contentUrl":"https:\/\/www.librairieclavreuil.com\/wp-content\/uploads\/2024\/04\/antoine-biet-voyage-de-la-france-equinoxiale-en-l-isle-de-cayenne-entrepris-par-les-francois-en-l-annee-1652-divise-en-trois-livres-8247-65f9b6f8e6150-scaled.jpg","width":1920,"height":2560},{"@type":"BreadcrumbList","@id":"https:\/\/www.librairieclavreuil.com\/produit\/biet-antoine-voyage-de-la-france-equinoxiale-en-lisle-de-cayenne-entrepris-par-les-francois-en-lannee-1652-divise-en-trois-livres\/#breadcrumb","itemListElement":[{"@type":"ListItem","position":1,"name":"Accueil","item":"https:\/\/www.librairieclavreuil.com\/"},{"@type":"ListItem","position":2,"name":"All our books","item":"https:\/\/www.librairieclavreuil.com\/en\/all-our-books\/"},{"@type":"ListItem","position":3,"name":"BIET Antoine Voyage de la France \u00e9quinoxiale en..."}]},{"@type":"WebSite","@id":"https:\/\/www.librairieclavreuil.com\/#website","url":"https:\/\/www.librairieclavreuil.com\/","name":"Libairie Clavreuil","description":"Livres anciens, manuscrits rares et \u00e9ditions originales \u2013 Librairie Clavreuil","publisher":{"@id":"https:\/\/www.librairieclavreuil.com\/#organization"},"potentialAction":[{"@type":"SearchAction","target":{"@type":"EntryPoint","urlTemplate":"https:\/\/www.librairieclavreuil.com\/?s={search_term_string}"},"query-input":{"@type":"PropertyValueSpecification","valueRequired":true,"valueName":"search_term_string"}}],"inLanguage":"en-US"},{"@type":"Organization","@id":"https:\/\/www.librairieclavreuil.com\/#organization","name":"Libairie Clavreuil","url":"https:\/\/www.librairieclavreuil.com\/","logo":{"@type":"ImageObject","inLanguage":"en-US","@id":"https:\/\/www.librairieclavreuil.com\/#\/schema\/logo\/image\/","url":"https:\/\/www.librairieclavreuil.com\/wp-content\/uploads\/2021\/06\/cropped-LOGO_PNG_DATE-_gold-512x512-1.png","contentUrl":"https:\/\/www.librairieclavreuil.com\/wp-content\/uploads\/2021\/06\/cropped-LOGO_PNG_DATE-_gold-512x512-1.png","width":512,"height":512,"caption":"Libairie Clavreuil"},"image":{"@id":"https:\/\/www.librairieclavreuil.com\/#\/schema\/logo\/image\/"},"sameAs":["https:\/\/www.instagram.com\/librairieclavreuil\/"]}]}},"jetpack_sharing_enabled":true,"_links":{"self":[{"href":"https:\/\/www.librairieclavreuil.com\/en\/wp-json\/wp\/v2\/product\/75269","targetHints":{"allow":["GET"]}}],"collection":[{"href":"https:\/\/www.librairieclavreuil.com\/en\/wp-json\/wp\/v2\/product"}],"about":[{"href":"https:\/\/www.librairieclavreuil.com\/en\/wp-json\/wp\/v2\/types\/product"}],"replies":[{"embeddable":true,"href":"https:\/\/www.librairieclavreuil.com\/en\/wp-json\/wp\/v2\/comments?post=75269"}],"wp:featuredmedia":[{"embeddable":true,"href":"https:\/\/www.librairieclavreuil.com\/en\/wp-json\/wp\/v2\/media\/75264"}],"wp:attachment":[{"href":"https:\/\/www.librairieclavreuil.com\/en\/wp-json\/wp\/v2\/media?parent=75269"}],"wp:term":[{"taxonomy":"product_brand","embeddable":true,"href":"https:\/\/www.librairieclavreuil.com\/en\/wp-json\/wp\/v2\/product_brand?post=75269"},{"taxonomy":"product_cat","embeddable":true,"href":"https:\/\/www.librairieclavreuil.com\/en\/wp-json\/wp\/v2\/product_cat?post=75269"},{"taxonomy":"product_tag","embeddable":true,"href":"https:\/\/www.librairieclavreuil.com\/en\/wp-json\/wp\/v2\/product_tag?post=75269"}],"curies":[{"name":"wp","href":"https:\/\/api.w.org\/{rel}","templated":true}]}}