{"id":75263,"date":"2024-04-24T14:51:03","date_gmt":"2024-04-24T12:51:03","guid":{"rendered":"https:\/\/clavreuil-wordpress.logiciel-arteo.fr\/la-rochefoucauld-liancourt-francois-alexandre-fre-voyage-dans-les-etats-unis-damerique-fait-en-1795-1796-et-1797\/"},"modified":"2025-06-03T12:36:15","modified_gmt":"2025-06-03T10:36:15","slug":"la-rochefoucauld-liancourt-francois-alexandre-fre-voyage-dans-les-etats-unis-damerique-fait-en-1795-1796-et-1797","status":"publish","type":"product","link":"https:\/\/www.librairieclavreuil.com\/en\/la-rochefoucauld-liancourt-francois-alexandre-fre-voyage-dans-les-etats-unis-damerique-fait-en-1795-1796-et-1797\/","title":{"rendered":"LA ROCHEFOUCAULD-LIANCOURT Fran\u00e7ois-Alexandre-Fr\u00e9d\u00e9ric Voyage dans les \u00c9tats-Unis d&#8217;Am\u00e9rique,..."},"content":{"rendered":"<p style=\"text-align:justify\"><i>Sabin, 39056 ; Howes, L-106.<\/i><\/p>\n<p style=\"text-align:justify\"><span style=\"font-variant:small-caps\">First edition.<\/span><\/p>\n<p style=\"text-align:justify\">A humanist open to agricultural and industrial progress, Fran\u00e7ois Alexandre Fr\u00e9d\u00e9ric, Duc de La Rochefoucauld founded a model farm and schools in Liancourt. A member of the Acad\u00e9mie des Sciences and the Soci\u00e9t\u00e9 d&#8217;Agriculture de Paris, he helped found the Ecole Nationale des Arts et M\u00e9tiers. He emigrated during the Revolution, first to England and then to the United States for three years. He travelled around the country studying its economic resources, its constitution, the different classes of American society and the customs of its inhabitants.<\/p>\n<p style=\"text-align:justify\">The account of his journey, written in a precise and simple style, is peppered with observations that are important for our knowledge of the United States at the end of the 18th century. The three engraved maps show the <i>Provinces septentrionales<\/i>, the <i>Provinces m\u00e9ridionales<\/i>, and <i>L&#8217;Am\u00e9rique septentrionale <\/i>divided into its 17 provinces. The 9 folding tables (8 in the last volume) give details of the legislature, senate, and other institutions of American democracy.<\/p>\n<p style=\"text-align:justify\">A good copy, complete with its 3 maps which are often missing.<\/p>\n","protected":false},"excerpt":{"rendered":"<p style=\"text-align:justify\">8 volumes, 8vo (196 x 123 mm) of XXIV, 365 pp. 1 large engraved folding map for volume I; 2 nn.ll., IV, 349pp. for volume II; 2 nn.ll., IV, 384 pp. for volume III; 2 nn.ll., III, 349 pp. 1 large engraved folding map for volume IV; 2 nn.ll., IV, 400 pp. for volume V; 2 nn.ll., III, 336 pp. 1 folding typographical table for volume VI; 2 nn.ll., IV, 366 pp. 1 folding engraved map for volume VII; 3 nn.ll., 244 pp., 8 folding typographical tables for volume VIII. Contemporary half-sheep, flat spine gilt, blue edges.<\/p>\n","protected":false},"featured_media":82455,"comment_status":"open","ping_status":"closed","template":"","meta":{"_acf_changed":false},"product_brand":[],"product_cat":[552],"product_tag":[1450,1372,620],"class_list":{"0":"post-75263","1":"product","2":"type-product","3":"status-publish","4":"has-post-thumbnail","6":"product_cat-travel","7":"product_tag-first-edition","8":"product_tag-general-north-america","9":"product_tag-travel","10":"pa_auteur-la-rochefoucauld-liancourt-francois-alexandre-frederic-2","11":"pa_type-de-livre-printed-book","13":"first","14":"instock","15":"shipping-taxable","16":"purchasable","17":"product-type-simple"},"acf":{"artist":"Fran\u00e7ois-Alexandre-Fr\u00e9d\u00e9ric LA ROCHEFOUCAULD-LIANCOURT","chapeau":"","adresse_bibliographique":"Paris, Du Pont, Buisson, Charles Pougens, 1799","book_type":"Printed book","provenance":"","afficher_prix":""},"yoast_head":"<!-- This site is optimized with the Yoast SEO plugin v24.7 - https:\/\/yoast.com\/wordpress\/plugins\/seo\/ -->\n<title>LA ROCHEFOUCAULD-LIANCOURT Fran\u00e7ois-Alexandre-Fr\u00e9d\u00e9ric Voyage dans les \u00c9tats-Unis d&#039;Am\u00e9rique, fait en 1795, 1796 et 1797. - Libairie Clavreuil<\/title>\n<meta name=\"robots\" content=\"index, follow, max-snippet:-1, max-image-preview:large, max-video-preview:-1\" \/>\n<link rel=\"canonical\" href=\"https:\/\/www.librairieclavreuil.com\/en\/la-rochefoucauld-liancourt-francois-alexandre-fre-voyage-dans-les-etats-unis-damerique-fait-en-1795-1796-et-1797\/\" \/>\n<meta property=\"og:locale\" content=\"en_US\" \/>\n<meta property=\"og:type\" content=\"article\" \/>\n<meta property=\"og:title\" content=\"LA ROCHEFOUCAULD-LIANCOURT Fran\u00e7ois-Alexandre-Fr\u00e9d\u00e9ric Voyage dans les \u00c9tats-Unis d&#039;Am\u00e9rique, fait en 1795, 1796 et 1797. - Libairie Clavreuil\" \/>\n<meta property=\"og:description\" content=\"8 volumes, 8vo (196 x 123 mm) of XXIV, 365 pp. 1 large engraved folding map for volume I; 2 nn.ll., IV, 349pp. for volume II; 2 nn.ll., IV, 384 pp. for volume III; 2 nn.ll., III, 349 pp. 1 large engraved folding map for volume IV; 2 nn.ll., IV, 400 pp. for volume V; 2 nn.ll., III, 336 pp. 1 folding typographical table for volume VI; 2 nn.ll., IV, 366 pp. 1 folding engraved map for volume VII; 3 nn.ll., 244 pp., 8 folding typographical tables for volume VIII. Contemporary half-sheep, flat spine gilt, blue edges.\" \/>\n<meta property=\"og:url\" content=\"https:\/\/www.librairieclavreuil.com\/en\/la-rochefoucauld-liancourt-francois-alexandre-fre-voyage-dans-les-etats-unis-damerique-fait-en-1795-1796-et-1797\/\" \/>\n<meta property=\"og:site_name\" content=\"Libairie Clavreuil\" \/>\n<meta property=\"article:modified_time\" content=\"2025-06-03T10:36:15+00:00\" \/>\n<meta property=\"og:image\" content=\"https:\/\/www.librairieclavreuil.com\/wp-content\/uploads\/2025\/01\/francois-alexandre-frederic-la-rochefoucauld-liancourt-voyage-dans-les-etats-unis-d-amerique-fait-en-1795-1796-et-1797-7508-678fcef21b5f6.jpg\" \/>\n\t<meta property=\"og:image:width\" content=\"622\" \/>\n\t<meta property=\"og:image:height\" content=\"800\" \/>\n\t<meta property=\"og:image:type\" content=\"image\/jpeg\" \/>\n<meta name=\"twitter:card\" content=\"summary_large_image\" \/>\n<meta name=\"twitter:label1\" content=\"Est. reading time\" \/>\n\t<meta name=\"twitter:data1\" content=\"1 minute\" \/>\n<script type=\"application\/ld+json\" class=\"yoast-schema-graph\">{\"@context\":\"https:\/\/schema.org\",\"@graph\":[{\"@type\":\"WebPage\",\"@id\":\"https:\/\/www.librairieclavreuil.com\/en\/la-rochefoucauld-liancourt-francois-alexandre-fre-voyage-dans-les-etats-unis-damerique-fait-en-1795-1796-et-1797\/\",\"url\":\"https:\/\/www.librairieclavreuil.com\/en\/la-rochefoucauld-liancourt-francois-alexandre-fre-voyage-dans-les-etats-unis-damerique-fait-en-1795-1796-et-1797\/\",\"name\":\"LA ROCHEFOUCAULD-LIANCOURT Fran\u00e7ois-Alexandre-Fr\u00e9d\u00e9ric Voyage dans les \u00c9tats-Unis d'Am\u00e9rique, fait en 1795, 1796 et 1797. - Libairie Clavreuil\",\"isPartOf\":{\"@id\":\"https:\/\/www.librairieclavreuil.com\/#website\"},\"primaryImageOfPage\":{\"@id\":\"https:\/\/www.librairieclavreuil.com\/en\/la-rochefoucauld-liancourt-francois-alexandre-fre-voyage-dans-les-etats-unis-damerique-fait-en-1795-1796-et-1797\/#primaryimage\"},\"image\":{\"@id\":\"https:\/\/www.librairieclavreuil.com\/en\/la-rochefoucauld-liancourt-francois-alexandre-fre-voyage-dans-les-etats-unis-damerique-fait-en-1795-1796-et-1797\/#primaryimage\"},\"thumbnailUrl\":\"https:\/\/www.librairieclavreuil.com\/wp-content\/uploads\/2025\/01\/francois-alexandre-frederic-la-rochefoucauld-liancourt-voyage-dans-les-etats-unis-d-amerique-fait-en-1795-1796-et-1797-7508-678fcef21b5f6.jpg\",\"datePublished\":\"2024-04-24T12:51:03+00:00\",\"dateModified\":\"2025-06-03T10:36:15+00:00\",\"breadcrumb\":{\"@id\":\"https:\/\/www.librairieclavreuil.com\/en\/la-rochefoucauld-liancourt-francois-alexandre-fre-voyage-dans-les-etats-unis-damerique-fait-en-1795-1796-et-1797\/#breadcrumb\"},\"inLanguage\":\"en-US\",\"potentialAction\":[{\"@type\":\"ReadAction\",\"target\":[\"https:\/\/www.librairieclavreuil.com\/en\/la-rochefoucauld-liancourt-francois-alexandre-fre-voyage-dans-les-etats-unis-damerique-fait-en-1795-1796-et-1797\/\"]}]},{\"@type\":\"ImageObject\",\"inLanguage\":\"en-US\",\"@id\":\"https:\/\/www.librairieclavreuil.com\/en\/la-rochefoucauld-liancourt-francois-alexandre-fre-voyage-dans-les-etats-unis-damerique-fait-en-1795-1796-et-1797\/#primaryimage\",\"url\":\"https:\/\/www.librairieclavreuil.com\/wp-content\/uploads\/2025\/01\/francois-alexandre-frederic-la-rochefoucauld-liancourt-voyage-dans-les-etats-unis-d-amerique-fait-en-1795-1796-et-1797-7508-678fcef21b5f6.jpg\",\"contentUrl\":\"https:\/\/www.librairieclavreuil.com\/wp-content\/uploads\/2025\/01\/francois-alexandre-frederic-la-rochefoucauld-liancourt-voyage-dans-les-etats-unis-d-amerique-fait-en-1795-1796-et-1797-7508-678fcef21b5f6.jpg\",\"width\":622,\"height\":800},{\"@type\":\"BreadcrumbList\",\"@id\":\"https:\/\/www.librairieclavreuil.com\/en\/la-rochefoucauld-liancourt-francois-alexandre-fre-voyage-dans-les-etats-unis-damerique-fait-en-1795-1796-et-1797\/#breadcrumb\",\"itemListElement\":[{\"@type\":\"ListItem\",\"position\":1,\"name\":\"Accueil\",\"item\":\"https:\/\/www.librairieclavreuil.com\/\"},{\"@type\":\"ListItem\",\"position\":2,\"name\":\"All our books\",\"item\":\"https:\/\/www.librairieclavreuil.com\/en\/all-our-books\/\"},{\"@type\":\"ListItem\",\"position\":3,\"name\":\"LA ROCHEFOUCAULD-LIANCOURT Fran\u00e7ois-Alexandre-Fr\u00e9d\u00e9ric Voyage dans les \u00c9tats-Unis d&rsquo;Am\u00e9rique,...\"}]},{\"@type\":\"WebSite\",\"@id\":\"https:\/\/www.librairieclavreuil.com\/#website\",\"url\":\"https:\/\/www.librairieclavreuil.com\/\",\"name\":\"Libairie Clavreuil\",\"description\":\"Livres anciens, manuscrits rares et \u00e9ditions originales \u2013 Librairie Clavreuil\",\"publisher\":{\"@id\":\"https:\/\/www.librairieclavreuil.com\/#organization\"},\"potentialAction\":[{\"@type\":\"SearchAction\",\"target\":{\"@type\":\"EntryPoint\",\"urlTemplate\":\"https:\/\/www.librairieclavreuil.com\/?s={search_term_string}\"},\"query-input\":{\"@type\":\"PropertyValueSpecification\",\"valueRequired\":true,\"valueName\":\"search_term_string\"}}],\"inLanguage\":\"en-US\"},{\"@type\":\"Organization\",\"@id\":\"https:\/\/www.librairieclavreuil.com\/#organization\",\"name\":\"Libairie Clavreuil\",\"url\":\"https:\/\/www.librairieclavreuil.com\/\",\"logo\":{\"@type\":\"ImageObject\",\"inLanguage\":\"en-US\",\"@id\":\"https:\/\/www.librairieclavreuil.com\/#\/schema\/logo\/image\/\",\"url\":\"https:\/\/www.librairieclavreuil.com\/wp-content\/uploads\/2021\/06\/cropped-LOGO_PNG_DATE-_gold-512x512-1.png\",\"contentUrl\":\"https:\/\/www.librairieclavreuil.com\/wp-content\/uploads\/2021\/06\/cropped-LOGO_PNG_DATE-_gold-512x512-1.png\",\"width\":512,\"height\":512,\"caption\":\"Libairie Clavreuil\"},\"image\":{\"@id\":\"https:\/\/www.librairieclavreuil.com\/#\/schema\/logo\/image\/\"},\"sameAs\":[\"https:\/\/www.instagram.com\/librairieclavreuil\/\"]}]}<\/script>\n<!-- \/ Yoast SEO plugin. -->","yoast_head_json":{"title":"LA ROCHEFOUCAULD-LIANCOURT Fran\u00e7ois-Alexandre-Fr\u00e9d\u00e9ric Voyage dans les \u00c9tats-Unis d'Am\u00e9rique, fait en 1795, 1796 et 1797. - Libairie Clavreuil","robots":{"index":"index","follow":"follow","max-snippet":"max-snippet:-1","max-image-preview":"max-image-preview:large","max-video-preview":"max-video-preview:-1"},"canonical":"https:\/\/www.librairieclavreuil.com\/en\/la-rochefoucauld-liancourt-francois-alexandre-fre-voyage-dans-les-etats-unis-damerique-fait-en-1795-1796-et-1797\/","og_locale":"en_US","og_type":"article","og_title":"LA ROCHEFOUCAULD-LIANCOURT Fran\u00e7ois-Alexandre-Fr\u00e9d\u00e9ric Voyage dans les \u00c9tats-Unis d'Am\u00e9rique, fait en 1795, 1796 et 1797. - Libairie Clavreuil","og_description":"8 volumes, 8vo (196 x 123 mm) of XXIV, 365 pp. 1 large engraved folding map for volume I; 2 nn.ll., IV, 349pp. for volume II; 2 nn.ll., IV, 384 pp. for volume III; 2 nn.ll., III, 349 pp. 1 large engraved folding map for volume IV; 2 nn.ll., IV, 400 pp. for volume V; 2 nn.ll., III, 336 pp. 1 folding typographical table for volume VI; 2 nn.ll., IV, 366 pp. 1 folding engraved map for volume VII; 3 nn.ll., 244 pp., 8 folding typographical tables for volume VIII. Contemporary half-sheep, flat spine gilt, blue edges.","og_url":"https:\/\/www.librairieclavreuil.com\/en\/la-rochefoucauld-liancourt-francois-alexandre-fre-voyage-dans-les-etats-unis-damerique-fait-en-1795-1796-et-1797\/","og_site_name":"Libairie Clavreuil","article_modified_time":"2025-06-03T10:36:15+00:00","og_image":[{"width":622,"height":800,"url":"https:\/\/www.librairieclavreuil.com\/wp-content\/uploads\/2025\/01\/francois-alexandre-frederic-la-rochefoucauld-liancourt-voyage-dans-les-etats-unis-d-amerique-fait-en-1795-1796-et-1797-7508-678fcef21b5f6.jpg","type":"image\/jpeg"}],"twitter_card":"summary_large_image","twitter_misc":{"Est. reading time":"1 minute"},"schema":{"@context":"https:\/\/schema.org","@graph":[{"@type":"WebPage","@id":"https:\/\/www.librairieclavreuil.com\/en\/la-rochefoucauld-liancourt-francois-alexandre-fre-voyage-dans-les-etats-unis-damerique-fait-en-1795-1796-et-1797\/","url":"https:\/\/www.librairieclavreuil.com\/en\/la-rochefoucauld-liancourt-francois-alexandre-fre-voyage-dans-les-etats-unis-damerique-fait-en-1795-1796-et-1797\/","name":"LA ROCHEFOUCAULD-LIANCOURT Fran\u00e7ois-Alexandre-Fr\u00e9d\u00e9ric Voyage dans les \u00c9tats-Unis d'Am\u00e9rique, fait en 1795, 1796 et 1797. - Libairie Clavreuil","isPartOf":{"@id":"https:\/\/www.librairieclavreuil.com\/#website"},"primaryImageOfPage":{"@id":"https:\/\/www.librairieclavreuil.com\/en\/la-rochefoucauld-liancourt-francois-alexandre-fre-voyage-dans-les-etats-unis-damerique-fait-en-1795-1796-et-1797\/#primaryimage"},"image":{"@id":"https:\/\/www.librairieclavreuil.com\/en\/la-rochefoucauld-liancourt-francois-alexandre-fre-voyage-dans-les-etats-unis-damerique-fait-en-1795-1796-et-1797\/#primaryimage"},"thumbnailUrl":"https:\/\/www.librairieclavreuil.com\/wp-content\/uploads\/2025\/01\/francois-alexandre-frederic-la-rochefoucauld-liancourt-voyage-dans-les-etats-unis-d-amerique-fait-en-1795-1796-et-1797-7508-678fcef21b5f6.jpg","datePublished":"2024-04-24T12:51:03+00:00","dateModified":"2025-06-03T10:36:15+00:00","breadcrumb":{"@id":"https:\/\/www.librairieclavreuil.com\/en\/la-rochefoucauld-liancourt-francois-alexandre-fre-voyage-dans-les-etats-unis-damerique-fait-en-1795-1796-et-1797\/#breadcrumb"},"inLanguage":"en-US","potentialAction":[{"@type":"ReadAction","target":["https:\/\/www.librairieclavreuil.com\/en\/la-rochefoucauld-liancourt-francois-alexandre-fre-voyage-dans-les-etats-unis-damerique-fait-en-1795-1796-et-1797\/"]}]},{"@type":"ImageObject","inLanguage":"en-US","@id":"https:\/\/www.librairieclavreuil.com\/en\/la-rochefoucauld-liancourt-francois-alexandre-fre-voyage-dans-les-etats-unis-damerique-fait-en-1795-1796-et-1797\/#primaryimage","url":"https:\/\/www.librairieclavreuil.com\/wp-content\/uploads\/2025\/01\/francois-alexandre-frederic-la-rochefoucauld-liancourt-voyage-dans-les-etats-unis-d-amerique-fait-en-1795-1796-et-1797-7508-678fcef21b5f6.jpg","contentUrl":"https:\/\/www.librairieclavreuil.com\/wp-content\/uploads\/2025\/01\/francois-alexandre-frederic-la-rochefoucauld-liancourt-voyage-dans-les-etats-unis-d-amerique-fait-en-1795-1796-et-1797-7508-678fcef21b5f6.jpg","width":622,"height":800},{"@type":"BreadcrumbList","@id":"https:\/\/www.librairieclavreuil.com\/en\/la-rochefoucauld-liancourt-francois-alexandre-fre-voyage-dans-les-etats-unis-damerique-fait-en-1795-1796-et-1797\/#breadcrumb","itemListElement":[{"@type":"ListItem","position":1,"name":"Accueil","item":"https:\/\/www.librairieclavreuil.com\/"},{"@type":"ListItem","position":2,"name":"All our books","item":"https:\/\/www.librairieclavreuil.com\/en\/all-our-books\/"},{"@type":"ListItem","position":3,"name":"LA ROCHEFOUCAULD-LIANCOURT Fran\u00e7ois-Alexandre-Fr\u00e9d\u00e9ric Voyage dans les \u00c9tats-Unis d&rsquo;Am\u00e9rique,..."}]},{"@type":"WebSite","@id":"https:\/\/www.librairieclavreuil.com\/#website","url":"https:\/\/www.librairieclavreuil.com\/","name":"Libairie Clavreuil","description":"Livres anciens, manuscrits rares et \u00e9ditions originales \u2013 Librairie Clavreuil","publisher":{"@id":"https:\/\/www.librairieclavreuil.com\/#organization"},"potentialAction":[{"@type":"SearchAction","target":{"@type":"EntryPoint","urlTemplate":"https:\/\/www.librairieclavreuil.com\/?s={search_term_string}"},"query-input":{"@type":"PropertyValueSpecification","valueRequired":true,"valueName":"search_term_string"}}],"inLanguage":"en-US"},{"@type":"Organization","@id":"https:\/\/www.librairieclavreuil.com\/#organization","name":"Libairie Clavreuil","url":"https:\/\/www.librairieclavreuil.com\/","logo":{"@type":"ImageObject","inLanguage":"en-US","@id":"https:\/\/www.librairieclavreuil.com\/#\/schema\/logo\/image\/","url":"https:\/\/www.librairieclavreuil.com\/wp-content\/uploads\/2021\/06\/cropped-LOGO_PNG_DATE-_gold-512x512-1.png","contentUrl":"https:\/\/www.librairieclavreuil.com\/wp-content\/uploads\/2021\/06\/cropped-LOGO_PNG_DATE-_gold-512x512-1.png","width":512,"height":512,"caption":"Libairie Clavreuil"},"image":{"@id":"https:\/\/www.librairieclavreuil.com\/#\/schema\/logo\/image\/"},"sameAs":["https:\/\/www.instagram.com\/librairieclavreuil\/"]}]}},"jetpack_sharing_enabled":true,"_links":{"self":[{"href":"https:\/\/www.librairieclavreuil.com\/en\/wp-json\/wp\/v2\/product\/75263","targetHints":{"allow":["GET"]}}],"collection":[{"href":"https:\/\/www.librairieclavreuil.com\/en\/wp-json\/wp\/v2\/product"}],"about":[{"href":"https:\/\/www.librairieclavreuil.com\/en\/wp-json\/wp\/v2\/types\/product"}],"replies":[{"embeddable":true,"href":"https:\/\/www.librairieclavreuil.com\/en\/wp-json\/wp\/v2\/comments?post=75263"}],"wp:featuredmedia":[{"embeddable":true,"href":"https:\/\/www.librairieclavreuil.com\/en\/wp-json\/wp\/v2\/media\/82455"}],"wp:attachment":[{"href":"https:\/\/www.librairieclavreuil.com\/en\/wp-json\/wp\/v2\/media?parent=75263"}],"wp:term":[{"taxonomy":"product_brand","embeddable":true,"href":"https:\/\/www.librairieclavreuil.com\/en\/wp-json\/wp\/v2\/product_brand?post=75263"},{"taxonomy":"product_cat","embeddable":true,"href":"https:\/\/www.librairieclavreuil.com\/en\/wp-json\/wp\/v2\/product_cat?post=75263"},{"taxonomy":"product_tag","embeddable":true,"href":"https:\/\/www.librairieclavreuil.com\/en\/wp-json\/wp\/v2\/product_tag?post=75263"}],"curies":[{"name":"wp","href":"https:\/\/api.w.org\/{rel}","templated":true}]}}