{"id":75191,"date":"2024-04-24T12:35:52","date_gmt":"2024-04-24T10:35:52","guid":{"rendered":"https:\/\/clavreuil-wordpress.logiciel-arteo.fr\/langsdorff-georg-heinrich-von-voyages-and-travels-in-various-parts-of-the-world-during-the-years-1803-1804-1805-1806-and-1807\/"},"modified":"2024-07-17T16:07:17","modified_gmt":"2024-07-17T14:07:17","slug":"langsdorff-georg-heinrich-von-voyages-and-travels-in-various-parts-of-the-world-during-the-years-1803-1804-1805-1806-and-1807","status":"publish","type":"product","link":"https:\/\/www.librairieclavreuil.com\/en\/langsdorff-georg-heinrich-von-voyages-and-travels-in-various-parts-of-the-world-during-the-years-1803-1804-1805-1806-and-1807\/","title":{"rendered":"LANGSDORFF Georg Heinrich von Voyages and Travels in..."},"content":{"rendered":"<p style=\"text-align:justify\"><i>Hill, 969 ; O&#8217;Reilly, 735.<\/i><\/p>\n<p><span style=\"font-variant:small-caps\">First edition of the English translation, published one year after the German original.<\/span><\/p>\n<p>The work is packed with ethnographic information, particularly on tattoos and music (2 plates). The end of the second volume is taken up by a vocabulary of the island of Nouka-Hiva.<\/p>\n<p style=\"text-align:justify\">&#8220;Le Dr Langsdorff, 1774-1862, m\u00e9decin allemand, disciple de Blumenbach, participa comme naturaliste, \u00e0 bord de la Nadirjeda, de 1803 \u00e0 1806, \u00e0 la circumnavigation de Krusenstern. Son r\u00e9cit, alerte et vivant, compl\u00e8te utilement les relations de Krusenstern et de Lisiansky. Le premier volume est d\u00e9di\u00e9 \u00e0 Alexandre Ier, le second, \u00e0 Krusenstern. Langsdorff, avec la Nadiejeda, passa &amp; Nuku-Hiva, (\u00eeles Marquises), dans la baie de Taiohae, du 6 au 17 mai 1804. Table des positions des diff\u00e9rentes \u00eeles des Marquises. M\u0153urs et coutumes des indig\u00e8nes : anthropologie, tatouages, v\u00eatements, organisation religieuse et sociale, canots, La documentation a \u00e9t\u00e9 facilit\u00e9e par la pr\u00e9sence dans l&#8217;ile des deux d\u00e9serteurs europ\u00e9ens, Roberts et Cabri que Langsdorff pr\u00e9nomma Jean-Baptiste. Au d\u00e9part vers les \u00eeles Sandwich, Cabri se fait emmener par Krusenstern. Vocabulaire de l&#8217;ile de Nouka-Hiva, 400 mots recueillis par Langsdorf&#8221; (O&#8217;Reilly).<\/p>\n<p style=\"text-align:justify\">&#8220;Langsdorff was a German physician with a passion for natural history. Together with Mikolai Petrovich Rezanov, chamberlain of Czar Alexander I and Russian ambassador to Japan, Langsdorff accompanied the round-the-world expedition led by Kruzenshtern until it reached Kamchatka in 1805&#8230;Comprehensive accounts are given of Brazil, Japan and Hawaii. The first volume, containing the account of the Kruzenshtern expedition with the Nadeshda and Neva until Langsdorff&#8217;s and Rezanov&#8217;s separation from it at Kamchatka in 1805, has as half-title &#8220;Voyage from Copenhagen to Brazil, the South Sea, Kamschatka, and Japan&#8221; (Hill 969).<\/p>\n<p style=\"text-align:justify\">Some quires toned, traces of stamps removed from titles; spine and corners skilfully restored.<\/p>\n","protected":false},"excerpt":{"rendered":"<p style=\"text-align:justify\">2 volumes 4to (263 x 204 mm) XXI, 362 pp., 3 unn.l, 15 engraved plates (including the portrait as frontispiece) including a folding one for the volume I ; 4 unn.l, 386 pp., 3 unn.l of index, 6 engraved plates (including the frontispiece) inclunding a folding map for the volume II. Contemporary tree calf, large gilt rool framing covers, flat spine with red morocco lettering piece, red edges.<\/p>\n","protected":false},"featured_media":75176,"comment_status":"open","ping_status":"closed","template":"","meta":{"_acf_changed":false},"product_brand":[],"product_cat":[552],"product_tag":[1407,1409],"class_list":{"0":"post-75191","1":"product","2":"type-product","3":"status-publish","4":"has-post-thumbnail","6":"product_cat-travel","7":"product_tag-circum-2","8":"product_tag-oceania","9":"pa_auteur-langsdorff-georg-heinrich-von-2","10":"pa_type-de-livre-printed-book","12":"first","13":"instock","14":"shipping-taxable","15":"purchasable","16":"product-type-simple"},"acf":{"artist":" Georg Heinrich von LANGSDORFF","chapeau":"","adresse_bibliographique":"Londres, printed for Henry Colburn, 1813-1814","book_type":"Printed book","provenance":"","afficher_prix":""},"yoast_head":"<!-- This site is optimized with the Yoast SEO plugin v24.7 - https:\/\/yoast.com\/wordpress\/plugins\/seo\/ -->\n<title>LANGSDORFF Georg Heinrich von Voyages and Travels in Various Parts of the World, During the Years 1803, 1804, 1805, 1806, and 1807. - Libairie Clavreuil<\/title>\n<meta name=\"robots\" content=\"index, follow, max-snippet:-1, max-image-preview:large, max-video-preview:-1\" \/>\n<link rel=\"canonical\" href=\"https:\/\/www.librairieclavreuil.com\/en\/langsdorff-georg-heinrich-von-voyages-and-travels-in-various-parts-of-the-world-during-the-years-1803-1804-1805-1806-and-1807\/\" \/>\n<meta property=\"og:locale\" content=\"en_US\" \/>\n<meta property=\"og:type\" content=\"article\" \/>\n<meta property=\"og:title\" content=\"LANGSDORFF Georg Heinrich von Voyages and Travels in Various Parts of the World, During the Years 1803, 1804, 1805, 1806, and 1807. - Libairie Clavreuil\" \/>\n<meta property=\"og:description\" content=\"2 volumes 4to (263 x 204 mm) XXI, 362 pp., 3 unn.l, 15 engraved plates (including the portrait as frontispiece) including a folding one for the volume I ; 4 unn.l, 386 pp., 3 unn.l of index, 6 engraved plates (including the frontispiece) inclunding a folding map for the volume II. Contemporary tree calf, large gilt rool framing covers, flat spine with red morocco lettering piece, red edges.\" \/>\n<meta property=\"og:url\" content=\"https:\/\/www.librairieclavreuil.com\/en\/langsdorff-georg-heinrich-von-voyages-and-travels-in-various-parts-of-the-world-during-the-years-1803-1804-1805-1806-and-1807\/\" \/>\n<meta property=\"og:site_name\" content=\"Libairie Clavreuil\" \/>\n<meta property=\"article:modified_time\" content=\"2024-07-17T14:07:17+00:00\" \/>\n<meta property=\"og:image\" content=\"https:\/\/www.librairieclavreuil.com\/wp-content\/uploads\/2024\/04\/georg-heinrich-von-langsdorff-voyages-and-travels-in-various-parts-of-the-world-during-the-years-1803-1804-1805-1806-and-1807-8176-65f330aaa7edc-scaled.jpg\" \/>\n\t<meta property=\"og:image:width\" content=\"1920\" \/>\n\t<meta property=\"og:image:height\" content=\"2560\" \/>\n\t<meta property=\"og:image:type\" content=\"image\/jpeg\" \/>\n<meta name=\"twitter:card\" content=\"summary_large_image\" \/>\n<meta name=\"twitter:label1\" content=\"Est. reading time\" \/>\n\t<meta name=\"twitter:data1\" content=\"1 minute\" \/>\n<script type=\"application\/ld+json\" class=\"yoast-schema-graph\">{\"@context\":\"https:\/\/schema.org\",\"@graph\":[{\"@type\":\"WebPage\",\"@id\":\"https:\/\/www.librairieclavreuil.com\/en\/langsdorff-georg-heinrich-von-voyages-and-travels-in-various-parts-of-the-world-during-the-years-1803-1804-1805-1806-and-1807\/\",\"url\":\"https:\/\/www.librairieclavreuil.com\/en\/langsdorff-georg-heinrich-von-voyages-and-travels-in-various-parts-of-the-world-during-the-years-1803-1804-1805-1806-and-1807\/\",\"name\":\"LANGSDORFF Georg Heinrich von Voyages and Travels in Various Parts of the World, During the Years 1803, 1804, 1805, 1806, and 1807. - Libairie Clavreuil\",\"isPartOf\":{\"@id\":\"https:\/\/www.librairieclavreuil.com\/#website\"},\"primaryImageOfPage\":{\"@id\":\"https:\/\/www.librairieclavreuil.com\/en\/langsdorff-georg-heinrich-von-voyages-and-travels-in-various-parts-of-the-world-during-the-years-1803-1804-1805-1806-and-1807\/#primaryimage\"},\"image\":{\"@id\":\"https:\/\/www.librairieclavreuil.com\/en\/langsdorff-georg-heinrich-von-voyages-and-travels-in-various-parts-of-the-world-during-the-years-1803-1804-1805-1806-and-1807\/#primaryimage\"},\"thumbnailUrl\":\"https:\/\/www.librairieclavreuil.com\/wp-content\/uploads\/2024\/04\/georg-heinrich-von-langsdorff-voyages-and-travels-in-various-parts-of-the-world-during-the-years-1803-1804-1805-1806-and-1807-8176-65f330aaa7edc-scaled.jpg\",\"datePublished\":\"2024-04-24T10:35:52+00:00\",\"dateModified\":\"2024-07-17T14:07:17+00:00\",\"breadcrumb\":{\"@id\":\"https:\/\/www.librairieclavreuil.com\/en\/langsdorff-georg-heinrich-von-voyages-and-travels-in-various-parts-of-the-world-during-the-years-1803-1804-1805-1806-and-1807\/#breadcrumb\"},\"inLanguage\":\"en-US\",\"potentialAction\":[{\"@type\":\"ReadAction\",\"target\":[\"https:\/\/www.librairieclavreuil.com\/en\/langsdorff-georg-heinrich-von-voyages-and-travels-in-various-parts-of-the-world-during-the-years-1803-1804-1805-1806-and-1807\/\"]}]},{\"@type\":\"ImageObject\",\"inLanguage\":\"en-US\",\"@id\":\"https:\/\/www.librairieclavreuil.com\/en\/langsdorff-georg-heinrich-von-voyages-and-travels-in-various-parts-of-the-world-during-the-years-1803-1804-1805-1806-and-1807\/#primaryimage\",\"url\":\"https:\/\/www.librairieclavreuil.com\/wp-content\/uploads\/2024\/04\/georg-heinrich-von-langsdorff-voyages-and-travels-in-various-parts-of-the-world-during-the-years-1803-1804-1805-1806-and-1807-8176-65f330aaa7edc-scaled.jpg\",\"contentUrl\":\"https:\/\/www.librairieclavreuil.com\/wp-content\/uploads\/2024\/04\/georg-heinrich-von-langsdorff-voyages-and-travels-in-various-parts-of-the-world-during-the-years-1803-1804-1805-1806-and-1807-8176-65f330aaa7edc-scaled.jpg\",\"width\":1920,\"height\":2560},{\"@type\":\"BreadcrumbList\",\"@id\":\"https:\/\/www.librairieclavreuil.com\/en\/langsdorff-georg-heinrich-von-voyages-and-travels-in-various-parts-of-the-world-during-the-years-1803-1804-1805-1806-and-1807\/#breadcrumb\",\"itemListElement\":[{\"@type\":\"ListItem\",\"position\":1,\"name\":\"Accueil\",\"item\":\"https:\/\/www.librairieclavreuil.com\/\"},{\"@type\":\"ListItem\",\"position\":2,\"name\":\"All our books\",\"item\":\"https:\/\/www.librairieclavreuil.com\/en\/all-our-books\/\"},{\"@type\":\"ListItem\",\"position\":3,\"name\":\"LANGSDORFF Georg Heinrich von Voyages and Travels in Various Parts of the World, During the Years 1803, 1804, 1805, 1806, and 1807.\"}]},{\"@type\":\"WebSite\",\"@id\":\"https:\/\/www.librairieclavreuil.com\/#website\",\"url\":\"https:\/\/www.librairieclavreuil.com\/\",\"name\":\"Libairie Clavreuil\",\"description\":\"Livres anciens, manuscrits rares et \u00e9ditions originales \u2013 Librairie Clavreuil\",\"publisher\":{\"@id\":\"https:\/\/www.librairieclavreuil.com\/#organization\"},\"potentialAction\":[{\"@type\":\"SearchAction\",\"target\":{\"@type\":\"EntryPoint\",\"urlTemplate\":\"https:\/\/www.librairieclavreuil.com\/?s={search_term_string}\"},\"query-input\":{\"@type\":\"PropertyValueSpecification\",\"valueRequired\":true,\"valueName\":\"search_term_string\"}}],\"inLanguage\":\"en-US\"},{\"@type\":\"Organization\",\"@id\":\"https:\/\/www.librairieclavreuil.com\/#organization\",\"name\":\"Libairie Clavreuil\",\"url\":\"https:\/\/www.librairieclavreuil.com\/\",\"logo\":{\"@type\":\"ImageObject\",\"inLanguage\":\"en-US\",\"@id\":\"https:\/\/www.librairieclavreuil.com\/#\/schema\/logo\/image\/\",\"url\":\"https:\/\/www.librairieclavreuil.com\/wp-content\/uploads\/2021\/06\/cropped-LOGO_PNG_DATE-_gold-512x512-1.png\",\"contentUrl\":\"https:\/\/www.librairieclavreuil.com\/wp-content\/uploads\/2021\/06\/cropped-LOGO_PNG_DATE-_gold-512x512-1.png\",\"width\":512,\"height\":512,\"caption\":\"Libairie Clavreuil\"},\"image\":{\"@id\":\"https:\/\/www.librairieclavreuil.com\/#\/schema\/logo\/image\/\"},\"sameAs\":[\"https:\/\/www.instagram.com\/librairieclavreuil\/\"]}]}<\/script>\n<!-- \/ Yoast SEO plugin. -->","yoast_head_json":{"title":"LANGSDORFF Georg Heinrich von Voyages and Travels in Various Parts of the World, During the Years 1803, 1804, 1805, 1806, and 1807. - Libairie Clavreuil","robots":{"index":"index","follow":"follow","max-snippet":"max-snippet:-1","max-image-preview":"max-image-preview:large","max-video-preview":"max-video-preview:-1"},"canonical":"https:\/\/www.librairieclavreuil.com\/en\/langsdorff-georg-heinrich-von-voyages-and-travels-in-various-parts-of-the-world-during-the-years-1803-1804-1805-1806-and-1807\/","og_locale":"en_US","og_type":"article","og_title":"LANGSDORFF Georg Heinrich von Voyages and Travels in Various Parts of the World, During the Years 1803, 1804, 1805, 1806, and 1807. - Libairie Clavreuil","og_description":"2 volumes 4to (263 x 204 mm) XXI, 362 pp., 3 unn.l, 15 engraved plates (including the portrait as frontispiece) including a folding one for the volume I ; 4 unn.l, 386 pp., 3 unn.l of index, 6 engraved plates (including the frontispiece) inclunding a folding map for the volume II. Contemporary tree calf, large gilt rool framing covers, flat spine with red morocco lettering piece, red edges.","og_url":"https:\/\/www.librairieclavreuil.com\/en\/langsdorff-georg-heinrich-von-voyages-and-travels-in-various-parts-of-the-world-during-the-years-1803-1804-1805-1806-and-1807\/","og_site_name":"Libairie Clavreuil","article_modified_time":"2024-07-17T14:07:17+00:00","og_image":[{"width":1920,"height":2560,"url":"https:\/\/www.librairieclavreuil.com\/wp-content\/uploads\/2024\/04\/georg-heinrich-von-langsdorff-voyages-and-travels-in-various-parts-of-the-world-during-the-years-1803-1804-1805-1806-and-1807-8176-65f330aaa7edc-scaled.jpg","type":"image\/jpeg"}],"twitter_card":"summary_large_image","twitter_misc":{"Est. reading time":"1 minute"},"schema":{"@context":"https:\/\/schema.org","@graph":[{"@type":"WebPage","@id":"https:\/\/www.librairieclavreuil.com\/en\/langsdorff-georg-heinrich-von-voyages-and-travels-in-various-parts-of-the-world-during-the-years-1803-1804-1805-1806-and-1807\/","url":"https:\/\/www.librairieclavreuil.com\/en\/langsdorff-georg-heinrich-von-voyages-and-travels-in-various-parts-of-the-world-during-the-years-1803-1804-1805-1806-and-1807\/","name":"LANGSDORFF Georg Heinrich von Voyages and Travels in Various Parts of the World, During the Years 1803, 1804, 1805, 1806, and 1807. - Libairie Clavreuil","isPartOf":{"@id":"https:\/\/www.librairieclavreuil.com\/#website"},"primaryImageOfPage":{"@id":"https:\/\/www.librairieclavreuil.com\/en\/langsdorff-georg-heinrich-von-voyages-and-travels-in-various-parts-of-the-world-during-the-years-1803-1804-1805-1806-and-1807\/#primaryimage"},"image":{"@id":"https:\/\/www.librairieclavreuil.com\/en\/langsdorff-georg-heinrich-von-voyages-and-travels-in-various-parts-of-the-world-during-the-years-1803-1804-1805-1806-and-1807\/#primaryimage"},"thumbnailUrl":"https:\/\/www.librairieclavreuil.com\/wp-content\/uploads\/2024\/04\/georg-heinrich-von-langsdorff-voyages-and-travels-in-various-parts-of-the-world-during-the-years-1803-1804-1805-1806-and-1807-8176-65f330aaa7edc-scaled.jpg","datePublished":"2024-04-24T10:35:52+00:00","dateModified":"2024-07-17T14:07:17+00:00","breadcrumb":{"@id":"https:\/\/www.librairieclavreuil.com\/en\/langsdorff-georg-heinrich-von-voyages-and-travels-in-various-parts-of-the-world-during-the-years-1803-1804-1805-1806-and-1807\/#breadcrumb"},"inLanguage":"en-US","potentialAction":[{"@type":"ReadAction","target":["https:\/\/www.librairieclavreuil.com\/en\/langsdorff-georg-heinrich-von-voyages-and-travels-in-various-parts-of-the-world-during-the-years-1803-1804-1805-1806-and-1807\/"]}]},{"@type":"ImageObject","inLanguage":"en-US","@id":"https:\/\/www.librairieclavreuil.com\/en\/langsdorff-georg-heinrich-von-voyages-and-travels-in-various-parts-of-the-world-during-the-years-1803-1804-1805-1806-and-1807\/#primaryimage","url":"https:\/\/www.librairieclavreuil.com\/wp-content\/uploads\/2024\/04\/georg-heinrich-von-langsdorff-voyages-and-travels-in-various-parts-of-the-world-during-the-years-1803-1804-1805-1806-and-1807-8176-65f330aaa7edc-scaled.jpg","contentUrl":"https:\/\/www.librairieclavreuil.com\/wp-content\/uploads\/2024\/04\/georg-heinrich-von-langsdorff-voyages-and-travels-in-various-parts-of-the-world-during-the-years-1803-1804-1805-1806-and-1807-8176-65f330aaa7edc-scaled.jpg","width":1920,"height":2560},{"@type":"BreadcrumbList","@id":"https:\/\/www.librairieclavreuil.com\/en\/langsdorff-georg-heinrich-von-voyages-and-travels-in-various-parts-of-the-world-during-the-years-1803-1804-1805-1806-and-1807\/#breadcrumb","itemListElement":[{"@type":"ListItem","position":1,"name":"Accueil","item":"https:\/\/www.librairieclavreuil.com\/"},{"@type":"ListItem","position":2,"name":"All our books","item":"https:\/\/www.librairieclavreuil.com\/en\/all-our-books\/"},{"@type":"ListItem","position":3,"name":"LANGSDORFF Georg Heinrich von Voyages and Travels in Various Parts of the World, During the Years 1803, 1804, 1805, 1806, and 1807."}]},{"@type":"WebSite","@id":"https:\/\/www.librairieclavreuil.com\/#website","url":"https:\/\/www.librairieclavreuil.com\/","name":"Libairie Clavreuil","description":"Livres anciens, manuscrits rares et \u00e9ditions originales \u2013 Librairie Clavreuil","publisher":{"@id":"https:\/\/www.librairieclavreuil.com\/#organization"},"potentialAction":[{"@type":"SearchAction","target":{"@type":"EntryPoint","urlTemplate":"https:\/\/www.librairieclavreuil.com\/?s={search_term_string}"},"query-input":{"@type":"PropertyValueSpecification","valueRequired":true,"valueName":"search_term_string"}}],"inLanguage":"en-US"},{"@type":"Organization","@id":"https:\/\/www.librairieclavreuil.com\/#organization","name":"Libairie Clavreuil","url":"https:\/\/www.librairieclavreuil.com\/","logo":{"@type":"ImageObject","inLanguage":"en-US","@id":"https:\/\/www.librairieclavreuil.com\/#\/schema\/logo\/image\/","url":"https:\/\/www.librairieclavreuil.com\/wp-content\/uploads\/2021\/06\/cropped-LOGO_PNG_DATE-_gold-512x512-1.png","contentUrl":"https:\/\/www.librairieclavreuil.com\/wp-content\/uploads\/2021\/06\/cropped-LOGO_PNG_DATE-_gold-512x512-1.png","width":512,"height":512,"caption":"Libairie Clavreuil"},"image":{"@id":"https:\/\/www.librairieclavreuil.com\/#\/schema\/logo\/image\/"},"sameAs":["https:\/\/www.instagram.com\/librairieclavreuil\/"]}]}},"jetpack_sharing_enabled":true,"_links":{"self":[{"href":"https:\/\/www.librairieclavreuil.com\/en\/wp-json\/wp\/v2\/product\/75191","targetHints":{"allow":["GET"]}}],"collection":[{"href":"https:\/\/www.librairieclavreuil.com\/en\/wp-json\/wp\/v2\/product"}],"about":[{"href":"https:\/\/www.librairieclavreuil.com\/en\/wp-json\/wp\/v2\/types\/product"}],"replies":[{"embeddable":true,"href":"https:\/\/www.librairieclavreuil.com\/en\/wp-json\/wp\/v2\/comments?post=75191"}],"wp:featuredmedia":[{"embeddable":true,"href":"https:\/\/www.librairieclavreuil.com\/en\/wp-json\/wp\/v2\/media\/75176"}],"wp:attachment":[{"href":"https:\/\/www.librairieclavreuil.com\/en\/wp-json\/wp\/v2\/media?parent=75191"}],"wp:term":[{"taxonomy":"product_brand","embeddable":true,"href":"https:\/\/www.librairieclavreuil.com\/en\/wp-json\/wp\/v2\/product_brand?post=75191"},{"taxonomy":"product_cat","embeddable":true,"href":"https:\/\/www.librairieclavreuil.com\/en\/wp-json\/wp\/v2\/product_cat?post=75191"},{"taxonomy":"product_tag","embeddable":true,"href":"https:\/\/www.librairieclavreuil.com\/en\/wp-json\/wp\/v2\/product_tag?post=75191"}],"curies":[{"name":"wp","href":"https:\/\/api.w.org\/{rel}","templated":true}]}}