{"id":75175,"date":"2024-04-24T12:35:01","date_gmt":"2024-04-24T10:35:01","guid":{"rendered":"https:\/\/clavreuil-wordpress.logiciel-arteo.fr\/guillaume-rey-alban-emmanuel-voyage-dans-le-haouran-et-aux-bords-de-la-mer-morte-execute-pendant-les-annees-1857-et-1858\/"},"modified":"2024-07-17T16:07:05","modified_gmt":"2024-07-17T14:07:05","slug":"guillaume-rey-alban-emmanuel-voyage-dans-le-haouran-et-aux-bords-de-la-mer-morte-execute-pendant-les-annees-1857-et-1858","status":"publish","type":"product","link":"https:\/\/www.librairieclavreuil.com\/en\/guillaume-rey-alban-emmanuel-voyage-dans-le-haouran-et-aux-bords-de-la-mer-morte-execute-pendant-les-annees-1857-et-1858\/","title":{"rendered":"GUILLAUME-REY Alban Emmanuel Voyage dans le Haouran et..."},"content":{"rendered":"<p><i>Brunet IV, 1259; R\u00f6hricht p. 480, Creswell, p. 396; Tobler, p. 196.<\/i><\/p>\n<p><span style=\"font-variant:small-caps\">First \u00e9dition.<\/span><\/p>\n<p>Emmanuel Guillaume-Rey (1837-1916), born in Chaumont and died in Chartres, was an eminent French archaeologist, topographer and Orientalist. Fluent in Arabic, he made his first trip to the Orient in Syria in 1857. Following this trip, he was admitted to the Fondation de l&#8217;\u0153uvre des \u00c9coles d&#8217;Orient where he was a member of the board of directors from 1858 until his death in 1916.<\/p>\n<p>Thanks to his scientific, topographical and historical research, he is considered today as the founder of the archaeology of the crusades.<\/p>\n<p>Guillaume-Rey was responsible for the restoration of the Dome of the Holy Sepulchre in Jerusalem. He undertook extensive travels in Palestine, Syria, Jordan and Lebanon, and visited with his companions (Dr Delbet, Prince Lubomirski and Father Ratisbonne) practically all the villages of the Hawran district (nearly 350 towns and villages). This text provides a chronological account of the journey in this region south of Damascus. In his essay he also discusses French rule in Syria at the time of the Crusade. The plates of the atlas represent the views, plans, and archaeological sites visited.<\/p>\n<p>The two maps, usually bound in the text volume, are here inserted on a single large sheet of the atlas which thus comprises 27 (and not 26 as announced on the index sheet).<\/p>\n<p>A very good copy with full margins.<\/p>\n<p>1. Colosse Phenicien &amp; Monument de la Becqaa.<\/p>\n<p>2. Maison du Haouran.<\/p>\n<p>3. Moussemieh, Vue et plan.<\/p>\n<p>4. Thermes de Chobba &amp; Vue et plan de la cath\u00e9drale de Bosrah.<\/p>\n<p>5. Kennaouat, \u00e9glise &amp; Kennaout, Es-serai.<\/p>\n<p>6. Plan de Kennaouat.<\/p>\n<p>7. Temples des Seleucides. Vue et plan.<\/p>\n<p>8. Temple p\u00e9ript\u00e8re, vue et plan.<\/p>\n<p>9. Temples d\u2019Aatyl.<\/p>\n<p>10. Plan de Bosrah.<\/p>\n<p>11. Bosrah.<\/p>\n<p>12. Chateau de Bosrah &amp; Fragment du th\u00e9\u00e2tre de Bosrah.<\/p>\n<p>13. Coupe de Chateau de Bosrah.<\/p>\n<p>14. Premi\u00e8re inscription relev\u00e9e a Bosrah.<\/p>\n<p>15. Seconde inscription relev\u00e9e a Bosrah.<\/p>\n<p>16. Mosquee d?Oma-el-Kabab, a Bosrah, vue et plan.<\/p>\n<p>17. Prise de la mosquee d\u2019Omar-el-Katab.<\/p>\n<p>18. Carte de Haouran &amp; Esquisse de la Mer Morte, indiquant la partie de la rive orientale exploree par M. Rey.<\/p>\n<p>19 &amp; 20. Djerasch, vue panoramique.<\/p>\n<p>21. Plan de Djerasch.<\/p>\n<p>22- Hemicysle de Djerasch.<\/p>\n<p>23. Djerash, propylees du grand temple &amp; Djerasch, vue du grand temple.<\/p>\n<p>24. Carte de la rive orientale de la Mer Morte.<\/p>\n<p>25. Vue de la Mer Morte, rive Orientale &amp; vue de Masada.<\/p>\n<p>26. Plan de Masada.<\/p>\n<p>27. Carte du Haouran \/ Esquisse de la Mer Morte indiquant la partie de la rive orientale explor\u00e9e par Mr. E.G. Rey.<\/p>\n","protected":false},"excerpt":{"rendered":"<p style=\"text-align:justify\">Text volume 8vo (247 x 165 mm) 2 nn.l., XX, 306 pp., 1 nn.l. (catalogue), 1 map, &nbsp;and the atlas, large folio (645 x 495 mm) 2 nn.l. (title and table), 27 lithographed plates, some coloured. Original printed wrappers, modern clamshell boxes.<\/p>\n","protected":false},"featured_media":75164,"comment_status":"open","ping_status":"closed","template":"","meta":{"_acf_changed":false},"product_brand":[],"product_cat":[552],"product_tag":[1450],"class_list":{"0":"post-75175","1":"product","2":"type-product","3":"status-publish","4":"has-post-thumbnail","6":"product_cat-travel","7":"product_tag-first-edition","8":"pa_auteur-guillaume-rey-alban-emmanuel-2","9":"pa_type-de-livre-printed-book","11":"first","12":"instock","13":"shipping-taxable","14":"purchasable","15":"product-type-simple"},"acf":{"artist":" Alban Emmanuel GUILLAUME-REY","chapeau":"In the original printed wrappers","adresse_bibliographique":"Paris, Arthus Bertrand, 1861","book_type":"Printed book","provenance":"","afficher_prix":""},"yoast_head":"<!-- This site is optimized with the Yoast SEO plugin v24.7 - https:\/\/yoast.com\/wordpress\/plugins\/seo\/ -->\n<title>GUILLAUME-REY Alban Emmanuel Voyage dans le Haouran et aux bords de la Mer Morte ex\u00e9cut\u00e9 pendant les ann\u00e9es 1857 et 1858. - Libairie Clavreuil<\/title>\n<meta name=\"robots\" content=\"index, follow, max-snippet:-1, max-image-preview:large, max-video-preview:-1\" \/>\n<link rel=\"canonical\" href=\"https:\/\/www.librairieclavreuil.com\/produit\/guillaume-rey-alban-emmanuel-voyage-dans-le-haouran-et-aux-bords-de-la-mer-morte-execute-pendant-les-annees-1857-et-1858\/\" \/>\n<meta property=\"og:locale\" content=\"en_US\" \/>\n<meta property=\"og:type\" content=\"article\" \/>\n<meta property=\"og:title\" content=\"GUILLAUME-REY Alban Emmanuel Voyage dans le Haouran et aux bords de la Mer Morte ex\u00e9cut\u00e9 pendant les ann\u00e9es 1857 et 1858. - Libairie Clavreuil\" \/>\n<meta property=\"og:description\" content=\"Text volume 8vo (247 x 165 mm) 2 nn.l., XX, 306 pp., 1 nn.l. (catalogue), 1 map, &nbsp;and the atlas, large folio (645 x 495 mm) 2 nn.l. (title and table), 27 lithographed plates, some coloured. Original printed wrappers, modern clamshell boxes.\" \/>\n<meta property=\"og:url\" content=\"https:\/\/www.librairieclavreuil.com\/produit\/guillaume-rey-alban-emmanuel-voyage-dans-le-haouran-et-aux-bords-de-la-mer-morte-execute-pendant-les-annees-1857-et-1858\/\" \/>\n<meta property=\"og:site_name\" content=\"Libairie Clavreuil\" \/>\n<meta property=\"article:modified_time\" content=\"2024-07-17T14:07:05+00:00\" \/>\n<meta property=\"og:image\" content=\"https:\/\/www.librairieclavreuil.com\/wp-content\/uploads\/2024\/04\/alban-emmanuel-guillaume-rey-voyage-dans-le-haouran-et-aux-bords-de-la-mer-morte-execute-pendant-les-annees-1857-et-1858-8062-65f329e5bdd8e-1024x740.jpg\" \/>\n\t<meta property=\"og:image:width\" content=\"1024\" \/>\n\t<meta property=\"og:image:height\" content=\"740\" \/>\n\t<meta property=\"og:image:type\" content=\"image\/jpeg\" \/>\n<meta name=\"twitter:card\" content=\"summary_large_image\" \/>\n<meta name=\"twitter:label1\" content=\"Est. reading time\" \/>\n\t<meta name=\"twitter:data1\" content=\"2 minutes\" \/>\n<script type=\"application\/ld+json\" class=\"yoast-schema-graph\">{\"@context\":\"https:\/\/schema.org\",\"@graph\":[{\"@type\":\"WebPage\",\"@id\":\"https:\/\/www.librairieclavreuil.com\/produit\/guillaume-rey-alban-emmanuel-voyage-dans-le-haouran-et-aux-bords-de-la-mer-morte-execute-pendant-les-annees-1857-et-1858\/\",\"url\":\"https:\/\/www.librairieclavreuil.com\/produit\/guillaume-rey-alban-emmanuel-voyage-dans-le-haouran-et-aux-bords-de-la-mer-morte-execute-pendant-les-annees-1857-et-1858\/\",\"name\":\"GUILLAUME-REY Alban Emmanuel Voyage dans le Haouran et aux bords de la Mer Morte ex\u00e9cut\u00e9 pendant les ann\u00e9es 1857 et 1858. - Libairie Clavreuil\",\"isPartOf\":{\"@id\":\"https:\/\/www.librairieclavreuil.com\/#website\"},\"primaryImageOfPage\":{\"@id\":\"https:\/\/www.librairieclavreuil.com\/produit\/guillaume-rey-alban-emmanuel-voyage-dans-le-haouran-et-aux-bords-de-la-mer-morte-execute-pendant-les-annees-1857-et-1858\/#primaryimage\"},\"image\":{\"@id\":\"https:\/\/www.librairieclavreuil.com\/produit\/guillaume-rey-alban-emmanuel-voyage-dans-le-haouran-et-aux-bords-de-la-mer-morte-execute-pendant-les-annees-1857-et-1858\/#primaryimage\"},\"thumbnailUrl\":\"https:\/\/www.librairieclavreuil.com\/wp-content\/uploads\/2024\/04\/alban-emmanuel-guillaume-rey-voyage-dans-le-haouran-et-aux-bords-de-la-mer-morte-execute-pendant-les-annees-1857-et-1858-8062-65f329e5bdd8e.jpg\",\"datePublished\":\"2024-04-24T10:35:01+00:00\",\"dateModified\":\"2024-07-17T14:07:05+00:00\",\"breadcrumb\":{\"@id\":\"https:\/\/www.librairieclavreuil.com\/produit\/guillaume-rey-alban-emmanuel-voyage-dans-le-haouran-et-aux-bords-de-la-mer-morte-execute-pendant-les-annees-1857-et-1858\/#breadcrumb\"},\"inLanguage\":\"en-US\",\"potentialAction\":[{\"@type\":\"ReadAction\",\"target\":[\"https:\/\/www.librairieclavreuil.com\/produit\/guillaume-rey-alban-emmanuel-voyage-dans-le-haouran-et-aux-bords-de-la-mer-morte-execute-pendant-les-annees-1857-et-1858\/\"]}]},{\"@type\":\"ImageObject\",\"inLanguage\":\"en-US\",\"@id\":\"https:\/\/www.librairieclavreuil.com\/produit\/guillaume-rey-alban-emmanuel-voyage-dans-le-haouran-et-aux-bords-de-la-mer-morte-execute-pendant-les-annees-1857-et-1858\/#primaryimage\",\"url\":\"https:\/\/www.librairieclavreuil.com\/wp-content\/uploads\/2024\/04\/alban-emmanuel-guillaume-rey-voyage-dans-le-haouran-et-aux-bords-de-la-mer-morte-execute-pendant-les-annees-1857-et-1858-8062-65f329e5bdd8e.jpg\",\"contentUrl\":\"https:\/\/www.librairieclavreuil.com\/wp-content\/uploads\/2024\/04\/alban-emmanuel-guillaume-rey-voyage-dans-le-haouran-et-aux-bords-de-la-mer-morte-execute-pendant-les-annees-1857-et-1858-8062-65f329e5bdd8e.jpg\",\"width\":2138,\"height\":1544},{\"@type\":\"BreadcrumbList\",\"@id\":\"https:\/\/www.librairieclavreuil.com\/produit\/guillaume-rey-alban-emmanuel-voyage-dans-le-haouran-et-aux-bords-de-la-mer-morte-execute-pendant-les-annees-1857-et-1858\/#breadcrumb\",\"itemListElement\":[{\"@type\":\"ListItem\",\"position\":1,\"name\":\"Accueil\",\"item\":\"https:\/\/www.librairieclavreuil.com\/\"},{\"@type\":\"ListItem\",\"position\":2,\"name\":\"All our books\",\"item\":\"https:\/\/www.librairieclavreuil.com\/en\/all-our-books\/\"},{\"@type\":\"ListItem\",\"position\":3,\"name\":\"GUILLAUME-REY Alban Emmanuel Voyage dans le Haouran et...\"}]},{\"@type\":\"WebSite\",\"@id\":\"https:\/\/www.librairieclavreuil.com\/#website\",\"url\":\"https:\/\/www.librairieclavreuil.com\/\",\"name\":\"Libairie Clavreuil\",\"description\":\"Livres anciens, manuscrits rares et \u00e9ditions originales \u2013 Librairie Clavreuil\",\"publisher\":{\"@id\":\"https:\/\/www.librairieclavreuil.com\/#organization\"},\"potentialAction\":[{\"@type\":\"SearchAction\",\"target\":{\"@type\":\"EntryPoint\",\"urlTemplate\":\"https:\/\/www.librairieclavreuil.com\/?s={search_term_string}\"},\"query-input\":{\"@type\":\"PropertyValueSpecification\",\"valueRequired\":true,\"valueName\":\"search_term_string\"}}],\"inLanguage\":\"en-US\"},{\"@type\":\"Organization\",\"@id\":\"https:\/\/www.librairieclavreuil.com\/#organization\",\"name\":\"Libairie Clavreuil\",\"url\":\"https:\/\/www.librairieclavreuil.com\/\",\"logo\":{\"@type\":\"ImageObject\",\"inLanguage\":\"en-US\",\"@id\":\"https:\/\/www.librairieclavreuil.com\/#\/schema\/logo\/image\/\",\"url\":\"https:\/\/www.librairieclavreuil.com\/wp-content\/uploads\/2021\/06\/cropped-LOGO_PNG_DATE-_gold-512x512-1.png\",\"contentUrl\":\"https:\/\/www.librairieclavreuil.com\/wp-content\/uploads\/2021\/06\/cropped-LOGO_PNG_DATE-_gold-512x512-1.png\",\"width\":512,\"height\":512,\"caption\":\"Libairie Clavreuil\"},\"image\":{\"@id\":\"https:\/\/www.librairieclavreuil.com\/#\/schema\/logo\/image\/\"},\"sameAs\":[\"https:\/\/www.instagram.com\/librairieclavreuil\/\"]}]}<\/script>\n<!-- \/ Yoast SEO plugin. -->","yoast_head_json":{"title":"GUILLAUME-REY Alban Emmanuel Voyage dans le Haouran et aux bords de la Mer Morte ex\u00e9cut\u00e9 pendant les ann\u00e9es 1857 et 1858. - Libairie Clavreuil","robots":{"index":"index","follow":"follow","max-snippet":"max-snippet:-1","max-image-preview":"max-image-preview:large","max-video-preview":"max-video-preview:-1"},"canonical":"https:\/\/www.librairieclavreuil.com\/produit\/guillaume-rey-alban-emmanuel-voyage-dans-le-haouran-et-aux-bords-de-la-mer-morte-execute-pendant-les-annees-1857-et-1858\/","og_locale":"en_US","og_type":"article","og_title":"GUILLAUME-REY Alban Emmanuel Voyage dans le Haouran et aux bords de la Mer Morte ex\u00e9cut\u00e9 pendant les ann\u00e9es 1857 et 1858. - Libairie Clavreuil","og_description":"Text volume 8vo (247 x 165 mm) 2 nn.l., XX, 306 pp., 1 nn.l. (catalogue), 1 map, &nbsp;and the atlas, large folio (645 x 495 mm) 2 nn.l. (title and table), 27 lithographed plates, some coloured. Original printed wrappers, modern clamshell boxes.","og_url":"https:\/\/www.librairieclavreuil.com\/produit\/guillaume-rey-alban-emmanuel-voyage-dans-le-haouran-et-aux-bords-de-la-mer-morte-execute-pendant-les-annees-1857-et-1858\/","og_site_name":"Libairie Clavreuil","article_modified_time":"2024-07-17T14:07:05+00:00","og_image":[{"width":1024,"height":740,"url":"https:\/\/www.librairieclavreuil.com\/wp-content\/uploads\/2024\/04\/alban-emmanuel-guillaume-rey-voyage-dans-le-haouran-et-aux-bords-de-la-mer-morte-execute-pendant-les-annees-1857-et-1858-8062-65f329e5bdd8e-1024x740.jpg","type":"image\/jpeg"}],"twitter_card":"summary_large_image","twitter_misc":{"Est. reading time":"2 minutes"},"schema":{"@context":"https:\/\/schema.org","@graph":[{"@type":"WebPage","@id":"https:\/\/www.librairieclavreuil.com\/produit\/guillaume-rey-alban-emmanuel-voyage-dans-le-haouran-et-aux-bords-de-la-mer-morte-execute-pendant-les-annees-1857-et-1858\/","url":"https:\/\/www.librairieclavreuil.com\/produit\/guillaume-rey-alban-emmanuel-voyage-dans-le-haouran-et-aux-bords-de-la-mer-morte-execute-pendant-les-annees-1857-et-1858\/","name":"GUILLAUME-REY Alban Emmanuel Voyage dans le Haouran et aux bords de la Mer Morte ex\u00e9cut\u00e9 pendant les ann\u00e9es 1857 et 1858. - Libairie Clavreuil","isPartOf":{"@id":"https:\/\/www.librairieclavreuil.com\/#website"},"primaryImageOfPage":{"@id":"https:\/\/www.librairieclavreuil.com\/produit\/guillaume-rey-alban-emmanuel-voyage-dans-le-haouran-et-aux-bords-de-la-mer-morte-execute-pendant-les-annees-1857-et-1858\/#primaryimage"},"image":{"@id":"https:\/\/www.librairieclavreuil.com\/produit\/guillaume-rey-alban-emmanuel-voyage-dans-le-haouran-et-aux-bords-de-la-mer-morte-execute-pendant-les-annees-1857-et-1858\/#primaryimage"},"thumbnailUrl":"https:\/\/www.librairieclavreuil.com\/wp-content\/uploads\/2024\/04\/alban-emmanuel-guillaume-rey-voyage-dans-le-haouran-et-aux-bords-de-la-mer-morte-execute-pendant-les-annees-1857-et-1858-8062-65f329e5bdd8e.jpg","datePublished":"2024-04-24T10:35:01+00:00","dateModified":"2024-07-17T14:07:05+00:00","breadcrumb":{"@id":"https:\/\/www.librairieclavreuil.com\/produit\/guillaume-rey-alban-emmanuel-voyage-dans-le-haouran-et-aux-bords-de-la-mer-morte-execute-pendant-les-annees-1857-et-1858\/#breadcrumb"},"inLanguage":"en-US","potentialAction":[{"@type":"ReadAction","target":["https:\/\/www.librairieclavreuil.com\/produit\/guillaume-rey-alban-emmanuel-voyage-dans-le-haouran-et-aux-bords-de-la-mer-morte-execute-pendant-les-annees-1857-et-1858\/"]}]},{"@type":"ImageObject","inLanguage":"en-US","@id":"https:\/\/www.librairieclavreuil.com\/produit\/guillaume-rey-alban-emmanuel-voyage-dans-le-haouran-et-aux-bords-de-la-mer-morte-execute-pendant-les-annees-1857-et-1858\/#primaryimage","url":"https:\/\/www.librairieclavreuil.com\/wp-content\/uploads\/2024\/04\/alban-emmanuel-guillaume-rey-voyage-dans-le-haouran-et-aux-bords-de-la-mer-morte-execute-pendant-les-annees-1857-et-1858-8062-65f329e5bdd8e.jpg","contentUrl":"https:\/\/www.librairieclavreuil.com\/wp-content\/uploads\/2024\/04\/alban-emmanuel-guillaume-rey-voyage-dans-le-haouran-et-aux-bords-de-la-mer-morte-execute-pendant-les-annees-1857-et-1858-8062-65f329e5bdd8e.jpg","width":2138,"height":1544},{"@type":"BreadcrumbList","@id":"https:\/\/www.librairieclavreuil.com\/produit\/guillaume-rey-alban-emmanuel-voyage-dans-le-haouran-et-aux-bords-de-la-mer-morte-execute-pendant-les-annees-1857-et-1858\/#breadcrumb","itemListElement":[{"@type":"ListItem","position":1,"name":"Accueil","item":"https:\/\/www.librairieclavreuil.com\/"},{"@type":"ListItem","position":2,"name":"All our books","item":"https:\/\/www.librairieclavreuil.com\/en\/all-our-books\/"},{"@type":"ListItem","position":3,"name":"GUILLAUME-REY Alban Emmanuel Voyage dans le Haouran et..."}]},{"@type":"WebSite","@id":"https:\/\/www.librairieclavreuil.com\/#website","url":"https:\/\/www.librairieclavreuil.com\/","name":"Libairie Clavreuil","description":"Livres anciens, manuscrits rares et \u00e9ditions originales \u2013 Librairie Clavreuil","publisher":{"@id":"https:\/\/www.librairieclavreuil.com\/#organization"},"potentialAction":[{"@type":"SearchAction","target":{"@type":"EntryPoint","urlTemplate":"https:\/\/www.librairieclavreuil.com\/?s={search_term_string}"},"query-input":{"@type":"PropertyValueSpecification","valueRequired":true,"valueName":"search_term_string"}}],"inLanguage":"en-US"},{"@type":"Organization","@id":"https:\/\/www.librairieclavreuil.com\/#organization","name":"Libairie Clavreuil","url":"https:\/\/www.librairieclavreuil.com\/","logo":{"@type":"ImageObject","inLanguage":"en-US","@id":"https:\/\/www.librairieclavreuil.com\/#\/schema\/logo\/image\/","url":"https:\/\/www.librairieclavreuil.com\/wp-content\/uploads\/2021\/06\/cropped-LOGO_PNG_DATE-_gold-512x512-1.png","contentUrl":"https:\/\/www.librairieclavreuil.com\/wp-content\/uploads\/2021\/06\/cropped-LOGO_PNG_DATE-_gold-512x512-1.png","width":512,"height":512,"caption":"Libairie Clavreuil"},"image":{"@id":"https:\/\/www.librairieclavreuil.com\/#\/schema\/logo\/image\/"},"sameAs":["https:\/\/www.instagram.com\/librairieclavreuil\/"]}]}},"jetpack_sharing_enabled":true,"_links":{"self":[{"href":"https:\/\/www.librairieclavreuil.com\/en\/wp-json\/wp\/v2\/product\/75175","targetHints":{"allow":["GET"]}}],"collection":[{"href":"https:\/\/www.librairieclavreuil.com\/en\/wp-json\/wp\/v2\/product"}],"about":[{"href":"https:\/\/www.librairieclavreuil.com\/en\/wp-json\/wp\/v2\/types\/product"}],"replies":[{"embeddable":true,"href":"https:\/\/www.librairieclavreuil.com\/en\/wp-json\/wp\/v2\/comments?post=75175"}],"wp:featuredmedia":[{"embeddable":true,"href":"https:\/\/www.librairieclavreuil.com\/en\/wp-json\/wp\/v2\/media\/75164"}],"wp:attachment":[{"href":"https:\/\/www.librairieclavreuil.com\/en\/wp-json\/wp\/v2\/media?parent=75175"}],"wp:term":[{"taxonomy":"product_brand","embeddable":true,"href":"https:\/\/www.librairieclavreuil.com\/en\/wp-json\/wp\/v2\/product_brand?post=75175"},{"taxonomy":"product_cat","embeddable":true,"href":"https:\/\/www.librairieclavreuil.com\/en\/wp-json\/wp\/v2\/product_cat?post=75175"},{"taxonomy":"product_tag","embeddable":true,"href":"https:\/\/www.librairieclavreuil.com\/en\/wp-json\/wp\/v2\/product_tag?post=75175"}],"curies":[{"name":"wp","href":"https:\/\/api.w.org\/{rel}","templated":true}]}}