{"id":75135,"date":"2024-04-24T12:30:49","date_gmt":"2024-04-24T10:30:49","guid":{"rendered":"https:\/\/clavreuil-wordpress.logiciel-arteo.fr\/reinaud-joseph-toussaint-monumens-arabes-persans-et-turcs-du-cabinet-de-m-le-duc-de-blacas-et-dautres-cabinets-consideres-et-decrits-dapres-leurs-rapports-avec-les-croyances-les-moeurs-et-l\/"},"modified":"2024-07-17T16:05:46","modified_gmt":"2024-07-17T14:05:46","slug":"reinaud-joseph-toussaint-monumens-arabes-persans-et-turcs-du-cabinet-de-m-le-duc-de-blacas-et-dautres-cabinets-consideres-et-decrits-dapres-leurs-rapports-avec-les-croyances-les-moeurs-et-l","status":"publish","type":"product","link":"https:\/\/www.librairieclavreuil.com\/en\/reinaud-joseph-toussaint-monumens-arabes-persans-et-turcs-du-cabinet-de-m-le-duc-de-blacas-et-dautres-cabinets-consideres-et-decrits-dapres-leurs-rapports-avec-les-croyances-les-moeurs-et-l\/","title":{"rendered":"REINAUD Joseph-Toussaint Monumens arabes, persans et turcs, du..."},"content":{"rendered":"<p style=\"text-align:justify\"><span style=\"font-variant:small-caps\">First edition of this interesting work description the duke Blacas\u2019 collections of Arabic art.<\/span><\/p>\n<p style=\"text-align:justify\">&#8220;Cet ouvrage n&#8217;est pas seulement fait pour les personnes vou\u00e9es par \u00e9tat et par go\u00fbt aux \u00e9tudes orientales. Sous un titre trop modeste, il renferme le tableau m\u00e9thodique et complet de la religion, des m\u0153urs, des usages et de l&#8217;histoire des peuples musulmans&#8221; (Qu\u00e9rard).<\/p>\n<p style=\"text-align:justify\">A note on the verso of the half-titles indicates that some copies had been distributed under a different title : &#8220;Quelques exemplaires de cet ouvrage ont d\u00e9j\u00e0 \u00e9t\u00e9 distribu\u00e9s sous le titre de Description des Monumens musulmans du Cabinet de M. le Duc de Blacas&#8221;.<\/p>\n<p style=\"text-align:justify\">Duke Blacas (1771-1839), friend and protector of Champollion, is one of the founding fathers of the Egyptian section in the Museum in Paris. In the present work, Reinaud describes the personal collection of antiquities of the rich benefactor.<\/p>\n<p style=\"text-align:justify\">Very good copy, well preserved in the original printed wrappers, entirely uncut.<\/p>\n","protected":false},"excerpt":{"rendered":"<p style=\"text-align:justify\">2 volumes 8vo (239 x 215 mm) 3 nn.ll., pp.III to XV, 400 pp. for volume I; 2 nn.ll., 488 pp., 10 engraved plates for volume II. Original printed wrappers, uncut.<\/p>\n","protected":false},"featured_media":75128,"comment_status":"open","ping_status":"closed","template":"","meta":{"_acf_changed":false},"product_brand":[],"product_cat":[552],"product_tag":[1254,1450,1400,1402],"class_list":{"0":"post-75135","1":"product","2":"type-product","3":"status-publish","4":"has-post-thumbnail","6":"product_cat-travel","7":"product_tag-arabic","8":"product_tag-first-edition","9":"product_tag-persia","10":"product_tag-turkey","11":"pa_auteur-reinaud-joseph-toussaint-2","12":"pa_type-de-livre-printed-book","14":"first","15":"instock","16":"shipping-taxable","17":"purchasable","18":"product-type-simple"},"acf":{"artist":" Joseph-Toussaint REINAUD","chapeau":"","adresse_bibliographique":"Paris, Dondey-Dupr\u00e9, 1828","book_type":"Printed book","provenance":"","afficher_prix":""},"yoast_head":"<!-- This site is optimized with the Yoast SEO plugin v24.7 - https:\/\/yoast.com\/wordpress\/plugins\/seo\/ -->\n<title>REINAUD Joseph-Toussaint Monumens arabes, persans et turcs, du cabinet de M. le duc de Blacas et d&#039;autres cabinets; consid\u00e9r\u00e9s et d\u00e9crits d&#039;apr\u00e8s leurs rapports avec les croyances, les moeurs et l&#039;histoire des nations musulmanes. - Libairie Clavreuil<\/title>\n<meta name=\"robots\" content=\"index, follow, max-snippet:-1, max-image-preview:large, max-video-preview:-1\" \/>\n<link rel=\"canonical\" href=\"https:\/\/www.librairieclavreuil.com\/en\/reinaud-joseph-toussaint-monumens-arabes-persans-et-turcs-du-cabinet-de-m-le-duc-de-blacas-et-dautres-cabinets-consideres-et-decrits-dapres-leurs-rapports-avec-les-croyances-les-moeurs-et-l\/\" \/>\n<meta property=\"og:locale\" content=\"en_US\" \/>\n<meta property=\"og:type\" content=\"article\" \/>\n<meta property=\"og:title\" content=\"REINAUD Joseph-Toussaint Monumens arabes, persans et turcs, du cabinet de M. le duc de Blacas et d&#039;autres cabinets; consid\u00e9r\u00e9s et d\u00e9crits d&#039;apr\u00e8s leurs rapports avec les croyances, les moeurs et l&#039;histoire des nations musulmanes. - Libairie Clavreuil\" \/>\n<meta property=\"og:description\" content=\"2 volumes 8vo (239 x 215 mm) 3 nn.ll., pp.III to XV, 400 pp. for volume I; 2 nn.ll., 488 pp., 10 engraved plates for volume II. Original printed wrappers, uncut.\" \/>\n<meta property=\"og:url\" content=\"https:\/\/www.librairieclavreuil.com\/en\/reinaud-joseph-toussaint-monumens-arabes-persans-et-turcs-du-cabinet-de-m-le-duc-de-blacas-et-dautres-cabinets-consideres-et-decrits-dapres-leurs-rapports-avec-les-croyances-les-moeurs-et-l\/\" \/>\n<meta property=\"og:site_name\" content=\"Libairie Clavreuil\" \/>\n<meta property=\"article:modified_time\" content=\"2024-07-17T14:05:46+00:00\" \/>\n<meta property=\"og:image\" content=\"https:\/\/www.librairieclavreuil.com\/wp-content\/uploads\/2024\/04\/joseph-toussaint-reinaud-monumens-arabes-persans-et-turcs-du-cabinet-de-m-le-duc-de-blacas-et-d-autres-cabinets-consideres-et-decrits-d-apres-leurs-ra.jpg\" \/>\n\t<meta property=\"og:image:width\" content=\"1378\" \/>\n\t<meta property=\"og:image:height\" content=\"1243\" \/>\n\t<meta property=\"og:image:type\" content=\"image\/jpeg\" \/>\n<meta name=\"twitter:card\" content=\"summary_large_image\" \/>\n<meta name=\"twitter:label1\" content=\"Est. reading time\" \/>\n\t<meta name=\"twitter:data1\" content=\"1 minute\" \/>\n<script type=\"application\/ld+json\" class=\"yoast-schema-graph\">{\"@context\":\"https:\/\/schema.org\",\"@graph\":[{\"@type\":\"WebPage\",\"@id\":\"https:\/\/www.librairieclavreuil.com\/en\/reinaud-joseph-toussaint-monumens-arabes-persans-et-turcs-du-cabinet-de-m-le-duc-de-blacas-et-dautres-cabinets-consideres-et-decrits-dapres-leurs-rapports-avec-les-croyances-les-moeurs-et-l\/\",\"url\":\"https:\/\/www.librairieclavreuil.com\/en\/reinaud-joseph-toussaint-monumens-arabes-persans-et-turcs-du-cabinet-de-m-le-duc-de-blacas-et-dautres-cabinets-consideres-et-decrits-dapres-leurs-rapports-avec-les-croyances-les-moeurs-et-l\/\",\"name\":\"REINAUD Joseph-Toussaint Monumens arabes, persans et turcs, du cabinet de M. le duc de Blacas et d'autres cabinets; consid\u00e9r\u00e9s et d\u00e9crits d'apr\u00e8s leurs rapports avec les croyances, les moeurs et l'histoire des nations musulmanes. - Libairie Clavreuil\",\"isPartOf\":{\"@id\":\"https:\/\/www.librairieclavreuil.com\/#website\"},\"primaryImageOfPage\":{\"@id\":\"https:\/\/www.librairieclavreuil.com\/en\/reinaud-joseph-toussaint-monumens-arabes-persans-et-turcs-du-cabinet-de-m-le-duc-de-blacas-et-dautres-cabinets-consideres-et-decrits-dapres-leurs-rapports-avec-les-croyances-les-moeurs-et-l\/#primaryimage\"},\"image\":{\"@id\":\"https:\/\/www.librairieclavreuil.com\/en\/reinaud-joseph-toussaint-monumens-arabes-persans-et-turcs-du-cabinet-de-m-le-duc-de-blacas-et-dautres-cabinets-consideres-et-decrits-dapres-leurs-rapports-avec-les-croyances-les-moeurs-et-l\/#primaryimage\"},\"thumbnailUrl\":\"https:\/\/www.librairieclavreuil.com\/wp-content\/uploads\/2024\/04\/joseph-toussaint-reinaud-monumens-arabes-persans-et-turcs-du-cabinet-de-m-le-duc-de-blacas-et-d-autres-cabinets-consideres-et-decrits-d-apres-leurs-ra.jpg\",\"datePublished\":\"2024-04-24T10:30:49+00:00\",\"dateModified\":\"2024-07-17T14:05:46+00:00\",\"breadcrumb\":{\"@id\":\"https:\/\/www.librairieclavreuil.com\/en\/reinaud-joseph-toussaint-monumens-arabes-persans-et-turcs-du-cabinet-de-m-le-duc-de-blacas-et-dautres-cabinets-consideres-et-decrits-dapres-leurs-rapports-avec-les-croyances-les-moeurs-et-l\/#breadcrumb\"},\"inLanguage\":\"en-US\",\"potentialAction\":[{\"@type\":\"ReadAction\",\"target\":[\"https:\/\/www.librairieclavreuil.com\/en\/reinaud-joseph-toussaint-monumens-arabes-persans-et-turcs-du-cabinet-de-m-le-duc-de-blacas-et-dautres-cabinets-consideres-et-decrits-dapres-leurs-rapports-avec-les-croyances-les-moeurs-et-l\/\"]}]},{\"@type\":\"ImageObject\",\"inLanguage\":\"en-US\",\"@id\":\"https:\/\/www.librairieclavreuil.com\/en\/reinaud-joseph-toussaint-monumens-arabes-persans-et-turcs-du-cabinet-de-m-le-duc-de-blacas-et-dautres-cabinets-consideres-et-decrits-dapres-leurs-rapports-avec-les-croyances-les-moeurs-et-l\/#primaryimage\",\"url\":\"https:\/\/www.librairieclavreuil.com\/wp-content\/uploads\/2024\/04\/joseph-toussaint-reinaud-monumens-arabes-persans-et-turcs-du-cabinet-de-m-le-duc-de-blacas-et-d-autres-cabinets-consideres-et-decrits-d-apres-leurs-ra.jpg\",\"contentUrl\":\"https:\/\/www.librairieclavreuil.com\/wp-content\/uploads\/2024\/04\/joseph-toussaint-reinaud-monumens-arabes-persans-et-turcs-du-cabinet-de-m-le-duc-de-blacas-et-d-autres-cabinets-consideres-et-decrits-d-apres-leurs-ra.jpg\",\"width\":1378,\"height\":1243},{\"@type\":\"BreadcrumbList\",\"@id\":\"https:\/\/www.librairieclavreuil.com\/en\/reinaud-joseph-toussaint-monumens-arabes-persans-et-turcs-du-cabinet-de-m-le-duc-de-blacas-et-dautres-cabinets-consideres-et-decrits-dapres-leurs-rapports-avec-les-croyances-les-moeurs-et-l\/#breadcrumb\",\"itemListElement\":[{\"@type\":\"ListItem\",\"position\":1,\"name\":\"Accueil\",\"item\":\"https:\/\/www.librairieclavreuil.com\/\"},{\"@type\":\"ListItem\",\"position\":2,\"name\":\"All our books\",\"item\":\"https:\/\/www.librairieclavreuil.com\/en\/all-our-books\/\"},{\"@type\":\"ListItem\",\"position\":3,\"name\":\"REINAUD Joseph-Toussaint Monumens arabes, persans et turcs, du cabinet de M. le duc de Blacas et d&#8217;autres cabinets; consid\u00e9r\u00e9s et d\u00e9crits d&#8217;apr\u00e8s leurs rapports avec les croyances, les moeurs et l&#8217;histoire des nations musulmanes.\"}]},{\"@type\":\"WebSite\",\"@id\":\"https:\/\/www.librairieclavreuil.com\/#website\",\"url\":\"https:\/\/www.librairieclavreuil.com\/\",\"name\":\"Libairie Clavreuil\",\"description\":\"Livres anciens, manuscrits rares et \u00e9ditions originales \u2013 Librairie Clavreuil\",\"publisher\":{\"@id\":\"https:\/\/www.librairieclavreuil.com\/#organization\"},\"potentialAction\":[{\"@type\":\"SearchAction\",\"target\":{\"@type\":\"EntryPoint\",\"urlTemplate\":\"https:\/\/www.librairieclavreuil.com\/?s={search_term_string}\"},\"query-input\":{\"@type\":\"PropertyValueSpecification\",\"valueRequired\":true,\"valueName\":\"search_term_string\"}}],\"inLanguage\":\"en-US\"},{\"@type\":\"Organization\",\"@id\":\"https:\/\/www.librairieclavreuil.com\/#organization\",\"name\":\"Libairie Clavreuil\",\"url\":\"https:\/\/www.librairieclavreuil.com\/\",\"logo\":{\"@type\":\"ImageObject\",\"inLanguage\":\"en-US\",\"@id\":\"https:\/\/www.librairieclavreuil.com\/#\/schema\/logo\/image\/\",\"url\":\"https:\/\/www.librairieclavreuil.com\/wp-content\/uploads\/2021\/06\/cropped-LOGO_PNG_DATE-_gold-512x512-1.png\",\"contentUrl\":\"https:\/\/www.librairieclavreuil.com\/wp-content\/uploads\/2021\/06\/cropped-LOGO_PNG_DATE-_gold-512x512-1.png\",\"width\":512,\"height\":512,\"caption\":\"Libairie Clavreuil\"},\"image\":{\"@id\":\"https:\/\/www.librairieclavreuil.com\/#\/schema\/logo\/image\/\"},\"sameAs\":[\"https:\/\/www.instagram.com\/librairieclavreuil\/\"]}]}<\/script>\n<!-- \/ Yoast SEO plugin. -->","yoast_head_json":{"title":"REINAUD Joseph-Toussaint Monumens arabes, persans et turcs, du cabinet de M. le duc de Blacas et d'autres cabinets; consid\u00e9r\u00e9s et d\u00e9crits d'apr\u00e8s leurs rapports avec les croyances, les moeurs et l'histoire des nations musulmanes. - Libairie Clavreuil","robots":{"index":"index","follow":"follow","max-snippet":"max-snippet:-1","max-image-preview":"max-image-preview:large","max-video-preview":"max-video-preview:-1"},"canonical":"https:\/\/www.librairieclavreuil.com\/en\/reinaud-joseph-toussaint-monumens-arabes-persans-et-turcs-du-cabinet-de-m-le-duc-de-blacas-et-dautres-cabinets-consideres-et-decrits-dapres-leurs-rapports-avec-les-croyances-les-moeurs-et-l\/","og_locale":"en_US","og_type":"article","og_title":"REINAUD Joseph-Toussaint Monumens arabes, persans et turcs, du cabinet de M. le duc de Blacas et d'autres cabinets; consid\u00e9r\u00e9s et d\u00e9crits d'apr\u00e8s leurs rapports avec les croyances, les moeurs et l'histoire des nations musulmanes. - Libairie Clavreuil","og_description":"2 volumes 8vo (239 x 215 mm) 3 nn.ll., pp.III to XV, 400 pp. for volume I; 2 nn.ll., 488 pp., 10 engraved plates for volume II. Original printed wrappers, uncut.","og_url":"https:\/\/www.librairieclavreuil.com\/en\/reinaud-joseph-toussaint-monumens-arabes-persans-et-turcs-du-cabinet-de-m-le-duc-de-blacas-et-dautres-cabinets-consideres-et-decrits-dapres-leurs-rapports-avec-les-croyances-les-moeurs-et-l\/","og_site_name":"Libairie Clavreuil","article_modified_time":"2024-07-17T14:05:46+00:00","og_image":[{"width":1378,"height":1243,"url":"https:\/\/www.librairieclavreuil.com\/wp-content\/uploads\/2024\/04\/joseph-toussaint-reinaud-monumens-arabes-persans-et-turcs-du-cabinet-de-m-le-duc-de-blacas-et-d-autres-cabinets-consideres-et-decrits-d-apres-leurs-ra.jpg","type":"image\/jpeg"}],"twitter_card":"summary_large_image","twitter_misc":{"Est. reading time":"1 minute"},"schema":{"@context":"https:\/\/schema.org","@graph":[{"@type":"WebPage","@id":"https:\/\/www.librairieclavreuil.com\/en\/reinaud-joseph-toussaint-monumens-arabes-persans-et-turcs-du-cabinet-de-m-le-duc-de-blacas-et-dautres-cabinets-consideres-et-decrits-dapres-leurs-rapports-avec-les-croyances-les-moeurs-et-l\/","url":"https:\/\/www.librairieclavreuil.com\/en\/reinaud-joseph-toussaint-monumens-arabes-persans-et-turcs-du-cabinet-de-m-le-duc-de-blacas-et-dautres-cabinets-consideres-et-decrits-dapres-leurs-rapports-avec-les-croyances-les-moeurs-et-l\/","name":"REINAUD Joseph-Toussaint Monumens arabes, persans et turcs, du cabinet de M. le duc de Blacas et d'autres cabinets; consid\u00e9r\u00e9s et d\u00e9crits d'apr\u00e8s leurs rapports avec les croyances, les moeurs et l'histoire des nations musulmanes. - Libairie Clavreuil","isPartOf":{"@id":"https:\/\/www.librairieclavreuil.com\/#website"},"primaryImageOfPage":{"@id":"https:\/\/www.librairieclavreuil.com\/en\/reinaud-joseph-toussaint-monumens-arabes-persans-et-turcs-du-cabinet-de-m-le-duc-de-blacas-et-dautres-cabinets-consideres-et-decrits-dapres-leurs-rapports-avec-les-croyances-les-moeurs-et-l\/#primaryimage"},"image":{"@id":"https:\/\/www.librairieclavreuil.com\/en\/reinaud-joseph-toussaint-monumens-arabes-persans-et-turcs-du-cabinet-de-m-le-duc-de-blacas-et-dautres-cabinets-consideres-et-decrits-dapres-leurs-rapports-avec-les-croyances-les-moeurs-et-l\/#primaryimage"},"thumbnailUrl":"https:\/\/www.librairieclavreuil.com\/wp-content\/uploads\/2024\/04\/joseph-toussaint-reinaud-monumens-arabes-persans-et-turcs-du-cabinet-de-m-le-duc-de-blacas-et-d-autres-cabinets-consideres-et-decrits-d-apres-leurs-ra.jpg","datePublished":"2024-04-24T10:30:49+00:00","dateModified":"2024-07-17T14:05:46+00:00","breadcrumb":{"@id":"https:\/\/www.librairieclavreuil.com\/en\/reinaud-joseph-toussaint-monumens-arabes-persans-et-turcs-du-cabinet-de-m-le-duc-de-blacas-et-dautres-cabinets-consideres-et-decrits-dapres-leurs-rapports-avec-les-croyances-les-moeurs-et-l\/#breadcrumb"},"inLanguage":"en-US","potentialAction":[{"@type":"ReadAction","target":["https:\/\/www.librairieclavreuil.com\/en\/reinaud-joseph-toussaint-monumens-arabes-persans-et-turcs-du-cabinet-de-m-le-duc-de-blacas-et-dautres-cabinets-consideres-et-decrits-dapres-leurs-rapports-avec-les-croyances-les-moeurs-et-l\/"]}]},{"@type":"ImageObject","inLanguage":"en-US","@id":"https:\/\/www.librairieclavreuil.com\/en\/reinaud-joseph-toussaint-monumens-arabes-persans-et-turcs-du-cabinet-de-m-le-duc-de-blacas-et-dautres-cabinets-consideres-et-decrits-dapres-leurs-rapports-avec-les-croyances-les-moeurs-et-l\/#primaryimage","url":"https:\/\/www.librairieclavreuil.com\/wp-content\/uploads\/2024\/04\/joseph-toussaint-reinaud-monumens-arabes-persans-et-turcs-du-cabinet-de-m-le-duc-de-blacas-et-d-autres-cabinets-consideres-et-decrits-d-apres-leurs-ra.jpg","contentUrl":"https:\/\/www.librairieclavreuil.com\/wp-content\/uploads\/2024\/04\/joseph-toussaint-reinaud-monumens-arabes-persans-et-turcs-du-cabinet-de-m-le-duc-de-blacas-et-d-autres-cabinets-consideres-et-decrits-d-apres-leurs-ra.jpg","width":1378,"height":1243},{"@type":"BreadcrumbList","@id":"https:\/\/www.librairieclavreuil.com\/en\/reinaud-joseph-toussaint-monumens-arabes-persans-et-turcs-du-cabinet-de-m-le-duc-de-blacas-et-dautres-cabinets-consideres-et-decrits-dapres-leurs-rapports-avec-les-croyances-les-moeurs-et-l\/#breadcrumb","itemListElement":[{"@type":"ListItem","position":1,"name":"Accueil","item":"https:\/\/www.librairieclavreuil.com\/"},{"@type":"ListItem","position":2,"name":"All our books","item":"https:\/\/www.librairieclavreuil.com\/en\/all-our-books\/"},{"@type":"ListItem","position":3,"name":"REINAUD Joseph-Toussaint Monumens arabes, persans et turcs, du cabinet de M. le duc de Blacas et d&#8217;autres cabinets; consid\u00e9r\u00e9s et d\u00e9crits d&#8217;apr\u00e8s leurs rapports avec les croyances, les moeurs et l&#8217;histoire des nations musulmanes."}]},{"@type":"WebSite","@id":"https:\/\/www.librairieclavreuil.com\/#website","url":"https:\/\/www.librairieclavreuil.com\/","name":"Libairie Clavreuil","description":"Livres anciens, manuscrits rares et \u00e9ditions originales \u2013 Librairie Clavreuil","publisher":{"@id":"https:\/\/www.librairieclavreuil.com\/#organization"},"potentialAction":[{"@type":"SearchAction","target":{"@type":"EntryPoint","urlTemplate":"https:\/\/www.librairieclavreuil.com\/?s={search_term_string}"},"query-input":{"@type":"PropertyValueSpecification","valueRequired":true,"valueName":"search_term_string"}}],"inLanguage":"en-US"},{"@type":"Organization","@id":"https:\/\/www.librairieclavreuil.com\/#organization","name":"Libairie Clavreuil","url":"https:\/\/www.librairieclavreuil.com\/","logo":{"@type":"ImageObject","inLanguage":"en-US","@id":"https:\/\/www.librairieclavreuil.com\/#\/schema\/logo\/image\/","url":"https:\/\/www.librairieclavreuil.com\/wp-content\/uploads\/2021\/06\/cropped-LOGO_PNG_DATE-_gold-512x512-1.png","contentUrl":"https:\/\/www.librairieclavreuil.com\/wp-content\/uploads\/2021\/06\/cropped-LOGO_PNG_DATE-_gold-512x512-1.png","width":512,"height":512,"caption":"Libairie Clavreuil"},"image":{"@id":"https:\/\/www.librairieclavreuil.com\/#\/schema\/logo\/image\/"},"sameAs":["https:\/\/www.instagram.com\/librairieclavreuil\/"]}]}},"jetpack_sharing_enabled":true,"_links":{"self":[{"href":"https:\/\/www.librairieclavreuil.com\/en\/wp-json\/wp\/v2\/product\/75135","targetHints":{"allow":["GET"]}}],"collection":[{"href":"https:\/\/www.librairieclavreuil.com\/en\/wp-json\/wp\/v2\/product"}],"about":[{"href":"https:\/\/www.librairieclavreuil.com\/en\/wp-json\/wp\/v2\/types\/product"}],"replies":[{"embeddable":true,"href":"https:\/\/www.librairieclavreuil.com\/en\/wp-json\/wp\/v2\/comments?post=75135"}],"wp:featuredmedia":[{"embeddable":true,"href":"https:\/\/www.librairieclavreuil.com\/en\/wp-json\/wp\/v2\/media\/75128"}],"wp:attachment":[{"href":"https:\/\/www.librairieclavreuil.com\/en\/wp-json\/wp\/v2\/media?parent=75135"}],"wp:term":[{"taxonomy":"product_brand","embeddable":true,"href":"https:\/\/www.librairieclavreuil.com\/en\/wp-json\/wp\/v2\/product_brand?post=75135"},{"taxonomy":"product_cat","embeddable":true,"href":"https:\/\/www.librairieclavreuil.com\/en\/wp-json\/wp\/v2\/product_cat?post=75135"},{"taxonomy":"product_tag","embeddable":true,"href":"https:\/\/www.librairieclavreuil.com\/en\/wp-json\/wp\/v2\/product_tag?post=75135"}],"curies":[{"name":"wp","href":"https:\/\/api.w.org\/{rel}","templated":true}]}}