{"id":75127,"date":"2024-04-24T12:30:10","date_gmt":"2024-04-24T10:30:10","guid":{"rendered":"https:\/\/clavreuil-wordpress.logiciel-arteo.fr\/champollion-jean-francois-memphis-extrait-de-legypte-sous-les-pharaons-tome-ier-page-336\/"},"modified":"2025-04-08T11:17:22","modified_gmt":"2025-04-08T09:17:22","slug":"champollion-jean-francois-memphis-extrait-de-legypte-sous-les-pharaons-tome-ier-page-336","status":"publish","type":"product","link":"https:\/\/www.librairieclavreuil.com\/en\/champollion-jean-francois-memphis-extrait-de-legypte-sous-les-pharaons-tome-ier-page-336\/","title":{"rendered":"CHAMPOLLION Jean-Fran\u00e7ois Memphis (extrait de l&#8217;\u00c9gypte sous les..."},"content":{"rendered":"<p style=\"text-align:justify\"><span style=\"font-variant:small-caps\">Rare offprint of <\/span><i><span style=\"font-variant:small-caps\">L&#8217;\u00c9gypte sous les Pharaons<\/span><\/i><span style=\"font-variant:small-caps\">, the first work on Egyptology published by Champollion the younger at the age of 21.<\/span><\/p>\n<p style=\"text-align:justify\">&#8220;D\u00e8s 1808, il avait mis en \u00e9vidence l&#8217;existence des ligatures dans les signes cursifs. Le 7 ao\u00fbt 1810, devant l&#8217;Acad\u00e9mie des arts et des sciences de Grenoble, il signale que les hi\u00e9roglyphes, pour transcrire des noms grecs, doivent n\u00e9cessairement produire des sons. En 1814, dans L&#8217;\u00c9gypte sous les Pharaons, se fondant sur l&#8217;examen de la structure des mots autochtones en copte (il existe \u00e9galement des mots gr\u00e9coptes, dans une moindre proportion), qui poss\u00e8dent de rares voyelles, il inf\u00e9rait que l&#8217;\u00e9gyptien pr\u00e9sentait des caract\u00e9ristiques similaires et pr\u00e9sumait que les \u00ab \u00c9gyptiens n\u00e9gligeaient beaucoup les voyelles et tr\u00e8s souvent ne les \u00e9crivaient pas \u00bb. En mai 1821, dans un m\u00e9moire publi\u00e9 avant de quitter Grenoble, il \u00e9tablit que l&#8217;\u00e9criture hi\u00e9ratique simplifie l&#8217;\u00e9criture hi\u00e9roglyphique, quoiqu&#8217;il e\u00fbt pens\u00e9, d&#8217;apr\u00e8s un \u00e9crit publi\u00e9 en 1812, et ce contre l&#8217;opinion, que l&#8217;\u00e9criture hi\u00e9ratique \u00ab n'[\u00e9tait] point alphab\u00e9tique \u00bb, c&#8217;est-\u00e0-dire qu&#8217;elle ne rappelait pas des signes de la langue parl\u00e9e&#8221; (Institut national de l&#8217;histoire de l&#8217;art).<\/p>\n<p style=\"text-align:justify\">A good copy, bearing the handwritten inscription &#8220;par M Champollion le jeune&#8221; on the half-title.<\/p>\n<p style=\"text-align:justify\">Small trace of mould on the last two pages with offsetting of a few letters.<\/p>\n","protected":false},"excerpt":{"rendered":"<p style=\"text-align:justify\">8vo (202 x 132 mm ) de 31 pp. Original printed cover.<\/p>\n","protected":false},"featured_media":75122,"comment_status":"open","ping_status":"closed","template":"","meta":{"_acf_changed":false},"product_brand":[],"product_cat":[552],"product_tag":[1355],"class_list":{"0":"post-75127","1":"product","2":"type-product","3":"status-publish","4":"has-post-thumbnail","6":"product_cat-travel","7":"product_tag-egypt-ethiopia","8":"pa_auteur-champollion-jean-francois-2","9":"pa_type-de-livre-printed-book","11":"first","12":"instock","13":"shipping-taxable","14":"purchasable","15":"product-type-simple"},"acf":{"artist":" Jean-Fran\u00e7ois CHAMPOLLION","chapeau":"","adresse_bibliographique":"Grenoble, veuve Peyronard, [1811]","book_type":"Printed book","provenance":"","afficher_prix":""},"yoast_head":"<!-- This site is optimized with the Yoast SEO plugin v24.7 - https:\/\/yoast.com\/wordpress\/plugins\/seo\/ -->\n<title>CHAMPOLLION Jean-Fran\u00e7ois Memphis (extrait de l&#039;\u00c9gypte sous les Pharaons, tome Ier, page 336). - Libairie Clavreuil<\/title>\n<meta name=\"robots\" content=\"index, follow, max-snippet:-1, max-image-preview:large, max-video-preview:-1\" \/>\n<link rel=\"canonical\" href=\"https:\/\/www.librairieclavreuil.com\/en\/champollion-jean-francois-memphis-extrait-de-legypte-sous-les-pharaons-tome-ier-page-336\/\" \/>\n<meta property=\"og:locale\" content=\"en_US\" \/>\n<meta property=\"og:type\" content=\"article\" \/>\n<meta property=\"og:title\" content=\"CHAMPOLLION Jean-Fran\u00e7ois Memphis (extrait de l&#039;\u00c9gypte sous les Pharaons, tome Ier, page 336). - Libairie Clavreuil\" \/>\n<meta property=\"og:description\" content=\"8vo (202 x 132 mm ) de 31 pp. Original printed cover.\" \/>\n<meta property=\"og:url\" content=\"https:\/\/www.librairieclavreuil.com\/en\/champollion-jean-francois-memphis-extrait-de-legypte-sous-les-pharaons-tome-ier-page-336\/\" \/>\n<meta property=\"og:site_name\" content=\"Libairie Clavreuil\" \/>\n<meta property=\"article:modified_time\" content=\"2025-04-08T09:17:22+00:00\" \/>\n<meta property=\"og:image\" content=\"https:\/\/www.librairieclavreuil.com\/wp-content\/uploads\/2024\/04\/jean-francois-champollion-memphis-extrait-de-l-egypte-sous-les-pharaons-tome-ier-page-336-4900-65f1bb7f59cb6.jpg\" \/>\n\t<meta property=\"og:image:width\" content=\"757\" \/>\n\t<meta property=\"og:image:height\" content=\"1034\" \/>\n\t<meta property=\"og:image:type\" content=\"image\/jpeg\" \/>\n<meta name=\"twitter:card\" content=\"summary_large_image\" \/>\n<meta name=\"twitter:label1\" content=\"Est. reading time\" \/>\n\t<meta name=\"twitter:data1\" content=\"1 minute\" \/>\n<script type=\"application\/ld+json\" class=\"yoast-schema-graph\">{\"@context\":\"https:\/\/schema.org\",\"@graph\":[{\"@type\":\"WebPage\",\"@id\":\"https:\/\/www.librairieclavreuil.com\/en\/champollion-jean-francois-memphis-extrait-de-legypte-sous-les-pharaons-tome-ier-page-336\/\",\"url\":\"https:\/\/www.librairieclavreuil.com\/en\/champollion-jean-francois-memphis-extrait-de-legypte-sous-les-pharaons-tome-ier-page-336\/\",\"name\":\"CHAMPOLLION Jean-Fran\u00e7ois Memphis (extrait de l'\u00c9gypte sous les Pharaons, tome Ier, page 336). - Libairie Clavreuil\",\"isPartOf\":{\"@id\":\"https:\/\/www.librairieclavreuil.com\/#website\"},\"primaryImageOfPage\":{\"@id\":\"https:\/\/www.librairieclavreuil.com\/en\/champollion-jean-francois-memphis-extrait-de-legypte-sous-les-pharaons-tome-ier-page-336\/#primaryimage\"},\"image\":{\"@id\":\"https:\/\/www.librairieclavreuil.com\/en\/champollion-jean-francois-memphis-extrait-de-legypte-sous-les-pharaons-tome-ier-page-336\/#primaryimage\"},\"thumbnailUrl\":\"https:\/\/www.librairieclavreuil.com\/wp-content\/uploads\/2024\/04\/jean-francois-champollion-memphis-extrait-de-l-egypte-sous-les-pharaons-tome-ier-page-336-4900-65f1bb7f59cb6.jpg\",\"datePublished\":\"2024-04-24T10:30:10+00:00\",\"dateModified\":\"2025-04-08T09:17:22+00:00\",\"breadcrumb\":{\"@id\":\"https:\/\/www.librairieclavreuil.com\/en\/champollion-jean-francois-memphis-extrait-de-legypte-sous-les-pharaons-tome-ier-page-336\/#breadcrumb\"},\"inLanguage\":\"en-US\",\"potentialAction\":[{\"@type\":\"ReadAction\",\"target\":[\"https:\/\/www.librairieclavreuil.com\/en\/champollion-jean-francois-memphis-extrait-de-legypte-sous-les-pharaons-tome-ier-page-336\/\"]}]},{\"@type\":\"ImageObject\",\"inLanguage\":\"en-US\",\"@id\":\"https:\/\/www.librairieclavreuil.com\/en\/champollion-jean-francois-memphis-extrait-de-legypte-sous-les-pharaons-tome-ier-page-336\/#primaryimage\",\"url\":\"https:\/\/www.librairieclavreuil.com\/wp-content\/uploads\/2024\/04\/jean-francois-champollion-memphis-extrait-de-l-egypte-sous-les-pharaons-tome-ier-page-336-4900-65f1bb7f59cb6.jpg\",\"contentUrl\":\"https:\/\/www.librairieclavreuil.com\/wp-content\/uploads\/2024\/04\/jean-francois-champollion-memphis-extrait-de-l-egypte-sous-les-pharaons-tome-ier-page-336-4900-65f1bb7f59cb6.jpg\",\"width\":757,\"height\":1034},{\"@type\":\"BreadcrumbList\",\"@id\":\"https:\/\/www.librairieclavreuil.com\/en\/champollion-jean-francois-memphis-extrait-de-legypte-sous-les-pharaons-tome-ier-page-336\/#breadcrumb\",\"itemListElement\":[{\"@type\":\"ListItem\",\"position\":1,\"name\":\"Accueil\",\"item\":\"https:\/\/www.librairieclavreuil.com\/\"},{\"@type\":\"ListItem\",\"position\":2,\"name\":\"All our books\",\"item\":\"https:\/\/www.librairieclavreuil.com\/en\/all-our-books\/\"},{\"@type\":\"ListItem\",\"position\":3,\"name\":\"CHAMPOLLION Jean-Fran\u00e7ois Memphis (extrait de l&rsquo;\u00c9gypte sous les...\"}]},{\"@type\":\"WebSite\",\"@id\":\"https:\/\/www.librairieclavreuil.com\/#website\",\"url\":\"https:\/\/www.librairieclavreuil.com\/\",\"name\":\"Libairie Clavreuil\",\"description\":\"Livres anciens, manuscrits rares et \u00e9ditions originales \u2013 Librairie Clavreuil\",\"publisher\":{\"@id\":\"https:\/\/www.librairieclavreuil.com\/#organization\"},\"potentialAction\":[{\"@type\":\"SearchAction\",\"target\":{\"@type\":\"EntryPoint\",\"urlTemplate\":\"https:\/\/www.librairieclavreuil.com\/?s={search_term_string}\"},\"query-input\":{\"@type\":\"PropertyValueSpecification\",\"valueRequired\":true,\"valueName\":\"search_term_string\"}}],\"inLanguage\":\"en-US\"},{\"@type\":\"Organization\",\"@id\":\"https:\/\/www.librairieclavreuil.com\/#organization\",\"name\":\"Libairie Clavreuil\",\"url\":\"https:\/\/www.librairieclavreuil.com\/\",\"logo\":{\"@type\":\"ImageObject\",\"inLanguage\":\"en-US\",\"@id\":\"https:\/\/www.librairieclavreuil.com\/#\/schema\/logo\/image\/\",\"url\":\"https:\/\/www.librairieclavreuil.com\/wp-content\/uploads\/2021\/06\/cropped-LOGO_PNG_DATE-_gold-512x512-1.png\",\"contentUrl\":\"https:\/\/www.librairieclavreuil.com\/wp-content\/uploads\/2021\/06\/cropped-LOGO_PNG_DATE-_gold-512x512-1.png\",\"width\":512,\"height\":512,\"caption\":\"Libairie Clavreuil\"},\"image\":{\"@id\":\"https:\/\/www.librairieclavreuil.com\/#\/schema\/logo\/image\/\"},\"sameAs\":[\"https:\/\/www.instagram.com\/librairieclavreuil\/\"]}]}<\/script>\n<!-- \/ Yoast SEO plugin. -->","yoast_head_json":{"title":"CHAMPOLLION Jean-Fran\u00e7ois Memphis (extrait de l'\u00c9gypte sous les Pharaons, tome Ier, page 336). - Libairie Clavreuil","robots":{"index":"index","follow":"follow","max-snippet":"max-snippet:-1","max-image-preview":"max-image-preview:large","max-video-preview":"max-video-preview:-1"},"canonical":"https:\/\/www.librairieclavreuil.com\/en\/champollion-jean-francois-memphis-extrait-de-legypte-sous-les-pharaons-tome-ier-page-336\/","og_locale":"en_US","og_type":"article","og_title":"CHAMPOLLION Jean-Fran\u00e7ois Memphis (extrait de l'\u00c9gypte sous les Pharaons, tome Ier, page 336). - Libairie Clavreuil","og_description":"8vo (202 x 132 mm ) de 31 pp. Original printed cover.","og_url":"https:\/\/www.librairieclavreuil.com\/en\/champollion-jean-francois-memphis-extrait-de-legypte-sous-les-pharaons-tome-ier-page-336\/","og_site_name":"Libairie Clavreuil","article_modified_time":"2025-04-08T09:17:22+00:00","og_image":[{"width":757,"height":1034,"url":"https:\/\/www.librairieclavreuil.com\/wp-content\/uploads\/2024\/04\/jean-francois-champollion-memphis-extrait-de-l-egypte-sous-les-pharaons-tome-ier-page-336-4900-65f1bb7f59cb6.jpg","type":"image\/jpeg"}],"twitter_card":"summary_large_image","twitter_misc":{"Est. reading time":"1 minute"},"schema":{"@context":"https:\/\/schema.org","@graph":[{"@type":"WebPage","@id":"https:\/\/www.librairieclavreuil.com\/en\/champollion-jean-francois-memphis-extrait-de-legypte-sous-les-pharaons-tome-ier-page-336\/","url":"https:\/\/www.librairieclavreuil.com\/en\/champollion-jean-francois-memphis-extrait-de-legypte-sous-les-pharaons-tome-ier-page-336\/","name":"CHAMPOLLION Jean-Fran\u00e7ois Memphis (extrait de l'\u00c9gypte sous les Pharaons, tome Ier, page 336). - Libairie Clavreuil","isPartOf":{"@id":"https:\/\/www.librairieclavreuil.com\/#website"},"primaryImageOfPage":{"@id":"https:\/\/www.librairieclavreuil.com\/en\/champollion-jean-francois-memphis-extrait-de-legypte-sous-les-pharaons-tome-ier-page-336\/#primaryimage"},"image":{"@id":"https:\/\/www.librairieclavreuil.com\/en\/champollion-jean-francois-memphis-extrait-de-legypte-sous-les-pharaons-tome-ier-page-336\/#primaryimage"},"thumbnailUrl":"https:\/\/www.librairieclavreuil.com\/wp-content\/uploads\/2024\/04\/jean-francois-champollion-memphis-extrait-de-l-egypte-sous-les-pharaons-tome-ier-page-336-4900-65f1bb7f59cb6.jpg","datePublished":"2024-04-24T10:30:10+00:00","dateModified":"2025-04-08T09:17:22+00:00","breadcrumb":{"@id":"https:\/\/www.librairieclavreuil.com\/en\/champollion-jean-francois-memphis-extrait-de-legypte-sous-les-pharaons-tome-ier-page-336\/#breadcrumb"},"inLanguage":"en-US","potentialAction":[{"@type":"ReadAction","target":["https:\/\/www.librairieclavreuil.com\/en\/champollion-jean-francois-memphis-extrait-de-legypte-sous-les-pharaons-tome-ier-page-336\/"]}]},{"@type":"ImageObject","inLanguage":"en-US","@id":"https:\/\/www.librairieclavreuil.com\/en\/champollion-jean-francois-memphis-extrait-de-legypte-sous-les-pharaons-tome-ier-page-336\/#primaryimage","url":"https:\/\/www.librairieclavreuil.com\/wp-content\/uploads\/2024\/04\/jean-francois-champollion-memphis-extrait-de-l-egypte-sous-les-pharaons-tome-ier-page-336-4900-65f1bb7f59cb6.jpg","contentUrl":"https:\/\/www.librairieclavreuil.com\/wp-content\/uploads\/2024\/04\/jean-francois-champollion-memphis-extrait-de-l-egypte-sous-les-pharaons-tome-ier-page-336-4900-65f1bb7f59cb6.jpg","width":757,"height":1034},{"@type":"BreadcrumbList","@id":"https:\/\/www.librairieclavreuil.com\/en\/champollion-jean-francois-memphis-extrait-de-legypte-sous-les-pharaons-tome-ier-page-336\/#breadcrumb","itemListElement":[{"@type":"ListItem","position":1,"name":"Accueil","item":"https:\/\/www.librairieclavreuil.com\/"},{"@type":"ListItem","position":2,"name":"All our books","item":"https:\/\/www.librairieclavreuil.com\/en\/all-our-books\/"},{"@type":"ListItem","position":3,"name":"CHAMPOLLION Jean-Fran\u00e7ois Memphis (extrait de l&rsquo;\u00c9gypte sous les..."}]},{"@type":"WebSite","@id":"https:\/\/www.librairieclavreuil.com\/#website","url":"https:\/\/www.librairieclavreuil.com\/","name":"Libairie Clavreuil","description":"Livres anciens, manuscrits rares et \u00e9ditions originales \u2013 Librairie Clavreuil","publisher":{"@id":"https:\/\/www.librairieclavreuil.com\/#organization"},"potentialAction":[{"@type":"SearchAction","target":{"@type":"EntryPoint","urlTemplate":"https:\/\/www.librairieclavreuil.com\/?s={search_term_string}"},"query-input":{"@type":"PropertyValueSpecification","valueRequired":true,"valueName":"search_term_string"}}],"inLanguage":"en-US"},{"@type":"Organization","@id":"https:\/\/www.librairieclavreuil.com\/#organization","name":"Libairie Clavreuil","url":"https:\/\/www.librairieclavreuil.com\/","logo":{"@type":"ImageObject","inLanguage":"en-US","@id":"https:\/\/www.librairieclavreuil.com\/#\/schema\/logo\/image\/","url":"https:\/\/www.librairieclavreuil.com\/wp-content\/uploads\/2021\/06\/cropped-LOGO_PNG_DATE-_gold-512x512-1.png","contentUrl":"https:\/\/www.librairieclavreuil.com\/wp-content\/uploads\/2021\/06\/cropped-LOGO_PNG_DATE-_gold-512x512-1.png","width":512,"height":512,"caption":"Libairie Clavreuil"},"image":{"@id":"https:\/\/www.librairieclavreuil.com\/#\/schema\/logo\/image\/"},"sameAs":["https:\/\/www.instagram.com\/librairieclavreuil\/"]}]}},"jetpack_sharing_enabled":true,"_links":{"self":[{"href":"https:\/\/www.librairieclavreuil.com\/en\/wp-json\/wp\/v2\/product\/75127","targetHints":{"allow":["GET"]}}],"collection":[{"href":"https:\/\/www.librairieclavreuil.com\/en\/wp-json\/wp\/v2\/product"}],"about":[{"href":"https:\/\/www.librairieclavreuil.com\/en\/wp-json\/wp\/v2\/types\/product"}],"replies":[{"embeddable":true,"href":"https:\/\/www.librairieclavreuil.com\/en\/wp-json\/wp\/v2\/comments?post=75127"}],"wp:featuredmedia":[{"embeddable":true,"href":"https:\/\/www.librairieclavreuil.com\/en\/wp-json\/wp\/v2\/media\/75122"}],"wp:attachment":[{"href":"https:\/\/www.librairieclavreuil.com\/en\/wp-json\/wp\/v2\/media?parent=75127"}],"wp:term":[{"taxonomy":"product_brand","embeddable":true,"href":"https:\/\/www.librairieclavreuil.com\/en\/wp-json\/wp\/v2\/product_brand?post=75127"},{"taxonomy":"product_cat","embeddable":true,"href":"https:\/\/www.librairieclavreuil.com\/en\/wp-json\/wp\/v2\/product_cat?post=75127"},{"taxonomy":"product_tag","embeddable":true,"href":"https:\/\/www.librairieclavreuil.com\/en\/wp-json\/wp\/v2\/product_tag?post=75127"}],"curies":[{"name":"wp","href":"https:\/\/api.w.org\/{rel}","templated":true}]}}