{"id":75117,"date":"2024-04-24T12:29:02","date_gmt":"2024-04-24T10:29:02","guid":{"rendered":"https:\/\/clavreuil-wordpress.logiciel-arteo.fr\/champollion-jean-francois-lettre-sur-la-decouverte-des-hieroglyphes-acrologiques-adressee-a-m-le-chev-de-goulianoff-par-m-klaproth-analyse-critique-de-cet-ouvrage\/"},"modified":"2024-07-17T16:04:32","modified_gmt":"2024-07-17T14:04:32","slug":"champollion-jean-francois-lettre-sur-la-decouverte-des-hieroglyphes-acrologiques-adressee-a-m-le-chev-de-goulianoff-par-m-klaproth-analyse-critique-de-cet-ouvrage","status":"publish","type":"product","link":"https:\/\/www.librairieclavreuil.com\/en\/champollion-jean-francois-lettre-sur-la-decouverte-des-hieroglyphes-acrologiques-adressee-a-m-le-chev-de-goulianoff-par-m-klaproth-analyse-critique-de-cet-ouvrage\/","title":{"rendered":"CHAMPOLLION Jean-Fran\u00e7ois Lettre sur la d\u00e9couverte des hieroglyphes..."},"content":{"rendered":"<p style=\"text-align:justify\">Off-print from: <i>Bulletin universel des sciences<\/i>, April 1827.<\/p>\n<p style=\"text-align:justify\">Champollion defends strongly his solution of the lecture of the hieroglyphs against the method suggested by Goulianoff and Klaproth and methodologically disarms the pseudo-scientific explanation given by the fellow scientists who know nothing about Coptic or Egyptian. &#8220;&#8230;un grand nombre enfin, cit\u00e9s en t\u00e9moignage, ne d\u00e9montrent autre chose, sinon que l&#8217;auteur du syst\u00e8me ne conna\u00eet m\u00eame pas les premiers \u00e9l\u00e9mens de la grammaire copte ou \u00e9gyptienne. Ce jugement peut para\u00eetre s\u00e9v\u00e8re; aussi nous h\u00e2terons-nous d&#8217;\u00e9tablir sur des preuves mat\u00e9rielles, en montrant que la plus grande partie des applications des id\u00e9es de M. de Goulianoff au livre d&#8217;Horapollon, n&#8217;ont aucun r\u00e9sultat raisonnable, et en nous servant aussi du livre m\u00eame qu&#8217;il cite \u00e0 l&#8217;appui de son syst\u00e8me, pour en d\u00e9montrer au contraire le peu de fondement et les bases ruineuses&#8230;&#8221;<\/p>\n<p style=\"text-align:justify\">Champollion finishes the essay with a strong defense of the Egyptian culture. &#8220;Mais il e\u00fbt \u00e9t\u00e9 convenable, il nous semble, d&#8217;attendre d&#8217;abord que le syst\u00e8me annonc\u00e9 e\u00fbt re\u00e7u l&#8217;approbation d\u00e9finitive des savans qui ont seuls le droit de prononcer sur une semblable mati\u00e8re, avant de se croire permis de traiter les anciens \u00c9gyptiens de peuple \u00e0 esprit born\u00e9 et \u00e0 id\u00e9es pu\u00e9riles, avant de penser que les pr\u00eatres de Diospolis et de Memphis ne &#8216;s&#8217;occupaient qu&#8217;\u00e0 apprendre par c\u0153ur un tas de mauvais r\u00e9bus et d&#8217;insipides calembours'&#8221;.<\/p>\n<p style=\"text-align:justify\">Significant association copy, inscribed by Champollion Figeac &#8220;A M Berger de Xivrey de la part de M. Champollion Figeac&#8221;. Jules Berger de Xivrey (1801-1863) started his education at the school in Saint Cyr, pursued at the lyc\u00e9e in Nancy and is given by the Duke of Orleans a post in 1819 in the administration of the forests. He quickly abandoned this place in order to study ancient Greek and published in 1823 his adaptation of Homer&#8217;s Batrachomyomachie. He was elected member of the Acad\u00e9mie des inscriptions et belles-lettres, where he succeeded \u00c9meric David, and took furthermore an important role in the committee of the Antiquit\u00e9s nationales. The copy is accompanied by a lengthy manuscript note, probably by Berger de Xivray, on the works by Goulianoff and Klaproth.<\/p>\n<p style=\"text-align:justify\">&#8220;Hi\u00e9roglyphes acrologiques de Goulianoff (qui est en grec Joulianos, russifi\u00e9) En 1827 M Brown publia en Angleterre un Aper\u00e7u sur les hi\u00e9roglyphes des l&#8217;Egypte et du progr\u00e8s fait&#8230;; cette brochure anglaise fut traduite et publi\u00e9e en fran\u00e7ais, \u00e0 Paris et \u00e0 Leipzig, et le traducteur fran\u00e7ais y ajouta ces mots page 8: &#8220;L&#8217;auteur anglais a cru ne pas devoir parler de la d\u00e9couverte des hi\u00e9roglyphes acrologiques annonc\u00e9es par le chevalier Goulianoff, d\u00e9couverte que nous ne connaissons en effet que par la lettre adress\u00e9e par M Klaproth \u00e0 ce savant. Le ton ironique qui r\u00e8gne dans cet \u00e9crit nous fait croire que l&#8217;auteur a plut\u00f4t voulu plaisanter son correspondant, que montrer une franche adh\u00e9sion \u00e0 ce syst\u00e8me burlesque, qui ne repose que sur les explications hi\u00e9roglyphiques donn\u00e9es par Horapollon tandis que jusqu&#8217;\u00e0 pr\u00e9sent on n&#8217;a d\u00e9couvert sur les monuments qui en constant ???? ou qui de bon semble \u00e0 une acrologie qui peut???? d&#8217;ailleurs d&#8217;un syst\u00e8me d&#8217;\u00e9criture d&#8217;apr\u00e8s lequel on pourrait d\u00e9signer un dieu par un diable, et expimer l&#8217;idiom nature par un nain, un nez ou une n\u00e8fle. Or le traducteur fran\u00e7ais est M. Klaproth lui m\u00eame.<\/p>\n<p style=\"text-align:justify\">Il avait alors chang\u00e9 d&#8217;avis au sujet du ch. Goulianoff &amp; voulait se sauver du ridicule&#8230;<\/p>\n","protected":false},"excerpt":{"rendered":"<p style=\"text-align:justify\">8vo (209 x 130 mm) 11 pp. Disbound, marbled wrappers.<\/p>\n","protected":false},"featured_media":75114,"comment_status":"open","ping_status":"closed","template":"","meta":{"_acf_changed":false},"product_brand":[],"product_cat":[552],"product_tag":[1355],"class_list":{"0":"post-75117","1":"product","2":"type-product","3":"status-publish","4":"has-post-thumbnail","6":"product_cat-travel","7":"product_tag-egypt-ethiopia","8":"pa_auteur-champollion-jean-francois-2","9":"pa_type-de-livre-printed-book","11":"first","12":"instock","13":"shipping-taxable","14":"purchasable","15":"product-type-simple"},"acf":{"artist":" Jean-Fran\u00e7ois CHAMPOLLION","chapeau":"Inscribed by Champollion-Figeac to the philologist Jules Berger de Xivray","adresse_bibliographique":"Paris, Fain, 1827","book_type":"Printed book","provenance":"","afficher_prix":""},"yoast_head":"<!-- This site is optimized with the Yoast SEO plugin v24.7 - https:\/\/yoast.com\/wordpress\/plugins\/seo\/ -->\n<title>CHAMPOLLION Jean-Fran\u00e7ois Lettre sur la d\u00e9couverte des hieroglyphes acrologiques adress\u00e9e \u00e0 M le chev. de Goulianoff, par M. Klaproth. Analyse critique de cet ouvrage. - Libairie Clavreuil<\/title>\n<meta name=\"robots\" content=\"index, follow, max-snippet:-1, max-image-preview:large, max-video-preview:-1\" \/>\n<link rel=\"canonical\" href=\"https:\/\/www.librairieclavreuil.com\/produit\/champollion-jean-francois-lettre-sur-la-decouverte-des-hieroglyphes-acrologiques-adressee-a-m-le-chev-de-goulianoff-par-m-klaproth-analyse-critique-de-cet-ouvrage\/\" \/>\n<meta property=\"og:locale\" content=\"en_US\" \/>\n<meta property=\"og:type\" content=\"article\" \/>\n<meta property=\"og:title\" content=\"CHAMPOLLION Jean-Fran\u00e7ois Lettre sur la d\u00e9couverte des hieroglyphes acrologiques adress\u00e9e \u00e0 M le chev. de Goulianoff, par M. Klaproth. Analyse critique de cet ouvrage. - Libairie Clavreuil\" \/>\n<meta property=\"og:description\" content=\"8vo (209 x 130 mm) 11 pp. Disbound, marbled wrappers.\" \/>\n<meta property=\"og:url\" content=\"https:\/\/www.librairieclavreuil.com\/produit\/champollion-jean-francois-lettre-sur-la-decouverte-des-hieroglyphes-acrologiques-adressee-a-m-le-chev-de-goulianoff-par-m-klaproth-analyse-critique-de-cet-ouvrage\/\" \/>\n<meta property=\"og:site_name\" content=\"Libairie Clavreuil\" \/>\n<meta property=\"article:modified_time\" content=\"2024-07-17T14:04:32+00:00\" \/>\n<meta property=\"og:image\" content=\"https:\/\/www.librairieclavreuil.com\/wp-content\/uploads\/2024\/04\/jean-francois-champollion-lettre-sur-la-decouverte-des-hieroglyphes-acrologiques-adressee-a-m-le-chev-de-goulianoff-par-m-klaproth-analyse-critique-de.jpg\" \/>\n\t<meta property=\"og:image:width\" content=\"626\" \/>\n\t<meta property=\"og:image:height\" content=\"1034\" \/>\n\t<meta property=\"og:image:type\" content=\"image\/jpeg\" \/>\n<meta name=\"twitter:card\" content=\"summary_large_image\" \/>\n<meta name=\"twitter:label1\" content=\"Est. reading time\" \/>\n\t<meta name=\"twitter:data1\" content=\"3 minutes\" \/>\n<script type=\"application\/ld+json\" class=\"yoast-schema-graph\">{\"@context\":\"https:\/\/schema.org\",\"@graph\":[{\"@type\":\"WebPage\",\"@id\":\"https:\/\/www.librairieclavreuil.com\/produit\/champollion-jean-francois-lettre-sur-la-decouverte-des-hieroglyphes-acrologiques-adressee-a-m-le-chev-de-goulianoff-par-m-klaproth-analyse-critique-de-cet-ouvrage\/\",\"url\":\"https:\/\/www.librairieclavreuil.com\/produit\/champollion-jean-francois-lettre-sur-la-decouverte-des-hieroglyphes-acrologiques-adressee-a-m-le-chev-de-goulianoff-par-m-klaproth-analyse-critique-de-cet-ouvrage\/\",\"name\":\"CHAMPOLLION Jean-Fran\u00e7ois Lettre sur la d\u00e9couverte des hieroglyphes acrologiques adress\u00e9e \u00e0 M le chev. de Goulianoff, par M. Klaproth. Analyse critique de cet ouvrage. - Libairie Clavreuil\",\"isPartOf\":{\"@id\":\"https:\/\/www.librairieclavreuil.com\/#website\"},\"primaryImageOfPage\":{\"@id\":\"https:\/\/www.librairieclavreuil.com\/produit\/champollion-jean-francois-lettre-sur-la-decouverte-des-hieroglyphes-acrologiques-adressee-a-m-le-chev-de-goulianoff-par-m-klaproth-analyse-critique-de-cet-ouvrage\/#primaryimage\"},\"image\":{\"@id\":\"https:\/\/www.librairieclavreuil.com\/produit\/champollion-jean-francois-lettre-sur-la-decouverte-des-hieroglyphes-acrologiques-adressee-a-m-le-chev-de-goulianoff-par-m-klaproth-analyse-critique-de-cet-ouvrage\/#primaryimage\"},\"thumbnailUrl\":\"https:\/\/www.librairieclavreuil.com\/wp-content\/uploads\/2024\/04\/jean-francois-champollion-lettre-sur-la-decouverte-des-hieroglyphes-acrologiques-adressee-a-m-le-chev-de-goulianoff-par-m-klaproth-analyse-critique-de.jpg\",\"datePublished\":\"2024-04-24T10:29:02+00:00\",\"dateModified\":\"2024-07-17T14:04:32+00:00\",\"breadcrumb\":{\"@id\":\"https:\/\/www.librairieclavreuil.com\/produit\/champollion-jean-francois-lettre-sur-la-decouverte-des-hieroglyphes-acrologiques-adressee-a-m-le-chev-de-goulianoff-par-m-klaproth-analyse-critique-de-cet-ouvrage\/#breadcrumb\"},\"inLanguage\":\"en-US\",\"potentialAction\":[{\"@type\":\"ReadAction\",\"target\":[\"https:\/\/www.librairieclavreuil.com\/produit\/champollion-jean-francois-lettre-sur-la-decouverte-des-hieroglyphes-acrologiques-adressee-a-m-le-chev-de-goulianoff-par-m-klaproth-analyse-critique-de-cet-ouvrage\/\"]}]},{\"@type\":\"ImageObject\",\"inLanguage\":\"en-US\",\"@id\":\"https:\/\/www.librairieclavreuil.com\/produit\/champollion-jean-francois-lettre-sur-la-decouverte-des-hieroglyphes-acrologiques-adressee-a-m-le-chev-de-goulianoff-par-m-klaproth-analyse-critique-de-cet-ouvrage\/#primaryimage\",\"url\":\"https:\/\/www.librairieclavreuil.com\/wp-content\/uploads\/2024\/04\/jean-francois-champollion-lettre-sur-la-decouverte-des-hieroglyphes-acrologiques-adressee-a-m-le-chev-de-goulianoff-par-m-klaproth-analyse-critique-de.jpg\",\"contentUrl\":\"https:\/\/www.librairieclavreuil.com\/wp-content\/uploads\/2024\/04\/jean-francois-champollion-lettre-sur-la-decouverte-des-hieroglyphes-acrologiques-adressee-a-m-le-chev-de-goulianoff-par-m-klaproth-analyse-critique-de.jpg\",\"width\":626,\"height\":1034},{\"@type\":\"BreadcrumbList\",\"@id\":\"https:\/\/www.librairieclavreuil.com\/produit\/champollion-jean-francois-lettre-sur-la-decouverte-des-hieroglyphes-acrologiques-adressee-a-m-le-chev-de-goulianoff-par-m-klaproth-analyse-critique-de-cet-ouvrage\/#breadcrumb\",\"itemListElement\":[{\"@type\":\"ListItem\",\"position\":1,\"name\":\"Accueil\",\"item\":\"https:\/\/www.librairieclavreuil.com\/\"},{\"@type\":\"ListItem\",\"position\":2,\"name\":\"All our books\",\"item\":\"https:\/\/www.librairieclavreuil.com\/en\/all-our-books\/\"},{\"@type\":\"ListItem\",\"position\":3,\"name\":\"CHAMPOLLION Jean-Fran\u00e7ois Lettre sur la d\u00e9couverte des hieroglyphes...\"}]},{\"@type\":\"WebSite\",\"@id\":\"https:\/\/www.librairieclavreuil.com\/#website\",\"url\":\"https:\/\/www.librairieclavreuil.com\/\",\"name\":\"Libairie Clavreuil\",\"description\":\"Livres anciens, manuscrits rares et \u00e9ditions originales \u2013 Librairie Clavreuil\",\"publisher\":{\"@id\":\"https:\/\/www.librairieclavreuil.com\/#organization\"},\"potentialAction\":[{\"@type\":\"SearchAction\",\"target\":{\"@type\":\"EntryPoint\",\"urlTemplate\":\"https:\/\/www.librairieclavreuil.com\/?s={search_term_string}\"},\"query-input\":{\"@type\":\"PropertyValueSpecification\",\"valueRequired\":true,\"valueName\":\"search_term_string\"}}],\"inLanguage\":\"en-US\"},{\"@type\":\"Organization\",\"@id\":\"https:\/\/www.librairieclavreuil.com\/#organization\",\"name\":\"Libairie Clavreuil\",\"url\":\"https:\/\/www.librairieclavreuil.com\/\",\"logo\":{\"@type\":\"ImageObject\",\"inLanguage\":\"en-US\",\"@id\":\"https:\/\/www.librairieclavreuil.com\/#\/schema\/logo\/image\/\",\"url\":\"https:\/\/www.librairieclavreuil.com\/wp-content\/uploads\/2021\/06\/cropped-LOGO_PNG_DATE-_gold-512x512-1.png\",\"contentUrl\":\"https:\/\/www.librairieclavreuil.com\/wp-content\/uploads\/2021\/06\/cropped-LOGO_PNG_DATE-_gold-512x512-1.png\",\"width\":512,\"height\":512,\"caption\":\"Libairie Clavreuil\"},\"image\":{\"@id\":\"https:\/\/www.librairieclavreuil.com\/#\/schema\/logo\/image\/\"},\"sameAs\":[\"https:\/\/www.instagram.com\/librairieclavreuil\/\"]}]}<\/script>\n<!-- \/ Yoast SEO plugin. -->","yoast_head_json":{"title":"CHAMPOLLION Jean-Fran\u00e7ois Lettre sur la d\u00e9couverte des hieroglyphes acrologiques adress\u00e9e \u00e0 M le chev. de Goulianoff, par M. Klaproth. Analyse critique de cet ouvrage. - Libairie Clavreuil","robots":{"index":"index","follow":"follow","max-snippet":"max-snippet:-1","max-image-preview":"max-image-preview:large","max-video-preview":"max-video-preview:-1"},"canonical":"https:\/\/www.librairieclavreuil.com\/produit\/champollion-jean-francois-lettre-sur-la-decouverte-des-hieroglyphes-acrologiques-adressee-a-m-le-chev-de-goulianoff-par-m-klaproth-analyse-critique-de-cet-ouvrage\/","og_locale":"en_US","og_type":"article","og_title":"CHAMPOLLION Jean-Fran\u00e7ois Lettre sur la d\u00e9couverte des hieroglyphes acrologiques adress\u00e9e \u00e0 M le chev. de Goulianoff, par M. Klaproth. Analyse critique de cet ouvrage. - Libairie Clavreuil","og_description":"8vo (209 x 130 mm) 11 pp. Disbound, marbled wrappers.","og_url":"https:\/\/www.librairieclavreuil.com\/produit\/champollion-jean-francois-lettre-sur-la-decouverte-des-hieroglyphes-acrologiques-adressee-a-m-le-chev-de-goulianoff-par-m-klaproth-analyse-critique-de-cet-ouvrage\/","og_site_name":"Libairie Clavreuil","article_modified_time":"2024-07-17T14:04:32+00:00","og_image":[{"width":626,"height":1034,"url":"https:\/\/www.librairieclavreuil.com\/wp-content\/uploads\/2024\/04\/jean-francois-champollion-lettre-sur-la-decouverte-des-hieroglyphes-acrologiques-adressee-a-m-le-chev-de-goulianoff-par-m-klaproth-analyse-critique-de.jpg","type":"image\/jpeg"}],"twitter_card":"summary_large_image","twitter_misc":{"Est. reading time":"3 minutes"},"schema":{"@context":"https:\/\/schema.org","@graph":[{"@type":"WebPage","@id":"https:\/\/www.librairieclavreuil.com\/produit\/champollion-jean-francois-lettre-sur-la-decouverte-des-hieroglyphes-acrologiques-adressee-a-m-le-chev-de-goulianoff-par-m-klaproth-analyse-critique-de-cet-ouvrage\/","url":"https:\/\/www.librairieclavreuil.com\/produit\/champollion-jean-francois-lettre-sur-la-decouverte-des-hieroglyphes-acrologiques-adressee-a-m-le-chev-de-goulianoff-par-m-klaproth-analyse-critique-de-cet-ouvrage\/","name":"CHAMPOLLION Jean-Fran\u00e7ois Lettre sur la d\u00e9couverte des hieroglyphes acrologiques adress\u00e9e \u00e0 M le chev. de Goulianoff, par M. Klaproth. Analyse critique de cet ouvrage. - Libairie Clavreuil","isPartOf":{"@id":"https:\/\/www.librairieclavreuil.com\/#website"},"primaryImageOfPage":{"@id":"https:\/\/www.librairieclavreuil.com\/produit\/champollion-jean-francois-lettre-sur-la-decouverte-des-hieroglyphes-acrologiques-adressee-a-m-le-chev-de-goulianoff-par-m-klaproth-analyse-critique-de-cet-ouvrage\/#primaryimage"},"image":{"@id":"https:\/\/www.librairieclavreuil.com\/produit\/champollion-jean-francois-lettre-sur-la-decouverte-des-hieroglyphes-acrologiques-adressee-a-m-le-chev-de-goulianoff-par-m-klaproth-analyse-critique-de-cet-ouvrage\/#primaryimage"},"thumbnailUrl":"https:\/\/www.librairieclavreuil.com\/wp-content\/uploads\/2024\/04\/jean-francois-champollion-lettre-sur-la-decouverte-des-hieroglyphes-acrologiques-adressee-a-m-le-chev-de-goulianoff-par-m-klaproth-analyse-critique-de.jpg","datePublished":"2024-04-24T10:29:02+00:00","dateModified":"2024-07-17T14:04:32+00:00","breadcrumb":{"@id":"https:\/\/www.librairieclavreuil.com\/produit\/champollion-jean-francois-lettre-sur-la-decouverte-des-hieroglyphes-acrologiques-adressee-a-m-le-chev-de-goulianoff-par-m-klaproth-analyse-critique-de-cet-ouvrage\/#breadcrumb"},"inLanguage":"en-US","potentialAction":[{"@type":"ReadAction","target":["https:\/\/www.librairieclavreuil.com\/produit\/champollion-jean-francois-lettre-sur-la-decouverte-des-hieroglyphes-acrologiques-adressee-a-m-le-chev-de-goulianoff-par-m-klaproth-analyse-critique-de-cet-ouvrage\/"]}]},{"@type":"ImageObject","inLanguage":"en-US","@id":"https:\/\/www.librairieclavreuil.com\/produit\/champollion-jean-francois-lettre-sur-la-decouverte-des-hieroglyphes-acrologiques-adressee-a-m-le-chev-de-goulianoff-par-m-klaproth-analyse-critique-de-cet-ouvrage\/#primaryimage","url":"https:\/\/www.librairieclavreuil.com\/wp-content\/uploads\/2024\/04\/jean-francois-champollion-lettre-sur-la-decouverte-des-hieroglyphes-acrologiques-adressee-a-m-le-chev-de-goulianoff-par-m-klaproth-analyse-critique-de.jpg","contentUrl":"https:\/\/www.librairieclavreuil.com\/wp-content\/uploads\/2024\/04\/jean-francois-champollion-lettre-sur-la-decouverte-des-hieroglyphes-acrologiques-adressee-a-m-le-chev-de-goulianoff-par-m-klaproth-analyse-critique-de.jpg","width":626,"height":1034},{"@type":"BreadcrumbList","@id":"https:\/\/www.librairieclavreuil.com\/produit\/champollion-jean-francois-lettre-sur-la-decouverte-des-hieroglyphes-acrologiques-adressee-a-m-le-chev-de-goulianoff-par-m-klaproth-analyse-critique-de-cet-ouvrage\/#breadcrumb","itemListElement":[{"@type":"ListItem","position":1,"name":"Accueil","item":"https:\/\/www.librairieclavreuil.com\/"},{"@type":"ListItem","position":2,"name":"All our books","item":"https:\/\/www.librairieclavreuil.com\/en\/all-our-books\/"},{"@type":"ListItem","position":3,"name":"CHAMPOLLION Jean-Fran\u00e7ois Lettre sur la d\u00e9couverte des hieroglyphes..."}]},{"@type":"WebSite","@id":"https:\/\/www.librairieclavreuil.com\/#website","url":"https:\/\/www.librairieclavreuil.com\/","name":"Libairie Clavreuil","description":"Livres anciens, manuscrits rares et \u00e9ditions originales \u2013 Librairie Clavreuil","publisher":{"@id":"https:\/\/www.librairieclavreuil.com\/#organization"},"potentialAction":[{"@type":"SearchAction","target":{"@type":"EntryPoint","urlTemplate":"https:\/\/www.librairieclavreuil.com\/?s={search_term_string}"},"query-input":{"@type":"PropertyValueSpecification","valueRequired":true,"valueName":"search_term_string"}}],"inLanguage":"en-US"},{"@type":"Organization","@id":"https:\/\/www.librairieclavreuil.com\/#organization","name":"Libairie Clavreuil","url":"https:\/\/www.librairieclavreuil.com\/","logo":{"@type":"ImageObject","inLanguage":"en-US","@id":"https:\/\/www.librairieclavreuil.com\/#\/schema\/logo\/image\/","url":"https:\/\/www.librairieclavreuil.com\/wp-content\/uploads\/2021\/06\/cropped-LOGO_PNG_DATE-_gold-512x512-1.png","contentUrl":"https:\/\/www.librairieclavreuil.com\/wp-content\/uploads\/2021\/06\/cropped-LOGO_PNG_DATE-_gold-512x512-1.png","width":512,"height":512,"caption":"Libairie Clavreuil"},"image":{"@id":"https:\/\/www.librairieclavreuil.com\/#\/schema\/logo\/image\/"},"sameAs":["https:\/\/www.instagram.com\/librairieclavreuil\/"]}]}},"jetpack_sharing_enabled":true,"_links":{"self":[{"href":"https:\/\/www.librairieclavreuil.com\/en\/wp-json\/wp\/v2\/product\/75117","targetHints":{"allow":["GET"]}}],"collection":[{"href":"https:\/\/www.librairieclavreuil.com\/en\/wp-json\/wp\/v2\/product"}],"about":[{"href":"https:\/\/www.librairieclavreuil.com\/en\/wp-json\/wp\/v2\/types\/product"}],"replies":[{"embeddable":true,"href":"https:\/\/www.librairieclavreuil.com\/en\/wp-json\/wp\/v2\/comments?post=75117"}],"wp:featuredmedia":[{"embeddable":true,"href":"https:\/\/www.librairieclavreuil.com\/en\/wp-json\/wp\/v2\/media\/75114"}],"wp:attachment":[{"href":"https:\/\/www.librairieclavreuil.com\/en\/wp-json\/wp\/v2\/media?parent=75117"}],"wp:term":[{"taxonomy":"product_brand","embeddable":true,"href":"https:\/\/www.librairieclavreuil.com\/en\/wp-json\/wp\/v2\/product_brand?post=75117"},{"taxonomy":"product_cat","embeddable":true,"href":"https:\/\/www.librairieclavreuil.com\/en\/wp-json\/wp\/v2\/product_cat?post=75117"},{"taxonomy":"product_tag","embeddable":true,"href":"https:\/\/www.librairieclavreuil.com\/en\/wp-json\/wp\/v2\/product_tag?post=75117"}],"curies":[{"name":"wp","href":"https:\/\/api.w.org\/{rel}","templated":true}]}}