{"id":75109,"date":"2024-04-24T12:28:01","date_gmt":"2024-04-24T10:28:01","guid":{"rendered":"https:\/\/clavreuil-wordpress.logiciel-arteo.fr\/lanjuinais-jean-denis-illustrazione-duno-zodiaco-orientale-eclaircissements-sur-un-zodiaque-oriental-du-cabinet-des-medailles-de-la-bibliotheque-imperiale-de-paris-recemment-decouvert-sur-les\/"},"modified":"2024-07-17T16:03:34","modified_gmt":"2024-07-17T14:03:34","slug":"lanjuinais-jean-denis-illustrazione-duno-zodiaco-orientale-eclaircissements-sur-un-zodiaque-oriental-du-cabinet-des-medailles-de-la-bibliotheque-imperiale-de-paris-recemment-decouvert-sur-les","status":"publish","type":"product","link":"https:\/\/www.librairieclavreuil.com\/en\/lanjuinais-jean-denis-illustrazione-duno-zodiaco-orientale-eclaircissements-sur-un-zodiaque-oriental-du-cabinet-des-medailles-de-la-bibliotheque-imperiale-de-paris-recemment-decouvert-sur-les\/","title":{"rendered":"LANJUINAIS Jean-Denis Illustrazione d&#8217;uno Zodiaco orientale&#8230; \u00c9claircissements sur..."},"content":{"rendered":"<p style=\"text-align:justify\">Off-print from: <i>Moniteur,<\/i> no 337, An 1811.<\/p>\n<p style=\"text-align:justify\">Critical essay by Jean-Ren\u00e9 Lanjuinais (1753-1827), French lawyer and politic from the city of Rennes. His work concerns a recent work by Hager on the discovery of a Babylonian relief depicting a zodiac and is in praise of the knowledge of its author.<\/p>\n<p style=\"text-align:justify\">&#8220;Rien n&#8217;est plus propre \u00e0 exciter la curiosit\u00e9 que l&#8217;annonce d&#8217;un ancien zodiaque oriental, et surtout d&#8217;un zodiaque tel que celui-ci, d\u00e9couvert dans la Babylone&#8230; Les personnes impartiales conviendront aussi, que M. Hager, auteur de tant d&#8217;ouvrages, en diverses langues de l&#8217;Europe, sur les sujets les plus piquans de la litt\u00e9rature orientale, est assez connu par ses doctes veilles, pour que son nom ajoute \u00e0 l&#8217;int\u00e9r\u00eat que fait na\u00eetre le titre de ce nouveau livre&#8230; Des Fran\u00e7ais de l&#8217;exp\u00e9dition d&#8217;Egypte ont cru appercevoir dans les fameux zodiaques de Dendera et d&#8217;Esn\u00e9 de quoi appuyer les hypoth\u00e8ses hardies du membre de l&#8217;Institut que nous avons d\u00e9sign\u00e9&#8230; La nouveaut\u00e9 relative des deux zodiaques trouv\u00e9s en Egypte a \u00e9t\u00e9 soutenue par les plus habiles antiquaires, et particuli\u00e8rement celle du zodiaque de Dendera, par le c\u00e9l\u00e8bre M. Visconti, membre de l&#8217;Institut&#8230; Ce nouveau livre est l&#8217;utile r\u00e9sultat de rares connaissances, d&#8217;une longue m\u00e9ditation, d&#8217;une grande sagacit\u00e9 et d&#8217;un long travail&#8221;.<\/p>\n<p style=\"text-align:justify\">Provenance: Encyclop\u00e9die B\u00e9n\u00e9dictine (library stramp).<\/p>\n","protected":false},"excerpt":{"rendered":"<p style=\"text-align:justify\">8vo (188 x 119 mm) 16 pp. Disbound.<\/p>\n","protected":false},"featured_media":75106,"comment_status":"open","ping_status":"closed","template":"","meta":{"_acf_changed":false},"product_brand":[],"product_cat":[552],"product_tag":[1355],"class_list":{"0":"post-75109","1":"product","2":"type-product","3":"status-publish","4":"has-post-thumbnail","6":"product_cat-travel","7":"product_tag-egypt-ethiopia","8":"pa_auteur-lanjuinais-jean-denis-2","9":"pa_type-de-livre-printed-book","11":"first","12":"instock","13":"shipping-taxable","14":"purchasable","15":"product-type-simple"},"acf":{"artist":" Jean-Denis LANJUINAIS","chapeau":"","adresse_bibliographique":"Paris, le Moniteur, 1811","book_type":"Printed book","provenance":"","afficher_prix":""},"yoast_head":"<!-- This site is optimized with the Yoast SEO plugin v24.7 - https:\/\/yoast.com\/wordpress\/plugins\/seo\/ -->\n<title>LANJUINAIS Jean-Denis Illustrazione d&#039;uno Zodiaco orientale... \u00c9claircissements sur un Zodiaque oriental, du cabinet des m\u00e9dailles de la Biblioth\u00e8que imp\u00e9riale de Paris, r\u00e9cemment d\u00e9couvert sur les bords du Tigre, non loin des ruines de Babylone, par Joseph Hager. - Libairie Clavreuil<\/title>\n<meta name=\"robots\" content=\"index, follow, max-snippet:-1, max-image-preview:large, max-video-preview:-1\" \/>\n<link rel=\"canonical\" href=\"https:\/\/www.librairieclavreuil.com\/produit\/lanjuinais-jean-denis-illustrazione-duno-zodiaco-orientale-eclaircissements-sur-un-zodiaque-oriental-du-cabinet-des-medailles-de-la-bibliotheque-imperiale-de-paris-recemment-decouvert-sur-les\/\" \/>\n<meta property=\"og:locale\" content=\"en_US\" \/>\n<meta property=\"og:type\" content=\"article\" \/>\n<meta property=\"og:title\" content=\"LANJUINAIS Jean-Denis Illustrazione d&#039;uno Zodiaco orientale... \u00c9claircissements sur un Zodiaque oriental, du cabinet des m\u00e9dailles de la Biblioth\u00e8que imp\u00e9riale de Paris, r\u00e9cemment d\u00e9couvert sur les bords du Tigre, non loin des ruines de Babylone, par Joseph Hager. - Libairie Clavreuil\" \/>\n<meta property=\"og:description\" content=\"8vo (188 x 119 mm) 16 pp. Disbound.\" \/>\n<meta property=\"og:url\" content=\"https:\/\/www.librairieclavreuil.com\/produit\/lanjuinais-jean-denis-illustrazione-duno-zodiaco-orientale-eclaircissements-sur-un-zodiaque-oriental-du-cabinet-des-medailles-de-la-bibliotheque-imperiale-de-paris-recemment-decouvert-sur-les\/\" \/>\n<meta property=\"og:site_name\" content=\"Libairie Clavreuil\" \/>\n<meta property=\"article:modified_time\" content=\"2024-07-17T14:03:34+00:00\" \/>\n<meta property=\"og:image\" content=\"https:\/\/www.librairieclavreuil.com\/wp-content\/uploads\/2024\/04\/jean-denis-lanjuinais-illustrazione-d-uno-zodiaco-orientale-eclaircissements-sur-un-zodiaque-oriental-du-cabinet-des-medailles-de-la-bibliotheque-impe.jpg\" \/>\n\t<meta property=\"og:image:width\" content=\"850\" \/>\n\t<meta property=\"og:image:height\" content=\"1354\" \/>\n\t<meta property=\"og:image:type\" content=\"image\/jpeg\" \/>\n<meta name=\"twitter:card\" content=\"summary_large_image\" \/>\n<meta name=\"twitter:label1\" content=\"Est. reading time\" \/>\n\t<meta name=\"twitter:data1\" content=\"1 minute\" \/>\n<script type=\"application\/ld+json\" class=\"yoast-schema-graph\">{\"@context\":\"https:\/\/schema.org\",\"@graph\":[{\"@type\":\"WebPage\",\"@id\":\"https:\/\/www.librairieclavreuil.com\/produit\/lanjuinais-jean-denis-illustrazione-duno-zodiaco-orientale-eclaircissements-sur-un-zodiaque-oriental-du-cabinet-des-medailles-de-la-bibliotheque-imperiale-de-paris-recemment-decouvert-sur-les\/\",\"url\":\"https:\/\/www.librairieclavreuil.com\/produit\/lanjuinais-jean-denis-illustrazione-duno-zodiaco-orientale-eclaircissements-sur-un-zodiaque-oriental-du-cabinet-des-medailles-de-la-bibliotheque-imperiale-de-paris-recemment-decouvert-sur-les\/\",\"name\":\"LANJUINAIS Jean-Denis Illustrazione d'uno Zodiaco orientale... \u00c9claircissements sur un Zodiaque oriental, du cabinet des m\u00e9dailles de la Biblioth\u00e8que imp\u00e9riale de Paris, r\u00e9cemment d\u00e9couvert sur les bords du Tigre, non loin des ruines de Babylone, par Joseph Hager. - Libairie Clavreuil\",\"isPartOf\":{\"@id\":\"https:\/\/www.librairieclavreuil.com\/#website\"},\"primaryImageOfPage\":{\"@id\":\"https:\/\/www.librairieclavreuil.com\/produit\/lanjuinais-jean-denis-illustrazione-duno-zodiaco-orientale-eclaircissements-sur-un-zodiaque-oriental-du-cabinet-des-medailles-de-la-bibliotheque-imperiale-de-paris-recemment-decouvert-sur-les\/#primaryimage\"},\"image\":{\"@id\":\"https:\/\/www.librairieclavreuil.com\/produit\/lanjuinais-jean-denis-illustrazione-duno-zodiaco-orientale-eclaircissements-sur-un-zodiaque-oriental-du-cabinet-des-medailles-de-la-bibliotheque-imperiale-de-paris-recemment-decouvert-sur-les\/#primaryimage\"},\"thumbnailUrl\":\"https:\/\/www.librairieclavreuil.com\/wp-content\/uploads\/2024\/04\/jean-denis-lanjuinais-illustrazione-d-uno-zodiaco-orientale-eclaircissements-sur-un-zodiaque-oriental-du-cabinet-des-medailles-de-la-bibliotheque-impe.jpg\",\"datePublished\":\"2024-04-24T10:28:01+00:00\",\"dateModified\":\"2024-07-17T14:03:34+00:00\",\"breadcrumb\":{\"@id\":\"https:\/\/www.librairieclavreuil.com\/produit\/lanjuinais-jean-denis-illustrazione-duno-zodiaco-orientale-eclaircissements-sur-un-zodiaque-oriental-du-cabinet-des-medailles-de-la-bibliotheque-imperiale-de-paris-recemment-decouvert-sur-les\/#breadcrumb\"},\"inLanguage\":\"en-US\",\"potentialAction\":[{\"@type\":\"ReadAction\",\"target\":[\"https:\/\/www.librairieclavreuil.com\/produit\/lanjuinais-jean-denis-illustrazione-duno-zodiaco-orientale-eclaircissements-sur-un-zodiaque-oriental-du-cabinet-des-medailles-de-la-bibliotheque-imperiale-de-paris-recemment-decouvert-sur-les\/\"]}]},{\"@type\":\"ImageObject\",\"inLanguage\":\"en-US\",\"@id\":\"https:\/\/www.librairieclavreuil.com\/produit\/lanjuinais-jean-denis-illustrazione-duno-zodiaco-orientale-eclaircissements-sur-un-zodiaque-oriental-du-cabinet-des-medailles-de-la-bibliotheque-imperiale-de-paris-recemment-decouvert-sur-les\/#primaryimage\",\"url\":\"https:\/\/www.librairieclavreuil.com\/wp-content\/uploads\/2024\/04\/jean-denis-lanjuinais-illustrazione-d-uno-zodiaco-orientale-eclaircissements-sur-un-zodiaque-oriental-du-cabinet-des-medailles-de-la-bibliotheque-impe.jpg\",\"contentUrl\":\"https:\/\/www.librairieclavreuil.com\/wp-content\/uploads\/2024\/04\/jean-denis-lanjuinais-illustrazione-d-uno-zodiaco-orientale-eclaircissements-sur-un-zodiaque-oriental-du-cabinet-des-medailles-de-la-bibliotheque-impe.jpg\",\"width\":850,\"height\":1354},{\"@type\":\"BreadcrumbList\",\"@id\":\"https:\/\/www.librairieclavreuil.com\/produit\/lanjuinais-jean-denis-illustrazione-duno-zodiaco-orientale-eclaircissements-sur-un-zodiaque-oriental-du-cabinet-des-medailles-de-la-bibliotheque-imperiale-de-paris-recemment-decouvert-sur-les\/#breadcrumb\",\"itemListElement\":[{\"@type\":\"ListItem\",\"position\":1,\"name\":\"Accueil\",\"item\":\"https:\/\/www.librairieclavreuil.com\/\"},{\"@type\":\"ListItem\",\"position\":2,\"name\":\"All our books\",\"item\":\"https:\/\/www.librairieclavreuil.com\/en\/all-our-books\/\"},{\"@type\":\"ListItem\",\"position\":3,\"name\":\"LANJUINAIS Jean-Denis Illustrazione d&rsquo;uno Zodiaco orientale&#8230; \u00c9claircissements sur...\"}]},{\"@type\":\"WebSite\",\"@id\":\"https:\/\/www.librairieclavreuil.com\/#website\",\"url\":\"https:\/\/www.librairieclavreuil.com\/\",\"name\":\"Libairie Clavreuil\",\"description\":\"Livres anciens, manuscrits rares et \u00e9ditions originales \u2013 Librairie Clavreuil\",\"publisher\":{\"@id\":\"https:\/\/www.librairieclavreuil.com\/#organization\"},\"potentialAction\":[{\"@type\":\"SearchAction\",\"target\":{\"@type\":\"EntryPoint\",\"urlTemplate\":\"https:\/\/www.librairieclavreuil.com\/?s={search_term_string}\"},\"query-input\":{\"@type\":\"PropertyValueSpecification\",\"valueRequired\":true,\"valueName\":\"search_term_string\"}}],\"inLanguage\":\"en-US\"},{\"@type\":\"Organization\",\"@id\":\"https:\/\/www.librairieclavreuil.com\/#organization\",\"name\":\"Libairie Clavreuil\",\"url\":\"https:\/\/www.librairieclavreuil.com\/\",\"logo\":{\"@type\":\"ImageObject\",\"inLanguage\":\"en-US\",\"@id\":\"https:\/\/www.librairieclavreuil.com\/#\/schema\/logo\/image\/\",\"url\":\"https:\/\/www.librairieclavreuil.com\/wp-content\/uploads\/2021\/06\/cropped-LOGO_PNG_DATE-_gold-512x512-1.png\",\"contentUrl\":\"https:\/\/www.librairieclavreuil.com\/wp-content\/uploads\/2021\/06\/cropped-LOGO_PNG_DATE-_gold-512x512-1.png\",\"width\":512,\"height\":512,\"caption\":\"Libairie Clavreuil\"},\"image\":{\"@id\":\"https:\/\/www.librairieclavreuil.com\/#\/schema\/logo\/image\/\"},\"sameAs\":[\"https:\/\/www.instagram.com\/librairieclavreuil\/\"]}]}<\/script>\n<!-- \/ Yoast SEO plugin. -->","yoast_head_json":{"title":"LANJUINAIS Jean-Denis Illustrazione d'uno Zodiaco orientale... \u00c9claircissements sur un Zodiaque oriental, du cabinet des m\u00e9dailles de la Biblioth\u00e8que imp\u00e9riale de Paris, r\u00e9cemment d\u00e9couvert sur les bords du Tigre, non loin des ruines de Babylone, par Joseph Hager. - Libairie Clavreuil","robots":{"index":"index","follow":"follow","max-snippet":"max-snippet:-1","max-image-preview":"max-image-preview:large","max-video-preview":"max-video-preview:-1"},"canonical":"https:\/\/www.librairieclavreuil.com\/produit\/lanjuinais-jean-denis-illustrazione-duno-zodiaco-orientale-eclaircissements-sur-un-zodiaque-oriental-du-cabinet-des-medailles-de-la-bibliotheque-imperiale-de-paris-recemment-decouvert-sur-les\/","og_locale":"en_US","og_type":"article","og_title":"LANJUINAIS Jean-Denis Illustrazione d'uno Zodiaco orientale... \u00c9claircissements sur un Zodiaque oriental, du cabinet des m\u00e9dailles de la Biblioth\u00e8que imp\u00e9riale de Paris, r\u00e9cemment d\u00e9couvert sur les bords du Tigre, non loin des ruines de Babylone, par Joseph Hager. - Libairie Clavreuil","og_description":"8vo (188 x 119 mm) 16 pp. Disbound.","og_url":"https:\/\/www.librairieclavreuil.com\/produit\/lanjuinais-jean-denis-illustrazione-duno-zodiaco-orientale-eclaircissements-sur-un-zodiaque-oriental-du-cabinet-des-medailles-de-la-bibliotheque-imperiale-de-paris-recemment-decouvert-sur-les\/","og_site_name":"Libairie Clavreuil","article_modified_time":"2024-07-17T14:03:34+00:00","og_image":[{"width":850,"height":1354,"url":"https:\/\/www.librairieclavreuil.com\/wp-content\/uploads\/2024\/04\/jean-denis-lanjuinais-illustrazione-d-uno-zodiaco-orientale-eclaircissements-sur-un-zodiaque-oriental-du-cabinet-des-medailles-de-la-bibliotheque-impe.jpg","type":"image\/jpeg"}],"twitter_card":"summary_large_image","twitter_misc":{"Est. reading time":"1 minute"},"schema":{"@context":"https:\/\/schema.org","@graph":[{"@type":"WebPage","@id":"https:\/\/www.librairieclavreuil.com\/produit\/lanjuinais-jean-denis-illustrazione-duno-zodiaco-orientale-eclaircissements-sur-un-zodiaque-oriental-du-cabinet-des-medailles-de-la-bibliotheque-imperiale-de-paris-recemment-decouvert-sur-les\/","url":"https:\/\/www.librairieclavreuil.com\/produit\/lanjuinais-jean-denis-illustrazione-duno-zodiaco-orientale-eclaircissements-sur-un-zodiaque-oriental-du-cabinet-des-medailles-de-la-bibliotheque-imperiale-de-paris-recemment-decouvert-sur-les\/","name":"LANJUINAIS Jean-Denis Illustrazione d'uno Zodiaco orientale... \u00c9claircissements sur un Zodiaque oriental, du cabinet des m\u00e9dailles de la Biblioth\u00e8que imp\u00e9riale de Paris, r\u00e9cemment d\u00e9couvert sur les bords du Tigre, non loin des ruines de Babylone, par Joseph Hager. - Libairie Clavreuil","isPartOf":{"@id":"https:\/\/www.librairieclavreuil.com\/#website"},"primaryImageOfPage":{"@id":"https:\/\/www.librairieclavreuil.com\/produit\/lanjuinais-jean-denis-illustrazione-duno-zodiaco-orientale-eclaircissements-sur-un-zodiaque-oriental-du-cabinet-des-medailles-de-la-bibliotheque-imperiale-de-paris-recemment-decouvert-sur-les\/#primaryimage"},"image":{"@id":"https:\/\/www.librairieclavreuil.com\/produit\/lanjuinais-jean-denis-illustrazione-duno-zodiaco-orientale-eclaircissements-sur-un-zodiaque-oriental-du-cabinet-des-medailles-de-la-bibliotheque-imperiale-de-paris-recemment-decouvert-sur-les\/#primaryimage"},"thumbnailUrl":"https:\/\/www.librairieclavreuil.com\/wp-content\/uploads\/2024\/04\/jean-denis-lanjuinais-illustrazione-d-uno-zodiaco-orientale-eclaircissements-sur-un-zodiaque-oriental-du-cabinet-des-medailles-de-la-bibliotheque-impe.jpg","datePublished":"2024-04-24T10:28:01+00:00","dateModified":"2024-07-17T14:03:34+00:00","breadcrumb":{"@id":"https:\/\/www.librairieclavreuil.com\/produit\/lanjuinais-jean-denis-illustrazione-duno-zodiaco-orientale-eclaircissements-sur-un-zodiaque-oriental-du-cabinet-des-medailles-de-la-bibliotheque-imperiale-de-paris-recemment-decouvert-sur-les\/#breadcrumb"},"inLanguage":"en-US","potentialAction":[{"@type":"ReadAction","target":["https:\/\/www.librairieclavreuil.com\/produit\/lanjuinais-jean-denis-illustrazione-duno-zodiaco-orientale-eclaircissements-sur-un-zodiaque-oriental-du-cabinet-des-medailles-de-la-bibliotheque-imperiale-de-paris-recemment-decouvert-sur-les\/"]}]},{"@type":"ImageObject","inLanguage":"en-US","@id":"https:\/\/www.librairieclavreuil.com\/produit\/lanjuinais-jean-denis-illustrazione-duno-zodiaco-orientale-eclaircissements-sur-un-zodiaque-oriental-du-cabinet-des-medailles-de-la-bibliotheque-imperiale-de-paris-recemment-decouvert-sur-les\/#primaryimage","url":"https:\/\/www.librairieclavreuil.com\/wp-content\/uploads\/2024\/04\/jean-denis-lanjuinais-illustrazione-d-uno-zodiaco-orientale-eclaircissements-sur-un-zodiaque-oriental-du-cabinet-des-medailles-de-la-bibliotheque-impe.jpg","contentUrl":"https:\/\/www.librairieclavreuil.com\/wp-content\/uploads\/2024\/04\/jean-denis-lanjuinais-illustrazione-d-uno-zodiaco-orientale-eclaircissements-sur-un-zodiaque-oriental-du-cabinet-des-medailles-de-la-bibliotheque-impe.jpg","width":850,"height":1354},{"@type":"BreadcrumbList","@id":"https:\/\/www.librairieclavreuil.com\/produit\/lanjuinais-jean-denis-illustrazione-duno-zodiaco-orientale-eclaircissements-sur-un-zodiaque-oriental-du-cabinet-des-medailles-de-la-bibliotheque-imperiale-de-paris-recemment-decouvert-sur-les\/#breadcrumb","itemListElement":[{"@type":"ListItem","position":1,"name":"Accueil","item":"https:\/\/www.librairieclavreuil.com\/"},{"@type":"ListItem","position":2,"name":"All our books","item":"https:\/\/www.librairieclavreuil.com\/en\/all-our-books\/"},{"@type":"ListItem","position":3,"name":"LANJUINAIS Jean-Denis Illustrazione d&rsquo;uno Zodiaco orientale&#8230; \u00c9claircissements sur..."}]},{"@type":"WebSite","@id":"https:\/\/www.librairieclavreuil.com\/#website","url":"https:\/\/www.librairieclavreuil.com\/","name":"Libairie Clavreuil","description":"Livres anciens, manuscrits rares et \u00e9ditions originales \u2013 Librairie Clavreuil","publisher":{"@id":"https:\/\/www.librairieclavreuil.com\/#organization"},"potentialAction":[{"@type":"SearchAction","target":{"@type":"EntryPoint","urlTemplate":"https:\/\/www.librairieclavreuil.com\/?s={search_term_string}"},"query-input":{"@type":"PropertyValueSpecification","valueRequired":true,"valueName":"search_term_string"}}],"inLanguage":"en-US"},{"@type":"Organization","@id":"https:\/\/www.librairieclavreuil.com\/#organization","name":"Libairie Clavreuil","url":"https:\/\/www.librairieclavreuil.com\/","logo":{"@type":"ImageObject","inLanguage":"en-US","@id":"https:\/\/www.librairieclavreuil.com\/#\/schema\/logo\/image\/","url":"https:\/\/www.librairieclavreuil.com\/wp-content\/uploads\/2021\/06\/cropped-LOGO_PNG_DATE-_gold-512x512-1.png","contentUrl":"https:\/\/www.librairieclavreuil.com\/wp-content\/uploads\/2021\/06\/cropped-LOGO_PNG_DATE-_gold-512x512-1.png","width":512,"height":512,"caption":"Libairie Clavreuil"},"image":{"@id":"https:\/\/www.librairieclavreuil.com\/#\/schema\/logo\/image\/"},"sameAs":["https:\/\/www.instagram.com\/librairieclavreuil\/"]}]}},"jetpack_sharing_enabled":true,"_links":{"self":[{"href":"https:\/\/www.librairieclavreuil.com\/en\/wp-json\/wp\/v2\/product\/75109","targetHints":{"allow":["GET"]}}],"collection":[{"href":"https:\/\/www.librairieclavreuil.com\/en\/wp-json\/wp\/v2\/product"}],"about":[{"href":"https:\/\/www.librairieclavreuil.com\/en\/wp-json\/wp\/v2\/types\/product"}],"replies":[{"embeddable":true,"href":"https:\/\/www.librairieclavreuil.com\/en\/wp-json\/wp\/v2\/comments?post=75109"}],"wp:featuredmedia":[{"embeddable":true,"href":"https:\/\/www.librairieclavreuil.com\/en\/wp-json\/wp\/v2\/media\/75106"}],"wp:attachment":[{"href":"https:\/\/www.librairieclavreuil.com\/en\/wp-json\/wp\/v2\/media?parent=75109"}],"wp:term":[{"taxonomy":"product_brand","embeddable":true,"href":"https:\/\/www.librairieclavreuil.com\/en\/wp-json\/wp\/v2\/product_brand?post=75109"},{"taxonomy":"product_cat","embeddable":true,"href":"https:\/\/www.librairieclavreuil.com\/en\/wp-json\/wp\/v2\/product_cat?post=75109"},{"taxonomy":"product_tag","embeddable":true,"href":"https:\/\/www.librairieclavreuil.com\/en\/wp-json\/wp\/v2\/product_tag?post=75109"}],"curies":[{"name":"wp","href":"https:\/\/api.w.org\/{rel}","templated":true}]}}