{"id":75095,"date":"2024-04-24T12:26:23","date_gmt":"2024-04-24T10:26:23","guid":{"rendered":"https:\/\/clavreuil-wordpress.logiciel-arteo.fr\/silvestre-de-sacy-grammaire-arabe-a-lusage-des-eleves-de-lecole-speciale-des-langues-orientales-vivantes\/"},"modified":"2024-07-17T16:03:02","modified_gmt":"2024-07-17T14:03:02","slug":"silvestre-de-sacy-grammaire-arabe-a-lusage-des-eleves-de-lecole-speciale-des-langues-orientales-vivantes","status":"publish","type":"product","link":"https:\/\/www.librairieclavreuil.com\/en\/silvestre-de-sacy-grammaire-arabe-a-lusage-des-eleves-de-lecole-speciale-des-langues-orientales-vivantes\/","title":{"rendered":"SILVESTRE DE SACY Grammaire arabe \u00e0 l&#8217;usage des..."},"content":{"rendered":"<p style=\"text-align:justify\"><i>Not in Blackmer or Atabey (neither first, nor second edition).<\/i><\/p>\n<p style=\"text-align:justify\">Second edition of this very important Arabic grammar.<\/p>\n<p style=\"text-align:justify\">Antoine-Isaac Silvestre de Sacy (1758-1838), a French linguist and orientalist, discovered at an early age his preference for oriental languages. He was the first Frenchman to attempt to read the Rosetta stone and eventually made some progress in identifying proper names in the demotic inscriptions.<\/p>\n<p style=\"text-align:justify\">From 1807 to 1809 he was the teacher of Jean-Fran\u00e7ois Champollion, but their relationship would not endure for long as their political credos were opposed &#8211; Champollion being sympathetic for Napoleon while Silvestre de Sacy was a Royalist.<\/p>\n<p style=\"text-align:justify\">This second, enlarged edition, contains for the first time the Trait\u00e9 de la prosodie et de la m\u00e9trique des Arabes.<\/p>\n<p style=\"text-align:justify\">Some occasional foxing, else fine.<\/p>\n","protected":false},"excerpt":{"rendered":"<p style=\"text-align:justify\">2 volumes, 8vo (231 x 147 mm) XX, 608 pp., 8 engraved plates and 11 tables for volume I; XII, 697 pp., 2 tables for volume II. Publisher&#8217;s blue boards, printed spine labels.<\/p>\n","protected":false},"featured_media":75088,"comment_status":"open","ping_status":"closed","template":"","meta":{"_acf_changed":false},"product_brand":[],"product_cat":[544],"product_tag":[1254,1357],"class_list":{"0":"post-75095","1":"product","2":"type-product","3":"status-publish","4":"has-post-thumbnail","6":"product_cat-literature","7":"product_tag-arabic","8":"product_tag-maghreb-2","9":"pa_auteur-silvestre-de-sacy-2","10":"pa_type-de-livre-printed-book","12":"first","13":"instock","14":"shipping-taxable","15":"purchasable","16":"product-type-simple"},"acf":{"artist":" SILVESTRE DE SACY","chapeau":"","adresse_bibliographique":"Paris, Imprimerie Royale, 1831","book_type":"Printed book","provenance":"","afficher_prix":""},"yoast_head":"<!-- This site is optimized with the Yoast SEO plugin v24.7 - https:\/\/yoast.com\/wordpress\/plugins\/seo\/ -->\n<title>SILVESTRE DE SACY  Grammaire arabe \u00e0 l&#039;usage des \u00e9l\u00e8ves de l&#039;Ecole sp\u00e9ciale des langues orientales vivantes. - Libairie Clavreuil<\/title>\n<meta name=\"robots\" content=\"index, follow, max-snippet:-1, max-image-preview:large, max-video-preview:-1\" \/>\n<link rel=\"canonical\" href=\"https:\/\/www.librairieclavreuil.com\/produit\/silvestre-de-sacy-grammaire-arabe-a-lusage-des-eleves-de-lecole-speciale-des-langues-orientales-vivantes\/\" \/>\n<meta property=\"og:locale\" content=\"en_US\" \/>\n<meta property=\"og:type\" content=\"article\" \/>\n<meta property=\"og:title\" content=\"SILVESTRE DE SACY  Grammaire arabe \u00e0 l&#039;usage des \u00e9l\u00e8ves de l&#039;Ecole sp\u00e9ciale des langues orientales vivantes. - Libairie Clavreuil\" \/>\n<meta property=\"og:description\" content=\"2 volumes, 8vo (231 x 147 mm) XX, 608 pp., 8 engraved plates and 11 tables for volume I; XII, 697 pp., 2 tables for volume II. Publisher&#039;s blue boards, printed spine labels.\" \/>\n<meta property=\"og:url\" content=\"https:\/\/www.librairieclavreuil.com\/produit\/silvestre-de-sacy-grammaire-arabe-a-lusage-des-eleves-de-lecole-speciale-des-langues-orientales-vivantes\/\" \/>\n<meta property=\"og:site_name\" content=\"Libairie Clavreuil\" \/>\n<meta property=\"article:modified_time\" content=\"2024-07-17T14:03:02+00:00\" \/>\n<meta property=\"og:image\" content=\"https:\/\/www.librairieclavreuil.com\/wp-content\/uploads\/2024\/04\/silvestre-de-sacy-grammaire-arabe-a-l-usage-des-eleves-de-l-ecole-speciale-des-langues-orientales-vivantes-2945-65e746b7d6fd5-scaled.jpg\" \/>\n\t<meta property=\"og:image:width\" content=\"2560\" \/>\n\t<meta property=\"og:image:height\" content=\"2150\" \/>\n\t<meta property=\"og:image:type\" content=\"image\/jpeg\" \/>\n<meta name=\"twitter:card\" content=\"summary_large_image\" \/>\n<meta name=\"twitter:label1\" content=\"Est. reading time\" \/>\n\t<meta name=\"twitter:data1\" content=\"1 minute\" \/>\n<script type=\"application\/ld+json\" class=\"yoast-schema-graph\">{\"@context\":\"https:\/\/schema.org\",\"@graph\":[{\"@type\":\"WebPage\",\"@id\":\"https:\/\/www.librairieclavreuil.com\/produit\/silvestre-de-sacy-grammaire-arabe-a-lusage-des-eleves-de-lecole-speciale-des-langues-orientales-vivantes\/\",\"url\":\"https:\/\/www.librairieclavreuil.com\/produit\/silvestre-de-sacy-grammaire-arabe-a-lusage-des-eleves-de-lecole-speciale-des-langues-orientales-vivantes\/\",\"name\":\"SILVESTRE DE SACY Grammaire arabe \u00e0 l'usage des \u00e9l\u00e8ves de l'Ecole sp\u00e9ciale des langues orientales vivantes. - Libairie Clavreuil\",\"isPartOf\":{\"@id\":\"https:\/\/www.librairieclavreuil.com\/#website\"},\"primaryImageOfPage\":{\"@id\":\"https:\/\/www.librairieclavreuil.com\/produit\/silvestre-de-sacy-grammaire-arabe-a-lusage-des-eleves-de-lecole-speciale-des-langues-orientales-vivantes\/#primaryimage\"},\"image\":{\"@id\":\"https:\/\/www.librairieclavreuil.com\/produit\/silvestre-de-sacy-grammaire-arabe-a-lusage-des-eleves-de-lecole-speciale-des-langues-orientales-vivantes\/#primaryimage\"},\"thumbnailUrl\":\"https:\/\/www.librairieclavreuil.com\/wp-content\/uploads\/2024\/04\/silvestre-de-sacy-grammaire-arabe-a-l-usage-des-eleves-de-l-ecole-speciale-des-langues-orientales-vivantes-2945-65e746b7d6fd5-scaled.jpg\",\"datePublished\":\"2024-04-24T10:26:23+00:00\",\"dateModified\":\"2024-07-17T14:03:02+00:00\",\"breadcrumb\":{\"@id\":\"https:\/\/www.librairieclavreuil.com\/produit\/silvestre-de-sacy-grammaire-arabe-a-lusage-des-eleves-de-lecole-speciale-des-langues-orientales-vivantes\/#breadcrumb\"},\"inLanguage\":\"en-US\",\"potentialAction\":[{\"@type\":\"ReadAction\",\"target\":[\"https:\/\/www.librairieclavreuil.com\/produit\/silvestre-de-sacy-grammaire-arabe-a-lusage-des-eleves-de-lecole-speciale-des-langues-orientales-vivantes\/\"]}]},{\"@type\":\"ImageObject\",\"inLanguage\":\"en-US\",\"@id\":\"https:\/\/www.librairieclavreuil.com\/produit\/silvestre-de-sacy-grammaire-arabe-a-lusage-des-eleves-de-lecole-speciale-des-langues-orientales-vivantes\/#primaryimage\",\"url\":\"https:\/\/www.librairieclavreuil.com\/wp-content\/uploads\/2024\/04\/silvestre-de-sacy-grammaire-arabe-a-l-usage-des-eleves-de-l-ecole-speciale-des-langues-orientales-vivantes-2945-65e746b7d6fd5-scaled.jpg\",\"contentUrl\":\"https:\/\/www.librairieclavreuil.com\/wp-content\/uploads\/2024\/04\/silvestre-de-sacy-grammaire-arabe-a-l-usage-des-eleves-de-l-ecole-speciale-des-langues-orientales-vivantes-2945-65e746b7d6fd5-scaled.jpg\",\"width\":2560,\"height\":2150},{\"@type\":\"BreadcrumbList\",\"@id\":\"https:\/\/www.librairieclavreuil.com\/produit\/silvestre-de-sacy-grammaire-arabe-a-lusage-des-eleves-de-lecole-speciale-des-langues-orientales-vivantes\/#breadcrumb\",\"itemListElement\":[{\"@type\":\"ListItem\",\"position\":1,\"name\":\"Accueil\",\"item\":\"https:\/\/www.librairieclavreuil.com\/\"},{\"@type\":\"ListItem\",\"position\":2,\"name\":\"All our books\",\"item\":\"https:\/\/www.librairieclavreuil.com\/en\/all-our-books\/\"},{\"@type\":\"ListItem\",\"position\":3,\"name\":\"SILVESTRE DE SACY Grammaire arabe \u00e0 l&rsquo;usage des...\"}]},{\"@type\":\"WebSite\",\"@id\":\"https:\/\/www.librairieclavreuil.com\/#website\",\"url\":\"https:\/\/www.librairieclavreuil.com\/\",\"name\":\"Libairie Clavreuil\",\"description\":\"Livres anciens, manuscrits rares et \u00e9ditions originales \u2013 Librairie Clavreuil\",\"publisher\":{\"@id\":\"https:\/\/www.librairieclavreuil.com\/#organization\"},\"potentialAction\":[{\"@type\":\"SearchAction\",\"target\":{\"@type\":\"EntryPoint\",\"urlTemplate\":\"https:\/\/www.librairieclavreuil.com\/?s={search_term_string}\"},\"query-input\":{\"@type\":\"PropertyValueSpecification\",\"valueRequired\":true,\"valueName\":\"search_term_string\"}}],\"inLanguage\":\"en-US\"},{\"@type\":\"Organization\",\"@id\":\"https:\/\/www.librairieclavreuil.com\/#organization\",\"name\":\"Libairie Clavreuil\",\"url\":\"https:\/\/www.librairieclavreuil.com\/\",\"logo\":{\"@type\":\"ImageObject\",\"inLanguage\":\"en-US\",\"@id\":\"https:\/\/www.librairieclavreuil.com\/#\/schema\/logo\/image\/\",\"url\":\"https:\/\/www.librairieclavreuil.com\/wp-content\/uploads\/2021\/06\/cropped-LOGO_PNG_DATE-_gold-512x512-1.png\",\"contentUrl\":\"https:\/\/www.librairieclavreuil.com\/wp-content\/uploads\/2021\/06\/cropped-LOGO_PNG_DATE-_gold-512x512-1.png\",\"width\":512,\"height\":512,\"caption\":\"Libairie Clavreuil\"},\"image\":{\"@id\":\"https:\/\/www.librairieclavreuil.com\/#\/schema\/logo\/image\/\"},\"sameAs\":[\"https:\/\/www.instagram.com\/librairieclavreuil\/\"]}]}<\/script>\n<!-- \/ Yoast SEO plugin. -->","yoast_head_json":{"title":"SILVESTRE DE SACY  Grammaire arabe \u00e0 l'usage des \u00e9l\u00e8ves de l'Ecole sp\u00e9ciale des langues orientales vivantes. - Libairie Clavreuil","robots":{"index":"index","follow":"follow","max-snippet":"max-snippet:-1","max-image-preview":"max-image-preview:large","max-video-preview":"max-video-preview:-1"},"canonical":"https:\/\/www.librairieclavreuil.com\/produit\/silvestre-de-sacy-grammaire-arabe-a-lusage-des-eleves-de-lecole-speciale-des-langues-orientales-vivantes\/","og_locale":"en_US","og_type":"article","og_title":"SILVESTRE DE SACY  Grammaire arabe \u00e0 l'usage des \u00e9l\u00e8ves de l'Ecole sp\u00e9ciale des langues orientales vivantes. - Libairie Clavreuil","og_description":"2 volumes, 8vo (231 x 147 mm) XX, 608 pp., 8 engraved plates and 11 tables for volume I; XII, 697 pp., 2 tables for volume II. Publisher's blue boards, printed spine labels.","og_url":"https:\/\/www.librairieclavreuil.com\/produit\/silvestre-de-sacy-grammaire-arabe-a-lusage-des-eleves-de-lecole-speciale-des-langues-orientales-vivantes\/","og_site_name":"Libairie Clavreuil","article_modified_time":"2024-07-17T14:03:02+00:00","og_image":[{"width":2560,"height":2150,"url":"https:\/\/www.librairieclavreuil.com\/wp-content\/uploads\/2024\/04\/silvestre-de-sacy-grammaire-arabe-a-l-usage-des-eleves-de-l-ecole-speciale-des-langues-orientales-vivantes-2945-65e746b7d6fd5-scaled.jpg","type":"image\/jpeg"}],"twitter_card":"summary_large_image","twitter_misc":{"Est. reading time":"1 minute"},"schema":{"@context":"https:\/\/schema.org","@graph":[{"@type":"WebPage","@id":"https:\/\/www.librairieclavreuil.com\/produit\/silvestre-de-sacy-grammaire-arabe-a-lusage-des-eleves-de-lecole-speciale-des-langues-orientales-vivantes\/","url":"https:\/\/www.librairieclavreuil.com\/produit\/silvestre-de-sacy-grammaire-arabe-a-lusage-des-eleves-de-lecole-speciale-des-langues-orientales-vivantes\/","name":"SILVESTRE DE SACY Grammaire arabe \u00e0 l'usage des \u00e9l\u00e8ves de l'Ecole sp\u00e9ciale des langues orientales vivantes. - Libairie Clavreuil","isPartOf":{"@id":"https:\/\/www.librairieclavreuil.com\/#website"},"primaryImageOfPage":{"@id":"https:\/\/www.librairieclavreuil.com\/produit\/silvestre-de-sacy-grammaire-arabe-a-lusage-des-eleves-de-lecole-speciale-des-langues-orientales-vivantes\/#primaryimage"},"image":{"@id":"https:\/\/www.librairieclavreuil.com\/produit\/silvestre-de-sacy-grammaire-arabe-a-lusage-des-eleves-de-lecole-speciale-des-langues-orientales-vivantes\/#primaryimage"},"thumbnailUrl":"https:\/\/www.librairieclavreuil.com\/wp-content\/uploads\/2024\/04\/silvestre-de-sacy-grammaire-arabe-a-l-usage-des-eleves-de-l-ecole-speciale-des-langues-orientales-vivantes-2945-65e746b7d6fd5-scaled.jpg","datePublished":"2024-04-24T10:26:23+00:00","dateModified":"2024-07-17T14:03:02+00:00","breadcrumb":{"@id":"https:\/\/www.librairieclavreuil.com\/produit\/silvestre-de-sacy-grammaire-arabe-a-lusage-des-eleves-de-lecole-speciale-des-langues-orientales-vivantes\/#breadcrumb"},"inLanguage":"en-US","potentialAction":[{"@type":"ReadAction","target":["https:\/\/www.librairieclavreuil.com\/produit\/silvestre-de-sacy-grammaire-arabe-a-lusage-des-eleves-de-lecole-speciale-des-langues-orientales-vivantes\/"]}]},{"@type":"ImageObject","inLanguage":"en-US","@id":"https:\/\/www.librairieclavreuil.com\/produit\/silvestre-de-sacy-grammaire-arabe-a-lusage-des-eleves-de-lecole-speciale-des-langues-orientales-vivantes\/#primaryimage","url":"https:\/\/www.librairieclavreuil.com\/wp-content\/uploads\/2024\/04\/silvestre-de-sacy-grammaire-arabe-a-l-usage-des-eleves-de-l-ecole-speciale-des-langues-orientales-vivantes-2945-65e746b7d6fd5-scaled.jpg","contentUrl":"https:\/\/www.librairieclavreuil.com\/wp-content\/uploads\/2024\/04\/silvestre-de-sacy-grammaire-arabe-a-l-usage-des-eleves-de-l-ecole-speciale-des-langues-orientales-vivantes-2945-65e746b7d6fd5-scaled.jpg","width":2560,"height":2150},{"@type":"BreadcrumbList","@id":"https:\/\/www.librairieclavreuil.com\/produit\/silvestre-de-sacy-grammaire-arabe-a-lusage-des-eleves-de-lecole-speciale-des-langues-orientales-vivantes\/#breadcrumb","itemListElement":[{"@type":"ListItem","position":1,"name":"Accueil","item":"https:\/\/www.librairieclavreuil.com\/"},{"@type":"ListItem","position":2,"name":"All our books","item":"https:\/\/www.librairieclavreuil.com\/en\/all-our-books\/"},{"@type":"ListItem","position":3,"name":"SILVESTRE DE SACY Grammaire arabe \u00e0 l&rsquo;usage des..."}]},{"@type":"WebSite","@id":"https:\/\/www.librairieclavreuil.com\/#website","url":"https:\/\/www.librairieclavreuil.com\/","name":"Libairie Clavreuil","description":"Livres anciens, manuscrits rares et \u00e9ditions originales \u2013 Librairie Clavreuil","publisher":{"@id":"https:\/\/www.librairieclavreuil.com\/#organization"},"potentialAction":[{"@type":"SearchAction","target":{"@type":"EntryPoint","urlTemplate":"https:\/\/www.librairieclavreuil.com\/?s={search_term_string}"},"query-input":{"@type":"PropertyValueSpecification","valueRequired":true,"valueName":"search_term_string"}}],"inLanguage":"en-US"},{"@type":"Organization","@id":"https:\/\/www.librairieclavreuil.com\/#organization","name":"Libairie Clavreuil","url":"https:\/\/www.librairieclavreuil.com\/","logo":{"@type":"ImageObject","inLanguage":"en-US","@id":"https:\/\/www.librairieclavreuil.com\/#\/schema\/logo\/image\/","url":"https:\/\/www.librairieclavreuil.com\/wp-content\/uploads\/2021\/06\/cropped-LOGO_PNG_DATE-_gold-512x512-1.png","contentUrl":"https:\/\/www.librairieclavreuil.com\/wp-content\/uploads\/2021\/06\/cropped-LOGO_PNG_DATE-_gold-512x512-1.png","width":512,"height":512,"caption":"Libairie Clavreuil"},"image":{"@id":"https:\/\/www.librairieclavreuil.com\/#\/schema\/logo\/image\/"},"sameAs":["https:\/\/www.instagram.com\/librairieclavreuil\/"]}]}},"jetpack_sharing_enabled":true,"_links":{"self":[{"href":"https:\/\/www.librairieclavreuil.com\/en\/wp-json\/wp\/v2\/product\/75095","targetHints":{"allow":["GET"]}}],"collection":[{"href":"https:\/\/www.librairieclavreuil.com\/en\/wp-json\/wp\/v2\/product"}],"about":[{"href":"https:\/\/www.librairieclavreuil.com\/en\/wp-json\/wp\/v2\/types\/product"}],"replies":[{"embeddable":true,"href":"https:\/\/www.librairieclavreuil.com\/en\/wp-json\/wp\/v2\/comments?post=75095"}],"wp:featuredmedia":[{"embeddable":true,"href":"https:\/\/www.librairieclavreuil.com\/en\/wp-json\/wp\/v2\/media\/75088"}],"wp:attachment":[{"href":"https:\/\/www.librairieclavreuil.com\/en\/wp-json\/wp\/v2\/media?parent=75095"}],"wp:term":[{"taxonomy":"product_brand","embeddable":true,"href":"https:\/\/www.librairieclavreuil.com\/en\/wp-json\/wp\/v2\/product_brand?post=75095"},{"taxonomy":"product_cat","embeddable":true,"href":"https:\/\/www.librairieclavreuil.com\/en\/wp-json\/wp\/v2\/product_cat?post=75095"},{"taxonomy":"product_tag","embeddable":true,"href":"https:\/\/www.librairieclavreuil.com\/en\/wp-json\/wp\/v2\/product_tag?post=75095"}],"curies":[{"name":"wp","href":"https:\/\/api.w.org\/{rel}","templated":true}]}}