{"id":75067,"date":"2024-04-24T12:23:42","date_gmt":"2024-04-24T10:23:42","guid":{"rendered":"https:\/\/clavreuil-wordpress.logiciel-arteo.fr\/champollion-jean-francois-ecritures-egyptiennes-lettre-a-m-z-rome-15-juin-1825\/"},"modified":"2024-07-17T16:02:01","modified_gmt":"2024-07-17T14:02:01","slug":"champollion-jean-francois-ecritures-egyptiennes-lettre-a-m-z-rome-15-juin-1825","status":"publish","type":"product","link":"https:\/\/www.librairieclavreuil.com\/en\/champollion-jean-francois-ecritures-egyptiennes-lettre-a-m-z-rome-15-juin-1825\/","title":{"rendered":"CHAMPOLLION Jean-Fran\u00e7ois Ecritures \u00e9gyptiennes. Lettre&#8230; a M. Z***,..."},"content":{"rendered":"<p style=\"text-align:justify\">Off-print from :<i> Bulletin universel des sciences et de l&#8217;industrie<\/i>, August 1825.<\/p>\n<p style=\"text-align:justify\">Strong article against Michelangelo Lanci, historian and egyptologist whose views were opposed to the conclusions by Champollion.<\/p>\n<p style=\"text-align:justify\">The young scientist systematically disarms Lanci&#8217;s theories as communicated in a study on an egyptian relief preserved in the city of Carpentras. &#8220;L&#8217;\u00e9crit de M. Lanci n&#8217;est, ce me semble, qu&#8217;un cadre ing\u00e9nieux dans lequel son spirituel auteur a voulu adroitement renfermer des conseils qui int\u00e9ressent bien moins la science que moi-m\u00eame&#8230; Pour attaquer plus directement le mal dans sa racine; il cherche \u00e0 me pr\u00e9munir contre la turba degli adulatori (pag.23), en se jetant de propos d\u00e9lib\u00e9r\u00e9 dans l&#8217;extr\u00eame contraire. Il affirme donc que le docteur Young qui a fait la d\u00e9couverte des signes hi\u00e9roglyphiques repr\u00e9sentant des sons, et que tout mon syst\u00e8me d&#8217;\u00e9critures \u00e9gyptiennes n&#8217;est qu&#8217;un pur d\u00e9veloppement de ce qu&#8217;a trouv\u00e9 le savant Anglais&#8221;.<\/p>\n<p style=\"text-align:justify\"><strong>[Bound with:]<\/strong><\/p>\n<p style=\"text-align:justify\"><strong>CHAMPOLLION le jeune<\/strong>. Papyrus \u00e9gyptiens historiques du mus\u00e9e royal de Turin. Extrait des lettres. <i>[Paris, Fain, 1824]<\/i>. In-8 (198 x 126 mm), de 8 pp.<\/p>\n<p style=\"text-align:justify\">Off-print from: <i>Bulletin des sciences et de l&#8217;industrie,<\/i> November 1824.<\/p>\n<p style=\"text-align:justify\">Interesting essay with the short descriptions by Champollion of the papyri from the collection of Drovetti, preserved in the Royal Museum of Torino.<\/p>\n","protected":false},"excerpt":{"rendered":"<p style=\"text-align:justify\">8vo (209 x 128 mm) 8 pp., disbound, marbled wrappers.<\/p>\n","protected":false},"featured_media":75064,"comment_status":"open","ping_status":"closed","template":"","meta":{"_acf_changed":false},"product_brand":[],"product_cat":[552],"product_tag":[1355],"class_list":{"0":"post-75067","1":"product","2":"type-product","3":"status-publish","4":"has-post-thumbnail","6":"product_cat-travel","7":"product_tag-egypt-ethiopia","8":"pa_auteur-champollion-jean-francois-2","9":"pa_type-de-livre-printed-book","11":"first","12":"instock","13":"shipping-taxable","14":"purchasable","15":"product-type-simple"},"acf":{"artist":" Jean-Fran\u00e7ois CHAMPOLLION","chapeau":"","adresse_bibliographique":"Paris, Fain, 1825","book_type":"Printed book","provenance":"","afficher_prix":""},"yoast_head":"<!-- This site is optimized with the Yoast SEO plugin v24.7 - https:\/\/yoast.com\/wordpress\/plugins\/seo\/ -->\n<title>CHAMPOLLION Jean-Fran\u00e7ois Ecritures \u00e9gyptiennes. Lettre... a M. Z***, Rome, 15 juin 1825. - Libairie Clavreuil<\/title>\n<meta name=\"robots\" content=\"index, follow, max-snippet:-1, max-image-preview:large, max-video-preview:-1\" \/>\n<link rel=\"canonical\" href=\"https:\/\/www.librairieclavreuil.com\/en\/champollion-jean-francois-ecritures-egyptiennes-lettre-a-m-z-rome-15-juin-1825\/\" \/>\n<meta property=\"og:locale\" content=\"en_US\" \/>\n<meta property=\"og:type\" content=\"article\" \/>\n<meta property=\"og:title\" content=\"CHAMPOLLION Jean-Fran\u00e7ois Ecritures \u00e9gyptiennes. Lettre... a M. Z***, Rome, 15 juin 1825. - Libairie Clavreuil\" \/>\n<meta property=\"og:description\" content=\"8vo (209 x 128 mm) 8 pp., disbound, marbled wrappers.\" \/>\n<meta property=\"og:url\" content=\"https:\/\/www.librairieclavreuil.com\/en\/champollion-jean-francois-ecritures-egyptiennes-lettre-a-m-z-rome-15-juin-1825\/\" \/>\n<meta property=\"og:site_name\" content=\"Libairie Clavreuil\" \/>\n<meta property=\"article:modified_time\" content=\"2024-07-17T14:02:01+00:00\" \/>\n<meta property=\"og:image\" content=\"https:\/\/www.librairieclavreuil.com\/wp-content\/uploads\/2024\/04\/jean-francois-champollion-ecritures-egyptiennes-lettre-a-m-z-rome-15-juin-1825-4903-65e74272a5663.jpg\" \/>\n\t<meta property=\"og:image:width\" content=\"631\" \/>\n\t<meta property=\"og:image:height\" content=\"1034\" \/>\n\t<meta property=\"og:image:type\" content=\"image\/jpeg\" \/>\n<meta name=\"twitter:card\" content=\"summary_large_image\" \/>\n<meta name=\"twitter:label1\" content=\"Est. reading time\" \/>\n\t<meta name=\"twitter:data1\" content=\"1 minute\" \/>\n<script type=\"application\/ld+json\" class=\"yoast-schema-graph\">{\"@context\":\"https:\/\/schema.org\",\"@graph\":[{\"@type\":\"WebPage\",\"@id\":\"https:\/\/www.librairieclavreuil.com\/en\/champollion-jean-francois-ecritures-egyptiennes-lettre-a-m-z-rome-15-juin-1825\/\",\"url\":\"https:\/\/www.librairieclavreuil.com\/en\/champollion-jean-francois-ecritures-egyptiennes-lettre-a-m-z-rome-15-juin-1825\/\",\"name\":\"CHAMPOLLION Jean-Fran\u00e7ois Ecritures \u00e9gyptiennes. Lettre... a M. Z***, Rome, 15 juin 1825. - Libairie Clavreuil\",\"isPartOf\":{\"@id\":\"https:\/\/www.librairieclavreuil.com\/#website\"},\"primaryImageOfPage\":{\"@id\":\"https:\/\/www.librairieclavreuil.com\/en\/champollion-jean-francois-ecritures-egyptiennes-lettre-a-m-z-rome-15-juin-1825\/#primaryimage\"},\"image\":{\"@id\":\"https:\/\/www.librairieclavreuil.com\/en\/champollion-jean-francois-ecritures-egyptiennes-lettre-a-m-z-rome-15-juin-1825\/#primaryimage\"},\"thumbnailUrl\":\"https:\/\/www.librairieclavreuil.com\/wp-content\/uploads\/2024\/04\/jean-francois-champollion-ecritures-egyptiennes-lettre-a-m-z-rome-15-juin-1825-4903-65e74272a5663.jpg\",\"datePublished\":\"2024-04-24T10:23:42+00:00\",\"dateModified\":\"2024-07-17T14:02:01+00:00\",\"breadcrumb\":{\"@id\":\"https:\/\/www.librairieclavreuil.com\/en\/champollion-jean-francois-ecritures-egyptiennes-lettre-a-m-z-rome-15-juin-1825\/#breadcrumb\"},\"inLanguage\":\"en-US\",\"potentialAction\":[{\"@type\":\"ReadAction\",\"target\":[\"https:\/\/www.librairieclavreuil.com\/en\/champollion-jean-francois-ecritures-egyptiennes-lettre-a-m-z-rome-15-juin-1825\/\"]}]},{\"@type\":\"ImageObject\",\"inLanguage\":\"en-US\",\"@id\":\"https:\/\/www.librairieclavreuil.com\/en\/champollion-jean-francois-ecritures-egyptiennes-lettre-a-m-z-rome-15-juin-1825\/#primaryimage\",\"url\":\"https:\/\/www.librairieclavreuil.com\/wp-content\/uploads\/2024\/04\/jean-francois-champollion-ecritures-egyptiennes-lettre-a-m-z-rome-15-juin-1825-4903-65e74272a5663.jpg\",\"contentUrl\":\"https:\/\/www.librairieclavreuil.com\/wp-content\/uploads\/2024\/04\/jean-francois-champollion-ecritures-egyptiennes-lettre-a-m-z-rome-15-juin-1825-4903-65e74272a5663.jpg\",\"width\":631,\"height\":1034},{\"@type\":\"BreadcrumbList\",\"@id\":\"https:\/\/www.librairieclavreuil.com\/en\/champollion-jean-francois-ecritures-egyptiennes-lettre-a-m-z-rome-15-juin-1825\/#breadcrumb\",\"itemListElement\":[{\"@type\":\"ListItem\",\"position\":1,\"name\":\"Accueil\",\"item\":\"https:\/\/www.librairieclavreuil.com\/\"},{\"@type\":\"ListItem\",\"position\":2,\"name\":\"All our books\",\"item\":\"https:\/\/www.librairieclavreuil.com\/en\/all-our-books\/\"},{\"@type\":\"ListItem\",\"position\":3,\"name\":\"CHAMPOLLION Jean-Fran\u00e7ois Ecritures \u00e9gyptiennes. Lettre&#8230; a M. Z***, Rome, 15 juin 1825.\"}]},{\"@type\":\"WebSite\",\"@id\":\"https:\/\/www.librairieclavreuil.com\/#website\",\"url\":\"https:\/\/www.librairieclavreuil.com\/\",\"name\":\"Libairie Clavreuil\",\"description\":\"Livres anciens, manuscrits rares et \u00e9ditions originales \u2013 Librairie Clavreuil\",\"publisher\":{\"@id\":\"https:\/\/www.librairieclavreuil.com\/#organization\"},\"potentialAction\":[{\"@type\":\"SearchAction\",\"target\":{\"@type\":\"EntryPoint\",\"urlTemplate\":\"https:\/\/www.librairieclavreuil.com\/?s={search_term_string}\"},\"query-input\":{\"@type\":\"PropertyValueSpecification\",\"valueRequired\":true,\"valueName\":\"search_term_string\"}}],\"inLanguage\":\"en-US\"},{\"@type\":\"Organization\",\"@id\":\"https:\/\/www.librairieclavreuil.com\/#organization\",\"name\":\"Libairie Clavreuil\",\"url\":\"https:\/\/www.librairieclavreuil.com\/\",\"logo\":{\"@type\":\"ImageObject\",\"inLanguage\":\"en-US\",\"@id\":\"https:\/\/www.librairieclavreuil.com\/#\/schema\/logo\/image\/\",\"url\":\"https:\/\/www.librairieclavreuil.com\/wp-content\/uploads\/2021\/06\/cropped-LOGO_PNG_DATE-_gold-512x512-1.png\",\"contentUrl\":\"https:\/\/www.librairieclavreuil.com\/wp-content\/uploads\/2021\/06\/cropped-LOGO_PNG_DATE-_gold-512x512-1.png\",\"width\":512,\"height\":512,\"caption\":\"Libairie Clavreuil\"},\"image\":{\"@id\":\"https:\/\/www.librairieclavreuil.com\/#\/schema\/logo\/image\/\"},\"sameAs\":[\"https:\/\/www.instagram.com\/librairieclavreuil\/\"]}]}<\/script>\n<!-- \/ Yoast SEO plugin. -->","yoast_head_json":{"title":"CHAMPOLLION Jean-Fran\u00e7ois Ecritures \u00e9gyptiennes. Lettre... a M. Z***, Rome, 15 juin 1825. - Libairie Clavreuil","robots":{"index":"index","follow":"follow","max-snippet":"max-snippet:-1","max-image-preview":"max-image-preview:large","max-video-preview":"max-video-preview:-1"},"canonical":"https:\/\/www.librairieclavreuil.com\/en\/champollion-jean-francois-ecritures-egyptiennes-lettre-a-m-z-rome-15-juin-1825\/","og_locale":"en_US","og_type":"article","og_title":"CHAMPOLLION Jean-Fran\u00e7ois Ecritures \u00e9gyptiennes. Lettre... a M. Z***, Rome, 15 juin 1825. - Libairie Clavreuil","og_description":"8vo (209 x 128 mm) 8 pp., disbound, marbled wrappers.","og_url":"https:\/\/www.librairieclavreuil.com\/en\/champollion-jean-francois-ecritures-egyptiennes-lettre-a-m-z-rome-15-juin-1825\/","og_site_name":"Libairie Clavreuil","article_modified_time":"2024-07-17T14:02:01+00:00","og_image":[{"width":631,"height":1034,"url":"https:\/\/www.librairieclavreuil.com\/wp-content\/uploads\/2024\/04\/jean-francois-champollion-ecritures-egyptiennes-lettre-a-m-z-rome-15-juin-1825-4903-65e74272a5663.jpg","type":"image\/jpeg"}],"twitter_card":"summary_large_image","twitter_misc":{"Est. reading time":"1 minute"},"schema":{"@context":"https:\/\/schema.org","@graph":[{"@type":"WebPage","@id":"https:\/\/www.librairieclavreuil.com\/en\/champollion-jean-francois-ecritures-egyptiennes-lettre-a-m-z-rome-15-juin-1825\/","url":"https:\/\/www.librairieclavreuil.com\/en\/champollion-jean-francois-ecritures-egyptiennes-lettre-a-m-z-rome-15-juin-1825\/","name":"CHAMPOLLION Jean-Fran\u00e7ois Ecritures \u00e9gyptiennes. Lettre... a M. Z***, Rome, 15 juin 1825. - Libairie Clavreuil","isPartOf":{"@id":"https:\/\/www.librairieclavreuil.com\/#website"},"primaryImageOfPage":{"@id":"https:\/\/www.librairieclavreuil.com\/en\/champollion-jean-francois-ecritures-egyptiennes-lettre-a-m-z-rome-15-juin-1825\/#primaryimage"},"image":{"@id":"https:\/\/www.librairieclavreuil.com\/en\/champollion-jean-francois-ecritures-egyptiennes-lettre-a-m-z-rome-15-juin-1825\/#primaryimage"},"thumbnailUrl":"https:\/\/www.librairieclavreuil.com\/wp-content\/uploads\/2024\/04\/jean-francois-champollion-ecritures-egyptiennes-lettre-a-m-z-rome-15-juin-1825-4903-65e74272a5663.jpg","datePublished":"2024-04-24T10:23:42+00:00","dateModified":"2024-07-17T14:02:01+00:00","breadcrumb":{"@id":"https:\/\/www.librairieclavreuil.com\/en\/champollion-jean-francois-ecritures-egyptiennes-lettre-a-m-z-rome-15-juin-1825\/#breadcrumb"},"inLanguage":"en-US","potentialAction":[{"@type":"ReadAction","target":["https:\/\/www.librairieclavreuil.com\/en\/champollion-jean-francois-ecritures-egyptiennes-lettre-a-m-z-rome-15-juin-1825\/"]}]},{"@type":"ImageObject","inLanguage":"en-US","@id":"https:\/\/www.librairieclavreuil.com\/en\/champollion-jean-francois-ecritures-egyptiennes-lettre-a-m-z-rome-15-juin-1825\/#primaryimage","url":"https:\/\/www.librairieclavreuil.com\/wp-content\/uploads\/2024\/04\/jean-francois-champollion-ecritures-egyptiennes-lettre-a-m-z-rome-15-juin-1825-4903-65e74272a5663.jpg","contentUrl":"https:\/\/www.librairieclavreuil.com\/wp-content\/uploads\/2024\/04\/jean-francois-champollion-ecritures-egyptiennes-lettre-a-m-z-rome-15-juin-1825-4903-65e74272a5663.jpg","width":631,"height":1034},{"@type":"BreadcrumbList","@id":"https:\/\/www.librairieclavreuil.com\/en\/champollion-jean-francois-ecritures-egyptiennes-lettre-a-m-z-rome-15-juin-1825\/#breadcrumb","itemListElement":[{"@type":"ListItem","position":1,"name":"Accueil","item":"https:\/\/www.librairieclavreuil.com\/"},{"@type":"ListItem","position":2,"name":"All our books","item":"https:\/\/www.librairieclavreuil.com\/en\/all-our-books\/"},{"@type":"ListItem","position":3,"name":"CHAMPOLLION Jean-Fran\u00e7ois Ecritures \u00e9gyptiennes. Lettre&#8230; a M. Z***, Rome, 15 juin 1825."}]},{"@type":"WebSite","@id":"https:\/\/www.librairieclavreuil.com\/#website","url":"https:\/\/www.librairieclavreuil.com\/","name":"Libairie Clavreuil","description":"Livres anciens, manuscrits rares et \u00e9ditions originales \u2013 Librairie Clavreuil","publisher":{"@id":"https:\/\/www.librairieclavreuil.com\/#organization"},"potentialAction":[{"@type":"SearchAction","target":{"@type":"EntryPoint","urlTemplate":"https:\/\/www.librairieclavreuil.com\/?s={search_term_string}"},"query-input":{"@type":"PropertyValueSpecification","valueRequired":true,"valueName":"search_term_string"}}],"inLanguage":"en-US"},{"@type":"Organization","@id":"https:\/\/www.librairieclavreuil.com\/#organization","name":"Libairie Clavreuil","url":"https:\/\/www.librairieclavreuil.com\/","logo":{"@type":"ImageObject","inLanguage":"en-US","@id":"https:\/\/www.librairieclavreuil.com\/#\/schema\/logo\/image\/","url":"https:\/\/www.librairieclavreuil.com\/wp-content\/uploads\/2021\/06\/cropped-LOGO_PNG_DATE-_gold-512x512-1.png","contentUrl":"https:\/\/www.librairieclavreuil.com\/wp-content\/uploads\/2021\/06\/cropped-LOGO_PNG_DATE-_gold-512x512-1.png","width":512,"height":512,"caption":"Libairie Clavreuil"},"image":{"@id":"https:\/\/www.librairieclavreuil.com\/#\/schema\/logo\/image\/"},"sameAs":["https:\/\/www.instagram.com\/librairieclavreuil\/"]}]}},"jetpack_sharing_enabled":true,"_links":{"self":[{"href":"https:\/\/www.librairieclavreuil.com\/en\/wp-json\/wp\/v2\/product\/75067","targetHints":{"allow":["GET"]}}],"collection":[{"href":"https:\/\/www.librairieclavreuil.com\/en\/wp-json\/wp\/v2\/product"}],"about":[{"href":"https:\/\/www.librairieclavreuil.com\/en\/wp-json\/wp\/v2\/types\/product"}],"replies":[{"embeddable":true,"href":"https:\/\/www.librairieclavreuil.com\/en\/wp-json\/wp\/v2\/comments?post=75067"}],"wp:featuredmedia":[{"embeddable":true,"href":"https:\/\/www.librairieclavreuil.com\/en\/wp-json\/wp\/v2\/media\/75064"}],"wp:attachment":[{"href":"https:\/\/www.librairieclavreuil.com\/en\/wp-json\/wp\/v2\/media?parent=75067"}],"wp:term":[{"taxonomy":"product_brand","embeddable":true,"href":"https:\/\/www.librairieclavreuil.com\/en\/wp-json\/wp\/v2\/product_brand?post=75067"},{"taxonomy":"product_cat","embeddable":true,"href":"https:\/\/www.librairieclavreuil.com\/en\/wp-json\/wp\/v2\/product_cat?post=75067"},{"taxonomy":"product_tag","embeddable":true,"href":"https:\/\/www.librairieclavreuil.com\/en\/wp-json\/wp\/v2\/product_tag?post=75067"}],"curies":[{"name":"wp","href":"https:\/\/api.w.org\/{rel}","templated":true}]}}