{"id":75039,"date":"2024-04-24T11:58:34","date_gmt":"2024-04-24T09:58:34","guid":{"rendered":"https:\/\/clavreuil-wordpress.logiciel-arteo.fr\/guignes-louis-joseph-de-voyages-a-peking-manille-et-lile-de-france-faits-dans-lintervalle-des-annees-1784-a-1801\/"},"modified":"2025-01-22T16:28:18","modified_gmt":"2025-01-22T15:28:18","slug":"guignes-louis-joseph-de-voyages-a-peking-manille-et-lile-de-france-faits-dans-lintervalle-des-annees-1784-a-1801","status":"publish","type":"product","link":"https:\/\/www.librairieclavreuil.com\/en\/guignes-louis-joseph-de-voyages-a-peking-manille-et-lile-de-france-faits-dans-lintervalle-des-annees-1784-a-1801\/","title":{"rendered":"GUIGNES Louis-Joseph de Voyages \u00e0 P\u00e9king, Manille, et..."},"content":{"rendered":"<p style=\"text-align:justify\"><i>Cordier, Bibl. Sinica, 2351 ; Lust 336 (without the atlas) ; Gay, 3307 ; Pardo de Tavera, 1287.<\/i><\/p>\n<p style=\"text-align:justify\"><span style=\"font-variant:small-caps\">First edition.<\/span><\/p>\n<p style=\"text-align:justify\">Important report written by the French orientalist and sinologist, Chr\u00e9tien-Louis-Joseph de Guignes (1759-1845), son of the orientalist Joseph de Guignes, who had taught him Chinese.<\/p>\n<p style=\"text-align:justify\">A correspondent of the Acad\u00e9mie des Sciences and the Acad\u00e9mie des Inscriptions et Belles-Lettres, the young Guignes is the author of an important dictionary, the <i>Dictionnaire Chinois-Fran\u00e7ais et Latin<\/i>&nbsp;(1813).<\/p>\n<p style=\"text-align:justify\">Appointed French consul in Canton in 1784, de Guignes resided in China until 1801, before returning to France. In 1793-1794, he accompanied the Dutch ambassador to Peking as an interpreter and was received on this occasion in the famous and sumptuous Summer Palace, which was destroyed by Lord Elgin&#8217;s punitive expedition in 1860.<\/p>\n<p style=\"text-align:justify\">This work, a detailed and truthful account of the Dutch diplomatic mission, is the last European account of classical China before the Opium Wars and the westernisation of the empire. The atlas, of great interest, contains 66 plates with 98 beautiful figures, some of them engraved on copper by De S\u00e8ve after drawings made by the author during the embassy: views, monuments, festivals, procession, description of the Summer Palace, carriages, boats, civil and military costumes, trades, plants, deities, etc.; a music plate and 6 maps (China, Macao, Philippines, Manila Bay), 4 of them folding, complete the illustration.<\/p>\n<p style=\"text-align:justify\">A very good copy, complete with text and atlas.<\/p>\n","protected":false},"excerpt":{"rendered":"<p>3 text volumes, 8vo (198 x 126 mm) 2 nn.ll., LXIII, 439 pp. for volume I; 2 nn.ll., 476 pp. for volume II ; 2 nn.ll., 488 pp. for volume III ; the atlas with 2 nn.ll., 98 plates (numbered 1-97, 93\/2) and printed on 66 sheets include maps and other illustrations. Mid 19th century purple coloured half-sheep, flat spine, gilt, speckled edges.<\/p>\n","protected":false},"featured_media":75028,"comment_status":"open","ping_status":"closed","template":"","meta":{"_acf_changed":false},"product_brand":[],"product_cat":[552],"product_tag":[1382,1383,1389],"class_list":{"0":"post-75039","1":"product","2":"type-product","3":"status-publish","4":"has-post-thumbnail","6":"product_cat-travel","7":"product_tag-asia","8":"product_tag-china","9":"product_tag-general-asia","10":"pa_auteur-guignes-louis-joseph-de-2","11":"pa_type-de-livre-printed-book","13":"first","14":"instock","15":"shipping-taxable","16":"purchasable","17":"product-type-simple"},"acf":{"artist":" Louis-Joseph de GUIGNES","chapeau":"","adresse_bibliographique":"Paris, Imprimerie imp\u00e9riale, 1808","book_type":"Printed book","provenance":"","afficher_prix":""},"yoast_head":"<!-- This site is optimized with the Yoast SEO plugin v24.7 - https:\/\/yoast.com\/wordpress\/plugins\/seo\/ -->\n<title>GUIGNES Louis-Joseph de Voyages \u00e0 P\u00e9king, Manille, et l&#039;Ile de France, faits dans l&#039;intervalle des ann\u00e9es 1784 \u00e0 1801. - Libairie Clavreuil<\/title>\n<meta name=\"robots\" content=\"index, follow, max-snippet:-1, max-image-preview:large, max-video-preview:-1\" \/>\n<link rel=\"canonical\" href=\"https:\/\/www.librairieclavreuil.com\/en\/guignes-louis-joseph-de-voyages-a-peking-manille-et-lile-de-france-faits-dans-lintervalle-des-annees-1784-a-1801\/\" \/>\n<meta property=\"og:locale\" content=\"en_US\" \/>\n<meta property=\"og:type\" content=\"article\" \/>\n<meta property=\"og:title\" content=\"GUIGNES Louis-Joseph de Voyages \u00e0 P\u00e9king, Manille, et l&#039;Ile de France, faits dans l&#039;intervalle des ann\u00e9es 1784 \u00e0 1801. - Libairie Clavreuil\" \/>\n<meta property=\"og:description\" content=\"3 text volumes, 8vo (198 x 126 mm) 2 nn.ll., LXIII, 439 pp. for volume I; 2 nn.ll., 476 pp. for volume II ; 2 nn.ll., 488 pp. for volume III ; the atlas with 2 nn.ll., 98 plates (numbered 1-97, 93\/2) and printed on 66 sheets include maps and other illustrations. Mid 19th century purple coloured half-sheep, flat spine, gilt, speckled edges.\" \/>\n<meta property=\"og:url\" content=\"https:\/\/www.librairieclavreuil.com\/en\/guignes-louis-joseph-de-voyages-a-peking-manille-et-lile-de-france-faits-dans-lintervalle-des-annees-1784-a-1801\/\" \/>\n<meta property=\"og:site_name\" content=\"Libairie Clavreuil\" \/>\n<meta property=\"article:modified_time\" content=\"2025-01-22T15:28:18+00:00\" \/>\n<meta property=\"og:image\" content=\"https:\/\/www.librairieclavreuil.com\/wp-content\/uploads\/2024\/04\/louis-joseph-de-guignes-voyages-a-peking-manille-et-l-ile-de-france-faits-dans-l-intervalle-des-annees-1784-a-1801-7264-65f48d2a79fd6-scaled.jpg\" \/>\n\t<meta property=\"og:image:width\" content=\"2560\" \/>\n\t<meta property=\"og:image:height\" content=\"1702\" \/>\n\t<meta property=\"og:image:type\" content=\"image\/jpeg\" \/>\n<meta name=\"twitter:card\" content=\"summary_large_image\" \/>\n<meta name=\"twitter:label1\" content=\"Est. reading time\" \/>\n\t<meta name=\"twitter:data1\" content=\"1 minute\" \/>\n<script type=\"application\/ld+json\" class=\"yoast-schema-graph\">{\"@context\":\"https:\/\/schema.org\",\"@graph\":[{\"@type\":\"WebPage\",\"@id\":\"https:\/\/www.librairieclavreuil.com\/en\/guignes-louis-joseph-de-voyages-a-peking-manille-et-lile-de-france-faits-dans-lintervalle-des-annees-1784-a-1801\/\",\"url\":\"https:\/\/www.librairieclavreuil.com\/en\/guignes-louis-joseph-de-voyages-a-peking-manille-et-lile-de-france-faits-dans-lintervalle-des-annees-1784-a-1801\/\",\"name\":\"GUIGNES Louis-Joseph de Voyages \u00e0 P\u00e9king, Manille, et l'Ile de France, faits dans l'intervalle des ann\u00e9es 1784 \u00e0 1801. - Libairie Clavreuil\",\"isPartOf\":{\"@id\":\"https:\/\/www.librairieclavreuil.com\/#website\"},\"primaryImageOfPage\":{\"@id\":\"https:\/\/www.librairieclavreuil.com\/en\/guignes-louis-joseph-de-voyages-a-peking-manille-et-lile-de-france-faits-dans-lintervalle-des-annees-1784-a-1801\/#primaryimage\"},\"image\":{\"@id\":\"https:\/\/www.librairieclavreuil.com\/en\/guignes-louis-joseph-de-voyages-a-peking-manille-et-lile-de-france-faits-dans-lintervalle-des-annees-1784-a-1801\/#primaryimage\"},\"thumbnailUrl\":\"https:\/\/www.librairieclavreuil.com\/wp-content\/uploads\/2024\/04\/louis-joseph-de-guignes-voyages-a-peking-manille-et-l-ile-de-france-faits-dans-l-intervalle-des-annees-1784-a-1801-7264-65f48d2a79fd6-scaled.jpg\",\"datePublished\":\"2024-04-24T09:58:34+00:00\",\"dateModified\":\"2025-01-22T15:28:18+00:00\",\"breadcrumb\":{\"@id\":\"https:\/\/www.librairieclavreuil.com\/en\/guignes-louis-joseph-de-voyages-a-peking-manille-et-lile-de-france-faits-dans-lintervalle-des-annees-1784-a-1801\/#breadcrumb\"},\"inLanguage\":\"en-US\",\"potentialAction\":[{\"@type\":\"ReadAction\",\"target\":[\"https:\/\/www.librairieclavreuil.com\/en\/guignes-louis-joseph-de-voyages-a-peking-manille-et-lile-de-france-faits-dans-lintervalle-des-annees-1784-a-1801\/\"]}]},{\"@type\":\"ImageObject\",\"inLanguage\":\"en-US\",\"@id\":\"https:\/\/www.librairieclavreuil.com\/en\/guignes-louis-joseph-de-voyages-a-peking-manille-et-lile-de-france-faits-dans-lintervalle-des-annees-1784-a-1801\/#primaryimage\",\"url\":\"https:\/\/www.librairieclavreuil.com\/wp-content\/uploads\/2024\/04\/louis-joseph-de-guignes-voyages-a-peking-manille-et-l-ile-de-france-faits-dans-l-intervalle-des-annees-1784-a-1801-7264-65f48d2a79fd6-scaled.jpg\",\"contentUrl\":\"https:\/\/www.librairieclavreuil.com\/wp-content\/uploads\/2024\/04\/louis-joseph-de-guignes-voyages-a-peking-manille-et-l-ile-de-france-faits-dans-l-intervalle-des-annees-1784-a-1801-7264-65f48d2a79fd6-scaled.jpg\",\"width\":2560,\"height\":1702},{\"@type\":\"BreadcrumbList\",\"@id\":\"https:\/\/www.librairieclavreuil.com\/en\/guignes-louis-joseph-de-voyages-a-peking-manille-et-lile-de-france-faits-dans-lintervalle-des-annees-1784-a-1801\/#breadcrumb\",\"itemListElement\":[{\"@type\":\"ListItem\",\"position\":1,\"name\":\"Accueil\",\"item\":\"https:\/\/www.librairieclavreuil.com\/\"},{\"@type\":\"ListItem\",\"position\":2,\"name\":\"All our books\",\"item\":\"https:\/\/www.librairieclavreuil.com\/en\/all-our-books\/\"},{\"@type\":\"ListItem\",\"position\":3,\"name\":\"GUIGNES Louis-Joseph de Voyages \u00e0 P\u00e9king, Manille, et l&#8217;Ile de France, faits dans l&#8217;intervalle des ann\u00e9es 1784 \u00e0 1801.\"}]},{\"@type\":\"WebSite\",\"@id\":\"https:\/\/www.librairieclavreuil.com\/#website\",\"url\":\"https:\/\/www.librairieclavreuil.com\/\",\"name\":\"Libairie Clavreuil\",\"description\":\"Livres anciens, manuscrits rares et \u00e9ditions originales \u2013 Librairie Clavreuil\",\"publisher\":{\"@id\":\"https:\/\/www.librairieclavreuil.com\/#organization\"},\"potentialAction\":[{\"@type\":\"SearchAction\",\"target\":{\"@type\":\"EntryPoint\",\"urlTemplate\":\"https:\/\/www.librairieclavreuil.com\/?s={search_term_string}\"},\"query-input\":{\"@type\":\"PropertyValueSpecification\",\"valueRequired\":true,\"valueName\":\"search_term_string\"}}],\"inLanguage\":\"en-US\"},{\"@type\":\"Organization\",\"@id\":\"https:\/\/www.librairieclavreuil.com\/#organization\",\"name\":\"Libairie Clavreuil\",\"url\":\"https:\/\/www.librairieclavreuil.com\/\",\"logo\":{\"@type\":\"ImageObject\",\"inLanguage\":\"en-US\",\"@id\":\"https:\/\/www.librairieclavreuil.com\/#\/schema\/logo\/image\/\",\"url\":\"https:\/\/www.librairieclavreuil.com\/wp-content\/uploads\/2021\/06\/cropped-LOGO_PNG_DATE-_gold-512x512-1.png\",\"contentUrl\":\"https:\/\/www.librairieclavreuil.com\/wp-content\/uploads\/2021\/06\/cropped-LOGO_PNG_DATE-_gold-512x512-1.png\",\"width\":512,\"height\":512,\"caption\":\"Libairie Clavreuil\"},\"image\":{\"@id\":\"https:\/\/www.librairieclavreuil.com\/#\/schema\/logo\/image\/\"},\"sameAs\":[\"https:\/\/www.instagram.com\/librairieclavreuil\/\"]}]}<\/script>\n<!-- \/ Yoast SEO plugin. -->","yoast_head_json":{"title":"GUIGNES Louis-Joseph de Voyages \u00e0 P\u00e9king, Manille, et l'Ile de France, faits dans l'intervalle des ann\u00e9es 1784 \u00e0 1801. - Libairie Clavreuil","robots":{"index":"index","follow":"follow","max-snippet":"max-snippet:-1","max-image-preview":"max-image-preview:large","max-video-preview":"max-video-preview:-1"},"canonical":"https:\/\/www.librairieclavreuil.com\/en\/guignes-louis-joseph-de-voyages-a-peking-manille-et-lile-de-france-faits-dans-lintervalle-des-annees-1784-a-1801\/","og_locale":"en_US","og_type":"article","og_title":"GUIGNES Louis-Joseph de Voyages \u00e0 P\u00e9king, Manille, et l'Ile de France, faits dans l'intervalle des ann\u00e9es 1784 \u00e0 1801. - Libairie Clavreuil","og_description":"3 text volumes, 8vo (198 x 126 mm) 2 nn.ll., LXIII, 439 pp. for volume I; 2 nn.ll., 476 pp. for volume II ; 2 nn.ll., 488 pp. for volume III ; the atlas with 2 nn.ll., 98 plates (numbered 1-97, 93\/2) and printed on 66 sheets include maps and other illustrations. Mid 19th century purple coloured half-sheep, flat spine, gilt, speckled edges.","og_url":"https:\/\/www.librairieclavreuil.com\/en\/guignes-louis-joseph-de-voyages-a-peking-manille-et-lile-de-france-faits-dans-lintervalle-des-annees-1784-a-1801\/","og_site_name":"Libairie Clavreuil","article_modified_time":"2025-01-22T15:28:18+00:00","og_image":[{"width":2560,"height":1702,"url":"https:\/\/www.librairieclavreuil.com\/wp-content\/uploads\/2024\/04\/louis-joseph-de-guignes-voyages-a-peking-manille-et-l-ile-de-france-faits-dans-l-intervalle-des-annees-1784-a-1801-7264-65f48d2a79fd6-scaled.jpg","type":"image\/jpeg"}],"twitter_card":"summary_large_image","twitter_misc":{"Est. reading time":"1 minute"},"schema":{"@context":"https:\/\/schema.org","@graph":[{"@type":"WebPage","@id":"https:\/\/www.librairieclavreuil.com\/en\/guignes-louis-joseph-de-voyages-a-peking-manille-et-lile-de-france-faits-dans-lintervalle-des-annees-1784-a-1801\/","url":"https:\/\/www.librairieclavreuil.com\/en\/guignes-louis-joseph-de-voyages-a-peking-manille-et-lile-de-france-faits-dans-lintervalle-des-annees-1784-a-1801\/","name":"GUIGNES Louis-Joseph de Voyages \u00e0 P\u00e9king, Manille, et l'Ile de France, faits dans l'intervalle des ann\u00e9es 1784 \u00e0 1801. - Libairie Clavreuil","isPartOf":{"@id":"https:\/\/www.librairieclavreuil.com\/#website"},"primaryImageOfPage":{"@id":"https:\/\/www.librairieclavreuil.com\/en\/guignes-louis-joseph-de-voyages-a-peking-manille-et-lile-de-france-faits-dans-lintervalle-des-annees-1784-a-1801\/#primaryimage"},"image":{"@id":"https:\/\/www.librairieclavreuil.com\/en\/guignes-louis-joseph-de-voyages-a-peking-manille-et-lile-de-france-faits-dans-lintervalle-des-annees-1784-a-1801\/#primaryimage"},"thumbnailUrl":"https:\/\/www.librairieclavreuil.com\/wp-content\/uploads\/2024\/04\/louis-joseph-de-guignes-voyages-a-peking-manille-et-l-ile-de-france-faits-dans-l-intervalle-des-annees-1784-a-1801-7264-65f48d2a79fd6-scaled.jpg","datePublished":"2024-04-24T09:58:34+00:00","dateModified":"2025-01-22T15:28:18+00:00","breadcrumb":{"@id":"https:\/\/www.librairieclavreuil.com\/en\/guignes-louis-joseph-de-voyages-a-peking-manille-et-lile-de-france-faits-dans-lintervalle-des-annees-1784-a-1801\/#breadcrumb"},"inLanguage":"en-US","potentialAction":[{"@type":"ReadAction","target":["https:\/\/www.librairieclavreuil.com\/en\/guignes-louis-joseph-de-voyages-a-peking-manille-et-lile-de-france-faits-dans-lintervalle-des-annees-1784-a-1801\/"]}]},{"@type":"ImageObject","inLanguage":"en-US","@id":"https:\/\/www.librairieclavreuil.com\/en\/guignes-louis-joseph-de-voyages-a-peking-manille-et-lile-de-france-faits-dans-lintervalle-des-annees-1784-a-1801\/#primaryimage","url":"https:\/\/www.librairieclavreuil.com\/wp-content\/uploads\/2024\/04\/louis-joseph-de-guignes-voyages-a-peking-manille-et-l-ile-de-france-faits-dans-l-intervalle-des-annees-1784-a-1801-7264-65f48d2a79fd6-scaled.jpg","contentUrl":"https:\/\/www.librairieclavreuil.com\/wp-content\/uploads\/2024\/04\/louis-joseph-de-guignes-voyages-a-peking-manille-et-l-ile-de-france-faits-dans-l-intervalle-des-annees-1784-a-1801-7264-65f48d2a79fd6-scaled.jpg","width":2560,"height":1702},{"@type":"BreadcrumbList","@id":"https:\/\/www.librairieclavreuil.com\/en\/guignes-louis-joseph-de-voyages-a-peking-manille-et-lile-de-france-faits-dans-lintervalle-des-annees-1784-a-1801\/#breadcrumb","itemListElement":[{"@type":"ListItem","position":1,"name":"Accueil","item":"https:\/\/www.librairieclavreuil.com\/"},{"@type":"ListItem","position":2,"name":"All our books","item":"https:\/\/www.librairieclavreuil.com\/en\/all-our-books\/"},{"@type":"ListItem","position":3,"name":"GUIGNES Louis-Joseph de Voyages \u00e0 P\u00e9king, Manille, et l&#8217;Ile de France, faits dans l&#8217;intervalle des ann\u00e9es 1784 \u00e0 1801."}]},{"@type":"WebSite","@id":"https:\/\/www.librairieclavreuil.com\/#website","url":"https:\/\/www.librairieclavreuil.com\/","name":"Libairie Clavreuil","description":"Livres anciens, manuscrits rares et \u00e9ditions originales \u2013 Librairie Clavreuil","publisher":{"@id":"https:\/\/www.librairieclavreuil.com\/#organization"},"potentialAction":[{"@type":"SearchAction","target":{"@type":"EntryPoint","urlTemplate":"https:\/\/www.librairieclavreuil.com\/?s={search_term_string}"},"query-input":{"@type":"PropertyValueSpecification","valueRequired":true,"valueName":"search_term_string"}}],"inLanguage":"en-US"},{"@type":"Organization","@id":"https:\/\/www.librairieclavreuil.com\/#organization","name":"Libairie Clavreuil","url":"https:\/\/www.librairieclavreuil.com\/","logo":{"@type":"ImageObject","inLanguage":"en-US","@id":"https:\/\/www.librairieclavreuil.com\/#\/schema\/logo\/image\/","url":"https:\/\/www.librairieclavreuil.com\/wp-content\/uploads\/2021\/06\/cropped-LOGO_PNG_DATE-_gold-512x512-1.png","contentUrl":"https:\/\/www.librairieclavreuil.com\/wp-content\/uploads\/2021\/06\/cropped-LOGO_PNG_DATE-_gold-512x512-1.png","width":512,"height":512,"caption":"Libairie Clavreuil"},"image":{"@id":"https:\/\/www.librairieclavreuil.com\/#\/schema\/logo\/image\/"},"sameAs":["https:\/\/www.instagram.com\/librairieclavreuil\/"]}]}},"jetpack_sharing_enabled":true,"_links":{"self":[{"href":"https:\/\/www.librairieclavreuil.com\/en\/wp-json\/wp\/v2\/product\/75039","targetHints":{"allow":["GET"]}}],"collection":[{"href":"https:\/\/www.librairieclavreuil.com\/en\/wp-json\/wp\/v2\/product"}],"about":[{"href":"https:\/\/www.librairieclavreuil.com\/en\/wp-json\/wp\/v2\/types\/product"}],"replies":[{"embeddable":true,"href":"https:\/\/www.librairieclavreuil.com\/en\/wp-json\/wp\/v2\/comments?post=75039"}],"wp:featuredmedia":[{"embeddable":true,"href":"https:\/\/www.librairieclavreuil.com\/en\/wp-json\/wp\/v2\/media\/75028"}],"wp:attachment":[{"href":"https:\/\/www.librairieclavreuil.com\/en\/wp-json\/wp\/v2\/media?parent=75039"}],"wp:term":[{"taxonomy":"product_brand","embeddable":true,"href":"https:\/\/www.librairieclavreuil.com\/en\/wp-json\/wp\/v2\/product_brand?post=75039"},{"taxonomy":"product_cat","embeddable":true,"href":"https:\/\/www.librairieclavreuil.com\/en\/wp-json\/wp\/v2\/product_cat?post=75039"},{"taxonomy":"product_tag","embeddable":true,"href":"https:\/\/www.librairieclavreuil.com\/en\/wp-json\/wp\/v2\/product_tag?post=75039"}],"curies":[{"name":"wp","href":"https:\/\/api.w.org\/{rel}","templated":true}]}}