{"id":75015,"date":"2024-04-24T11:55:54","date_gmt":"2024-04-24T09:55:54","guid":{"rendered":"https:\/\/clavreuil-wordpress.logiciel-arteo.fr\/engel-samuel-remarques-sur-la-partie-de-la-relation-du-voyage-du-capitaine-cook-qui-concerne-le-detroit-entre-lasie-et-lamerique-dans-une-lettre-traduite-de-lallemand-pouvant-servir-de-suit\/"},"modified":"2024-07-17T14:43:51","modified_gmt":"2024-07-17T12:43:51","slug":"engel-samuel-remarques-sur-la-partie-de-la-relation-du-voyage-du-capitaine-cook-qui-concerne-le-detroit-entre-lasie-et-lamerique-dans-une-lettre-traduite-de-lallemand-pouvant-servir-de-suit","status":"publish","type":"product","link":"https:\/\/www.librairieclavreuil.com\/en\/engel-samuel-remarques-sur-la-partie-de-la-relation-du-voyage-du-capitaine-cook-qui-concerne-le-detroit-entre-lasie-et-lamerique-dans-une-lettre-traduite-de-lallemand-pouvant-servir-de-suit\/","title":{"rendered":"ENGEL Samuel Remarques sur la partie de la..."},"content":{"rendered":"<p style=\"text-align:justify\"><i>Sabin, 22575 ; Lada-Mocarski, 30 (note) ; Hordern House, Captain James Cook Collection (Robert &amp; Mary Anne Parks collection), 63 (Berne issue) ; Forbes, Hawaiian National Bibliography, 29 (&#8220;the text of this is printed from the same setting of type as the Berne edition, the title leaf only having been reset ; the woodcut vignettes on the title and at end of the text and the folding map are identical to those in the Berne edition&#8221;); not in Hill.<\/i><\/p>\n<p style=\"text-align:justify\"><span style=\"font-variant:small-caps\">First edition of the French translation, Geneva issue (there was another issue published in Bern the same year).<\/span><\/p>\n<p style=\"text-align:justify\">A very scarce book relating to Cook&#8217;s third voyage. The exploration of the Bering Strait and the search for the Northwest passage had been one of the most important tasks for Cook&#8217;s last voyage in the Pacific. The region was explored at length by Cook in 1778, and again by Clerke, after his former commander\u2019s death, in 1779.<\/p>\n<p style=\"text-align:justify\">The folding map contains two separate charts of Bering Strait and the northwest coast; it was engraved in Z\u00fcrich by Rodolf Holzhalb. New regarding their findings was keenly awaited in Europe, where a controversy raged between Engle on eh one hand and geographers Anton Friedrich B\u00fcsching and G.F. M\u00fcller on the other. Engel\u2019s opponents had attacked his \u201ctheory and assumptions regarding the Bering Strait. This was the era of passionate controversy about the figuration of Alaska and northwest coast, as well as the existence of the Northwest passage\u201d (Lada-Mocarski). Engel, the distinguished Swiss geographer and economist, was a prolific writer on the North Pacific. This book had first appeared in a much slighter form in German in 1780, but without the map. It is worth pointing out that the catalyst for this publication wa the entry of the death of Captain Cook and the discovery of Hawaii in B\u00fcsching\u2019s influential weekly journal the W\u00f6chentliche Nachrichten, now better known as the first entry in Forbes\u2019 Hawaiian National Bibliography. Engel had taken exception to B\u00fcsching\u2019s critique of his theory, and this work was his response.<\/p>\n<p style=\"text-align:justify\">Very good copy, upper corner of the title restored.<\/p>\n","protected":false},"excerpt":{"rendered":"<p style=\"text-align:justify\">4to (233 x 190 mm) title-page and 26 pp., 1 folding map with 2 maps coloured in outline. Modern calf backed boards, bound in style.<\/p>\n","protected":false},"featured_media":75008,"comment_status":"open","ping_status":"closed","template":"","meta":{"_acf_changed":false},"product_brand":[],"product_cat":[15],"product_tag":[],"class_list":{"0":"post-75015","1":"product","2":"type-product","3":"status-publish","4":"has-post-thumbnail","6":"product_cat-uncategorized","7":"pa_auteur-engel-samuel-2","8":"pa_type-de-livre-printed-book","10":"first","11":"instock","12":"shipping-taxable","13":"purchasable","14":"product-type-simple"},"acf":{"artist":" Samuel ENGEL","chapeau":"Bering Strait and the Northwest Passage","adresse_bibliographique":"Gen\u00e8ve, Jean-Emmanuel Didier, 1781","book_type":"Printed book","provenance":"","afficher_prix":""},"yoast_head":"<!-- This site is optimized with the Yoast SEO plugin v24.7 - https:\/\/yoast.com\/wordpress\/plugins\/seo\/ -->\n<title>ENGEL Samuel Remarques sur la partie de la relation du voyage du capitaine Cook, qui concerne le d\u00e9troit entre l&#039;Asie et l&#039;Am\u00e9rique, dans une lettre. Traduite de l&#039;allemand, pouvant servir de suite au m\u00e9moire du m\u00eame auteur de 1779. - Libairie Clavreuil<\/title>\n<meta name=\"robots\" content=\"index, follow, max-snippet:-1, max-image-preview:large, max-video-preview:-1\" \/>\n<link rel=\"canonical\" href=\"https:\/\/www.librairieclavreuil.com\/en\/engel-samuel-remarques-sur-la-partie-de-la-relation-du-voyage-du-capitaine-cook-qui-concerne-le-detroit-entre-lasie-et-lamerique-dans-une-lettre-traduite-de-lallemand-pouvant-servir-de-suit\/\" \/>\n<meta property=\"og:locale\" content=\"en_US\" \/>\n<meta property=\"og:type\" content=\"article\" \/>\n<meta property=\"og:title\" content=\"ENGEL Samuel Remarques sur la partie de la relation du voyage du capitaine Cook, qui concerne le d\u00e9troit entre l&#039;Asie et l&#039;Am\u00e9rique, dans une lettre. Traduite de l&#039;allemand, pouvant servir de suite au m\u00e9moire du m\u00eame auteur de 1779. - Libairie Clavreuil\" \/>\n<meta property=\"og:description\" content=\"4to (233 x 190 mm) title-page and 26 pp., 1 folding map with 2 maps coloured in outline. Modern calf backed boards, bound in style.\" \/>\n<meta property=\"og:url\" content=\"https:\/\/www.librairieclavreuil.com\/en\/engel-samuel-remarques-sur-la-partie-de-la-relation-du-voyage-du-capitaine-cook-qui-concerne-le-detroit-entre-lasie-et-lamerique-dans-une-lettre-traduite-de-lallemand-pouvant-servir-de-suit\/\" \/>\n<meta property=\"og:site_name\" content=\"Libairie Clavreuil\" \/>\n<meta property=\"article:modified_time\" content=\"2024-07-17T12:43:51+00:00\" \/>\n<meta property=\"og:image\" content=\"https:\/\/www.librairieclavreuil.com\/wp-content\/uploads\/2024\/04\/samuel-engel-remarques-sur-la-partie-de-la-relation-du-voyage-du-capitaine-cook-qui-concerne-le-detroit-entre-l-asie-et-l-amerique-dans-une-lettre-tra-scaled.jpg\" \/>\n\t<meta property=\"og:image:width\" content=\"2560\" \/>\n\t<meta property=\"og:image:height\" content=\"1956\" \/>\n\t<meta property=\"og:image:type\" content=\"image\/jpeg\" \/>\n<meta name=\"twitter:card\" content=\"summary_large_image\" \/>\n<meta name=\"twitter:label1\" content=\"Est. reading time\" \/>\n\t<meta name=\"twitter:data1\" content=\"2 minutes\" \/>\n<script type=\"application\/ld+json\" class=\"yoast-schema-graph\">{\"@context\":\"https:\/\/schema.org\",\"@graph\":[{\"@type\":\"WebPage\",\"@id\":\"https:\/\/www.librairieclavreuil.com\/en\/engel-samuel-remarques-sur-la-partie-de-la-relation-du-voyage-du-capitaine-cook-qui-concerne-le-detroit-entre-lasie-et-lamerique-dans-une-lettre-traduite-de-lallemand-pouvant-servir-de-suit\/\",\"url\":\"https:\/\/www.librairieclavreuil.com\/en\/engel-samuel-remarques-sur-la-partie-de-la-relation-du-voyage-du-capitaine-cook-qui-concerne-le-detroit-entre-lasie-et-lamerique-dans-une-lettre-traduite-de-lallemand-pouvant-servir-de-suit\/\",\"name\":\"ENGEL Samuel Remarques sur la partie de la relation du voyage du capitaine Cook, qui concerne le d\u00e9troit entre l'Asie et l'Am\u00e9rique, dans une lettre. Traduite de l'allemand, pouvant servir de suite au m\u00e9moire du m\u00eame auteur de 1779. - Libairie Clavreuil\",\"isPartOf\":{\"@id\":\"https:\/\/www.librairieclavreuil.com\/#website\"},\"primaryImageOfPage\":{\"@id\":\"https:\/\/www.librairieclavreuil.com\/en\/engel-samuel-remarques-sur-la-partie-de-la-relation-du-voyage-du-capitaine-cook-qui-concerne-le-detroit-entre-lasie-et-lamerique-dans-une-lettre-traduite-de-lallemand-pouvant-servir-de-suit\/#primaryimage\"},\"image\":{\"@id\":\"https:\/\/www.librairieclavreuil.com\/en\/engel-samuel-remarques-sur-la-partie-de-la-relation-du-voyage-du-capitaine-cook-qui-concerne-le-detroit-entre-lasie-et-lamerique-dans-une-lettre-traduite-de-lallemand-pouvant-servir-de-suit\/#primaryimage\"},\"thumbnailUrl\":\"https:\/\/www.librairieclavreuil.com\/wp-content\/uploads\/2024\/04\/samuel-engel-remarques-sur-la-partie-de-la-relation-du-voyage-du-capitaine-cook-qui-concerne-le-detroit-entre-l-asie-et-l-amerique-dans-une-lettre-tra-scaled.jpg\",\"datePublished\":\"2024-04-24T09:55:54+00:00\",\"dateModified\":\"2024-07-17T12:43:51+00:00\",\"breadcrumb\":{\"@id\":\"https:\/\/www.librairieclavreuil.com\/en\/engel-samuel-remarques-sur-la-partie-de-la-relation-du-voyage-du-capitaine-cook-qui-concerne-le-detroit-entre-lasie-et-lamerique-dans-une-lettre-traduite-de-lallemand-pouvant-servir-de-suit\/#breadcrumb\"},\"inLanguage\":\"en-US\",\"potentialAction\":[{\"@type\":\"ReadAction\",\"target\":[\"https:\/\/www.librairieclavreuil.com\/en\/engel-samuel-remarques-sur-la-partie-de-la-relation-du-voyage-du-capitaine-cook-qui-concerne-le-detroit-entre-lasie-et-lamerique-dans-une-lettre-traduite-de-lallemand-pouvant-servir-de-suit\/\"]}]},{\"@type\":\"ImageObject\",\"inLanguage\":\"en-US\",\"@id\":\"https:\/\/www.librairieclavreuil.com\/en\/engel-samuel-remarques-sur-la-partie-de-la-relation-du-voyage-du-capitaine-cook-qui-concerne-le-detroit-entre-lasie-et-lamerique-dans-une-lettre-traduite-de-lallemand-pouvant-servir-de-suit\/#primaryimage\",\"url\":\"https:\/\/www.librairieclavreuil.com\/wp-content\/uploads\/2024\/04\/samuel-engel-remarques-sur-la-partie-de-la-relation-du-voyage-du-capitaine-cook-qui-concerne-le-detroit-entre-l-asie-et-l-amerique-dans-une-lettre-tra-scaled.jpg\",\"contentUrl\":\"https:\/\/www.librairieclavreuil.com\/wp-content\/uploads\/2024\/04\/samuel-engel-remarques-sur-la-partie-de-la-relation-du-voyage-du-capitaine-cook-qui-concerne-le-detroit-entre-l-asie-et-l-amerique-dans-une-lettre-tra-scaled.jpg\",\"width\":2560,\"height\":1956},{\"@type\":\"BreadcrumbList\",\"@id\":\"https:\/\/www.librairieclavreuil.com\/en\/engel-samuel-remarques-sur-la-partie-de-la-relation-du-voyage-du-capitaine-cook-qui-concerne-le-detroit-entre-lasie-et-lamerique-dans-une-lettre-traduite-de-lallemand-pouvant-servir-de-suit\/#breadcrumb\",\"itemListElement\":[{\"@type\":\"ListItem\",\"position\":1,\"name\":\"Accueil\",\"item\":\"https:\/\/www.librairieclavreuil.com\/\"},{\"@type\":\"ListItem\",\"position\":2,\"name\":\"All our books\",\"item\":\"https:\/\/www.librairieclavreuil.com\/en\/all-our-books\/\"},{\"@type\":\"ListItem\",\"position\":3,\"name\":\"ENGEL Samuel Remarques sur la partie de la relation du voyage du capitaine Cook, qui concerne le d\u00e9troit entre l&#8217;Asie et l&#8217;Am\u00e9rique, dans une lettre. Traduite de l&#8217;allemand, pouvant servir de suite au m\u00e9moire du m\u00eame auteur de 1779.\"}]},{\"@type\":\"WebSite\",\"@id\":\"https:\/\/www.librairieclavreuil.com\/#website\",\"url\":\"https:\/\/www.librairieclavreuil.com\/\",\"name\":\"Libairie Clavreuil\",\"description\":\"Livres anciens, manuscrits rares et \u00e9ditions originales \u2013 Librairie Clavreuil\",\"publisher\":{\"@id\":\"https:\/\/www.librairieclavreuil.com\/#organization\"},\"potentialAction\":[{\"@type\":\"SearchAction\",\"target\":{\"@type\":\"EntryPoint\",\"urlTemplate\":\"https:\/\/www.librairieclavreuil.com\/?s={search_term_string}\"},\"query-input\":{\"@type\":\"PropertyValueSpecification\",\"valueRequired\":true,\"valueName\":\"search_term_string\"}}],\"inLanguage\":\"en-US\"},{\"@type\":\"Organization\",\"@id\":\"https:\/\/www.librairieclavreuil.com\/#organization\",\"name\":\"Libairie Clavreuil\",\"url\":\"https:\/\/www.librairieclavreuil.com\/\",\"logo\":{\"@type\":\"ImageObject\",\"inLanguage\":\"en-US\",\"@id\":\"https:\/\/www.librairieclavreuil.com\/#\/schema\/logo\/image\/\",\"url\":\"https:\/\/www.librairieclavreuil.com\/wp-content\/uploads\/2021\/06\/cropped-LOGO_PNG_DATE-_gold-512x512-1.png\",\"contentUrl\":\"https:\/\/www.librairieclavreuil.com\/wp-content\/uploads\/2021\/06\/cropped-LOGO_PNG_DATE-_gold-512x512-1.png\",\"width\":512,\"height\":512,\"caption\":\"Libairie Clavreuil\"},\"image\":{\"@id\":\"https:\/\/www.librairieclavreuil.com\/#\/schema\/logo\/image\/\"},\"sameAs\":[\"https:\/\/www.instagram.com\/librairieclavreuil\/\"]}]}<\/script>\n<!-- \/ Yoast SEO plugin. -->","yoast_head_json":{"title":"ENGEL Samuel Remarques sur la partie de la relation du voyage du capitaine Cook, qui concerne le d\u00e9troit entre l'Asie et l'Am\u00e9rique, dans une lettre. Traduite de l'allemand, pouvant servir de suite au m\u00e9moire du m\u00eame auteur de 1779. - Libairie Clavreuil","robots":{"index":"index","follow":"follow","max-snippet":"max-snippet:-1","max-image-preview":"max-image-preview:large","max-video-preview":"max-video-preview:-1"},"canonical":"https:\/\/www.librairieclavreuil.com\/en\/engel-samuel-remarques-sur-la-partie-de-la-relation-du-voyage-du-capitaine-cook-qui-concerne-le-detroit-entre-lasie-et-lamerique-dans-une-lettre-traduite-de-lallemand-pouvant-servir-de-suit\/","og_locale":"en_US","og_type":"article","og_title":"ENGEL Samuel Remarques sur la partie de la relation du voyage du capitaine Cook, qui concerne le d\u00e9troit entre l'Asie et l'Am\u00e9rique, dans une lettre. Traduite de l'allemand, pouvant servir de suite au m\u00e9moire du m\u00eame auteur de 1779. - Libairie Clavreuil","og_description":"4to (233 x 190 mm) title-page and 26 pp., 1 folding map with 2 maps coloured in outline. Modern calf backed boards, bound in style.","og_url":"https:\/\/www.librairieclavreuil.com\/en\/engel-samuel-remarques-sur-la-partie-de-la-relation-du-voyage-du-capitaine-cook-qui-concerne-le-detroit-entre-lasie-et-lamerique-dans-une-lettre-traduite-de-lallemand-pouvant-servir-de-suit\/","og_site_name":"Libairie Clavreuil","article_modified_time":"2024-07-17T12:43:51+00:00","og_image":[{"width":2560,"height":1956,"url":"https:\/\/www.librairieclavreuil.com\/wp-content\/uploads\/2024\/04\/samuel-engel-remarques-sur-la-partie-de-la-relation-du-voyage-du-capitaine-cook-qui-concerne-le-detroit-entre-l-asie-et-l-amerique-dans-une-lettre-tra-scaled.jpg","type":"image\/jpeg"}],"twitter_card":"summary_large_image","twitter_misc":{"Est. reading time":"2 minutes"},"schema":{"@context":"https:\/\/schema.org","@graph":[{"@type":"WebPage","@id":"https:\/\/www.librairieclavreuil.com\/en\/engel-samuel-remarques-sur-la-partie-de-la-relation-du-voyage-du-capitaine-cook-qui-concerne-le-detroit-entre-lasie-et-lamerique-dans-une-lettre-traduite-de-lallemand-pouvant-servir-de-suit\/","url":"https:\/\/www.librairieclavreuil.com\/en\/engel-samuel-remarques-sur-la-partie-de-la-relation-du-voyage-du-capitaine-cook-qui-concerne-le-detroit-entre-lasie-et-lamerique-dans-une-lettre-traduite-de-lallemand-pouvant-servir-de-suit\/","name":"ENGEL Samuel Remarques sur la partie de la relation du voyage du capitaine Cook, qui concerne le d\u00e9troit entre l'Asie et l'Am\u00e9rique, dans une lettre. Traduite de l'allemand, pouvant servir de suite au m\u00e9moire du m\u00eame auteur de 1779. - Libairie Clavreuil","isPartOf":{"@id":"https:\/\/www.librairieclavreuil.com\/#website"},"primaryImageOfPage":{"@id":"https:\/\/www.librairieclavreuil.com\/en\/engel-samuel-remarques-sur-la-partie-de-la-relation-du-voyage-du-capitaine-cook-qui-concerne-le-detroit-entre-lasie-et-lamerique-dans-une-lettre-traduite-de-lallemand-pouvant-servir-de-suit\/#primaryimage"},"image":{"@id":"https:\/\/www.librairieclavreuil.com\/en\/engel-samuel-remarques-sur-la-partie-de-la-relation-du-voyage-du-capitaine-cook-qui-concerne-le-detroit-entre-lasie-et-lamerique-dans-une-lettre-traduite-de-lallemand-pouvant-servir-de-suit\/#primaryimage"},"thumbnailUrl":"https:\/\/www.librairieclavreuil.com\/wp-content\/uploads\/2024\/04\/samuel-engel-remarques-sur-la-partie-de-la-relation-du-voyage-du-capitaine-cook-qui-concerne-le-detroit-entre-l-asie-et-l-amerique-dans-une-lettre-tra-scaled.jpg","datePublished":"2024-04-24T09:55:54+00:00","dateModified":"2024-07-17T12:43:51+00:00","breadcrumb":{"@id":"https:\/\/www.librairieclavreuil.com\/en\/engel-samuel-remarques-sur-la-partie-de-la-relation-du-voyage-du-capitaine-cook-qui-concerne-le-detroit-entre-lasie-et-lamerique-dans-une-lettre-traduite-de-lallemand-pouvant-servir-de-suit\/#breadcrumb"},"inLanguage":"en-US","potentialAction":[{"@type":"ReadAction","target":["https:\/\/www.librairieclavreuil.com\/en\/engel-samuel-remarques-sur-la-partie-de-la-relation-du-voyage-du-capitaine-cook-qui-concerne-le-detroit-entre-lasie-et-lamerique-dans-une-lettre-traduite-de-lallemand-pouvant-servir-de-suit\/"]}]},{"@type":"ImageObject","inLanguage":"en-US","@id":"https:\/\/www.librairieclavreuil.com\/en\/engel-samuel-remarques-sur-la-partie-de-la-relation-du-voyage-du-capitaine-cook-qui-concerne-le-detroit-entre-lasie-et-lamerique-dans-une-lettre-traduite-de-lallemand-pouvant-servir-de-suit\/#primaryimage","url":"https:\/\/www.librairieclavreuil.com\/wp-content\/uploads\/2024\/04\/samuel-engel-remarques-sur-la-partie-de-la-relation-du-voyage-du-capitaine-cook-qui-concerne-le-detroit-entre-l-asie-et-l-amerique-dans-une-lettre-tra-scaled.jpg","contentUrl":"https:\/\/www.librairieclavreuil.com\/wp-content\/uploads\/2024\/04\/samuel-engel-remarques-sur-la-partie-de-la-relation-du-voyage-du-capitaine-cook-qui-concerne-le-detroit-entre-l-asie-et-l-amerique-dans-une-lettre-tra-scaled.jpg","width":2560,"height":1956},{"@type":"BreadcrumbList","@id":"https:\/\/www.librairieclavreuil.com\/en\/engel-samuel-remarques-sur-la-partie-de-la-relation-du-voyage-du-capitaine-cook-qui-concerne-le-detroit-entre-lasie-et-lamerique-dans-une-lettre-traduite-de-lallemand-pouvant-servir-de-suit\/#breadcrumb","itemListElement":[{"@type":"ListItem","position":1,"name":"Accueil","item":"https:\/\/www.librairieclavreuil.com\/"},{"@type":"ListItem","position":2,"name":"All our books","item":"https:\/\/www.librairieclavreuil.com\/en\/all-our-books\/"},{"@type":"ListItem","position":3,"name":"ENGEL Samuel Remarques sur la partie de la relation du voyage du capitaine Cook, qui concerne le d\u00e9troit entre l&#8217;Asie et l&#8217;Am\u00e9rique, dans une lettre. Traduite de l&#8217;allemand, pouvant servir de suite au m\u00e9moire du m\u00eame auteur de 1779."}]},{"@type":"WebSite","@id":"https:\/\/www.librairieclavreuil.com\/#website","url":"https:\/\/www.librairieclavreuil.com\/","name":"Libairie Clavreuil","description":"Livres anciens, manuscrits rares et \u00e9ditions originales \u2013 Librairie Clavreuil","publisher":{"@id":"https:\/\/www.librairieclavreuil.com\/#organization"},"potentialAction":[{"@type":"SearchAction","target":{"@type":"EntryPoint","urlTemplate":"https:\/\/www.librairieclavreuil.com\/?s={search_term_string}"},"query-input":{"@type":"PropertyValueSpecification","valueRequired":true,"valueName":"search_term_string"}}],"inLanguage":"en-US"},{"@type":"Organization","@id":"https:\/\/www.librairieclavreuil.com\/#organization","name":"Libairie Clavreuil","url":"https:\/\/www.librairieclavreuil.com\/","logo":{"@type":"ImageObject","inLanguage":"en-US","@id":"https:\/\/www.librairieclavreuil.com\/#\/schema\/logo\/image\/","url":"https:\/\/www.librairieclavreuil.com\/wp-content\/uploads\/2021\/06\/cropped-LOGO_PNG_DATE-_gold-512x512-1.png","contentUrl":"https:\/\/www.librairieclavreuil.com\/wp-content\/uploads\/2021\/06\/cropped-LOGO_PNG_DATE-_gold-512x512-1.png","width":512,"height":512,"caption":"Libairie Clavreuil"},"image":{"@id":"https:\/\/www.librairieclavreuil.com\/#\/schema\/logo\/image\/"},"sameAs":["https:\/\/www.instagram.com\/librairieclavreuil\/"]}]}},"jetpack_sharing_enabled":true,"_links":{"self":[{"href":"https:\/\/www.librairieclavreuil.com\/en\/wp-json\/wp\/v2\/product\/75015","targetHints":{"allow":["GET"]}}],"collection":[{"href":"https:\/\/www.librairieclavreuil.com\/en\/wp-json\/wp\/v2\/product"}],"about":[{"href":"https:\/\/www.librairieclavreuil.com\/en\/wp-json\/wp\/v2\/types\/product"}],"replies":[{"embeddable":true,"href":"https:\/\/www.librairieclavreuil.com\/en\/wp-json\/wp\/v2\/comments?post=75015"}],"wp:featuredmedia":[{"embeddable":true,"href":"https:\/\/www.librairieclavreuil.com\/en\/wp-json\/wp\/v2\/media\/75008"}],"wp:attachment":[{"href":"https:\/\/www.librairieclavreuil.com\/en\/wp-json\/wp\/v2\/media?parent=75015"}],"wp:term":[{"taxonomy":"product_brand","embeddable":true,"href":"https:\/\/www.librairieclavreuil.com\/en\/wp-json\/wp\/v2\/product_brand?post=75015"},{"taxonomy":"product_cat","embeddable":true,"href":"https:\/\/www.librairieclavreuil.com\/en\/wp-json\/wp\/v2\/product_cat?post=75015"},{"taxonomy":"product_tag","embeddable":true,"href":"https:\/\/www.librairieclavreuil.com\/en\/wp-json\/wp\/v2\/product_tag?post=75015"}],"curies":[{"name":"wp","href":"https:\/\/api.w.org\/{rel}","templated":true}]}}