{"id":75007,"date":"2024-04-24T11:54:53","date_gmt":"2024-04-24T09:54:53","guid":{"rendered":"https:\/\/clavreuil-wordpress.logiciel-arteo.fr\/barrere-pierre-nouvelle-relation-de-la-france-equinoxiale-contenant-la-description-des-cotes-de-la-guiane-de-lisle-de-cayenne-le-commerce-de-cette-colonie-les-divers-changemens-arrives-dans\/"},"modified":"2024-07-17T14:43:37","modified_gmt":"2024-07-17T12:43:37","slug":"barrere-pierre-nouvelle-relation-de-la-france-equinoxiale-contenant-la-description-des-cotes-de-la-guiane-de-lisle-de-cayenne-le-commerce-de-cette-colonie-les-divers-changemens-arrives-dans","status":"publish","type":"product","link":"https:\/\/www.librairieclavreuil.com\/en\/barrere-pierre-nouvelle-relation-de-la-france-equinoxiale-contenant-la-description-des-cotes-de-la-guiane-de-lisle-de-cayenne-le-commerce-de-cette-colonie-les-divers-changemens-arrives-dans\/","title":{"rendered":"BARRERE Pierre Nouvelle relation de la France equinoxiale,..."},"content":{"rendered":"<p style=\"text-align:justify\"><i>Sabin, 3604 ; Leclerc (1867), 119 ; Alden, 743\/19.<\/i><\/p>\n<p style=\"text-align:justify\"><span style=\"font-variant:small-caps\">First edition.<\/span><\/p>\n<p style=\"text-align:justify\">The naturalist Pierre Barr\u00e8re (1690-1755), a doctor from Perpignan, travelled to French Guiana in 1722, where he stayed for five years. His account, says Leclerc, &#8220;is much sought-after for its accuracy&#8221;. After his return, Barr\u00e8re obtained the chair of botany at the university of his native town.<\/p>\n<p style=\"text-align:justify\">The copper-engraved illustrations are extremely interesting and comprise 3 maps and 16 fold-out plates: Indians, pirogues, Cayenne roadstead, &#8220;Creole carried in a hammock&#8221;, Indian huts, manatee fishing, indigenous weapons and accessories, &#8220;Indian rifle&#8221;, etc.<\/p>\n<p style=\"text-align:justify\">Contemporary signature on the half-title: &#8220;Choiseul beaupr\u00e9 Duhamel&#8221;: this could be Marie-Anne de Choiseul-Beaupr\u00e9, daughter of Fran\u00e7ois-Joseph of the same name and Nicole de Stainville. She married Fran\u00e7ois, Marquis du Hamel, in 1714. The copy may have belonged to their son \u00c9tienne du Hamel (1716-1781).<\/p>\n<p style=\"text-align:justify\">Nice copy, well bound. Other provenance : De Peren (armorial bookplate).<\/p>\n","protected":false},"excerpt":{"rendered":"<p style=\"text-align:justify\">12mo (165 x 96 mm) 2 nn.ll., 250 pp., 1 nn.l., 19 engraved plates. Contemporary marbled calf, spine gilt raised bands, compartments decorated with a large flower, red morocco lettering piece, red edges.<\/p>\n","protected":false},"featured_media":74998,"comment_status":"open","ping_status":"closed","template":"","meta":{"_acf_changed":false},"product_brand":[],"product_cat":[552],"product_tag":[1363,1450,1373],"class_list":{"0":"post-75007","1":"product","2":"type-product","3":"status-publish","4":"has-post-thumbnail","6":"product_cat-travel","7":"product_tag-caribbean","8":"product_tag-first-edition","9":"product_tag-south-america","10":"pa_auteur-barrere-pierre-2","11":"pa_type-de-livre-printed-book","13":"first","14":"instock","15":"shipping-taxable","16":"purchasable","17":"product-type-simple"},"acf":{"artist":" Pierre BARRERE","chapeau":"","adresse_bibliographique":"Paris, Piget, Damonneville, Durand, 1743","book_type":"Printed book","provenance":"","afficher_prix":""},"yoast_head":"<!-- This site is optimized with the Yoast SEO plugin v24.7 - https:\/\/yoast.com\/wordpress\/plugins\/seo\/ -->\n<title>BARRERE Pierre Nouvelle relation de la France equinoxiale, contenant la Description des C\u00f4tes de la Guiane ; de l&#039;Isle de Cayenne ; le Commerce de cette Colonie ; les divers changemens arriv\u00e9s dans ce Pays ; &amp; les M\u0153urs &amp; Co\u00fbtumes des diff\u00e9rens Peuples Sauvages qui l&#039;habitent. Avec des figures dessin\u00e9es sur les lieux. - Libairie Clavreuil<\/title>\n<meta name=\"robots\" content=\"index, follow, max-snippet:-1, max-image-preview:large, max-video-preview:-1\" \/>\n<link rel=\"canonical\" href=\"https:\/\/www.librairieclavreuil.com\/produit\/barrere-pierre-nouvelle-relation-de-la-france-equinoxiale-contenant-la-description-des-cotes-de-la-guiane-de-lisle-de-cayenne-le-commerce-de-cette-colonie-les-divers-changemens-arrives-dans\/\" \/>\n<meta property=\"og:locale\" content=\"en_US\" \/>\n<meta property=\"og:type\" content=\"article\" \/>\n<meta property=\"og:title\" content=\"BARRERE Pierre Nouvelle relation de la France equinoxiale, contenant la Description des C\u00f4tes de la Guiane ; de l&#039;Isle de Cayenne ; le Commerce de cette Colonie ; les divers changemens arriv\u00e9s dans ce Pays ; &amp; les M\u0153urs &amp; Co\u00fbtumes des diff\u00e9rens Peuples Sauvages qui l&#039;habitent. Avec des figures dessin\u00e9es sur les lieux. - Libairie Clavreuil\" \/>\n<meta property=\"og:description\" content=\"12mo (165 x 96 mm) 2 nn.ll., 250 pp., 1 nn.l., 19 engraved plates. Contemporary marbled calf, spine gilt raised bands, compartments decorated with a large flower, red morocco lettering piece, red edges.\" \/>\n<meta property=\"og:url\" content=\"https:\/\/www.librairieclavreuil.com\/produit\/barrere-pierre-nouvelle-relation-de-la-france-equinoxiale-contenant-la-description-des-cotes-de-la-guiane-de-lisle-de-cayenne-le-commerce-de-cette-colonie-les-divers-changemens-arrives-dans\/\" \/>\n<meta property=\"og:site_name\" content=\"Libairie Clavreuil\" \/>\n<meta property=\"article:modified_time\" content=\"2024-07-17T12:43:37+00:00\" \/>\n<meta property=\"og:image\" content=\"https:\/\/www.librairieclavreuil.com\/wp-content\/uploads\/2024\/04\/pierre-barrere-nouvelle-relation-de-la-france-equinoxiale-contenant-la-description-des-cotes-de-la-guiane-de-l-isle-de-cayenne-le-commerce-de-cette-co-scaled.jpg\" \/>\n\t<meta property=\"og:image:width\" content=\"2349\" \/>\n\t<meta property=\"og:image:height\" content=\"2560\" \/>\n\t<meta property=\"og:image:type\" content=\"image\/jpeg\" \/>\n<meta name=\"twitter:card\" content=\"summary_large_image\" \/>\n<meta name=\"twitter:label1\" content=\"Est. reading time\" \/>\n\t<meta name=\"twitter:data1\" content=\"1 minute\" \/>\n<script type=\"application\/ld+json\" class=\"yoast-schema-graph\">{\"@context\":\"https:\/\/schema.org\",\"@graph\":[{\"@type\":\"WebPage\",\"@id\":\"https:\/\/www.librairieclavreuil.com\/produit\/barrere-pierre-nouvelle-relation-de-la-france-equinoxiale-contenant-la-description-des-cotes-de-la-guiane-de-lisle-de-cayenne-le-commerce-de-cette-colonie-les-divers-changemens-arrives-dans\/\",\"url\":\"https:\/\/www.librairieclavreuil.com\/produit\/barrere-pierre-nouvelle-relation-de-la-france-equinoxiale-contenant-la-description-des-cotes-de-la-guiane-de-lisle-de-cayenne-le-commerce-de-cette-colonie-les-divers-changemens-arrives-dans\/\",\"name\":\"BARRERE Pierre Nouvelle relation de la France equinoxiale, contenant la Description des C\u00f4tes de la Guiane ; de l'Isle de Cayenne ; le Commerce de cette Colonie ; les divers changemens arriv\u00e9s dans ce Pays ; &amp; les M\u0153urs &amp; Co\u00fbtumes des diff\u00e9rens Peuples Sauvages qui l'habitent. Avec des figures dessin\u00e9es sur les lieux. - Libairie Clavreuil\",\"isPartOf\":{\"@id\":\"https:\/\/www.librairieclavreuil.com\/#website\"},\"primaryImageOfPage\":{\"@id\":\"https:\/\/www.librairieclavreuil.com\/produit\/barrere-pierre-nouvelle-relation-de-la-france-equinoxiale-contenant-la-description-des-cotes-de-la-guiane-de-lisle-de-cayenne-le-commerce-de-cette-colonie-les-divers-changemens-arrives-dans\/#primaryimage\"},\"image\":{\"@id\":\"https:\/\/www.librairieclavreuil.com\/produit\/barrere-pierre-nouvelle-relation-de-la-france-equinoxiale-contenant-la-description-des-cotes-de-la-guiane-de-lisle-de-cayenne-le-commerce-de-cette-colonie-les-divers-changemens-arrives-dans\/#primaryimage\"},\"thumbnailUrl\":\"https:\/\/www.librairieclavreuil.com\/wp-content\/uploads\/2024\/04\/pierre-barrere-nouvelle-relation-de-la-france-equinoxiale-contenant-la-description-des-cotes-de-la-guiane-de-l-isle-de-cayenne-le-commerce-de-cette-co-scaled.jpg\",\"datePublished\":\"2024-04-24T09:54:53+00:00\",\"dateModified\":\"2024-07-17T12:43:37+00:00\",\"breadcrumb\":{\"@id\":\"https:\/\/www.librairieclavreuil.com\/produit\/barrere-pierre-nouvelle-relation-de-la-france-equinoxiale-contenant-la-description-des-cotes-de-la-guiane-de-lisle-de-cayenne-le-commerce-de-cette-colonie-les-divers-changemens-arrives-dans\/#breadcrumb\"},\"inLanguage\":\"en-US\",\"potentialAction\":[{\"@type\":\"ReadAction\",\"target\":[\"https:\/\/www.librairieclavreuil.com\/produit\/barrere-pierre-nouvelle-relation-de-la-france-equinoxiale-contenant-la-description-des-cotes-de-la-guiane-de-lisle-de-cayenne-le-commerce-de-cette-colonie-les-divers-changemens-arrives-dans\/\"]}]},{\"@type\":\"ImageObject\",\"inLanguage\":\"en-US\",\"@id\":\"https:\/\/www.librairieclavreuil.com\/produit\/barrere-pierre-nouvelle-relation-de-la-france-equinoxiale-contenant-la-description-des-cotes-de-la-guiane-de-lisle-de-cayenne-le-commerce-de-cette-colonie-les-divers-changemens-arrives-dans\/#primaryimage\",\"url\":\"https:\/\/www.librairieclavreuil.com\/wp-content\/uploads\/2024\/04\/pierre-barrere-nouvelle-relation-de-la-france-equinoxiale-contenant-la-description-des-cotes-de-la-guiane-de-l-isle-de-cayenne-le-commerce-de-cette-co-scaled.jpg\",\"contentUrl\":\"https:\/\/www.librairieclavreuil.com\/wp-content\/uploads\/2024\/04\/pierre-barrere-nouvelle-relation-de-la-france-equinoxiale-contenant-la-description-des-cotes-de-la-guiane-de-l-isle-de-cayenne-le-commerce-de-cette-co-scaled.jpg\",\"width\":2349,\"height\":2560},{\"@type\":\"BreadcrumbList\",\"@id\":\"https:\/\/www.librairieclavreuil.com\/produit\/barrere-pierre-nouvelle-relation-de-la-france-equinoxiale-contenant-la-description-des-cotes-de-la-guiane-de-lisle-de-cayenne-le-commerce-de-cette-colonie-les-divers-changemens-arrives-dans\/#breadcrumb\",\"itemListElement\":[{\"@type\":\"ListItem\",\"position\":1,\"name\":\"Accueil\",\"item\":\"https:\/\/www.librairieclavreuil.com\/\"},{\"@type\":\"ListItem\",\"position\":2,\"name\":\"All our books\",\"item\":\"https:\/\/www.librairieclavreuil.com\/en\/all-our-books\/\"},{\"@type\":\"ListItem\",\"position\":3,\"name\":\"BARRERE Pierre Nouvelle relation de la France equinoxiale,...\"}]},{\"@type\":\"WebSite\",\"@id\":\"https:\/\/www.librairieclavreuil.com\/#website\",\"url\":\"https:\/\/www.librairieclavreuil.com\/\",\"name\":\"Libairie Clavreuil\",\"description\":\"Livres anciens, manuscrits rares et \u00e9ditions originales \u2013 Librairie Clavreuil\",\"publisher\":{\"@id\":\"https:\/\/www.librairieclavreuil.com\/#organization\"},\"potentialAction\":[{\"@type\":\"SearchAction\",\"target\":{\"@type\":\"EntryPoint\",\"urlTemplate\":\"https:\/\/www.librairieclavreuil.com\/?s={search_term_string}\"},\"query-input\":{\"@type\":\"PropertyValueSpecification\",\"valueRequired\":true,\"valueName\":\"search_term_string\"}}],\"inLanguage\":\"en-US\"},{\"@type\":\"Organization\",\"@id\":\"https:\/\/www.librairieclavreuil.com\/#organization\",\"name\":\"Libairie Clavreuil\",\"url\":\"https:\/\/www.librairieclavreuil.com\/\",\"logo\":{\"@type\":\"ImageObject\",\"inLanguage\":\"en-US\",\"@id\":\"https:\/\/www.librairieclavreuil.com\/#\/schema\/logo\/image\/\",\"url\":\"https:\/\/www.librairieclavreuil.com\/wp-content\/uploads\/2021\/06\/cropped-LOGO_PNG_DATE-_gold-512x512-1.png\",\"contentUrl\":\"https:\/\/www.librairieclavreuil.com\/wp-content\/uploads\/2021\/06\/cropped-LOGO_PNG_DATE-_gold-512x512-1.png\",\"width\":512,\"height\":512,\"caption\":\"Libairie Clavreuil\"},\"image\":{\"@id\":\"https:\/\/www.librairieclavreuil.com\/#\/schema\/logo\/image\/\"},\"sameAs\":[\"https:\/\/www.instagram.com\/librairieclavreuil\/\"]}]}<\/script>\n<!-- \/ Yoast SEO plugin. -->","yoast_head_json":{"title":"BARRERE Pierre Nouvelle relation de la France equinoxiale, contenant la Description des C\u00f4tes de la Guiane ; de l'Isle de Cayenne ; le Commerce de cette Colonie ; les divers changemens arriv\u00e9s dans ce Pays ; &amp; les M\u0153urs &amp; Co\u00fbtumes des diff\u00e9rens Peuples Sauvages qui l'habitent. Avec des figures dessin\u00e9es sur les lieux. - Libairie Clavreuil","robots":{"index":"index","follow":"follow","max-snippet":"max-snippet:-1","max-image-preview":"max-image-preview:large","max-video-preview":"max-video-preview:-1"},"canonical":"https:\/\/www.librairieclavreuil.com\/produit\/barrere-pierre-nouvelle-relation-de-la-france-equinoxiale-contenant-la-description-des-cotes-de-la-guiane-de-lisle-de-cayenne-le-commerce-de-cette-colonie-les-divers-changemens-arrives-dans\/","og_locale":"en_US","og_type":"article","og_title":"BARRERE Pierre Nouvelle relation de la France equinoxiale, contenant la Description des C\u00f4tes de la Guiane ; de l'Isle de Cayenne ; le Commerce de cette Colonie ; les divers changemens arriv\u00e9s dans ce Pays ; &amp; les M\u0153urs &amp; Co\u00fbtumes des diff\u00e9rens Peuples Sauvages qui l'habitent. Avec des figures dessin\u00e9es sur les lieux. - Libairie Clavreuil","og_description":"12mo (165 x 96 mm) 2 nn.ll., 250 pp., 1 nn.l., 19 engraved plates. Contemporary marbled calf, spine gilt raised bands, compartments decorated with a large flower, red morocco lettering piece, red edges.","og_url":"https:\/\/www.librairieclavreuil.com\/produit\/barrere-pierre-nouvelle-relation-de-la-france-equinoxiale-contenant-la-description-des-cotes-de-la-guiane-de-lisle-de-cayenne-le-commerce-de-cette-colonie-les-divers-changemens-arrives-dans\/","og_site_name":"Libairie Clavreuil","article_modified_time":"2024-07-17T12:43:37+00:00","og_image":[{"width":2349,"height":2560,"url":"https:\/\/www.librairieclavreuil.com\/wp-content\/uploads\/2024\/04\/pierre-barrere-nouvelle-relation-de-la-france-equinoxiale-contenant-la-description-des-cotes-de-la-guiane-de-l-isle-de-cayenne-le-commerce-de-cette-co-scaled.jpg","type":"image\/jpeg"}],"twitter_card":"summary_large_image","twitter_misc":{"Est. reading time":"1 minute"},"schema":{"@context":"https:\/\/schema.org","@graph":[{"@type":"WebPage","@id":"https:\/\/www.librairieclavreuil.com\/produit\/barrere-pierre-nouvelle-relation-de-la-france-equinoxiale-contenant-la-description-des-cotes-de-la-guiane-de-lisle-de-cayenne-le-commerce-de-cette-colonie-les-divers-changemens-arrives-dans\/","url":"https:\/\/www.librairieclavreuil.com\/produit\/barrere-pierre-nouvelle-relation-de-la-france-equinoxiale-contenant-la-description-des-cotes-de-la-guiane-de-lisle-de-cayenne-le-commerce-de-cette-colonie-les-divers-changemens-arrives-dans\/","name":"BARRERE Pierre Nouvelle relation de la France equinoxiale, contenant la Description des C\u00f4tes de la Guiane ; de l'Isle de Cayenne ; le Commerce de cette Colonie ; les divers changemens arriv\u00e9s dans ce Pays ; &amp; les M\u0153urs &amp; Co\u00fbtumes des diff\u00e9rens Peuples Sauvages qui l'habitent. Avec des figures dessin\u00e9es sur les lieux. - Libairie Clavreuil","isPartOf":{"@id":"https:\/\/www.librairieclavreuil.com\/#website"},"primaryImageOfPage":{"@id":"https:\/\/www.librairieclavreuil.com\/produit\/barrere-pierre-nouvelle-relation-de-la-france-equinoxiale-contenant-la-description-des-cotes-de-la-guiane-de-lisle-de-cayenne-le-commerce-de-cette-colonie-les-divers-changemens-arrives-dans\/#primaryimage"},"image":{"@id":"https:\/\/www.librairieclavreuil.com\/produit\/barrere-pierre-nouvelle-relation-de-la-france-equinoxiale-contenant-la-description-des-cotes-de-la-guiane-de-lisle-de-cayenne-le-commerce-de-cette-colonie-les-divers-changemens-arrives-dans\/#primaryimage"},"thumbnailUrl":"https:\/\/www.librairieclavreuil.com\/wp-content\/uploads\/2024\/04\/pierre-barrere-nouvelle-relation-de-la-france-equinoxiale-contenant-la-description-des-cotes-de-la-guiane-de-l-isle-de-cayenne-le-commerce-de-cette-co-scaled.jpg","datePublished":"2024-04-24T09:54:53+00:00","dateModified":"2024-07-17T12:43:37+00:00","breadcrumb":{"@id":"https:\/\/www.librairieclavreuil.com\/produit\/barrere-pierre-nouvelle-relation-de-la-france-equinoxiale-contenant-la-description-des-cotes-de-la-guiane-de-lisle-de-cayenne-le-commerce-de-cette-colonie-les-divers-changemens-arrives-dans\/#breadcrumb"},"inLanguage":"en-US","potentialAction":[{"@type":"ReadAction","target":["https:\/\/www.librairieclavreuil.com\/produit\/barrere-pierre-nouvelle-relation-de-la-france-equinoxiale-contenant-la-description-des-cotes-de-la-guiane-de-lisle-de-cayenne-le-commerce-de-cette-colonie-les-divers-changemens-arrives-dans\/"]}]},{"@type":"ImageObject","inLanguage":"en-US","@id":"https:\/\/www.librairieclavreuil.com\/produit\/barrere-pierre-nouvelle-relation-de-la-france-equinoxiale-contenant-la-description-des-cotes-de-la-guiane-de-lisle-de-cayenne-le-commerce-de-cette-colonie-les-divers-changemens-arrives-dans\/#primaryimage","url":"https:\/\/www.librairieclavreuil.com\/wp-content\/uploads\/2024\/04\/pierre-barrere-nouvelle-relation-de-la-france-equinoxiale-contenant-la-description-des-cotes-de-la-guiane-de-l-isle-de-cayenne-le-commerce-de-cette-co-scaled.jpg","contentUrl":"https:\/\/www.librairieclavreuil.com\/wp-content\/uploads\/2024\/04\/pierre-barrere-nouvelle-relation-de-la-france-equinoxiale-contenant-la-description-des-cotes-de-la-guiane-de-l-isle-de-cayenne-le-commerce-de-cette-co-scaled.jpg","width":2349,"height":2560},{"@type":"BreadcrumbList","@id":"https:\/\/www.librairieclavreuil.com\/produit\/barrere-pierre-nouvelle-relation-de-la-france-equinoxiale-contenant-la-description-des-cotes-de-la-guiane-de-lisle-de-cayenne-le-commerce-de-cette-colonie-les-divers-changemens-arrives-dans\/#breadcrumb","itemListElement":[{"@type":"ListItem","position":1,"name":"Accueil","item":"https:\/\/www.librairieclavreuil.com\/"},{"@type":"ListItem","position":2,"name":"All our books","item":"https:\/\/www.librairieclavreuil.com\/en\/all-our-books\/"},{"@type":"ListItem","position":3,"name":"BARRERE Pierre Nouvelle relation de la France equinoxiale,..."}]},{"@type":"WebSite","@id":"https:\/\/www.librairieclavreuil.com\/#website","url":"https:\/\/www.librairieclavreuil.com\/","name":"Libairie Clavreuil","description":"Livres anciens, manuscrits rares et \u00e9ditions originales \u2013 Librairie Clavreuil","publisher":{"@id":"https:\/\/www.librairieclavreuil.com\/#organization"},"potentialAction":[{"@type":"SearchAction","target":{"@type":"EntryPoint","urlTemplate":"https:\/\/www.librairieclavreuil.com\/?s={search_term_string}"},"query-input":{"@type":"PropertyValueSpecification","valueRequired":true,"valueName":"search_term_string"}}],"inLanguage":"en-US"},{"@type":"Organization","@id":"https:\/\/www.librairieclavreuil.com\/#organization","name":"Libairie Clavreuil","url":"https:\/\/www.librairieclavreuil.com\/","logo":{"@type":"ImageObject","inLanguage":"en-US","@id":"https:\/\/www.librairieclavreuil.com\/#\/schema\/logo\/image\/","url":"https:\/\/www.librairieclavreuil.com\/wp-content\/uploads\/2021\/06\/cropped-LOGO_PNG_DATE-_gold-512x512-1.png","contentUrl":"https:\/\/www.librairieclavreuil.com\/wp-content\/uploads\/2021\/06\/cropped-LOGO_PNG_DATE-_gold-512x512-1.png","width":512,"height":512,"caption":"Libairie Clavreuil"},"image":{"@id":"https:\/\/www.librairieclavreuil.com\/#\/schema\/logo\/image\/"},"sameAs":["https:\/\/www.instagram.com\/librairieclavreuil\/"]}]}},"jetpack_sharing_enabled":true,"_links":{"self":[{"href":"https:\/\/www.librairieclavreuil.com\/en\/wp-json\/wp\/v2\/product\/75007","targetHints":{"allow":["GET"]}}],"collection":[{"href":"https:\/\/www.librairieclavreuil.com\/en\/wp-json\/wp\/v2\/product"}],"about":[{"href":"https:\/\/www.librairieclavreuil.com\/en\/wp-json\/wp\/v2\/types\/product"}],"replies":[{"embeddable":true,"href":"https:\/\/www.librairieclavreuil.com\/en\/wp-json\/wp\/v2\/comments?post=75007"}],"wp:featuredmedia":[{"embeddable":true,"href":"https:\/\/www.librairieclavreuil.com\/en\/wp-json\/wp\/v2\/media\/74998"}],"wp:attachment":[{"href":"https:\/\/www.librairieclavreuil.com\/en\/wp-json\/wp\/v2\/media?parent=75007"}],"wp:term":[{"taxonomy":"product_brand","embeddable":true,"href":"https:\/\/www.librairieclavreuil.com\/en\/wp-json\/wp\/v2\/product_brand?post=75007"},{"taxonomy":"product_cat","embeddable":true,"href":"https:\/\/www.librairieclavreuil.com\/en\/wp-json\/wp\/v2\/product_cat?post=75007"},{"taxonomy":"product_tag","embeddable":true,"href":"https:\/\/www.librairieclavreuil.com\/en\/wp-json\/wp\/v2\/product_tag?post=75007"}],"curies":[{"name":"wp","href":"https:\/\/api.w.org\/{rel}","templated":true}]}}