{"id":74971,"date":"2024-04-24T11:51:59","date_gmt":"2024-04-24T09:51:59","guid":{"rendered":"https:\/\/clavreuil-wordpress.logiciel-arteo.fr\/le-gobien-charles-histoire-des-isles-marianes-nouvellement-converties-a-la-religion-chrestienne-la-mort-glorieuse-des-premiers-missionnaires-qui-y-ont-preche-la-foy\/"},"modified":"2024-07-17T14:42:52","modified_gmt":"2024-07-17T12:42:52","slug":"le-gobien-charles-histoire-des-isles-marianes-nouvellement-converties-a-la-religion-chrestienne-la-mort-glorieuse-des-premiers-missionnaires-qui-y-ont-preche-la-foy","status":"publish","type":"product","link":"https:\/\/www.librairieclavreuil.com\/en\/le-gobien-charles-histoire-des-isles-marianes-nouvellement-converties-a-la-religion-chrestienne-la-mort-glorieuse-des-premiers-missionnaires-qui-y-ont-preche-la-foy\/","title":{"rendered":"LE GOBIEN Charles Histoire des isles Marianes, nouvellement..."},"content":{"rendered":"<p style=\"text-align:justify\"><i>Hill, 1000 ; Brunet, 28230.<\/i><\/p>\n<p style=\"text-align:justify\"><span style=\"font-variant:small-caps\">First edition.<\/span><\/p>\n<p style=\"text-align:justify\">It contains the history of the Christian missions in the Mariana Islands or Ladrones in the north-west Pacific, the main island of which is Guam. Several letters from the first missionaries (Medina, Clain, Sanvitores, etc.) are reproduced in the text. The Jesuit mission there was established by Diego Luis de Sanvitores. Father Le Gobien never visited the Mariana Islands, but based his account mainly on missionaries&#8217; reports and letters sent to him from Rome, Spain, the Netherlands, etc. A letter from P. Clain (pp. 395 ff.) on the discovery of the Caroline Islands is reproduced.<\/p>\n<p style=\"text-align:justify\">Charles Le Gobien (1652-1708) was a French Jesuit writer and the founder of <i>Lettres \u00e9difiantes et curieuses<\/i>, a collection of reports by Jesuit missionaries in China. It is a major source of information for the history of the Catholic missions and life in China at the time. Le Gobien, born in Saint-Malo in Brittany, entered the Society of Jesus on 25 November 1671. As a professor of philosophy and above all as procurator of the Franco-Chinese mission, he sought in a series of articles to arouse interest in the work of Christianising East Asia. In 1697, his <i>Lettres sur les progr\u00e8s de la religion \u00e0 la Chine<\/i> was published in Paris.<\/p>\n<p style=\"text-align:justify\">In connection with the controversy over Chinese rites, he published, among other works, <i>Histoire de l&#8217;\u00e9dit de l&#8217;empereur de la Chine en faveur de la religion chr\u00e9tienne avec un \u00e9claircissement sur les honneurs que les Chinois rendent \u00e0 Confucius et aux morts<\/i> (Paris, 1698); and in 1700, <i>Lettre \u00e0 un Docteur de la Facult\u00e9 de Paris sur les propositions d\u00e9f\u00e9r\u00e9es en Sorbonne par M. Prioux<\/i>. The same year saw the publication in Paris of <i>Histoire des Isles Mariannes nouvellement converties \u00e0 la religion chr\u00e9tienne<\/i>. The second part, translated into Spanish by J. Delgado, can be found in the latter&#8217;s <i>Historia General de Filipinas<\/i> (Manila, 1892). In 1702, Father Le Gobien published <i>Lettres de quelques missionnaires de la Compagnie de J\u00e9sus, \u00e9crites de la Chine et des Indes Orientales<\/i> (Letters from some missionaries of the Society of Jesus, written from China and the East Indies); this was the beginning of the collection that was soon to become famous under the title<i> Lettres \u00e9difiantes et curieuses \u00e9crites des missions \u00e9trang\u00e8res par quelques missionnaires de la Compagnie de J\u00e9sus<\/i>.<\/p>\n<p style=\"text-align:justify\">&#8220;The present book contains numerous accounts of Jesuit attempts to convert the natives of the Marianas to Catholicism and is one of the first detailed works on these islands&#8221; (Hill).<\/p>\n<p style=\"text-align:justify\">Copy complete with its 2 engraved folding maps depicting the Mariana Islands and Guam.<\/p>\n<p style=\"text-align:justify\">Provenance : M. L. de Becdeli\u00e8vre (signature sur le feuillet de d\u00e9dicace).<\/p>\n","protected":false},"excerpt":{"rendered":"<p style=\"text-align:justify\">12mo (159 x 88 mm) 12 nn.ll., 433 pp., 6 nn.ll., 2 engraved folding plates. Contemporary calf, spine gilt with raised bands, red speckled edges (spines slightly restroed).<\/p>\n","protected":false},"featured_media":74964,"comment_status":"open","ping_status":"closed","template":"","meta":{"_acf_changed":false},"product_brand":[],"product_cat":[552],"product_tag":[1382,1450,1387],"class_list":{"0":"post-74971","1":"product","2":"type-product","3":"status-publish","4":"has-post-thumbnail","6":"product_cat-travel","7":"product_tag-asia","8":"product_tag-first-edition","9":"product_tag-philippines-2","10":"pa_auteur-le-gobien-charles-2","11":"pa_type-de-livre-printed-book","13":"first","14":"instock","15":"shipping-taxable","16":"purchasable","17":"product-type-simple"},"acf":{"artist":" Charles LE GOBIEN","chapeau":"","adresse_bibliographique":"Paris, Nicolas P\u00e9pie, 1700","book_type":"Printed book","provenance":"","afficher_prix":""},"yoast_head":"<!-- This site is optimized with the Yoast SEO plugin v24.7 - https:\/\/yoast.com\/wordpress\/plugins\/seo\/ -->\n<title>LE GOBIEN Charles Histoire des isles Marianes, nouvellement converties \u00e0 la religion Chrestienne ; &amp; la mort glorieuse des premiers missionnaires qui y ont pr\u00each\u00e9 la foy. - Libairie Clavreuil<\/title>\n<meta name=\"robots\" content=\"index, follow, max-snippet:-1, max-image-preview:large, max-video-preview:-1\" \/>\n<link rel=\"canonical\" href=\"https:\/\/www.librairieclavreuil.com\/produit\/le-gobien-charles-histoire-des-isles-marianes-nouvellement-converties-a-la-religion-chrestienne-la-mort-glorieuse-des-premiers-missionnaires-qui-y-ont-preche-la-foy\/\" \/>\n<meta property=\"og:locale\" content=\"en_US\" \/>\n<meta property=\"og:type\" content=\"article\" \/>\n<meta property=\"og:title\" content=\"LE GOBIEN Charles Histoire des isles Marianes, nouvellement converties \u00e0 la religion Chrestienne ; &amp; la mort glorieuse des premiers missionnaires qui y ont pr\u00each\u00e9 la foy. - Libairie Clavreuil\" \/>\n<meta property=\"og:description\" content=\"12mo (159 x 88 mm) 12 nn.ll., 433 pp., 6 nn.ll., 2 engraved folding plates. Contemporary calf, spine gilt with raised bands, red speckled edges (spines slightly restroed).\" \/>\n<meta property=\"og:url\" content=\"https:\/\/www.librairieclavreuil.com\/produit\/le-gobien-charles-histoire-des-isles-marianes-nouvellement-converties-a-la-religion-chrestienne-la-mort-glorieuse-des-premiers-missionnaires-qui-y-ont-preche-la-foy\/\" \/>\n<meta property=\"og:site_name\" content=\"Libairie Clavreuil\" \/>\n<meta property=\"article:modified_time\" content=\"2024-07-17T12:42:52+00:00\" \/>\n<meta property=\"og:image\" content=\"https:\/\/www.librairieclavreuil.com\/wp-content\/uploads\/2024\/04\/charles-le-gobien-histoire-des-isles-marianes-nouvellement-converties-a-la-religion-chrestienne-la-mort-glorieuse-des-premiers-missionnaires-qui-y-ont.jpg\" \/>\n\t<meta property=\"og:image:width\" content=\"1444\" \/>\n\t<meta property=\"og:image:height\" content=\"2441\" \/>\n\t<meta property=\"og:image:type\" content=\"image\/jpeg\" \/>\n<meta name=\"twitter:card\" content=\"summary_large_image\" \/>\n<meta name=\"twitter:label1\" content=\"Est. reading time\" \/>\n\t<meta name=\"twitter:data1\" content=\"2 minutes\" \/>\n<script type=\"application\/ld+json\" class=\"yoast-schema-graph\">{\"@context\":\"https:\/\/schema.org\",\"@graph\":[{\"@type\":\"WebPage\",\"@id\":\"https:\/\/www.librairieclavreuil.com\/produit\/le-gobien-charles-histoire-des-isles-marianes-nouvellement-converties-a-la-religion-chrestienne-la-mort-glorieuse-des-premiers-missionnaires-qui-y-ont-preche-la-foy\/\",\"url\":\"https:\/\/www.librairieclavreuil.com\/produit\/le-gobien-charles-histoire-des-isles-marianes-nouvellement-converties-a-la-religion-chrestienne-la-mort-glorieuse-des-premiers-missionnaires-qui-y-ont-preche-la-foy\/\",\"name\":\"LE GOBIEN Charles Histoire des isles Marianes, nouvellement converties \u00e0 la religion Chrestienne ; &amp; la mort glorieuse des premiers missionnaires qui y ont pr\u00each\u00e9 la foy. - Libairie Clavreuil\",\"isPartOf\":{\"@id\":\"https:\/\/www.librairieclavreuil.com\/#website\"},\"primaryImageOfPage\":{\"@id\":\"https:\/\/www.librairieclavreuil.com\/produit\/le-gobien-charles-histoire-des-isles-marianes-nouvellement-converties-a-la-religion-chrestienne-la-mort-glorieuse-des-premiers-missionnaires-qui-y-ont-preche-la-foy\/#primaryimage\"},\"image\":{\"@id\":\"https:\/\/www.librairieclavreuil.com\/produit\/le-gobien-charles-histoire-des-isles-marianes-nouvellement-converties-a-la-religion-chrestienne-la-mort-glorieuse-des-premiers-missionnaires-qui-y-ont-preche-la-foy\/#primaryimage\"},\"thumbnailUrl\":\"https:\/\/www.librairieclavreuil.com\/wp-content\/uploads\/2024\/04\/charles-le-gobien-histoire-des-isles-marianes-nouvellement-converties-a-la-religion-chrestienne-la-mort-glorieuse-des-premiers-missionnaires-qui-y-ont.jpg\",\"datePublished\":\"2024-04-24T09:51:59+00:00\",\"dateModified\":\"2024-07-17T12:42:52+00:00\",\"breadcrumb\":{\"@id\":\"https:\/\/www.librairieclavreuil.com\/produit\/le-gobien-charles-histoire-des-isles-marianes-nouvellement-converties-a-la-religion-chrestienne-la-mort-glorieuse-des-premiers-missionnaires-qui-y-ont-preche-la-foy\/#breadcrumb\"},\"inLanguage\":\"en-US\",\"potentialAction\":[{\"@type\":\"ReadAction\",\"target\":[\"https:\/\/www.librairieclavreuil.com\/produit\/le-gobien-charles-histoire-des-isles-marianes-nouvellement-converties-a-la-religion-chrestienne-la-mort-glorieuse-des-premiers-missionnaires-qui-y-ont-preche-la-foy\/\"]}]},{\"@type\":\"ImageObject\",\"inLanguage\":\"en-US\",\"@id\":\"https:\/\/www.librairieclavreuil.com\/produit\/le-gobien-charles-histoire-des-isles-marianes-nouvellement-converties-a-la-religion-chrestienne-la-mort-glorieuse-des-premiers-missionnaires-qui-y-ont-preche-la-foy\/#primaryimage\",\"url\":\"https:\/\/www.librairieclavreuil.com\/wp-content\/uploads\/2024\/04\/charles-le-gobien-histoire-des-isles-marianes-nouvellement-converties-a-la-religion-chrestienne-la-mort-glorieuse-des-premiers-missionnaires-qui-y-ont.jpg\",\"contentUrl\":\"https:\/\/www.librairieclavreuil.com\/wp-content\/uploads\/2024\/04\/charles-le-gobien-histoire-des-isles-marianes-nouvellement-converties-a-la-religion-chrestienne-la-mort-glorieuse-des-premiers-missionnaires-qui-y-ont.jpg\",\"width\":1444,\"height\":2441},{\"@type\":\"BreadcrumbList\",\"@id\":\"https:\/\/www.librairieclavreuil.com\/produit\/le-gobien-charles-histoire-des-isles-marianes-nouvellement-converties-a-la-religion-chrestienne-la-mort-glorieuse-des-premiers-missionnaires-qui-y-ont-preche-la-foy\/#breadcrumb\",\"itemListElement\":[{\"@type\":\"ListItem\",\"position\":1,\"name\":\"Accueil\",\"item\":\"https:\/\/www.librairieclavreuil.com\/\"},{\"@type\":\"ListItem\",\"position\":2,\"name\":\"All our books\",\"item\":\"https:\/\/www.librairieclavreuil.com\/en\/all-our-books\/\"},{\"@type\":\"ListItem\",\"position\":3,\"name\":\"LE GOBIEN Charles Histoire des isles Marianes, nouvellement...\"}]},{\"@type\":\"WebSite\",\"@id\":\"https:\/\/www.librairieclavreuil.com\/#website\",\"url\":\"https:\/\/www.librairieclavreuil.com\/\",\"name\":\"Libairie Clavreuil\",\"description\":\"Livres anciens, manuscrits rares et \u00e9ditions originales \u2013 Librairie Clavreuil\",\"publisher\":{\"@id\":\"https:\/\/www.librairieclavreuil.com\/#organization\"},\"potentialAction\":[{\"@type\":\"SearchAction\",\"target\":{\"@type\":\"EntryPoint\",\"urlTemplate\":\"https:\/\/www.librairieclavreuil.com\/?s={search_term_string}\"},\"query-input\":{\"@type\":\"PropertyValueSpecification\",\"valueRequired\":true,\"valueName\":\"search_term_string\"}}],\"inLanguage\":\"en-US\"},{\"@type\":\"Organization\",\"@id\":\"https:\/\/www.librairieclavreuil.com\/#organization\",\"name\":\"Libairie Clavreuil\",\"url\":\"https:\/\/www.librairieclavreuil.com\/\",\"logo\":{\"@type\":\"ImageObject\",\"inLanguage\":\"en-US\",\"@id\":\"https:\/\/www.librairieclavreuil.com\/#\/schema\/logo\/image\/\",\"url\":\"https:\/\/www.librairieclavreuil.com\/wp-content\/uploads\/2021\/06\/cropped-LOGO_PNG_DATE-_gold-512x512-1.png\",\"contentUrl\":\"https:\/\/www.librairieclavreuil.com\/wp-content\/uploads\/2021\/06\/cropped-LOGO_PNG_DATE-_gold-512x512-1.png\",\"width\":512,\"height\":512,\"caption\":\"Libairie Clavreuil\"},\"image\":{\"@id\":\"https:\/\/www.librairieclavreuil.com\/#\/schema\/logo\/image\/\"},\"sameAs\":[\"https:\/\/www.instagram.com\/librairieclavreuil\/\"]}]}<\/script>\n<!-- \/ Yoast SEO plugin. -->","yoast_head_json":{"title":"LE GOBIEN Charles Histoire des isles Marianes, nouvellement converties \u00e0 la religion Chrestienne ; &amp; la mort glorieuse des premiers missionnaires qui y ont pr\u00each\u00e9 la foy. - Libairie Clavreuil","robots":{"index":"index","follow":"follow","max-snippet":"max-snippet:-1","max-image-preview":"max-image-preview:large","max-video-preview":"max-video-preview:-1"},"canonical":"https:\/\/www.librairieclavreuil.com\/produit\/le-gobien-charles-histoire-des-isles-marianes-nouvellement-converties-a-la-religion-chrestienne-la-mort-glorieuse-des-premiers-missionnaires-qui-y-ont-preche-la-foy\/","og_locale":"en_US","og_type":"article","og_title":"LE GOBIEN Charles Histoire des isles Marianes, nouvellement converties \u00e0 la religion Chrestienne ; &amp; la mort glorieuse des premiers missionnaires qui y ont pr\u00each\u00e9 la foy. - Libairie Clavreuil","og_description":"12mo (159 x 88 mm) 12 nn.ll., 433 pp., 6 nn.ll., 2 engraved folding plates. Contemporary calf, spine gilt with raised bands, red speckled edges (spines slightly restroed).","og_url":"https:\/\/www.librairieclavreuil.com\/produit\/le-gobien-charles-histoire-des-isles-marianes-nouvellement-converties-a-la-religion-chrestienne-la-mort-glorieuse-des-premiers-missionnaires-qui-y-ont-preche-la-foy\/","og_site_name":"Libairie Clavreuil","article_modified_time":"2024-07-17T12:42:52+00:00","og_image":[{"width":1444,"height":2441,"url":"https:\/\/www.librairieclavreuil.com\/wp-content\/uploads\/2024\/04\/charles-le-gobien-histoire-des-isles-marianes-nouvellement-converties-a-la-religion-chrestienne-la-mort-glorieuse-des-premiers-missionnaires-qui-y-ont.jpg","type":"image\/jpeg"}],"twitter_card":"summary_large_image","twitter_misc":{"Est. reading time":"2 minutes"},"schema":{"@context":"https:\/\/schema.org","@graph":[{"@type":"WebPage","@id":"https:\/\/www.librairieclavreuil.com\/produit\/le-gobien-charles-histoire-des-isles-marianes-nouvellement-converties-a-la-religion-chrestienne-la-mort-glorieuse-des-premiers-missionnaires-qui-y-ont-preche-la-foy\/","url":"https:\/\/www.librairieclavreuil.com\/produit\/le-gobien-charles-histoire-des-isles-marianes-nouvellement-converties-a-la-religion-chrestienne-la-mort-glorieuse-des-premiers-missionnaires-qui-y-ont-preche-la-foy\/","name":"LE GOBIEN Charles Histoire des isles Marianes, nouvellement converties \u00e0 la religion Chrestienne ; &amp; la mort glorieuse des premiers missionnaires qui y ont pr\u00each\u00e9 la foy. - Libairie Clavreuil","isPartOf":{"@id":"https:\/\/www.librairieclavreuil.com\/#website"},"primaryImageOfPage":{"@id":"https:\/\/www.librairieclavreuil.com\/produit\/le-gobien-charles-histoire-des-isles-marianes-nouvellement-converties-a-la-religion-chrestienne-la-mort-glorieuse-des-premiers-missionnaires-qui-y-ont-preche-la-foy\/#primaryimage"},"image":{"@id":"https:\/\/www.librairieclavreuil.com\/produit\/le-gobien-charles-histoire-des-isles-marianes-nouvellement-converties-a-la-religion-chrestienne-la-mort-glorieuse-des-premiers-missionnaires-qui-y-ont-preche-la-foy\/#primaryimage"},"thumbnailUrl":"https:\/\/www.librairieclavreuil.com\/wp-content\/uploads\/2024\/04\/charles-le-gobien-histoire-des-isles-marianes-nouvellement-converties-a-la-religion-chrestienne-la-mort-glorieuse-des-premiers-missionnaires-qui-y-ont.jpg","datePublished":"2024-04-24T09:51:59+00:00","dateModified":"2024-07-17T12:42:52+00:00","breadcrumb":{"@id":"https:\/\/www.librairieclavreuil.com\/produit\/le-gobien-charles-histoire-des-isles-marianes-nouvellement-converties-a-la-religion-chrestienne-la-mort-glorieuse-des-premiers-missionnaires-qui-y-ont-preche-la-foy\/#breadcrumb"},"inLanguage":"en-US","potentialAction":[{"@type":"ReadAction","target":["https:\/\/www.librairieclavreuil.com\/produit\/le-gobien-charles-histoire-des-isles-marianes-nouvellement-converties-a-la-religion-chrestienne-la-mort-glorieuse-des-premiers-missionnaires-qui-y-ont-preche-la-foy\/"]}]},{"@type":"ImageObject","inLanguage":"en-US","@id":"https:\/\/www.librairieclavreuil.com\/produit\/le-gobien-charles-histoire-des-isles-marianes-nouvellement-converties-a-la-religion-chrestienne-la-mort-glorieuse-des-premiers-missionnaires-qui-y-ont-preche-la-foy\/#primaryimage","url":"https:\/\/www.librairieclavreuil.com\/wp-content\/uploads\/2024\/04\/charles-le-gobien-histoire-des-isles-marianes-nouvellement-converties-a-la-religion-chrestienne-la-mort-glorieuse-des-premiers-missionnaires-qui-y-ont.jpg","contentUrl":"https:\/\/www.librairieclavreuil.com\/wp-content\/uploads\/2024\/04\/charles-le-gobien-histoire-des-isles-marianes-nouvellement-converties-a-la-religion-chrestienne-la-mort-glorieuse-des-premiers-missionnaires-qui-y-ont.jpg","width":1444,"height":2441},{"@type":"BreadcrumbList","@id":"https:\/\/www.librairieclavreuil.com\/produit\/le-gobien-charles-histoire-des-isles-marianes-nouvellement-converties-a-la-religion-chrestienne-la-mort-glorieuse-des-premiers-missionnaires-qui-y-ont-preche-la-foy\/#breadcrumb","itemListElement":[{"@type":"ListItem","position":1,"name":"Accueil","item":"https:\/\/www.librairieclavreuil.com\/"},{"@type":"ListItem","position":2,"name":"All our books","item":"https:\/\/www.librairieclavreuil.com\/en\/all-our-books\/"},{"@type":"ListItem","position":3,"name":"LE GOBIEN Charles Histoire des isles Marianes, nouvellement..."}]},{"@type":"WebSite","@id":"https:\/\/www.librairieclavreuil.com\/#website","url":"https:\/\/www.librairieclavreuil.com\/","name":"Libairie Clavreuil","description":"Livres anciens, manuscrits rares et \u00e9ditions originales \u2013 Librairie Clavreuil","publisher":{"@id":"https:\/\/www.librairieclavreuil.com\/#organization"},"potentialAction":[{"@type":"SearchAction","target":{"@type":"EntryPoint","urlTemplate":"https:\/\/www.librairieclavreuil.com\/?s={search_term_string}"},"query-input":{"@type":"PropertyValueSpecification","valueRequired":true,"valueName":"search_term_string"}}],"inLanguage":"en-US"},{"@type":"Organization","@id":"https:\/\/www.librairieclavreuil.com\/#organization","name":"Libairie Clavreuil","url":"https:\/\/www.librairieclavreuil.com\/","logo":{"@type":"ImageObject","inLanguage":"en-US","@id":"https:\/\/www.librairieclavreuil.com\/#\/schema\/logo\/image\/","url":"https:\/\/www.librairieclavreuil.com\/wp-content\/uploads\/2021\/06\/cropped-LOGO_PNG_DATE-_gold-512x512-1.png","contentUrl":"https:\/\/www.librairieclavreuil.com\/wp-content\/uploads\/2021\/06\/cropped-LOGO_PNG_DATE-_gold-512x512-1.png","width":512,"height":512,"caption":"Libairie Clavreuil"},"image":{"@id":"https:\/\/www.librairieclavreuil.com\/#\/schema\/logo\/image\/"},"sameAs":["https:\/\/www.instagram.com\/librairieclavreuil\/"]}]}},"jetpack_sharing_enabled":true,"_links":{"self":[{"href":"https:\/\/www.librairieclavreuil.com\/en\/wp-json\/wp\/v2\/product\/74971","targetHints":{"allow":["GET"]}}],"collection":[{"href":"https:\/\/www.librairieclavreuil.com\/en\/wp-json\/wp\/v2\/product"}],"about":[{"href":"https:\/\/www.librairieclavreuil.com\/en\/wp-json\/wp\/v2\/types\/product"}],"replies":[{"embeddable":true,"href":"https:\/\/www.librairieclavreuil.com\/en\/wp-json\/wp\/v2\/comments?post=74971"}],"wp:featuredmedia":[{"embeddable":true,"href":"https:\/\/www.librairieclavreuil.com\/en\/wp-json\/wp\/v2\/media\/74964"}],"wp:attachment":[{"href":"https:\/\/www.librairieclavreuil.com\/en\/wp-json\/wp\/v2\/media?parent=74971"}],"wp:term":[{"taxonomy":"product_brand","embeddable":true,"href":"https:\/\/www.librairieclavreuil.com\/en\/wp-json\/wp\/v2\/product_brand?post=74971"},{"taxonomy":"product_cat","embeddable":true,"href":"https:\/\/www.librairieclavreuil.com\/en\/wp-json\/wp\/v2\/product_cat?post=74971"},{"taxonomy":"product_tag","embeddable":true,"href":"https:\/\/www.librairieclavreuil.com\/en\/wp-json\/wp\/v2\/product_tag?post=74971"}],"curies":[{"name":"wp","href":"https:\/\/api.w.org\/{rel}","templated":true}]}}