{"id":74920,"date":"2024-04-24T11:10:36","date_gmt":"2024-04-24T09:10:36","guid":{"rendered":"https:\/\/clavreuil-wordpress.logiciel-arteo.fr\/le-gentil-de-la-galaisiere-guillaume-voyage-dans-les-mers-de-linde-fait-par-ordre-du-roi-a-loccasion-du-passage-de-venus-sur-le-disque-du-soleil-le-6-juin-1761-le-3-du-meme-mois-1769\/"},"modified":"2024-07-16T19:08:46","modified_gmt":"2024-07-16T17:08:46","slug":"le-gentil-de-la-galaisiere-guillaume-voyage-dans-les-mers-de-linde-fait-par-ordre-du-roi-a-loccasion-du-passage-de-venus-sur-le-disque-du-soleil-le-6-juin-1761-le-3-du-meme-mois-1769","status":"publish","type":"product","link":"https:\/\/www.librairieclavreuil.com\/en\/le-gentil-de-la-galaisiere-guillaume-voyage-dans-les-mers-de-linde-fait-par-ordre-du-roi-a-loccasion-du-passage-de-venus-sur-le-disque-du-soleil-le-6-juin-1761-le-3-du-meme-mois-1769\/","title":{"rendered":"LE GENTIL DE LA GALAISI\u00c8RE Guillaume Voyage dans..."},"content":{"rendered":"<p style=\"text-align:justify\"><i>Chadenat, 620; Tavera, 1510; Grandidier, 3090; D.S.B., VIII, 143-145; voir Sabin, 38398 (for the German translation of 1781).<\/i><\/p>\n<p style=\"text-align:justify\"><span style=\"font-variant:small-caps\">First edition.<\/span><\/p>\n<p style=\"text-align:justify\">During his studies in Paris, Le Gentil (1725-1792) made the acquaintance of Jacques Cassini and G.D. Maraldi, and was admitted to the Acad\u00e9mie des Sciences in 1749 thanks to his astronomical research. Sent to India by the Acad\u00e9mie des Sciences to observe the transit of Venus, Le Gentil was unable to reach Pondicherry because of the war with the English. He made a few observations in Mauritius and decided to wait for the next transit of Venus eight years later, taking advantage of his long stay in the Indian Ocean to study the tides, monsoons, natural history, astronomy and Indian religion. His book is packed with information on Madagascar, Mauritius, R\u00e9union and the Philippines:&nbsp;&#8220;es un libro muy importante&#8230; Trae&#8230; la memoria que escribio el Arzobispo Roxo relativa al asalto de Manilla por el ejercito ingles&#8221; (Tavera).<\/p>\n<p style=\"text-align:justify\">&#8220;The turning point in Le Gentil&#8217;s career was his commission to observe the 1761 transit of Venus at Pondicherry, India. Because the English had captured that settlement just as he arrived in 1760, Le Gentil was obliged to witness the transit from shipboard, without any possibility for scientifically significant observations. Since another transit of Venus was to take place in 1769, Le Gentil resolved to remain in the East in order to complete his mission&#8230; Le Gentil&#8217;s major work was the two-volume Voyage dans les mers d\u2019Inde. The first volume was devoted to India and, after a discussion of the customs and religion of its inhabitants, dealt at considerable length with the history of Brahman astronomy\u2026 The second volume was devoted to the Philippines, Madagascar, and the Mascarenes&#8221; (DSB).<\/p>\n<p style=\"text-align:justify\">A very good copy, complete with the 27 plates required showing maps, constellations, views, religious objects, flora, fauna, etc.<\/p>\n<p style=\"text-align:justify\">Some leaves toned or with small stains.<\/p>\n<p style=\"text-align:justify\">Provenance: F.E. Lauber (bookplate).<\/p>\n","protected":false},"excerpt":{"rendered":"<p style=\"text-align:justify\">2 volumes, 4to (250 x 190 mm) of&nbsp; XVI, 707 pp., XIII pp., 1nn.l. (errata), 13 engraved folding plates for volume I; XVI, 844, XVI pp. 2 unn.l.(errata), 14 engraved plates for volume II. Contemporary spotted calf, spine gilt with raised bands, large gilt border, gilt edges (some restorations to spines).<\/p>\n","protected":false},"featured_media":77773,"comment_status":"open","ping_status":"closed","template":"","meta":{"_acf_changed":false},"product_brand":[],"product_cat":[552],"product_tag":[1450,1384],"class_list":{"0":"post-74920","1":"product","2":"type-product","3":"status-publish","4":"has-post-thumbnail","6":"product_cat-travel","7":"product_tag-first-edition","8":"product_tag-india","9":"pa_auteur-le-gentil-de-la-galaisiere-guillaume-2","10":"pa_type-de-livre-printed-book","12":"first","13":"instock","14":"shipping-taxable","15":"purchasable","16":"product-type-simple"},"acf":{"artist":" Guillaume LE GENTIL DE LA GALAISI\u00c8RE","chapeau":"","adresse_bibliographique":"Paris, Imprimerie Royale, 1779-1781","book_type":"Printed book","provenance":"","afficher_prix":""},"yoast_head":"<!-- This site is optimized with the Yoast SEO plugin v24.7 - https:\/\/yoast.com\/wordpress\/plugins\/seo\/ -->\n<title>LE GENTIL DE LA GALAISI\u00c8RE Guillaume Voyage dans les mers de l&#039;Inde, fait par ordre du Roi, \u00e0 l&#039;occasion du passage de V\u00e9nus, sur le disque du soleil, le 6 juin 1761, &amp; le 3 du m\u00eame mois 1769. - Libairie Clavreuil<\/title>\n<meta name=\"robots\" content=\"index, follow, max-snippet:-1, max-image-preview:large, max-video-preview:-1\" \/>\n<link rel=\"canonical\" href=\"https:\/\/www.librairieclavreuil.com\/produit\/le-gentil-de-la-galaisiere-guillaume-voyage-dans-les-mers-de-linde-fait-par-ordre-du-roi-a-loccasion-du-passage-de-venus-sur-le-disque-du-soleil-le-6-juin-1761-le-3-du-meme-mois-1769\/\" \/>\n<meta property=\"og:locale\" content=\"en_US\" \/>\n<meta property=\"og:type\" content=\"article\" \/>\n<meta property=\"og:title\" content=\"LE GENTIL DE LA GALAISI\u00c8RE Guillaume Voyage dans les mers de l&#039;Inde, fait par ordre du Roi, \u00e0 l&#039;occasion du passage de V\u00e9nus, sur le disque du soleil, le 6 juin 1761, &amp; le 3 du m\u00eame mois 1769. - Libairie Clavreuil\" \/>\n<meta property=\"og:description\" content=\"2 volumes, 4to (250 x 190 mm) of&nbsp; XVI, 707 pp., XIII pp., 1nn.l. (errata), 13 engraved folding plates for volume I; XVI, 844, XVI pp. 2 unn.l.(errata), 14 engraved plates for volume II. Contemporary spotted calf, spine gilt with raised bands, large gilt border, gilt edges (some restorations to spines).\" \/>\n<meta property=\"og:url\" content=\"https:\/\/www.librairieclavreuil.com\/produit\/le-gentil-de-la-galaisiere-guillaume-voyage-dans-les-mers-de-linde-fait-par-ordre-du-roi-a-loccasion-du-passage-de-venus-sur-le-disque-du-soleil-le-6-juin-1761-le-3-du-meme-mois-1769\/\" \/>\n<meta property=\"og:site_name\" content=\"Libairie Clavreuil\" \/>\n<meta property=\"article:modified_time\" content=\"2024-07-16T17:08:46+00:00\" \/>\n<meta property=\"og:image\" content=\"https:\/\/www.librairieclavreuil.com\/wp-content\/uploads\/2024\/05\/guillaume-le-gentil-de-la-galaisiere-voyage-dans-les-mers-de-l-inde-fait-par-ordre-du-roi-a-l-occasion-du-passage-de-venus-sur-le-disque-du-soleil-le-.jpg\" \/>\n\t<meta property=\"og:image:width\" content=\"1555\" \/>\n\t<meta property=\"og:image:height\" content=\"1893\" \/>\n\t<meta property=\"og:image:type\" content=\"image\/jpeg\" \/>\n<meta name=\"twitter:card\" content=\"summary_large_image\" \/>\n<meta name=\"twitter:label1\" content=\"Est. reading time\" \/>\n\t<meta name=\"twitter:data1\" content=\"2 minutes\" \/>\n<script type=\"application\/ld+json\" class=\"yoast-schema-graph\">{\"@context\":\"https:\/\/schema.org\",\"@graph\":[{\"@type\":\"WebPage\",\"@id\":\"https:\/\/www.librairieclavreuil.com\/produit\/le-gentil-de-la-galaisiere-guillaume-voyage-dans-les-mers-de-linde-fait-par-ordre-du-roi-a-loccasion-du-passage-de-venus-sur-le-disque-du-soleil-le-6-juin-1761-le-3-du-meme-mois-1769\/\",\"url\":\"https:\/\/www.librairieclavreuil.com\/produit\/le-gentil-de-la-galaisiere-guillaume-voyage-dans-les-mers-de-linde-fait-par-ordre-du-roi-a-loccasion-du-passage-de-venus-sur-le-disque-du-soleil-le-6-juin-1761-le-3-du-meme-mois-1769\/\",\"name\":\"LE GENTIL DE LA GALAISI\u00c8RE Guillaume Voyage dans les mers de l'Inde, fait par ordre du Roi, \u00e0 l'occasion du passage de V\u00e9nus, sur le disque du soleil, le 6 juin 1761, &amp; le 3 du m\u00eame mois 1769. - Libairie Clavreuil\",\"isPartOf\":{\"@id\":\"https:\/\/www.librairieclavreuil.com\/#website\"},\"primaryImageOfPage\":{\"@id\":\"https:\/\/www.librairieclavreuil.com\/produit\/le-gentil-de-la-galaisiere-guillaume-voyage-dans-les-mers-de-linde-fait-par-ordre-du-roi-a-loccasion-du-passage-de-venus-sur-le-disque-du-soleil-le-6-juin-1761-le-3-du-meme-mois-1769\/#primaryimage\"},\"image\":{\"@id\":\"https:\/\/www.librairieclavreuil.com\/produit\/le-gentil-de-la-galaisiere-guillaume-voyage-dans-les-mers-de-linde-fait-par-ordre-du-roi-a-loccasion-du-passage-de-venus-sur-le-disque-du-soleil-le-6-juin-1761-le-3-du-meme-mois-1769\/#primaryimage\"},\"thumbnailUrl\":\"https:\/\/www.librairieclavreuil.com\/wp-content\/uploads\/2024\/05\/guillaume-le-gentil-de-la-galaisiere-voyage-dans-les-mers-de-l-inde-fait-par-ordre-du-roi-a-l-occasion-du-passage-de-venus-sur-le-disque-du-soleil-le-.jpg\",\"datePublished\":\"2024-04-24T09:10:36+00:00\",\"dateModified\":\"2024-07-16T17:08:46+00:00\",\"breadcrumb\":{\"@id\":\"https:\/\/www.librairieclavreuil.com\/produit\/le-gentil-de-la-galaisiere-guillaume-voyage-dans-les-mers-de-linde-fait-par-ordre-du-roi-a-loccasion-du-passage-de-venus-sur-le-disque-du-soleil-le-6-juin-1761-le-3-du-meme-mois-1769\/#breadcrumb\"},\"inLanguage\":\"en-US\",\"potentialAction\":[{\"@type\":\"ReadAction\",\"target\":[\"https:\/\/www.librairieclavreuil.com\/produit\/le-gentil-de-la-galaisiere-guillaume-voyage-dans-les-mers-de-linde-fait-par-ordre-du-roi-a-loccasion-du-passage-de-venus-sur-le-disque-du-soleil-le-6-juin-1761-le-3-du-meme-mois-1769\/\"]}]},{\"@type\":\"ImageObject\",\"inLanguage\":\"en-US\",\"@id\":\"https:\/\/www.librairieclavreuil.com\/produit\/le-gentil-de-la-galaisiere-guillaume-voyage-dans-les-mers-de-linde-fait-par-ordre-du-roi-a-loccasion-du-passage-de-venus-sur-le-disque-du-soleil-le-6-juin-1761-le-3-du-meme-mois-1769\/#primaryimage\",\"url\":\"https:\/\/www.librairieclavreuil.com\/wp-content\/uploads\/2024\/05\/guillaume-le-gentil-de-la-galaisiere-voyage-dans-les-mers-de-l-inde-fait-par-ordre-du-roi-a-l-occasion-du-passage-de-venus-sur-le-disque-du-soleil-le-.jpg\",\"contentUrl\":\"https:\/\/www.librairieclavreuil.com\/wp-content\/uploads\/2024\/05\/guillaume-le-gentil-de-la-galaisiere-voyage-dans-les-mers-de-l-inde-fait-par-ordre-du-roi-a-l-occasion-du-passage-de-venus-sur-le-disque-du-soleil-le-.jpg\",\"width\":1555,\"height\":1893},{\"@type\":\"BreadcrumbList\",\"@id\":\"https:\/\/www.librairieclavreuil.com\/produit\/le-gentil-de-la-galaisiere-guillaume-voyage-dans-les-mers-de-linde-fait-par-ordre-du-roi-a-loccasion-du-passage-de-venus-sur-le-disque-du-soleil-le-6-juin-1761-le-3-du-meme-mois-1769\/#breadcrumb\",\"itemListElement\":[{\"@type\":\"ListItem\",\"position\":1,\"name\":\"Accueil\",\"item\":\"https:\/\/www.librairieclavreuil.com\/\"},{\"@type\":\"ListItem\",\"position\":2,\"name\":\"All our books\",\"item\":\"https:\/\/www.librairieclavreuil.com\/en\/all-our-books\/\"},{\"@type\":\"ListItem\",\"position\":3,\"name\":\"LE GENTIL DE LA GALAISI\u00c8RE Guillaume Voyage dans...\"}]},{\"@type\":\"WebSite\",\"@id\":\"https:\/\/www.librairieclavreuil.com\/#website\",\"url\":\"https:\/\/www.librairieclavreuil.com\/\",\"name\":\"Libairie Clavreuil\",\"description\":\"Livres anciens, manuscrits rares et \u00e9ditions originales \u2013 Librairie Clavreuil\",\"publisher\":{\"@id\":\"https:\/\/www.librairieclavreuil.com\/#organization\"},\"potentialAction\":[{\"@type\":\"SearchAction\",\"target\":{\"@type\":\"EntryPoint\",\"urlTemplate\":\"https:\/\/www.librairieclavreuil.com\/?s={search_term_string}\"},\"query-input\":{\"@type\":\"PropertyValueSpecification\",\"valueRequired\":true,\"valueName\":\"search_term_string\"}}],\"inLanguage\":\"en-US\"},{\"@type\":\"Organization\",\"@id\":\"https:\/\/www.librairieclavreuil.com\/#organization\",\"name\":\"Libairie Clavreuil\",\"url\":\"https:\/\/www.librairieclavreuil.com\/\",\"logo\":{\"@type\":\"ImageObject\",\"inLanguage\":\"en-US\",\"@id\":\"https:\/\/www.librairieclavreuil.com\/#\/schema\/logo\/image\/\",\"url\":\"https:\/\/www.librairieclavreuil.com\/wp-content\/uploads\/2021\/06\/cropped-LOGO_PNG_DATE-_gold-512x512-1.png\",\"contentUrl\":\"https:\/\/www.librairieclavreuil.com\/wp-content\/uploads\/2021\/06\/cropped-LOGO_PNG_DATE-_gold-512x512-1.png\",\"width\":512,\"height\":512,\"caption\":\"Libairie Clavreuil\"},\"image\":{\"@id\":\"https:\/\/www.librairieclavreuil.com\/#\/schema\/logo\/image\/\"},\"sameAs\":[\"https:\/\/www.instagram.com\/librairieclavreuil\/\"]}]}<\/script>\n<!-- \/ Yoast SEO plugin. -->","yoast_head_json":{"title":"LE GENTIL DE LA GALAISI\u00c8RE Guillaume Voyage dans les mers de l'Inde, fait par ordre du Roi, \u00e0 l'occasion du passage de V\u00e9nus, sur le disque du soleil, le 6 juin 1761, &amp; le 3 du m\u00eame mois 1769. - Libairie Clavreuil","robots":{"index":"index","follow":"follow","max-snippet":"max-snippet:-1","max-image-preview":"max-image-preview:large","max-video-preview":"max-video-preview:-1"},"canonical":"https:\/\/www.librairieclavreuil.com\/produit\/le-gentil-de-la-galaisiere-guillaume-voyage-dans-les-mers-de-linde-fait-par-ordre-du-roi-a-loccasion-du-passage-de-venus-sur-le-disque-du-soleil-le-6-juin-1761-le-3-du-meme-mois-1769\/","og_locale":"en_US","og_type":"article","og_title":"LE GENTIL DE LA GALAISI\u00c8RE Guillaume Voyage dans les mers de l'Inde, fait par ordre du Roi, \u00e0 l'occasion du passage de V\u00e9nus, sur le disque du soleil, le 6 juin 1761, &amp; le 3 du m\u00eame mois 1769. - Libairie Clavreuil","og_description":"2 volumes, 4to (250 x 190 mm) of&nbsp; XVI, 707 pp., XIII pp., 1nn.l. (errata), 13 engraved folding plates for volume I; XVI, 844, XVI pp. 2 unn.l.(errata), 14 engraved plates for volume II. Contemporary spotted calf, spine gilt with raised bands, large gilt border, gilt edges (some restorations to spines).","og_url":"https:\/\/www.librairieclavreuil.com\/produit\/le-gentil-de-la-galaisiere-guillaume-voyage-dans-les-mers-de-linde-fait-par-ordre-du-roi-a-loccasion-du-passage-de-venus-sur-le-disque-du-soleil-le-6-juin-1761-le-3-du-meme-mois-1769\/","og_site_name":"Libairie Clavreuil","article_modified_time":"2024-07-16T17:08:46+00:00","og_image":[{"width":1555,"height":1893,"url":"https:\/\/www.librairieclavreuil.com\/wp-content\/uploads\/2024\/05\/guillaume-le-gentil-de-la-galaisiere-voyage-dans-les-mers-de-l-inde-fait-par-ordre-du-roi-a-l-occasion-du-passage-de-venus-sur-le-disque-du-soleil-le-.jpg","type":"image\/jpeg"}],"twitter_card":"summary_large_image","twitter_misc":{"Est. reading time":"2 minutes"},"schema":{"@context":"https:\/\/schema.org","@graph":[{"@type":"WebPage","@id":"https:\/\/www.librairieclavreuil.com\/produit\/le-gentil-de-la-galaisiere-guillaume-voyage-dans-les-mers-de-linde-fait-par-ordre-du-roi-a-loccasion-du-passage-de-venus-sur-le-disque-du-soleil-le-6-juin-1761-le-3-du-meme-mois-1769\/","url":"https:\/\/www.librairieclavreuil.com\/produit\/le-gentil-de-la-galaisiere-guillaume-voyage-dans-les-mers-de-linde-fait-par-ordre-du-roi-a-loccasion-du-passage-de-venus-sur-le-disque-du-soleil-le-6-juin-1761-le-3-du-meme-mois-1769\/","name":"LE GENTIL DE LA GALAISI\u00c8RE Guillaume Voyage dans les mers de l'Inde, fait par ordre du Roi, \u00e0 l'occasion du passage de V\u00e9nus, sur le disque du soleil, le 6 juin 1761, &amp; le 3 du m\u00eame mois 1769. - Libairie Clavreuil","isPartOf":{"@id":"https:\/\/www.librairieclavreuil.com\/#website"},"primaryImageOfPage":{"@id":"https:\/\/www.librairieclavreuil.com\/produit\/le-gentil-de-la-galaisiere-guillaume-voyage-dans-les-mers-de-linde-fait-par-ordre-du-roi-a-loccasion-du-passage-de-venus-sur-le-disque-du-soleil-le-6-juin-1761-le-3-du-meme-mois-1769\/#primaryimage"},"image":{"@id":"https:\/\/www.librairieclavreuil.com\/produit\/le-gentil-de-la-galaisiere-guillaume-voyage-dans-les-mers-de-linde-fait-par-ordre-du-roi-a-loccasion-du-passage-de-venus-sur-le-disque-du-soleil-le-6-juin-1761-le-3-du-meme-mois-1769\/#primaryimage"},"thumbnailUrl":"https:\/\/www.librairieclavreuil.com\/wp-content\/uploads\/2024\/05\/guillaume-le-gentil-de-la-galaisiere-voyage-dans-les-mers-de-l-inde-fait-par-ordre-du-roi-a-l-occasion-du-passage-de-venus-sur-le-disque-du-soleil-le-.jpg","datePublished":"2024-04-24T09:10:36+00:00","dateModified":"2024-07-16T17:08:46+00:00","breadcrumb":{"@id":"https:\/\/www.librairieclavreuil.com\/produit\/le-gentil-de-la-galaisiere-guillaume-voyage-dans-les-mers-de-linde-fait-par-ordre-du-roi-a-loccasion-du-passage-de-venus-sur-le-disque-du-soleil-le-6-juin-1761-le-3-du-meme-mois-1769\/#breadcrumb"},"inLanguage":"en-US","potentialAction":[{"@type":"ReadAction","target":["https:\/\/www.librairieclavreuil.com\/produit\/le-gentil-de-la-galaisiere-guillaume-voyage-dans-les-mers-de-linde-fait-par-ordre-du-roi-a-loccasion-du-passage-de-venus-sur-le-disque-du-soleil-le-6-juin-1761-le-3-du-meme-mois-1769\/"]}]},{"@type":"ImageObject","inLanguage":"en-US","@id":"https:\/\/www.librairieclavreuil.com\/produit\/le-gentil-de-la-galaisiere-guillaume-voyage-dans-les-mers-de-linde-fait-par-ordre-du-roi-a-loccasion-du-passage-de-venus-sur-le-disque-du-soleil-le-6-juin-1761-le-3-du-meme-mois-1769\/#primaryimage","url":"https:\/\/www.librairieclavreuil.com\/wp-content\/uploads\/2024\/05\/guillaume-le-gentil-de-la-galaisiere-voyage-dans-les-mers-de-l-inde-fait-par-ordre-du-roi-a-l-occasion-du-passage-de-venus-sur-le-disque-du-soleil-le-.jpg","contentUrl":"https:\/\/www.librairieclavreuil.com\/wp-content\/uploads\/2024\/05\/guillaume-le-gentil-de-la-galaisiere-voyage-dans-les-mers-de-l-inde-fait-par-ordre-du-roi-a-l-occasion-du-passage-de-venus-sur-le-disque-du-soleil-le-.jpg","width":1555,"height":1893},{"@type":"BreadcrumbList","@id":"https:\/\/www.librairieclavreuil.com\/produit\/le-gentil-de-la-galaisiere-guillaume-voyage-dans-les-mers-de-linde-fait-par-ordre-du-roi-a-loccasion-du-passage-de-venus-sur-le-disque-du-soleil-le-6-juin-1761-le-3-du-meme-mois-1769\/#breadcrumb","itemListElement":[{"@type":"ListItem","position":1,"name":"Accueil","item":"https:\/\/www.librairieclavreuil.com\/"},{"@type":"ListItem","position":2,"name":"All our books","item":"https:\/\/www.librairieclavreuil.com\/en\/all-our-books\/"},{"@type":"ListItem","position":3,"name":"LE GENTIL DE LA GALAISI\u00c8RE Guillaume Voyage dans..."}]},{"@type":"WebSite","@id":"https:\/\/www.librairieclavreuil.com\/#website","url":"https:\/\/www.librairieclavreuil.com\/","name":"Libairie Clavreuil","description":"Livres anciens, manuscrits rares et \u00e9ditions originales \u2013 Librairie Clavreuil","publisher":{"@id":"https:\/\/www.librairieclavreuil.com\/#organization"},"potentialAction":[{"@type":"SearchAction","target":{"@type":"EntryPoint","urlTemplate":"https:\/\/www.librairieclavreuil.com\/?s={search_term_string}"},"query-input":{"@type":"PropertyValueSpecification","valueRequired":true,"valueName":"search_term_string"}}],"inLanguage":"en-US"},{"@type":"Organization","@id":"https:\/\/www.librairieclavreuil.com\/#organization","name":"Libairie Clavreuil","url":"https:\/\/www.librairieclavreuil.com\/","logo":{"@type":"ImageObject","inLanguage":"en-US","@id":"https:\/\/www.librairieclavreuil.com\/#\/schema\/logo\/image\/","url":"https:\/\/www.librairieclavreuil.com\/wp-content\/uploads\/2021\/06\/cropped-LOGO_PNG_DATE-_gold-512x512-1.png","contentUrl":"https:\/\/www.librairieclavreuil.com\/wp-content\/uploads\/2021\/06\/cropped-LOGO_PNG_DATE-_gold-512x512-1.png","width":512,"height":512,"caption":"Libairie Clavreuil"},"image":{"@id":"https:\/\/www.librairieclavreuil.com\/#\/schema\/logo\/image\/"},"sameAs":["https:\/\/www.instagram.com\/librairieclavreuil\/"]}]}},"jetpack_sharing_enabled":true,"_links":{"self":[{"href":"https:\/\/www.librairieclavreuil.com\/en\/wp-json\/wp\/v2\/product\/74920","targetHints":{"allow":["GET"]}}],"collection":[{"href":"https:\/\/www.librairieclavreuil.com\/en\/wp-json\/wp\/v2\/product"}],"about":[{"href":"https:\/\/www.librairieclavreuil.com\/en\/wp-json\/wp\/v2\/types\/product"}],"replies":[{"embeddable":true,"href":"https:\/\/www.librairieclavreuil.com\/en\/wp-json\/wp\/v2\/comments?post=74920"}],"wp:featuredmedia":[{"embeddable":true,"href":"https:\/\/www.librairieclavreuil.com\/en\/wp-json\/wp\/v2\/media\/77773"}],"wp:attachment":[{"href":"https:\/\/www.librairieclavreuil.com\/en\/wp-json\/wp\/v2\/media?parent=74920"}],"wp:term":[{"taxonomy":"product_brand","embeddable":true,"href":"https:\/\/www.librairieclavreuil.com\/en\/wp-json\/wp\/v2\/product_brand?post=74920"},{"taxonomy":"product_cat","embeddable":true,"href":"https:\/\/www.librairieclavreuil.com\/en\/wp-json\/wp\/v2\/product_cat?post=74920"},{"taxonomy":"product_tag","embeddable":true,"href":"https:\/\/www.librairieclavreuil.com\/en\/wp-json\/wp\/v2\/product_tag?post=74920"}],"curies":[{"name":"wp","href":"https:\/\/api.w.org\/{rel}","templated":true}]}}