{"id":74759,"date":"2024-04-23T18:37:43","date_gmt":"2024-04-23T16:37:43","guid":{"rendered":"https:\/\/clavreuil-wordpress.logiciel-arteo.fr\/laplace-pierre-simon-campagne-de-circumnavigation-de-la-fregate-lartemise-pendant-les-annees-1837-1838-1839-et-1840\/"},"modified":"2024-07-16T18:18:46","modified_gmt":"2024-07-16T16:18:46","slug":"laplace-pierre-simon-campagne-de-circumnavigation-de-la-fregate-lartemise-pendant-les-annees-1837-1838-1839-et-1840","status":"publish","type":"product","link":"https:\/\/www.librairieclavreuil.com\/en\/laplace-pierre-simon-campagne-de-circumnavigation-de-la-fregate-lartemise-pendant-les-annees-1837-1838-1839-et-1840\/","title":{"rendered":"LAPLACE Pierre Simon Campagne de Circumnavigation de la..."},"content":{"rendered":"<p style=\"text-align:justify\"><i>Sabin, 38983; Judd, 105; O&#8217;Reilly &amp; Reitman, 984; not in Hill &amp; Ferguson.<\/i><\/p>\n<p style=\"text-align:justify\"><span style=\"font-variant:small-caps\">First edition of Laplace&#8217;s second voyage of circumnavigation, of the greatest importance in the consolidation of French interests in the Pacific.<\/span><\/p>\n<p style=\"text-align:justify\">Begun five years after his earlier voyage in the <i>Favorite<\/i>, the objectives here were to advance wherever possible French political and commercial interests in the Pacific, particularly with respects to Tahiti and Hawa\u00ef. The map of the voyage shows the route travelled by both this and Laplace&#8217;s earlier voyage on the Favorite 1830-32. John Dunmore, in French Exploration in the Pacific discusses this voyage at length and concludes: &#8220;The importance of the expeditions of the <i>Venus<\/i>, the <i>Art\u00e9mise<\/i> and the <i>Heroine<\/i> in laying the foundations for the subsequent sharing-out of Oceania should never be overlooked.&#8221;<\/p>\n<p style=\"text-align:justify\">A visit was made to Tasmania where the captain, who had been instructed to look for possible sites for a penal colony, examined the prison system. A lengthy account is included of the stop at Sydney. The set is complete with the rare sixth volume, which is often lacking. It gives the account of the <i>Art\u00e9mise&#8217;s<\/i> visit to California, includes stops at San Francisco and Monterey, and is illustrated with a fine view of the mission of San Carlos at Monterey.<\/p>\n<p style=\"text-align:justify\">&#8220;Laplace re\u00e7oit en 1835 le commandement de l&#8217;<i>Art\u00e9mise<\/i> pour une deuxi\u00e8me circumnavigation. Dans son \u00e9tat major, on rencontre le lieutenant de vaisseau P\u00e2ris (qui en est \u00e0 son troisi\u00e8me tour du monde!) et trois jeunes officiers, futurs ministres de la Marine : Dompierre d&#8217;Hormoy, Montaignac, et Fourichon. Parti de Toulon, Laplace se rend d&#8217;abord \u00e0 New York pour une mission diplomatique. Il gagne ensuite l&#8217;Oc\u00e9an Indien pour compl\u00e9ter son pr\u00e9c\u00e9dent voyage. Il fait escale \u00e0 Moka dans la Mer Rouge, \u00e0 Mascate, \u00e0 Pondich\u00e9ry, \u00e0 Ceylan et gagne l&#8217;Extr\u00eame-Orient par Singapour. Il navigue le long des c\u00f4tes de l&#8217;Annam, de la Chine m\u00e9ridionale, rel\u00e2che \u00e0 Manille, \u00e0 Batavia, \u00e0 Port Jackson, puis traverse le Pacifique du sud au nord vers Tahiti et les \u00eeles Sandwich. A Hawa\u00ef, Laplace signe avec le roi Kamehameha III une convention commerciale. L&#8217;<i>Art\u00e9mise<\/i> longe ensuite les c\u00f4tes am\u00e9ricaines de San Francisco \u00e0 Valparaiso, s\u00e9journe \u00e0 Rio et regagne Lorient an avril 1840. Tr\u00e8s riche au point de vue g\u00e9ographique et \u00e9conomique, le voyage de l&#8217;<i>Art\u00e9mise<\/i> a permis de signer des trait\u00e9s d&#8217;amiti\u00e9 avec les souverains de Tahiti et d&#8217;Hawa\u00ef. Il a ainsi pr\u00e9par\u00e9 l&#8217;oeuvre de Dupetit Thouars&#8221; (Numa Broc).<\/p>\n<p style=\"text-align:justify\">This important book is illustrated with 31 plates includes views of Port Arthur, Tasmania, Honolulu, Manilla, Macao, Calcutta, Bombay and various places in Indo-China. Other points of interest are the details on commerce of the Arabian Peninsula (Muskat, al-Muka, and Banda-Abbas) as well on trade with Iran.<\/p>\n<p style=\"text-align:justify\">Some wear to corners and light spotting on some leaves, some views toned, but a very fine set in its original publisher&#8217;s boards.<\/p>\n","protected":false},"excerpt":{"rendered":"<p style=\"text-align:justify\">6 volumes, 8vo (237 x 153 mm) XXXIX, 343 pp. 1 nn.l., 1 large folding map, 7 engraved plates for volume I; 2 unn.ll., 467 pp., 2 nn.ll., 1 large folding plate, 5 engraved plates for volume II; 2 nn.ll., 548 pp., 1 nn.l., 6 plates for volume III; 2 nn.ll., 464 pp., 2 nn.ll., 5 engraved plates for volume IV; 2 nn.ll., III, 542 pp., 1 nn.l., 4 engraved plates for volume V; 2 nn.ll., 400 pp., 4 engraved plates for volume VI. Original printed green publisher\u2019s boards (some light wear or foxing).<\/p>\n","protected":false},"featured_media":74750,"comment_status":"open","ping_status":"closed","template":"","meta":{"_acf_changed":false},"product_brand":[],"product_cat":[552],"product_tag":[1407,1450,1409],"class_list":{"0":"post-74759","1":"product","2":"type-product","3":"status-publish","4":"has-post-thumbnail","6":"product_cat-travel","7":"product_tag-circum-2","8":"product_tag-first-edition","9":"product_tag-oceania","10":"pa_auteur-laplace-pierre-simon-2","11":"pa_type-de-livre-printed-book","13":"first","14":"instock","15":"shipping-taxable","16":"purchasable","17":"product-type-simple"},"acf":{"artist":"Pierre Simon LAPLACE","chapeau":"","adresse_bibliographique":"Paris, imprimerie de Ch. Lahure pour Arthus Bertrand , 1841-1854","book_type":"Printed book","provenance":"","afficher_prix":""},"yoast_head":"<!-- This site is optimized with the Yoast SEO plugin v24.7 - https:\/\/yoast.com\/wordpress\/plugins\/seo\/ -->\n<title>LAPLACE Pierre Simon Campagne de Circumnavigation de la fr\u00e9gate l&#039;Art\u00e9mise pendant les ann\u00e9es 1837, 1838, 1839 ET 1840. - Libairie Clavreuil<\/title>\n<meta name=\"robots\" content=\"index, follow, max-snippet:-1, max-image-preview:large, max-video-preview:-1\" \/>\n<link rel=\"canonical\" href=\"https:\/\/www.librairieclavreuil.com\/produit\/laplace-pierre-simon-campagne-de-circumnavigation-de-la-fregate-lartemise-pendant-les-annees-1837-1838-1839-et-1840\/\" \/>\n<meta property=\"og:locale\" content=\"en_US\" \/>\n<meta property=\"og:type\" content=\"article\" \/>\n<meta property=\"og:title\" content=\"LAPLACE Pierre Simon Campagne de Circumnavigation de la fr\u00e9gate l&#039;Art\u00e9mise pendant les ann\u00e9es 1837, 1838, 1839 ET 1840. - Libairie Clavreuil\" \/>\n<meta property=\"og:description\" content=\"6 volumes, 8vo (237 x 153 mm) XXXIX, 343 pp. 1 nn.l., 1 large folding map, 7 engraved plates for volume I; 2 unn.ll., 467 pp., 2 nn.ll., 1 large folding plate, 5 engraved plates for volume II; 2 nn.ll., 548 pp., 1 nn.l., 6 plates for volume III; 2 nn.ll., 464 pp., 2 nn.ll., 5 engraved plates for volume IV; 2 nn.ll., III, 542 pp., 1 nn.l., 4 engraved plates for volume V; 2 nn.ll., 400 pp., 4 engraved plates for volume VI. Original printed green publisher\u2019s boards (some light wear or foxing).\" \/>\n<meta property=\"og:url\" content=\"https:\/\/www.librairieclavreuil.com\/produit\/laplace-pierre-simon-campagne-de-circumnavigation-de-la-fregate-lartemise-pendant-les-annees-1837-1838-1839-et-1840\/\" \/>\n<meta property=\"og:site_name\" content=\"Libairie Clavreuil\" \/>\n<meta property=\"article:modified_time\" content=\"2024-07-16T16:18:46+00:00\" \/>\n<meta property=\"og:image\" content=\"https:\/\/www.librairieclavreuil.com\/wp-content\/uploads\/2024\/04\/pierre-simon-laplace-campagne-de-circumnavigation-de-la-fregate-l-artemise-pendant-les-annees-1837-1838-1839-et-1840-7474-65e5fbe3b71a4-scaled.jpg\" \/>\n\t<meta property=\"og:image:width\" content=\"2309\" \/>\n\t<meta property=\"og:image:height\" content=\"2560\" \/>\n\t<meta property=\"og:image:type\" content=\"image\/jpeg\" \/>\n<meta name=\"twitter:card\" content=\"summary_large_image\" \/>\n<meta name=\"twitter:label1\" content=\"Est. reading time\" \/>\n\t<meta name=\"twitter:data1\" content=\"2 minutes\" \/>\n<script type=\"application\/ld+json\" class=\"yoast-schema-graph\">{\"@context\":\"https:\/\/schema.org\",\"@graph\":[{\"@type\":\"WebPage\",\"@id\":\"https:\/\/www.librairieclavreuil.com\/produit\/laplace-pierre-simon-campagne-de-circumnavigation-de-la-fregate-lartemise-pendant-les-annees-1837-1838-1839-et-1840\/\",\"url\":\"https:\/\/www.librairieclavreuil.com\/produit\/laplace-pierre-simon-campagne-de-circumnavigation-de-la-fregate-lartemise-pendant-les-annees-1837-1838-1839-et-1840\/\",\"name\":\"LAPLACE Pierre Simon Campagne de Circumnavigation de la fr\u00e9gate l'Art\u00e9mise pendant les ann\u00e9es 1837, 1838, 1839 ET 1840. - Libairie Clavreuil\",\"isPartOf\":{\"@id\":\"https:\/\/www.librairieclavreuil.com\/#website\"},\"primaryImageOfPage\":{\"@id\":\"https:\/\/www.librairieclavreuil.com\/produit\/laplace-pierre-simon-campagne-de-circumnavigation-de-la-fregate-lartemise-pendant-les-annees-1837-1838-1839-et-1840\/#primaryimage\"},\"image\":{\"@id\":\"https:\/\/www.librairieclavreuil.com\/produit\/laplace-pierre-simon-campagne-de-circumnavigation-de-la-fregate-lartemise-pendant-les-annees-1837-1838-1839-et-1840\/#primaryimage\"},\"thumbnailUrl\":\"https:\/\/www.librairieclavreuil.com\/wp-content\/uploads\/2024\/04\/pierre-simon-laplace-campagne-de-circumnavigation-de-la-fregate-l-artemise-pendant-les-annees-1837-1838-1839-et-1840-7474-65e5fbe3b71a4-scaled.jpg\",\"datePublished\":\"2024-04-23T16:37:43+00:00\",\"dateModified\":\"2024-07-16T16:18:46+00:00\",\"breadcrumb\":{\"@id\":\"https:\/\/www.librairieclavreuil.com\/produit\/laplace-pierre-simon-campagne-de-circumnavigation-de-la-fregate-lartemise-pendant-les-annees-1837-1838-1839-et-1840\/#breadcrumb\"},\"inLanguage\":\"en-US\",\"potentialAction\":[{\"@type\":\"ReadAction\",\"target\":[\"https:\/\/www.librairieclavreuil.com\/produit\/laplace-pierre-simon-campagne-de-circumnavigation-de-la-fregate-lartemise-pendant-les-annees-1837-1838-1839-et-1840\/\"]}]},{\"@type\":\"ImageObject\",\"inLanguage\":\"en-US\",\"@id\":\"https:\/\/www.librairieclavreuil.com\/produit\/laplace-pierre-simon-campagne-de-circumnavigation-de-la-fregate-lartemise-pendant-les-annees-1837-1838-1839-et-1840\/#primaryimage\",\"url\":\"https:\/\/www.librairieclavreuil.com\/wp-content\/uploads\/2024\/04\/pierre-simon-laplace-campagne-de-circumnavigation-de-la-fregate-l-artemise-pendant-les-annees-1837-1838-1839-et-1840-7474-65e5fbe3b71a4-scaled.jpg\",\"contentUrl\":\"https:\/\/www.librairieclavreuil.com\/wp-content\/uploads\/2024\/04\/pierre-simon-laplace-campagne-de-circumnavigation-de-la-fregate-l-artemise-pendant-les-annees-1837-1838-1839-et-1840-7474-65e5fbe3b71a4-scaled.jpg\",\"width\":2309,\"height\":2560},{\"@type\":\"BreadcrumbList\",\"@id\":\"https:\/\/www.librairieclavreuil.com\/produit\/laplace-pierre-simon-campagne-de-circumnavigation-de-la-fregate-lartemise-pendant-les-annees-1837-1838-1839-et-1840\/#breadcrumb\",\"itemListElement\":[{\"@type\":\"ListItem\",\"position\":1,\"name\":\"Accueil\",\"item\":\"https:\/\/www.librairieclavreuil.com\/\"},{\"@type\":\"ListItem\",\"position\":2,\"name\":\"All our books\",\"item\":\"https:\/\/www.librairieclavreuil.com\/en\/all-our-books\/\"},{\"@type\":\"ListItem\",\"position\":3,\"name\":\"LAPLACE Pierre Simon Campagne de Circumnavigation de la...\"}]},{\"@type\":\"WebSite\",\"@id\":\"https:\/\/www.librairieclavreuil.com\/#website\",\"url\":\"https:\/\/www.librairieclavreuil.com\/\",\"name\":\"Libairie Clavreuil\",\"description\":\"Livres anciens, manuscrits rares et \u00e9ditions originales \u2013 Librairie Clavreuil\",\"publisher\":{\"@id\":\"https:\/\/www.librairieclavreuil.com\/#organization\"},\"potentialAction\":[{\"@type\":\"SearchAction\",\"target\":{\"@type\":\"EntryPoint\",\"urlTemplate\":\"https:\/\/www.librairieclavreuil.com\/?s={search_term_string}\"},\"query-input\":{\"@type\":\"PropertyValueSpecification\",\"valueRequired\":true,\"valueName\":\"search_term_string\"}}],\"inLanguage\":\"en-US\"},{\"@type\":\"Organization\",\"@id\":\"https:\/\/www.librairieclavreuil.com\/#organization\",\"name\":\"Libairie Clavreuil\",\"url\":\"https:\/\/www.librairieclavreuil.com\/\",\"logo\":{\"@type\":\"ImageObject\",\"inLanguage\":\"en-US\",\"@id\":\"https:\/\/www.librairieclavreuil.com\/#\/schema\/logo\/image\/\",\"url\":\"https:\/\/www.librairieclavreuil.com\/wp-content\/uploads\/2021\/06\/cropped-LOGO_PNG_DATE-_gold-512x512-1.png\",\"contentUrl\":\"https:\/\/www.librairieclavreuil.com\/wp-content\/uploads\/2021\/06\/cropped-LOGO_PNG_DATE-_gold-512x512-1.png\",\"width\":512,\"height\":512,\"caption\":\"Libairie Clavreuil\"},\"image\":{\"@id\":\"https:\/\/www.librairieclavreuil.com\/#\/schema\/logo\/image\/\"},\"sameAs\":[\"https:\/\/www.instagram.com\/librairieclavreuil\/\"]}]}<\/script>\n<!-- \/ Yoast SEO plugin. -->","yoast_head_json":{"title":"LAPLACE Pierre Simon Campagne de Circumnavigation de la fr\u00e9gate l'Art\u00e9mise pendant les ann\u00e9es 1837, 1838, 1839 ET 1840. - Libairie Clavreuil","robots":{"index":"index","follow":"follow","max-snippet":"max-snippet:-1","max-image-preview":"max-image-preview:large","max-video-preview":"max-video-preview:-1"},"canonical":"https:\/\/www.librairieclavreuil.com\/produit\/laplace-pierre-simon-campagne-de-circumnavigation-de-la-fregate-lartemise-pendant-les-annees-1837-1838-1839-et-1840\/","og_locale":"en_US","og_type":"article","og_title":"LAPLACE Pierre Simon Campagne de Circumnavigation de la fr\u00e9gate l'Art\u00e9mise pendant les ann\u00e9es 1837, 1838, 1839 ET 1840. - Libairie Clavreuil","og_description":"6 volumes, 8vo (237 x 153 mm) XXXIX, 343 pp. 1 nn.l., 1 large folding map, 7 engraved plates for volume I; 2 unn.ll., 467 pp., 2 nn.ll., 1 large folding plate, 5 engraved plates for volume II; 2 nn.ll., 548 pp., 1 nn.l., 6 plates for volume III; 2 nn.ll., 464 pp., 2 nn.ll., 5 engraved plates for volume IV; 2 nn.ll., III, 542 pp., 1 nn.l., 4 engraved plates for volume V; 2 nn.ll., 400 pp., 4 engraved plates for volume VI. Original printed green publisher\u2019s boards (some light wear or foxing).","og_url":"https:\/\/www.librairieclavreuil.com\/produit\/laplace-pierre-simon-campagne-de-circumnavigation-de-la-fregate-lartemise-pendant-les-annees-1837-1838-1839-et-1840\/","og_site_name":"Libairie Clavreuil","article_modified_time":"2024-07-16T16:18:46+00:00","og_image":[{"width":2309,"height":2560,"url":"https:\/\/www.librairieclavreuil.com\/wp-content\/uploads\/2024\/04\/pierre-simon-laplace-campagne-de-circumnavigation-de-la-fregate-l-artemise-pendant-les-annees-1837-1838-1839-et-1840-7474-65e5fbe3b71a4-scaled.jpg","type":"image\/jpeg"}],"twitter_card":"summary_large_image","twitter_misc":{"Est. reading time":"2 minutes"},"schema":{"@context":"https:\/\/schema.org","@graph":[{"@type":"WebPage","@id":"https:\/\/www.librairieclavreuil.com\/produit\/laplace-pierre-simon-campagne-de-circumnavigation-de-la-fregate-lartemise-pendant-les-annees-1837-1838-1839-et-1840\/","url":"https:\/\/www.librairieclavreuil.com\/produit\/laplace-pierre-simon-campagne-de-circumnavigation-de-la-fregate-lartemise-pendant-les-annees-1837-1838-1839-et-1840\/","name":"LAPLACE Pierre Simon Campagne de Circumnavigation de la fr\u00e9gate l'Art\u00e9mise pendant les ann\u00e9es 1837, 1838, 1839 ET 1840. - Libairie Clavreuil","isPartOf":{"@id":"https:\/\/www.librairieclavreuil.com\/#website"},"primaryImageOfPage":{"@id":"https:\/\/www.librairieclavreuil.com\/produit\/laplace-pierre-simon-campagne-de-circumnavigation-de-la-fregate-lartemise-pendant-les-annees-1837-1838-1839-et-1840\/#primaryimage"},"image":{"@id":"https:\/\/www.librairieclavreuil.com\/produit\/laplace-pierre-simon-campagne-de-circumnavigation-de-la-fregate-lartemise-pendant-les-annees-1837-1838-1839-et-1840\/#primaryimage"},"thumbnailUrl":"https:\/\/www.librairieclavreuil.com\/wp-content\/uploads\/2024\/04\/pierre-simon-laplace-campagne-de-circumnavigation-de-la-fregate-l-artemise-pendant-les-annees-1837-1838-1839-et-1840-7474-65e5fbe3b71a4-scaled.jpg","datePublished":"2024-04-23T16:37:43+00:00","dateModified":"2024-07-16T16:18:46+00:00","breadcrumb":{"@id":"https:\/\/www.librairieclavreuil.com\/produit\/laplace-pierre-simon-campagne-de-circumnavigation-de-la-fregate-lartemise-pendant-les-annees-1837-1838-1839-et-1840\/#breadcrumb"},"inLanguage":"en-US","potentialAction":[{"@type":"ReadAction","target":["https:\/\/www.librairieclavreuil.com\/produit\/laplace-pierre-simon-campagne-de-circumnavigation-de-la-fregate-lartemise-pendant-les-annees-1837-1838-1839-et-1840\/"]}]},{"@type":"ImageObject","inLanguage":"en-US","@id":"https:\/\/www.librairieclavreuil.com\/produit\/laplace-pierre-simon-campagne-de-circumnavigation-de-la-fregate-lartemise-pendant-les-annees-1837-1838-1839-et-1840\/#primaryimage","url":"https:\/\/www.librairieclavreuil.com\/wp-content\/uploads\/2024\/04\/pierre-simon-laplace-campagne-de-circumnavigation-de-la-fregate-l-artemise-pendant-les-annees-1837-1838-1839-et-1840-7474-65e5fbe3b71a4-scaled.jpg","contentUrl":"https:\/\/www.librairieclavreuil.com\/wp-content\/uploads\/2024\/04\/pierre-simon-laplace-campagne-de-circumnavigation-de-la-fregate-l-artemise-pendant-les-annees-1837-1838-1839-et-1840-7474-65e5fbe3b71a4-scaled.jpg","width":2309,"height":2560},{"@type":"BreadcrumbList","@id":"https:\/\/www.librairieclavreuil.com\/produit\/laplace-pierre-simon-campagne-de-circumnavigation-de-la-fregate-lartemise-pendant-les-annees-1837-1838-1839-et-1840\/#breadcrumb","itemListElement":[{"@type":"ListItem","position":1,"name":"Accueil","item":"https:\/\/www.librairieclavreuil.com\/"},{"@type":"ListItem","position":2,"name":"All our books","item":"https:\/\/www.librairieclavreuil.com\/en\/all-our-books\/"},{"@type":"ListItem","position":3,"name":"LAPLACE Pierre Simon Campagne de Circumnavigation de la..."}]},{"@type":"WebSite","@id":"https:\/\/www.librairieclavreuil.com\/#website","url":"https:\/\/www.librairieclavreuil.com\/","name":"Libairie Clavreuil","description":"Livres anciens, manuscrits rares et \u00e9ditions originales \u2013 Librairie Clavreuil","publisher":{"@id":"https:\/\/www.librairieclavreuil.com\/#organization"},"potentialAction":[{"@type":"SearchAction","target":{"@type":"EntryPoint","urlTemplate":"https:\/\/www.librairieclavreuil.com\/?s={search_term_string}"},"query-input":{"@type":"PropertyValueSpecification","valueRequired":true,"valueName":"search_term_string"}}],"inLanguage":"en-US"},{"@type":"Organization","@id":"https:\/\/www.librairieclavreuil.com\/#organization","name":"Libairie Clavreuil","url":"https:\/\/www.librairieclavreuil.com\/","logo":{"@type":"ImageObject","inLanguage":"en-US","@id":"https:\/\/www.librairieclavreuil.com\/#\/schema\/logo\/image\/","url":"https:\/\/www.librairieclavreuil.com\/wp-content\/uploads\/2021\/06\/cropped-LOGO_PNG_DATE-_gold-512x512-1.png","contentUrl":"https:\/\/www.librairieclavreuil.com\/wp-content\/uploads\/2021\/06\/cropped-LOGO_PNG_DATE-_gold-512x512-1.png","width":512,"height":512,"caption":"Libairie Clavreuil"},"image":{"@id":"https:\/\/www.librairieclavreuil.com\/#\/schema\/logo\/image\/"},"sameAs":["https:\/\/www.instagram.com\/librairieclavreuil\/"]}]}},"jetpack_sharing_enabled":true,"_links":{"self":[{"href":"https:\/\/www.librairieclavreuil.com\/en\/wp-json\/wp\/v2\/product\/74759","targetHints":{"allow":["GET"]}}],"collection":[{"href":"https:\/\/www.librairieclavreuil.com\/en\/wp-json\/wp\/v2\/product"}],"about":[{"href":"https:\/\/www.librairieclavreuil.com\/en\/wp-json\/wp\/v2\/types\/product"}],"replies":[{"embeddable":true,"href":"https:\/\/www.librairieclavreuil.com\/en\/wp-json\/wp\/v2\/comments?post=74759"}],"wp:featuredmedia":[{"embeddable":true,"href":"https:\/\/www.librairieclavreuil.com\/en\/wp-json\/wp\/v2\/media\/74750"}],"wp:attachment":[{"href":"https:\/\/www.librairieclavreuil.com\/en\/wp-json\/wp\/v2\/media?parent=74759"}],"wp:term":[{"taxonomy":"product_brand","embeddable":true,"href":"https:\/\/www.librairieclavreuil.com\/en\/wp-json\/wp\/v2\/product_brand?post=74759"},{"taxonomy":"product_cat","embeddable":true,"href":"https:\/\/www.librairieclavreuil.com\/en\/wp-json\/wp\/v2\/product_cat?post=74759"},{"taxonomy":"product_tag","embeddable":true,"href":"https:\/\/www.librairieclavreuil.com\/en\/wp-json\/wp\/v2\/product_tag?post=74759"}],"curies":[{"name":"wp","href":"https:\/\/api.w.org\/{rel}","templated":true}]}}