{"id":74707,"date":"2024-04-23T18:20:19","date_gmt":"2024-04-23T16:20:19","guid":{"rendered":"https:\/\/clavreuil-wordpress.logiciel-arteo.fr\/washington-george-vie-de-george-washington-general-en-chef-des-armees-americaines-durant-la-guerre-de-lindependance-et-president-des-etats-unis-damerique-composee-sur-ses-memoires-precedee\/"},"modified":"2025-06-03T13:20:14","modified_gmt":"2025-06-03T11:20:14","slug":"washington-george-vie-de-george-washington-general-en-chef-des-armees-americaines-durant-la-guerre-de-lindependance-et-president-des-etats-unis-damerique-composee-sur-ses-memoires-precedee","status":"publish","type":"product","link":"https:\/\/www.librairieclavreuil.com\/en\/washington-george-vie-de-george-washington-general-en-chef-des-armees-americaines-durant-la-guerre-de-lindependance-et-president-des-etats-unis-damerique-composee-sur-ses-memoires-precedee\/","title":{"rendered":"MARSHALL John Vie de George Washington, g\u00e9n\u00e9ral en..."},"content":{"rendered":"<p style=\"text-align:justify\"><i>Sabin, 44793.<\/i><\/p>\n<p style=\"text-align:justify\"><span style=\"font-variant:small-caps\">First French edition.<\/span><\/p>\n<p style=\"text-align:justify\">&#8220;After the able, accurate, and comprehensive work of Chief Justice Marshall, it would be presumptuous to attempt a historical biography of Washington&#8221; (Sabin, citing Sparks). The atlas volume contains 15 maps and plates and an engraved portrait of Washington (bound in as frontispiece to volume I).<\/p>\n<p style=\"text-align:justify\">Good copy, albeit a small waterstain to the last approx. 100 leaves in volume V.<\/p>\n","protected":false},"excerpt":{"rendered":"<p style=\"text-align:justify\">5 text volumes, 8vo (194 x 121 mm), and the atlas, 4to (315 x 240 mm). Text bound in contemporary sheep backed boards, flat spines, and in contemporary pink boards for the atlas (text somewhat rubbed).<\/p>\n","protected":false},"featured_media":82523,"comment_status":"open","ping_status":"closed","template":"","meta":{"_acf_changed":false},"product_brand":[],"product_cat":[552],"product_tag":[1364,1365,1363,1367,1368,1369,1370,1371],"class_list":{"0":"post-74707","1":"product","2":"type-product","3":"status-publish","4":"has-post-thumbnail","6":"product_cat-travel","7":"product_tag-california","8":"product_tag-canada-2","9":"product_tag-caribbean","10":"product_tag-guyana","11":"product_tag-louisiana","12":"product_tag-mexico","13":"product_tag-united-states-of-america","14":"product_tag-virginia","15":"pa_auteur-marshall-john-2","16":"pa_type-de-livre-printed-book","18":"first","19":"instock","20":"shipping-taxable","21":"purchasable","22":"product-type-simple"},"acf":{"artist":"John MARSHALL","chapeau":"","adresse_bibliographique":"Paris, Dentu, 1807","book_type":"Printed book","provenance":"","afficher_prix":""},"yoast_head":"<!-- This site is optimized with the Yoast SEO plugin v24.7 - https:\/\/yoast.com\/wordpress\/plugins\/seo\/ -->\n<title>MARSHALL John Vie de George Washington, g\u00e9n\u00e9ral en chef des arm\u00e9es am\u00e9ricaines, durant la guerre de l&#039;Ind\u00e9pendance, et Pr\u00e9sident des Etats-Unis d&#039;Am\u00e9rique; compos\u00e9e sur ses m\u00e9moires... Pr\u00e9c\u00e9d\u00e9e d&#039;un Pr\u00e9cis de l&#039;histoire des Colonies fond\u00e9es par les Anglais, sur le continent de l&#039;Am\u00e9rique septentrionale. - Libairie Clavreuil<\/title>\n<meta name=\"robots\" content=\"index, follow, max-snippet:-1, max-image-preview:large, max-video-preview:-1\" \/>\n<link rel=\"canonical\" href=\"https:\/\/www.librairieclavreuil.com\/en\/washington-george-vie-de-george-washington-general-en-chef-des-armees-americaines-durant-la-guerre-de-lindependance-et-president-des-etats-unis-damerique-composee-sur-ses-memoires-precedee\/\" \/>\n<meta property=\"og:locale\" content=\"en_US\" \/>\n<meta property=\"og:type\" content=\"article\" \/>\n<meta property=\"og:title\" content=\"MARSHALL John Vie de George Washington, g\u00e9n\u00e9ral en chef des arm\u00e9es am\u00e9ricaines, durant la guerre de l&#039;Ind\u00e9pendance, et Pr\u00e9sident des Etats-Unis d&#039;Am\u00e9rique; compos\u00e9e sur ses m\u00e9moires... Pr\u00e9c\u00e9d\u00e9e d&#039;un Pr\u00e9cis de l&#039;histoire des Colonies fond\u00e9es par les Anglais, sur le continent de l&#039;Am\u00e9rique septentrionale. - Libairie Clavreuil\" \/>\n<meta property=\"og:description\" content=\"5 text volumes, 8vo (194 x 121 mm), and the atlas, 4to (315 x 240 mm). Text bound in contemporary sheep backed boards, flat spines, and in contemporary pink boards for the atlas (text somewhat rubbed).\" \/>\n<meta property=\"og:url\" content=\"https:\/\/www.librairieclavreuil.com\/en\/washington-george-vie-de-george-washington-general-en-chef-des-armees-americaines-durant-la-guerre-de-lindependance-et-president-des-etats-unis-damerique-composee-sur-ses-memoires-precedee\/\" \/>\n<meta property=\"og:site_name\" content=\"Libairie Clavreuil\" \/>\n<meta property=\"article:modified_time\" content=\"2025-06-03T11:20:14+00:00\" \/>\n<meta property=\"og:image\" content=\"https:\/\/www.librairieclavreuil.com\/wp-content\/uploads\/2025\/01\/humphry-marshall-vie-de-george-washington-general-en-chef-des-armees-americaines-durant-la-guerre-de-l-independance-et-president-des-etats-u-678fd5cfc8349.jpg\" \/>\n\t<meta property=\"og:image:width\" content=\"622\" \/>\n\t<meta property=\"og:image:height\" content=\"800\" \/>\n\t<meta property=\"og:image:type\" content=\"image\/jpeg\" \/>\n<meta name=\"twitter:card\" content=\"summary_large_image\" \/>\n<script type=\"application\/ld+json\" class=\"yoast-schema-graph\">{\"@context\":\"https:\/\/schema.org\",\"@graph\":[{\"@type\":\"WebPage\",\"@id\":\"https:\/\/www.librairieclavreuil.com\/en\/washington-george-vie-de-george-washington-general-en-chef-des-armees-americaines-durant-la-guerre-de-lindependance-et-president-des-etats-unis-damerique-composee-sur-ses-memoires-precedee\/\",\"url\":\"https:\/\/www.librairieclavreuil.com\/en\/washington-george-vie-de-george-washington-general-en-chef-des-armees-americaines-durant-la-guerre-de-lindependance-et-president-des-etats-unis-damerique-composee-sur-ses-memoires-precedee\/\",\"name\":\"MARSHALL John Vie de George Washington, g\u00e9n\u00e9ral en chef des arm\u00e9es am\u00e9ricaines, durant la guerre de l'Ind\u00e9pendance, et Pr\u00e9sident des Etats-Unis d'Am\u00e9rique; compos\u00e9e sur ses m\u00e9moires... Pr\u00e9c\u00e9d\u00e9e d'un Pr\u00e9cis de l'histoire des Colonies fond\u00e9es par les Anglais, sur le continent de l'Am\u00e9rique septentrionale. - Libairie Clavreuil\",\"isPartOf\":{\"@id\":\"https:\/\/www.librairieclavreuil.com\/#website\"},\"primaryImageOfPage\":{\"@id\":\"https:\/\/www.librairieclavreuil.com\/en\/washington-george-vie-de-george-washington-general-en-chef-des-armees-americaines-durant-la-guerre-de-lindependance-et-president-des-etats-unis-damerique-composee-sur-ses-memoires-precedee\/#primaryimage\"},\"image\":{\"@id\":\"https:\/\/www.librairieclavreuil.com\/en\/washington-george-vie-de-george-washington-general-en-chef-des-armees-americaines-durant-la-guerre-de-lindependance-et-president-des-etats-unis-damerique-composee-sur-ses-memoires-precedee\/#primaryimage\"},\"thumbnailUrl\":\"https:\/\/www.librairieclavreuil.com\/wp-content\/uploads\/2025\/01\/humphry-marshall-vie-de-george-washington-general-en-chef-des-armees-americaines-durant-la-guerre-de-l-independance-et-president-des-etats-u-678fd5cfc8349.jpg\",\"datePublished\":\"2024-04-23T16:20:19+00:00\",\"dateModified\":\"2025-06-03T11:20:14+00:00\",\"breadcrumb\":{\"@id\":\"https:\/\/www.librairieclavreuil.com\/en\/washington-george-vie-de-george-washington-general-en-chef-des-armees-americaines-durant-la-guerre-de-lindependance-et-president-des-etats-unis-damerique-composee-sur-ses-memoires-precedee\/#breadcrumb\"},\"inLanguage\":\"en-US\",\"potentialAction\":[{\"@type\":\"ReadAction\",\"target\":[\"https:\/\/www.librairieclavreuil.com\/en\/washington-george-vie-de-george-washington-general-en-chef-des-armees-americaines-durant-la-guerre-de-lindependance-et-president-des-etats-unis-damerique-composee-sur-ses-memoires-precedee\/\"]}]},{\"@type\":\"ImageObject\",\"inLanguage\":\"en-US\",\"@id\":\"https:\/\/www.librairieclavreuil.com\/en\/washington-george-vie-de-george-washington-general-en-chef-des-armees-americaines-durant-la-guerre-de-lindependance-et-president-des-etats-unis-damerique-composee-sur-ses-memoires-precedee\/#primaryimage\",\"url\":\"https:\/\/www.librairieclavreuil.com\/wp-content\/uploads\/2025\/01\/humphry-marshall-vie-de-george-washington-general-en-chef-des-armees-americaines-durant-la-guerre-de-l-independance-et-president-des-etats-u-678fd5cfc8349.jpg\",\"contentUrl\":\"https:\/\/www.librairieclavreuil.com\/wp-content\/uploads\/2025\/01\/humphry-marshall-vie-de-george-washington-general-en-chef-des-armees-americaines-durant-la-guerre-de-l-independance-et-president-des-etats-u-678fd5cfc8349.jpg\",\"width\":622,\"height\":800},{\"@type\":\"BreadcrumbList\",\"@id\":\"https:\/\/www.librairieclavreuil.com\/en\/washington-george-vie-de-george-washington-general-en-chef-des-armees-americaines-durant-la-guerre-de-lindependance-et-president-des-etats-unis-damerique-composee-sur-ses-memoires-precedee\/#breadcrumb\",\"itemListElement\":[{\"@type\":\"ListItem\",\"position\":1,\"name\":\"Accueil\",\"item\":\"https:\/\/www.librairieclavreuil.com\/\"},{\"@type\":\"ListItem\",\"position\":2,\"name\":\"All our books\",\"item\":\"https:\/\/www.librairieclavreuil.com\/en\/all-our-books\/\"},{\"@type\":\"ListItem\",\"position\":3,\"name\":\"MARSHALL John Vie de George Washington, g\u00e9n\u00e9ral en...\"}]},{\"@type\":\"WebSite\",\"@id\":\"https:\/\/www.librairieclavreuil.com\/#website\",\"url\":\"https:\/\/www.librairieclavreuil.com\/\",\"name\":\"Libairie Clavreuil\",\"description\":\"Livres anciens, manuscrits rares et \u00e9ditions originales \u2013 Librairie Clavreuil\",\"publisher\":{\"@id\":\"https:\/\/www.librairieclavreuil.com\/#organization\"},\"potentialAction\":[{\"@type\":\"SearchAction\",\"target\":{\"@type\":\"EntryPoint\",\"urlTemplate\":\"https:\/\/www.librairieclavreuil.com\/?s={search_term_string}\"},\"query-input\":{\"@type\":\"PropertyValueSpecification\",\"valueRequired\":true,\"valueName\":\"search_term_string\"}}],\"inLanguage\":\"en-US\"},{\"@type\":\"Organization\",\"@id\":\"https:\/\/www.librairieclavreuil.com\/#organization\",\"name\":\"Libairie Clavreuil\",\"url\":\"https:\/\/www.librairieclavreuil.com\/\",\"logo\":{\"@type\":\"ImageObject\",\"inLanguage\":\"en-US\",\"@id\":\"https:\/\/www.librairieclavreuil.com\/#\/schema\/logo\/image\/\",\"url\":\"https:\/\/www.librairieclavreuil.com\/wp-content\/uploads\/2021\/06\/cropped-LOGO_PNG_DATE-_gold-512x512-1.png\",\"contentUrl\":\"https:\/\/www.librairieclavreuil.com\/wp-content\/uploads\/2021\/06\/cropped-LOGO_PNG_DATE-_gold-512x512-1.png\",\"width\":512,\"height\":512,\"caption\":\"Libairie Clavreuil\"},\"image\":{\"@id\":\"https:\/\/www.librairieclavreuil.com\/#\/schema\/logo\/image\/\"},\"sameAs\":[\"https:\/\/www.instagram.com\/librairieclavreuil\/\"]}]}<\/script>\n<!-- \/ Yoast SEO plugin. -->","yoast_head_json":{"title":"MARSHALL John Vie de George Washington, g\u00e9n\u00e9ral en chef des arm\u00e9es am\u00e9ricaines, durant la guerre de l'Ind\u00e9pendance, et Pr\u00e9sident des Etats-Unis d'Am\u00e9rique; compos\u00e9e sur ses m\u00e9moires... Pr\u00e9c\u00e9d\u00e9e d'un Pr\u00e9cis de l'histoire des Colonies fond\u00e9es par les Anglais, sur le continent de l'Am\u00e9rique septentrionale. - Libairie Clavreuil","robots":{"index":"index","follow":"follow","max-snippet":"max-snippet:-1","max-image-preview":"max-image-preview:large","max-video-preview":"max-video-preview:-1"},"canonical":"https:\/\/www.librairieclavreuil.com\/en\/washington-george-vie-de-george-washington-general-en-chef-des-armees-americaines-durant-la-guerre-de-lindependance-et-president-des-etats-unis-damerique-composee-sur-ses-memoires-precedee\/","og_locale":"en_US","og_type":"article","og_title":"MARSHALL John Vie de George Washington, g\u00e9n\u00e9ral en chef des arm\u00e9es am\u00e9ricaines, durant la guerre de l'Ind\u00e9pendance, et Pr\u00e9sident des Etats-Unis d'Am\u00e9rique; compos\u00e9e sur ses m\u00e9moires... Pr\u00e9c\u00e9d\u00e9e d'un Pr\u00e9cis de l'histoire des Colonies fond\u00e9es par les Anglais, sur le continent de l'Am\u00e9rique septentrionale. - Libairie Clavreuil","og_description":"5 text volumes, 8vo (194 x 121 mm), and the atlas, 4to (315 x 240 mm). Text bound in contemporary sheep backed boards, flat spines, and in contemporary pink boards for the atlas (text somewhat rubbed).","og_url":"https:\/\/www.librairieclavreuil.com\/en\/washington-george-vie-de-george-washington-general-en-chef-des-armees-americaines-durant-la-guerre-de-lindependance-et-president-des-etats-unis-damerique-composee-sur-ses-memoires-precedee\/","og_site_name":"Libairie Clavreuil","article_modified_time":"2025-06-03T11:20:14+00:00","og_image":[{"width":622,"height":800,"url":"https:\/\/www.librairieclavreuil.com\/wp-content\/uploads\/2025\/01\/humphry-marshall-vie-de-george-washington-general-en-chef-des-armees-americaines-durant-la-guerre-de-l-independance-et-president-des-etats-u-678fd5cfc8349.jpg","type":"image\/jpeg"}],"twitter_card":"summary_large_image","schema":{"@context":"https:\/\/schema.org","@graph":[{"@type":"WebPage","@id":"https:\/\/www.librairieclavreuil.com\/en\/washington-george-vie-de-george-washington-general-en-chef-des-armees-americaines-durant-la-guerre-de-lindependance-et-president-des-etats-unis-damerique-composee-sur-ses-memoires-precedee\/","url":"https:\/\/www.librairieclavreuil.com\/en\/washington-george-vie-de-george-washington-general-en-chef-des-armees-americaines-durant-la-guerre-de-lindependance-et-president-des-etats-unis-damerique-composee-sur-ses-memoires-precedee\/","name":"MARSHALL John Vie de George Washington, g\u00e9n\u00e9ral en chef des arm\u00e9es am\u00e9ricaines, durant la guerre de l'Ind\u00e9pendance, et Pr\u00e9sident des Etats-Unis d'Am\u00e9rique; compos\u00e9e sur ses m\u00e9moires... Pr\u00e9c\u00e9d\u00e9e d'un Pr\u00e9cis de l'histoire des Colonies fond\u00e9es par les Anglais, sur le continent de l'Am\u00e9rique septentrionale. - Libairie Clavreuil","isPartOf":{"@id":"https:\/\/www.librairieclavreuil.com\/#website"},"primaryImageOfPage":{"@id":"https:\/\/www.librairieclavreuil.com\/en\/washington-george-vie-de-george-washington-general-en-chef-des-armees-americaines-durant-la-guerre-de-lindependance-et-president-des-etats-unis-damerique-composee-sur-ses-memoires-precedee\/#primaryimage"},"image":{"@id":"https:\/\/www.librairieclavreuil.com\/en\/washington-george-vie-de-george-washington-general-en-chef-des-armees-americaines-durant-la-guerre-de-lindependance-et-president-des-etats-unis-damerique-composee-sur-ses-memoires-precedee\/#primaryimage"},"thumbnailUrl":"https:\/\/www.librairieclavreuil.com\/wp-content\/uploads\/2025\/01\/humphry-marshall-vie-de-george-washington-general-en-chef-des-armees-americaines-durant-la-guerre-de-l-independance-et-president-des-etats-u-678fd5cfc8349.jpg","datePublished":"2024-04-23T16:20:19+00:00","dateModified":"2025-06-03T11:20:14+00:00","breadcrumb":{"@id":"https:\/\/www.librairieclavreuil.com\/en\/washington-george-vie-de-george-washington-general-en-chef-des-armees-americaines-durant-la-guerre-de-lindependance-et-president-des-etats-unis-damerique-composee-sur-ses-memoires-precedee\/#breadcrumb"},"inLanguage":"en-US","potentialAction":[{"@type":"ReadAction","target":["https:\/\/www.librairieclavreuil.com\/en\/washington-george-vie-de-george-washington-general-en-chef-des-armees-americaines-durant-la-guerre-de-lindependance-et-president-des-etats-unis-damerique-composee-sur-ses-memoires-precedee\/"]}]},{"@type":"ImageObject","inLanguage":"en-US","@id":"https:\/\/www.librairieclavreuil.com\/en\/washington-george-vie-de-george-washington-general-en-chef-des-armees-americaines-durant-la-guerre-de-lindependance-et-president-des-etats-unis-damerique-composee-sur-ses-memoires-precedee\/#primaryimage","url":"https:\/\/www.librairieclavreuil.com\/wp-content\/uploads\/2025\/01\/humphry-marshall-vie-de-george-washington-general-en-chef-des-armees-americaines-durant-la-guerre-de-l-independance-et-president-des-etats-u-678fd5cfc8349.jpg","contentUrl":"https:\/\/www.librairieclavreuil.com\/wp-content\/uploads\/2025\/01\/humphry-marshall-vie-de-george-washington-general-en-chef-des-armees-americaines-durant-la-guerre-de-l-independance-et-president-des-etats-u-678fd5cfc8349.jpg","width":622,"height":800},{"@type":"BreadcrumbList","@id":"https:\/\/www.librairieclavreuil.com\/en\/washington-george-vie-de-george-washington-general-en-chef-des-armees-americaines-durant-la-guerre-de-lindependance-et-president-des-etats-unis-damerique-composee-sur-ses-memoires-precedee\/#breadcrumb","itemListElement":[{"@type":"ListItem","position":1,"name":"Accueil","item":"https:\/\/www.librairieclavreuil.com\/"},{"@type":"ListItem","position":2,"name":"All our books","item":"https:\/\/www.librairieclavreuil.com\/en\/all-our-books\/"},{"@type":"ListItem","position":3,"name":"MARSHALL John Vie de George Washington, g\u00e9n\u00e9ral en..."}]},{"@type":"WebSite","@id":"https:\/\/www.librairieclavreuil.com\/#website","url":"https:\/\/www.librairieclavreuil.com\/","name":"Libairie Clavreuil","description":"Livres anciens, manuscrits rares et \u00e9ditions originales \u2013 Librairie Clavreuil","publisher":{"@id":"https:\/\/www.librairieclavreuil.com\/#organization"},"potentialAction":[{"@type":"SearchAction","target":{"@type":"EntryPoint","urlTemplate":"https:\/\/www.librairieclavreuil.com\/?s={search_term_string}"},"query-input":{"@type":"PropertyValueSpecification","valueRequired":true,"valueName":"search_term_string"}}],"inLanguage":"en-US"},{"@type":"Organization","@id":"https:\/\/www.librairieclavreuil.com\/#organization","name":"Libairie Clavreuil","url":"https:\/\/www.librairieclavreuil.com\/","logo":{"@type":"ImageObject","inLanguage":"en-US","@id":"https:\/\/www.librairieclavreuil.com\/#\/schema\/logo\/image\/","url":"https:\/\/www.librairieclavreuil.com\/wp-content\/uploads\/2021\/06\/cropped-LOGO_PNG_DATE-_gold-512x512-1.png","contentUrl":"https:\/\/www.librairieclavreuil.com\/wp-content\/uploads\/2021\/06\/cropped-LOGO_PNG_DATE-_gold-512x512-1.png","width":512,"height":512,"caption":"Libairie Clavreuil"},"image":{"@id":"https:\/\/www.librairieclavreuil.com\/#\/schema\/logo\/image\/"},"sameAs":["https:\/\/www.instagram.com\/librairieclavreuil\/"]}]}},"jetpack_sharing_enabled":true,"_links":{"self":[{"href":"https:\/\/www.librairieclavreuil.com\/en\/wp-json\/wp\/v2\/product\/74707","targetHints":{"allow":["GET"]}}],"collection":[{"href":"https:\/\/www.librairieclavreuil.com\/en\/wp-json\/wp\/v2\/product"}],"about":[{"href":"https:\/\/www.librairieclavreuil.com\/en\/wp-json\/wp\/v2\/types\/product"}],"replies":[{"embeddable":true,"href":"https:\/\/www.librairieclavreuil.com\/en\/wp-json\/wp\/v2\/comments?post=74707"}],"wp:featuredmedia":[{"embeddable":true,"href":"https:\/\/www.librairieclavreuil.com\/en\/wp-json\/wp\/v2\/media\/82523"}],"wp:attachment":[{"href":"https:\/\/www.librairieclavreuil.com\/en\/wp-json\/wp\/v2\/media?parent=74707"}],"wp:term":[{"taxonomy":"product_brand","embeddable":true,"href":"https:\/\/www.librairieclavreuil.com\/en\/wp-json\/wp\/v2\/product_brand?post=74707"},{"taxonomy":"product_cat","embeddable":true,"href":"https:\/\/www.librairieclavreuil.com\/en\/wp-json\/wp\/v2\/product_cat?post=74707"},{"taxonomy":"product_tag","embeddable":true,"href":"https:\/\/www.librairieclavreuil.com\/en\/wp-json\/wp\/v2\/product_tag?post=74707"}],"curies":[{"name":"wp","href":"https:\/\/api.w.org\/{rel}","templated":true}]}}