{"id":74663,"date":"2024-04-23T18:02:28","date_gmt":"2024-04-23T16:02:28","guid":{"rendered":"https:\/\/clavreuil-wordpress.logiciel-arteo.fr\/gautier-dagoty-jacques-fabien-journal-dedie-a-monsieur-frere-du-roi-table-generale-des-journaux-anciens-et-modernes-contenant-les-jugemens-des-journalistes-sur-les-principaux-ouvrages-en-tout-ge\/"},"modified":"2024-07-08T13:11:56","modified_gmt":"2024-07-08T11:11:56","slug":"gautier-dagoty-jacques-fabien-journal-dedie-a-monsieur-frere-du-roi-table-generale-des-journaux-anciens-et-modernes-contenant-les-jugemens-des-journalistes-sur-les-principaux-ouvrages-en-tout-ge","status":"publish","type":"product","link":"https:\/\/www.librairieclavreuil.com\/en\/gautier-dagoty-jacques-fabien-journal-dedie-a-monsieur-frere-du-roi-table-generale-des-journaux-anciens-et-modernes-contenant-les-jugemens-des-journalistes-sur-les-principaux-ouvrages-en-tout-ge\/","title":{"rendered":"GAUTIER D&#8217;AGOTY Jacques Fabien Journal d\u00e9di\u00e9 \u00e0 Monsieur,..."},"content":{"rendered":"<p style=\"text-align:justify\"><i>Hatin, 51 ; Sgard, Dictionnaire des journaux, II, n\u00b0 674 ; see Anatomie de la couleur, BnF, 1996, p. 100 et suivantes.<\/i><\/p>\n<p style=\"text-align:justify\"><span style=\"font-variant:small-caps\">First series, complete with all its engravings of this very rare remarkable scientific 18th century journal, illustrated with engravings printed in colours.<\/span><\/p>\n<p style=\"text-align:justify\">Founded and directed by the painter and engraver Jacques Fabien Gautier d&#8217;Agoty (1716-1785), the color printing process is largely bases on the colour printing as invented by Jacob Christoph Le Blon. Other than extracts of &#8216;old&#8217; journals or magazines, this publication also contains modern contributions of scientific and literary works published more or less the same year. Complete with its 13 plates of which 12 are printed in colours. Most of the plates are of interest to natural history or anatomy; they depict cats, chameleon, crocodile, tarantula, humming-bird, a cut through the brain, and others. Two plates are of American interest: maps of New England and of Louisiana. The plate printed in outline in red are dancing instructions, while the plate printed black depicts coins. &#8220;<i>Gautier Dagoty acquiert en 1776 le privil\u00e8ge d&#8217;un Journal d\u00e9di\u00e9 \u00e0 Monsieur, et lance le premier num\u00e9ro en septembre 1776, avec une d\u00e9dicace sign\u00e9e \u00ab&nbsp;par la Soci\u00e9t\u00e9, G**, d&#8217;A**, D**, S**, M**<\/i> \u00bb (Gautier d&#8217;Agoty, Dessinateur de Sa Majest\u00e9 ?). Il s&#8217;agissait apparemment de la soci\u00e9t\u00e9 familiale fond\u00e9e par Dagoty en 1746 pour exploiter le proc\u00e9d\u00e9 de reproduction grav\u00e9e en couleur qu&#8217;il avait mis au point (&#8230;) et qui avait d\u00e9j\u00e0 \u00e9t\u00e9 \u00e0 la base du privil\u00e8ge des Observations sur l&#8217;histoire naturelle. Comme le dit le titre d\u00e9velopp\u00e9, le Journal de Monsieur donnera lui aussi une place importante aux planches en couleurs. Toutefois, Dagoty semble avoir \u00e9t\u00e9 plus soucieux d&#8217;exploiter son privil\u00e8ge que de faire vivre son journal ; au bout d&#8217;un an, il cherche \u00e0 le revendre. Les M\u00e9moires secrets d\u00e9clarent, le 12 septembre 1778 : \u00ab On avait commenc\u00e9 un Journal de Monsieur. Il a \u00e9t\u00e9 interrompu un an et repara\u00eetra au 1.10 sous les auspices de Madame la Pr\u00e9sidente d&#8217;Ormoy \u00bb. Toutefois, Mme Chaumet, pr\u00e9sidente d&#8217;Ormoy et romanci\u00e8re en faveur, ne r\u00e9ussit gu\u00e8re \u00e0 \u00e9tendre le public du journal ; en 1781, elle dut le vendre \u00e0 Royou, pour la somme de 4000 \u00a3 si l&#8217;on en croit les M\u00e9moires secrets (2 nov. 1782)&#8221;. Cf. Abderrahman Moalla, in Sgard, op. cit., p. 611).<\/p>\n<p style=\"text-align:justify\">Fine copy, uncut; some wear to original boards with spines consolidated.<\/p>\n","protected":false},"excerpt":{"rendered":"<p style=\"text-align:justify\">3 parts in 12 volumes, 12mo (185 x 110 mm), each in two volumes with individual pagination (&#8216;ouvrages anciens&#8217; and &#8216;ouvrages modernes&#8217;): 144 pp., 1 engraved folding map printed in colours, 120pp. for volume I; pp. 145-276, 1 engraved folding map printed in colours, pp. 121-252 for volume II; pp. 277-396, 1 engraved plate printed in colours, pp. 253-396 for volume III; pp. 397-516, 1 engraved folding plate printed in colours, pp. 397-516 for volume IV; 120 pp., 1 engraved folding plate printed in colours, 130 pp., 1 nn.l. for volume V; pp. 121-240, 1 engraved folding plate printed in colours, 1 engraved folding plate printed in red in ouline, pp. 133-252 for volume VI; pp. 241-360, 1 engraved folding plate printed in colours, pp. 253-372 for volume VII; pp. 361-480, 1 engraved folding plate printed in colours, pp. 373-493 for volume VIII; 120 pp., 1 engraved folding plate in black and white, 120 pp. for volume IX; pp. 121-240, 1 engraved folding plate printed in colours, pp. 121-240 for volume X; pp. 241-360, 1 engraved folding plate printed in colours, pp. 241-360 for volume XI; pp. 361-480, pp. 361-480, 1 engraved folding plate printed in colours for volume XII. Contemporary boards, modern blue board boxes.<\/p>\n","protected":false},"featured_media":79238,"comment_status":"open","ping_status":"closed","template":"","meta":{"_acf_changed":false},"product_brand":[],"product_cat":[540],"product_tag":[1272,1362,1274],"class_list":{"0":"post-74663","1":"product","2":"type-product","3":"status-publish","4":"has-post-thumbnail","6":"product_cat-natural-history","7":"product_tag-anatomy","8":"product_tag-north-america","9":"product_tag-physiology","10":"pa_auteur-gautier-dagoty-jacques-fabien-2","11":"pa_type-de-livre-printed-book","13":"first","14":"outofstock","15":"shipping-taxable","16":"purchasable","17":"product-type-simple"},"acf":{"artist":" Jacques Fabien GAUTIER D'AGOTY","chapeau":"Illustrated with 13 plates of which 12 are printed in colours after Gautier d'Agoty's printing process","adresse_bibliographique":"Paris, Demonville, 1776","book_type":"Printed book","provenance":"","afficher_prix":""},"yoast_head":"<!-- This site is optimized with the Yoast SEO plugin v24.7 - https:\/\/yoast.com\/wordpress\/plugins\/seo\/ -->\n<title>GAUTIER D&#039;AGOTY Jacques Fabien Journal d\u00e9di\u00e9 \u00e0 Monsieur, fr\u00e8re du Roi. Table g\u00e9n\u00e9rale des journaux anciens et modernes, contenant les Jugemens des Journalistes sur les principaux Ouvrages en tout genre ; suivie d&#039;Observations impartiales, &amp; de Planches en taille-douce ou en couleurs. Par une Soci\u00e9t\u00e9 de gens de Lettres. - Libairie Clavreuil<\/title>\n<meta name=\"robots\" content=\"index, follow, max-snippet:-1, max-image-preview:large, max-video-preview:-1\" \/>\n<link rel=\"canonical\" href=\"https:\/\/www.librairieclavreuil.com\/en\/gautier-dagoty-jacques-fabien-journal-dedie-a-monsieur-frere-du-roi-table-generale-des-journaux-anciens-et-modernes-contenant-les-jugemens-des-journalistes-sur-les-principaux-ouvrages-en-tout-ge\/\" \/>\n<meta property=\"og:locale\" content=\"en_US\" \/>\n<meta property=\"og:type\" content=\"article\" \/>\n<meta property=\"og:title\" content=\"GAUTIER D&#039;AGOTY Jacques Fabien Journal d\u00e9di\u00e9 \u00e0 Monsieur, fr\u00e8re du Roi. Table g\u00e9n\u00e9rale des journaux anciens et modernes, contenant les Jugemens des Journalistes sur les principaux Ouvrages en tout genre ; suivie d&#039;Observations impartiales, &amp; de Planches en taille-douce ou en couleurs. Par une Soci\u00e9t\u00e9 de gens de Lettres. - Libairie Clavreuil\" \/>\n<meta property=\"og:description\" content=\"3 parts in 12 volumes, 12mo (185 x 110 mm), each in two volumes with individual pagination (&#039;ouvrages anciens&#039; and &#039;ouvrages modernes&#039;): 144 pp., 1 engraved folding map printed in colours, 120pp. for volume I; pp. 145-276, 1 engraved folding map printed in colours, pp. 121-252 for volume II; pp. 277-396, 1 engraved plate printed in colours, pp. 253-396 for volume III; pp. 397-516, 1 engraved folding plate printed in colours, pp. 397-516 for volume IV; 120 pp., 1 engraved folding plate printed in colours, 130 pp., 1 nn.l. for volume V; pp. 121-240, 1 engraved folding plate printed in colours, 1 engraved folding plate printed in red in ouline, pp. 133-252 for volume VI; pp. 241-360, 1 engraved folding plate printed in colours, pp. 253-372 for volume VII; pp. 361-480, 1 engraved folding plate printed in colours, pp. 373-493 for volume VIII; 120 pp., 1 engraved folding plate in black and white, 120 pp. for volume IX; pp. 121-240, 1 engraved folding plate printed in colours, pp. 121-240 for volume X; pp. 241-360, 1 engraved folding plate printed in colours, pp. 241-360 for volume XI; pp. 361-480, pp. 361-480, 1 engraved folding plate printed in colours for volume XII. Contemporary boards, modern blue board boxes.\" \/>\n<meta property=\"og:url\" content=\"https:\/\/www.librairieclavreuil.com\/en\/gautier-dagoty-jacques-fabien-journal-dedie-a-monsieur-frere-du-roi-table-generale-des-journaux-anciens-et-modernes-contenant-les-jugemens-des-journalistes-sur-les-principaux-ouvrages-en-tout-ge\/\" \/>\n<meta property=\"og:site_name\" content=\"Libairie Clavreuil\" \/>\n<meta property=\"article:modified_time\" content=\"2024-07-08T11:11:56+00:00\" \/>\n<meta property=\"og:image\" content=\"https:\/\/www.librairieclavreuil.com\/wp-content\/uploads\/2024\/07\/jacques-fabien-gautier-d-agoty-journal-dedie-a-monsieur-frere-du-roi-table-generale-des-journaux-anciens-et-modernes-contenant-les-jugemens-des-journa.jpg\" \/>\n\t<meta property=\"og:image:width\" content=\"800\" \/>\n\t<meta property=\"og:image:height\" content=\"600\" \/>\n\t<meta property=\"og:image:type\" content=\"image\/jpeg\" \/>\n<meta name=\"twitter:card\" content=\"summary_large_image\" \/>\n<meta name=\"twitter:label1\" content=\"Est. reading time\" \/>\n\t<meta name=\"twitter:data1\" content=\"2 minutes\" \/>\n<script type=\"application\/ld+json\" class=\"yoast-schema-graph\">{\"@context\":\"https:\/\/schema.org\",\"@graph\":[{\"@type\":\"WebPage\",\"@id\":\"https:\/\/www.librairieclavreuil.com\/en\/gautier-dagoty-jacques-fabien-journal-dedie-a-monsieur-frere-du-roi-table-generale-des-journaux-anciens-et-modernes-contenant-les-jugemens-des-journalistes-sur-les-principaux-ouvrages-en-tout-ge\/\",\"url\":\"https:\/\/www.librairieclavreuil.com\/en\/gautier-dagoty-jacques-fabien-journal-dedie-a-monsieur-frere-du-roi-table-generale-des-journaux-anciens-et-modernes-contenant-les-jugemens-des-journalistes-sur-les-principaux-ouvrages-en-tout-ge\/\",\"name\":\"GAUTIER D'AGOTY Jacques Fabien Journal d\u00e9di\u00e9 \u00e0 Monsieur, fr\u00e8re du Roi. Table g\u00e9n\u00e9rale des journaux anciens et modernes, contenant les Jugemens des Journalistes sur les principaux Ouvrages en tout genre ; suivie d'Observations impartiales, &amp; de Planches en taille-douce ou en couleurs. Par une Soci\u00e9t\u00e9 de gens de Lettres. - Libairie Clavreuil\",\"isPartOf\":{\"@id\":\"https:\/\/www.librairieclavreuil.com\/#website\"},\"primaryImageOfPage\":{\"@id\":\"https:\/\/www.librairieclavreuil.com\/en\/gautier-dagoty-jacques-fabien-journal-dedie-a-monsieur-frere-du-roi-table-generale-des-journaux-anciens-et-modernes-contenant-les-jugemens-des-journalistes-sur-les-principaux-ouvrages-en-tout-ge\/#primaryimage\"},\"image\":{\"@id\":\"https:\/\/www.librairieclavreuil.com\/en\/gautier-dagoty-jacques-fabien-journal-dedie-a-monsieur-frere-du-roi-table-generale-des-journaux-anciens-et-modernes-contenant-les-jugemens-des-journalistes-sur-les-principaux-ouvrages-en-tout-ge\/#primaryimage\"},\"thumbnailUrl\":\"https:\/\/www.librairieclavreuil.com\/wp-content\/uploads\/2024\/07\/jacques-fabien-gautier-d-agoty-journal-dedie-a-monsieur-frere-du-roi-table-generale-des-journaux-anciens-et-modernes-contenant-les-jugemens-des-journa.jpg\",\"datePublished\":\"2024-04-23T16:02:28+00:00\",\"dateModified\":\"2024-07-08T11:11:56+00:00\",\"breadcrumb\":{\"@id\":\"https:\/\/www.librairieclavreuil.com\/en\/gautier-dagoty-jacques-fabien-journal-dedie-a-monsieur-frere-du-roi-table-generale-des-journaux-anciens-et-modernes-contenant-les-jugemens-des-journalistes-sur-les-principaux-ouvrages-en-tout-ge\/#breadcrumb\"},\"inLanguage\":\"en-US\",\"potentialAction\":[{\"@type\":\"ReadAction\",\"target\":[\"https:\/\/www.librairieclavreuil.com\/en\/gautier-dagoty-jacques-fabien-journal-dedie-a-monsieur-frere-du-roi-table-generale-des-journaux-anciens-et-modernes-contenant-les-jugemens-des-journalistes-sur-les-principaux-ouvrages-en-tout-ge\/\"]}]},{\"@type\":\"ImageObject\",\"inLanguage\":\"en-US\",\"@id\":\"https:\/\/www.librairieclavreuil.com\/en\/gautier-dagoty-jacques-fabien-journal-dedie-a-monsieur-frere-du-roi-table-generale-des-journaux-anciens-et-modernes-contenant-les-jugemens-des-journalistes-sur-les-principaux-ouvrages-en-tout-ge\/#primaryimage\",\"url\":\"https:\/\/www.librairieclavreuil.com\/wp-content\/uploads\/2024\/07\/jacques-fabien-gautier-d-agoty-journal-dedie-a-monsieur-frere-du-roi-table-generale-des-journaux-anciens-et-modernes-contenant-les-jugemens-des-journa.jpg\",\"contentUrl\":\"https:\/\/www.librairieclavreuil.com\/wp-content\/uploads\/2024\/07\/jacques-fabien-gautier-d-agoty-journal-dedie-a-monsieur-frere-du-roi-table-generale-des-journaux-anciens-et-modernes-contenant-les-jugemens-des-journa.jpg\",\"width\":800,\"height\":600},{\"@type\":\"BreadcrumbList\",\"@id\":\"https:\/\/www.librairieclavreuil.com\/en\/gautier-dagoty-jacques-fabien-journal-dedie-a-monsieur-frere-du-roi-table-generale-des-journaux-anciens-et-modernes-contenant-les-jugemens-des-journalistes-sur-les-principaux-ouvrages-en-tout-ge\/#breadcrumb\",\"itemListElement\":[{\"@type\":\"ListItem\",\"position\":1,\"name\":\"Accueil\",\"item\":\"https:\/\/www.librairieclavreuil.com\/\"},{\"@type\":\"ListItem\",\"position\":2,\"name\":\"All our books\",\"item\":\"https:\/\/www.librairieclavreuil.com\/en\/all-our-books\/\"},{\"@type\":\"ListItem\",\"position\":3,\"name\":\"GAUTIER D&#8217;AGOTY Jacques Fabien Journal d\u00e9di\u00e9 \u00e0 Monsieur, fr\u00e8re du Roi. Table g\u00e9n\u00e9rale des journaux anciens et modernes, contenant les Jugemens des Journalistes sur les principaux Ouvrages en tout genre ; suivie d&#8217;Observations impartiales, &amp; de Planches en taille-douce ou en couleurs. Par une Soci\u00e9t\u00e9 de gens de Lettres.\"}]},{\"@type\":\"WebSite\",\"@id\":\"https:\/\/www.librairieclavreuil.com\/#website\",\"url\":\"https:\/\/www.librairieclavreuil.com\/\",\"name\":\"Libairie Clavreuil\",\"description\":\"Livres anciens, manuscrits rares et \u00e9ditions originales \u2013 Librairie Clavreuil\",\"publisher\":{\"@id\":\"https:\/\/www.librairieclavreuil.com\/#organization\"},\"potentialAction\":[{\"@type\":\"SearchAction\",\"target\":{\"@type\":\"EntryPoint\",\"urlTemplate\":\"https:\/\/www.librairieclavreuil.com\/?s={search_term_string}\"},\"query-input\":{\"@type\":\"PropertyValueSpecification\",\"valueRequired\":true,\"valueName\":\"search_term_string\"}}],\"inLanguage\":\"en-US\"},{\"@type\":\"Organization\",\"@id\":\"https:\/\/www.librairieclavreuil.com\/#organization\",\"name\":\"Libairie Clavreuil\",\"url\":\"https:\/\/www.librairieclavreuil.com\/\",\"logo\":{\"@type\":\"ImageObject\",\"inLanguage\":\"en-US\",\"@id\":\"https:\/\/www.librairieclavreuil.com\/#\/schema\/logo\/image\/\",\"url\":\"https:\/\/www.librairieclavreuil.com\/wp-content\/uploads\/2021\/06\/cropped-LOGO_PNG_DATE-_gold-512x512-1.png\",\"contentUrl\":\"https:\/\/www.librairieclavreuil.com\/wp-content\/uploads\/2021\/06\/cropped-LOGO_PNG_DATE-_gold-512x512-1.png\",\"width\":512,\"height\":512,\"caption\":\"Libairie Clavreuil\"},\"image\":{\"@id\":\"https:\/\/www.librairieclavreuil.com\/#\/schema\/logo\/image\/\"},\"sameAs\":[\"https:\/\/www.instagram.com\/librairieclavreuil\/\"]}]}<\/script>\n<!-- \/ Yoast SEO plugin. -->","yoast_head_json":{"title":"GAUTIER D'AGOTY Jacques Fabien Journal d\u00e9di\u00e9 \u00e0 Monsieur, fr\u00e8re du Roi. Table g\u00e9n\u00e9rale des journaux anciens et modernes, contenant les Jugemens des Journalistes sur les principaux Ouvrages en tout genre ; suivie d'Observations impartiales, &amp; de Planches en taille-douce ou en couleurs. Par une Soci\u00e9t\u00e9 de gens de Lettres. - Libairie Clavreuil","robots":{"index":"index","follow":"follow","max-snippet":"max-snippet:-1","max-image-preview":"max-image-preview:large","max-video-preview":"max-video-preview:-1"},"canonical":"https:\/\/www.librairieclavreuil.com\/en\/gautier-dagoty-jacques-fabien-journal-dedie-a-monsieur-frere-du-roi-table-generale-des-journaux-anciens-et-modernes-contenant-les-jugemens-des-journalistes-sur-les-principaux-ouvrages-en-tout-ge\/","og_locale":"en_US","og_type":"article","og_title":"GAUTIER D'AGOTY Jacques Fabien Journal d\u00e9di\u00e9 \u00e0 Monsieur, fr\u00e8re du Roi. Table g\u00e9n\u00e9rale des journaux anciens et modernes, contenant les Jugemens des Journalistes sur les principaux Ouvrages en tout genre ; suivie d'Observations impartiales, &amp; de Planches en taille-douce ou en couleurs. Par une Soci\u00e9t\u00e9 de gens de Lettres. - Libairie Clavreuil","og_description":"3 parts in 12 volumes, 12mo (185 x 110 mm), each in two volumes with individual pagination ('ouvrages anciens' and 'ouvrages modernes'): 144 pp., 1 engraved folding map printed in colours, 120pp. for volume I; pp. 145-276, 1 engraved folding map printed in colours, pp. 121-252 for volume II; pp. 277-396, 1 engraved plate printed in colours, pp. 253-396 for volume III; pp. 397-516, 1 engraved folding plate printed in colours, pp. 397-516 for volume IV; 120 pp., 1 engraved folding plate printed in colours, 130 pp., 1 nn.l. for volume V; pp. 121-240, 1 engraved folding plate printed in colours, 1 engraved folding plate printed in red in ouline, pp. 133-252 for volume VI; pp. 241-360, 1 engraved folding plate printed in colours, pp. 253-372 for volume VII; pp. 361-480, 1 engraved folding plate printed in colours, pp. 373-493 for volume VIII; 120 pp., 1 engraved folding plate in black and white, 120 pp. for volume IX; pp. 121-240, 1 engraved folding plate printed in colours, pp. 121-240 for volume X; pp. 241-360, 1 engraved folding plate printed in colours, pp. 241-360 for volume XI; pp. 361-480, pp. 361-480, 1 engraved folding plate printed in colours for volume XII. Contemporary boards, modern blue board boxes.","og_url":"https:\/\/www.librairieclavreuil.com\/en\/gautier-dagoty-jacques-fabien-journal-dedie-a-monsieur-frere-du-roi-table-generale-des-journaux-anciens-et-modernes-contenant-les-jugemens-des-journalistes-sur-les-principaux-ouvrages-en-tout-ge\/","og_site_name":"Libairie Clavreuil","article_modified_time":"2024-07-08T11:11:56+00:00","og_image":[{"width":800,"height":600,"url":"https:\/\/www.librairieclavreuil.com\/wp-content\/uploads\/2024\/07\/jacques-fabien-gautier-d-agoty-journal-dedie-a-monsieur-frere-du-roi-table-generale-des-journaux-anciens-et-modernes-contenant-les-jugemens-des-journa.jpg","type":"image\/jpeg"}],"twitter_card":"summary_large_image","twitter_misc":{"Est. reading time":"2 minutes"},"schema":{"@context":"https:\/\/schema.org","@graph":[{"@type":"WebPage","@id":"https:\/\/www.librairieclavreuil.com\/en\/gautier-dagoty-jacques-fabien-journal-dedie-a-monsieur-frere-du-roi-table-generale-des-journaux-anciens-et-modernes-contenant-les-jugemens-des-journalistes-sur-les-principaux-ouvrages-en-tout-ge\/","url":"https:\/\/www.librairieclavreuil.com\/en\/gautier-dagoty-jacques-fabien-journal-dedie-a-monsieur-frere-du-roi-table-generale-des-journaux-anciens-et-modernes-contenant-les-jugemens-des-journalistes-sur-les-principaux-ouvrages-en-tout-ge\/","name":"GAUTIER D'AGOTY Jacques Fabien Journal d\u00e9di\u00e9 \u00e0 Monsieur, fr\u00e8re du Roi. Table g\u00e9n\u00e9rale des journaux anciens et modernes, contenant les Jugemens des Journalistes sur les principaux Ouvrages en tout genre ; suivie d'Observations impartiales, &amp; de Planches en taille-douce ou en couleurs. Par une Soci\u00e9t\u00e9 de gens de Lettres. - Libairie Clavreuil","isPartOf":{"@id":"https:\/\/www.librairieclavreuil.com\/#website"},"primaryImageOfPage":{"@id":"https:\/\/www.librairieclavreuil.com\/en\/gautier-dagoty-jacques-fabien-journal-dedie-a-monsieur-frere-du-roi-table-generale-des-journaux-anciens-et-modernes-contenant-les-jugemens-des-journalistes-sur-les-principaux-ouvrages-en-tout-ge\/#primaryimage"},"image":{"@id":"https:\/\/www.librairieclavreuil.com\/en\/gautier-dagoty-jacques-fabien-journal-dedie-a-monsieur-frere-du-roi-table-generale-des-journaux-anciens-et-modernes-contenant-les-jugemens-des-journalistes-sur-les-principaux-ouvrages-en-tout-ge\/#primaryimage"},"thumbnailUrl":"https:\/\/www.librairieclavreuil.com\/wp-content\/uploads\/2024\/07\/jacques-fabien-gautier-d-agoty-journal-dedie-a-monsieur-frere-du-roi-table-generale-des-journaux-anciens-et-modernes-contenant-les-jugemens-des-journa.jpg","datePublished":"2024-04-23T16:02:28+00:00","dateModified":"2024-07-08T11:11:56+00:00","breadcrumb":{"@id":"https:\/\/www.librairieclavreuil.com\/en\/gautier-dagoty-jacques-fabien-journal-dedie-a-monsieur-frere-du-roi-table-generale-des-journaux-anciens-et-modernes-contenant-les-jugemens-des-journalistes-sur-les-principaux-ouvrages-en-tout-ge\/#breadcrumb"},"inLanguage":"en-US","potentialAction":[{"@type":"ReadAction","target":["https:\/\/www.librairieclavreuil.com\/en\/gautier-dagoty-jacques-fabien-journal-dedie-a-monsieur-frere-du-roi-table-generale-des-journaux-anciens-et-modernes-contenant-les-jugemens-des-journalistes-sur-les-principaux-ouvrages-en-tout-ge\/"]}]},{"@type":"ImageObject","inLanguage":"en-US","@id":"https:\/\/www.librairieclavreuil.com\/en\/gautier-dagoty-jacques-fabien-journal-dedie-a-monsieur-frere-du-roi-table-generale-des-journaux-anciens-et-modernes-contenant-les-jugemens-des-journalistes-sur-les-principaux-ouvrages-en-tout-ge\/#primaryimage","url":"https:\/\/www.librairieclavreuil.com\/wp-content\/uploads\/2024\/07\/jacques-fabien-gautier-d-agoty-journal-dedie-a-monsieur-frere-du-roi-table-generale-des-journaux-anciens-et-modernes-contenant-les-jugemens-des-journa.jpg","contentUrl":"https:\/\/www.librairieclavreuil.com\/wp-content\/uploads\/2024\/07\/jacques-fabien-gautier-d-agoty-journal-dedie-a-monsieur-frere-du-roi-table-generale-des-journaux-anciens-et-modernes-contenant-les-jugemens-des-journa.jpg","width":800,"height":600},{"@type":"BreadcrumbList","@id":"https:\/\/www.librairieclavreuil.com\/en\/gautier-dagoty-jacques-fabien-journal-dedie-a-monsieur-frere-du-roi-table-generale-des-journaux-anciens-et-modernes-contenant-les-jugemens-des-journalistes-sur-les-principaux-ouvrages-en-tout-ge\/#breadcrumb","itemListElement":[{"@type":"ListItem","position":1,"name":"Accueil","item":"https:\/\/www.librairieclavreuil.com\/"},{"@type":"ListItem","position":2,"name":"All our books","item":"https:\/\/www.librairieclavreuil.com\/en\/all-our-books\/"},{"@type":"ListItem","position":3,"name":"GAUTIER D&#8217;AGOTY Jacques Fabien Journal d\u00e9di\u00e9 \u00e0 Monsieur, fr\u00e8re du Roi. Table g\u00e9n\u00e9rale des journaux anciens et modernes, contenant les Jugemens des Journalistes sur les principaux Ouvrages en tout genre ; suivie d&#8217;Observations impartiales, &amp; de Planches en taille-douce ou en couleurs. Par une Soci\u00e9t\u00e9 de gens de Lettres."}]},{"@type":"WebSite","@id":"https:\/\/www.librairieclavreuil.com\/#website","url":"https:\/\/www.librairieclavreuil.com\/","name":"Libairie Clavreuil","description":"Livres anciens, manuscrits rares et \u00e9ditions originales \u2013 Librairie Clavreuil","publisher":{"@id":"https:\/\/www.librairieclavreuil.com\/#organization"},"potentialAction":[{"@type":"SearchAction","target":{"@type":"EntryPoint","urlTemplate":"https:\/\/www.librairieclavreuil.com\/?s={search_term_string}"},"query-input":{"@type":"PropertyValueSpecification","valueRequired":true,"valueName":"search_term_string"}}],"inLanguage":"en-US"},{"@type":"Organization","@id":"https:\/\/www.librairieclavreuil.com\/#organization","name":"Libairie Clavreuil","url":"https:\/\/www.librairieclavreuil.com\/","logo":{"@type":"ImageObject","inLanguage":"en-US","@id":"https:\/\/www.librairieclavreuil.com\/#\/schema\/logo\/image\/","url":"https:\/\/www.librairieclavreuil.com\/wp-content\/uploads\/2021\/06\/cropped-LOGO_PNG_DATE-_gold-512x512-1.png","contentUrl":"https:\/\/www.librairieclavreuil.com\/wp-content\/uploads\/2021\/06\/cropped-LOGO_PNG_DATE-_gold-512x512-1.png","width":512,"height":512,"caption":"Libairie Clavreuil"},"image":{"@id":"https:\/\/www.librairieclavreuil.com\/#\/schema\/logo\/image\/"},"sameAs":["https:\/\/www.instagram.com\/librairieclavreuil\/"]}]}},"jetpack_sharing_enabled":true,"_links":{"self":[{"href":"https:\/\/www.librairieclavreuil.com\/en\/wp-json\/wp\/v2\/product\/74663","targetHints":{"allow":["GET"]}}],"collection":[{"href":"https:\/\/www.librairieclavreuil.com\/en\/wp-json\/wp\/v2\/product"}],"about":[{"href":"https:\/\/www.librairieclavreuil.com\/en\/wp-json\/wp\/v2\/types\/product"}],"replies":[{"embeddable":true,"href":"https:\/\/www.librairieclavreuil.com\/en\/wp-json\/wp\/v2\/comments?post=74663"}],"wp:featuredmedia":[{"embeddable":true,"href":"https:\/\/www.librairieclavreuil.com\/en\/wp-json\/wp\/v2\/media\/79238"}],"wp:attachment":[{"href":"https:\/\/www.librairieclavreuil.com\/en\/wp-json\/wp\/v2\/media?parent=74663"}],"wp:term":[{"taxonomy":"product_brand","embeddable":true,"href":"https:\/\/www.librairieclavreuil.com\/en\/wp-json\/wp\/v2\/product_brand?post=74663"},{"taxonomy":"product_cat","embeddable":true,"href":"https:\/\/www.librairieclavreuil.com\/en\/wp-json\/wp\/v2\/product_cat?post=74663"},{"taxonomy":"product_tag","embeddable":true,"href":"https:\/\/www.librairieclavreuil.com\/en\/wp-json\/wp\/v2\/product_tag?post=74663"}],"curies":[{"name":"wp","href":"https:\/\/api.w.org\/{rel}","templated":true}]}}