{"id":74651,"date":"2024-04-23T17:58:01","date_gmt":"2024-04-23T15:58:01","guid":{"rendered":"https:\/\/clavreuil-wordpress.logiciel-arteo.fr\/anonyme-journal-des-chasseurs-revue-litteraire\/"},"modified":"2025-06-03T12:35:58","modified_gmt":"2025-06-03T10:35:58","slug":"anonyme-journal-des-chasseurs-revue-litteraire","status":"publish","type":"product","link":"https:\/\/www.librairieclavreuil.com\/en\/anonyme-journal-des-chasseurs-revue-litteraire\/","title":{"rendered":"[ANONYME] JOURNAL DES CHASSEURS, Revue litt\u00e9raire."},"content":{"rendered":"<p style=\"text-align:justify\"><i>Thi\u00e9baud, 523-25; Schwerdt I, 275 ; Souhart, 610.<\/i><\/p>\n<p style=\"text-align:justify\"><span style=\"font-variant:small-caps\">Substantial collection of the first 30 years of this famous French hunting journal of the 19th century, which Thi\u00e9baud considers the most interesting of all French (&#8220;la plus int\u00e9ressante des revues cyn\u00e9g\u00e9tiques qui aient paru en France&#8221;).<\/span><\/p>\n<p style=\"text-align:justify\">Publication ceased in August 1870 (34th year) with the beginning of the Franco-Prussian war. <i>Le Journal des Chasseurs<\/i> was founded and managed by L\u00e9on Bertrand until 1861 and continued to thrive under Charles Godde. Its main contributors were Joseph Lavall\u00e9e, Elz\u00e9ar Blaze, Th\u00e9ophile Deyeux, the Marquis Foudras, Count Houdetot, etc.<\/p>\n<p style=\"text-align:justify\">One could compare the journal to the famous British<i> Sporting Magazine<\/i> as all aspects of hunting are discussed, from the most traditional to the most exotic including falconry, big game (lion, bear, ostrich, etc.) and even lice&#8230; Illustrations include 368 plates (10 coloured) by celebrated artists such as Grenier, Victor Adam, Alfred de Dreux, Eug\u00e8ne Ciceri, Ichnert, etc. (the set is short of &nbsp;1 plate : volume 25, <i>&#8216;La Somme \u00e0 mer basse<\/i>&#8221; but two others are bound in twice).<\/p>\n<p style=\"text-align:justify\">Subscription was available in two forms: illustrated, and un-illustrated.<\/p>\n<p style=\"text-align:justify\">Beautiful copy, some rare quires browned, otherwise well preserved in its contemporary binding.<\/p>\n","protected":false},"excerpt":{"rendered":"<p style=\"text-align:justify\">41 volumes, 8vo (231 x 151 mm).Contemporary half-sheep (aubergine for the first 7 volumes, the following in blue or green), flat spines gilt with special tools depicting hunters or dogs on the first nine.<\/p>\n","protected":false},"featured_media":74640,"comment_status":"open","ping_status":"closed","template":"","meta":{"_acf_changed":false},"product_brand":[],"product_cat":[534],"product_tag":[1227,566,1236],"class_list":{"0":"post-74651","1":"product","2":"type-product","3":"status-publish","4":"has-post-thumbnail","6":"product_cat-hunting","7":"product_tag-horse-riding","8":"product_tag-hunting","9":"product_tag-illustrations-2","10":"pa_auteur-anonyme-4","11":"pa_type-de-livre-printed-book","13":"first","14":"instock","15":"shipping-taxable","16":"purchasable","17":"product-type-simple"},"acf":{"artist":"[ANONYME]","chapeau":"","adresse_bibliographique":"Paris, Bureaux, rue Neuve-des-Bons-Enfans, 1836-1866","book_type":"Printed book","provenance":"From the Lebaudy library with its book plate.","afficher_prix":""},"yoast_head":"<!-- This site is optimized with the Yoast SEO plugin v24.7 - https:\/\/yoast.com\/wordpress\/plugins\/seo\/ -->\n<title>[ANONYME]  JOURNAL DES CHASSEURS, Revue litt\u00e9raire. - Libairie Clavreuil<\/title>\n<meta name=\"robots\" content=\"index, follow, max-snippet:-1, max-image-preview:large, max-video-preview:-1\" \/>\n<link rel=\"canonical\" href=\"https:\/\/www.librairieclavreuil.com\/en\/anonyme-journal-des-chasseurs-revue-litteraire\/\" \/>\n<meta property=\"og:locale\" content=\"en_US\" \/>\n<meta property=\"og:type\" content=\"article\" \/>\n<meta property=\"og:title\" content=\"[ANONYME]  JOURNAL DES CHASSEURS, Revue litt\u00e9raire. - Libairie Clavreuil\" \/>\n<meta property=\"og:description\" content=\"41 volumes, 8vo (231 x 151 mm).Contemporary half-sheep (aubergine for the first 7 volumes, the following in blue or green), flat spines gilt with special tools depicting hunters or dogs on the first nine.\" \/>\n<meta property=\"og:url\" content=\"https:\/\/www.librairieclavreuil.com\/en\/anonyme-journal-des-chasseurs-revue-litteraire\/\" \/>\n<meta property=\"og:site_name\" content=\"Libairie Clavreuil\" \/>\n<meta property=\"article:modified_time\" content=\"2025-06-03T10:35:58+00:00\" \/>\n<meta property=\"og:image\" content=\"https:\/\/www.librairieclavreuil.com\/wp-content\/uploads\/2024\/04\/unknown-journal-des-chasseurs-revue-litteraire-3861-65d78bbcc617f-scaled.jpg\" \/>\n\t<meta property=\"og:image:width\" content=\"1920\" \/>\n\t<meta property=\"og:image:height\" content=\"2560\" \/>\n\t<meta property=\"og:image:type\" content=\"image\/jpeg\" \/>\n<meta name=\"twitter:card\" content=\"summary_large_image\" \/>\n<meta name=\"twitter:label1\" content=\"Est. reading time\" \/>\n\t<meta name=\"twitter:data1\" content=\"1 minute\" \/>\n<script type=\"application\/ld+json\" class=\"yoast-schema-graph\">{\"@context\":\"https:\/\/schema.org\",\"@graph\":[{\"@type\":\"WebPage\",\"@id\":\"https:\/\/www.librairieclavreuil.com\/en\/anonyme-journal-des-chasseurs-revue-litteraire\/\",\"url\":\"https:\/\/www.librairieclavreuil.com\/en\/anonyme-journal-des-chasseurs-revue-litteraire\/\",\"name\":\"[ANONYME] JOURNAL DES CHASSEURS, Revue litt\u00e9raire. - Libairie Clavreuil\",\"isPartOf\":{\"@id\":\"https:\/\/www.librairieclavreuil.com\/#website\"},\"primaryImageOfPage\":{\"@id\":\"https:\/\/www.librairieclavreuil.com\/en\/anonyme-journal-des-chasseurs-revue-litteraire\/#primaryimage\"},\"image\":{\"@id\":\"https:\/\/www.librairieclavreuil.com\/en\/anonyme-journal-des-chasseurs-revue-litteraire\/#primaryimage\"},\"thumbnailUrl\":\"https:\/\/www.librairieclavreuil.com\/wp-content\/uploads\/2024\/04\/unknown-journal-des-chasseurs-revue-litteraire-3861-65d78bbcc617f-scaled.jpg\",\"datePublished\":\"2024-04-23T15:58:01+00:00\",\"dateModified\":\"2025-06-03T10:35:58+00:00\",\"breadcrumb\":{\"@id\":\"https:\/\/www.librairieclavreuil.com\/en\/anonyme-journal-des-chasseurs-revue-litteraire\/#breadcrumb\"},\"inLanguage\":\"en-US\",\"potentialAction\":[{\"@type\":\"ReadAction\",\"target\":[\"https:\/\/www.librairieclavreuil.com\/en\/anonyme-journal-des-chasseurs-revue-litteraire\/\"]}]},{\"@type\":\"ImageObject\",\"inLanguage\":\"en-US\",\"@id\":\"https:\/\/www.librairieclavreuil.com\/en\/anonyme-journal-des-chasseurs-revue-litteraire\/#primaryimage\",\"url\":\"https:\/\/www.librairieclavreuil.com\/wp-content\/uploads\/2024\/04\/unknown-journal-des-chasseurs-revue-litteraire-3861-65d78bbcc617f-scaled.jpg\",\"contentUrl\":\"https:\/\/www.librairieclavreuil.com\/wp-content\/uploads\/2024\/04\/unknown-journal-des-chasseurs-revue-litteraire-3861-65d78bbcc617f-scaled.jpg\",\"width\":1920,\"height\":2560},{\"@type\":\"BreadcrumbList\",\"@id\":\"https:\/\/www.librairieclavreuil.com\/en\/anonyme-journal-des-chasseurs-revue-litteraire\/#breadcrumb\",\"itemListElement\":[{\"@type\":\"ListItem\",\"position\":1,\"name\":\"Accueil\",\"item\":\"https:\/\/www.librairieclavreuil.com\/\"},{\"@type\":\"ListItem\",\"position\":2,\"name\":\"All our books\",\"item\":\"https:\/\/www.librairieclavreuil.com\/en\/all-our-books\/\"},{\"@type\":\"ListItem\",\"position\":3,\"name\":\"[ANONYME] JOURNAL DES CHASSEURS, Revue litt\u00e9raire.\"}]},{\"@type\":\"WebSite\",\"@id\":\"https:\/\/www.librairieclavreuil.com\/#website\",\"url\":\"https:\/\/www.librairieclavreuil.com\/\",\"name\":\"Libairie Clavreuil\",\"description\":\"Livres anciens, manuscrits rares et \u00e9ditions originales \u2013 Librairie Clavreuil\",\"publisher\":{\"@id\":\"https:\/\/www.librairieclavreuil.com\/#organization\"},\"potentialAction\":[{\"@type\":\"SearchAction\",\"target\":{\"@type\":\"EntryPoint\",\"urlTemplate\":\"https:\/\/www.librairieclavreuil.com\/?s={search_term_string}\"},\"query-input\":{\"@type\":\"PropertyValueSpecification\",\"valueRequired\":true,\"valueName\":\"search_term_string\"}}],\"inLanguage\":\"en-US\"},{\"@type\":\"Organization\",\"@id\":\"https:\/\/www.librairieclavreuil.com\/#organization\",\"name\":\"Libairie Clavreuil\",\"url\":\"https:\/\/www.librairieclavreuil.com\/\",\"logo\":{\"@type\":\"ImageObject\",\"inLanguage\":\"en-US\",\"@id\":\"https:\/\/www.librairieclavreuil.com\/#\/schema\/logo\/image\/\",\"url\":\"https:\/\/www.librairieclavreuil.com\/wp-content\/uploads\/2021\/06\/cropped-LOGO_PNG_DATE-_gold-512x512-1.png\",\"contentUrl\":\"https:\/\/www.librairieclavreuil.com\/wp-content\/uploads\/2021\/06\/cropped-LOGO_PNG_DATE-_gold-512x512-1.png\",\"width\":512,\"height\":512,\"caption\":\"Libairie Clavreuil\"},\"image\":{\"@id\":\"https:\/\/www.librairieclavreuil.com\/#\/schema\/logo\/image\/\"},\"sameAs\":[\"https:\/\/www.instagram.com\/librairieclavreuil\/\"]}]}<\/script>\n<!-- \/ Yoast SEO plugin. -->","yoast_head_json":{"title":"[ANONYME]  JOURNAL DES CHASSEURS, Revue litt\u00e9raire. - Libairie Clavreuil","robots":{"index":"index","follow":"follow","max-snippet":"max-snippet:-1","max-image-preview":"max-image-preview:large","max-video-preview":"max-video-preview:-1"},"canonical":"https:\/\/www.librairieclavreuil.com\/en\/anonyme-journal-des-chasseurs-revue-litteraire\/","og_locale":"en_US","og_type":"article","og_title":"[ANONYME]  JOURNAL DES CHASSEURS, Revue litt\u00e9raire. - Libairie Clavreuil","og_description":"41 volumes, 8vo (231 x 151 mm).Contemporary half-sheep (aubergine for the first 7 volumes, the following in blue or green), flat spines gilt with special tools depicting hunters or dogs on the first nine.","og_url":"https:\/\/www.librairieclavreuil.com\/en\/anonyme-journal-des-chasseurs-revue-litteraire\/","og_site_name":"Libairie Clavreuil","article_modified_time":"2025-06-03T10:35:58+00:00","og_image":[{"width":1920,"height":2560,"url":"https:\/\/www.librairieclavreuil.com\/wp-content\/uploads\/2024\/04\/unknown-journal-des-chasseurs-revue-litteraire-3861-65d78bbcc617f-scaled.jpg","type":"image\/jpeg"}],"twitter_card":"summary_large_image","twitter_misc":{"Est. reading time":"1 minute"},"schema":{"@context":"https:\/\/schema.org","@graph":[{"@type":"WebPage","@id":"https:\/\/www.librairieclavreuil.com\/en\/anonyme-journal-des-chasseurs-revue-litteraire\/","url":"https:\/\/www.librairieclavreuil.com\/en\/anonyme-journal-des-chasseurs-revue-litteraire\/","name":"[ANONYME] JOURNAL DES CHASSEURS, Revue litt\u00e9raire. - Libairie Clavreuil","isPartOf":{"@id":"https:\/\/www.librairieclavreuil.com\/#website"},"primaryImageOfPage":{"@id":"https:\/\/www.librairieclavreuil.com\/en\/anonyme-journal-des-chasseurs-revue-litteraire\/#primaryimage"},"image":{"@id":"https:\/\/www.librairieclavreuil.com\/en\/anonyme-journal-des-chasseurs-revue-litteraire\/#primaryimage"},"thumbnailUrl":"https:\/\/www.librairieclavreuil.com\/wp-content\/uploads\/2024\/04\/unknown-journal-des-chasseurs-revue-litteraire-3861-65d78bbcc617f-scaled.jpg","datePublished":"2024-04-23T15:58:01+00:00","dateModified":"2025-06-03T10:35:58+00:00","breadcrumb":{"@id":"https:\/\/www.librairieclavreuil.com\/en\/anonyme-journal-des-chasseurs-revue-litteraire\/#breadcrumb"},"inLanguage":"en-US","potentialAction":[{"@type":"ReadAction","target":["https:\/\/www.librairieclavreuil.com\/en\/anonyme-journal-des-chasseurs-revue-litteraire\/"]}]},{"@type":"ImageObject","inLanguage":"en-US","@id":"https:\/\/www.librairieclavreuil.com\/en\/anonyme-journal-des-chasseurs-revue-litteraire\/#primaryimage","url":"https:\/\/www.librairieclavreuil.com\/wp-content\/uploads\/2024\/04\/unknown-journal-des-chasseurs-revue-litteraire-3861-65d78bbcc617f-scaled.jpg","contentUrl":"https:\/\/www.librairieclavreuil.com\/wp-content\/uploads\/2024\/04\/unknown-journal-des-chasseurs-revue-litteraire-3861-65d78bbcc617f-scaled.jpg","width":1920,"height":2560},{"@type":"BreadcrumbList","@id":"https:\/\/www.librairieclavreuil.com\/en\/anonyme-journal-des-chasseurs-revue-litteraire\/#breadcrumb","itemListElement":[{"@type":"ListItem","position":1,"name":"Accueil","item":"https:\/\/www.librairieclavreuil.com\/"},{"@type":"ListItem","position":2,"name":"All our books","item":"https:\/\/www.librairieclavreuil.com\/en\/all-our-books\/"},{"@type":"ListItem","position":3,"name":"[ANONYME] JOURNAL DES CHASSEURS, Revue litt\u00e9raire."}]},{"@type":"WebSite","@id":"https:\/\/www.librairieclavreuil.com\/#website","url":"https:\/\/www.librairieclavreuil.com\/","name":"Libairie Clavreuil","description":"Livres anciens, manuscrits rares et \u00e9ditions originales \u2013 Librairie Clavreuil","publisher":{"@id":"https:\/\/www.librairieclavreuil.com\/#organization"},"potentialAction":[{"@type":"SearchAction","target":{"@type":"EntryPoint","urlTemplate":"https:\/\/www.librairieclavreuil.com\/?s={search_term_string}"},"query-input":{"@type":"PropertyValueSpecification","valueRequired":true,"valueName":"search_term_string"}}],"inLanguage":"en-US"},{"@type":"Organization","@id":"https:\/\/www.librairieclavreuil.com\/#organization","name":"Libairie Clavreuil","url":"https:\/\/www.librairieclavreuil.com\/","logo":{"@type":"ImageObject","inLanguage":"en-US","@id":"https:\/\/www.librairieclavreuil.com\/#\/schema\/logo\/image\/","url":"https:\/\/www.librairieclavreuil.com\/wp-content\/uploads\/2021\/06\/cropped-LOGO_PNG_DATE-_gold-512x512-1.png","contentUrl":"https:\/\/www.librairieclavreuil.com\/wp-content\/uploads\/2021\/06\/cropped-LOGO_PNG_DATE-_gold-512x512-1.png","width":512,"height":512,"caption":"Libairie Clavreuil"},"image":{"@id":"https:\/\/www.librairieclavreuil.com\/#\/schema\/logo\/image\/"},"sameAs":["https:\/\/www.instagram.com\/librairieclavreuil\/"]}]}},"jetpack_sharing_enabled":true,"_links":{"self":[{"href":"https:\/\/www.librairieclavreuil.com\/en\/wp-json\/wp\/v2\/product\/74651","targetHints":{"allow":["GET"]}}],"collection":[{"href":"https:\/\/www.librairieclavreuil.com\/en\/wp-json\/wp\/v2\/product"}],"about":[{"href":"https:\/\/www.librairieclavreuil.com\/en\/wp-json\/wp\/v2\/types\/product"}],"replies":[{"embeddable":true,"href":"https:\/\/www.librairieclavreuil.com\/en\/wp-json\/wp\/v2\/comments?post=74651"}],"wp:featuredmedia":[{"embeddable":true,"href":"https:\/\/www.librairieclavreuil.com\/en\/wp-json\/wp\/v2\/media\/74640"}],"wp:attachment":[{"href":"https:\/\/www.librairieclavreuil.com\/en\/wp-json\/wp\/v2\/media?parent=74651"}],"wp:term":[{"taxonomy":"product_brand","embeddable":true,"href":"https:\/\/www.librairieclavreuil.com\/en\/wp-json\/wp\/v2\/product_brand?post=74651"},{"taxonomy":"product_cat","embeddable":true,"href":"https:\/\/www.librairieclavreuil.com\/en\/wp-json\/wp\/v2\/product_cat?post=74651"},{"taxonomy":"product_tag","embeddable":true,"href":"https:\/\/www.librairieclavreuil.com\/en\/wp-json\/wp\/v2\/product_tag?post=74651"}],"curies":[{"name":"wp","href":"https:\/\/api.w.org\/{rel}","templated":true}]}}