{"id":74613,"date":"2024-04-23T17:42:40","date_gmt":"2024-04-23T15:42:40","guid":{"rendered":"https:\/\/clavreuil-wordpress.logiciel-arteo.fr\/anonyme-les-francais-peints-par-eux-memes-paris-4-volumes-province-3-volumes-le-prisme-1-volume\/"},"modified":"2025-05-28T17:43:01","modified_gmt":"2025-05-28T15:43:01","slug":"anonyme-les-francais-peints-par-eux-memes-paris-4-volumes-province-3-volumes-le-prisme-1-volume","status":"publish","type":"product","link":"https:\/\/www.librairieclavreuil.com\/en\/anonyme-les-francais-peints-par-eux-memes-paris-4-volumes-province-3-volumes-le-prisme-1-volume\/","title":{"rendered":"[ANONYME] Les Fran\u00e7ais peints par eux-m\u00eames.- Paris. 4..."},"content":{"rendered":"<p style=\"text-align:justify\"><i>Carteret, III, 245-251; Vicaire, III, 794-803; Ray, 227.<\/i><\/p>\n<p style=\"text-align:justify\">First edition.<\/p>\n<p style=\"text-align:justify\">A copy of which all volumes were printed by Schneider et Langrand (except for the Prisme, which was printed by Rignoux). Launched in 1839, in the form of 422 issues, the publication comprises five volumes for Paris, three for La Province, as well as Le Prisme, distributed as a bonus to subscribers.<\/p>\n<p style=\"text-align:justify\">Carteret believes that &#8220;cette publication est la plus importante des \u00e9ditions Curmer, l&#8217;\u00e9diteur avait mis tout en \u0153uvre pour r\u00e9ussir&#8221;. Publisher L\u00e9on Curmer called on a brilliant array of authors for this publishing venture: Balzac, Th\u00e9ophile Gautier, G\u00e9rard de Nerval, P\u00e9trus Borel, Jules Janin, Henry Monnier, Charles Nodier, George Sand, etc., who, according to their qualities, gave the texts the form of short stories, journalistic investigations or more simply portraits, often caustic, of professions or easily recognisable &#8220;types&#8221;.<\/p>\n<p style=\"text-align:justify\">This collection, a veritable fresco of contemporary society, is the most important achievement of all the &#8220;physiological literature&#8221; in vogue. The series of monographs, from the first, &#8220;The Grocer&#8221; by Balzac, to the last, &#8220;The Corsican&#8221;, remains the unrivalled record of a gigantic social survey.<\/p>\n<p style=\"text-align:justify\">Carteret and Vicaire give details of the slight differences in print runs, due to a succession of printers in the production of this very fine text. Finally, Vicaire concludes that :&nbsp;&#8220;En absence de preuves mat\u00e9rielles, il me semble donc difficile d&#8217;\u00e9tablir d&#8217;un fa\u00e7on certaine la part qu&#8217;a eue, \u00e0 l&#8217;origine des la publication des <i>Fran\u00e7ais<\/i>, chacun des imprimeurs dont on trouve les noms soit sur les titres, soit sur les couvertures de livraisons, soit \u00e0 la fin du texte, \u00e0 savoir : Everat et Cie., D\u00e9courchant, Rignoux, Schneider et Langrand&#8221;.<\/p>\n<p style=\"text-align:justify\">The details of this copy correspond well to that described by Carteret for volume I with the two redone plates (Femme \u00e0 la mode, and Le Ma\u00eetre d&#8217;\u00e9tudes). The article on the Canut (Province, volume I) is present in the first printing and occupies pages 281 to 288: &#8220;The notice of the Canut, sheet 36, printed on pages 281 to 288, is rare in this first text because it was modified and reprinted by mistake on pages 285 to 292 following a scene that took place in Lyon, in the shop of the bookseller Nourtier&#8221; (Carteret). Appropriately, the title changes slightly from volume IV in Paris to the last volume in the provinces, where we now find the addition: &#8220;Encyclop\u00e9die morale du Dix-Neuvi\u00e8me si\u00e8cle&#8221;.<\/p>\n<p style=\"text-align:justify\">&#8220;Les Fran\u00e7ais peints par eux-m\u00eames was Curmer&#8217;s most ambitious undertaking, far surpassing even Paul et Virginie in extent and complexity. When its 422 part-issues, which appeared several times a week, reached completion in eight volumes, they included over 400 plates and about 1500 smaller wood engravings&#8230; Gavarni was beyond comparison the leading artist of Les Fran\u00e7ais peints par eux-m\u00eames. His designs for the first three volumes established both the form and the style of the book&#8217;s illustrations&#8221; (Ray).<\/p>\n<p style=\"text-align:justify\">An exceptional copy<\/p>\n<p style=\"text-align:justify\">This copy is complete with the 8 frontispieces, the map, the 406 plates and the portrait of Napoleon. All the plates (except the portrait of Napoleon) and the frontispieces have been finely coloured in the period and enhanced with gum arabic; the map has been printed in colour.<\/p>\n<p style=\"text-align:justify\">All the great artists of the time contributed to this monumental illustration, including Daumier, Gavarni, Grandville, Johannot, Mali, Monnier, Travi\u00e8s and others.<\/p>\n<p style=\"text-align:justify\">Among the contributions is Charles Nodier&#8217;s amusing article for L&#8217;Amateur de livres: &#8220;L&#8217;amateur de livres est un type qu&#8217;il est important de saisir, car tout pr\u00e9sage qu&#8217;il va bient\u00f4t s&#8217;effacer. Le livre imprim\u00e9 existe d\u00e9j\u00e0 depuis quatre cents ans au plus, et il s&#8217;accumule d\u00e9j\u00e0 dans certains pays de mani\u00e8re \u00e0 mettre en p\u00e9ril le vieil \u00e9quilibre du globe&#8230; A consid\u00e9rer l&#8217;amateur de livres comme une esp\u00e8ce qui se subdivise en nombreuses vari\u00e9t\u00e9s, le premier rang de cette ing\u00e9nieuse et capricieuse famille est d\u00fb au bibliophile. Le bibliophile est un homme dou\u00e9 de quelque esprit et de quelque go\u00fbt, qui prend plaisir aux \u0153uvres du g\u00e9nie, de l\u2019imagination et du sentiment&#8221; (Charles Nodier, volume III, p. 202).<\/p>\n<p style=\"text-align:justify\">Occasional foxing.<\/p>\n<p style=\"text-align:justify\">A very fine copy, with the coloured plates, preserved in its beautiful rocaille-style binding.<\/p>\n","protected":false},"excerpt":{"rendered":"<p style=\"text-align:justify\">9 volumes, large 8vo (257 x 152 mm). Paris : frontispiece, 2 unn.l., XVI, 380 pp., 4 unn.l. of table, 47 woodcuts for the volume I ; frontispiece, 3 unn.l., XVIII, 376 pp., 48 plates for the volume II ; frontispiece, 3 unn.l., XL, 352 pp., 4 unn.l., 48 woodcuts for the volume III ; frontispiece, 3 unn.l., 392 pp., 4 unn.l., 49 woodcuts for the volume IV ; frontispiece, 3 unn.l., CVII, 376 pp. 4 unn.l., engraved portrait of Napol\u00e9on, 62 woodcuts for the volume V. Province : frontispiece, 3 unn.l., 392 pp., 4 unn.l., 49 woodcuts for the volume I ; frontispiece, 3 unn.l., 396 pp., 4 unn.l., 50 woodcuts for the volume II ; frontispiece, 3 unn.l., 1 double pages map, VIII, 460 pp., 5 unn.l., 37 pp., 1 unn.l, 53 woodcuts for the volume III. Prisme : 2 unn.l., 480 pp. Uniformly bound in red morocco, boards decorated with a large plaque in the rocaille style, with a double blind fillet, flat spine decorated with a plaque, title and series gilt, gilt edges (<i>contemporary binding, in style of Boutigny<\/i>).<\/p>\n","protected":false},"featured_media":74600,"comment_status":"open","ping_status":"closed","template":"","meta":{"_acf_changed":false},"product_brand":[],"product_cat":[544],"product_tag":[604,598,1267,1450],"class_list":{"0":"post-74613","1":"product","2":"type-product","3":"status-publish","4":"has-post-thumbnail","6":"product_cat-literature","7":"product_tag-19th-century-illustrations","8":"product_tag-19th-century-literature","9":"product_tag-binding","10":"product_tag-first-edition","11":"pa_auteur-anonyme-4","12":"pa_type-de-livre-printed-book","14":"first","15":"instock","16":"shipping-taxable","17":"purchasable","18":"product-type-simple"},"acf":{"artist":"[ANONYME]","chapeau":"Binding in red morocco gilded with plaque and with all the plates in colour.","adresse_bibliographique":"Paris, imprimerie Schneider & Langrand pour Curmer","book_type":"Printed book","provenance":"","afficher_prix":""},"yoast_head":"<!-- This site is optimized with the Yoast SEO plugin v24.7 - https:\/\/yoast.com\/wordpress\/plugins\/seo\/ -->\n<title>[ANONYME]  Les Fran\u00e7ais peints par eux-m\u00eames.- Paris. 4 volumes.- Province. 3 volumes- Le Prisme. 1 volume. - Libairie Clavreuil<\/title>\n<meta name=\"robots\" content=\"index, follow, max-snippet:-1, max-image-preview:large, max-video-preview:-1\" \/>\n<link rel=\"canonical\" href=\"https:\/\/www.librairieclavreuil.com\/en\/anonyme-les-francais-peints-par-eux-memes-paris-4-volumes-province-3-volumes-le-prisme-1-volume\/\" \/>\n<meta property=\"og:locale\" content=\"en_US\" \/>\n<meta property=\"og:type\" content=\"article\" \/>\n<meta property=\"og:title\" content=\"[ANONYME]  Les Fran\u00e7ais peints par eux-m\u00eames.- Paris. 4 volumes.- Province. 3 volumes- Le Prisme. 1 volume. - Libairie Clavreuil\" \/>\n<meta property=\"og:description\" content=\"9 volumes, large 8vo (257 x 152 mm). Paris : frontispiece, 2 unn.l., XVI, 380 pp., 4 unn.l. of table, 47 woodcuts for the volume I ; frontispiece, 3 unn.l., XVIII, 376 pp., 48 plates for the volume II ; frontispiece, 3 unn.l., XL, 352 pp., 4 unn.l., 48 woodcuts for the volume III ; frontispiece, 3 unn.l., 392 pp., 4 unn.l., 49 woodcuts for the volume IV ; frontispiece, 3 unn.l., CVII, 376 pp. 4 unn.l., engraved portrait of Napol\u00e9on, 62 woodcuts for the volume V. Province : frontispiece, 3 unn.l., 392 pp., 4 unn.l., 49 woodcuts for the volume I ; frontispiece, 3 unn.l., 396 pp., 4 unn.l., 50 woodcuts for the volume II ; frontispiece, 3 unn.l., 1 double pages map, VIII, 460 pp., 5 unn.l., 37 pp., 1 unn.l, 53 woodcuts for the volume III. Prisme : 2 unn.l., 480 pp. Uniformly bound in red morocco, boards decorated with a large plaque in the rocaille style, with a double blind fillet, flat spine decorated with a plaque, title and series gilt, gilt edges (contemporary binding, in style of Boutigny).\" \/>\n<meta property=\"og:url\" content=\"https:\/\/www.librairieclavreuil.com\/en\/anonyme-les-francais-peints-par-eux-memes-paris-4-volumes-province-3-volumes-le-prisme-1-volume\/\" \/>\n<meta property=\"og:site_name\" content=\"Libairie Clavreuil\" \/>\n<meta property=\"article:modified_time\" content=\"2025-05-28T15:43:01+00:00\" \/>\n<meta property=\"og:image\" content=\"https:\/\/www.librairieclavreuil.com\/wp-content\/uploads\/2024\/04\/unknown-les-francais-peints-par-eux-memes-paris-4-volumes-province-3-volumes-le-prisme-1-volume-8243-65d76e28ed2e8.jpg\" \/>\n\t<meta property=\"og:image:width\" content=\"935\" \/>\n\t<meta property=\"og:image:height\" content=\"1403\" \/>\n\t<meta property=\"og:image:type\" content=\"image\/jpeg\" \/>\n<meta name=\"twitter:card\" content=\"summary_large_image\" \/>\n<meta name=\"twitter:label1\" content=\"Est. reading time\" \/>\n\t<meta name=\"twitter:data1\" content=\"3 minutes\" \/>\n<script type=\"application\/ld+json\" class=\"yoast-schema-graph\">{\"@context\":\"https:\/\/schema.org\",\"@graph\":[{\"@type\":\"WebPage\",\"@id\":\"https:\/\/www.librairieclavreuil.com\/en\/anonyme-les-francais-peints-par-eux-memes-paris-4-volumes-province-3-volumes-le-prisme-1-volume\/\",\"url\":\"https:\/\/www.librairieclavreuil.com\/en\/anonyme-les-francais-peints-par-eux-memes-paris-4-volumes-province-3-volumes-le-prisme-1-volume\/\",\"name\":\"[ANONYME] Les Fran\u00e7ais peints par eux-m\u00eames.- Paris. 4 volumes.- Province. 3 volumes- Le Prisme. 1 volume. - Libairie Clavreuil\",\"isPartOf\":{\"@id\":\"https:\/\/www.librairieclavreuil.com\/#website\"},\"primaryImageOfPage\":{\"@id\":\"https:\/\/www.librairieclavreuil.com\/en\/anonyme-les-francais-peints-par-eux-memes-paris-4-volumes-province-3-volumes-le-prisme-1-volume\/#primaryimage\"},\"image\":{\"@id\":\"https:\/\/www.librairieclavreuil.com\/en\/anonyme-les-francais-peints-par-eux-memes-paris-4-volumes-province-3-volumes-le-prisme-1-volume\/#primaryimage\"},\"thumbnailUrl\":\"https:\/\/www.librairieclavreuil.com\/wp-content\/uploads\/2024\/04\/unknown-les-francais-peints-par-eux-memes-paris-4-volumes-province-3-volumes-le-prisme-1-volume-8243-65d76e28ed2e8.jpg\",\"datePublished\":\"2024-04-23T15:42:40+00:00\",\"dateModified\":\"2025-05-28T15:43:01+00:00\",\"breadcrumb\":{\"@id\":\"https:\/\/www.librairieclavreuil.com\/en\/anonyme-les-francais-peints-par-eux-memes-paris-4-volumes-province-3-volumes-le-prisme-1-volume\/#breadcrumb\"},\"inLanguage\":\"en-US\",\"potentialAction\":[{\"@type\":\"ReadAction\",\"target\":[\"https:\/\/www.librairieclavreuil.com\/en\/anonyme-les-francais-peints-par-eux-memes-paris-4-volumes-province-3-volumes-le-prisme-1-volume\/\"]}]},{\"@type\":\"ImageObject\",\"inLanguage\":\"en-US\",\"@id\":\"https:\/\/www.librairieclavreuil.com\/en\/anonyme-les-francais-peints-par-eux-memes-paris-4-volumes-province-3-volumes-le-prisme-1-volume\/#primaryimage\",\"url\":\"https:\/\/www.librairieclavreuil.com\/wp-content\/uploads\/2024\/04\/unknown-les-francais-peints-par-eux-memes-paris-4-volumes-province-3-volumes-le-prisme-1-volume-8243-65d76e28ed2e8.jpg\",\"contentUrl\":\"https:\/\/www.librairieclavreuil.com\/wp-content\/uploads\/2024\/04\/unknown-les-francais-peints-par-eux-memes-paris-4-volumes-province-3-volumes-le-prisme-1-volume-8243-65d76e28ed2e8.jpg\",\"width\":935,\"height\":1403},{\"@type\":\"BreadcrumbList\",\"@id\":\"https:\/\/www.librairieclavreuil.com\/en\/anonyme-les-francais-peints-par-eux-memes-paris-4-volumes-province-3-volumes-le-prisme-1-volume\/#breadcrumb\",\"itemListElement\":[{\"@type\":\"ListItem\",\"position\":1,\"name\":\"Accueil\",\"item\":\"https:\/\/www.librairieclavreuil.com\/\"},{\"@type\":\"ListItem\",\"position\":2,\"name\":\"All our books\",\"item\":\"https:\/\/www.librairieclavreuil.com\/en\/all-our-books\/\"},{\"@type\":\"ListItem\",\"position\":3,\"name\":\"[ANONYME] Les Fran\u00e7ais peints par eux-m\u00eames.- Paris. 4...\"}]},{\"@type\":\"WebSite\",\"@id\":\"https:\/\/www.librairieclavreuil.com\/#website\",\"url\":\"https:\/\/www.librairieclavreuil.com\/\",\"name\":\"Libairie Clavreuil\",\"description\":\"Livres anciens, manuscrits rares et \u00e9ditions originales \u2013 Librairie Clavreuil\",\"publisher\":{\"@id\":\"https:\/\/www.librairieclavreuil.com\/#organization\"},\"potentialAction\":[{\"@type\":\"SearchAction\",\"target\":{\"@type\":\"EntryPoint\",\"urlTemplate\":\"https:\/\/www.librairieclavreuil.com\/?s={search_term_string}\"},\"query-input\":{\"@type\":\"PropertyValueSpecification\",\"valueRequired\":true,\"valueName\":\"search_term_string\"}}],\"inLanguage\":\"en-US\"},{\"@type\":\"Organization\",\"@id\":\"https:\/\/www.librairieclavreuil.com\/#organization\",\"name\":\"Libairie Clavreuil\",\"url\":\"https:\/\/www.librairieclavreuil.com\/\",\"logo\":{\"@type\":\"ImageObject\",\"inLanguage\":\"en-US\",\"@id\":\"https:\/\/www.librairieclavreuil.com\/#\/schema\/logo\/image\/\",\"url\":\"https:\/\/www.librairieclavreuil.com\/wp-content\/uploads\/2021\/06\/cropped-LOGO_PNG_DATE-_gold-512x512-1.png\",\"contentUrl\":\"https:\/\/www.librairieclavreuil.com\/wp-content\/uploads\/2021\/06\/cropped-LOGO_PNG_DATE-_gold-512x512-1.png\",\"width\":512,\"height\":512,\"caption\":\"Libairie Clavreuil\"},\"image\":{\"@id\":\"https:\/\/www.librairieclavreuil.com\/#\/schema\/logo\/image\/\"},\"sameAs\":[\"https:\/\/www.instagram.com\/librairieclavreuil\/\"]}]}<\/script>\n<!-- \/ Yoast SEO plugin. -->","yoast_head_json":{"title":"[ANONYME]  Les Fran\u00e7ais peints par eux-m\u00eames.- Paris. 4 volumes.- Province. 3 volumes- Le Prisme. 1 volume. - Libairie Clavreuil","robots":{"index":"index","follow":"follow","max-snippet":"max-snippet:-1","max-image-preview":"max-image-preview:large","max-video-preview":"max-video-preview:-1"},"canonical":"https:\/\/www.librairieclavreuil.com\/en\/anonyme-les-francais-peints-par-eux-memes-paris-4-volumes-province-3-volumes-le-prisme-1-volume\/","og_locale":"en_US","og_type":"article","og_title":"[ANONYME]  Les Fran\u00e7ais peints par eux-m\u00eames.- Paris. 4 volumes.- Province. 3 volumes- Le Prisme. 1 volume. - Libairie Clavreuil","og_description":"9 volumes, large 8vo (257 x 152 mm). Paris : frontispiece, 2 unn.l., XVI, 380 pp., 4 unn.l. of table, 47 woodcuts for the volume I ; frontispiece, 3 unn.l., XVIII, 376 pp., 48 plates for the volume II ; frontispiece, 3 unn.l., XL, 352 pp., 4 unn.l., 48 woodcuts for the volume III ; frontispiece, 3 unn.l., 392 pp., 4 unn.l., 49 woodcuts for the volume IV ; frontispiece, 3 unn.l., CVII, 376 pp. 4 unn.l., engraved portrait of Napol\u00e9on, 62 woodcuts for the volume V. Province : frontispiece, 3 unn.l., 392 pp., 4 unn.l., 49 woodcuts for the volume I ; frontispiece, 3 unn.l., 396 pp., 4 unn.l., 50 woodcuts for the volume II ; frontispiece, 3 unn.l., 1 double pages map, VIII, 460 pp., 5 unn.l., 37 pp., 1 unn.l, 53 woodcuts for the volume III. Prisme : 2 unn.l., 480 pp. Uniformly bound in red morocco, boards decorated with a large plaque in the rocaille style, with a double blind fillet, flat spine decorated with a plaque, title and series gilt, gilt edges (contemporary binding, in style of Boutigny).","og_url":"https:\/\/www.librairieclavreuil.com\/en\/anonyme-les-francais-peints-par-eux-memes-paris-4-volumes-province-3-volumes-le-prisme-1-volume\/","og_site_name":"Libairie Clavreuil","article_modified_time":"2025-05-28T15:43:01+00:00","og_image":[{"width":935,"height":1403,"url":"https:\/\/www.librairieclavreuil.com\/wp-content\/uploads\/2024\/04\/unknown-les-francais-peints-par-eux-memes-paris-4-volumes-province-3-volumes-le-prisme-1-volume-8243-65d76e28ed2e8.jpg","type":"image\/jpeg"}],"twitter_card":"summary_large_image","twitter_misc":{"Est. reading time":"3 minutes"},"schema":{"@context":"https:\/\/schema.org","@graph":[{"@type":"WebPage","@id":"https:\/\/www.librairieclavreuil.com\/en\/anonyme-les-francais-peints-par-eux-memes-paris-4-volumes-province-3-volumes-le-prisme-1-volume\/","url":"https:\/\/www.librairieclavreuil.com\/en\/anonyme-les-francais-peints-par-eux-memes-paris-4-volumes-province-3-volumes-le-prisme-1-volume\/","name":"[ANONYME] Les Fran\u00e7ais peints par eux-m\u00eames.- Paris. 4 volumes.- Province. 3 volumes- Le Prisme. 1 volume. - Libairie Clavreuil","isPartOf":{"@id":"https:\/\/www.librairieclavreuil.com\/#website"},"primaryImageOfPage":{"@id":"https:\/\/www.librairieclavreuil.com\/en\/anonyme-les-francais-peints-par-eux-memes-paris-4-volumes-province-3-volumes-le-prisme-1-volume\/#primaryimage"},"image":{"@id":"https:\/\/www.librairieclavreuil.com\/en\/anonyme-les-francais-peints-par-eux-memes-paris-4-volumes-province-3-volumes-le-prisme-1-volume\/#primaryimage"},"thumbnailUrl":"https:\/\/www.librairieclavreuil.com\/wp-content\/uploads\/2024\/04\/unknown-les-francais-peints-par-eux-memes-paris-4-volumes-province-3-volumes-le-prisme-1-volume-8243-65d76e28ed2e8.jpg","datePublished":"2024-04-23T15:42:40+00:00","dateModified":"2025-05-28T15:43:01+00:00","breadcrumb":{"@id":"https:\/\/www.librairieclavreuil.com\/en\/anonyme-les-francais-peints-par-eux-memes-paris-4-volumes-province-3-volumes-le-prisme-1-volume\/#breadcrumb"},"inLanguage":"en-US","potentialAction":[{"@type":"ReadAction","target":["https:\/\/www.librairieclavreuil.com\/en\/anonyme-les-francais-peints-par-eux-memes-paris-4-volumes-province-3-volumes-le-prisme-1-volume\/"]}]},{"@type":"ImageObject","inLanguage":"en-US","@id":"https:\/\/www.librairieclavreuil.com\/en\/anonyme-les-francais-peints-par-eux-memes-paris-4-volumes-province-3-volumes-le-prisme-1-volume\/#primaryimage","url":"https:\/\/www.librairieclavreuil.com\/wp-content\/uploads\/2024\/04\/unknown-les-francais-peints-par-eux-memes-paris-4-volumes-province-3-volumes-le-prisme-1-volume-8243-65d76e28ed2e8.jpg","contentUrl":"https:\/\/www.librairieclavreuil.com\/wp-content\/uploads\/2024\/04\/unknown-les-francais-peints-par-eux-memes-paris-4-volumes-province-3-volumes-le-prisme-1-volume-8243-65d76e28ed2e8.jpg","width":935,"height":1403},{"@type":"BreadcrumbList","@id":"https:\/\/www.librairieclavreuil.com\/en\/anonyme-les-francais-peints-par-eux-memes-paris-4-volumes-province-3-volumes-le-prisme-1-volume\/#breadcrumb","itemListElement":[{"@type":"ListItem","position":1,"name":"Accueil","item":"https:\/\/www.librairieclavreuil.com\/"},{"@type":"ListItem","position":2,"name":"All our books","item":"https:\/\/www.librairieclavreuil.com\/en\/all-our-books\/"},{"@type":"ListItem","position":3,"name":"[ANONYME] Les Fran\u00e7ais peints par eux-m\u00eames.- Paris. 4..."}]},{"@type":"WebSite","@id":"https:\/\/www.librairieclavreuil.com\/#website","url":"https:\/\/www.librairieclavreuil.com\/","name":"Libairie Clavreuil","description":"Livres anciens, manuscrits rares et \u00e9ditions originales \u2013 Librairie Clavreuil","publisher":{"@id":"https:\/\/www.librairieclavreuil.com\/#organization"},"potentialAction":[{"@type":"SearchAction","target":{"@type":"EntryPoint","urlTemplate":"https:\/\/www.librairieclavreuil.com\/?s={search_term_string}"},"query-input":{"@type":"PropertyValueSpecification","valueRequired":true,"valueName":"search_term_string"}}],"inLanguage":"en-US"},{"@type":"Organization","@id":"https:\/\/www.librairieclavreuil.com\/#organization","name":"Libairie Clavreuil","url":"https:\/\/www.librairieclavreuil.com\/","logo":{"@type":"ImageObject","inLanguage":"en-US","@id":"https:\/\/www.librairieclavreuil.com\/#\/schema\/logo\/image\/","url":"https:\/\/www.librairieclavreuil.com\/wp-content\/uploads\/2021\/06\/cropped-LOGO_PNG_DATE-_gold-512x512-1.png","contentUrl":"https:\/\/www.librairieclavreuil.com\/wp-content\/uploads\/2021\/06\/cropped-LOGO_PNG_DATE-_gold-512x512-1.png","width":512,"height":512,"caption":"Libairie Clavreuil"},"image":{"@id":"https:\/\/www.librairieclavreuil.com\/#\/schema\/logo\/image\/"},"sameAs":["https:\/\/www.instagram.com\/librairieclavreuil\/"]}]}},"jetpack_sharing_enabled":true,"_links":{"self":[{"href":"https:\/\/www.librairieclavreuil.com\/en\/wp-json\/wp\/v2\/product\/74613","targetHints":{"allow":["GET"]}}],"collection":[{"href":"https:\/\/www.librairieclavreuil.com\/en\/wp-json\/wp\/v2\/product"}],"about":[{"href":"https:\/\/www.librairieclavreuil.com\/en\/wp-json\/wp\/v2\/types\/product"}],"replies":[{"embeddable":true,"href":"https:\/\/www.librairieclavreuil.com\/en\/wp-json\/wp\/v2\/comments?post=74613"}],"wp:featuredmedia":[{"embeddable":true,"href":"https:\/\/www.librairieclavreuil.com\/en\/wp-json\/wp\/v2\/media\/74600"}],"wp:attachment":[{"href":"https:\/\/www.librairieclavreuil.com\/en\/wp-json\/wp\/v2\/media?parent=74613"}],"wp:term":[{"taxonomy":"product_brand","embeddable":true,"href":"https:\/\/www.librairieclavreuil.com\/en\/wp-json\/wp\/v2\/product_brand?post=74613"},{"taxonomy":"product_cat","embeddable":true,"href":"https:\/\/www.librairieclavreuil.com\/en\/wp-json\/wp\/v2\/product_cat?post=74613"},{"taxonomy":"product_tag","embeddable":true,"href":"https:\/\/www.librairieclavreuil.com\/en\/wp-json\/wp\/v2\/product_tag?post=74613"}],"curies":[{"name":"wp","href":"https:\/\/api.w.org\/{rel}","templated":true}]}}