{"id":74489,"date":"2024-04-23T16:35:04","date_gmt":"2024-04-23T14:35:04","guid":{"rendered":"https:\/\/clavreuil-wordpress.logiciel-arteo.fr\/dumas-alexandre-recueil-de-pieces-de-theatre\/"},"modified":"2024-05-23T21:16:09","modified_gmt":"2024-05-23T19:16:09","slug":"dumas-alexandre-recueil-de-pieces-de-theatre","status":"publish","type":"product","link":"https:\/\/www.librairieclavreuil.com\/en\/dumas-alexandre-recueil-de-pieces-de-theatre\/","title":{"rendered":"DUMAS Alexandre Recueil de pi\u00e8ces de th\u00e9\u00e2tre."},"content":{"rendered":"<p><em>Carteret, I, 224-228; Clouzot, 94-95; Vicaire, III, 337-341.<\/em><\/p>\n<p>Sammelband of a variety of theatre plays by Alexandre Dumas, mostly in first edition, inscribed to the fellow writer &Eacute;tienne Casimir Hippolyte Cordellier-Delanoue (1806-1854).<\/p>\n<p>Content of volume I:<\/p>\n<p>Upper cover of&nbsp;<em>Oeuvres compl&egrave;tes<\/em>&nbsp;by Alexandre Dumas, engraved by Nanteuil. <em>Paris, Charpentier, 1834.<\/em><\/p>\n<p>&nbsp;<strong>&#8211;<\/strong> <strong>DUMAS, Alexandre. <\/strong>Henri III et sa cour; drame historique en cinq actes et en prose, deuxi&egrave;me &eacute;dition. <em>Paris, Vezard et Cie &amp; Le Normant p&egrave;re, 1829.<\/em> 171 pp.<\/p>\n<p>Inscribed on the half-title &quot;A mon ami Delanoue&quot;.<\/p>\n<p><strong>&#8211; DUMAS, Alexandre.<\/strong> Stockholm, Fontainebleau et Rome, trilogie dramatique sur la vie de Christine, cinq actes en vers avec prologue et &eacute;pilogue. <em>Paris, Barba, 1830.<\/em>&nbsp;3 nn.ll., lithographed folding frontipcie by Charles Raffet, 191 pp.<\/p>\n<p><em>Clouzot, 94 (&quot;Peu commun&quot; ).<\/em><\/p>\n<p>First edition, inscribed on the title &quot;A mon vieil ami Delanoue&quot;.<\/p>\n<p>Upper coner of pages 97 to 108 stained not affecting text<\/p>\n<p><strong>&#8211; DUMAS, Alexandre.<\/strong> Napol&eacute;on Bonaparte, ou trente ans de l&#039;histoire de France drame en six actes. <em>Paris, Chez Tournachon-Molin, 1831.<\/em> 3 ff.n.ch (faux-titre, titre, d&eacute;dicace), XVI pp., 219 pp.<\/p>\n<p>First edition.<\/p>\n<p>Some foxing.<\/p>\n<p>Volume II : <strong>DUMAS, Alexandre.<\/strong> Anthony, drame en cinq actes et en prose. <em>Paris, Auguste Auffray, 1831.<\/em> 4 ff.n.ch (faux-titre, titre, vers de Dumas), 106 pp., 1 f.n.ch ( post-scriptorium).&nbsp;<\/p>\n<p><em>Clouzot, 94 (&quot;assez rare et recherch&eacute;e).<\/em><\/p>\n<p>First edition.<\/p>\n<p><strong>&#8211; DUMAS, Alexandre. <\/strong>Charles VII chez ses grands vassaux, trag&eacute;die en cinq actes. <em>Paris, Charles Lemesle, 1831.<\/em> 3 nn.ll. (half-title, title, dedication). 120 pp.<\/p>\n<p>First edition.<\/p>\n<p>Errata glued on the verso of the title page.<\/p>\n<p>With two corrections, on page 9 : &quot;Le Nil au m&ecirc;me endroit que moi je le passai ;&#039; and&nbsp; page 113 : &quot;Dieu Il le peut donc ordonner si c&#039;est sa fantaisie &#8230;&quot;<\/p>\n<p><strong>&#8211; DUMAS, Alexandre. <\/strong>Teresa, drame en cinq actes et en prose. <em>Paris, Barba, 1832.<\/em>&nbsp;164 pp.<\/p>\n<p>First edition.<\/p>\n<p>Page 107 misnumbered 105. Some strains and foxing.<\/p>\n<p><strong>-DUMAS, Alexandre. <\/strong>Le Mari de la veuve, com&eacute;die en un acte et en prose. <em>Paris, Auguste Auffray, 1832.<\/em> 63 pp.<\/p>\n<p>First edition, inscribed on the verso of the title by Eug&egrave;ne Durieu (1800-1874), who co-signed this play with Dumas and Anicet Bourgeois: &quot;A mon bien bon ami Cordellier-Delaonue&quot;.<\/p>\n<p>These are therefore very probably copies assembled by Delanoue himself.<\/p>\n<p>Fine collection.<\/p>\n","protected":false},"excerpt":{"rendered":"<p>7 works bound in 2 volumes, 8vo (207 x 129 mm). Contemporary purple backed marbled boards by Meslart, flat spines gilt, speckled edges (some wear to hinges).<\/p>\n","protected":false},"featured_media":74486,"comment_status":"open","ping_status":"closed","template":"","meta":{"_acf_changed":false},"product_brand":[],"product_cat":[544],"product_tag":[598,1264,1255],"class_list":{"0":"post-74489","1":"product","2":"type-product","3":"status-publish","4":"has-post-thumbnail","6":"product_cat-literature","7":"product_tag-19th-century-literature","8":"product_tag-inscription","9":"product_tag-theatre-dance","10":"pa_auteur-dumas-alexandre-2","11":"pa_type-de-livre-printed-book","13":"first","14":"outofstock","15":"shipping-taxable","16":"purchasable","17":"product-type-simple"},"acf":{"artist":" Alexandre DUMAS","chapeau":"A private collection inscribed by the author","adresse_bibliographique":"Paris, V\u00e9zard, Barba, Tournachon-Molin et al., 1829","book_type":"Printed book","provenance":"","afficher_prix":""},"yoast_head":"<!-- This site is optimized with the Yoast SEO plugin v24.7 - https:\/\/yoast.com\/wordpress\/plugins\/seo\/ -->\n<title>DUMAS Alexandre Recueil de pi\u00e8ces de th\u00e9\u00e2tre. - Libairie Clavreuil<\/title>\n<meta name=\"robots\" content=\"index, follow, max-snippet:-1, max-image-preview:large, max-video-preview:-1\" \/>\n<link rel=\"canonical\" href=\"https:\/\/www.librairieclavreuil.com\/en\/dumas-alexandre-recueil-de-pieces-de-theatre\/\" \/>\n<meta property=\"og:locale\" content=\"en_US\" \/>\n<meta property=\"og:type\" content=\"article\" \/>\n<meta property=\"og:title\" content=\"DUMAS Alexandre Recueil de pi\u00e8ces de th\u00e9\u00e2tre. - Libairie Clavreuil\" \/>\n<meta property=\"og:description\" content=\"7 works bound in 2 volumes, 8vo (207 x 129 mm). Contemporary purple backed marbled boards by Meslart, flat spines gilt, speckled edges (some wear to hinges).\" \/>\n<meta property=\"og:url\" content=\"https:\/\/www.librairieclavreuil.com\/en\/dumas-alexandre-recueil-de-pieces-de-theatre\/\" \/>\n<meta property=\"og:site_name\" content=\"Libairie Clavreuil\" \/>\n<meta property=\"article:modified_time\" content=\"2024-05-23T19:16:09+00:00\" \/>\n<meta property=\"og:image\" content=\"https:\/\/www.librairieclavreuil.com\/wp-content\/uploads\/2024\/04\/alexandre-dumas-recueil-de-pieces-de-theatre-8425-65bbd881ddcce-scaled.jpg\" \/>\n\t<meta property=\"og:image:width\" content=\"1660\" \/>\n\t<meta property=\"og:image:height\" content=\"2560\" \/>\n\t<meta property=\"og:image:type\" content=\"image\/jpeg\" \/>\n<meta name=\"twitter:card\" content=\"summary_large_image\" \/>\n<meta name=\"twitter:label1\" content=\"Est. reading time\" \/>\n\t<meta name=\"twitter:data1\" content=\"2 minutes\" \/>\n<script type=\"application\/ld+json\" class=\"yoast-schema-graph\">{\"@context\":\"https:\/\/schema.org\",\"@graph\":[{\"@type\":\"WebPage\",\"@id\":\"https:\/\/www.librairieclavreuil.com\/en\/dumas-alexandre-recueil-de-pieces-de-theatre\/\",\"url\":\"https:\/\/www.librairieclavreuil.com\/en\/dumas-alexandre-recueil-de-pieces-de-theatre\/\",\"name\":\"DUMAS Alexandre Recueil de pi\u00e8ces de th\u00e9\u00e2tre. - Libairie Clavreuil\",\"isPartOf\":{\"@id\":\"https:\/\/www.librairieclavreuil.com\/#website\"},\"primaryImageOfPage\":{\"@id\":\"https:\/\/www.librairieclavreuil.com\/en\/dumas-alexandre-recueil-de-pieces-de-theatre\/#primaryimage\"},\"image\":{\"@id\":\"https:\/\/www.librairieclavreuil.com\/en\/dumas-alexandre-recueil-de-pieces-de-theatre\/#primaryimage\"},\"thumbnailUrl\":\"https:\/\/www.librairieclavreuil.com\/wp-content\/uploads\/2024\/04\/alexandre-dumas-recueil-de-pieces-de-theatre-8425-65bbd881ddcce-scaled.jpg\",\"datePublished\":\"2024-04-23T14:35:04+00:00\",\"dateModified\":\"2024-05-23T19:16:09+00:00\",\"breadcrumb\":{\"@id\":\"https:\/\/www.librairieclavreuil.com\/en\/dumas-alexandre-recueil-de-pieces-de-theatre\/#breadcrumb\"},\"inLanguage\":\"en-US\",\"potentialAction\":[{\"@type\":\"ReadAction\",\"target\":[\"https:\/\/www.librairieclavreuil.com\/en\/dumas-alexandre-recueil-de-pieces-de-theatre\/\"]}]},{\"@type\":\"ImageObject\",\"inLanguage\":\"en-US\",\"@id\":\"https:\/\/www.librairieclavreuil.com\/en\/dumas-alexandre-recueil-de-pieces-de-theatre\/#primaryimage\",\"url\":\"https:\/\/www.librairieclavreuil.com\/wp-content\/uploads\/2024\/04\/alexandre-dumas-recueil-de-pieces-de-theatre-8425-65bbd881ddcce-scaled.jpg\",\"contentUrl\":\"https:\/\/www.librairieclavreuil.com\/wp-content\/uploads\/2024\/04\/alexandre-dumas-recueil-de-pieces-de-theatre-8425-65bbd881ddcce-scaled.jpg\",\"width\":1660,\"height\":2560},{\"@type\":\"BreadcrumbList\",\"@id\":\"https:\/\/www.librairieclavreuil.com\/en\/dumas-alexandre-recueil-de-pieces-de-theatre\/#breadcrumb\",\"itemListElement\":[{\"@type\":\"ListItem\",\"position\":1,\"name\":\"Accueil\",\"item\":\"https:\/\/www.librairieclavreuil.com\/\"},{\"@type\":\"ListItem\",\"position\":2,\"name\":\"All our books\",\"item\":\"https:\/\/www.librairieclavreuil.com\/en\/all-our-books\/\"},{\"@type\":\"ListItem\",\"position\":3,\"name\":\"DUMAS Alexandre Recueil de pi\u00e8ces de th\u00e9\u00e2tre.\"}]},{\"@type\":\"WebSite\",\"@id\":\"https:\/\/www.librairieclavreuil.com\/#website\",\"url\":\"https:\/\/www.librairieclavreuil.com\/\",\"name\":\"Libairie Clavreuil\",\"description\":\"Livres anciens, manuscrits rares et \u00e9ditions originales \u2013 Librairie Clavreuil\",\"publisher\":{\"@id\":\"https:\/\/www.librairieclavreuil.com\/#organization\"},\"potentialAction\":[{\"@type\":\"SearchAction\",\"target\":{\"@type\":\"EntryPoint\",\"urlTemplate\":\"https:\/\/www.librairieclavreuil.com\/?s={search_term_string}\"},\"query-input\":{\"@type\":\"PropertyValueSpecification\",\"valueRequired\":true,\"valueName\":\"search_term_string\"}}],\"inLanguage\":\"en-US\"},{\"@type\":\"Organization\",\"@id\":\"https:\/\/www.librairieclavreuil.com\/#organization\",\"name\":\"Libairie Clavreuil\",\"url\":\"https:\/\/www.librairieclavreuil.com\/\",\"logo\":{\"@type\":\"ImageObject\",\"inLanguage\":\"en-US\",\"@id\":\"https:\/\/www.librairieclavreuil.com\/#\/schema\/logo\/image\/\",\"url\":\"https:\/\/www.librairieclavreuil.com\/wp-content\/uploads\/2021\/06\/cropped-LOGO_PNG_DATE-_gold-512x512-1.png\",\"contentUrl\":\"https:\/\/www.librairieclavreuil.com\/wp-content\/uploads\/2021\/06\/cropped-LOGO_PNG_DATE-_gold-512x512-1.png\",\"width\":512,\"height\":512,\"caption\":\"Libairie Clavreuil\"},\"image\":{\"@id\":\"https:\/\/www.librairieclavreuil.com\/#\/schema\/logo\/image\/\"},\"sameAs\":[\"https:\/\/www.instagram.com\/librairieclavreuil\/\"]}]}<\/script>\n<!-- \/ Yoast SEO plugin. -->","yoast_head_json":{"title":"DUMAS Alexandre Recueil de pi\u00e8ces de th\u00e9\u00e2tre. - Libairie Clavreuil","robots":{"index":"index","follow":"follow","max-snippet":"max-snippet:-1","max-image-preview":"max-image-preview:large","max-video-preview":"max-video-preview:-1"},"canonical":"https:\/\/www.librairieclavreuil.com\/en\/dumas-alexandre-recueil-de-pieces-de-theatre\/","og_locale":"en_US","og_type":"article","og_title":"DUMAS Alexandre Recueil de pi\u00e8ces de th\u00e9\u00e2tre. - Libairie Clavreuil","og_description":"7 works bound in 2 volumes, 8vo (207 x 129 mm). Contemporary purple backed marbled boards by Meslart, flat spines gilt, speckled edges (some wear to hinges).","og_url":"https:\/\/www.librairieclavreuil.com\/en\/dumas-alexandre-recueil-de-pieces-de-theatre\/","og_site_name":"Libairie Clavreuil","article_modified_time":"2024-05-23T19:16:09+00:00","og_image":[{"width":1660,"height":2560,"url":"https:\/\/www.librairieclavreuil.com\/wp-content\/uploads\/2024\/04\/alexandre-dumas-recueil-de-pieces-de-theatre-8425-65bbd881ddcce-scaled.jpg","type":"image\/jpeg"}],"twitter_card":"summary_large_image","twitter_misc":{"Est. reading time":"2 minutes"},"schema":{"@context":"https:\/\/schema.org","@graph":[{"@type":"WebPage","@id":"https:\/\/www.librairieclavreuil.com\/en\/dumas-alexandre-recueil-de-pieces-de-theatre\/","url":"https:\/\/www.librairieclavreuil.com\/en\/dumas-alexandre-recueil-de-pieces-de-theatre\/","name":"DUMAS Alexandre Recueil de pi\u00e8ces de th\u00e9\u00e2tre. - Libairie Clavreuil","isPartOf":{"@id":"https:\/\/www.librairieclavreuil.com\/#website"},"primaryImageOfPage":{"@id":"https:\/\/www.librairieclavreuil.com\/en\/dumas-alexandre-recueil-de-pieces-de-theatre\/#primaryimage"},"image":{"@id":"https:\/\/www.librairieclavreuil.com\/en\/dumas-alexandre-recueil-de-pieces-de-theatre\/#primaryimage"},"thumbnailUrl":"https:\/\/www.librairieclavreuil.com\/wp-content\/uploads\/2024\/04\/alexandre-dumas-recueil-de-pieces-de-theatre-8425-65bbd881ddcce-scaled.jpg","datePublished":"2024-04-23T14:35:04+00:00","dateModified":"2024-05-23T19:16:09+00:00","breadcrumb":{"@id":"https:\/\/www.librairieclavreuil.com\/en\/dumas-alexandre-recueil-de-pieces-de-theatre\/#breadcrumb"},"inLanguage":"en-US","potentialAction":[{"@type":"ReadAction","target":["https:\/\/www.librairieclavreuil.com\/en\/dumas-alexandre-recueil-de-pieces-de-theatre\/"]}]},{"@type":"ImageObject","inLanguage":"en-US","@id":"https:\/\/www.librairieclavreuil.com\/en\/dumas-alexandre-recueil-de-pieces-de-theatre\/#primaryimage","url":"https:\/\/www.librairieclavreuil.com\/wp-content\/uploads\/2024\/04\/alexandre-dumas-recueil-de-pieces-de-theatre-8425-65bbd881ddcce-scaled.jpg","contentUrl":"https:\/\/www.librairieclavreuil.com\/wp-content\/uploads\/2024\/04\/alexandre-dumas-recueil-de-pieces-de-theatre-8425-65bbd881ddcce-scaled.jpg","width":1660,"height":2560},{"@type":"BreadcrumbList","@id":"https:\/\/www.librairieclavreuil.com\/en\/dumas-alexandre-recueil-de-pieces-de-theatre\/#breadcrumb","itemListElement":[{"@type":"ListItem","position":1,"name":"Accueil","item":"https:\/\/www.librairieclavreuil.com\/"},{"@type":"ListItem","position":2,"name":"All our books","item":"https:\/\/www.librairieclavreuil.com\/en\/all-our-books\/"},{"@type":"ListItem","position":3,"name":"DUMAS Alexandre Recueil de pi\u00e8ces de th\u00e9\u00e2tre."}]},{"@type":"WebSite","@id":"https:\/\/www.librairieclavreuil.com\/#website","url":"https:\/\/www.librairieclavreuil.com\/","name":"Libairie Clavreuil","description":"Livres anciens, manuscrits rares et \u00e9ditions originales \u2013 Librairie Clavreuil","publisher":{"@id":"https:\/\/www.librairieclavreuil.com\/#organization"},"potentialAction":[{"@type":"SearchAction","target":{"@type":"EntryPoint","urlTemplate":"https:\/\/www.librairieclavreuil.com\/?s={search_term_string}"},"query-input":{"@type":"PropertyValueSpecification","valueRequired":true,"valueName":"search_term_string"}}],"inLanguage":"en-US"},{"@type":"Organization","@id":"https:\/\/www.librairieclavreuil.com\/#organization","name":"Libairie Clavreuil","url":"https:\/\/www.librairieclavreuil.com\/","logo":{"@type":"ImageObject","inLanguage":"en-US","@id":"https:\/\/www.librairieclavreuil.com\/#\/schema\/logo\/image\/","url":"https:\/\/www.librairieclavreuil.com\/wp-content\/uploads\/2021\/06\/cropped-LOGO_PNG_DATE-_gold-512x512-1.png","contentUrl":"https:\/\/www.librairieclavreuil.com\/wp-content\/uploads\/2021\/06\/cropped-LOGO_PNG_DATE-_gold-512x512-1.png","width":512,"height":512,"caption":"Libairie Clavreuil"},"image":{"@id":"https:\/\/www.librairieclavreuil.com\/#\/schema\/logo\/image\/"},"sameAs":["https:\/\/www.instagram.com\/librairieclavreuil\/"]}]}},"jetpack_sharing_enabled":true,"_links":{"self":[{"href":"https:\/\/www.librairieclavreuil.com\/en\/wp-json\/wp\/v2\/product\/74489","targetHints":{"allow":["GET"]}}],"collection":[{"href":"https:\/\/www.librairieclavreuil.com\/en\/wp-json\/wp\/v2\/product"}],"about":[{"href":"https:\/\/www.librairieclavreuil.com\/en\/wp-json\/wp\/v2\/types\/product"}],"replies":[{"embeddable":true,"href":"https:\/\/www.librairieclavreuil.com\/en\/wp-json\/wp\/v2\/comments?post=74489"}],"wp:featuredmedia":[{"embeddable":true,"href":"https:\/\/www.librairieclavreuil.com\/en\/wp-json\/wp\/v2\/media\/74486"}],"wp:attachment":[{"href":"https:\/\/www.librairieclavreuil.com\/en\/wp-json\/wp\/v2\/media?parent=74489"}],"wp:term":[{"taxonomy":"product_brand","embeddable":true,"href":"https:\/\/www.librairieclavreuil.com\/en\/wp-json\/wp\/v2\/product_brand?post=74489"},{"taxonomy":"product_cat","embeddable":true,"href":"https:\/\/www.librairieclavreuil.com\/en\/wp-json\/wp\/v2\/product_cat?post=74489"},{"taxonomy":"product_tag","embeddable":true,"href":"https:\/\/www.librairieclavreuil.com\/en\/wp-json\/wp\/v2\/product_tag?post=74489"}],"curies":[{"name":"wp","href":"https:\/\/api.w.org\/{rel}","templated":true}]}}