{"id":73964,"date":"2024-04-20T13:09:52","date_gmt":"2024-04-20T11:09:52","guid":{"rendered":"https:\/\/clavreuil-wordpress.logiciel-arteo.fr\/oeuvres-jean-de-la-fontaine\/"},"modified":"2024-07-17T18:23:14","modified_gmt":"2024-07-17T16:23:14","slug":"oeuvres-jean-de-la-fontaine","status":"publish","type":"product","link":"https:\/\/www.librairieclavreuil.com\/en\/oeuvres-jean-de-la-fontaine\/","title":{"rendered":"LA FONTAINE Jean de Oeuvres."},"content":{"rendered":"<p style=\"text-align:justify\"><i>Brunet, III, 748; Rochambeau, Fables, n\u00b0 178 (only vol. I of the Fables), Contes, n\u00b0 113 (part I of Contes only), Th\u00e9\u00e2tre, n\u00b0 28; Oeuvres diverses, n\u00b0 61; Oeuvres compl\u00e8tes, n\u00b0 3 (citing only a 5 volume edition with a different collation).<\/i><\/p>\n<p style=\"text-align:justify\">Intriguing and rare edition, printed in a new technique, the so-called &#8216;stereotype&#8217; process.<\/p>\n<p style=\"text-align:justify\">Rochambeau does not mention the complete series.<\/p>\n<p style=\"text-align:justify\">It contains : Fables (4 volumes); Contes (2 volumes); Psych\u00e9 (1 volume); Oeuvres diverses (2 parts in one volume); Th\u00e9\u00e2tre (1 volume); and an additional volume with the <i>Oeuvres diverses<\/i>&nbsp;in a near identical binding.<\/p>\n<p>An exceptional, unique, copy illustrated with 646 hors texte engravings, including: &#8211; The suite of 274 figures, drawn by Vivier and engraved by Simon &amp; Coiny for the 1787 edition of the Fables, in an issue before the numbers. &#8211; The suite of figures by Eisen and culs-de-lampe by Choffard in first issue, for the <i>Fermiers g\u00e9n\u00e9raux<\/i> edition, to which are added 17 of the refused plates. &#8211; The suite including the portrait and 8 figures by Moreau le Jeune, in two states, (before the letter and coloured proofs) for the <i>Amours de Psych\u00e9 et Cupidon<\/i>. &#8211; And numerous other additional plates (engravings after Marillier, portraits of La Fontaine, Louis XIV, Turenne, Mme de S\u00e9vign\u00e9, Racine, etc.). Engraved vignettes have been pasted at the time on each of the title pages, covering the original fleuron.<\/p>\n<p>A superb copy in a delightful and highly decorative binding by Boz\u00e9rian.<\/p>\n<p>Some foxing, the coloured proofs in volume VII are slightly oxidised. The binding of volume X is not signed, but differs from that of the other volumes only in the frame on which ivy leaves replace the vine leaves.<\/p>\n","protected":false},"excerpt":{"rendered":"<p>10 volumes, 8vo (163 x 101 mm). Dark blue long grained morocco, covers finely gilt, spine with slightly raised bands nicely gilt with gilt vines, inner covers and enpapers in pink silk, gilt edges.<\/p>\n","protected":false},"featured_media":73951,"comment_status":"open","ping_status":"closed","template":"","meta":{"_acf_changed":false},"product_brand":[],"product_cat":[530],"product_tag":[604,598,1267,1236,1268],"class_list":{"0":"post-73964","1":"product","2":"type-product","3":"status-publish","4":"has-post-thumbnail","6":"product_cat-binding","7":"product_tag-19th-century-illustrations","8":"product_tag-19th-century-literature","9":"product_tag-binding","10":"product_tag-illustrations-2","11":"product_tag-modern","12":"pa_auteur-la-fontaine-jean-de-2","13":"pa_type-de-livre-printed-book","15":"first","16":"instock","17":"shipping-taxable","18":"purchasable","19":"product-type-simple"},"acf":{"artist":"Jean de LA FONTAINE","chapeau":"Exquisitely bound by Boz\u00e9rian","adresse_bibliographique":"Paris, Chez Antoine-Augustin Renouard , 1803-1804","book_type":"Printed book","provenance":"","afficher_prix":""},"yoast_head":"<!-- This site is optimized with the Yoast SEO plugin v24.7 - https:\/\/yoast.com\/wordpress\/plugins\/seo\/ -->\n<title>LA FONTAINE Jean de Oeuvres. - Libairie Clavreuil<\/title>\n<meta name=\"robots\" content=\"index, follow, max-snippet:-1, max-image-preview:large, max-video-preview:-1\" \/>\n<link rel=\"canonical\" href=\"https:\/\/www.librairieclavreuil.com\/produit\/oeuvres-jean-de-la-fontaine\/\" \/>\n<meta property=\"og:locale\" content=\"en_US\" \/>\n<meta property=\"og:type\" content=\"article\" \/>\n<meta property=\"og:title\" content=\"LA FONTAINE Jean de Oeuvres. - Libairie Clavreuil\" \/>\n<meta property=\"og:description\" content=\"10 volumes, 8vo (163 x 101 mm). Dark blue long grained morocco, covers finely gilt, spine with slightly raised bands nicely gilt with gilt vines, inner covers and enpapers in pink silk, gilt edges.\" \/>\n<meta property=\"og:url\" content=\"https:\/\/www.librairieclavreuil.com\/produit\/oeuvres-jean-de-la-fontaine\/\" \/>\n<meta property=\"og:site_name\" content=\"Libairie Clavreuil\" \/>\n<meta property=\"article:modified_time\" content=\"2024-07-17T16:23:14+00:00\" \/>\n<meta property=\"og:image\" content=\"https:\/\/www.librairieclavreuil.com\/wp-content\/uploads\/2024\/04\/jean-de-la-fontaine-oeuvres-2885-6623a07deeab5.jpg\" \/>\n\t<meta property=\"og:image:width\" content=\"1034\" \/>\n\t<meta property=\"og:image:height\" content=\"605\" \/>\n\t<meta property=\"og:image:type\" content=\"image\/jpeg\" \/>\n<meta name=\"twitter:card\" content=\"summary_large_image\" \/>\n<meta name=\"twitter:label1\" content=\"Est. reading time\" \/>\n\t<meta name=\"twitter:data1\" content=\"1 minute\" \/>\n<script type=\"application\/ld+json\" class=\"yoast-schema-graph\">{\"@context\":\"https:\/\/schema.org\",\"@graph\":[{\"@type\":\"WebPage\",\"@id\":\"https:\/\/www.librairieclavreuil.com\/produit\/oeuvres-jean-de-la-fontaine\/\",\"url\":\"https:\/\/www.librairieclavreuil.com\/produit\/oeuvres-jean-de-la-fontaine\/\",\"name\":\"LA FONTAINE Jean de Oeuvres. - Libairie Clavreuil\",\"isPartOf\":{\"@id\":\"https:\/\/www.librairieclavreuil.com\/#website\"},\"primaryImageOfPage\":{\"@id\":\"https:\/\/www.librairieclavreuil.com\/produit\/oeuvres-jean-de-la-fontaine\/#primaryimage\"},\"image\":{\"@id\":\"https:\/\/www.librairieclavreuil.com\/produit\/oeuvres-jean-de-la-fontaine\/#primaryimage\"},\"thumbnailUrl\":\"https:\/\/www.librairieclavreuil.com\/wp-content\/uploads\/2024\/04\/jean-de-la-fontaine-oeuvres-2885-6623a07deeab5.jpg\",\"datePublished\":\"2024-04-20T11:09:52+00:00\",\"dateModified\":\"2024-07-17T16:23:14+00:00\",\"breadcrumb\":{\"@id\":\"https:\/\/www.librairieclavreuil.com\/produit\/oeuvres-jean-de-la-fontaine\/#breadcrumb\"},\"inLanguage\":\"en-US\",\"potentialAction\":[{\"@type\":\"ReadAction\",\"target\":[\"https:\/\/www.librairieclavreuil.com\/produit\/oeuvres-jean-de-la-fontaine\/\"]}]},{\"@type\":\"ImageObject\",\"inLanguage\":\"en-US\",\"@id\":\"https:\/\/www.librairieclavreuil.com\/produit\/oeuvres-jean-de-la-fontaine\/#primaryimage\",\"url\":\"https:\/\/www.librairieclavreuil.com\/wp-content\/uploads\/2024\/04\/jean-de-la-fontaine-oeuvres-2885-6623a07deeab5.jpg\",\"contentUrl\":\"https:\/\/www.librairieclavreuil.com\/wp-content\/uploads\/2024\/04\/jean-de-la-fontaine-oeuvres-2885-6623a07deeab5.jpg\",\"width\":1034,\"height\":605},{\"@type\":\"BreadcrumbList\",\"@id\":\"https:\/\/www.librairieclavreuil.com\/produit\/oeuvres-jean-de-la-fontaine\/#breadcrumb\",\"itemListElement\":[{\"@type\":\"ListItem\",\"position\":1,\"name\":\"Accueil\",\"item\":\"https:\/\/www.librairieclavreuil.com\/\"},{\"@type\":\"ListItem\",\"position\":2,\"name\":\"All our books\",\"item\":\"https:\/\/www.librairieclavreuil.com\/en\/all-our-books\/\"},{\"@type\":\"ListItem\",\"position\":3,\"name\":\"LA FONTAINE Jean de Oeuvres.\"}]},{\"@type\":\"WebSite\",\"@id\":\"https:\/\/www.librairieclavreuil.com\/#website\",\"url\":\"https:\/\/www.librairieclavreuil.com\/\",\"name\":\"Libairie Clavreuil\",\"description\":\"Livres anciens, manuscrits rares et \u00e9ditions originales \u2013 Librairie Clavreuil\",\"publisher\":{\"@id\":\"https:\/\/www.librairieclavreuil.com\/#organization\"},\"potentialAction\":[{\"@type\":\"SearchAction\",\"target\":{\"@type\":\"EntryPoint\",\"urlTemplate\":\"https:\/\/www.librairieclavreuil.com\/?s={search_term_string}\"},\"query-input\":{\"@type\":\"PropertyValueSpecification\",\"valueRequired\":true,\"valueName\":\"search_term_string\"}}],\"inLanguage\":\"en-US\"},{\"@type\":\"Organization\",\"@id\":\"https:\/\/www.librairieclavreuil.com\/#organization\",\"name\":\"Libairie Clavreuil\",\"url\":\"https:\/\/www.librairieclavreuil.com\/\",\"logo\":{\"@type\":\"ImageObject\",\"inLanguage\":\"en-US\",\"@id\":\"https:\/\/www.librairieclavreuil.com\/#\/schema\/logo\/image\/\",\"url\":\"https:\/\/www.librairieclavreuil.com\/wp-content\/uploads\/2021\/06\/cropped-LOGO_PNG_DATE-_gold-512x512-1.png\",\"contentUrl\":\"https:\/\/www.librairieclavreuil.com\/wp-content\/uploads\/2021\/06\/cropped-LOGO_PNG_DATE-_gold-512x512-1.png\",\"width\":512,\"height\":512,\"caption\":\"Libairie Clavreuil\"},\"image\":{\"@id\":\"https:\/\/www.librairieclavreuil.com\/#\/schema\/logo\/image\/\"},\"sameAs\":[\"https:\/\/www.instagram.com\/librairieclavreuil\/\"]}]}<\/script>\n<!-- \/ Yoast SEO plugin. -->","yoast_head_json":{"title":"LA FONTAINE Jean de Oeuvres. - Libairie Clavreuil","robots":{"index":"index","follow":"follow","max-snippet":"max-snippet:-1","max-image-preview":"max-image-preview:large","max-video-preview":"max-video-preview:-1"},"canonical":"https:\/\/www.librairieclavreuil.com\/produit\/oeuvres-jean-de-la-fontaine\/","og_locale":"en_US","og_type":"article","og_title":"LA FONTAINE Jean de Oeuvres. - Libairie Clavreuil","og_description":"10 volumes, 8vo (163 x 101 mm). Dark blue long grained morocco, covers finely gilt, spine with slightly raised bands nicely gilt with gilt vines, inner covers and enpapers in pink silk, gilt edges.","og_url":"https:\/\/www.librairieclavreuil.com\/produit\/oeuvres-jean-de-la-fontaine\/","og_site_name":"Libairie Clavreuil","article_modified_time":"2024-07-17T16:23:14+00:00","og_image":[{"width":1034,"height":605,"url":"https:\/\/www.librairieclavreuil.com\/wp-content\/uploads\/2024\/04\/jean-de-la-fontaine-oeuvres-2885-6623a07deeab5.jpg","type":"image\/jpeg"}],"twitter_card":"summary_large_image","twitter_misc":{"Est. reading time":"1 minute"},"schema":{"@context":"https:\/\/schema.org","@graph":[{"@type":"WebPage","@id":"https:\/\/www.librairieclavreuil.com\/produit\/oeuvres-jean-de-la-fontaine\/","url":"https:\/\/www.librairieclavreuil.com\/produit\/oeuvres-jean-de-la-fontaine\/","name":"LA FONTAINE Jean de Oeuvres. - Libairie Clavreuil","isPartOf":{"@id":"https:\/\/www.librairieclavreuil.com\/#website"},"primaryImageOfPage":{"@id":"https:\/\/www.librairieclavreuil.com\/produit\/oeuvres-jean-de-la-fontaine\/#primaryimage"},"image":{"@id":"https:\/\/www.librairieclavreuil.com\/produit\/oeuvres-jean-de-la-fontaine\/#primaryimage"},"thumbnailUrl":"https:\/\/www.librairieclavreuil.com\/wp-content\/uploads\/2024\/04\/jean-de-la-fontaine-oeuvres-2885-6623a07deeab5.jpg","datePublished":"2024-04-20T11:09:52+00:00","dateModified":"2024-07-17T16:23:14+00:00","breadcrumb":{"@id":"https:\/\/www.librairieclavreuil.com\/produit\/oeuvres-jean-de-la-fontaine\/#breadcrumb"},"inLanguage":"en-US","potentialAction":[{"@type":"ReadAction","target":["https:\/\/www.librairieclavreuil.com\/produit\/oeuvres-jean-de-la-fontaine\/"]}]},{"@type":"ImageObject","inLanguage":"en-US","@id":"https:\/\/www.librairieclavreuil.com\/produit\/oeuvres-jean-de-la-fontaine\/#primaryimage","url":"https:\/\/www.librairieclavreuil.com\/wp-content\/uploads\/2024\/04\/jean-de-la-fontaine-oeuvres-2885-6623a07deeab5.jpg","contentUrl":"https:\/\/www.librairieclavreuil.com\/wp-content\/uploads\/2024\/04\/jean-de-la-fontaine-oeuvres-2885-6623a07deeab5.jpg","width":1034,"height":605},{"@type":"BreadcrumbList","@id":"https:\/\/www.librairieclavreuil.com\/produit\/oeuvres-jean-de-la-fontaine\/#breadcrumb","itemListElement":[{"@type":"ListItem","position":1,"name":"Accueil","item":"https:\/\/www.librairieclavreuil.com\/"},{"@type":"ListItem","position":2,"name":"All our books","item":"https:\/\/www.librairieclavreuil.com\/en\/all-our-books\/"},{"@type":"ListItem","position":3,"name":"LA FONTAINE Jean de Oeuvres."}]},{"@type":"WebSite","@id":"https:\/\/www.librairieclavreuil.com\/#website","url":"https:\/\/www.librairieclavreuil.com\/","name":"Libairie Clavreuil","description":"Livres anciens, manuscrits rares et \u00e9ditions originales \u2013 Librairie Clavreuil","publisher":{"@id":"https:\/\/www.librairieclavreuil.com\/#organization"},"potentialAction":[{"@type":"SearchAction","target":{"@type":"EntryPoint","urlTemplate":"https:\/\/www.librairieclavreuil.com\/?s={search_term_string}"},"query-input":{"@type":"PropertyValueSpecification","valueRequired":true,"valueName":"search_term_string"}}],"inLanguage":"en-US"},{"@type":"Organization","@id":"https:\/\/www.librairieclavreuil.com\/#organization","name":"Libairie Clavreuil","url":"https:\/\/www.librairieclavreuil.com\/","logo":{"@type":"ImageObject","inLanguage":"en-US","@id":"https:\/\/www.librairieclavreuil.com\/#\/schema\/logo\/image\/","url":"https:\/\/www.librairieclavreuil.com\/wp-content\/uploads\/2021\/06\/cropped-LOGO_PNG_DATE-_gold-512x512-1.png","contentUrl":"https:\/\/www.librairieclavreuil.com\/wp-content\/uploads\/2021\/06\/cropped-LOGO_PNG_DATE-_gold-512x512-1.png","width":512,"height":512,"caption":"Libairie Clavreuil"},"image":{"@id":"https:\/\/www.librairieclavreuil.com\/#\/schema\/logo\/image\/"},"sameAs":["https:\/\/www.instagram.com\/librairieclavreuil\/"]}]}},"jetpack_sharing_enabled":true,"_links":{"self":[{"href":"https:\/\/www.librairieclavreuil.com\/en\/wp-json\/wp\/v2\/product\/73964","targetHints":{"allow":["GET"]}}],"collection":[{"href":"https:\/\/www.librairieclavreuil.com\/en\/wp-json\/wp\/v2\/product"}],"about":[{"href":"https:\/\/www.librairieclavreuil.com\/en\/wp-json\/wp\/v2\/types\/product"}],"replies":[{"embeddable":true,"href":"https:\/\/www.librairieclavreuil.com\/en\/wp-json\/wp\/v2\/comments?post=73964"}],"wp:featuredmedia":[{"embeddable":true,"href":"https:\/\/www.librairieclavreuil.com\/en\/wp-json\/wp\/v2\/media\/73951"}],"wp:attachment":[{"href":"https:\/\/www.librairieclavreuil.com\/en\/wp-json\/wp\/v2\/media?parent=73964"}],"wp:term":[{"taxonomy":"product_brand","embeddable":true,"href":"https:\/\/www.librairieclavreuil.com\/en\/wp-json\/wp\/v2\/product_brand?post=73964"},{"taxonomy":"product_cat","embeddable":true,"href":"https:\/\/www.librairieclavreuil.com\/en\/wp-json\/wp\/v2\/product_cat?post=73964"},{"taxonomy":"product_tag","embeddable":true,"href":"https:\/\/www.librairieclavreuil.com\/en\/wp-json\/wp\/v2\/product_tag?post=73964"}],"curies":[{"name":"wp","href":"https:\/\/api.w.org\/{rel}","templated":true}]}}